{"id":17160,"date":"2024-03-01T17:00:19","date_gmt":"2024-03-01T16:00:19","guid":{"rendered":"https:\/\/u15jnbdpoq.preview.infomaniak.website\/produit\/regeneriersalz-in-bloecken-geschirrspueler-5-kg-orlav\/"},"modified":"2026-04-03T02:10:19","modified_gmt":"2026-04-03T00:10:19","slug":"regeneriersalz-in-bloecken-geschirrspueler-5-kg-orlav","status":"publish","type":"product","link":"https:\/\/www.csj-emballages.com\/de\/produit\/regeneriersalz-in-bloecken-geschirrspueler-5-kg-orlav\/","title":{"rendered":"Regeneriersalz in Bl\u00f6cken Geschirrsp\u00fcler 5 kg ORLAV"},"content":{"rendered":"<h2 class=\"p1\">Regeneriersalz<\/h2>\n<hr>\n<h3>Beschreibung von unserem Regeneriersalz in Bl\u00f6cken Geschirrsp\u00fcler 5 kg ORLAV<\/h3>\n<p><!--more--><\/p>\n<p class=\"\" data-start=\"100\" data-end=\"537\">Dieses <strong>Regeneriersalz<\/strong> in <strong data-start=\"248\" data-end=\"271\">5-kg-Bl\u00f6cken von ORLAV<\/strong> ist eine leistungsstarke und dauerhafte L\u00f6sung, um Ihre <strong>Sp\u00fclmaschine<\/strong> zu sch\u00fctzen und ihre Ergebnisse zu optimieren. Es wurde f\u00fcr professionelle Gastronomen, \u00f6ffentliche Einrichtungen und Privatpersonen entwickelt, die ein makelloses <strong>Geschirr<\/strong> ben\u00f6tigen. Im Gegensatz zum klassischen <strong>Salz<\/strong> in K\u00f6rnern erm\u00f6glicht dieses Format in <strong data-start=\"433\" data-end=\"450\">festen Bl\u00f6cken<\/strong> eine langsame und kontrollierte Aufl\u00f6sung, die ideal f\u00fcr eine intensive und kontinuierliche Nutzung ist. <\/p>\n<p class=\"\" data-start=\"539\" data-end=\"924\">Es spielt eine wesentliche Rolle beim Entkalkungsprozess des in Ihrem <strong>Geschirrsp\u00fcler<\/strong> eingebauten Wasserenth\u00e4rters. Indem er den im Wasser enthaltenen Kalk neutralisiert, verhindert er die Bildung von Ablagerungen auf Geschirr, Gl\u00e4sern, Besteck oder den Innenw\u00e4nden der Maschine. Das Ergebnis: ein effektiveres Sp\u00fclen, mehr Glanz und eine l\u00e4ngere Lebensdauer Ihrer Ger\u00e4te.  <\/p>\n<p class=\"\" data-start=\"926\" data-end=\"1245\">Die <strong>5-kg-Verpackung<\/strong> ist einfach zu handhaben und zu lagern und macht es zu einer kosteng\u00fcnstigen Wahl, insbesondere in professionellen Umgebungen mit hoher Waschfrequenz. Die <strong>Blockgr\u00f6\u00dfe<\/strong> reduziert au\u00dferdem die Handhabung und das h\u00e4ufige Nachf\u00fcllen, w\u00e4hrend sie gleichzeitig eine konstante Salzverteilung im System gew\u00e4hrleistet. <\/p>\n<p class=\"\" data-start=\"1247\" data-end=\"1504\">Das <strong data-start=\"1250\" data-end=\"1274\">ORLAV-Regeneriersalz<\/strong> ist mit den meisten gewerblichen und privaten <strong>Geschirrsp\u00fclern<\/strong> mit Wasserenth\u00e4rter kompatibel. Es ist ein zuverl\u00e4ssiges Produkt von professioneller Qualit\u00e4t, das sich perfekt in eine regelm\u00e4\u00dfige Pflegeroutine einf\u00fcgt. <\/p>\n<p class=\"\" data-start=\"1302\" data-end=\"1517\"><!--more--><\/p>\n<p><strong>Ihre Vorteile :<\/strong><\/p>\n<ul>\n<li>Verl\u00e4ngert die Lebensdauer des Geschirrsp\u00fclers.<\/li>\n<li>Blockformat: weniger Nachf\u00fcllungen, mehr Komfort.<\/li>\n<li>Verbessert den Glanz und die Sauberkeit des Geschirrs.<\/li>\n<li>Verhindert Kalkablagerungen.<\/li>\n<\/ul>\n<p>&nbsp;<\/p>\n<p><!--more--><\/p>\n<p><strong>Weitere Informationen :  <\/strong><\/p>\n<ul>\n<li><strong>Verpackung<\/strong>: Einzeln<\/li>\n<li><strong>Volumen <\/strong>: 5kg<\/li>\n<li><strong>Verwendung<\/strong>: Regeneriersalz<\/li>\n<\/ul>\n<p>&nbsp;<\/p>\n<p><!--more--><\/p>\n<p>Im ORLAV-Sortiment finden Sie auch unsere Glaswaschfl\u00fcssigkeit 1 L Dosierspender aus dem ORLAV-Sortiment : <span style=\"color: #d12727;\"><a style=\"color: #d12727;\" href=\"https:\/\/www.csj-emballages.com\/de\/produit\/glaswaschmittel-1-l-dosierer-orlav\/\">16821<\/a><\/span><\/p>\n<p>&nbsp;<\/p>\n<p><!--more--><\/p>\n<p><a href=\"https:\/\/www.csj-emballages.com\/de\/categorie-produit\/hygiene-und-pflege\/pflegeprodukte\/geschirrpflege\/geschirrspuler\/\">Sehen Sie sich den Rest unseres Sortiments an Pflegeprodukten f\u00fcr Geschirrsp\u00fcler an.<\/a><\/p>\n","protected":false},"excerpt":{"rendered":"<p>Regeneriersalz Beschreibung von unserem Regeneriersalz in Bl\u00f6cken Geschirrsp\u00fcler 5 kg ORLAV<\/p>\n","protected":false},"featured_media":233348,"template":"","meta":{"_acf_changed":false},"product_brand":[],"product_cat":[1218,1219,1220,1376],"product_tag":[],"class_list":{"0":"post-17160","1":"product","2":"type-product","3":"status-publish","4":"has-post-thumbnail","6":"product_cat-hygiene-und-pflege","7":"product_cat-pflegeprodukte","8":"product_cat-geschirrpflege","9":"product_cat-geschirrspuler","10":"product_shipping_class-verboten-in-staffeln","12":"first","13":"instock","14":"taxable","15":"shipping-taxable","16":"purchasable","17":"product-type-simple"},"acf":[],"yoast_head":"<!-- This site is optimized with the Yoast SEO Premium plugin v26.6 (Yoast SEO v26.6) - https:\/\/yoast.com\/wordpress\/plugins\/seo\/ -->\n<title>Regeneriersalz in Bl\u00f6cken Geschirrsp\u00fclmaschine 5 kg ORLAV<\/title>\n<meta name=\"description\" content=\"Regeneriersalz in Bl\u00f6cken 5 kg ORLAV f\u00fcr Geschirrsp\u00fcler. Verhindert Kalkablagerungen, verl\u00e4ngert die Lebensdauer des Ger\u00e4ts und sorgt f\u00fcr strahlendes Geschirr.\" \/>\n<meta name=\"robots\" content=\"index, follow, max-snippet:-1, max-image-preview:large, max-video-preview:-1\" \/>\n<link rel=\"canonical\" href=\"https:\/\/www.csj-emballages.com\/de\/produit\/regeneriersalz-in-bloecken-geschirrspueler-5-kg-orlav\/\" \/>\n<meta property=\"og:locale\" content=\"de_DE\" \/>\n<meta property=\"og:type\" content=\"article\" \/>\n<meta property=\"og:title\" content=\"Regeneriersalz in Bl\u00f6cken Geschirrsp\u00fcler 5 kg ORLAV\" \/>\n<meta property=\"og:description\" content=\"Regeneriersalz in Bl\u00f6cken 5 kg ORLAV f\u00fcr Geschirrsp\u00fcler. Verhindert Kalkablagerungen, verl\u00e4ngert die Lebensdauer des Ger\u00e4ts und sorgt f\u00fcr strahlendes Geschirr.\" \/>\n<meta property=\"og:url\" content=\"https:\/\/www.csj-emballages.com\/de\/produit\/regeneriersalz-in-bloecken-geschirrspueler-5-kg-orlav\/\" \/>\n<meta property=\"og:site_name\" content=\"CSJ Emballages\" \/>\n<meta property=\"article:publisher\" content=\"https:\/\/www.facebook.com\/csjemballages\" \/>\n<meta property=\"article:modified_time\" content=\"2026-04-03T00:10:19+00:00\" \/>\n<meta property=\"og:image\" content=\"https:\/\/www.csj-emballages.com\/wp-content\/uploads\/2024\/03\/01295.webp\" \/>\n\t<meta property=\"og:image:width\" content=\"800\" \/>\n\t<meta property=\"og:image:height\" content=\"800\" \/>\n\t<meta property=\"og:image:type\" content=\"image\/webp\" \/>\n<meta name=\"twitter:card\" content=\"summary_large_image\" \/>\n<meta name=\"twitter:label1\" content=\"Gesch\u00e4tzte Lesezeit\" \/>\n\t<meta name=\"twitter:data1\" content=\"1\u00a0Minute\" \/>\n<script type=\"application\/ld+json\" class=\"yoast-schema-graph\">{\"@context\":\"https:\/\/schema.org\",\"@graph\":[{\"@type\":\"WebPage\",\"@id\":\"https:\/\/www.csj-emballages.com\/de\/produit\/regeneriersalz-in-bloecken-geschirrspueler-5-kg-orlav\/\",\"url\":\"https:\/\/www.csj-emballages.com\/de\/produit\/regeneriersalz-in-bloecken-geschirrspueler-5-kg-orlav\/\",\"name\":\"Regeneriersalz in Bl\u00f6cken Geschirrsp\u00fclmaschine 5 kg ORLAV\",\"isPartOf\":{\"@id\":\"https:\/\/www.csj-emballages.com\/de\/#website\"},\"primaryImageOfPage\":{\"@id\":\"https:\/\/www.csj-emballages.com\/de\/produit\/regeneriersalz-in-bloecken-geschirrspueler-5-kg-orlav\/#primaryimage\"},\"image\":{\"@id\":\"https:\/\/www.csj-emballages.com\/de\/produit\/regeneriersalz-in-bloecken-geschirrspueler-5-kg-orlav\/#primaryimage\"},\"thumbnailUrl\":\"https:\/\/www.csj-emballages.com\/wp-content\/uploads\/2024\/03\/01295.webp\",\"datePublished\":\"2024-03-01T16:00:19+00:00\",\"dateModified\":\"2026-04-03T00:10:19+00:00\",\"description\":\"Regeneriersalz in Bl\u00f6cken 5 kg ORLAV f\u00fcr Geschirrsp\u00fcler. Verhindert Kalkablagerungen, verl\u00e4ngert die Lebensdauer des Ger\u00e4ts und sorgt f\u00fcr strahlendes Geschirr.\",\"breadcrumb\":{\"@id\":\"https:\/\/www.csj-emballages.com\/de\/produit\/regeneriersalz-in-bloecken-geschirrspueler-5-kg-orlav\/#breadcrumb\"},\"inLanguage\":\"de\",\"potentialAction\":[{\"@type\":\"ReadAction\",\"target\":[\"https:\/\/www.csj-emballages.com\/de\/produit\/regeneriersalz-in-bloecken-geschirrspueler-5-kg-orlav\/\"]}]},{\"@type\":\"ImageObject\",\"inLanguage\":\"de\",\"@id\":\"https:\/\/www.csj-emballages.com\/de\/produit\/regeneriersalz-in-bloecken-geschirrspueler-5-kg-orlav\/#primaryimage\",\"url\":\"https:\/\/www.csj-emballages.com\/wp-content\/uploads\/2024\/03\/01295.webp\",\"contentUrl\":\"https:\/\/www.csj-emballages.com\/wp-content\/uploads\/2024\/03\/01295.webp\",\"width\":800,\"height\":800,\"caption\":\"Sel r\u00e9g\u00e9n\u00e9rant\u00a0\"},{\"@type\":\"BreadcrumbList\",\"@id\":\"https:\/\/www.csj-emballages.com\/de\/produit\/regeneriersalz-in-bloecken-geschirrspueler-5-kg-orlav\/#breadcrumb\",\"itemListElement\":[{\"@type\":\"ListItem\",\"position\":1,\"name\":\"Accueil\",\"item\":\"https:\/\/www.csj-emballages.com\/de\/universum-lebensmittelverpackungen\/\"},{\"@type\":\"ListItem\",\"position\":2,\"name\":\"Shop\",\"item\":\"https:\/\/www.csj-emballages.com\/shop\/\"},{\"@type\":\"ListItem\",\"position\":3,\"name\":\"Regeneriersalz in Bl\u00f6cken Geschirrsp\u00fcler 5 kg ORLAV\"}]},{\"@type\":\"WebSite\",\"@id\":\"https:\/\/www.csj-emballages.com\/de\/#website\",\"url\":\"https:\/\/www.csj-emballages.com\/de\/\",\"name\":\"CSJ Emballages\",\"description\":\"\",\"publisher\":{\"@id\":\"https:\/\/www.csj-emballages.com\/de\/#organization\"},\"potentialAction\":[{\"@type\":\"SearchAction\",\"target\":{\"@type\":\"EntryPoint\",\"urlTemplate\":\"https:\/\/www.csj-emballages.com\/de\/?s={search_term_string}\"},\"query-input\":{\"@type\":\"PropertyValueSpecification\",\"valueRequired\":true,\"valueName\":\"search_term_string\"}}],\"inLanguage\":\"de\"},{\"@type\":\"Organization\",\"@id\":\"https:\/\/www.csj-emballages.com\/de\/#Organization\/\",\"name\":\"CSJ Emballages\",\"url\":\"https:\/\/www.csj-emballages.com\/de\/\",\"logo\":{\"@type\":\"ImageObject\",\"inLanguage\":\"de\",\"@id\":\"https:\/\/www.csj-emballages.com\/de\/#\/schema\/logo\/image\/\",\"url\":\"https:\/\/www.csj-emballages.com\/wp-content\/uploads\/2023\/10\/logo_csj.webp\",\"contentUrl\":\"https:\/\/www.csj-emballages.com\/wp-content\/uploads\/2023\/10\/logo_csj.webp\",\"width\":250,\"height\":95,\"caption\":\"CSJ Emballages\"},\"image\":{\"@id\":\"https:\/\/www.csj-emballages.com\/de\/#\/schema\/logo\/image\/\"},\"sameAs\":[\"https:\/\/www.facebook.com\/csjemballages\"],\"address\":{\"@type\":\"PostalAddress\",\"streetAddress\":\"ZI La Lechere\",\"addressLocality\":\"Patornay\",\"postalCode\":\"39130\",\"addressCountry\":\"FR\"},\"contactPoint\":[{\"@type\":\"ContactPoint\",\"contactType\":\"Service client\",\"telephone\":\"0384254272\",\"email\":\"contact@csj-emballages.com\"}]}]}<\/script>\n<!-- \/ Yoast SEO Premium plugin. -->","yoast_head_json":{"title":"Regeneriersalz in Bl\u00f6cken Geschirrsp\u00fclmaschine 5 kg ORLAV","description":"Regeneriersalz in Bl\u00f6cken 5 kg ORLAV f\u00fcr Geschirrsp\u00fcler. Verhindert Kalkablagerungen, verl\u00e4ngert die Lebensdauer des Ger\u00e4ts und sorgt f\u00fcr strahlendes Geschirr.","robots":{"index":"index","follow":"follow","max-snippet":"max-snippet:-1","max-image-preview":"max-image-preview:large","max-video-preview":"max-video-preview:-1"},"canonical":"https:\/\/www.csj-emballages.com\/de\/produit\/regeneriersalz-in-bloecken-geschirrspueler-5-kg-orlav\/","og_locale":"de_DE","og_type":"article","og_title":"Regeneriersalz in Bl\u00f6cken Geschirrsp\u00fcler 5 kg ORLAV","og_description":"Regeneriersalz in Bl\u00f6cken 5 kg ORLAV f\u00fcr Geschirrsp\u00fcler. Verhindert Kalkablagerungen, verl\u00e4ngert die Lebensdauer des Ger\u00e4ts und sorgt f\u00fcr strahlendes Geschirr.","og_url":"https:\/\/www.csj-emballages.com\/de\/produit\/regeneriersalz-in-bloecken-geschirrspueler-5-kg-orlav\/","og_site_name":"CSJ Emballages","article_publisher":"https:\/\/www.facebook.com\/csjemballages","article_modified_time":"2026-04-03T00:10:19+00:00","og_image":[{"width":800,"height":800,"url":"https:\/\/www.csj-emballages.com\/wp-content\/uploads\/2024\/03\/01295.webp","type":"image\/webp"}],"twitter_card":"summary_large_image","twitter_misc":{"Gesch\u00e4tzte Lesezeit":"1\u00a0Minute"},"schema":{"@context":"https:\/\/schema.org","@graph":[{"@type":"WebPage","@id":"https:\/\/www.csj-emballages.com\/de\/produit\/regeneriersalz-in-bloecken-geschirrspueler-5-kg-orlav\/","url":"https:\/\/www.csj-emballages.com\/de\/produit\/regeneriersalz-in-bloecken-geschirrspueler-5-kg-orlav\/","name":"Regeneriersalz in Bl\u00f6cken Geschirrsp\u00fclmaschine 5 kg ORLAV","isPartOf":{"@id":"https:\/\/www.csj-emballages.com\/de\/#website"},"primaryImageOfPage":{"@id":"https:\/\/www.csj-emballages.com\/de\/produit\/regeneriersalz-in-bloecken-geschirrspueler-5-kg-orlav\/#primaryimage"},"image":{"@id":"https:\/\/www.csj-emballages.com\/de\/produit\/regeneriersalz-in-bloecken-geschirrspueler-5-kg-orlav\/#primaryimage"},"thumbnailUrl":"https:\/\/www.csj-emballages.com\/wp-content\/uploads\/2024\/03\/01295.webp","datePublished":"2024-03-01T16:00:19+00:00","dateModified":"2026-04-03T00:10:19+00:00","description":"Regeneriersalz in Bl\u00f6cken 5 kg ORLAV f\u00fcr Geschirrsp\u00fcler. Verhindert Kalkablagerungen, verl\u00e4ngert die Lebensdauer des Ger\u00e4ts und sorgt f\u00fcr strahlendes Geschirr.","breadcrumb":{"@id":"https:\/\/www.csj-emballages.com\/de\/produit\/regeneriersalz-in-bloecken-geschirrspueler-5-kg-orlav\/#breadcrumb"},"inLanguage":"de","potentialAction":[{"@type":"ReadAction","target":["https:\/\/www.csj-emballages.com\/de\/produit\/regeneriersalz-in-bloecken-geschirrspueler-5-kg-orlav\/"]}]},{"@type":"ImageObject","inLanguage":"de","@id":"https:\/\/www.csj-emballages.com\/de\/produit\/regeneriersalz-in-bloecken-geschirrspueler-5-kg-orlav\/#primaryimage","url":"https:\/\/www.csj-emballages.com\/wp-content\/uploads\/2024\/03\/01295.webp","contentUrl":"https:\/\/www.csj-emballages.com\/wp-content\/uploads\/2024\/03\/01295.webp","width":800,"height":800,"caption":"Sel r\u00e9g\u00e9n\u00e9rant\u00a0"},{"@type":"BreadcrumbList","@id":"https:\/\/www.csj-emballages.com\/de\/produit\/regeneriersalz-in-bloecken-geschirrspueler-5-kg-orlav\/#breadcrumb","itemListElement":[{"@type":"ListItem","position":1,"name":"Accueil","item":"https:\/\/www.csj-emballages.com\/de\/universum-lebensmittelverpackungen\/"},{"@type":"ListItem","position":2,"name":"Shop","item":"https:\/\/www.csj-emballages.com\/shop\/"},{"@type":"ListItem","position":3,"name":"Regeneriersalz in Bl\u00f6cken Geschirrsp\u00fcler 5 kg ORLAV"}]},{"@type":"WebSite","@id":"https:\/\/www.csj-emballages.com\/de\/#website","url":"https:\/\/www.csj-emballages.com\/de\/","name":"CSJ Emballages","description":"","publisher":{"@id":"https:\/\/www.csj-emballages.com\/de\/#organization"},"potentialAction":[{"@type":"SearchAction","target":{"@type":"EntryPoint","urlTemplate":"https:\/\/www.csj-emballages.com\/de\/?s={search_term_string}"},"query-input":{"@type":"PropertyValueSpecification","valueRequired":true,"valueName":"search_term_string"}}],"inLanguage":"de"},{"@type":"Organization","@id":"https:\/\/www.csj-emballages.com\/de\/#Organization\/","name":"CSJ Emballages","url":"https:\/\/www.csj-emballages.com\/de\/","logo":{"@type":"ImageObject","inLanguage":"de","@id":"https:\/\/www.csj-emballages.com\/de\/#\/schema\/logo\/image\/","url":"https:\/\/www.csj-emballages.com\/wp-content\/uploads\/2023\/10\/logo_csj.webp","contentUrl":"https:\/\/www.csj-emballages.com\/wp-content\/uploads\/2023\/10\/logo_csj.webp","width":250,"height":95,"caption":"CSJ Emballages"},"image":{"@id":"https:\/\/www.csj-emballages.com\/de\/#\/schema\/logo\/image\/"},"sameAs":["https:\/\/www.facebook.com\/csjemballages"],"address":{"@type":"PostalAddress","streetAddress":"ZI La Lechere","addressLocality":"Patornay","postalCode":"39130","addressCountry":"FR"},"contactPoint":[{"@type":"ContactPoint","contactType":"Service client","telephone":"0384254272","email":"contact@csj-emballages.com"}]}]}},"df_price":15.54,"df_sale_price":"","df_regular_price":15.54,"df_image_link":"https:\/\/www.csj-emballages.com\/wp-content\/uploads\/2024\/03\/01295-300x300.webp","tiered_pricing_type":"fixed","tiered_pricing_fixed_rules":[],"tiered_pricing_percentage_rules":[],"tiered_pricing_minimum":1,"tiered_pricing_roles_data":[],"_links":{"self":[{"href":"https:\/\/www.csj-emballages.com\/de\/wp-json\/wp\/v2\/product\/17160","targetHints":{"allow":["GET"]}}],"collection":[{"href":"https:\/\/www.csj-emballages.com\/de\/wp-json\/wp\/v2\/product"}],"about":[{"href":"https:\/\/www.csj-emballages.com\/de\/wp-json\/wp\/v2\/types\/product"}],"wp:featuredmedia":[{"embeddable":true,"href":"https:\/\/www.csj-emballages.com\/de\/wp-json\/wp\/v2\/media\/233348"}],"wp:attachment":[{"href":"https:\/\/www.csj-emballages.com\/de\/wp-json\/wp\/v2\/media?parent=17160"}],"wp:term":[{"taxonomy":"product_brand","embeddable":true,"href":"https:\/\/www.csj-emballages.com\/de\/wp-json\/wp\/v2\/product_brand?post=17160"},{"taxonomy":"product_cat","embeddable":true,"href":"https:\/\/www.csj-emballages.com\/de\/wp-json\/wp\/v2\/product_cat?post=17160"},{"taxonomy":"product_tag","embeddable":true,"href":"https:\/\/www.csj-emballages.com\/de\/wp-json\/wp\/v2\/product_tag?post=17160"}],"curies":[{"name":"wp","href":"https:\/\/api.w.org\/{rel}","templated":true}]}}