{"id":17159,"date":"2024-03-01T17:00:19","date_gmt":"2024-03-01T16:00:19","guid":{"rendered":"https:\/\/u15jnbdpoq.preview.infomaniak.website\/produit\/12-rollen-weisses-toilettenpapier-aus-watte-2-lagig-180-formate\/"},"modified":"2026-04-29T02:10:24","modified_gmt":"2026-04-29T00:10:24","slug":"12-rollen-weisses-toilettenpapier-aus-watte-2-lagig-180-formate","status":"publish","type":"product","link":"https:\/\/www.csj-emballages.com\/de\/produit\/12-rollen-weisses-toilettenpapier-aus-watte-2-lagig-180-formate\/","title":{"rendered":"Zellstoff-Toilettenpapierrolle, wei\u00df, 2-lagig, 180 Blatt, 12er-Pack"},"content":{"rendered":"<h2>Toilettenpapierrolle<\/h2>\n<hr>\n<h3>Beschreibung unserer Zellstoff-Toilettenpapierrolle, wei\u00df, 2-lagig, 180 Blatt, 12er-Pack<\/h3>\n<p><!--more--><\/p>\n<div class=\"flex max-w-full flex-col flex-grow\">\n<div class=\"min-h-8 text-message flex w-full flex-col items-end gap-2 whitespace-normal break-words text-start [.text-message+&amp;]:mt-5\" dir=\"auto\" data-message-author-role=\"assistant\" data-message-id=\"266ca6f3-5e07-4948-bd20-80ac5e6da4a5\" data-message-model-slug=\"gpt-4o\">\n<div class=\"flex w-full flex-col gap-1 empty:hidden first:pt-[3px]\">\n<div class=\"markdown prose w-full break-words dark:prose-invert dark\">\n<p data-start=\"223\" data-end=\"586\">Dieses <strong data-start=\"226\" data-end=\"269\">2-lagige Toilettenpapier aus wei\u00dfem Zellstoff<\/strong> ist f\u00fcr den komfortablen, einfachen und effizienten t\u00e4glichen Gebrauch konzipiert. Es ist weich im Griff und dennoch widerstandsf\u00e4hig, bietet eine gute Balance zwischen Komfort und Festigkeit, was es Tag f\u00fcr Tag angenehm in der Anwendung macht. Seine <strong data-start=\"489\" data-end=\"499\">2 Lagen<\/strong> sorgen f\u00fcr besseren Halt und verhindern, dass es bei Gebrauch zu leicht rei\u00dft.  <\/p>\n<p data-start=\"588\" data-end=\"939\">Mit seinen <strong data-start=\"597\" data-end=\"624\">180 Blatt pro Rolle<\/strong> erm\u00f6glicht es eine l\u00e4ngere Nutzung und reduziert zu h\u00e4ufige Wechsel. Dies ist ein echter Vorteil in stark frequentierten Umgebungen, wo der Komfort der Nutzer ebenso wichtig ist wie die Alltagstauglichkeit. Jedes Blatt l\u00e4sst sich leicht abrei\u00dfen, was eine bessere Dosierung erm\u00f6glicht und Abfall reduziert.  <\/p>\n<p data-start=\"941\" data-end=\"1230\">Dieses Toilettenpapier eignet sich hervorragend f\u00fcr <strong data-start=\"986\" data-end=\"1081\">Gemeinschaftseinrichtungen, B\u00fcros, Restaurants, Hotels, Schulen oder \u00f6ffentliche Gesundheitseinrichtungen<\/strong>, aber auch f\u00fcr den klassischen Gebrauch. Seine <strong data-start=\"1124\" data-end=\"1143\">wei\u00dfe Farbe<\/strong> vermittelt ein sauberes und gepflegtes Bild, im Einklang mit den aktuellen Hygieneanforderungen. <\/p>\n<p data-start=\"1232\" data-end=\"1468\">Verkauft <strong data-start=\"1238\" data-end=\"1264\">im 12er-Pack<\/strong>, bietet es eine praktische L\u00f6sung, um den regelm\u00e4\u00dfigen Bedarf zu decken, ohne die Lagerfl\u00e4chen zu \u00fcberlasten. So halten Sie einen ausreichenden Vorrat bereit, der sofort einsatzbereit ist, und behalten gleichzeitig Ihren Verbrauch im Griff. <\/p>\n<p data-start=\"1470\" data-end=\"1659\">Zusammenfassend ist dieses <strong>2-lagige Toilettenpapier aus wei\u00dfem Zellstoff<\/strong> ein zuverl\u00e4ssiges Must-have. Es bietet Komfort, Widerstandsf\u00e4higkeit und Einfachheit f\u00fcr einen sorgenfreien Einsatz in allen Umgebungen. <\/p>\n<h3><\/h3>\n<\/div>\n<\/div>\n<\/div>\n<\/div>\n<p><!--more--><\/p>\n<h4>Vorteile :<\/h4>\n<ul>\n<li data-start=\"1687\" data-end=\"1722\"><strong>Toilettenpapier<\/strong> aus wei\u00dfem Zellstoff.<\/li>\n<li data-start=\"1725\" data-end=\"1772\"><strong>2-lagig<\/strong> f\u00fcr mehr Komfort und Widerstandsf\u00e4higkeit.<\/li>\n<li data-start=\"1775\" data-end=\"1801\"><strong>180 Blatt<\/strong> pro Rolle.<\/li>\n<li data-start=\"1804\" data-end=\"1834\">Leicht abtrennbare Bl\u00e4tter.<\/li>\n<li data-start=\"1837\" data-end=\"1886\">Geeignet f\u00fcr den gewerblichen und \u00f6ffentlichen Bereich.<\/li>\n<li data-start=\"1889\" data-end=\"1917\">Praktischer <strong>12er-Pack Rollen<\/strong>.<\/li>\n<\/ul>\n<p>&nbsp;<\/p>\n<p><!--more--><\/p>\n<h4>Weitere Informationen :<\/h4>\n<ul>\n<li><strong>Verpackung<\/strong>: Packung mit 12 St\u00fcck<\/li>\n<li><strong>Abmessungen<\/strong>: 2-lagig, 180 Blatt<\/li>\n<li><strong>Material<\/strong>: Reine Zellulose<\/li>\n<li><strong>Blattl\u00e4nge<\/strong>: 11 cm<\/li>\n<li><strong>Blattbreite<\/strong>: 9,5 cm<\/li>\n<li><strong>Rollenl\u00e4nge<\/strong>: 18 m<\/li>\n<li><strong>Lagen<\/strong>: 2<\/li>\n<li><strong>Anzahl der Bl\u00e4tter<\/strong>: 180<\/li>\n<li><strong>Typ<\/strong>: Gepr\u00e4gt<\/li>\n<li><strong>Farbe<\/strong>: Wei\u00df<\/li>\n<\/ul>\n<p>&nbsp;<\/p>\n<p><!--more--><\/p>\n<p><a href=\"\/?product_cat=papier-hygieneniques\">Entdecken Sie den Rest unseres Toilettenpapier-Sortiments<\/a><\/p>\n","protected":false},"excerpt":{"rendered":"<p>Toilettenpapierrolle Beschreibung unserer Zellstoff-Toilettenpapierrolle, wei\u00df, 2-lagig, 180 Blatt, 12er-Pack<\/p>\n","protected":false},"featured_media":263199,"template":"","meta":{"_acf_changed":false},"product_brand":[],"product_cat":[1218,1377,1380],"product_tag":[],"class_list":{"0":"post-17159","1":"product","2":"type-product","3":"status-publish","4":"has-post-thumbnail","6":"product_cat-hygiene-und-pflege","7":"product_cat-wischtucher","8":"product_cat-toilettenpapier","10":"first","11":"instock","12":"taxable","13":"shipping-taxable","14":"purchasable","15":"product-type-simple"},"acf":[],"yoast_head":"<!-- This site is optimized with the Yoast SEO Premium plugin v26.6 (Yoast SEO v26.6) - https:\/\/yoast.com\/wordpress\/plugins\/seo\/ -->\n<title>Zellstoff-Toilettenpapierrolle, Wei\u00df, 2-lagig, 180 Blatt, 12er-Pack<\/title>\n<meta name=\"description\" content=\"Entdecken Sie unsere Zellstoff-Toilettenpapierrolle, wei\u00df, 2-lagig, 180 Blatt, 12er-Pack. Entscheiden Sie sich f\u00fcr einen 12er-Pack Toilettenpapier aus reinem Zellstoff.\" \/>\n<meta name=\"robots\" content=\"index, follow, max-snippet:-1, max-image-preview:large, max-video-preview:-1\" \/>\n<link rel=\"canonical\" href=\"https:\/\/www.csj-emballages.com\/de\/produit\/12-rollen-weisses-toilettenpapier-aus-watte-2-lagig-180-formate\/\" \/>\n<meta property=\"og:locale\" content=\"de_DE\" \/>\n<meta property=\"og:type\" content=\"article\" \/>\n<meta property=\"og:title\" content=\"Zellstoff-Toilettenpapierrolle, wei\u00df, 2-lagig, 180 Blatt, 12er-Pack\" \/>\n<meta property=\"og:description\" content=\"Entdecken Sie unsere Zellstoff-Toilettenpapierrolle, wei\u00df, 2-lagig, 180 Blatt, 12er-Pack. Entscheiden Sie sich f\u00fcr einen 12er-Pack Toilettenpapier aus reinem Zellstoff.\" \/>\n<meta property=\"og:url\" content=\"https:\/\/www.csj-emballages.com\/de\/produit\/12-rollen-weisses-toilettenpapier-aus-watte-2-lagig-180-formate\/\" \/>\n<meta property=\"og:site_name\" content=\"CSJ Emballages\" \/>\n<meta property=\"article:publisher\" content=\"https:\/\/www.facebook.com\/csjemballages\" \/>\n<meta property=\"article:modified_time\" content=\"2026-04-29T00:10:24+00:00\" \/>\n<meta property=\"og:image\" content=\"https:\/\/www.csj-emballages.com\/wp-content\/uploads\/2024\/03\/01H.webp\" \/>\n\t<meta property=\"og:image:width\" content=\"800\" \/>\n\t<meta property=\"og:image:height\" content=\"800\" \/>\n\t<meta property=\"og:image:type\" content=\"image\/webp\" \/>\n<meta name=\"twitter:card\" content=\"summary_large_image\" \/>\n<meta name=\"twitter:label1\" content=\"Gesch\u00e4tzte Lesezeit\" \/>\n\t<meta name=\"twitter:data1\" content=\"2 Minuten\" \/>\n<script type=\"application\/ld+json\" class=\"yoast-schema-graph\">{\"@context\":\"https:\/\/schema.org\",\"@graph\":[{\"@type\":\"WebPage\",\"@id\":\"https:\/\/www.csj-emballages.com\/de\/produit\/12-rollen-weisses-toilettenpapier-aus-watte-2-lagig-180-formate\/\",\"url\":\"https:\/\/www.csj-emballages.com\/de\/produit\/12-rollen-weisses-toilettenpapier-aus-watte-2-lagig-180-formate\/\",\"name\":\"Zellstoff-Toilettenpapierrolle, Wei\u00df, 2-lagig, 180 Blatt, 12er-Pack\",\"isPartOf\":{\"@id\":\"https:\/\/www.csj-emballages.com\/de\/#website\"},\"primaryImageOfPage\":{\"@id\":\"https:\/\/www.csj-emballages.com\/de\/produit\/12-rollen-weisses-toilettenpapier-aus-watte-2-lagig-180-formate\/#primaryimage\"},\"image\":{\"@id\":\"https:\/\/www.csj-emballages.com\/de\/produit\/12-rollen-weisses-toilettenpapier-aus-watte-2-lagig-180-formate\/#primaryimage\"},\"thumbnailUrl\":\"https:\/\/www.csj-emballages.com\/wp-content\/uploads\/2024\/03\/01H.webp\",\"datePublished\":\"2024-03-01T16:00:19+00:00\",\"dateModified\":\"2026-04-29T00:10:24+00:00\",\"description\":\"Entdecken Sie unsere Zellstoff-Toilettenpapierrolle, wei\u00df, 2-lagig, 180 Blatt, 12er-Pack. Entscheiden Sie sich f\u00fcr einen 12er-Pack Toilettenpapier aus reinem Zellstoff.\",\"breadcrumb\":{\"@id\":\"https:\/\/www.csj-emballages.com\/de\/produit\/12-rollen-weisses-toilettenpapier-aus-watte-2-lagig-180-formate\/#breadcrumb\"},\"inLanguage\":\"de\",\"potentialAction\":[{\"@type\":\"ReadAction\",\"target\":[\"https:\/\/www.csj-emballages.com\/de\/produit\/12-rollen-weisses-toilettenpapier-aus-watte-2-lagig-180-formate\/\"]}]},{\"@type\":\"ImageObject\",\"inLanguage\":\"de\",\"@id\":\"https:\/\/www.csj-emballages.com\/de\/produit\/12-rollen-weisses-toilettenpapier-aus-watte-2-lagig-180-formate\/#primaryimage\",\"url\":\"https:\/\/www.csj-emballages.com\/wp-content\/uploads\/2024\/03\/01H.webp\",\"contentUrl\":\"https:\/\/www.csj-emballages.com\/wp-content\/uploads\/2024\/03\/01H.webp\",\"width\":800,\"height\":800,\"caption\":\"Rouleau papier toilette\"},{\"@type\":\"BreadcrumbList\",\"@id\":\"https:\/\/www.csj-emballages.com\/de\/produit\/12-rollen-weisses-toilettenpapier-aus-watte-2-lagig-180-formate\/#breadcrumb\",\"itemListElement\":[{\"@type\":\"ListItem\",\"position\":1,\"name\":\"Accueil\",\"item\":\"https:\/\/www.csj-emballages.com\/de\/universum-lebensmittelverpackungen\/\"},{\"@type\":\"ListItem\",\"position\":2,\"name\":\"Shop\",\"item\":\"https:\/\/www.csj-emballages.com\/shop\/\"},{\"@type\":\"ListItem\",\"position\":3,\"name\":\"Zellstoff-Toilettenpapierrolle, wei\u00df, 2-lagig, 180 Blatt, 12er-Pack\"}]},{\"@type\":\"WebSite\",\"@id\":\"https:\/\/www.csj-emballages.com\/de\/#website\",\"url\":\"https:\/\/www.csj-emballages.com\/de\/\",\"name\":\"CSJ Emballages\",\"description\":\"\",\"publisher\":{\"@id\":\"https:\/\/www.csj-emballages.com\/de\/#organization\"},\"potentialAction\":[{\"@type\":\"SearchAction\",\"target\":{\"@type\":\"EntryPoint\",\"urlTemplate\":\"https:\/\/www.csj-emballages.com\/de\/?s={search_term_string}\"},\"query-input\":{\"@type\":\"PropertyValueSpecification\",\"valueRequired\":true,\"valueName\":\"search_term_string\"}}],\"inLanguage\":\"de\"},{\"@type\":\"Organization\",\"@id\":\"https:\/\/www.csj-emballages.com\/de\/#Organization\/\",\"name\":\"CSJ Emballages\",\"url\":\"https:\/\/www.csj-emballages.com\/de\/\",\"logo\":{\"@type\":\"ImageObject\",\"inLanguage\":\"de\",\"@id\":\"https:\/\/www.csj-emballages.com\/de\/#\/schema\/logo\/image\/\",\"url\":\"https:\/\/www.csj-emballages.com\/wp-content\/uploads\/2023\/10\/logo_csj.webp\",\"contentUrl\":\"https:\/\/www.csj-emballages.com\/wp-content\/uploads\/2023\/10\/logo_csj.webp\",\"width\":250,\"height\":95,\"caption\":\"CSJ Emballages\"},\"image\":{\"@id\":\"https:\/\/www.csj-emballages.com\/de\/#\/schema\/logo\/image\/\"},\"sameAs\":[\"https:\/\/www.facebook.com\/csjemballages\"],\"address\":{\"@type\":\"PostalAddress\",\"streetAddress\":\"ZI La Lechere\",\"addressLocality\":\"Patornay\",\"postalCode\":\"39130\",\"addressCountry\":\"FR\"},\"contactPoint\":[{\"@type\":\"ContactPoint\",\"contactType\":\"Service client\",\"telephone\":\"0384254272\",\"email\":\"contact@csj-emballages.com\"}]}]}<\/script>\n<!-- \/ Yoast SEO Premium plugin. -->","yoast_head_json":{"title":"Zellstoff-Toilettenpapierrolle, Wei\u00df, 2-lagig, 180 Blatt, 12er-Pack","description":"Entdecken Sie unsere Zellstoff-Toilettenpapierrolle, wei\u00df, 2-lagig, 180 Blatt, 12er-Pack. Entscheiden Sie sich f\u00fcr einen 12er-Pack Toilettenpapier aus reinem Zellstoff.","robots":{"index":"index","follow":"follow","max-snippet":"max-snippet:-1","max-image-preview":"max-image-preview:large","max-video-preview":"max-video-preview:-1"},"canonical":"https:\/\/www.csj-emballages.com\/de\/produit\/12-rollen-weisses-toilettenpapier-aus-watte-2-lagig-180-formate\/","og_locale":"de_DE","og_type":"article","og_title":"Zellstoff-Toilettenpapierrolle, wei\u00df, 2-lagig, 180 Blatt, 12er-Pack","og_description":"Entdecken Sie unsere Zellstoff-Toilettenpapierrolle, wei\u00df, 2-lagig, 180 Blatt, 12er-Pack. Entscheiden Sie sich f\u00fcr einen 12er-Pack Toilettenpapier aus reinem Zellstoff.","og_url":"https:\/\/www.csj-emballages.com\/de\/produit\/12-rollen-weisses-toilettenpapier-aus-watte-2-lagig-180-formate\/","og_site_name":"CSJ Emballages","article_publisher":"https:\/\/www.facebook.com\/csjemballages","article_modified_time":"2026-04-29T00:10:24+00:00","og_image":[{"width":800,"height":800,"url":"https:\/\/www.csj-emballages.com\/wp-content\/uploads\/2024\/03\/01H.webp","type":"image\/webp"}],"twitter_card":"summary_large_image","twitter_misc":{"Gesch\u00e4tzte Lesezeit":"2 Minuten"},"schema":{"@context":"https:\/\/schema.org","@graph":[{"@type":"WebPage","@id":"https:\/\/www.csj-emballages.com\/de\/produit\/12-rollen-weisses-toilettenpapier-aus-watte-2-lagig-180-formate\/","url":"https:\/\/www.csj-emballages.com\/de\/produit\/12-rollen-weisses-toilettenpapier-aus-watte-2-lagig-180-formate\/","name":"Zellstoff-Toilettenpapierrolle, Wei\u00df, 2-lagig, 180 Blatt, 12er-Pack","isPartOf":{"@id":"https:\/\/www.csj-emballages.com\/de\/#website"},"primaryImageOfPage":{"@id":"https:\/\/www.csj-emballages.com\/de\/produit\/12-rollen-weisses-toilettenpapier-aus-watte-2-lagig-180-formate\/#primaryimage"},"image":{"@id":"https:\/\/www.csj-emballages.com\/de\/produit\/12-rollen-weisses-toilettenpapier-aus-watte-2-lagig-180-formate\/#primaryimage"},"thumbnailUrl":"https:\/\/www.csj-emballages.com\/wp-content\/uploads\/2024\/03\/01H.webp","datePublished":"2024-03-01T16:00:19+00:00","dateModified":"2026-04-29T00:10:24+00:00","description":"Entdecken Sie unsere Zellstoff-Toilettenpapierrolle, wei\u00df, 2-lagig, 180 Blatt, 12er-Pack. Entscheiden Sie sich f\u00fcr einen 12er-Pack Toilettenpapier aus reinem Zellstoff.","breadcrumb":{"@id":"https:\/\/www.csj-emballages.com\/de\/produit\/12-rollen-weisses-toilettenpapier-aus-watte-2-lagig-180-formate\/#breadcrumb"},"inLanguage":"de","potentialAction":[{"@type":"ReadAction","target":["https:\/\/www.csj-emballages.com\/de\/produit\/12-rollen-weisses-toilettenpapier-aus-watte-2-lagig-180-formate\/"]}]},{"@type":"ImageObject","inLanguage":"de","@id":"https:\/\/www.csj-emballages.com\/de\/produit\/12-rollen-weisses-toilettenpapier-aus-watte-2-lagig-180-formate\/#primaryimage","url":"https:\/\/www.csj-emballages.com\/wp-content\/uploads\/2024\/03\/01H.webp","contentUrl":"https:\/\/www.csj-emballages.com\/wp-content\/uploads\/2024\/03\/01H.webp","width":800,"height":800,"caption":"Rouleau papier toilette"},{"@type":"BreadcrumbList","@id":"https:\/\/www.csj-emballages.com\/de\/produit\/12-rollen-weisses-toilettenpapier-aus-watte-2-lagig-180-formate\/#breadcrumb","itemListElement":[{"@type":"ListItem","position":1,"name":"Accueil","item":"https:\/\/www.csj-emballages.com\/de\/universum-lebensmittelverpackungen\/"},{"@type":"ListItem","position":2,"name":"Shop","item":"https:\/\/www.csj-emballages.com\/shop\/"},{"@type":"ListItem","position":3,"name":"Zellstoff-Toilettenpapierrolle, wei\u00df, 2-lagig, 180 Blatt, 12er-Pack"}]},{"@type":"WebSite","@id":"https:\/\/www.csj-emballages.com\/de\/#website","url":"https:\/\/www.csj-emballages.com\/de\/","name":"CSJ Emballages","description":"","publisher":{"@id":"https:\/\/www.csj-emballages.com\/de\/#organization"},"potentialAction":[{"@type":"SearchAction","target":{"@type":"EntryPoint","urlTemplate":"https:\/\/www.csj-emballages.com\/de\/?s={search_term_string}"},"query-input":{"@type":"PropertyValueSpecification","valueRequired":true,"valueName":"search_term_string"}}],"inLanguage":"de"},{"@type":"Organization","@id":"https:\/\/www.csj-emballages.com\/de\/#Organization\/","name":"CSJ Emballages","url":"https:\/\/www.csj-emballages.com\/de\/","logo":{"@type":"ImageObject","inLanguage":"de","@id":"https:\/\/www.csj-emballages.com\/de\/#\/schema\/logo\/image\/","url":"https:\/\/www.csj-emballages.com\/wp-content\/uploads\/2023\/10\/logo_csj.webp","contentUrl":"https:\/\/www.csj-emballages.com\/wp-content\/uploads\/2023\/10\/logo_csj.webp","width":250,"height":95,"caption":"CSJ Emballages"},"image":{"@id":"https:\/\/www.csj-emballages.com\/de\/#\/schema\/logo\/image\/"},"sameAs":["https:\/\/www.facebook.com\/csjemballages"],"address":{"@type":"PostalAddress","streetAddress":"ZI La Lechere","addressLocality":"Patornay","postalCode":"39130","addressCountry":"FR"},"contactPoint":[{"@type":"ContactPoint","contactType":"Service client","telephone":"0384254272","email":"contact@csj-emballages.com"}]}]}},"df_price":4.25,"df_sale_price":"","df_regular_price":4.25,"df_image_link":"https:\/\/www.csj-emballages.com\/wp-content\/uploads\/2024\/03\/01H-300x300.webp","tiered_pricing_type":"fixed","tiered_pricing_fixed_rules":[],"tiered_pricing_percentage_rules":[],"tiered_pricing_minimum":1,"tiered_pricing_roles_data":[],"_links":{"self":[{"href":"https:\/\/www.csj-emballages.com\/de\/wp-json\/wp\/v2\/product\/17159","targetHints":{"allow":["GET"]}}],"collection":[{"href":"https:\/\/www.csj-emballages.com\/de\/wp-json\/wp\/v2\/product"}],"about":[{"href":"https:\/\/www.csj-emballages.com\/de\/wp-json\/wp\/v2\/types\/product"}],"wp:featuredmedia":[{"embeddable":true,"href":"https:\/\/www.csj-emballages.com\/de\/wp-json\/wp\/v2\/media\/263199"}],"wp:attachment":[{"href":"https:\/\/www.csj-emballages.com\/de\/wp-json\/wp\/v2\/media?parent=17159"}],"wp:term":[{"taxonomy":"product_brand","embeddable":true,"href":"https:\/\/www.csj-emballages.com\/de\/wp-json\/wp\/v2\/product_brand?post=17159"},{"taxonomy":"product_cat","embeddable":true,"href":"https:\/\/www.csj-emballages.com\/de\/wp-json\/wp\/v2\/product_cat?post=17159"},{"taxonomy":"product_tag","embeddable":true,"href":"https:\/\/www.csj-emballages.com\/de\/wp-json\/wp\/v2\/product_tag?post=17159"}],"curies":[{"name":"wp","href":"https:\/\/api.w.org\/{rel}","templated":true}]}}