{"id":17154,"date":"2024-03-01T17:00:20","date_gmt":"2024-03-01T16:00:20","guid":{"rendered":"https:\/\/u15jnbdpoq.preview.infomaniak.website\/produit\/geschirrspuelmittel-handspuelmittel-5-liter\/"},"modified":"2026-05-04T17:00:22","modified_gmt":"2026-05-04T15:00:22","slug":"geschirrspuelmittel-handspuelmittel-5-liter","status":"publish","type":"product","link":"https:\/\/www.csj-emballages.com\/de\/produit\/geschirrspuelmittel-handspuelmittel-5-liter\/","title":{"rendered":"Manueller leistungsstarker Fl\u00fcssigkeitstaucher 5 Liter"},"content":{"rendered":"<div style=\"color: #000000\">\n<div style=\"color: #000000\">\n<div style=\"color: #000000\">\n<div style=\"color: #000000\">\n<div style=\"color: #000000\">\n<div style=\"color: #000000\">\n<h2 class=\"p1 ai-optimize-26\">Fl\u00fcssiges Waschmittel<\/h2>\n<hr>\n<h3 class=\"ai-optimize-27\">Beschreibung unseres fl\u00fcssigen Handreinigers 5 Liter<\/h3>\n<p><!--more--><\/p>\n<p class=\"ai-optimize-27 ai-optimize-introduction\" data-start=\"259\" data-end=\"650\">Ob Sie nun Gastronom, Caterer oder einfach nur eine Privatperson sind, die Wert auf eine tadellose Reinigung legt, dieses <strong data-start=\"370\" data-end=\"419\">fl\u00fcssige Handreinigungsmittel im 5-Liter-Kanister<\/strong> wurde entwickelt, um Ihren t\u00e4glichen Anforderungen gerecht zu werden. Denn er ist ultraleistungsstark und erm\u00f6glicht das <strong data-start=\"505\" data-end=\"541\">Sp\u00fclen von Geschirr<\/strong>, <strong data-start=\"547\" data-end=\"561\">T\u00f6pfen<\/strong>, <strong data-start=\"563\" data-end=\"573\">Pfannen<\/strong>, <strong data-start=\"575\" data-end=\"585\">Gl\u00e4sern<\/strong> und allen <strong data-start=\"601\" data-end=\"624\">abwaschbaren Utensilien<\/strong> <strong data-start=\"505\" data-end=\"541\">von Hand<\/strong>, selbst wenn diese stark verschmutzt sind. <\/p>\n<p class=\"ai-optimize-28\" data-start=\"652\" data-end=\"1042\">Die konzentrierte Formel enth\u00e4lt <strong data-start=\"686\" data-end=\"719\">starke fettl\u00f6sende Wirkstoffe<\/strong>, die <strong data-start=\"724\" data-end=\"791\">Fette und Speisereste effektiv entfernen<\/strong> und dabei die Haut schonen. Eine kleine Menge reicht aus, um Ihr Geschirr m\u00fchelos und <g id=\"gid_2\">streifenfrei<\/g> auf Hochglanz zu bringen. Au\u00dferdem erleichtert es das Absp\u00fclen, was besonders in der Profik\u00fcche wertvolle Zeit spart.  <\/p>\n<p class=\"ai-optimize-29\" data-start=\"1044\" data-end=\"1330\">Er ist f\u00fcr den h\u00e4ufigen Gebrauch geeignet und vermittelt ein angenehmes Gef\u00fchl von Sauberkeit, w\u00e4hrend er gleichzeitig eine starke schmutzl\u00f6sende Wirkung hat. Der <strong>5-Liter-Gro\u00dfkanister<\/strong> ist preisg\u00fcnstig und eignet sich sowohl f\u00fcr den professionellen Einsatz in der Gastronomie als auch f\u00fcr Haushalte mit hohem Verbrauch. <\/p>\n<p class=\"ai-optimize-30\" data-start=\"1332\" data-end=\"1502\">Dank seiner <strong data-start=\"1343\" data-end=\"1358\">Vielseitigkeit<\/strong> und seiner <strong data-start=\"1366\" data-end=\"1389\">anerkannten Effizienz<\/strong> ist dieses Produkt ein Muss f\u00fcr anspruchsvolle K\u00fcchen, in denen Hygiene und Leistung an erster Stelle stehen.<\/p>\n<p><!--more--><\/p>\n<h4 class=\"ai-optimize-33\">Ihre Vorteile :<\/h4>\n<ul>\n<li class=\"ai-optimize-34\">Ultra-entfettende Formel, selbst bei gekochten Fetten.<\/li>\n<li class=\"ai-optimize-35\">Geeignet f\u00fcr alle handwaschbaren Utensilien.<\/li>\n<li class=\"ai-optimize-37\">Einfaches Absp\u00fclen ohne Streifen und R\u00fcckst\u00e4nde.<\/li>\n<li class=\"ai-optimize-38\">G\u00fcnstiges 5L-Format, ideal f\u00fcr Profis.<\/li>\n<li class=\"ai-optimize-31\">Hautfreundlich.<\/li>\n<\/ul>\n<p>&nbsp;<\/p>\n<p><!--more--><\/p>\n<h4 class=\"ai-optimize-40\">Weitere Informationen :<\/h4>\n<\/div>\n<ul>\n<li class=\"ai-optimize-41\"><strong>Verpackung<\/strong>: Einzeln<\/li>\n<li class=\"ai-optimize-45\"><strong>Verwendung<\/strong>: Manuelles Geschirrsp\u00fclmittel<\/li>\n<li class=\"ai-optimize-44\"><strong>Volumen<\/strong>: 5 Liter<\/li>\n<\/ul>\n<p>&nbsp;<\/p>\n<\/div>\n<\/div>\n<\/div>\n<\/div>\n<\/div>\n<p><!--more--><\/p>\n<p class=\"ai-optimize-42\">Finden Sie auch unseren pulverf\u00f6rmigen Handreiniger f\u00fcr K\u00fcchenutensilien in 10 kg : <span style=\"color: #d12727\"><a style=\"color: #d12727\" href=\"https:\/\/www.csj-emballages.com\/produit\/nettoyant-manuel-en-poudre-pour-ustensiles-de-cuisine-en-10-kg\/\">040810<\/a><\/span><\/p>\n<p>&nbsp;<\/p>\n<p><!--more--><\/p>\n<p class=\"ai-optimize-43\"><a href=\"\/?product_cat=vaiselle-manuelle\">Sehen Sie sich den Rest unseres Sortiments an Handgeschirrsp\u00fclmitteln an.<\/a><\/p>\n","protected":false},"excerpt":{"rendered":"<p>Fl\u00fcssiges Waschmittel Beschreibung unseres fl\u00fcssigen Handreinigers 5 Liter<\/p>\n","protected":false},"featured_media":235522,"template":"","meta":{"_acf_changed":false},"product_brand":[],"product_cat":[1218,1219,1220,1221],"product_tag":[],"class_list":{"0":"post-17154","1":"product","2":"type-product","3":"status-publish","4":"has-post-thumbnail","6":"product_cat-hygiene-und-pflege","7":"product_cat-pflegeprodukte","8":"product_cat-geschirrpflege","9":"product_cat-manuelle-waage","10":"product_shipping_class-verboten-in-staffeln","12":"first","13":"instock","14":"taxable","15":"shipping-taxable","16":"purchasable","17":"product-type-simple"},"acf":[],"yoast_head":"<!-- This site is optimized with the Yoast SEO Premium plugin v26.6 (Yoast SEO v26.6) - https:\/\/yoast.com\/wordpress\/plugins\/seo\/ -->\n<title>Manuelles fl\u00fcssiges Reinigungsmittel 5 Liter<\/title>\n<meta name=\"description\" content=\"Manuelles fl\u00fcssiges Reinigungsmittel 5L f\u00fcr Geschirr, T\u00f6pfe und Ger\u00e4te. Stark gegen Fette, sanft zur Haut, ideal f\u00fcr Profik\u00fcche und intensive Nutzung.\" \/>\n<meta name=\"robots\" content=\"index, follow, max-snippet:-1, max-image-preview:large, max-video-preview:-1\" \/>\n<link rel=\"canonical\" href=\"https:\/\/www.csj-emballages.com\/de\/produit\/geschirrspuelmittel-handspuelmittel-5-liter\/\" \/>\n<meta property=\"og:locale\" content=\"de_DE\" \/>\n<meta property=\"og:type\" content=\"article\" \/>\n<meta property=\"og:title\" content=\"Manueller leistungsstarker Fl\u00fcssigkeitstaucher 5 Liter\" \/>\n<meta property=\"og:description\" content=\"Manuelles fl\u00fcssiges Reinigungsmittel 5L f\u00fcr Geschirr, T\u00f6pfe und Ger\u00e4te. Stark gegen Fette, sanft zur Haut, ideal f\u00fcr Profik\u00fcche und intensive Nutzung.\" \/>\n<meta property=\"og:url\" content=\"https:\/\/www.csj-emballages.com\/de\/produit\/geschirrspuelmittel-handspuelmittel-5-liter\/\" \/>\n<meta property=\"og:site_name\" content=\"CSJ Emballages\" \/>\n<meta property=\"article:publisher\" content=\"https:\/\/www.facebook.com\/csjemballages\" \/>\n<meta property=\"article:modified_time\" content=\"2026-05-04T15:00:22+00:00\" \/>\n<meta property=\"og:image\" content=\"https:\/\/www.csj-emballages.com\/wp-content\/uploads\/2024\/03\/00595.webp\" \/>\n\t<meta property=\"og:image:width\" content=\"800\" \/>\n\t<meta property=\"og:image:height\" content=\"800\" \/>\n\t<meta property=\"og:image:type\" content=\"image\/webp\" \/>\n<meta name=\"twitter:card\" content=\"summary_large_image\" \/>\n<meta name=\"twitter:label1\" content=\"Gesch\u00e4tzte Lesezeit\" \/>\n\t<meta name=\"twitter:data1\" content=\"1\u00a0Minute\" \/>\n<script type=\"application\/ld+json\" class=\"yoast-schema-graph\">{\"@context\":\"https:\/\/schema.org\",\"@graph\":[{\"@type\":\"WebPage\",\"@id\":\"https:\/\/www.csj-emballages.com\/de\/produit\/geschirrspuelmittel-handspuelmittel-5-liter\/\",\"url\":\"https:\/\/www.csj-emballages.com\/de\/produit\/geschirrspuelmittel-handspuelmittel-5-liter\/\",\"name\":\"Manuelles fl\u00fcssiges Reinigungsmittel 5 Liter\",\"isPartOf\":{\"@id\":\"https:\/\/www.csj-emballages.com\/de\/#website\"},\"primaryImageOfPage\":{\"@id\":\"https:\/\/www.csj-emballages.com\/de\/produit\/geschirrspuelmittel-handspuelmittel-5-liter\/#primaryimage\"},\"image\":{\"@id\":\"https:\/\/www.csj-emballages.com\/de\/produit\/geschirrspuelmittel-handspuelmittel-5-liter\/#primaryimage\"},\"thumbnailUrl\":\"https:\/\/www.csj-emballages.com\/wp-content\/uploads\/2024\/03\/00595.webp\",\"datePublished\":\"2024-03-01T16:00:20+00:00\",\"dateModified\":\"2026-05-04T15:00:22+00:00\",\"description\":\"Manuelles fl\u00fcssiges Reinigungsmittel 5L f\u00fcr Geschirr, T\u00f6pfe und Ger\u00e4te. Stark gegen Fette, sanft zur Haut, ideal f\u00fcr Profik\u00fcche und intensive Nutzung.\",\"breadcrumb\":{\"@id\":\"https:\/\/www.csj-emballages.com\/de\/produit\/geschirrspuelmittel-handspuelmittel-5-liter\/#breadcrumb\"},\"inLanguage\":\"de\",\"potentialAction\":[{\"@type\":\"ReadAction\",\"target\":[\"https:\/\/www.csj-emballages.com\/de\/produit\/geschirrspuelmittel-handspuelmittel-5-liter\/\"]}]},{\"@type\":\"ImageObject\",\"inLanguage\":\"de\",\"@id\":\"https:\/\/www.csj-emballages.com\/de\/produit\/geschirrspuelmittel-handspuelmittel-5-liter\/#primaryimage\",\"url\":\"https:\/\/www.csj-emballages.com\/wp-content\/uploads\/2024\/03\/00595.webp\",\"contentUrl\":\"https:\/\/www.csj-emballages.com\/wp-content\/uploads\/2024\/03\/00595.webp\",\"width\":800,\"height\":800,\"caption\":\"D\u00e9tergent liquide\"},{\"@type\":\"BreadcrumbList\",\"@id\":\"https:\/\/www.csj-emballages.com\/de\/produit\/geschirrspuelmittel-handspuelmittel-5-liter\/#breadcrumb\",\"itemListElement\":[{\"@type\":\"ListItem\",\"position\":1,\"name\":\"Accueil\",\"item\":\"https:\/\/www.csj-emballages.com\/de\/universum-lebensmittelverpackungen\/\"},{\"@type\":\"ListItem\",\"position\":2,\"name\":\"Shop\",\"item\":\"https:\/\/www.csj-emballages.com\/shop\/\"},{\"@type\":\"ListItem\",\"position\":3,\"name\":\"Manueller leistungsstarker Fl\u00fcssigkeitstaucher 5 Liter\"}]},{\"@type\":\"WebSite\",\"@id\":\"https:\/\/www.csj-emballages.com\/de\/#website\",\"url\":\"https:\/\/www.csj-emballages.com\/de\/\",\"name\":\"CSJ Emballages\",\"description\":\"\",\"publisher\":{\"@id\":\"https:\/\/www.csj-emballages.com\/de\/#organization\"},\"potentialAction\":[{\"@type\":\"SearchAction\",\"target\":{\"@type\":\"EntryPoint\",\"urlTemplate\":\"https:\/\/www.csj-emballages.com\/de\/?s={search_term_string}\"},\"query-input\":{\"@type\":\"PropertyValueSpecification\",\"valueRequired\":true,\"valueName\":\"search_term_string\"}}],\"inLanguage\":\"de\"},{\"@type\":\"Organization\",\"@id\":\"https:\/\/www.csj-emballages.com\/de\/#Organization\/\",\"name\":\"CSJ Emballages\",\"url\":\"https:\/\/www.csj-emballages.com\/de\/\",\"logo\":{\"@type\":\"ImageObject\",\"inLanguage\":\"de\",\"@id\":\"https:\/\/www.csj-emballages.com\/de\/#\/schema\/logo\/image\/\",\"url\":\"https:\/\/www.csj-emballages.com\/wp-content\/uploads\/2023\/10\/logo_csj.webp\",\"contentUrl\":\"https:\/\/www.csj-emballages.com\/wp-content\/uploads\/2023\/10\/logo_csj.webp\",\"width\":250,\"height\":95,\"caption\":\"CSJ Emballages\"},\"image\":{\"@id\":\"https:\/\/www.csj-emballages.com\/de\/#\/schema\/logo\/image\/\"},\"sameAs\":[\"https:\/\/www.facebook.com\/csjemballages\"],\"address\":{\"@type\":\"PostalAddress\",\"streetAddress\":\"ZI La Lechere\",\"addressLocality\":\"Patornay\",\"postalCode\":\"39130\",\"addressCountry\":\"FR\"},\"contactPoint\":[{\"@type\":\"ContactPoint\",\"contactType\":\"Service client\",\"telephone\":\"0384254272\",\"email\":\"contact@csj-emballages.com\"}]}]}<\/script>\n<!-- \/ Yoast SEO Premium plugin. -->","yoast_head_json":{"title":"Manuelles fl\u00fcssiges Reinigungsmittel 5 Liter","description":"Manuelles fl\u00fcssiges Reinigungsmittel 5L f\u00fcr Geschirr, T\u00f6pfe und Ger\u00e4te. Stark gegen Fette, sanft zur Haut, ideal f\u00fcr Profik\u00fcche und intensive Nutzung.","robots":{"index":"index","follow":"follow","max-snippet":"max-snippet:-1","max-image-preview":"max-image-preview:large","max-video-preview":"max-video-preview:-1"},"canonical":"https:\/\/www.csj-emballages.com\/de\/produit\/geschirrspuelmittel-handspuelmittel-5-liter\/","og_locale":"de_DE","og_type":"article","og_title":"Manueller leistungsstarker Fl\u00fcssigkeitstaucher 5 Liter","og_description":"Manuelles fl\u00fcssiges Reinigungsmittel 5L f\u00fcr Geschirr, T\u00f6pfe und Ger\u00e4te. Stark gegen Fette, sanft zur Haut, ideal f\u00fcr Profik\u00fcche und intensive Nutzung.","og_url":"https:\/\/www.csj-emballages.com\/de\/produit\/geschirrspuelmittel-handspuelmittel-5-liter\/","og_site_name":"CSJ Emballages","article_publisher":"https:\/\/www.facebook.com\/csjemballages","article_modified_time":"2026-05-04T15:00:22+00:00","og_image":[{"width":800,"height":800,"url":"https:\/\/www.csj-emballages.com\/wp-content\/uploads\/2024\/03\/00595.webp","type":"image\/webp"}],"twitter_card":"summary_large_image","twitter_misc":{"Gesch\u00e4tzte Lesezeit":"1\u00a0Minute"},"schema":{"@context":"https:\/\/schema.org","@graph":[{"@type":"WebPage","@id":"https:\/\/www.csj-emballages.com\/de\/produit\/geschirrspuelmittel-handspuelmittel-5-liter\/","url":"https:\/\/www.csj-emballages.com\/de\/produit\/geschirrspuelmittel-handspuelmittel-5-liter\/","name":"Manuelles fl\u00fcssiges Reinigungsmittel 5 Liter","isPartOf":{"@id":"https:\/\/www.csj-emballages.com\/de\/#website"},"primaryImageOfPage":{"@id":"https:\/\/www.csj-emballages.com\/de\/produit\/geschirrspuelmittel-handspuelmittel-5-liter\/#primaryimage"},"image":{"@id":"https:\/\/www.csj-emballages.com\/de\/produit\/geschirrspuelmittel-handspuelmittel-5-liter\/#primaryimage"},"thumbnailUrl":"https:\/\/www.csj-emballages.com\/wp-content\/uploads\/2024\/03\/00595.webp","datePublished":"2024-03-01T16:00:20+00:00","dateModified":"2026-05-04T15:00:22+00:00","description":"Manuelles fl\u00fcssiges Reinigungsmittel 5L f\u00fcr Geschirr, T\u00f6pfe und Ger\u00e4te. Stark gegen Fette, sanft zur Haut, ideal f\u00fcr Profik\u00fcche und intensive Nutzung.","breadcrumb":{"@id":"https:\/\/www.csj-emballages.com\/de\/produit\/geschirrspuelmittel-handspuelmittel-5-liter\/#breadcrumb"},"inLanguage":"de","potentialAction":[{"@type":"ReadAction","target":["https:\/\/www.csj-emballages.com\/de\/produit\/geschirrspuelmittel-handspuelmittel-5-liter\/"]}]},{"@type":"ImageObject","inLanguage":"de","@id":"https:\/\/www.csj-emballages.com\/de\/produit\/geschirrspuelmittel-handspuelmittel-5-liter\/#primaryimage","url":"https:\/\/www.csj-emballages.com\/wp-content\/uploads\/2024\/03\/00595.webp","contentUrl":"https:\/\/www.csj-emballages.com\/wp-content\/uploads\/2024\/03\/00595.webp","width":800,"height":800,"caption":"D\u00e9tergent liquide"},{"@type":"BreadcrumbList","@id":"https:\/\/www.csj-emballages.com\/de\/produit\/geschirrspuelmittel-handspuelmittel-5-liter\/#breadcrumb","itemListElement":[{"@type":"ListItem","position":1,"name":"Accueil","item":"https:\/\/www.csj-emballages.com\/de\/universum-lebensmittelverpackungen\/"},{"@type":"ListItem","position":2,"name":"Shop","item":"https:\/\/www.csj-emballages.com\/shop\/"},{"@type":"ListItem","position":3,"name":"Manueller leistungsstarker Fl\u00fcssigkeitstaucher 5 Liter"}]},{"@type":"WebSite","@id":"https:\/\/www.csj-emballages.com\/de\/#website","url":"https:\/\/www.csj-emballages.com\/de\/","name":"CSJ Emballages","description":"","publisher":{"@id":"https:\/\/www.csj-emballages.com\/de\/#organization"},"potentialAction":[{"@type":"SearchAction","target":{"@type":"EntryPoint","urlTemplate":"https:\/\/www.csj-emballages.com\/de\/?s={search_term_string}"},"query-input":{"@type":"PropertyValueSpecification","valueRequired":true,"valueName":"search_term_string"}}],"inLanguage":"de"},{"@type":"Organization","@id":"https:\/\/www.csj-emballages.com\/de\/#Organization\/","name":"CSJ Emballages","url":"https:\/\/www.csj-emballages.com\/de\/","logo":{"@type":"ImageObject","inLanguage":"de","@id":"https:\/\/www.csj-emballages.com\/de\/#\/schema\/logo\/image\/","url":"https:\/\/www.csj-emballages.com\/wp-content\/uploads\/2023\/10\/logo_csj.webp","contentUrl":"https:\/\/www.csj-emballages.com\/wp-content\/uploads\/2023\/10\/logo_csj.webp","width":250,"height":95,"caption":"CSJ Emballages"},"image":{"@id":"https:\/\/www.csj-emballages.com\/de\/#\/schema\/logo\/image\/"},"sameAs":["https:\/\/www.facebook.com\/csjemballages"],"address":{"@type":"PostalAddress","streetAddress":"ZI La Lechere","addressLocality":"Patornay","postalCode":"39130","addressCountry":"FR"},"contactPoint":[{"@type":"ContactPoint","contactType":"Service client","telephone":"0384254272","email":"contact@csj-emballages.com"}]}]}},"df_price":10.79,"df_sale_price":"","df_regular_price":10.79,"df_image_link":"https:\/\/www.csj-emballages.com\/wp-content\/uploads\/2024\/03\/00595-300x300.webp","tiered_pricing_type":"fixed","tiered_pricing_fixed_rules":[],"tiered_pricing_percentage_rules":[],"tiered_pricing_minimum":1,"tiered_pricing_roles_data":[],"_links":{"self":[{"href":"https:\/\/www.csj-emballages.com\/de\/wp-json\/wp\/v2\/product\/17154","targetHints":{"allow":["GET"]}}],"collection":[{"href":"https:\/\/www.csj-emballages.com\/de\/wp-json\/wp\/v2\/product"}],"about":[{"href":"https:\/\/www.csj-emballages.com\/de\/wp-json\/wp\/v2\/types\/product"}],"wp:featuredmedia":[{"embeddable":true,"href":"https:\/\/www.csj-emballages.com\/de\/wp-json\/wp\/v2\/media\/235522"}],"wp:attachment":[{"href":"https:\/\/www.csj-emballages.com\/de\/wp-json\/wp\/v2\/media?parent=17154"}],"wp:term":[{"taxonomy":"product_brand","embeddable":true,"href":"https:\/\/www.csj-emballages.com\/de\/wp-json\/wp\/v2\/product_brand?post=17154"},{"taxonomy":"product_cat","embeddable":true,"href":"https:\/\/www.csj-emballages.com\/de\/wp-json\/wp\/v2\/product_cat?post=17154"},{"taxonomy":"product_tag","embeddable":true,"href":"https:\/\/www.csj-emballages.com\/de\/wp-json\/wp\/v2\/product_tag?post=17154"}],"curies":[{"name":"wp","href":"https:\/\/api.w.org\/{rel}","templated":true}]}}