{"id":17148,"date":"2024-03-01T17:00:22","date_gmt":"2024-03-01T16:00:22","guid":{"rendered":"https:\/\/u15jnbdpoq.preview.infomaniak.website\/produit\/50-mahlzeitentabletts-zum-mitnehmen-5-festliche-faecher\/"},"modified":"2026-04-21T02:15:16","modified_gmt":"2026-04-21T00:15:16","slug":"50-mahlzeitentabletts-zum-mitnehmen-5-festliche-faecher","status":"publish","type":"product","link":"https:\/\/www.csj-emballages.com\/de\/produit\/50-mahlzeitentabletts-zum-mitnehmen-5-festliche-faecher\/","title":{"rendered":"Mahlzeitentablett zum Mitnehmen 5 F\u00e4cher festlich pro 50"},"content":{"rendered":"<h2 class=\"p1\">Mahlzeitentablett<\/h2>\n<hr>\n<h3>Beschreibung von unserem Essenstablett zum Mitnehmen 5 F\u00e4cher festlich pro 50<\/h3>\n<h3><!--more--><\/h3>\n<p data-start=\"121\" data-end=\"459\">Bieten Sie Ihren G\u00e4sten eine praktische und elegante L\u00f6sung mit dem <strong data-start=\"185\" data-end=\"243\">festlichen 5-F\u00e4cher-Mahlzeitentablett zum Mitnehmen par 50.<\/strong> Dieses <strong>Tablett<\/strong> wurde speziell f\u00fcr <strong data-start=\"273\" data-end=\"286\">Caterer<\/strong>, <strong data-start=\"288\" data-end=\"305\">Restaurantbesitzer<\/strong> und Veranstaltungsorganisatoren entwickelt und ist das ideale Hilfsmittel, um komplette Mahlzeiten zu servieren und gleichzeitig eine gepflegte und professionelle Pr\u00e4sentation zu gew\u00e4hrleisten. Mit seinen <strong data-start=\"473\" data-end=\"492\">f\u00fcnf F\u00e4chern<\/strong> erm\u00f6glicht es eine hygienische und \u00e4sthetische Trennung der einzelnen Speisen: Vorspeise, warmes Gericht, Beilage, K\u00e4se und Dessert finden jeweils ihren Platz, ohne dass die Gefahr besteht, dass sie sich vermischen. So ist gew\u00e4hrleistet, dass Sie Ihre Speisen unter optimalen Bedingungen liefern oder pr\u00e4sentieren k\u00f6nnen.   <\/p>\n<p data-start=\"764\" data-end=\"1120\">Seine robuste Konstruktion macht ihn zu einem zuverl\u00e4ssigen Verb\u00fcndeten bei Take-away-Services oder Mahlzeiten in Gemeinschaftseinrichtungen. Er eignet sich besonders f\u00fcr <strong data-start=\"915\" data-end=\"926\">Buffets<\/strong>, <strong data-start=\"928\" data-end=\"942\">Empf\u00e4nge<\/strong>, <strong data-start=\"944\" data-end=\"975\">Tabletts in Unternehmen<\/strong> oder auch f\u00fcr <strong data-start=\"944\" data-end=\"975\">Mahlzeiten<\/strong>, die <strong data-start=\"991\" data-end=\"1018\">nach Hause geliefert werden<\/strong>. Seine moderne Form und sein festliches Aussehen verleihen Ihren Zubereitungen eine elegante Note, die sie aufwertet.  <\/p>\n<p data-start=\"1122\" data-end=\"1393\">Dieses <strong>Tablett<\/strong> ist in <strong data-start=\"1137\" data-end=\"1150\">Packungen zu 50 St\u00fcck<\/strong> verpackt und entspricht den Bed\u00fcrfnissen von Berufst\u00e4tigen nach praktischen und zeitsparenden L\u00f6sungen. Sie m\u00fcssen sich keine Sorgen mehr um die Verpackung machen: Sie verf\u00fcgen \u00fcber einen ausreichenden Vorrat, um Ihre Dienste auch in Zeiten hoher Auslastung vorausschauend zu planen. <\/p>\n<p data-start=\"1395\" data-end=\"1623\">Wenn Sie sich f\u00fcr das <strong data-start=\"1413\" data-end=\"1464\">festliche Essenstablett zum Mitnehmen mit 5 F\u00e4chern<\/strong> entscheiden, verbinden Sie Praktikabilit\u00e4t, Hygiene und \u00c4sthetik. Es ist eine effiziente L\u00f6sung, die Ihre Organisation vereinfacht und gleichzeitig die Zufriedenheit Ihrer Kunden sicherstellt. <\/p>\n<p><!--more--><\/p>\n<p><strong>Vorteile :  <\/strong><\/p>\n<ul>\n<li>5 F\u00e4cher f\u00fcr eine komplette Mahlzeit gut getrennt.<\/li>\n<li>Gepflegte und festliche Pr\u00e4sentation, die Ihre Gerichte aufwertet.<\/li>\n<li>Widerstandsf\u00e4hig und praktisch f\u00fcr die professionelle Gastronomie.<\/li>\n<li>Verpackt zu 50 St\u00fcck, ideal, um Ihre Dienste vorwegzunehmen.<\/li>\n<li>Geeignet f\u00fcr Caterer, Unternehmen, Veranstaltungen und gelieferte Mahlzeiten.<\/li>\n<\/ul>\n<p>&nbsp;<\/p>\n<p><!--more--><\/p>\n<h4>Weitere Informationen :<\/h4>\n<ul>\n<li><strong>Verpackung<\/strong>: Packung mit 50 St\u00fcck<\/li>\n<li><strong>Ma\u00dfe<\/strong>: 315 x 220 x 30<\/li>\n<li><strong>Material<\/strong>: Polystyrol<\/li>\n<li><strong>Farbe<\/strong>: Wei\u00df<\/li>\n<\/ul>\n<p>&nbsp;<\/p>\n<p><!--more--><\/p>\n<p>Kompatibel mit den Deckeln <span style=\"color: #d12727;\"><br \/>\n  <a style=\"color: #d12727;\" href=\"https:\/\/www.csj-emballages.com\/produit\/25-couvercles-plastiques-pour-plateaux-repas-5-compartiments-festifs\/\">COPL5CFESTIF<\/a><br \/>\n<\/span><\/p>\n<p>&nbsp;<\/p>\n<p><!--more--><\/p>\n<p>Hier finden Sie unsere verschiedenen festlichen Tabletts mit unterschiedlichen F\u00e4chern: <span style=\"color: #d12727;\"><a style=\"color: #d12727;\" href=\"https:\/\/www.csj-emballages.com\/produit\/50-plateaux-repas-a-emporter-4-compartiments-festifs\/\">4 F\u00e4cher<\/a><\/span> \/ <span style=\"color: #d12727;\"><a style=\"color: #d12727;\" href=\"https:\/\/www.csj-emballages.com\/es\/produit\/25-bandejas-de-comida-para-llevar-6-compartimentos-festivos\/\">6 F\u00e4cher<\/a><\/span><\/p>\n<p>&nbsp;<\/p>\n<p><!--more--><\/p>\n<p><a href=\"https:\/\/www.csj-emballages.com\/de\/categorie-produit\/lebensmittelverpackungen\/metzgerei-und-feinkostgeschaft\/tabletts\/mahlzeitentabletts\/plastiktabletts-fur-mahlzeiten\/\">Sehen Sie sich den Rest unseres Angebots an Tabletts an.<\/a><\/p>\n","protected":false},"excerpt":{"rendered":"<p>Mahlzeitentablett Beschreibung von unserem Essenstablett zum Mitnehmen 5 F\u00e4cher festlich pro 50<\/p>\n","protected":false},"featured_media":240987,"template":"","meta":{"_acf_changed":false},"product_brand":[],"product_cat":[1137,1170,1344,1345,1346,6713,1134,1347,1349,1350],"product_tag":[],"class_list":{"0":"post-17148","1":"product","2":"type-product","3":"status-publish","4":"has-post-thumbnail","6":"product_cat-lebensmittelverpackungen","7":"product_cat-metzgerei-und-feinkostgeschaft","8":"product_cat-tabletts","9":"product_cat-mahlzeitentabletts","10":"product_cat-plastiktabletts-fur-mahlzeiten","11":"product_cat-festliche-tabletts","12":"product_cat-restauration-de","13":"product_cat-tabletts-de","14":"product_cat-einweg-mahlzeitentabletts","15":"product_cat-plastiktabletts-fur-mahlzeiten-de","17":"first","18":"instock","19":"taxable","20":"shipping-taxable","21":"purchasable","22":"product-type-simple"},"acf":[],"yoast_head":"<!-- This site is optimized with the Yoast SEO Premium plugin v26.6 (Yoast SEO v26.6) - https:\/\/yoast.com\/wordpress\/plugins\/seo\/ -->\n<title>Tablett &quot;Essen zum Mitnehmen&quot; 5 F\u00e4cher Festlich pro 50<\/title>\n<meta name=\"description\" content=\"Entdecken Sie das festliche 5-F\u00e4cher-Mahlzeitentablett zum Mitnehmen Par 50, praktisch und elegant f\u00fcr Catering, Veranstaltungen und gelieferte Mahlzeiten.\" \/>\n<meta name=\"robots\" content=\"index, follow, max-snippet:-1, max-image-preview:large, max-video-preview:-1\" \/>\n<link rel=\"canonical\" href=\"https:\/\/www.csj-emballages.com\/de\/produit\/50-mahlzeitentabletts-zum-mitnehmen-5-festliche-faecher\/\" \/>\n<meta property=\"og:locale\" content=\"de_DE\" \/>\n<meta property=\"og:type\" content=\"article\" \/>\n<meta property=\"og:title\" content=\"Mahlzeitentablett zum Mitnehmen 5 F\u00e4cher festlich pro 50\" \/>\n<meta property=\"og:description\" content=\"Entdecken Sie das festliche 5-F\u00e4cher-Mahlzeitentablett zum Mitnehmen Par 50, praktisch und elegant f\u00fcr Catering, Veranstaltungen und gelieferte Mahlzeiten.\" \/>\n<meta property=\"og:url\" content=\"https:\/\/www.csj-emballages.com\/de\/produit\/50-mahlzeitentabletts-zum-mitnehmen-5-festliche-faecher\/\" \/>\n<meta property=\"og:site_name\" content=\"CSJ Emballages\" \/>\n<meta property=\"article:publisher\" content=\"https:\/\/www.facebook.com\/csjemballages\" \/>\n<meta property=\"article:modified_time\" content=\"2026-04-21T00:15:16+00:00\" \/>\n<meta property=\"og:image\" content=\"https:\/\/www.csj-emballages.com\/wp-content\/uploads\/2024\/03\/PL5CFESTIF.webp\" \/>\n\t<meta property=\"og:image:width\" content=\"800\" \/>\n\t<meta property=\"og:image:height\" content=\"800\" \/>\n\t<meta property=\"og:image:type\" content=\"image\/webp\" \/>\n<meta name=\"twitter:card\" content=\"summary_large_image\" \/>\n<meta name=\"twitter:label1\" content=\"Gesch\u00e4tzte Lesezeit\" \/>\n\t<meta name=\"twitter:data1\" content=\"2 Minuten\" \/>\n<script type=\"application\/ld+json\" class=\"yoast-schema-graph\">{\"@context\":\"https:\/\/schema.org\",\"@graph\":[{\"@type\":\"WebPage\",\"@id\":\"https:\/\/www.csj-emballages.com\/de\/produit\/50-mahlzeitentabletts-zum-mitnehmen-5-festliche-faecher\/\",\"url\":\"https:\/\/www.csj-emballages.com\/de\/produit\/50-mahlzeitentabletts-zum-mitnehmen-5-festliche-faecher\/\",\"name\":\"Tablett \\\"Essen zum Mitnehmen\\\" 5 F\u00e4cher Festlich pro 50\",\"isPartOf\":{\"@id\":\"https:\/\/www.csj-emballages.com\/de\/#website\"},\"primaryImageOfPage\":{\"@id\":\"https:\/\/www.csj-emballages.com\/de\/produit\/50-mahlzeitentabletts-zum-mitnehmen-5-festliche-faecher\/#primaryimage\"},\"image\":{\"@id\":\"https:\/\/www.csj-emballages.com\/de\/produit\/50-mahlzeitentabletts-zum-mitnehmen-5-festliche-faecher\/#primaryimage\"},\"thumbnailUrl\":\"https:\/\/www.csj-emballages.com\/wp-content\/uploads\/2024\/03\/PL5CFESTIF.webp\",\"datePublished\":\"2024-03-01T16:00:22+00:00\",\"dateModified\":\"2026-04-21T00:15:16+00:00\",\"description\":\"Entdecken Sie das festliche 5-F\u00e4cher-Mahlzeitentablett zum Mitnehmen Par 50, praktisch und elegant f\u00fcr Catering, Veranstaltungen und gelieferte Mahlzeiten.\",\"breadcrumb\":{\"@id\":\"https:\/\/www.csj-emballages.com\/de\/produit\/50-mahlzeitentabletts-zum-mitnehmen-5-festliche-faecher\/#breadcrumb\"},\"inLanguage\":\"de\",\"potentialAction\":[{\"@type\":\"ReadAction\",\"target\":[\"https:\/\/www.csj-emballages.com\/de\/produit\/50-mahlzeitentabletts-zum-mitnehmen-5-festliche-faecher\/\"]}]},{\"@type\":\"ImageObject\",\"inLanguage\":\"de\",\"@id\":\"https:\/\/www.csj-emballages.com\/de\/produit\/50-mahlzeitentabletts-zum-mitnehmen-5-festliche-faecher\/#primaryimage\",\"url\":\"https:\/\/www.csj-emballages.com\/wp-content\/uploads\/2024\/03\/PL5CFESTIF.webp\",\"contentUrl\":\"https:\/\/www.csj-emballages.com\/wp-content\/uploads\/2024\/03\/PL5CFESTIF.webp\",\"width\":800,\"height\":800,\"caption\":\"Plateau repas\"},{\"@type\":\"BreadcrumbList\",\"@id\":\"https:\/\/www.csj-emballages.com\/de\/produit\/50-mahlzeitentabletts-zum-mitnehmen-5-festliche-faecher\/#breadcrumb\",\"itemListElement\":[{\"@type\":\"ListItem\",\"position\":1,\"name\":\"Accueil\",\"item\":\"https:\/\/www.csj-emballages.com\/de\/universum-lebensmittelverpackungen\/\"},{\"@type\":\"ListItem\",\"position\":2,\"name\":\"Shop\",\"item\":\"https:\/\/www.csj-emballages.com\/shop\/\"},{\"@type\":\"ListItem\",\"position\":3,\"name\":\"Mahlzeitentablett zum Mitnehmen 5 F\u00e4cher festlich pro 50\"}]},{\"@type\":\"WebSite\",\"@id\":\"https:\/\/www.csj-emballages.com\/de\/#website\",\"url\":\"https:\/\/www.csj-emballages.com\/de\/\",\"name\":\"CSJ Emballages\",\"description\":\"\",\"publisher\":{\"@id\":\"https:\/\/www.csj-emballages.com\/de\/#organization\"},\"potentialAction\":[{\"@type\":\"SearchAction\",\"target\":{\"@type\":\"EntryPoint\",\"urlTemplate\":\"https:\/\/www.csj-emballages.com\/de\/?s={search_term_string}\"},\"query-input\":{\"@type\":\"PropertyValueSpecification\",\"valueRequired\":true,\"valueName\":\"search_term_string\"}}],\"inLanguage\":\"de\"},{\"@type\":\"Organization\",\"@id\":\"https:\/\/www.csj-emballages.com\/de\/#Organization\/\",\"name\":\"CSJ Emballages\",\"url\":\"https:\/\/www.csj-emballages.com\/de\/\",\"logo\":{\"@type\":\"ImageObject\",\"inLanguage\":\"de\",\"@id\":\"https:\/\/www.csj-emballages.com\/de\/#\/schema\/logo\/image\/\",\"url\":\"https:\/\/www.csj-emballages.com\/wp-content\/uploads\/2023\/10\/logo_csj.webp\",\"contentUrl\":\"https:\/\/www.csj-emballages.com\/wp-content\/uploads\/2023\/10\/logo_csj.webp\",\"width\":250,\"height\":95,\"caption\":\"CSJ Emballages\"},\"image\":{\"@id\":\"https:\/\/www.csj-emballages.com\/de\/#\/schema\/logo\/image\/\"},\"sameAs\":[\"https:\/\/www.facebook.com\/csjemballages\"],\"address\":{\"@type\":\"PostalAddress\",\"streetAddress\":\"ZI La Lechere\",\"addressLocality\":\"Patornay\",\"postalCode\":\"39130\",\"addressCountry\":\"FR\"},\"contactPoint\":[{\"@type\":\"ContactPoint\",\"contactType\":\"Service client\",\"telephone\":\"0384254272\",\"email\":\"contact@csj-emballages.com\"}]}]}<\/script>\n<!-- \/ Yoast SEO Premium plugin. -->","yoast_head_json":{"title":"Tablett \"Essen zum Mitnehmen\" 5 F\u00e4cher Festlich pro 50","description":"Entdecken Sie das festliche 5-F\u00e4cher-Mahlzeitentablett zum Mitnehmen Par 50, praktisch und elegant f\u00fcr Catering, Veranstaltungen und gelieferte Mahlzeiten.","robots":{"index":"index","follow":"follow","max-snippet":"max-snippet:-1","max-image-preview":"max-image-preview:large","max-video-preview":"max-video-preview:-1"},"canonical":"https:\/\/www.csj-emballages.com\/de\/produit\/50-mahlzeitentabletts-zum-mitnehmen-5-festliche-faecher\/","og_locale":"de_DE","og_type":"article","og_title":"Mahlzeitentablett zum Mitnehmen 5 F\u00e4cher festlich pro 50","og_description":"Entdecken Sie das festliche 5-F\u00e4cher-Mahlzeitentablett zum Mitnehmen Par 50, praktisch und elegant f\u00fcr Catering, Veranstaltungen und gelieferte Mahlzeiten.","og_url":"https:\/\/www.csj-emballages.com\/de\/produit\/50-mahlzeitentabletts-zum-mitnehmen-5-festliche-faecher\/","og_site_name":"CSJ Emballages","article_publisher":"https:\/\/www.facebook.com\/csjemballages","article_modified_time":"2026-04-21T00:15:16+00:00","og_image":[{"width":800,"height":800,"url":"https:\/\/www.csj-emballages.com\/wp-content\/uploads\/2024\/03\/PL5CFESTIF.webp","type":"image\/webp"}],"twitter_card":"summary_large_image","twitter_misc":{"Gesch\u00e4tzte Lesezeit":"2 Minuten"},"schema":{"@context":"https:\/\/schema.org","@graph":[{"@type":"WebPage","@id":"https:\/\/www.csj-emballages.com\/de\/produit\/50-mahlzeitentabletts-zum-mitnehmen-5-festliche-faecher\/","url":"https:\/\/www.csj-emballages.com\/de\/produit\/50-mahlzeitentabletts-zum-mitnehmen-5-festliche-faecher\/","name":"Tablett \"Essen zum Mitnehmen\" 5 F\u00e4cher Festlich pro 50","isPartOf":{"@id":"https:\/\/www.csj-emballages.com\/de\/#website"},"primaryImageOfPage":{"@id":"https:\/\/www.csj-emballages.com\/de\/produit\/50-mahlzeitentabletts-zum-mitnehmen-5-festliche-faecher\/#primaryimage"},"image":{"@id":"https:\/\/www.csj-emballages.com\/de\/produit\/50-mahlzeitentabletts-zum-mitnehmen-5-festliche-faecher\/#primaryimage"},"thumbnailUrl":"https:\/\/www.csj-emballages.com\/wp-content\/uploads\/2024\/03\/PL5CFESTIF.webp","datePublished":"2024-03-01T16:00:22+00:00","dateModified":"2026-04-21T00:15:16+00:00","description":"Entdecken Sie das festliche 5-F\u00e4cher-Mahlzeitentablett zum Mitnehmen Par 50, praktisch und elegant f\u00fcr Catering, Veranstaltungen und gelieferte Mahlzeiten.","breadcrumb":{"@id":"https:\/\/www.csj-emballages.com\/de\/produit\/50-mahlzeitentabletts-zum-mitnehmen-5-festliche-faecher\/#breadcrumb"},"inLanguage":"de","potentialAction":[{"@type":"ReadAction","target":["https:\/\/www.csj-emballages.com\/de\/produit\/50-mahlzeitentabletts-zum-mitnehmen-5-festliche-faecher\/"]}]},{"@type":"ImageObject","inLanguage":"de","@id":"https:\/\/www.csj-emballages.com\/de\/produit\/50-mahlzeitentabletts-zum-mitnehmen-5-festliche-faecher\/#primaryimage","url":"https:\/\/www.csj-emballages.com\/wp-content\/uploads\/2024\/03\/PL5CFESTIF.webp","contentUrl":"https:\/\/www.csj-emballages.com\/wp-content\/uploads\/2024\/03\/PL5CFESTIF.webp","width":800,"height":800,"caption":"Plateau repas"},{"@type":"BreadcrumbList","@id":"https:\/\/www.csj-emballages.com\/de\/produit\/50-mahlzeitentabletts-zum-mitnehmen-5-festliche-faecher\/#breadcrumb","itemListElement":[{"@type":"ListItem","position":1,"name":"Accueil","item":"https:\/\/www.csj-emballages.com\/de\/universum-lebensmittelverpackungen\/"},{"@type":"ListItem","position":2,"name":"Shop","item":"https:\/\/www.csj-emballages.com\/shop\/"},{"@type":"ListItem","position":3,"name":"Mahlzeitentablett zum Mitnehmen 5 F\u00e4cher festlich pro 50"}]},{"@type":"WebSite","@id":"https:\/\/www.csj-emballages.com\/de\/#website","url":"https:\/\/www.csj-emballages.com\/de\/","name":"CSJ Emballages","description":"","publisher":{"@id":"https:\/\/www.csj-emballages.com\/de\/#organization"},"potentialAction":[{"@type":"SearchAction","target":{"@type":"EntryPoint","urlTemplate":"https:\/\/www.csj-emballages.com\/de\/?s={search_term_string}"},"query-input":{"@type":"PropertyValueSpecification","valueRequired":true,"valueName":"search_term_string"}}],"inLanguage":"de"},{"@type":"Organization","@id":"https:\/\/www.csj-emballages.com\/de\/#Organization\/","name":"CSJ Emballages","url":"https:\/\/www.csj-emballages.com\/de\/","logo":{"@type":"ImageObject","inLanguage":"de","@id":"https:\/\/www.csj-emballages.com\/de\/#\/schema\/logo\/image\/","url":"https:\/\/www.csj-emballages.com\/wp-content\/uploads\/2023\/10\/logo_csj.webp","contentUrl":"https:\/\/www.csj-emballages.com\/wp-content\/uploads\/2023\/10\/logo_csj.webp","width":250,"height":95,"caption":"CSJ Emballages"},"image":{"@id":"https:\/\/www.csj-emballages.com\/de\/#\/schema\/logo\/image\/"},"sameAs":["https:\/\/www.facebook.com\/csjemballages"],"address":{"@type":"PostalAddress","streetAddress":"ZI La Lechere","addressLocality":"Patornay","postalCode":"39130","addressCountry":"FR"},"contactPoint":[{"@type":"ContactPoint","contactType":"Service client","telephone":"0384254272","email":"contact@csj-emballages.com"}]}]}},"df_price":18.23,"df_sale_price":"","df_regular_price":18.23,"df_image_link":"https:\/\/www.csj-emballages.com\/wp-content\/uploads\/2024\/03\/PL5CFESTIF-300x300.webp","tiered_pricing_type":"fixed","tiered_pricing_fixed_rules":[],"tiered_pricing_percentage_rules":[],"tiered_pricing_minimum":1,"tiered_pricing_roles_data":[],"_links":{"self":[{"href":"https:\/\/www.csj-emballages.com\/de\/wp-json\/wp\/v2\/product\/17148","targetHints":{"allow":["GET"]}}],"collection":[{"href":"https:\/\/www.csj-emballages.com\/de\/wp-json\/wp\/v2\/product"}],"about":[{"href":"https:\/\/www.csj-emballages.com\/de\/wp-json\/wp\/v2\/types\/product"}],"wp:featuredmedia":[{"embeddable":true,"href":"https:\/\/www.csj-emballages.com\/de\/wp-json\/wp\/v2\/media\/240987"}],"wp:attachment":[{"href":"https:\/\/www.csj-emballages.com\/de\/wp-json\/wp\/v2\/media?parent=17148"}],"wp:term":[{"taxonomy":"product_brand","embeddable":true,"href":"https:\/\/www.csj-emballages.com\/de\/wp-json\/wp\/v2\/product_brand?post=17148"},{"taxonomy":"product_cat","embeddable":true,"href":"https:\/\/www.csj-emballages.com\/de\/wp-json\/wp\/v2\/product_cat?post=17148"},{"taxonomy":"product_tag","embeddable":true,"href":"https:\/\/www.csj-emballages.com\/de\/wp-json\/wp\/v2\/product_tag?post=17148"}],"curies":[{"name":"wp","href":"https:\/\/api.w.org\/{rel}","templated":true}]}}