{"id":17135,"date":"2024-03-01T17:00:20","date_gmt":"2024-03-01T16:00:20","guid":{"rendered":"https:\/\/u15jnbdpoq.preview.infomaniak.website\/produit\/fluessige-bleiche-96-5l\/"},"modified":"2026-04-25T02:10:14","modified_gmt":"2026-04-25T00:10:14","slug":"fluessige-bleiche-96-5l","status":"publish","type":"product","link":"https:\/\/www.csj-emballages.com\/de\/produit\/fluessige-bleiche-96-5l\/","title":{"rendered":"Fl\u00fcssigbleiche 9,6 % 5 L"},"content":{"rendered":"<h2 class=\"p1\">Fl\u00fcssigbleiche<\/h2>\n<hr>\n<h3>Beschreibung unserer Fl\u00fcssigbleiche 9,6 % 5 L<\/h3>\n<p><!--more--><\/p>\n<p data-start=\"261\" data-end=\"589\">Die <strong>fl\u00fcssige Bleiche, konzentriert auf 9,6 %<\/strong> im <strong>5-Liter<\/strong>&#8211;<strong>Kanister<\/strong>, ist ein Muss in allen Umgebungen, in denen Hygiene Priorit\u00e4t hat. Ob in der Gastronomie, in Gro\u00dfk\u00fcchen, in der Industrie oder sogar zu Hause \u2013 sie gew\u00e4hrleistet eine gr\u00fcndliche Reinigung, zuverl\u00e4ssige Desinfektion und effektive Geruchsbeseitigung. <\/p>\n<p data-start=\"591\" data-end=\"993\">Dank ihrer hohen Konzentration an aktivem Chlor ist dieses Produkt besonders wirksam bei der Beseitigung von Viren, Bakterien, Pilzen und Schimmel auf allen abwaschbaren Oberfl\u00e4chen: B\u00f6den, W\u00e4nden, Sanit\u00e4ranlagen, Arbeitsplatten, K\u00fcchenger\u00e4ten usw. Es kann auch zum Bleichen von <strong>Wei\u00dfw\u00e4sche<\/strong> (unter Einhaltung der Vorsichtsma\u00dfnahmen) und zur Behandlung von Abfl\u00fcssen verwendet werden. <\/p>\n<p data-start=\"995\" data-end=\"1236\">Mit ihrem <strong>5-L<\/strong>&#8211;<strong>Kanister<\/strong> ist sie einfach zu handhaben und kann je nach Bedarf pur oder verd\u00fcnnt verwendet werden. F\u00fcr den t\u00e4glichen Gebrauch gen\u00fcgt eine Verd\u00fcnnung auf <strong>2,5 %<\/strong>, um eine effektive Reinigung zu gew\u00e4hrleisten und gleichzeitig Risiken f\u00fcr empfindliche Oberfl\u00e4chen zu minimieren. <\/p>\n<p data-start=\"1238\" data-end=\"1456\">Ein zuverl\u00e4ssiger Verb\u00fcndeter f\u00fcr Profis, die Wert auf Hygiene und Sauberkeit legen, insbesondere in anspruchsvollen Umgebungen wie Restaurants, Gro\u00dfk\u00fcchen, Krankenh\u00e4usern oder Bildungseinrichtungen.<\/p>\n<p><!--more--><\/p>\n<h4><strong>Seine Vorteile :<\/strong><\/h4>\n<ul>\n<li><strong>Hohe Konzentration<\/strong>: verst\u00e4rkte Wirksamkeit mit 9,6 % aktivem Chlor.<\/li>\n<li>Desinfiziert, reinigt und desodoriert in einem Arbeitsgang.<\/li>\n<li><strong>Vielseitige Anwendung<\/strong>: Oberfl\u00e4chen, Sanit\u00e4ranlagen, W\u00e4sche, Abfl\u00fcsse.<\/li>\n<li>Wirtschaftliches und praktisches Format: 5-Liter-Kanister.<\/li>\n<li>Geeignet f\u00fcr Berufst\u00e4tige und Privatpersonen.<\/li>\n<\/ul>\n<p>&nbsp;<\/p>\n<p><!--more--><\/p>\n<h4>Weitere Informationen :<\/h4>\n<ul>\n<li><strong>Verpackung<\/strong>: Einzeln<\/li>\n<li><strong>Anwendung<\/strong>: Bleichmittel<\/li>\n<li><strong>Volumen<\/strong>: 5 Liter<\/li>\n<li><b>Chlorgehalt<\/b>: 9,6 %<\/li>\n<\/ul>\n<p>&nbsp;<\/p>\n<p><!--more--><\/p>\n<p>Hier finden Sie unsere Fl\u00fcssigbleiche 2,6 % 5 L: <span style=\"color: #d12727;\"><a style=\"color: #d12727;\" href=\"https:\/\/www.csj-emballages.com\/de\/produit\/fluessige-bleiche-26-5l\/\"><span style=\"color: #d12727;\">00785<\/span><\/a><\/span><\/p>\n<p>Oder auch unsere Bleichmitteltabletten 500 gr : <span style=\"color: #d12727;\"><a style=\"color: #d12727;\" href=\"https:\/\/www.csj-emballages.com\/de\/produit\/javeltabletten-500g\/\">0079500<\/a><\/span><\/p>\n<p>&nbsp;<\/p>\n<p><!--more--><\/p>\n<p><a href=\"https:\/\/www.csj-emballages.com\/de\/categorie-produit\/hygiene-und-pflege\/pflegeprodukte\/bleiche-und-andere\/\">Sehen Sie sich den Rest unseres Javelsortiments an<\/a><\/p>\n","protected":false},"excerpt":{"rendered":"<p>Fl\u00fcssigbleiche Beschreibung unserer Fl\u00fcssigbleiche 9,6 % 5 L<\/p>\n","protected":false},"featured_media":275108,"template":"","meta":{"_acf_changed":false},"product_brand":[],"product_cat":[1218,1219,1354],"product_tag":[],"class_list":{"0":"post-17135","1":"product","2":"type-product","3":"status-publish","4":"has-post-thumbnail","6":"product_cat-hygiene-und-pflege","7":"product_cat-pflegeprodukte","8":"product_cat-bleiche-und-andere","9":"product_shipping_class-verboten-in-staffeln","11":"first","12":"instock","13":"taxable","14":"shipping-taxable","15":"purchasable","16":"product-type-simple"},"acf":[],"yoast_head":"<!-- This site is optimized with the Yoast SEO Premium plugin v26.6 (Yoast SEO v26.6) - https:\/\/yoast.com\/wordpress\/plugins\/seo\/ -->\n<title>Fl\u00fcssigbleiche 9,6 % 5 L<\/title>\n<meta name=\"description\" content=\"Fl\u00fcssiges Bleichmittel, konzentriert auf 9,6 %. Dieses fl\u00fcssige Bleichwasser desinfiziert R\u00e4umlichkeiten, M\u00fclleimer, Materialien. Kanister mit 5 L.\" \/>\n<meta name=\"robots\" content=\"index, follow, max-snippet:-1, max-image-preview:large, max-video-preview:-1\" \/>\n<link rel=\"canonical\" href=\"https:\/\/www.csj-emballages.com\/de\/produit\/fluessige-bleiche-96-5l\/\" \/>\n<meta property=\"og:locale\" content=\"de_DE\" \/>\n<meta property=\"og:type\" content=\"article\" \/>\n<meta property=\"og:title\" content=\"Fl\u00fcssigbleiche 9,6 % 5 L\" \/>\n<meta property=\"og:description\" content=\"Fl\u00fcssiges Bleichmittel, konzentriert auf 9,6 %. Dieses fl\u00fcssige Bleichwasser desinfiziert R\u00e4umlichkeiten, M\u00fclleimer, Materialien. Kanister mit 5 L.\" \/>\n<meta property=\"og:url\" content=\"https:\/\/www.csj-emballages.com\/de\/produit\/fluessige-bleiche-96-5l\/\" \/>\n<meta property=\"og:site_name\" content=\"CSJ Emballages\" \/>\n<meta property=\"article:publisher\" content=\"https:\/\/www.facebook.com\/csjemballages\" \/>\n<meta property=\"article:modified_time\" content=\"2026-04-25T00:10:14+00:00\" \/>\n<meta property=\"og:image\" content=\"https:\/\/www.csj-emballages.com\/wp-content\/uploads\/2024\/03\/Javel-liquide.webp\" \/>\n\t<meta property=\"og:image:width\" content=\"800\" \/>\n\t<meta property=\"og:image:height\" content=\"800\" \/>\n\t<meta property=\"og:image:type\" content=\"image\/webp\" \/>\n<meta name=\"twitter:card\" content=\"summary_large_image\" \/>\n<meta name=\"twitter:label1\" content=\"Gesch\u00e4tzte Lesezeit\" \/>\n\t<meta name=\"twitter:data1\" content=\"1\u00a0Minute\" \/>\n<script type=\"application\/ld+json\" class=\"yoast-schema-graph\">{\"@context\":\"https:\/\/schema.org\",\"@graph\":[{\"@type\":\"WebPage\",\"@id\":\"https:\/\/www.csj-emballages.com\/de\/produit\/fluessige-bleiche-96-5l\/\",\"url\":\"https:\/\/www.csj-emballages.com\/de\/produit\/fluessige-bleiche-96-5l\/\",\"name\":\"Fl\u00fcssigbleiche 9,6 % 5 L\",\"isPartOf\":{\"@id\":\"https:\/\/www.csj-emballages.com\/de\/#website\"},\"primaryImageOfPage\":{\"@id\":\"https:\/\/www.csj-emballages.com\/de\/produit\/fluessige-bleiche-96-5l\/#primaryimage\"},\"image\":{\"@id\":\"https:\/\/www.csj-emballages.com\/de\/produit\/fluessige-bleiche-96-5l\/#primaryimage\"},\"thumbnailUrl\":\"https:\/\/www.csj-emballages.com\/wp-content\/uploads\/2024\/03\/Javel-liquide.webp\",\"datePublished\":\"2024-03-01T16:00:20+00:00\",\"dateModified\":\"2026-04-25T00:10:14+00:00\",\"description\":\"Fl\u00fcssiges Bleichmittel, konzentriert auf 9,6 %. Dieses fl\u00fcssige Bleichwasser desinfiziert R\u00e4umlichkeiten, M\u00fclleimer, Materialien. Kanister mit 5 L.\",\"breadcrumb\":{\"@id\":\"https:\/\/www.csj-emballages.com\/de\/produit\/fluessige-bleiche-96-5l\/#breadcrumb\"},\"inLanguage\":\"de\",\"potentialAction\":[{\"@type\":\"ReadAction\",\"target\":[\"https:\/\/www.csj-emballages.com\/de\/produit\/fluessige-bleiche-96-5l\/\"]}]},{\"@type\":\"ImageObject\",\"inLanguage\":\"de\",\"@id\":\"https:\/\/www.csj-emballages.com\/de\/produit\/fluessige-bleiche-96-5l\/#primaryimage\",\"url\":\"https:\/\/www.csj-emballages.com\/wp-content\/uploads\/2024\/03\/Javel-liquide.webp\",\"contentUrl\":\"https:\/\/www.csj-emballages.com\/wp-content\/uploads\/2024\/03\/Javel-liquide.webp\",\"width\":800,\"height\":800,\"caption\":\"Javel liquide\"},{\"@type\":\"BreadcrumbList\",\"@id\":\"https:\/\/www.csj-emballages.com\/de\/produit\/fluessige-bleiche-96-5l\/#breadcrumb\",\"itemListElement\":[{\"@type\":\"ListItem\",\"position\":1,\"name\":\"Accueil\",\"item\":\"https:\/\/www.csj-emballages.com\/de\/universum-lebensmittelverpackungen\/\"},{\"@type\":\"ListItem\",\"position\":2,\"name\":\"Shop\",\"item\":\"https:\/\/www.csj-emballages.com\/shop\/\"},{\"@type\":\"ListItem\",\"position\":3,\"name\":\"Fl\u00fcssigbleiche 9,6 % 5 L\"}]},{\"@type\":\"WebSite\",\"@id\":\"https:\/\/www.csj-emballages.com\/de\/#website\",\"url\":\"https:\/\/www.csj-emballages.com\/de\/\",\"name\":\"CSJ Emballages\",\"description\":\"\",\"publisher\":{\"@id\":\"https:\/\/www.csj-emballages.com\/de\/#organization\"},\"potentialAction\":[{\"@type\":\"SearchAction\",\"target\":{\"@type\":\"EntryPoint\",\"urlTemplate\":\"https:\/\/www.csj-emballages.com\/de\/?s={search_term_string}\"},\"query-input\":{\"@type\":\"PropertyValueSpecification\",\"valueRequired\":true,\"valueName\":\"search_term_string\"}}],\"inLanguage\":\"de\"},{\"@type\":\"Organization\",\"@id\":\"https:\/\/www.csj-emballages.com\/de\/#Organization\/\",\"name\":\"CSJ Emballages\",\"url\":\"https:\/\/www.csj-emballages.com\/de\/\",\"logo\":{\"@type\":\"ImageObject\",\"inLanguage\":\"de\",\"@id\":\"https:\/\/www.csj-emballages.com\/de\/#\/schema\/logo\/image\/\",\"url\":\"https:\/\/www.csj-emballages.com\/wp-content\/uploads\/2023\/10\/logo_csj.webp\",\"contentUrl\":\"https:\/\/www.csj-emballages.com\/wp-content\/uploads\/2023\/10\/logo_csj.webp\",\"width\":250,\"height\":95,\"caption\":\"CSJ Emballages\"},\"image\":{\"@id\":\"https:\/\/www.csj-emballages.com\/de\/#\/schema\/logo\/image\/\"},\"sameAs\":[\"https:\/\/www.facebook.com\/csjemballages\"],\"address\":{\"@type\":\"PostalAddress\",\"streetAddress\":\"ZI La Lechere\",\"addressLocality\":\"Patornay\",\"postalCode\":\"39130\",\"addressCountry\":\"FR\"},\"contactPoint\":[{\"@type\":\"ContactPoint\",\"contactType\":\"Service client\",\"telephone\":\"0384254272\",\"email\":\"contact@csj-emballages.com\"}]}]}<\/script>\n<!-- \/ Yoast SEO Premium plugin. -->","yoast_head_json":{"title":"Fl\u00fcssigbleiche 9,6 % 5 L","description":"Fl\u00fcssiges Bleichmittel, konzentriert auf 9,6 %. Dieses fl\u00fcssige Bleichwasser desinfiziert R\u00e4umlichkeiten, M\u00fclleimer, Materialien. Kanister mit 5 L.","robots":{"index":"index","follow":"follow","max-snippet":"max-snippet:-1","max-image-preview":"max-image-preview:large","max-video-preview":"max-video-preview:-1"},"canonical":"https:\/\/www.csj-emballages.com\/de\/produit\/fluessige-bleiche-96-5l\/","og_locale":"de_DE","og_type":"article","og_title":"Fl\u00fcssigbleiche 9,6 % 5 L","og_description":"Fl\u00fcssiges Bleichmittel, konzentriert auf 9,6 %. Dieses fl\u00fcssige Bleichwasser desinfiziert R\u00e4umlichkeiten, M\u00fclleimer, Materialien. Kanister mit 5 L.","og_url":"https:\/\/www.csj-emballages.com\/de\/produit\/fluessige-bleiche-96-5l\/","og_site_name":"CSJ Emballages","article_publisher":"https:\/\/www.facebook.com\/csjemballages","article_modified_time":"2026-04-25T00:10:14+00:00","og_image":[{"width":800,"height":800,"url":"https:\/\/www.csj-emballages.com\/wp-content\/uploads\/2024\/03\/Javel-liquide.webp","type":"image\/webp"}],"twitter_card":"summary_large_image","twitter_misc":{"Gesch\u00e4tzte Lesezeit":"1\u00a0Minute"},"schema":{"@context":"https:\/\/schema.org","@graph":[{"@type":"WebPage","@id":"https:\/\/www.csj-emballages.com\/de\/produit\/fluessige-bleiche-96-5l\/","url":"https:\/\/www.csj-emballages.com\/de\/produit\/fluessige-bleiche-96-5l\/","name":"Fl\u00fcssigbleiche 9,6 % 5 L","isPartOf":{"@id":"https:\/\/www.csj-emballages.com\/de\/#website"},"primaryImageOfPage":{"@id":"https:\/\/www.csj-emballages.com\/de\/produit\/fluessige-bleiche-96-5l\/#primaryimage"},"image":{"@id":"https:\/\/www.csj-emballages.com\/de\/produit\/fluessige-bleiche-96-5l\/#primaryimage"},"thumbnailUrl":"https:\/\/www.csj-emballages.com\/wp-content\/uploads\/2024\/03\/Javel-liquide.webp","datePublished":"2024-03-01T16:00:20+00:00","dateModified":"2026-04-25T00:10:14+00:00","description":"Fl\u00fcssiges Bleichmittel, konzentriert auf 9,6 %. Dieses fl\u00fcssige Bleichwasser desinfiziert R\u00e4umlichkeiten, M\u00fclleimer, Materialien. Kanister mit 5 L.","breadcrumb":{"@id":"https:\/\/www.csj-emballages.com\/de\/produit\/fluessige-bleiche-96-5l\/#breadcrumb"},"inLanguage":"de","potentialAction":[{"@type":"ReadAction","target":["https:\/\/www.csj-emballages.com\/de\/produit\/fluessige-bleiche-96-5l\/"]}]},{"@type":"ImageObject","inLanguage":"de","@id":"https:\/\/www.csj-emballages.com\/de\/produit\/fluessige-bleiche-96-5l\/#primaryimage","url":"https:\/\/www.csj-emballages.com\/wp-content\/uploads\/2024\/03\/Javel-liquide.webp","contentUrl":"https:\/\/www.csj-emballages.com\/wp-content\/uploads\/2024\/03\/Javel-liquide.webp","width":800,"height":800,"caption":"Javel liquide"},{"@type":"BreadcrumbList","@id":"https:\/\/www.csj-emballages.com\/de\/produit\/fluessige-bleiche-96-5l\/#breadcrumb","itemListElement":[{"@type":"ListItem","position":1,"name":"Accueil","item":"https:\/\/www.csj-emballages.com\/de\/universum-lebensmittelverpackungen\/"},{"@type":"ListItem","position":2,"name":"Shop","item":"https:\/\/www.csj-emballages.com\/shop\/"},{"@type":"ListItem","position":3,"name":"Fl\u00fcssigbleiche 9,6 % 5 L"}]},{"@type":"WebSite","@id":"https:\/\/www.csj-emballages.com\/de\/#website","url":"https:\/\/www.csj-emballages.com\/de\/","name":"CSJ Emballages","description":"","publisher":{"@id":"https:\/\/www.csj-emballages.com\/de\/#organization"},"potentialAction":[{"@type":"SearchAction","target":{"@type":"EntryPoint","urlTemplate":"https:\/\/www.csj-emballages.com\/de\/?s={search_term_string}"},"query-input":{"@type":"PropertyValueSpecification","valueRequired":true,"valueName":"search_term_string"}}],"inLanguage":"de"},{"@type":"Organization","@id":"https:\/\/www.csj-emballages.com\/de\/#Organization\/","name":"CSJ Emballages","url":"https:\/\/www.csj-emballages.com\/de\/","logo":{"@type":"ImageObject","inLanguage":"de","@id":"https:\/\/www.csj-emballages.com\/de\/#\/schema\/logo\/image\/","url":"https:\/\/www.csj-emballages.com\/wp-content\/uploads\/2023\/10\/logo_csj.webp","contentUrl":"https:\/\/www.csj-emballages.com\/wp-content\/uploads\/2023\/10\/logo_csj.webp","width":250,"height":95,"caption":"CSJ Emballages"},"image":{"@id":"https:\/\/www.csj-emballages.com\/de\/#\/schema\/logo\/image\/"},"sameAs":["https:\/\/www.facebook.com\/csjemballages"],"address":{"@type":"PostalAddress","streetAddress":"ZI La Lechere","addressLocality":"Patornay","postalCode":"39130","addressCountry":"FR"},"contactPoint":[{"@type":"ContactPoint","contactType":"Service client","telephone":"0384254272","email":"contact@csj-emballages.com"}]}]}},"df_price":10.26,"df_sale_price":"","df_regular_price":10.26,"df_image_link":"https:\/\/www.csj-emballages.com\/wp-content\/uploads\/2024\/03\/Javel-liquide-300x300.webp","tiered_pricing_type":"fixed","tiered_pricing_fixed_rules":[],"tiered_pricing_percentage_rules":[],"tiered_pricing_minimum":1,"tiered_pricing_roles_data":[],"_links":{"self":[{"href":"https:\/\/www.csj-emballages.com\/de\/wp-json\/wp\/v2\/product\/17135","targetHints":{"allow":["GET"]}}],"collection":[{"href":"https:\/\/www.csj-emballages.com\/de\/wp-json\/wp\/v2\/product"}],"about":[{"href":"https:\/\/www.csj-emballages.com\/de\/wp-json\/wp\/v2\/types\/product"}],"wp:featuredmedia":[{"embeddable":true,"href":"https:\/\/www.csj-emballages.com\/de\/wp-json\/wp\/v2\/media\/275108"}],"wp:attachment":[{"href":"https:\/\/www.csj-emballages.com\/de\/wp-json\/wp\/v2\/media?parent=17135"}],"wp:term":[{"taxonomy":"product_brand","embeddable":true,"href":"https:\/\/www.csj-emballages.com\/de\/wp-json\/wp\/v2\/product_brand?post=17135"},{"taxonomy":"product_cat","embeddable":true,"href":"https:\/\/www.csj-emballages.com\/de\/wp-json\/wp\/v2\/product_cat?post=17135"},{"taxonomy":"product_tag","embeddable":true,"href":"https:\/\/www.csj-emballages.com\/de\/wp-json\/wp\/v2\/product_tag?post=17135"}],"curies":[{"name":"wp","href":"https:\/\/api.w.org\/{rel}","templated":true}]}}