{"id":17134,"date":"2024-03-20T12:07:41","date_gmt":"2024-03-20T11:07:41","guid":{"rendered":"https:\/\/u15jnbdpoq.preview.infomaniak.website\/produit\/50-patisserie-schachteln-aus-farbigem-karton-23-x-5-cm-a-croquer\/"},"modified":"2026-04-27T08:01:00","modified_gmt":"2026-04-27T06:01:00","slug":"50-patisserie-schachteln-aus-farbigem-karton-23-x-5-cm-a-croquer","status":"publish","type":"product","link":"https:\/\/www.csj-emballages.com\/de\/produit\/50-patisserie-schachteln-aus-farbigem-karton-23-x-5-cm-a-croquer\/","title":{"rendered":"50 Patisserie-Schachteln aus farbigem Karton 23 x 5 cm A Croquer"},"content":{"rendered":"<h2>Geb\u00e4ckschachteln &#8222;Zum Anbei\u00dfen&#8220; farbig 23 x 5 cm &#8211; 50 St\u00fcck<\/h2>\n<div style=\"font-family: Roboto, sans-serif;\">\n<div style=\"font-family: Roboto, sans-serif;\">\n<div style=\"font-family: Roboto, sans-serif;\">\n<div style=\"font-family: Roboto, sans-serif;\">\n<div style=\"font-family: Roboto, sans-serif;\">\n<div style=\"font-family: Roboto, sans-serif;\">\n<hr>\n<h3>Beschreibung des Produkts<\/h3>\n<p><!--more--><\/p>\n<p>Entdecken Sie unsere Kollektion farbenfroher Geb\u00e4ckdosen, Modell &#8222;\u00c0 Croquer&#8220;, Gr\u00f6\u00dfe 23 x 5 cm. Diese Dosen wurden entwickelt, um Ihre Backkreationen zu veredeln und bieten eine bescheidene und praktische Pr\u00e4sentation. Ihr farbenfrohes Design verleiht jeder Veranstaltung eine festliche Note. Sie sind aus hochwertigen Materialien hergestellt und garantieren den Schutz Ihrer k\u00f6stlichen Backwaren. Au\u00dferdem ist ihre Gr\u00f6\u00dfe ideal f\u00fcr den sicheren Transport Ihrer S\u00fc\u00dfigkeiten. Mit diesen Boxen bleiben Ihre Kuchen l\u00e4nger frisch und sind vor St\u00f6\u00dfen gesch\u00fctzt. Mit der richtigen Kapazit\u00e4t sind sie ideal f\u00fcr Einzelportionen oder kleine Portionen. Sie lassen sich dank des genialen Faltsystems einfach und ohne Klebstoff aufstellen. So sparen Sie Zeit bei der Vorbereitung Ihrer Bestellungen.        <\/p>\n<p>Verwenden Sie sie f\u00fcr besondere Anl\u00e4sse wie Geburtstage, Hochzeiten oder Partys. Diese Schachteln sind auch ideal f\u00fcr professionelle Konditoren, die ihren Kunden eine gepflegte Pr\u00e4sentation bieten m\u00f6chten. <\/p>\n<p>Z\u00f6gern Sie nicht l\u00e4nger und entscheiden Sie sich f\u00fcr Bescheidenheit mit unseren farbenfrohen Konditoreidosen &#8222;\u00c0 Croquer&#8220;.<\/p>\n<p><strong>Ihre Vorteile :<\/strong><\/p>\n<ul>\n<li><strong>Praktisch<\/strong>: Einfacher und schneller Aufbau, spart viel Zeit in der K\u00fcche.<\/li>\n<li><strong>\u00c4sthetik<\/strong>: Vereinen \u00c4sthetik, Zweckm\u00e4\u00dfigkeit und Schutz und verwandeln jede Backkreation in ein Meisterwerk.<\/li>\n<li><strong>Vielseitig<\/strong> verwendbar: geeignet f\u00fcr eine Vielzahl von Backwaren: Kuchen, Kekse, Torten, etc.<\/li>\n<\/ul>\n<\/div>\n<\/div>\n<\/div>\n<\/div>\n<\/div>\n<\/div>\n<p><!--more--><\/p>\n<p>Erh\u00e4ltlich in verschiedenen Gr\u00f6\u00dfen : <span style=\"color: #d12727;\"><br \/>\n  <a style=\"color: #d12727;\" href=\"https:\/\/www.csj-emballages.com\/produit\/50-boites-patissieres-carton-colorees-18-x-8-cm-a-croquer\/\"><br \/>\n    <span style=\"color: #d12727;\">18 x 8 cm<\/span><br \/>\n  <\/a><br \/>\n<\/span> \/ <span style=\"color: #d12727;\"><br \/>\n  <a style=\"color: #d12727;\" href=\"https:\/\/www.csj-emballages.com\/produit\/50-boites-patissieres-carton-colorees-20-x-8-cm-a-croquer\/\">20 x 8 cm<\/a><br \/>\n<\/span><\/p>\n<p>&nbsp;<\/p>\n<p><!--more--><\/p>\n<p><a href=\"\/?product_cat=boites-patissieres-colorees-a-croquer\">Hier finden Sie den Rest unseres Sortiments an Geb\u00e4ckdosen &#8222;Zum Anbei\u00dfen&#8220;.<\/a><\/p>\n<p>&nbsp;<\/p>\n<p><!--more--><\/p>\n<p><a href=\"https:\/\/www.csj-emballages.com\/de\/categorie-produit\/lebensmittelverpackungen\/backerei-und-konditorei\/kisten-de\/gebackkisten-mit-griffen\/farbige-gebackkisten\/\">Sehen Sie hier unsere Konditoreikisten &#8222;\u00c0 Croquer&#8220;.<\/a><\/p>\n","protected":false},"excerpt":{"rendered":"<p>Geb\u00e4ckschachteln &#8222;Zum Anbei\u00dfen&#8220; farbig 23 x 5 cm &#8211; 50 St\u00fcck Beschreibung des Produkts<\/p>\n","protected":false},"featured_media":14507,"template":"","meta":{"_acf_changed":false},"product_brand":[],"product_cat":[1137,1171,3964,1256,1261,9271,1265],"product_tag":[],"class_list":{"0":"post-17134","1":"product","2":"type-product","3":"status-publish","4":"has-post-thumbnail","6":"product_cat-lebensmittelverpackungen","7":"product_cat-backerei-und-konditorei","8":"product_cat-schachteln-und-etuis","9":"product_cat-gebackschachteln","10":"product_cat-bunte-gebackschachteln","11":"product_cat-bunte-keksdosen-lektion","12":"product_cat-lagerbestande-promotion","14":"first","15":"instock","16":"sale","17":"taxable","18":"shipping-taxable","19":"purchasable","20":"product-type-simple"},"acf":[],"yoast_head":"<!-- This site is optimized with the Yoast SEO Premium plugin v26.6 (Yoast SEO v26.6) - https:\/\/yoast.com\/wordpress\/plugins\/seo\/ -->\n<title>Bunte Geb\u00e4ckdosen A Croquer 23 x 5 cm \/ CSJ Verpackungen<\/title>\n<meta name=\"description\" content=\"Farbige Geb\u00e4ckschachteln \u00c0 Croquer aus Karton, 23 x 5 cm. Ideal zum Verpacken und Transportieren Ihrer h\u00fcbschen Backkreationen!\" \/>\n<meta name=\"robots\" content=\"index, follow, max-snippet:-1, max-image-preview:large, max-video-preview:-1\" \/>\n<link rel=\"canonical\" href=\"https:\/\/www.csj-emballages.com\/de\/produit\/50-patisserie-schachteln-aus-farbigem-karton-23-x-5-cm-a-croquer\/\" \/>\n<meta property=\"og:locale\" content=\"de_DE\" \/>\n<meta property=\"og:type\" content=\"article\" \/>\n<meta property=\"og:title\" content=\"50 Patisserie-Schachteln aus farbigem Karton 23 x 5 cm A Croquer\" \/>\n<meta property=\"og:description\" content=\"Farbige Geb\u00e4ckschachteln \u00c0 Croquer aus Karton, 23 x 5 cm. Ideal zum Verpacken und Transportieren Ihrer h\u00fcbschen Backkreationen!\" \/>\n<meta property=\"og:url\" content=\"https:\/\/www.csj-emballages.com\/de\/produit\/50-patisserie-schachteln-aus-farbigem-karton-23-x-5-cm-a-croquer\/\" \/>\n<meta property=\"og:site_name\" content=\"CSJ Emballages\" \/>\n<meta property=\"article:publisher\" content=\"https:\/\/www.facebook.com\/csjemballages\" \/>\n<meta property=\"article:modified_time\" content=\"2026-04-27T06:01:00+00:00\" \/>\n<meta property=\"og:image\" content=\"https:\/\/www.csj-emballages.com\/wp-content\/uploads\/2024\/03\/Capture_d_ecran_2024-04-03_a_11.01.45-removebg-preview-e1712134959899.png\" \/>\n\t<meta property=\"og:image:width\" content=\"300\" \/>\n\t<meta property=\"og:image:height\" content=\"300\" \/>\n\t<meta property=\"og:image:type\" content=\"image\/png\" \/>\n<meta name=\"twitter:card\" content=\"summary_large_image\" \/>\n<meta name=\"twitter:label1\" content=\"Gesch\u00e4tzte Lesezeit\" \/>\n\t<meta name=\"twitter:data1\" content=\"1\u00a0Minute\" \/>\n<script type=\"application\/ld+json\" class=\"yoast-schema-graph\">{\"@context\":\"https:\/\/schema.org\",\"@graph\":[{\"@type\":\"WebPage\",\"@id\":\"https:\/\/www.csj-emballages.com\/de\/produit\/50-patisserie-schachteln-aus-farbigem-karton-23-x-5-cm-a-croquer\/\",\"url\":\"https:\/\/www.csj-emballages.com\/de\/produit\/50-patisserie-schachteln-aus-farbigem-karton-23-x-5-cm-a-croquer\/\",\"name\":\"Bunte Geb\u00e4ckdosen A Croquer 23 x 5 cm \/ CSJ Verpackungen\",\"isPartOf\":{\"@id\":\"https:\/\/www.csj-emballages.com\/de\/#website\"},\"primaryImageOfPage\":{\"@id\":\"https:\/\/www.csj-emballages.com\/de\/produit\/50-patisserie-schachteln-aus-farbigem-karton-23-x-5-cm-a-croquer\/#primaryimage\"},\"image\":{\"@id\":\"https:\/\/www.csj-emballages.com\/de\/produit\/50-patisserie-schachteln-aus-farbigem-karton-23-x-5-cm-a-croquer\/#primaryimage\"},\"thumbnailUrl\":\"https:\/\/www.csj-emballages.com\/wp-content\/uploads\/2024\/03\/Capture_d_ecran_2024-04-03_a_11.01.45-removebg-preview-e1712134959899.png\",\"datePublished\":\"2024-03-20T11:07:41+00:00\",\"dateModified\":\"2026-04-27T06:01:00+00:00\",\"description\":\"Farbige Geb\u00e4ckschachteln \u00c0 Croquer aus Karton, 23 x 5 cm. Ideal zum Verpacken und Transportieren Ihrer h\u00fcbschen Backkreationen!\",\"breadcrumb\":{\"@id\":\"https:\/\/www.csj-emballages.com\/de\/produit\/50-patisserie-schachteln-aus-farbigem-karton-23-x-5-cm-a-croquer\/#breadcrumb\"},\"inLanguage\":\"de\",\"potentialAction\":[{\"@type\":\"ReadAction\",\"target\":[\"https:\/\/www.csj-emballages.com\/de\/produit\/50-patisserie-schachteln-aus-farbigem-karton-23-x-5-cm-a-croquer\/\"]}]},{\"@type\":\"ImageObject\",\"inLanguage\":\"de\",\"@id\":\"https:\/\/www.csj-emballages.com\/de\/produit\/50-patisserie-schachteln-aus-farbigem-karton-23-x-5-cm-a-croquer\/#primaryimage\",\"url\":\"https:\/\/www.csj-emballages.com\/wp-content\/uploads\/2024\/03\/Capture_d_ecran_2024-04-03_a_11.01.45-removebg-preview-e1712134959899.png\",\"contentUrl\":\"https:\/\/www.csj-emballages.com\/wp-content\/uploads\/2024\/03\/Capture_d_ecran_2024-04-03_a_11.01.45-removebg-preview-e1712134959899.png\",\"width\":300,\"height\":300,\"caption\":\"Boites p\u00e2tissi\u00e8res color\u00e9es A Croquer\"},{\"@type\":\"BreadcrumbList\",\"@id\":\"https:\/\/www.csj-emballages.com\/de\/produit\/50-patisserie-schachteln-aus-farbigem-karton-23-x-5-cm-a-croquer\/#breadcrumb\",\"itemListElement\":[{\"@type\":\"ListItem\",\"position\":1,\"name\":\"Accueil\",\"item\":\"https:\/\/www.csj-emballages.com\/de\/universum-lebensmittelverpackungen\/\"},{\"@type\":\"ListItem\",\"position\":2,\"name\":\"Shop\",\"item\":\"https:\/\/www.csj-emballages.com\/shop\/\"},{\"@type\":\"ListItem\",\"position\":3,\"name\":\"50 Patisserie-Schachteln aus farbigem Karton 23 x 5 cm A Croquer\"}]},{\"@type\":\"WebSite\",\"@id\":\"https:\/\/www.csj-emballages.com\/de\/#website\",\"url\":\"https:\/\/www.csj-emballages.com\/de\/\",\"name\":\"CSJ Emballages\",\"description\":\"\",\"publisher\":{\"@id\":\"https:\/\/www.csj-emballages.com\/de\/#organization\"},\"potentialAction\":[{\"@type\":\"SearchAction\",\"target\":{\"@type\":\"EntryPoint\",\"urlTemplate\":\"https:\/\/www.csj-emballages.com\/de\/?s={search_term_string}\"},\"query-input\":{\"@type\":\"PropertyValueSpecification\",\"valueRequired\":true,\"valueName\":\"search_term_string\"}}],\"inLanguage\":\"de\"},{\"@type\":\"Organization\",\"@id\":\"https:\/\/www.csj-emballages.com\/de\/#Organization\/\",\"name\":\"CSJ Emballages\",\"url\":\"https:\/\/www.csj-emballages.com\/de\/\",\"logo\":{\"@type\":\"ImageObject\",\"inLanguage\":\"de\",\"@id\":\"https:\/\/www.csj-emballages.com\/de\/#\/schema\/logo\/image\/\",\"url\":\"https:\/\/www.csj-emballages.com\/wp-content\/uploads\/2023\/10\/logo_csj.webp\",\"contentUrl\":\"https:\/\/www.csj-emballages.com\/wp-content\/uploads\/2023\/10\/logo_csj.webp\",\"width\":250,\"height\":95,\"caption\":\"CSJ Emballages\"},\"image\":{\"@id\":\"https:\/\/www.csj-emballages.com\/de\/#\/schema\/logo\/image\/\"},\"sameAs\":[\"https:\/\/www.facebook.com\/csjemballages\"],\"address\":{\"@type\":\"PostalAddress\",\"streetAddress\":\"ZI La Lechere\",\"addressLocality\":\"Patornay\",\"postalCode\":\"39130\",\"addressCountry\":\"FR\"},\"contactPoint\":[{\"@type\":\"ContactPoint\",\"contactType\":\"Service client\",\"telephone\":\"0384254272\",\"email\":\"contact@csj-emballages.com\"}]}]}<\/script>\n<!-- \/ Yoast SEO Premium plugin. -->","yoast_head_json":{"title":"Bunte Geb\u00e4ckdosen A Croquer 23 x 5 cm \/ CSJ Verpackungen","description":"Farbige Geb\u00e4ckschachteln \u00c0 Croquer aus Karton, 23 x 5 cm. Ideal zum Verpacken und Transportieren Ihrer h\u00fcbschen Backkreationen!","robots":{"index":"index","follow":"follow","max-snippet":"max-snippet:-1","max-image-preview":"max-image-preview:large","max-video-preview":"max-video-preview:-1"},"canonical":"https:\/\/www.csj-emballages.com\/de\/produit\/50-patisserie-schachteln-aus-farbigem-karton-23-x-5-cm-a-croquer\/","og_locale":"de_DE","og_type":"article","og_title":"50 Patisserie-Schachteln aus farbigem Karton 23 x 5 cm A Croquer","og_description":"Farbige Geb\u00e4ckschachteln \u00c0 Croquer aus Karton, 23 x 5 cm. Ideal zum Verpacken und Transportieren Ihrer h\u00fcbschen Backkreationen!","og_url":"https:\/\/www.csj-emballages.com\/de\/produit\/50-patisserie-schachteln-aus-farbigem-karton-23-x-5-cm-a-croquer\/","og_site_name":"CSJ Emballages","article_publisher":"https:\/\/www.facebook.com\/csjemballages","article_modified_time":"2026-04-27T06:01:00+00:00","og_image":[{"width":300,"height":300,"url":"https:\/\/www.csj-emballages.com\/wp-content\/uploads\/2024\/03\/Capture_d_ecran_2024-04-03_a_11.01.45-removebg-preview-e1712134959899.png","type":"image\/png"}],"twitter_card":"summary_large_image","twitter_misc":{"Gesch\u00e4tzte Lesezeit":"1\u00a0Minute"},"schema":{"@context":"https:\/\/schema.org","@graph":[{"@type":"WebPage","@id":"https:\/\/www.csj-emballages.com\/de\/produit\/50-patisserie-schachteln-aus-farbigem-karton-23-x-5-cm-a-croquer\/","url":"https:\/\/www.csj-emballages.com\/de\/produit\/50-patisserie-schachteln-aus-farbigem-karton-23-x-5-cm-a-croquer\/","name":"Bunte Geb\u00e4ckdosen A Croquer 23 x 5 cm \/ CSJ Verpackungen","isPartOf":{"@id":"https:\/\/www.csj-emballages.com\/de\/#website"},"primaryImageOfPage":{"@id":"https:\/\/www.csj-emballages.com\/de\/produit\/50-patisserie-schachteln-aus-farbigem-karton-23-x-5-cm-a-croquer\/#primaryimage"},"image":{"@id":"https:\/\/www.csj-emballages.com\/de\/produit\/50-patisserie-schachteln-aus-farbigem-karton-23-x-5-cm-a-croquer\/#primaryimage"},"thumbnailUrl":"https:\/\/www.csj-emballages.com\/wp-content\/uploads\/2024\/03\/Capture_d_ecran_2024-04-03_a_11.01.45-removebg-preview-e1712134959899.png","datePublished":"2024-03-20T11:07:41+00:00","dateModified":"2026-04-27T06:01:00+00:00","description":"Farbige Geb\u00e4ckschachteln \u00c0 Croquer aus Karton, 23 x 5 cm. Ideal zum Verpacken und Transportieren Ihrer h\u00fcbschen Backkreationen!","breadcrumb":{"@id":"https:\/\/www.csj-emballages.com\/de\/produit\/50-patisserie-schachteln-aus-farbigem-karton-23-x-5-cm-a-croquer\/#breadcrumb"},"inLanguage":"de","potentialAction":[{"@type":"ReadAction","target":["https:\/\/www.csj-emballages.com\/de\/produit\/50-patisserie-schachteln-aus-farbigem-karton-23-x-5-cm-a-croquer\/"]}]},{"@type":"ImageObject","inLanguage":"de","@id":"https:\/\/www.csj-emballages.com\/de\/produit\/50-patisserie-schachteln-aus-farbigem-karton-23-x-5-cm-a-croquer\/#primaryimage","url":"https:\/\/www.csj-emballages.com\/wp-content\/uploads\/2024\/03\/Capture_d_ecran_2024-04-03_a_11.01.45-removebg-preview-e1712134959899.png","contentUrl":"https:\/\/www.csj-emballages.com\/wp-content\/uploads\/2024\/03\/Capture_d_ecran_2024-04-03_a_11.01.45-removebg-preview-e1712134959899.png","width":300,"height":300,"caption":"Boites p\u00e2tissi\u00e8res color\u00e9es A Croquer"},{"@type":"BreadcrumbList","@id":"https:\/\/www.csj-emballages.com\/de\/produit\/50-patisserie-schachteln-aus-farbigem-karton-23-x-5-cm-a-croquer\/#breadcrumb","itemListElement":[{"@type":"ListItem","position":1,"name":"Accueil","item":"https:\/\/www.csj-emballages.com\/de\/universum-lebensmittelverpackungen\/"},{"@type":"ListItem","position":2,"name":"Shop","item":"https:\/\/www.csj-emballages.com\/shop\/"},{"@type":"ListItem","position":3,"name":"50 Patisserie-Schachteln aus farbigem Karton 23 x 5 cm A Croquer"}]},{"@type":"WebSite","@id":"https:\/\/www.csj-emballages.com\/de\/#website","url":"https:\/\/www.csj-emballages.com\/de\/","name":"CSJ Emballages","description":"","publisher":{"@id":"https:\/\/www.csj-emballages.com\/de\/#organization"},"potentialAction":[{"@type":"SearchAction","target":{"@type":"EntryPoint","urlTemplate":"https:\/\/www.csj-emballages.com\/de\/?s={search_term_string}"},"query-input":{"@type":"PropertyValueSpecification","valueRequired":true,"valueName":"search_term_string"}}],"inLanguage":"de"},{"@type":"Organization","@id":"https:\/\/www.csj-emballages.com\/de\/#Organization\/","name":"CSJ Emballages","url":"https:\/\/www.csj-emballages.com\/de\/","logo":{"@type":"ImageObject","inLanguage":"de","@id":"https:\/\/www.csj-emballages.com\/de\/#\/schema\/logo\/image\/","url":"https:\/\/www.csj-emballages.com\/wp-content\/uploads\/2023\/10\/logo_csj.webp","contentUrl":"https:\/\/www.csj-emballages.com\/wp-content\/uploads\/2023\/10\/logo_csj.webp","width":250,"height":95,"caption":"CSJ Emballages"},"image":{"@id":"https:\/\/www.csj-emballages.com\/de\/#\/schema\/logo\/image\/"},"sameAs":["https:\/\/www.facebook.com\/csjemballages"],"address":{"@type":"PostalAddress","streetAddress":"ZI La Lechere","addressLocality":"Patornay","postalCode":"39130","addressCountry":"FR"},"contactPoint":[{"@type":"ContactPoint","contactType":"Service client","telephone":"0384254272","email":"contact@csj-emballages.com"}]}]}},"df_price":10.12,"df_sale_price":10.12,"df_regular_price":16.85,"df_image_link":"https:\/\/www.csj-emballages.com\/wp-content\/uploads\/2024\/03\/Capture_d_ecran_2024-04-03_a_11.01.45-removebg-preview-300x300.png","tiered_pricing_type":"fixed","tiered_pricing_fixed_rules":[],"tiered_pricing_percentage_rules":[],"tiered_pricing_minimum":1,"tiered_pricing_roles_data":[],"_links":{"self":[{"href":"https:\/\/www.csj-emballages.com\/de\/wp-json\/wp\/v2\/product\/17134","targetHints":{"allow":["GET"]}}],"collection":[{"href":"https:\/\/www.csj-emballages.com\/de\/wp-json\/wp\/v2\/product"}],"about":[{"href":"https:\/\/www.csj-emballages.com\/de\/wp-json\/wp\/v2\/types\/product"}],"wp:featuredmedia":[{"embeddable":true,"href":"https:\/\/www.csj-emballages.com\/de\/wp-json\/wp\/v2\/media\/14507"}],"wp:attachment":[{"href":"https:\/\/www.csj-emballages.com\/de\/wp-json\/wp\/v2\/media?parent=17134"}],"wp:term":[{"taxonomy":"product_brand","embeddable":true,"href":"https:\/\/www.csj-emballages.com\/de\/wp-json\/wp\/v2\/product_brand?post=17134"},{"taxonomy":"product_cat","embeddable":true,"href":"https:\/\/www.csj-emballages.com\/de\/wp-json\/wp\/v2\/product_cat?post=17134"},{"taxonomy":"product_tag","embeddable":true,"href":"https:\/\/www.csj-emballages.com\/de\/wp-json\/wp\/v2\/product_tag?post=17134"}],"curies":[{"name":"wp","href":"https:\/\/api.w.org\/{rel}","templated":true}]}}