{"id":17129,"date":"2024-03-01T17:00:22","date_gmt":"2024-03-01T16:00:22","guid":{"rendered":"https:\/\/u15jnbdpoq.preview.infomaniak.website\/produit\/handseifengel-5-liter\/"},"modified":"2026-04-30T17:00:20","modified_gmt":"2026-04-30T15:00:20","slug":"handseifengel-5-liter","status":"publish","type":"product","link":"https:\/\/www.csj-emballages.com\/de\/produit\/handseifengel-5-liter\/","title":{"rendered":"Handseifengel 5 Liter"},"content":{"rendered":"<h2 class=\"p1 ai-optimize-37\">Handseifengel<\/h2>\n<hr>\n<h3 class=\"ai-optimize-34\">Beschreibung unseres Handseifengels 5 Liter<\/h3>\n<p><!--more--><\/p>\n<p class=\"ai-optimize-33 ai-optimize-introduction\" data-start=\"193\" data-end=\"614\">Diese <strong data-start=\"196\" data-end=\"243\">Gelseife f\u00fcr die H\u00e4nde im 5-Liter-Format<\/strong> ist ein Muss f\u00fcr alle beruflichen oder h\u00e4uslichen Umgebungen, in denen eine tadellose Handhygiene ohne Kompromisse beim Hautkomfort erforderlich ist. Diese <strong>Fl\u00fcssigseife<\/strong> wurde f\u00fcr den h\u00e4ufigen Gebrauch entwickelt und kombiniert <strong data-start=\"465\" data-end=\"491\">milde Reinigungssubstanzen<\/strong> und <strong data-start=\"495\" data-end=\"523\">dermatologische<\/strong> <strong data-start=\"465\" data-end=\"491\">Wirkstoffe<\/strong>, um eine perfekte Sauberkeit zu gew\u00e4hrleisten und gleichzeitig <strong data-start=\"568\" data-end=\"613\">das nat\u00fcrliche Gleichgewicht der Haut zu bewahren<\/strong>. <\/p>\n<p class=\"ai-optimize-34\" data-start=\"616\" data-end=\"1041\">Die Formel enth\u00e4lt speziell entwickelte R\u00fcckfetter, <strong data-start=\"686\" data-end=\"720\">die die Epithelschicht sch\u00fctzen<\/strong> und so selbst bei intensiver Nutzung vor Austrocknung oder Reizungen bewahren. Diese Seife ist ideal f\u00fcr den Einsatz in Gemeinschaftseinrichtungen, Gro\u00dfk\u00fcchen, Werkst\u00e4tten oder einfach f\u00fcr den <strong data-start=\"957\" data-end=\"990\">famili\u00e4ren<\/strong> Gebrauch in gro\u00dfen Gr\u00f6\u00dfen. <\/p>\n<p class=\"ai-optimize-35\" data-start=\"1043\" data-end=\"1332\">Mit seinem zarten Duft hinterl\u00e4sst es <strong data-start=\"1079\" data-end=\"1116\">frische, dezent<\/strong> parf\u00fcmierte H\u00e4nde und sorgt f\u00fcr ein lang anhaltendes Gef\u00fchl der Sauberkeit. Dank seiner gro\u00dfen, sparsamen 5-Liter-Gr\u00f6\u00dfe eignet es sich <strong data-start=\"1214\" data-end=\"1265\">perfekt zum Nachf\u00fcllen von Wand-<\/strong> oder <strong data-start=\"1214\" data-end=\"1265\">Pumpspendern<\/strong> und verringert gleichzeitig die H\u00e4ufigkeit des Nachf\u00fcllens. <\/p>\n<p class=\"ai-optimize-36\" data-start=\"1334\" data-end=\"1516\">Zusammenfassend l\u00e4sst sich sagen, dass dieses <strong>Waschgel<\/strong> so konzipiert ist, dass es <strong data-start=\"1345\" data-end=\"1366\">die Haut respektiert<\/strong> und gleichzeitig eine einwandfreie Hygiene gew\u00e4hrleistet.<\/p>\n<p data-start=\"1334\" data-end=\"1516\">\n<p><!--more--><\/p>\n<h4 class=\"ai-optimize-37\"><strong>Seine Vorteile :<\/strong><\/h4>\n<ul>\n<li class=\"ai-optimize-38\">Effektive und handschonende Reinigung.<\/li>\n<li class=\"ai-optimize-39\">Enth\u00e4lt r\u00fcckfettende Wirkstoffe, die die Haut schonen.<\/li>\n<li class=\"ai-optimize-40\">Sparsames Format ideal f\u00fcr Nachf\u00fcllpackungen.<\/li>\n<li class=\"ai-optimize-42\">Geeignet f\u00fcr h\u00e4ufigen und professionellen Gebrauch.<\/li>\n<\/ul>\n<p>&nbsp;<\/p>\n<p><!--more--><\/p>\n<h4 class=\"ai-optimize-44\">Weitere Informationen :<\/h4>\n<ul>\n<li class=\"ai-optimize-45\"><strong>Verpackung<\/strong>: Einzeln<\/li>\n<li class=\"ai-optimize-47\"><strong>Verwendung<\/strong>: Handseife<\/li>\n<li class=\"ai-optimize-32\"><strong>Farbe<\/strong>: Rosa<\/li>\n<li class=\"ai-optimize-35\"><strong>Volumen<\/strong>: 5 Liter<\/li>\n<\/ul>\n<p>&nbsp;<\/p>\n<p><!--more--><\/p>\n<p class=\"ai-optimize-34\">Hier finden Sie unsere 500ml Flasche mit Waschseife f\u00fcr empfindliche Haut: <span style=\"color: #d12727\"><a style=\"color: #d12727\" href=\"https:\/\/www.csj-emballages.com\/de\/produit\/flasche-waschseife-empfindliche-haut-pumpe-500ml\/\"><span style=\"color: #d12727\">0397<\/span><\/a><\/span><\/p>\n<p>&nbsp;<\/p>\n<p><!--more--><\/p>\n<p class=\"ai-optimize-41\"><a href=\"https:\/\/www.csj-emballages.com\/de\/categorie-produit\/hygiene-und-pflege\/pflegeprodukte\/korperhygiene\/handseife\/\">Sehen Sie sich den Rest unseres Sortiments an Handseifen an<\/a><\/p>\n","protected":false},"excerpt":{"rendered":"<p>Handseifengel Beschreibung unseres Handseifengels 5 Liter<\/p>\n","protected":false},"featured_media":236052,"template":"","meta":{"_acf_changed":false},"product_brand":[],"product_cat":[1218,1219,1351,1352],"product_tag":[],"class_list":{"0":"post-17129","1":"product","2":"type-product","3":"status-publish","4":"has-post-thumbnail","6":"product_cat-hygiene-und-pflege","7":"product_cat-pflegeprodukte","8":"product_cat-korperhygiene","9":"product_cat-handseife","10":"product_shipping_class-verboten-in-staffeln","12":"first","13":"instock","14":"taxable","15":"shipping-taxable","16":"purchasable","17":"product-type-simple"},"acf":[],"yoast_head":"<!-- This site is optimized with the Yoast SEO Premium plugin v26.6 (Yoast SEO v26.6) - https:\/\/yoast.com\/wordpress\/plugins\/seo\/ -->\n<title>Handseifengel 5 Liter<\/title>\n<meta name=\"description\" content=\"Handseifengel 5 Liter mild und feuchtigkeitsspendend, ideal f\u00fcr den h\u00e4ufigen Gebrauch. Angenehmer Duft, schont die Haut und sorgt gleichzeitig f\u00fcr eine perfekte Hygiene.\" \/>\n<meta name=\"robots\" content=\"index, follow, max-snippet:-1, max-image-preview:large, max-video-preview:-1\" \/>\n<link rel=\"canonical\" href=\"https:\/\/www.csj-emballages.com\/de\/produit\/handseifengel-5-liter\/\" \/>\n<meta property=\"og:locale\" content=\"de_DE\" \/>\n<meta property=\"og:type\" content=\"article\" \/>\n<meta property=\"og:title\" content=\"Handseifengel 5 Liter\" \/>\n<meta property=\"og:description\" content=\"Handseifengel 5 Liter mild und feuchtigkeitsspendend, ideal f\u00fcr den h\u00e4ufigen Gebrauch. Angenehmer Duft, schont die Haut und sorgt gleichzeitig f\u00fcr eine perfekte Hygiene.\" \/>\n<meta property=\"og:url\" content=\"https:\/\/www.csj-emballages.com\/de\/produit\/handseifengel-5-liter\/\" \/>\n<meta property=\"og:site_name\" content=\"CSJ Emballages\" \/>\n<meta property=\"article:publisher\" content=\"https:\/\/www.facebook.com\/csjemballages\" \/>\n<meta property=\"article:modified_time\" content=\"2026-04-30T15:00:20+00:00\" \/>\n<meta property=\"og:image\" content=\"https:\/\/www.csj-emballages.com\/wp-content\/uploads\/2024\/03\/00105.webp\" \/>\n\t<meta property=\"og:image:width\" content=\"800\" \/>\n\t<meta property=\"og:image:height\" content=\"800\" \/>\n\t<meta property=\"og:image:type\" content=\"image\/webp\" \/>\n<meta name=\"twitter:card\" content=\"summary_large_image\" \/>\n<meta name=\"twitter:label1\" content=\"Gesch\u00e4tzte Lesezeit\" \/>\n\t<meta name=\"twitter:data1\" content=\"1\u00a0Minute\" \/>\n<script type=\"application\/ld+json\" class=\"yoast-schema-graph\">{\"@context\":\"https:\/\/schema.org\",\"@graph\":[{\"@type\":\"WebPage\",\"@id\":\"https:\/\/www.csj-emballages.com\/de\/produit\/handseifengel-5-liter\/\",\"url\":\"https:\/\/www.csj-emballages.com\/de\/produit\/handseifengel-5-liter\/\",\"name\":\"Handseifengel 5 Liter\",\"isPartOf\":{\"@id\":\"https:\/\/www.csj-emballages.com\/de\/#website\"},\"primaryImageOfPage\":{\"@id\":\"https:\/\/www.csj-emballages.com\/de\/produit\/handseifengel-5-liter\/#primaryimage\"},\"image\":{\"@id\":\"https:\/\/www.csj-emballages.com\/de\/produit\/handseifengel-5-liter\/#primaryimage\"},\"thumbnailUrl\":\"https:\/\/www.csj-emballages.com\/wp-content\/uploads\/2024\/03\/00105.webp\",\"datePublished\":\"2024-03-01T16:00:22+00:00\",\"dateModified\":\"2026-04-30T15:00:20+00:00\",\"description\":\"Handseifengel 5 Liter mild und feuchtigkeitsspendend, ideal f\u00fcr den h\u00e4ufigen Gebrauch. Angenehmer Duft, schont die Haut und sorgt gleichzeitig f\u00fcr eine perfekte Hygiene.\",\"breadcrumb\":{\"@id\":\"https:\/\/www.csj-emballages.com\/de\/produit\/handseifengel-5-liter\/#breadcrumb\"},\"inLanguage\":\"de\",\"potentialAction\":[{\"@type\":\"ReadAction\",\"target\":[\"https:\/\/www.csj-emballages.com\/de\/produit\/handseifengel-5-liter\/\"]}]},{\"@type\":\"ImageObject\",\"inLanguage\":\"de\",\"@id\":\"https:\/\/www.csj-emballages.com\/de\/produit\/handseifengel-5-liter\/#primaryimage\",\"url\":\"https:\/\/www.csj-emballages.com\/wp-content\/uploads\/2024\/03\/00105.webp\",\"contentUrl\":\"https:\/\/www.csj-emballages.com\/wp-content\/uploads\/2024\/03\/00105.webp\",\"width\":800,\"height\":800,\"caption\":\"gel savon mains\"},{\"@type\":\"BreadcrumbList\",\"@id\":\"https:\/\/www.csj-emballages.com\/de\/produit\/handseifengel-5-liter\/#breadcrumb\",\"itemListElement\":[{\"@type\":\"ListItem\",\"position\":1,\"name\":\"Accueil\",\"item\":\"https:\/\/www.csj-emballages.com\/de\/universum-lebensmittelverpackungen\/\"},{\"@type\":\"ListItem\",\"position\":2,\"name\":\"Shop\",\"item\":\"https:\/\/www.csj-emballages.com\/shop\/\"},{\"@type\":\"ListItem\",\"position\":3,\"name\":\"Handseifengel 5 Liter\"}]},{\"@type\":\"WebSite\",\"@id\":\"https:\/\/www.csj-emballages.com\/de\/#website\",\"url\":\"https:\/\/www.csj-emballages.com\/de\/\",\"name\":\"CSJ Emballages\",\"description\":\"\",\"publisher\":{\"@id\":\"https:\/\/www.csj-emballages.com\/de\/#organization\"},\"potentialAction\":[{\"@type\":\"SearchAction\",\"target\":{\"@type\":\"EntryPoint\",\"urlTemplate\":\"https:\/\/www.csj-emballages.com\/de\/?s={search_term_string}\"},\"query-input\":{\"@type\":\"PropertyValueSpecification\",\"valueRequired\":true,\"valueName\":\"search_term_string\"}}],\"inLanguage\":\"de\"},{\"@type\":\"Organization\",\"@id\":\"https:\/\/www.csj-emballages.com\/de\/#Organization\/\",\"name\":\"CSJ Emballages\",\"url\":\"https:\/\/www.csj-emballages.com\/de\/\",\"logo\":{\"@type\":\"ImageObject\",\"inLanguage\":\"de\",\"@id\":\"https:\/\/www.csj-emballages.com\/de\/#\/schema\/logo\/image\/\",\"url\":\"https:\/\/www.csj-emballages.com\/wp-content\/uploads\/2023\/10\/logo_csj.webp\",\"contentUrl\":\"https:\/\/www.csj-emballages.com\/wp-content\/uploads\/2023\/10\/logo_csj.webp\",\"width\":250,\"height\":95,\"caption\":\"CSJ Emballages\"},\"image\":{\"@id\":\"https:\/\/www.csj-emballages.com\/de\/#\/schema\/logo\/image\/\"},\"sameAs\":[\"https:\/\/www.facebook.com\/csjemballages\"],\"address\":{\"@type\":\"PostalAddress\",\"streetAddress\":\"ZI La Lechere\",\"addressLocality\":\"Patornay\",\"postalCode\":\"39130\",\"addressCountry\":\"FR\"},\"contactPoint\":[{\"@type\":\"ContactPoint\",\"contactType\":\"Service client\",\"telephone\":\"0384254272\",\"email\":\"contact@csj-emballages.com\"}]}]}<\/script>\n<!-- \/ Yoast SEO Premium plugin. -->","yoast_head_json":{"title":"Handseifengel 5 Liter","description":"Handseifengel 5 Liter mild und feuchtigkeitsspendend, ideal f\u00fcr den h\u00e4ufigen Gebrauch. Angenehmer Duft, schont die Haut und sorgt gleichzeitig f\u00fcr eine perfekte Hygiene.","robots":{"index":"index","follow":"follow","max-snippet":"max-snippet:-1","max-image-preview":"max-image-preview:large","max-video-preview":"max-video-preview:-1"},"canonical":"https:\/\/www.csj-emballages.com\/de\/produit\/handseifengel-5-liter\/","og_locale":"de_DE","og_type":"article","og_title":"Handseifengel 5 Liter","og_description":"Handseifengel 5 Liter mild und feuchtigkeitsspendend, ideal f\u00fcr den h\u00e4ufigen Gebrauch. Angenehmer Duft, schont die Haut und sorgt gleichzeitig f\u00fcr eine perfekte Hygiene.","og_url":"https:\/\/www.csj-emballages.com\/de\/produit\/handseifengel-5-liter\/","og_site_name":"CSJ Emballages","article_publisher":"https:\/\/www.facebook.com\/csjemballages","article_modified_time":"2026-04-30T15:00:20+00:00","og_image":[{"width":800,"height":800,"url":"https:\/\/www.csj-emballages.com\/wp-content\/uploads\/2024\/03\/00105.webp","type":"image\/webp"}],"twitter_card":"summary_large_image","twitter_misc":{"Gesch\u00e4tzte Lesezeit":"1\u00a0Minute"},"schema":{"@context":"https:\/\/schema.org","@graph":[{"@type":"WebPage","@id":"https:\/\/www.csj-emballages.com\/de\/produit\/handseifengel-5-liter\/","url":"https:\/\/www.csj-emballages.com\/de\/produit\/handseifengel-5-liter\/","name":"Handseifengel 5 Liter","isPartOf":{"@id":"https:\/\/www.csj-emballages.com\/de\/#website"},"primaryImageOfPage":{"@id":"https:\/\/www.csj-emballages.com\/de\/produit\/handseifengel-5-liter\/#primaryimage"},"image":{"@id":"https:\/\/www.csj-emballages.com\/de\/produit\/handseifengel-5-liter\/#primaryimage"},"thumbnailUrl":"https:\/\/www.csj-emballages.com\/wp-content\/uploads\/2024\/03\/00105.webp","datePublished":"2024-03-01T16:00:22+00:00","dateModified":"2026-04-30T15:00:20+00:00","description":"Handseifengel 5 Liter mild und feuchtigkeitsspendend, ideal f\u00fcr den h\u00e4ufigen Gebrauch. Angenehmer Duft, schont die Haut und sorgt gleichzeitig f\u00fcr eine perfekte Hygiene.","breadcrumb":{"@id":"https:\/\/www.csj-emballages.com\/de\/produit\/handseifengel-5-liter\/#breadcrumb"},"inLanguage":"de","potentialAction":[{"@type":"ReadAction","target":["https:\/\/www.csj-emballages.com\/de\/produit\/handseifengel-5-liter\/"]}]},{"@type":"ImageObject","inLanguage":"de","@id":"https:\/\/www.csj-emballages.com\/de\/produit\/handseifengel-5-liter\/#primaryimage","url":"https:\/\/www.csj-emballages.com\/wp-content\/uploads\/2024\/03\/00105.webp","contentUrl":"https:\/\/www.csj-emballages.com\/wp-content\/uploads\/2024\/03\/00105.webp","width":800,"height":800,"caption":"gel savon mains"},{"@type":"BreadcrumbList","@id":"https:\/\/www.csj-emballages.com\/de\/produit\/handseifengel-5-liter\/#breadcrumb","itemListElement":[{"@type":"ListItem","position":1,"name":"Accueil","item":"https:\/\/www.csj-emballages.com\/de\/universum-lebensmittelverpackungen\/"},{"@type":"ListItem","position":2,"name":"Shop","item":"https:\/\/www.csj-emballages.com\/shop\/"},{"@type":"ListItem","position":3,"name":"Handseifengel 5 Liter"}]},{"@type":"WebSite","@id":"https:\/\/www.csj-emballages.com\/de\/#website","url":"https:\/\/www.csj-emballages.com\/de\/","name":"CSJ Emballages","description":"","publisher":{"@id":"https:\/\/www.csj-emballages.com\/de\/#organization"},"potentialAction":[{"@type":"SearchAction","target":{"@type":"EntryPoint","urlTemplate":"https:\/\/www.csj-emballages.com\/de\/?s={search_term_string}"},"query-input":{"@type":"PropertyValueSpecification","valueRequired":true,"valueName":"search_term_string"}}],"inLanguage":"de"},{"@type":"Organization","@id":"https:\/\/www.csj-emballages.com\/de\/#Organization\/","name":"CSJ Emballages","url":"https:\/\/www.csj-emballages.com\/de\/","logo":{"@type":"ImageObject","inLanguage":"de","@id":"https:\/\/www.csj-emballages.com\/de\/#\/schema\/logo\/image\/","url":"https:\/\/www.csj-emballages.com\/wp-content\/uploads\/2023\/10\/logo_csj.webp","contentUrl":"https:\/\/www.csj-emballages.com\/wp-content\/uploads\/2023\/10\/logo_csj.webp","width":250,"height":95,"caption":"CSJ Emballages"},"image":{"@id":"https:\/\/www.csj-emballages.com\/de\/#\/schema\/logo\/image\/"},"sameAs":["https:\/\/www.facebook.com\/csjemballages"],"address":{"@type":"PostalAddress","streetAddress":"ZI La Lechere","addressLocality":"Patornay","postalCode":"39130","addressCountry":"FR"},"contactPoint":[{"@type":"ContactPoint","contactType":"Service client","telephone":"0384254272","email":"contact@csj-emballages.com"}]}]}},"df_price":9.59,"df_sale_price":"","df_regular_price":9.59,"df_image_link":"https:\/\/www.csj-emballages.com\/wp-content\/uploads\/2024\/03\/00105-300x300.webp","tiered_pricing_type":"fixed","tiered_pricing_fixed_rules":[],"tiered_pricing_percentage_rules":[],"tiered_pricing_minimum":1,"tiered_pricing_roles_data":[],"_links":{"self":[{"href":"https:\/\/www.csj-emballages.com\/de\/wp-json\/wp\/v2\/product\/17129","targetHints":{"allow":["GET"]}}],"collection":[{"href":"https:\/\/www.csj-emballages.com\/de\/wp-json\/wp\/v2\/product"}],"about":[{"href":"https:\/\/www.csj-emballages.com\/de\/wp-json\/wp\/v2\/types\/product"}],"wp:featuredmedia":[{"embeddable":true,"href":"https:\/\/www.csj-emballages.com\/de\/wp-json\/wp\/v2\/media\/236052"}],"wp:attachment":[{"href":"https:\/\/www.csj-emballages.com\/de\/wp-json\/wp\/v2\/media?parent=17129"}],"wp:term":[{"taxonomy":"product_brand","embeddable":true,"href":"https:\/\/www.csj-emballages.com\/de\/wp-json\/wp\/v2\/product_brand?post=17129"},{"taxonomy":"product_cat","embeddable":true,"href":"https:\/\/www.csj-emballages.com\/de\/wp-json\/wp\/v2\/product_cat?post=17129"},{"taxonomy":"product_tag","embeddable":true,"href":"https:\/\/www.csj-emballages.com\/de\/wp-json\/wp\/v2\/product_tag?post=17129"}],"curies":[{"name":"wp","href":"https:\/\/api.w.org\/{rel}","templated":true}]}}