{"id":17124,"date":"2024-03-01T17:00:21","date_gmt":"2024-03-01T16:00:21","guid":{"rendered":"https:\/\/u15jnbdpoq.preview.infomaniak.website\/produit\/rohrreiniger-1-liter\/"},"modified":"2026-03-26T02:10:11","modified_gmt":"2026-03-26T01:10:11","slug":"rohrreiniger-1-liter","status":"publish","type":"product","link":"https:\/\/www.csj-emballages.com\/de\/produit\/rohrreiniger-1-liter\/","title":{"rendered":"Rohrreiniger 1 Liter"},"content":{"rendered":"<h2>Abflussreiniger<\/h2>\n<hr>\n<h3>Beschreibung unseres 1-Liter-Rohrreinigers<\/h3>\n<p><!--more--><\/p>\n<p class=\"\" data-start=\"169\" data-end=\"595\">Sie haben ein verstopftes Waschbecken, eine Dusche, die nicht mehr abflie\u00dft, oder einen Abfluss, der durch hartn\u00e4ckige R\u00fcckst\u00e4nde <strong>verstopft<\/strong> ist? Dieser <strong>1-Liter-Rohrreiniger<\/strong> ist Ihr idealer Verb\u00fcndeter. Er ist so formuliert, dass er sowohl organische Abf\u00e4lle (Fett, Haare, Essensreste) als auch anorganische R\u00fcckst\u00e4nde aufl\u00f6st und schnell wirkt, ohne dass Sie mechanisch eingreifen m\u00fcssen. Einfaches Ausgie\u00dfen gen\u00fcgt.   <\/p>\n<p class=\"\" data-start=\"597\" data-end=\"911\">Seine hochkonzentrierte Formel dringt tief in die Rohre ein, baut selbst die hartn\u00e4ckigsten Verstopfungen ab und stellt den Abwasserfluss in Rekordzeit wieder her. Es ist die bevorzugte Wahl von professionellen Reinigern, aber auch von Privatleuten, die eine radikale und effektive L\u00f6sung suchen. <\/p>\n<p class=\"\" data-start=\"913\" data-end=\"1384\">Dieser <strong>Abflussreiniger<\/strong> wurde f\u00fcr den einmaligen Gebrauch entwickelt, wo herk\u00f6mmliche Abflussreiniger nicht mehr ausreichen. Er eignet sich hervorragend f\u00fcr K\u00fcchen, B\u00e4der, Abwasserkan\u00e4le oder Au\u00dfenrohre. Aufgrund seiner extremen Kraft ist es jedoch unerl\u00e4sslich, dass Sie die Vorsichtsma\u00dfnahmen und Anweisungen des Herstellers genau befolgen. Es wird empfohlen, bei der Verwendung Handschuhe und eine Schutzbrille zu tragen.   <\/p>\n<p class=\"\" data-start=\"1386\" data-end=\"1518\">Vermeiden Sie kostspielige Eingriffe oder langwierige Demontagen. Entscheiden Sie sich f\u00fcr eine einfache, schnelle und erschreckend effektive L\u00f6sung! <\/p>\n<p data-start=\"1386\" data-end=\"1518\">\n<p><!--more--><\/p>\n<h4><strong>Seine Vorteile :<\/strong><\/h4>\n<ul>\n<li>L\u00f6st wirksam organische und anorganische Verstopfungen.<\/li>\n<li>Wirkt schnell, schon in den ersten Minuten<\/li>\n<li>Geeignet f\u00fcr Berufst\u00e4tige und Privatpersonen.<\/li>\n<li>Ideal f\u00fcr K\u00fcchen, B\u00e4der und Au\u00dfenabfl\u00fcsse.<\/li>\n<li>Sichere 1-Liter-Flasche.<\/li>\n<\/ul>\n<p>&nbsp;<\/p>\n<p><!--more--><\/p>\n<h4>Gebrauchsanweisung :<\/h4>\n<ul>\n<li>Lassen Sie so wenig Wasser wie m\u00f6glich im Abfluss und gie\u00dfen Sie das Mittel langsam direkt in den Abfluss.<\/li>\n<li>Lassen Sie das Produkt 4-5 Minuten lang einwirken und gie\u00dfen Sie anschlie\u00dfend etwas kaltes Wasser nach.<\/li>\n<li>Warten Sie einige Minuten und gie\u00dfen Sie reichlich Wasser nach.<\/li>\n<\/ul>\n<p>&nbsp;<\/p>\n<p><!--more--><\/p>\n<h4>Weitere Informationen :<\/h4>\n<ul>\n<li><strong>Verpackung<\/strong>: Einzeln<\/li>\n<li><strong>Volumen<\/strong>: 1 Liter<\/li>\n<li><strong>Verwendung<\/strong>: Abflussreiniger<\/li>\n<\/ul>\n<p>&nbsp;<\/p>\n<p><!--more--><\/p>\n<p>Hier finden Sie unseren biologischen Geruchsbeseitiger 5 Liter : <span style=\"color: #d12727;\"><a style=\"color: #d12727;\" href=\"https:\/\/www.csj-emballages.com\/es\/produit\/eliminador-de-olores-biologico-5-litros\/\">00111<\/a><\/span><\/p>\n<p>&nbsp;<\/p>\n<p><!--more--><\/p>\n<p><a href=\"https:\/\/www.csj-emballages.com\/de\/categorie-produit\/hygiene-und-pflege\/pflegeprodukte\/kuche\/\">Sehen Sie sich den Rest unseres Sortiments an K\u00fcchenreinigungsprodukten an.<\/a><\/p>\n","protected":false},"excerpt":{"rendered":"<p>Abflussreiniger Beschreibung unseres 1-Liter-Rohrreinigers<\/p>\n","protected":false},"featured_media":233210,"template":"","meta":{"_acf_changed":false},"product_brand":[],"product_cat":[1218,1219,1330,1294],"product_tag":[],"class_list":{"0":"post-17124","1":"product","2":"type-product","3":"status-publish","4":"has-post-thumbnail","6":"product_cat-hygiene-und-pflege","7":"product_cat-pflegeprodukte","8":"product_cat-kuche","9":"product_cat-sanitar","11":"first","12":"instock","13":"taxable","14":"shipping-taxable","15":"purchasable","16":"product-type-simple"},"acf":[],"yoast_head":"<!-- This site is optimized with the Yoast SEO Premium plugin v26.6 (Yoast SEO v26.6) - https:\/\/yoast.com\/wordpress\/plugins\/seo\/ -->\n<title>Rohrreiniger 1 Liter<\/title>\n<meta name=\"description\" content=\"1-Liter-Rohrreiniger - Entfernt schnell Fett, Haare und R\u00fcckst\u00e4nde f\u00fcr einen reibungslosen Abfluss. Starke und effektive Wirkung.\" \/>\n<meta name=\"robots\" content=\"index, follow, max-snippet:-1, max-image-preview:large, max-video-preview:-1\" \/>\n<link rel=\"canonical\" href=\"https:\/\/www.csj-emballages.com\/de\/produit\/rohrreiniger-1-liter\/\" \/>\n<meta property=\"og:locale\" content=\"de_DE\" \/>\n<meta property=\"og:type\" content=\"article\" \/>\n<meta property=\"og:title\" content=\"Rohrreiniger 1 Liter\" \/>\n<meta property=\"og:description\" content=\"1-Liter-Rohrreiniger - Entfernt schnell Fett, Haare und R\u00fcckst\u00e4nde f\u00fcr einen reibungslosen Abfluss. Starke und effektive Wirkung.\" \/>\n<meta property=\"og:url\" content=\"https:\/\/www.csj-emballages.com\/de\/produit\/rohrreiniger-1-liter\/\" \/>\n<meta property=\"og:site_name\" content=\"CSJ Emballages\" \/>\n<meta property=\"article:publisher\" content=\"https:\/\/www.facebook.com\/csjemballages\" \/>\n<meta property=\"article:modified_time\" content=\"2026-03-26T01:10:11+00:00\" \/>\n<meta property=\"og:image\" content=\"https:\/\/www.csj-emballages.com\/wp-content\/uploads\/2024\/03\/00110.webp\" \/>\n\t<meta property=\"og:image:width\" content=\"800\" \/>\n\t<meta property=\"og:image:height\" content=\"800\" \/>\n\t<meta property=\"og:image:type\" content=\"image\/webp\" \/>\n<meta name=\"twitter:card\" content=\"summary_large_image\" \/>\n<meta name=\"twitter:label1\" content=\"Gesch\u00e4tzte Lesezeit\" \/>\n\t<meta name=\"twitter:data1\" content=\"2 Minuten\" \/>\n<script type=\"application\/ld+json\" class=\"yoast-schema-graph\">{\"@context\":\"https:\/\/schema.org\",\"@graph\":[{\"@type\":\"WebPage\",\"@id\":\"https:\/\/www.csj-emballages.com\/de\/produit\/rohrreiniger-1-liter\/\",\"url\":\"https:\/\/www.csj-emballages.com\/de\/produit\/rohrreiniger-1-liter\/\",\"name\":\"Rohrreiniger 1 Liter\",\"isPartOf\":{\"@id\":\"https:\/\/www.csj-emballages.com\/de\/#website\"},\"primaryImageOfPage\":{\"@id\":\"https:\/\/www.csj-emballages.com\/de\/produit\/rohrreiniger-1-liter\/#primaryimage\"},\"image\":{\"@id\":\"https:\/\/www.csj-emballages.com\/de\/produit\/rohrreiniger-1-liter\/#primaryimage\"},\"thumbnailUrl\":\"https:\/\/www.csj-emballages.com\/wp-content\/uploads\/2024\/03\/00110.webp\",\"datePublished\":\"2024-03-01T16:00:21+00:00\",\"dateModified\":\"2026-03-26T01:10:11+00:00\",\"description\":\"1-Liter-Rohrreiniger - Entfernt schnell Fett, Haare und R\u00fcckst\u00e4nde f\u00fcr einen reibungslosen Abfluss. Starke und effektive Wirkung.\",\"breadcrumb\":{\"@id\":\"https:\/\/www.csj-emballages.com\/de\/produit\/rohrreiniger-1-liter\/#breadcrumb\"},\"inLanguage\":\"de\",\"potentialAction\":[{\"@type\":\"ReadAction\",\"target\":[\"https:\/\/www.csj-emballages.com\/de\/produit\/rohrreiniger-1-liter\/\"]}]},{\"@type\":\"ImageObject\",\"inLanguage\":\"de\",\"@id\":\"https:\/\/www.csj-emballages.com\/de\/produit\/rohrreiniger-1-liter\/#primaryimage\",\"url\":\"https:\/\/www.csj-emballages.com\/wp-content\/uploads\/2024\/03\/00110.webp\",\"contentUrl\":\"https:\/\/www.csj-emballages.com\/wp-content\/uploads\/2024\/03\/00110.webp\",\"width\":800,\"height\":800,\"caption\":\"D\u00e9boucheur canalisation\"},{\"@type\":\"BreadcrumbList\",\"@id\":\"https:\/\/www.csj-emballages.com\/de\/produit\/rohrreiniger-1-liter\/#breadcrumb\",\"itemListElement\":[{\"@type\":\"ListItem\",\"position\":1,\"name\":\"Accueil\",\"item\":\"https:\/\/www.csj-emballages.com\/de\/universum-lebensmittelverpackungen\/\"},{\"@type\":\"ListItem\",\"position\":2,\"name\":\"Shop\",\"item\":\"https:\/\/www.csj-emballages.com\/shop\/\"},{\"@type\":\"ListItem\",\"position\":3,\"name\":\"Rohrreiniger 1 Liter\"}]},{\"@type\":\"WebSite\",\"@id\":\"https:\/\/www.csj-emballages.com\/de\/#website\",\"url\":\"https:\/\/www.csj-emballages.com\/de\/\",\"name\":\"CSJ Emballages\",\"description\":\"\",\"publisher\":{\"@id\":\"https:\/\/www.csj-emballages.com\/de\/#organization\"},\"potentialAction\":[{\"@type\":\"SearchAction\",\"target\":{\"@type\":\"EntryPoint\",\"urlTemplate\":\"https:\/\/www.csj-emballages.com\/de\/?s={search_term_string}\"},\"query-input\":{\"@type\":\"PropertyValueSpecification\",\"valueRequired\":true,\"valueName\":\"search_term_string\"}}],\"inLanguage\":\"de\"},{\"@type\":\"Organization\",\"@id\":\"https:\/\/www.csj-emballages.com\/de\/#Organization\/\",\"name\":\"CSJ Emballages\",\"url\":\"https:\/\/www.csj-emballages.com\/de\/\",\"logo\":{\"@type\":\"ImageObject\",\"inLanguage\":\"de\",\"@id\":\"https:\/\/www.csj-emballages.com\/de\/#\/schema\/logo\/image\/\",\"url\":\"https:\/\/www.csj-emballages.com\/wp-content\/uploads\/2023\/10\/logo_csj.webp\",\"contentUrl\":\"https:\/\/www.csj-emballages.com\/wp-content\/uploads\/2023\/10\/logo_csj.webp\",\"width\":250,\"height\":95,\"caption\":\"CSJ Emballages\"},\"image\":{\"@id\":\"https:\/\/www.csj-emballages.com\/de\/#\/schema\/logo\/image\/\"},\"sameAs\":[\"https:\/\/www.facebook.com\/csjemballages\"],\"address\":{\"@type\":\"PostalAddress\",\"streetAddress\":\"ZI La Lechere\",\"addressLocality\":\"Patornay\",\"postalCode\":\"39130\",\"addressCountry\":\"FR\"},\"contactPoint\":[{\"@type\":\"ContactPoint\",\"contactType\":\"Service client\",\"telephone\":\"0384254272\",\"email\":\"contact@csj-emballages.com\"}]}]}<\/script>\n<!-- \/ Yoast SEO Premium plugin. -->","yoast_head_json":{"title":"Rohrreiniger 1 Liter","description":"1-Liter-Rohrreiniger - Entfernt schnell Fett, Haare und R\u00fcckst\u00e4nde f\u00fcr einen reibungslosen Abfluss. Starke und effektive Wirkung.","robots":{"index":"index","follow":"follow","max-snippet":"max-snippet:-1","max-image-preview":"max-image-preview:large","max-video-preview":"max-video-preview:-1"},"canonical":"https:\/\/www.csj-emballages.com\/de\/produit\/rohrreiniger-1-liter\/","og_locale":"de_DE","og_type":"article","og_title":"Rohrreiniger 1 Liter","og_description":"1-Liter-Rohrreiniger - Entfernt schnell Fett, Haare und R\u00fcckst\u00e4nde f\u00fcr einen reibungslosen Abfluss. Starke und effektive Wirkung.","og_url":"https:\/\/www.csj-emballages.com\/de\/produit\/rohrreiniger-1-liter\/","og_site_name":"CSJ Emballages","article_publisher":"https:\/\/www.facebook.com\/csjemballages","article_modified_time":"2026-03-26T01:10:11+00:00","og_image":[{"width":800,"height":800,"url":"https:\/\/www.csj-emballages.com\/wp-content\/uploads\/2024\/03\/00110.webp","type":"image\/webp"}],"twitter_card":"summary_large_image","twitter_misc":{"Gesch\u00e4tzte Lesezeit":"2 Minuten"},"schema":{"@context":"https:\/\/schema.org","@graph":[{"@type":"WebPage","@id":"https:\/\/www.csj-emballages.com\/de\/produit\/rohrreiniger-1-liter\/","url":"https:\/\/www.csj-emballages.com\/de\/produit\/rohrreiniger-1-liter\/","name":"Rohrreiniger 1 Liter","isPartOf":{"@id":"https:\/\/www.csj-emballages.com\/de\/#website"},"primaryImageOfPage":{"@id":"https:\/\/www.csj-emballages.com\/de\/produit\/rohrreiniger-1-liter\/#primaryimage"},"image":{"@id":"https:\/\/www.csj-emballages.com\/de\/produit\/rohrreiniger-1-liter\/#primaryimage"},"thumbnailUrl":"https:\/\/www.csj-emballages.com\/wp-content\/uploads\/2024\/03\/00110.webp","datePublished":"2024-03-01T16:00:21+00:00","dateModified":"2026-03-26T01:10:11+00:00","description":"1-Liter-Rohrreiniger - Entfernt schnell Fett, Haare und R\u00fcckst\u00e4nde f\u00fcr einen reibungslosen Abfluss. Starke und effektive Wirkung.","breadcrumb":{"@id":"https:\/\/www.csj-emballages.com\/de\/produit\/rohrreiniger-1-liter\/#breadcrumb"},"inLanguage":"de","potentialAction":[{"@type":"ReadAction","target":["https:\/\/www.csj-emballages.com\/de\/produit\/rohrreiniger-1-liter\/"]}]},{"@type":"ImageObject","inLanguage":"de","@id":"https:\/\/www.csj-emballages.com\/de\/produit\/rohrreiniger-1-liter\/#primaryimage","url":"https:\/\/www.csj-emballages.com\/wp-content\/uploads\/2024\/03\/00110.webp","contentUrl":"https:\/\/www.csj-emballages.com\/wp-content\/uploads\/2024\/03\/00110.webp","width":800,"height":800,"caption":"D\u00e9boucheur canalisation"},{"@type":"BreadcrumbList","@id":"https:\/\/www.csj-emballages.com\/de\/produit\/rohrreiniger-1-liter\/#breadcrumb","itemListElement":[{"@type":"ListItem","position":1,"name":"Accueil","item":"https:\/\/www.csj-emballages.com\/de\/universum-lebensmittelverpackungen\/"},{"@type":"ListItem","position":2,"name":"Shop","item":"https:\/\/www.csj-emballages.com\/shop\/"},{"@type":"ListItem","position":3,"name":"Rohrreiniger 1 Liter"}]},{"@type":"WebSite","@id":"https:\/\/www.csj-emballages.com\/de\/#website","url":"https:\/\/www.csj-emballages.com\/de\/","name":"CSJ Emballages","description":"","publisher":{"@id":"https:\/\/www.csj-emballages.com\/de\/#organization"},"potentialAction":[{"@type":"SearchAction","target":{"@type":"EntryPoint","urlTemplate":"https:\/\/www.csj-emballages.com\/de\/?s={search_term_string}"},"query-input":{"@type":"PropertyValueSpecification","valueRequired":true,"valueName":"search_term_string"}}],"inLanguage":"de"},{"@type":"Organization","@id":"https:\/\/www.csj-emballages.com\/de\/#Organization\/","name":"CSJ Emballages","url":"https:\/\/www.csj-emballages.com\/de\/","logo":{"@type":"ImageObject","inLanguage":"de","@id":"https:\/\/www.csj-emballages.com\/de\/#\/schema\/logo\/image\/","url":"https:\/\/www.csj-emballages.com\/wp-content\/uploads\/2023\/10\/logo_csj.webp","contentUrl":"https:\/\/www.csj-emballages.com\/wp-content\/uploads\/2023\/10\/logo_csj.webp","width":250,"height":95,"caption":"CSJ Emballages"},"image":{"@id":"https:\/\/www.csj-emballages.com\/de\/#\/schema\/logo\/image\/"},"sameAs":["https:\/\/www.facebook.com\/csjemballages"],"address":{"@type":"PostalAddress","streetAddress":"ZI La Lechere","addressLocality":"Patornay","postalCode":"39130","addressCountry":"FR"},"contactPoint":[{"@type":"ContactPoint","contactType":"Service client","telephone":"0384254272","email":"contact@csj-emballages.com"}]}]}},"df_price":6.25,"df_sale_price":"","df_regular_price":6.25,"df_image_link":"https:\/\/www.csj-emballages.com\/wp-content\/uploads\/2024\/03\/00110-300x300.webp","tiered_pricing_type":"fixed","tiered_pricing_fixed_rules":[],"tiered_pricing_percentage_rules":[],"tiered_pricing_minimum":1,"tiered_pricing_roles_data":[],"_links":{"self":[{"href":"https:\/\/www.csj-emballages.com\/de\/wp-json\/wp\/v2\/product\/17124","targetHints":{"allow":["GET"]}}],"collection":[{"href":"https:\/\/www.csj-emballages.com\/de\/wp-json\/wp\/v2\/product"}],"about":[{"href":"https:\/\/www.csj-emballages.com\/de\/wp-json\/wp\/v2\/types\/product"}],"wp:featuredmedia":[{"embeddable":true,"href":"https:\/\/www.csj-emballages.com\/de\/wp-json\/wp\/v2\/media\/233210"}],"wp:attachment":[{"href":"https:\/\/www.csj-emballages.com\/de\/wp-json\/wp\/v2\/media?parent=17124"}],"wp:term":[{"taxonomy":"product_brand","embeddable":true,"href":"https:\/\/www.csj-emballages.com\/de\/wp-json\/wp\/v2\/product_brand?post=17124"},{"taxonomy":"product_cat","embeddable":true,"href":"https:\/\/www.csj-emballages.com\/de\/wp-json\/wp\/v2\/product_cat?post=17124"},{"taxonomy":"product_tag","embeddable":true,"href":"https:\/\/www.csj-emballages.com\/de\/wp-json\/wp\/v2\/product_tag?post=17124"}],"curies":[{"name":"wp","href":"https:\/\/api.w.org\/{rel}","templated":true}]}}