{"id":17120,"date":"2024-03-01T17:00:22","date_gmt":"2024-03-01T16:00:22","guid":{"rendered":"https:\/\/u15jnbdpoq.preview.infomaniak.website\/produit\/50-mahlzeitentabletts-zum-mitnehmen-5-faecher\/"},"modified":"2026-05-08T02:14:45","modified_gmt":"2026-05-08T00:14:45","slug":"50-mahlzeitentabletts-zum-mitnehmen-5-faecher","status":"publish","type":"product","link":"https:\/\/www.csj-emballages.com\/de\/produit\/50-mahlzeitentabletts-zum-mitnehmen-5-faecher\/","title":{"rendered":"Essenstablett mit 5 F\u00e4chern zum Mitnehmen pro 50"},"content":{"rendered":"<h2>Mahlzeitentablett<\/h2>\n<hr>\n<h3>Beschreibung unseres Essenstabletts mit 5 F\u00e4chern zum Mitnehmen pro 50<\/h3>\n<p><!--more--><\/p>\n<p data-start=\"142\" data-end=\"506\">Entdecken Sie unser <strong data-start=\"158\" data-end=\"209\">Tablett mit 5 F\u00e4chern zum Mitnehmen im 50er-Pack<\/strong>, eine ideale L\u00f6sung f\u00fcr professionelle Gastronomen, Caterer oder auch \u00f6ffentliche Einrichtungen. Dieses praktische und robuste Tablett wurde speziell f\u00fcr die Anforderungen von Mahlzeiten entwickelt, die ausgeliefert oder verteilt werden sollen. Es erm\u00f6glicht Ihnen, Ihre Zubereitungen sorgf\u00e4ltig zu pr\u00e4sentieren und gleichzeitig einen sicheren Transport zu gew\u00e4hrleisten. <\/p>\n<p data-start=\"508\" data-end=\"798\">Dank der <strong data-start=\"520\" data-end=\"539\">5 F\u00e4cher<\/strong> k\u00f6nnen Sie eine komplette Mahlzeit organisieren, indem Sie jede Portion separat aufteilen: Vorspeise, Hauptgericht, Beilage, K\u00e4se und Dessert finden jeweils ihren Platz. Diese Trennung verhindert, dass sich die Geschm\u00e4cker vermischen und garantiert Ihren G\u00e4sten einen angenehmen Genuss. <\/p>\n<p data-start=\"800\" data-end=\"1163\">Dieses aus PP hergestellte <strong data-start=\"846\" data-end=\"863\">Speisetablett<\/strong> vereint <strong data-start=\"870\" data-end=\"882\">Stabilit\u00e4t<\/strong> und <strong data-start=\"886\" data-end=\"899\">Zweckm\u00e4\u00dfigkeit<\/strong>. Es ist transportbest\u00e4ndig, selbst wenn die Speisen noch warm sind, und f\u00fcr den Verbraucher leicht zu handhaben. Die Verpackung zu <strong>50<\/strong> St\u00fcck ist ein ausgezeichneter Kompromiss zwischen Zweckm\u00e4\u00dfigkeit und Wirtschaftlichkeit und bietet gleichzeitig eine gepflegte Pr\u00e4sentation.  <\/p>\n<p data-start=\"1165\" data-end=\"1452\">Egal, ob Sie ein Restaurant betreiben, eine Veranstaltung organisieren oder sogar als Privatperson an gro\u00dfen Empf\u00e4ngen teilnehmen, dieses <strong data-start=\"1271\" data-end=\"1299\">Essenstablett zum Mitnehmen<\/strong> wird sich als unverzichtbar erweisen. Es spart nicht nur Zeit in der K\u00fcche, sondern bietet auch ausgewogene und sch\u00f6n angerichtete Mahlzeiten. <\/p>\n<p data-start=\"1454\" data-end=\"1684\">Mit diesem Tablett k\u00f6nnen Sie sicher sein, dass Sie <strong data-start=\"1498\" data-end=\"1541\">Hygiene, Zweckm\u00e4\u00dfigkeit und Professionalit\u00e4t<\/strong> miteinander verbinden. Sein an die modernen Bed\u00fcrfnisse der Gastronomie angepasstes Design macht es zu einem sicheren Wert f\u00fcr Ihren Take-away-Service oder Ihre Gemeinschaftsmahlzeiten. <\/p>\n<h3 data-start=\"1691\" data-end=\"1706\"><\/h3>\n<p data-start=\"1704\" data-end=\"1889\"><!--more--><\/p>\n<p data-start=\"1704\" data-end=\"1889\"><strong><span style=\"color: #ff0000;\">*Dieses Tablett wird separat von seinem Deckel verkauft (siehe Link unten).<\/span><\/strong><\/p>\n<p data-start=\"1704\" data-end=\"1889\">\n<p data-start=\"1704\" data-end=\"1889\"><!--more--><\/p>\n<h4>Vorteile :<\/h4>\n<ul>\n<li>5 F\u00e4cher, um jede Zubereitung zu trennen und hervorzuheben.<\/li>\n<li>Wei\u00dfes Design f\u00fcr eine neutrale Darstellung.<\/li>\n<li>Dank seines robusten Materials eignet er sich f\u00fcr hei\u00dfe und kalte Speisen.<\/li>\n<li>Packung mit 50 St\u00fcck f\u00fcr eine praktische und kosteng\u00fcnstige Verwendung.<\/li>\n<li>Perfekt f\u00fcr Caterer, Gastronomen und Veranstaltungen.<\/li>\n<\/ul>\n<p>&nbsp;<\/p>\n<p><!--more--><\/p>\n<h4>Weitere Informationen :<\/h4>\n<ul>\n<li><strong>Verpackung<\/strong>: Packung mit 50 St\u00fcck<\/li>\n<li><strong>Ma\u00dfe<\/strong>: 290 x 224 x 30 mm<\/li>\n<li><strong>Anzahl der F\u00e4cher <\/strong>: 5<\/li>\n<li><strong>Farbe<\/strong>: Wei\u00df<\/li>\n<li><strong>Material<\/strong>: PP (Polypropylen)<\/li>\n<li><strong>Verwendungstemperatur<\/strong>: 0\u00b0C \/ +100\u00b0C<\/li>\n<\/ul>\n<p>&nbsp;<\/p>\n<p><!--more--><\/p>\n<p>Hier finden Sie den passenden Deckel f\u00fcr dieses Tablett : <span style=\"color: #d12727;\"><a style=\"color: #d12727;\" href=\"https:\/\/www.csj-emballages.com\/de\/produit\/50-deckel-fuer-essenstablett-mit-5-faechern\/\">COPL5C<\/a><\/span><\/p>\n<p>&nbsp;<\/p>\n<p><!--more--><\/p>\n<p><a href=\"https:\/\/www.csj-emballages.com\/de\/categorie-produit\/lebensmittelverpackungen\/metzgerei-und-feinkostgeschaft\/tabletts\/mahlzeitentabletts\/plastiktabletts-fur-mahlzeiten\/tabletts-pr290b\/\">Sehen Sie sich den Rest unseres Angebots an Tabletts an.<\/a><\/p>\n","protected":false},"excerpt":{"rendered":"<p>Mahlzeitentablett Beschreibung unseres Essenstabletts mit 5 F\u00e4chern zum Mitnehmen pro 50<\/p>\n","protected":false},"featured_media":241292,"template":"","meta":{"_acf_changed":false},"product_brand":[],"product_cat":[1137,1170,1344,1345,1346,6995,1134,1347,1349,1350],"product_tag":[],"class_list":{"0":"post-17120","1":"product","2":"type-product","3":"status-publish","4":"has-post-thumbnail","6":"product_cat-lebensmittelverpackungen","7":"product_cat-metzgerei-und-feinkostgeschaft","8":"product_cat-tabletts","9":"product_cat-mahlzeitentabletts","10":"product_cat-plastiktabletts-fur-mahlzeiten","11":"product_cat-tabletts-pr290b","12":"product_cat-restauration-de","13":"product_cat-tabletts-de","14":"product_cat-einweg-mahlzeitentabletts","15":"product_cat-plastiktabletts-fur-mahlzeiten-de","17":"first","18":"instock","19":"taxable","20":"shipping-taxable","21":"purchasable","22":"product-type-simple"},"acf":[],"yoast_head":"<!-- This site is optimized with the Yoast SEO Premium plugin v26.6 (Yoast SEO v26.6) - https:\/\/yoast.com\/wordpress\/plugins\/seo\/ -->\n<title>Essenstablett 5 F\u00e4cher zum Mitnehmen pro 50<\/title>\n<meta name=\"description\" content=\"Essenstablett mit 5 F\u00e4chern zum Mitnehmen im 50er-Pack: praktisch, widerstandsf\u00e4hig und preiswert f\u00fcr Caterer, Restaurants und Gemeinschaftsmahlzeiten.\" \/>\n<meta name=\"robots\" content=\"index, follow, max-snippet:-1, max-image-preview:large, max-video-preview:-1\" \/>\n<link rel=\"canonical\" href=\"https:\/\/www.csj-emballages.com\/de\/produit\/50-mahlzeitentabletts-zum-mitnehmen-5-faecher\/\" \/>\n<meta property=\"og:locale\" content=\"de_DE\" \/>\n<meta property=\"og:type\" content=\"article\" \/>\n<meta property=\"og:title\" content=\"Essenstablett mit 5 F\u00e4chern zum Mitnehmen pro 50\" \/>\n<meta property=\"og:description\" content=\"Essenstablett mit 5 F\u00e4chern zum Mitnehmen im 50er-Pack: praktisch, widerstandsf\u00e4hig und preiswert f\u00fcr Caterer, Restaurants und Gemeinschaftsmahlzeiten.\" \/>\n<meta property=\"og:url\" content=\"https:\/\/www.csj-emballages.com\/de\/produit\/50-mahlzeitentabletts-zum-mitnehmen-5-faecher\/\" \/>\n<meta property=\"og:site_name\" content=\"CSJ Emballages\" \/>\n<meta property=\"article:publisher\" content=\"https:\/\/www.facebook.com\/csjemballages\" \/>\n<meta property=\"article:modified_time\" content=\"2026-05-08T00:14:45+00:00\" \/>\n<meta property=\"og:image\" content=\"https:\/\/www.csj-emballages.com\/wp-content\/uploads\/2024\/03\/PL5C.webp\" \/>\n\t<meta property=\"og:image:width\" content=\"800\" \/>\n\t<meta property=\"og:image:height\" content=\"800\" \/>\n\t<meta property=\"og:image:type\" content=\"image\/webp\" \/>\n<meta name=\"twitter:card\" content=\"summary_large_image\" \/>\n<meta name=\"twitter:label1\" content=\"Gesch\u00e4tzte Lesezeit\" \/>\n\t<meta name=\"twitter:data1\" content=\"2 Minuten\" \/>\n<script type=\"application\/ld+json\" class=\"yoast-schema-graph\">{\"@context\":\"https:\/\/schema.org\",\"@graph\":[{\"@type\":\"WebPage\",\"@id\":\"https:\/\/www.csj-emballages.com\/de\/produit\/50-mahlzeitentabletts-zum-mitnehmen-5-faecher\/\",\"url\":\"https:\/\/www.csj-emballages.com\/de\/produit\/50-mahlzeitentabletts-zum-mitnehmen-5-faecher\/\",\"name\":\"Essenstablett 5 F\u00e4cher zum Mitnehmen pro 50\",\"isPartOf\":{\"@id\":\"https:\/\/www.csj-emballages.com\/de\/#website\"},\"primaryImageOfPage\":{\"@id\":\"https:\/\/www.csj-emballages.com\/de\/produit\/50-mahlzeitentabletts-zum-mitnehmen-5-faecher\/#primaryimage\"},\"image\":{\"@id\":\"https:\/\/www.csj-emballages.com\/de\/produit\/50-mahlzeitentabletts-zum-mitnehmen-5-faecher\/#primaryimage\"},\"thumbnailUrl\":\"https:\/\/www.csj-emballages.com\/wp-content\/uploads\/2024\/03\/PL5C.webp\",\"datePublished\":\"2024-03-01T16:00:22+00:00\",\"dateModified\":\"2026-05-08T00:14:45+00:00\",\"description\":\"Essenstablett mit 5 F\u00e4chern zum Mitnehmen im 50er-Pack: praktisch, widerstandsf\u00e4hig und preiswert f\u00fcr Caterer, Restaurants und Gemeinschaftsmahlzeiten.\",\"breadcrumb\":{\"@id\":\"https:\/\/www.csj-emballages.com\/de\/produit\/50-mahlzeitentabletts-zum-mitnehmen-5-faecher\/#breadcrumb\"},\"inLanguage\":\"de\",\"potentialAction\":[{\"@type\":\"ReadAction\",\"target\":[\"https:\/\/www.csj-emballages.com\/de\/produit\/50-mahlzeitentabletts-zum-mitnehmen-5-faecher\/\"]}]},{\"@type\":\"ImageObject\",\"inLanguage\":\"de\",\"@id\":\"https:\/\/www.csj-emballages.com\/de\/produit\/50-mahlzeitentabletts-zum-mitnehmen-5-faecher\/#primaryimage\",\"url\":\"https:\/\/www.csj-emballages.com\/wp-content\/uploads\/2024\/03\/PL5C.webp\",\"contentUrl\":\"https:\/\/www.csj-emballages.com\/wp-content\/uploads\/2024\/03\/PL5C.webp\",\"width\":800,\"height\":800,\"caption\":\"Plateau repas\"},{\"@type\":\"BreadcrumbList\",\"@id\":\"https:\/\/www.csj-emballages.com\/de\/produit\/50-mahlzeitentabletts-zum-mitnehmen-5-faecher\/#breadcrumb\",\"itemListElement\":[{\"@type\":\"ListItem\",\"position\":1,\"name\":\"Accueil\",\"item\":\"https:\/\/www.csj-emballages.com\/de\/universum-lebensmittelverpackungen\/\"},{\"@type\":\"ListItem\",\"position\":2,\"name\":\"Shop\",\"item\":\"https:\/\/www.csj-emballages.com\/shop\/\"},{\"@type\":\"ListItem\",\"position\":3,\"name\":\"Essenstablett mit 5 F\u00e4chern zum Mitnehmen pro 50\"}]},{\"@type\":\"WebSite\",\"@id\":\"https:\/\/www.csj-emballages.com\/de\/#website\",\"url\":\"https:\/\/www.csj-emballages.com\/de\/\",\"name\":\"CSJ Emballages\",\"description\":\"\",\"publisher\":{\"@id\":\"https:\/\/www.csj-emballages.com\/de\/#organization\"},\"potentialAction\":[{\"@type\":\"SearchAction\",\"target\":{\"@type\":\"EntryPoint\",\"urlTemplate\":\"https:\/\/www.csj-emballages.com\/de\/?s={search_term_string}\"},\"query-input\":{\"@type\":\"PropertyValueSpecification\",\"valueRequired\":true,\"valueName\":\"search_term_string\"}}],\"inLanguage\":\"de\"},{\"@type\":\"Organization\",\"@id\":\"https:\/\/www.csj-emballages.com\/de\/#Organization\/\",\"name\":\"CSJ Emballages\",\"url\":\"https:\/\/www.csj-emballages.com\/de\/\",\"logo\":{\"@type\":\"ImageObject\",\"inLanguage\":\"de\",\"@id\":\"https:\/\/www.csj-emballages.com\/de\/#\/schema\/logo\/image\/\",\"url\":\"https:\/\/www.csj-emballages.com\/wp-content\/uploads\/2023\/10\/logo_csj.webp\",\"contentUrl\":\"https:\/\/www.csj-emballages.com\/wp-content\/uploads\/2023\/10\/logo_csj.webp\",\"width\":250,\"height\":95,\"caption\":\"CSJ Emballages\"},\"image\":{\"@id\":\"https:\/\/www.csj-emballages.com\/de\/#\/schema\/logo\/image\/\"},\"sameAs\":[\"https:\/\/www.facebook.com\/csjemballages\"],\"address\":{\"@type\":\"PostalAddress\",\"streetAddress\":\"ZI La Lechere\",\"addressLocality\":\"Patornay\",\"postalCode\":\"39130\",\"addressCountry\":\"FR\"},\"contactPoint\":[{\"@type\":\"ContactPoint\",\"contactType\":\"Service client\",\"telephone\":\"0384254272\",\"email\":\"contact@csj-emballages.com\"}]}]}<\/script>\n<!-- \/ Yoast SEO Premium plugin. -->","yoast_head_json":{"title":"Essenstablett 5 F\u00e4cher zum Mitnehmen pro 50","description":"Essenstablett mit 5 F\u00e4chern zum Mitnehmen im 50er-Pack: praktisch, widerstandsf\u00e4hig und preiswert f\u00fcr Caterer, Restaurants und Gemeinschaftsmahlzeiten.","robots":{"index":"index","follow":"follow","max-snippet":"max-snippet:-1","max-image-preview":"max-image-preview:large","max-video-preview":"max-video-preview:-1"},"canonical":"https:\/\/www.csj-emballages.com\/de\/produit\/50-mahlzeitentabletts-zum-mitnehmen-5-faecher\/","og_locale":"de_DE","og_type":"article","og_title":"Essenstablett mit 5 F\u00e4chern zum Mitnehmen pro 50","og_description":"Essenstablett mit 5 F\u00e4chern zum Mitnehmen im 50er-Pack: praktisch, widerstandsf\u00e4hig und preiswert f\u00fcr Caterer, Restaurants und Gemeinschaftsmahlzeiten.","og_url":"https:\/\/www.csj-emballages.com\/de\/produit\/50-mahlzeitentabletts-zum-mitnehmen-5-faecher\/","og_site_name":"CSJ Emballages","article_publisher":"https:\/\/www.facebook.com\/csjemballages","article_modified_time":"2026-05-08T00:14:45+00:00","og_image":[{"width":800,"height":800,"url":"https:\/\/www.csj-emballages.com\/wp-content\/uploads\/2024\/03\/PL5C.webp","type":"image\/webp"}],"twitter_card":"summary_large_image","twitter_misc":{"Gesch\u00e4tzte Lesezeit":"2 Minuten"},"schema":{"@context":"https:\/\/schema.org","@graph":[{"@type":"WebPage","@id":"https:\/\/www.csj-emballages.com\/de\/produit\/50-mahlzeitentabletts-zum-mitnehmen-5-faecher\/","url":"https:\/\/www.csj-emballages.com\/de\/produit\/50-mahlzeitentabletts-zum-mitnehmen-5-faecher\/","name":"Essenstablett 5 F\u00e4cher zum Mitnehmen pro 50","isPartOf":{"@id":"https:\/\/www.csj-emballages.com\/de\/#website"},"primaryImageOfPage":{"@id":"https:\/\/www.csj-emballages.com\/de\/produit\/50-mahlzeitentabletts-zum-mitnehmen-5-faecher\/#primaryimage"},"image":{"@id":"https:\/\/www.csj-emballages.com\/de\/produit\/50-mahlzeitentabletts-zum-mitnehmen-5-faecher\/#primaryimage"},"thumbnailUrl":"https:\/\/www.csj-emballages.com\/wp-content\/uploads\/2024\/03\/PL5C.webp","datePublished":"2024-03-01T16:00:22+00:00","dateModified":"2026-05-08T00:14:45+00:00","description":"Essenstablett mit 5 F\u00e4chern zum Mitnehmen im 50er-Pack: praktisch, widerstandsf\u00e4hig und preiswert f\u00fcr Caterer, Restaurants und Gemeinschaftsmahlzeiten.","breadcrumb":{"@id":"https:\/\/www.csj-emballages.com\/de\/produit\/50-mahlzeitentabletts-zum-mitnehmen-5-faecher\/#breadcrumb"},"inLanguage":"de","potentialAction":[{"@type":"ReadAction","target":["https:\/\/www.csj-emballages.com\/de\/produit\/50-mahlzeitentabletts-zum-mitnehmen-5-faecher\/"]}]},{"@type":"ImageObject","inLanguage":"de","@id":"https:\/\/www.csj-emballages.com\/de\/produit\/50-mahlzeitentabletts-zum-mitnehmen-5-faecher\/#primaryimage","url":"https:\/\/www.csj-emballages.com\/wp-content\/uploads\/2024\/03\/PL5C.webp","contentUrl":"https:\/\/www.csj-emballages.com\/wp-content\/uploads\/2024\/03\/PL5C.webp","width":800,"height":800,"caption":"Plateau repas"},{"@type":"BreadcrumbList","@id":"https:\/\/www.csj-emballages.com\/de\/produit\/50-mahlzeitentabletts-zum-mitnehmen-5-faecher\/#breadcrumb","itemListElement":[{"@type":"ListItem","position":1,"name":"Accueil","item":"https:\/\/www.csj-emballages.com\/de\/universum-lebensmittelverpackungen\/"},{"@type":"ListItem","position":2,"name":"Shop","item":"https:\/\/www.csj-emballages.com\/shop\/"},{"@type":"ListItem","position":3,"name":"Essenstablett mit 5 F\u00e4chern zum Mitnehmen pro 50"}]},{"@type":"WebSite","@id":"https:\/\/www.csj-emballages.com\/de\/#website","url":"https:\/\/www.csj-emballages.com\/de\/","name":"CSJ Emballages","description":"","publisher":{"@id":"https:\/\/www.csj-emballages.com\/de\/#organization"},"potentialAction":[{"@type":"SearchAction","target":{"@type":"EntryPoint","urlTemplate":"https:\/\/www.csj-emballages.com\/de\/?s={search_term_string}"},"query-input":{"@type":"PropertyValueSpecification","valueRequired":true,"valueName":"search_term_string"}}],"inLanguage":"de"},{"@type":"Organization","@id":"https:\/\/www.csj-emballages.com\/de\/#Organization\/","name":"CSJ Emballages","url":"https:\/\/www.csj-emballages.com\/de\/","logo":{"@type":"ImageObject","inLanguage":"de","@id":"https:\/\/www.csj-emballages.com\/de\/#\/schema\/logo\/image\/","url":"https:\/\/www.csj-emballages.com\/wp-content\/uploads\/2023\/10\/logo_csj.webp","contentUrl":"https:\/\/www.csj-emballages.com\/wp-content\/uploads\/2023\/10\/logo_csj.webp","width":250,"height":95,"caption":"CSJ Emballages"},"image":{"@id":"https:\/\/www.csj-emballages.com\/de\/#\/schema\/logo\/image\/"},"sameAs":["https:\/\/www.facebook.com\/csjemballages"],"address":{"@type":"PostalAddress","streetAddress":"ZI La Lechere","addressLocality":"Patornay","postalCode":"39130","addressCountry":"FR"},"contactPoint":[{"@type":"ContactPoint","contactType":"Service client","telephone":"0384254272","email":"contact@csj-emballages.com"}]}]}},"df_price":18.22,"df_sale_price":"","df_regular_price":18.22,"df_image_link":"https:\/\/www.csj-emballages.com\/wp-content\/uploads\/2024\/03\/PL5C-300x300.webp","tiered_pricing_type":"fixed","tiered_pricing_fixed_rules":[],"tiered_pricing_percentage_rules":[],"tiered_pricing_minimum":1,"tiered_pricing_roles_data":[],"_links":{"self":[{"href":"https:\/\/www.csj-emballages.com\/de\/wp-json\/wp\/v2\/product\/17120","targetHints":{"allow":["GET"]}}],"collection":[{"href":"https:\/\/www.csj-emballages.com\/de\/wp-json\/wp\/v2\/product"}],"about":[{"href":"https:\/\/www.csj-emballages.com\/de\/wp-json\/wp\/v2\/types\/product"}],"wp:featuredmedia":[{"embeddable":true,"href":"https:\/\/www.csj-emballages.com\/de\/wp-json\/wp\/v2\/media\/241292"}],"wp:attachment":[{"href":"https:\/\/www.csj-emballages.com\/de\/wp-json\/wp\/v2\/media?parent=17120"}],"wp:term":[{"taxonomy":"product_brand","embeddable":true,"href":"https:\/\/www.csj-emballages.com\/de\/wp-json\/wp\/v2\/product_brand?post=17120"},{"taxonomy":"product_cat","embeddable":true,"href":"https:\/\/www.csj-emballages.com\/de\/wp-json\/wp\/v2\/product_cat?post=17120"},{"taxonomy":"product_tag","embeddable":true,"href":"https:\/\/www.csj-emballages.com\/de\/wp-json\/wp\/v2\/product_tag?post=17120"}],"curies":[{"name":"wp","href":"https:\/\/api.w.org\/{rel}","templated":true}]}}