{"id":17105,"date":"2024-03-01T17:00:21","date_gmt":"2024-03-01T16:00:21","guid":{"rendered":"https:\/\/u15jnbdpoq.preview.infomaniak.website\/produit\/biologischer-geruchsbeseitiger-5-liter\/"},"modified":"2026-04-18T02:10:14","modified_gmt":"2026-04-18T00:10:14","slug":"biologischer-geruchsbeseitiger-5-liter","status":"publish","type":"product","link":"https:\/\/www.csj-emballages.com\/de\/produit\/biologischer-geruchsbeseitiger-5-liter\/","title":{"rendered":"Biologischer Geruchsbeseitiger 5 Liter"},"content":{"rendered":"<h2>Geruchsbeseitiger<\/h2>\n<hr>\n<h3>Beschreibung von unserem biologischen Geruchskiller 5 Liter<\/h3>\n<p><!--more--><\/p>\n<div class=\"flex max-w-full flex-col flex-grow\">\n<div class=\"min-h-8 text-message flex w-full flex-col items-end gap-2 whitespace-normal break-words text-start [.text-message+&amp;]:mt-5\" dir=\"auto\" data-message-author-role=\"assistant\" data-message-id=\"74f6a6bc-fb52-432c-838a-4b103a29532e\" data-message-model-slug=\"gpt-4o\">\n<div class=\"flex w-full flex-col gap-1 empty:hidden first:pt-[3px]\">\n<div class=\"markdown prose w-full break-words dark:prose-invert dark\">\n<p class=\"\" data-start=\"215\" data-end=\"641\">Dieser <strong>biologische Geruchsentferner<\/strong> wurde f\u00fcr professionelle Reinigungsunternehmen, \u00f6ffentliche Einrichtungen und sogar anspruchsvolle Privatpersonen entwickelt und ist eine leistungsstarke und nat\u00fcrliche L\u00f6sung gegen hartn\u00e4ckige <strong>Ger\u00fcche<\/strong>. Dank seiner fortschrittlichen Formulierung mit nat\u00fcrlichen Mikroorganismen und milden Tensiden wirkt er tiefgreifend, um unangenehme Ausd\u00fcnstungen aus organischen Abf\u00e4llen zu verhindern und zu neutralisieren. <\/p>\n<p class=\"\" data-start=\"643\" data-end=\"1145\">Dieses Produkt \u00fcberdeckt n\u00e4mlich nicht nur die <strong>Ger\u00fcche<\/strong>, sondern behandelt sie an der Quelle, indem es den biologischen Abbau der f\u00fcr diese Bel\u00e4stigung verantwortlichen Stoffe f\u00f6rdert. Es ist besonders wirksam bei der Pflege von empfindlichen Bereichen: Kanalisationen, Siphons, Kl\u00e4rgruben, Fettabscheidern und anderen Abwassersystemen. Es begrenzt auch die Verschmutzung der Anlagen und erh\u00e4lt gleichzeitig ihre Funktionsf\u00e4higkeit, ohne Risiken f\u00fcr die Nutzer oder die Umwelt.  <\/p>\n<p class=\"\" data-start=\"1147\" data-end=\"1413\">Ebenso ist die Gr\u00f6\u00dfe von <strong data-start=\"1161\" data-end=\"1173\">5 Litern<\/strong> ideal f\u00fcr den regelm\u00e4\u00dfigen Gebrauch in Gro\u00dfk\u00fcchen, Restaurants, Gemeinschaftseinrichtungen oder zu Hause. Einfach zu verwenden, geben Sie einfach die empfohlene Menge direkt in die zu behandelnden Bereiche. <\/p>\n<p class=\"\" data-start=\"1415\" data-end=\"1554\">Zusammengefasst ist es eine <strong data-start=\"1425\" data-end=\"1453\">umweltfreundliche Alternative<\/strong> zu aggressiven chemischen Produkten mit einer anerkannten langfristigen Wirksamkeit.<\/p>\n<\/div>\n<\/div>\n<\/div>\n<p data-start=\"1415\" data-end=\"1554\">\n<\/div>\n<p><!--more--><\/p>\n<h4>Seine Vorteile :<\/h4>\n<ul>\n<li>Biologische Formel auf der Basis nat\u00fcrlicher Mikroorganismen.<\/li>\n<li>Beseitigt Ger\u00fcche an der Quelle, ohne sie zu \u00fcberdecken.<\/li>\n<li>Schont die Anlagen (Rohrleitungen, Gruben, Abscheider&#8230;).<\/li>\n<li>Ideal f\u00fcr den Einsatz im Beruf oder zu Hause.<\/li>\n<li>Sparsames 5-Liter-Format.<\/li>\n<\/ul>\n<p>&nbsp;<\/p>\n<p><!--more--><\/p>\n<h4>Weitere Informationen :<\/h4>\n<ul>\n<li><strong>Verpackung<\/strong>: Einzeln<\/li>\n<li><strong>Volumen<\/strong>: 5 Liter<\/li>\n<li><strong>Verwendung<\/strong>: Geruchsbeseitiger<\/li>\n<\/ul>\n<p>&nbsp;<\/p>\n<p><!--more--><\/p>\n<p class=\"woocommerce-loop-product__title\">Hier finden Sie unseren 1-Liter-Rohrreiniger: <span style=\"color: #d12727;\"><a style=\"color: #d12727;\" href=\"https:\/\/www.csj-emballages.com\/es\/produit\/desatascador-de-desagues-de-1-litro\/\">00110<\/a><\/span><\/p>\n<p>&nbsp;<\/p>\n<p><!--more--><\/p>\n<p><a href=\"https:\/\/www.csj-emballages.com\/de\/categorie-produit\/hygiene-und-pflege\/pflegeprodukte\/kuche\/\">Sehen Sie sich den Rest unseres Sortiments an K\u00fcchenreinigungsprodukten an.<\/a><\/p>\n","protected":false},"excerpt":{"rendered":"<p>Geruchsbeseitiger Beschreibung von unserem biologischen Geruchskiller 5 Liter<\/p>\n","protected":false},"featured_media":233215,"template":"","meta":{"_acf_changed":false},"product_brand":[],"product_cat":[1218,1219,1330,1294],"product_tag":[],"class_list":{"0":"post-17105","1":"product","2":"type-product","3":"status-publish","4":"has-post-thumbnail","6":"product_cat-hygiene-und-pflege","7":"product_cat-pflegeprodukte","8":"product_cat-kuche","9":"product_cat-sanitar","10":"product_shipping_class-verboten-in-staffeln","12":"first","13":"instock","14":"taxable","15":"shipping-taxable","16":"purchasable","17":"product-type-simple"},"acf":[],"yoast_head":"<!-- This site is optimized with the Yoast SEO Premium plugin v26.6 (Yoast SEO v26.6) - https:\/\/yoast.com\/wordpress\/plugins\/seo\/ -->\n<title>Biologischer Geruchsbeseitiger 5 Liter<\/title>\n<meta name=\"description\" content=\"Biologischer Geruchsbeseitiger 5L: Neutralisiert wirksam organische Ger\u00fcche in Gruben, Kan\u00e4len und Fettabscheidern. Nat\u00fcrliche Formel.\" \/>\n<meta name=\"robots\" content=\"index, follow, max-snippet:-1, max-image-preview:large, max-video-preview:-1\" \/>\n<link rel=\"canonical\" href=\"https:\/\/www.csj-emballages.com\/de\/produit\/biologischer-geruchsbeseitiger-5-liter\/\" \/>\n<meta property=\"og:locale\" content=\"de_DE\" \/>\n<meta property=\"og:type\" content=\"article\" \/>\n<meta property=\"og:title\" content=\"Biologischer Geruchsbeseitiger 5 Liter\" \/>\n<meta property=\"og:description\" content=\"Biologischer Geruchsbeseitiger 5L: Neutralisiert wirksam organische Ger\u00fcche in Gruben, Kan\u00e4len und Fettabscheidern. Nat\u00fcrliche Formel.\" \/>\n<meta property=\"og:url\" content=\"https:\/\/www.csj-emballages.com\/de\/produit\/biologischer-geruchsbeseitiger-5-liter\/\" \/>\n<meta property=\"og:site_name\" content=\"CSJ Emballages\" \/>\n<meta property=\"article:publisher\" content=\"https:\/\/www.facebook.com\/csjemballages\" \/>\n<meta property=\"article:modified_time\" content=\"2026-04-18T00:10:14+00:00\" \/>\n<meta property=\"og:image\" content=\"https:\/\/www.csj-emballages.com\/wp-content\/uploads\/2024\/03\/00111.webp\" \/>\n\t<meta property=\"og:image:width\" content=\"800\" \/>\n\t<meta property=\"og:image:height\" content=\"800\" \/>\n\t<meta property=\"og:image:type\" content=\"image\/webp\" \/>\n<meta name=\"twitter:card\" content=\"summary_large_image\" \/>\n<meta name=\"twitter:label1\" content=\"Gesch\u00e4tzte Lesezeit\" \/>\n\t<meta name=\"twitter:data1\" content=\"1\u00a0Minute\" \/>\n<script type=\"application\/ld+json\" class=\"yoast-schema-graph\">{\"@context\":\"https:\/\/schema.org\",\"@graph\":[{\"@type\":\"WebPage\",\"@id\":\"https:\/\/www.csj-emballages.com\/de\/produit\/biologischer-geruchsbeseitiger-5-liter\/\",\"url\":\"https:\/\/www.csj-emballages.com\/de\/produit\/biologischer-geruchsbeseitiger-5-liter\/\",\"name\":\"Biologischer Geruchsbeseitiger 5 Liter\",\"isPartOf\":{\"@id\":\"https:\/\/www.csj-emballages.com\/de\/#website\"},\"primaryImageOfPage\":{\"@id\":\"https:\/\/www.csj-emballages.com\/de\/produit\/biologischer-geruchsbeseitiger-5-liter\/#primaryimage\"},\"image\":{\"@id\":\"https:\/\/www.csj-emballages.com\/de\/produit\/biologischer-geruchsbeseitiger-5-liter\/#primaryimage\"},\"thumbnailUrl\":\"https:\/\/www.csj-emballages.com\/wp-content\/uploads\/2024\/03\/00111.webp\",\"datePublished\":\"2024-03-01T16:00:21+00:00\",\"dateModified\":\"2026-04-18T00:10:14+00:00\",\"description\":\"Biologischer Geruchsbeseitiger 5L: Neutralisiert wirksam organische Ger\u00fcche in Gruben, Kan\u00e4len und Fettabscheidern. Nat\u00fcrliche Formel.\",\"breadcrumb\":{\"@id\":\"https:\/\/www.csj-emballages.com\/de\/produit\/biologischer-geruchsbeseitiger-5-liter\/#breadcrumb\"},\"inLanguage\":\"de\",\"potentialAction\":[{\"@type\":\"ReadAction\",\"target\":[\"https:\/\/www.csj-emballages.com\/de\/produit\/biologischer-geruchsbeseitiger-5-liter\/\"]}]},{\"@type\":\"ImageObject\",\"inLanguage\":\"de\",\"@id\":\"https:\/\/www.csj-emballages.com\/de\/produit\/biologischer-geruchsbeseitiger-5-liter\/#primaryimage\",\"url\":\"https:\/\/www.csj-emballages.com\/wp-content\/uploads\/2024\/03\/00111.webp\",\"contentUrl\":\"https:\/\/www.csj-emballages.com\/wp-content\/uploads\/2024\/03\/00111.webp\",\"width\":800,\"height\":800,\"caption\":\"\u00c9liminateur odeur\"},{\"@type\":\"BreadcrumbList\",\"@id\":\"https:\/\/www.csj-emballages.com\/de\/produit\/biologischer-geruchsbeseitiger-5-liter\/#breadcrumb\",\"itemListElement\":[{\"@type\":\"ListItem\",\"position\":1,\"name\":\"Accueil\",\"item\":\"https:\/\/www.csj-emballages.com\/de\/universum-lebensmittelverpackungen\/\"},{\"@type\":\"ListItem\",\"position\":2,\"name\":\"Shop\",\"item\":\"https:\/\/www.csj-emballages.com\/shop\/\"},{\"@type\":\"ListItem\",\"position\":3,\"name\":\"Biologischer Geruchsbeseitiger 5 Liter\"}]},{\"@type\":\"WebSite\",\"@id\":\"https:\/\/www.csj-emballages.com\/de\/#website\",\"url\":\"https:\/\/www.csj-emballages.com\/de\/\",\"name\":\"CSJ Emballages\",\"description\":\"\",\"publisher\":{\"@id\":\"https:\/\/www.csj-emballages.com\/de\/#organization\"},\"potentialAction\":[{\"@type\":\"SearchAction\",\"target\":{\"@type\":\"EntryPoint\",\"urlTemplate\":\"https:\/\/www.csj-emballages.com\/de\/?s={search_term_string}\"},\"query-input\":{\"@type\":\"PropertyValueSpecification\",\"valueRequired\":true,\"valueName\":\"search_term_string\"}}],\"inLanguage\":\"de\"},{\"@type\":\"Organization\",\"@id\":\"https:\/\/www.csj-emballages.com\/de\/#Organization\/\",\"name\":\"CSJ Emballages\",\"url\":\"https:\/\/www.csj-emballages.com\/de\/\",\"logo\":{\"@type\":\"ImageObject\",\"inLanguage\":\"de\",\"@id\":\"https:\/\/www.csj-emballages.com\/de\/#\/schema\/logo\/image\/\",\"url\":\"https:\/\/www.csj-emballages.com\/wp-content\/uploads\/2023\/10\/logo_csj.webp\",\"contentUrl\":\"https:\/\/www.csj-emballages.com\/wp-content\/uploads\/2023\/10\/logo_csj.webp\",\"width\":250,\"height\":95,\"caption\":\"CSJ Emballages\"},\"image\":{\"@id\":\"https:\/\/www.csj-emballages.com\/de\/#\/schema\/logo\/image\/\"},\"sameAs\":[\"https:\/\/www.facebook.com\/csjemballages\"],\"address\":{\"@type\":\"PostalAddress\",\"streetAddress\":\"ZI La Lechere\",\"addressLocality\":\"Patornay\",\"postalCode\":\"39130\",\"addressCountry\":\"FR\"},\"contactPoint\":[{\"@type\":\"ContactPoint\",\"contactType\":\"Service client\",\"telephone\":\"0384254272\",\"email\":\"contact@csj-emballages.com\"}]}]}<\/script>\n<!-- \/ Yoast SEO Premium plugin. -->","yoast_head_json":{"title":"Biologischer Geruchsbeseitiger 5 Liter","description":"Biologischer Geruchsbeseitiger 5L: Neutralisiert wirksam organische Ger\u00fcche in Gruben, Kan\u00e4len und Fettabscheidern. Nat\u00fcrliche Formel.","robots":{"index":"index","follow":"follow","max-snippet":"max-snippet:-1","max-image-preview":"max-image-preview:large","max-video-preview":"max-video-preview:-1"},"canonical":"https:\/\/www.csj-emballages.com\/de\/produit\/biologischer-geruchsbeseitiger-5-liter\/","og_locale":"de_DE","og_type":"article","og_title":"Biologischer Geruchsbeseitiger 5 Liter","og_description":"Biologischer Geruchsbeseitiger 5L: Neutralisiert wirksam organische Ger\u00fcche in Gruben, Kan\u00e4len und Fettabscheidern. Nat\u00fcrliche Formel.","og_url":"https:\/\/www.csj-emballages.com\/de\/produit\/biologischer-geruchsbeseitiger-5-liter\/","og_site_name":"CSJ Emballages","article_publisher":"https:\/\/www.facebook.com\/csjemballages","article_modified_time":"2026-04-18T00:10:14+00:00","og_image":[{"width":800,"height":800,"url":"https:\/\/www.csj-emballages.com\/wp-content\/uploads\/2024\/03\/00111.webp","type":"image\/webp"}],"twitter_card":"summary_large_image","twitter_misc":{"Gesch\u00e4tzte Lesezeit":"1\u00a0Minute"},"schema":{"@context":"https:\/\/schema.org","@graph":[{"@type":"WebPage","@id":"https:\/\/www.csj-emballages.com\/de\/produit\/biologischer-geruchsbeseitiger-5-liter\/","url":"https:\/\/www.csj-emballages.com\/de\/produit\/biologischer-geruchsbeseitiger-5-liter\/","name":"Biologischer Geruchsbeseitiger 5 Liter","isPartOf":{"@id":"https:\/\/www.csj-emballages.com\/de\/#website"},"primaryImageOfPage":{"@id":"https:\/\/www.csj-emballages.com\/de\/produit\/biologischer-geruchsbeseitiger-5-liter\/#primaryimage"},"image":{"@id":"https:\/\/www.csj-emballages.com\/de\/produit\/biologischer-geruchsbeseitiger-5-liter\/#primaryimage"},"thumbnailUrl":"https:\/\/www.csj-emballages.com\/wp-content\/uploads\/2024\/03\/00111.webp","datePublished":"2024-03-01T16:00:21+00:00","dateModified":"2026-04-18T00:10:14+00:00","description":"Biologischer Geruchsbeseitiger 5L: Neutralisiert wirksam organische Ger\u00fcche in Gruben, Kan\u00e4len und Fettabscheidern. Nat\u00fcrliche Formel.","breadcrumb":{"@id":"https:\/\/www.csj-emballages.com\/de\/produit\/biologischer-geruchsbeseitiger-5-liter\/#breadcrumb"},"inLanguage":"de","potentialAction":[{"@type":"ReadAction","target":["https:\/\/www.csj-emballages.com\/de\/produit\/biologischer-geruchsbeseitiger-5-liter\/"]}]},{"@type":"ImageObject","inLanguage":"de","@id":"https:\/\/www.csj-emballages.com\/de\/produit\/biologischer-geruchsbeseitiger-5-liter\/#primaryimage","url":"https:\/\/www.csj-emballages.com\/wp-content\/uploads\/2024\/03\/00111.webp","contentUrl":"https:\/\/www.csj-emballages.com\/wp-content\/uploads\/2024\/03\/00111.webp","width":800,"height":800,"caption":"\u00c9liminateur odeur"},{"@type":"BreadcrumbList","@id":"https:\/\/www.csj-emballages.com\/de\/produit\/biologischer-geruchsbeseitiger-5-liter\/#breadcrumb","itemListElement":[{"@type":"ListItem","position":1,"name":"Accueil","item":"https:\/\/www.csj-emballages.com\/de\/universum-lebensmittelverpackungen\/"},{"@type":"ListItem","position":2,"name":"Shop","item":"https:\/\/www.csj-emballages.com\/shop\/"},{"@type":"ListItem","position":3,"name":"Biologischer Geruchsbeseitiger 5 Liter"}]},{"@type":"WebSite","@id":"https:\/\/www.csj-emballages.com\/de\/#website","url":"https:\/\/www.csj-emballages.com\/de\/","name":"CSJ Emballages","description":"","publisher":{"@id":"https:\/\/www.csj-emballages.com\/de\/#organization"},"potentialAction":[{"@type":"SearchAction","target":{"@type":"EntryPoint","urlTemplate":"https:\/\/www.csj-emballages.com\/de\/?s={search_term_string}"},"query-input":{"@type":"PropertyValueSpecification","valueRequired":true,"valueName":"search_term_string"}}],"inLanguage":"de"},{"@type":"Organization","@id":"https:\/\/www.csj-emballages.com\/de\/#Organization\/","name":"CSJ Emballages","url":"https:\/\/www.csj-emballages.com\/de\/","logo":{"@type":"ImageObject","inLanguage":"de","@id":"https:\/\/www.csj-emballages.com\/de\/#\/schema\/logo\/image\/","url":"https:\/\/www.csj-emballages.com\/wp-content\/uploads\/2023\/10\/logo_csj.webp","contentUrl":"https:\/\/www.csj-emballages.com\/wp-content\/uploads\/2023\/10\/logo_csj.webp","width":250,"height":95,"caption":"CSJ Emballages"},"image":{"@id":"https:\/\/www.csj-emballages.com\/de\/#\/schema\/logo\/image\/"},"sameAs":["https:\/\/www.facebook.com\/csjemballages"],"address":{"@type":"PostalAddress","streetAddress":"ZI La Lechere","addressLocality":"Patornay","postalCode":"39130","addressCountry":"FR"},"contactPoint":[{"@type":"ContactPoint","contactType":"Service client","telephone":"0384254272","email":"contact@csj-emballages.com"}]}]}},"df_price":33.25,"df_sale_price":"","df_regular_price":33.25,"df_image_link":"https:\/\/www.csj-emballages.com\/wp-content\/uploads\/2024\/03\/00111-300x300.webp","tiered_pricing_type":"fixed","tiered_pricing_fixed_rules":[],"tiered_pricing_percentage_rules":[],"tiered_pricing_minimum":1,"tiered_pricing_roles_data":[],"_links":{"self":[{"href":"https:\/\/www.csj-emballages.com\/de\/wp-json\/wp\/v2\/product\/17105","targetHints":{"allow":["GET"]}}],"collection":[{"href":"https:\/\/www.csj-emballages.com\/de\/wp-json\/wp\/v2\/product"}],"about":[{"href":"https:\/\/www.csj-emballages.com\/de\/wp-json\/wp\/v2\/types\/product"}],"wp:featuredmedia":[{"embeddable":true,"href":"https:\/\/www.csj-emballages.com\/de\/wp-json\/wp\/v2\/media\/233215"}],"wp:attachment":[{"href":"https:\/\/www.csj-emballages.com\/de\/wp-json\/wp\/v2\/media?parent=17105"}],"wp:term":[{"taxonomy":"product_brand","embeddable":true,"href":"https:\/\/www.csj-emballages.com\/de\/wp-json\/wp\/v2\/product_brand?post=17105"},{"taxonomy":"product_cat","embeddable":true,"href":"https:\/\/www.csj-emballages.com\/de\/wp-json\/wp\/v2\/product_cat?post=17105"},{"taxonomy":"product_tag","embeddable":true,"href":"https:\/\/www.csj-emballages.com\/de\/wp-json\/wp\/v2\/product_tag?post=17105"}],"curies":[{"name":"wp","href":"https:\/\/api.w.org\/{rel}","templated":true}]}}