{"id":17090,"date":"2024-03-20T12:12:50","date_gmt":"2024-03-20T11:12:50","guid":{"rendered":"https:\/\/u15jnbdpoq.preview.infomaniak.website\/?post_type=product&#038;p=17090"},"modified":"2026-04-30T02:14:30","modified_gmt":"2026-04-30T00:14:30","slug":"100-gerade-strohhalme-230-mm-kraftpapier-o-8-mm","status":"publish","type":"product","link":"https:\/\/www.csj-emballages.com\/de\/produit\/100-gerade-strohhalme-230-mm-kraftpapier-o-8-mm\/","title":{"rendered":"Strohhalm aus Kraftpapier gerade 230 mm \u00d8 8 mm pro 100"},"content":{"rendered":"<h2>Stroh<\/h2>\n<hr>\n<h3>Beschreibung von unserem Kraftpapier-Strohhalm gerade 230 mm \u00d8 8 mm pro 100<\/h3>\n<p><!--more--><\/p>\n<p>Entdecken Sie unseren <strong>geraden Papierstrohhalm 230mm \u00d88mm<\/strong>, der aus nachhaltigem Kraftpapier hergestellt wird und ideal f\u00fcr all Ihre Lieblingsgetr\u00e4nke ist. Mit einem Durchmesser von 8 mm bietet er einen optimalen Durchfluss f\u00fcr Ihre Smoothies, S\u00e4fte und Cocktails. Er wurde umweltfreundlich gestaltet und ist vollst\u00e4ndig biologisch abbaubar und kompostierbar. Verabschieden Sie sich von umweltsch\u00e4dlichen Plastikstrohhalmen und entscheiden Sie sich f\u00fcr eine umweltfreundliche Alternative. Ihre nat\u00fcrliche Farbe passt zu allen Arten von Empf\u00e4ngen, von zwanglosen Partys bis hin zu formellen Veranstaltungen. Sie sind au\u00dferdem widerstandsf\u00e4hig und weichen in Getr\u00e4nken nicht so schnell auf. Sie eignen sich perfekt f\u00fcr Restaurants, Bars und Privathaushalte und sorgen f\u00fcr ein angenehmes Trinkerlebnis. Jeder Strohhalm wird sorgf\u00e4ltig hergestellt, um eine hohe Qualit\u00e4t zu gew\u00e4hrleisten. Sie lassen sich leicht lagern und sind lange haltbar, ohne an Qualit\u00e4t zu verlieren.        <\/p>\n<p>&nbsp;<\/p>\n<p><!--more--><\/p>\n<p>Bestellen Sie jetzt unseren <strong>geraden<\/strong> <strong>Trinkhalm<\/strong> <strong>230mm aus \u00d88mm Papier<\/strong> und tun Sie etwas f\u00fcr unseren Planeten.<\/p>\n<p>&nbsp;<\/p>\n<p><!--more--><\/p>\n<h4><strong>Ihre Vorteile :<\/strong><\/h4>\n<ul>\n<li><strong>Umweltfreundlich und biologisch abbaubar<\/strong>: Aus Kraftpapier hergestellt, zersetzen sie sich auf nat\u00fcrliche Weise und reduzieren so den Plastikm\u00fcll.<\/li>\n<li><strong>Vielseitig<\/strong> einsetzbar : Ideal f\u00fcr eine Vielzahl von Getr\u00e4nken, von dicken Smoothies bis hin zu erfrischenden Cocktails.<\/li>\n<li><strong>Einfache Lagerung<\/strong>: Nimmt nicht viel Platz ein und ist ohne Qualit\u00e4tsverlust gut lagerf\u00e4hig.<\/li>\n<\/ul>\n<p>&nbsp;<\/p>\n<p><!--more--><\/p>\n<p><a href=\"\/?product_cat=pailles\">Sehen Sie sich den Rest unseres Strohhalmsortiments an<\/a><\/p>\n","protected":false},"excerpt":{"rendered":"<p>Stroh Beschreibung von unserem Kraftpapier-Strohhalm gerade 230 mm \u00d8 8 mm pro 100<\/p>\n","protected":false},"featured_media":32646,"template":"","meta":{"_acf_changed":false},"product_brand":[],"product_cat":[1137,1134,3961,3003,1146,3002],"product_tag":[],"class_list":{"0":"post-17090","1":"product","2":"type-product","3":"status-publish","4":"has-post-thumbnail","6":"product_cat-lebensmittelverpackungen","7":"product_cat-restauration-de","8":"product_cat-teller-einwegbesteck-strohhalme","9":"product_cat-strohhalme","10":"product_cat-bio-sortiment","11":"product_cat-bio-strohhalme","13":"first","14":"instock","15":"taxable","16":"shipping-taxable","17":"purchasable","18":"product-type-simple"},"acf":[],"yoast_head":"<!-- This site is optimized with the Yoast SEO Premium plugin v26.6 (Yoast SEO v26.6) - https:\/\/yoast.com\/wordpress\/plugins\/seo\/ -->\n<title>Kraftpapierstrohhalm gerade - 230mm x \u00d88mm<\/title>\n<meta name=\"description\" content=\"Entdecken Sie unseren geraden Papierstrohhalm 230mm aus Papier \u00d88mm. Entscheiden Sie sich f\u00fcr eine nachhaltige und umweltfreundliche Alternative!\" \/>\n<meta name=\"robots\" content=\"index, follow, max-snippet:-1, max-image-preview:large, max-video-preview:-1\" \/>\n<link rel=\"canonical\" href=\"https:\/\/www.csj-emballages.com\/de\/produit\/100-gerade-strohhalme-230-mm-kraftpapier-o-8-mm\/\" \/>\n<meta property=\"og:locale\" content=\"de_DE\" \/>\n<meta property=\"og:type\" content=\"article\" \/>\n<meta property=\"og:title\" content=\"Strohhalm aus Kraftpapier gerade 230 mm \u00d8 8 mm pro 100\" \/>\n<meta property=\"og:description\" content=\"Entdecken Sie unseren geraden Papierstrohhalm 230mm aus Papier \u00d88mm. Entscheiden Sie sich f\u00fcr eine nachhaltige und umweltfreundliche Alternative!\" \/>\n<meta property=\"og:url\" content=\"https:\/\/www.csj-emballages.com\/de\/produit\/100-gerade-strohhalme-230-mm-kraftpapier-o-8-mm\/\" \/>\n<meta property=\"og:site_name\" content=\"CSJ Emballages\" \/>\n<meta property=\"article:publisher\" content=\"https:\/\/www.facebook.com\/csjemballages\" \/>\n<meta property=\"article:modified_time\" content=\"2026-04-30T00:14:30+00:00\" \/>\n<meta property=\"og:image\" content=\"https:\/\/www.csj-emballages.com\/wp-content\/uploads\/2024\/03\/001010490-1-scaled-e1721723388189.webp\" \/>\n\t<meta property=\"og:image:width\" content=\"2560\" \/>\n\t<meta property=\"og:image:height\" content=\"1707\" \/>\n\t<meta property=\"og:image:type\" content=\"image\/jpeg\" \/>\n<meta name=\"twitter:card\" content=\"summary_large_image\" \/>\n<meta name=\"twitter:label1\" content=\"Gesch\u00e4tzte Lesezeit\" \/>\n\t<meta name=\"twitter:data1\" content=\"1\u00a0Minute\" \/>\n<script type=\"application\/ld+json\" class=\"yoast-schema-graph\">{\"@context\":\"https:\/\/schema.org\",\"@graph\":[{\"@type\":\"WebPage\",\"@id\":\"https:\/\/www.csj-emballages.com\/de\/produit\/100-gerade-strohhalme-230-mm-kraftpapier-o-8-mm\/\",\"url\":\"https:\/\/www.csj-emballages.com\/de\/produit\/100-gerade-strohhalme-230-mm-kraftpapier-o-8-mm\/\",\"name\":\"Kraftpapierstrohhalm gerade - 230mm x \u00d88mm\",\"isPartOf\":{\"@id\":\"https:\/\/www.csj-emballages.com\/de\/#website\"},\"primaryImageOfPage\":{\"@id\":\"https:\/\/www.csj-emballages.com\/de\/produit\/100-gerade-strohhalme-230-mm-kraftpapier-o-8-mm\/#primaryimage\"},\"image\":{\"@id\":\"https:\/\/www.csj-emballages.com\/de\/produit\/100-gerade-strohhalme-230-mm-kraftpapier-o-8-mm\/#primaryimage\"},\"thumbnailUrl\":\"https:\/\/www.csj-emballages.com\/wp-content\/uploads\/2024\/03\/001010490-1-scaled-e1721723388189.webp\",\"datePublished\":\"2024-03-20T11:12:50+00:00\",\"dateModified\":\"2026-04-30T00:14:30+00:00\",\"description\":\"Entdecken Sie unseren geraden Papierstrohhalm 230mm aus Papier \u00d88mm. Entscheiden Sie sich f\u00fcr eine nachhaltige und umweltfreundliche Alternative!\",\"breadcrumb\":{\"@id\":\"https:\/\/www.csj-emballages.com\/de\/produit\/100-gerade-strohhalme-230-mm-kraftpapier-o-8-mm\/#breadcrumb\"},\"inLanguage\":\"de\",\"potentialAction\":[{\"@type\":\"ReadAction\",\"target\":[\"https:\/\/www.csj-emballages.com\/de\/produit\/100-gerade-strohhalme-230-mm-kraftpapier-o-8-mm\/\"]}]},{\"@type\":\"ImageObject\",\"inLanguage\":\"de\",\"@id\":\"https:\/\/www.csj-emballages.com\/de\/produit\/100-gerade-strohhalme-230-mm-kraftpapier-o-8-mm\/#primaryimage\",\"url\":\"https:\/\/www.csj-emballages.com\/wp-content\/uploads\/2024\/03\/001010490-1-scaled-e1721723388189.webp\",\"contentUrl\":\"https:\/\/www.csj-emballages.com\/wp-content\/uploads\/2024\/03\/001010490-1-scaled-e1721723388189.webp\",\"width\":2560,\"height\":1707,\"caption\":\"Pailles droites 230mm en papier \u00d88mm\"},{\"@type\":\"BreadcrumbList\",\"@id\":\"https:\/\/www.csj-emballages.com\/de\/produit\/100-gerade-strohhalme-230-mm-kraftpapier-o-8-mm\/#breadcrumb\",\"itemListElement\":[{\"@type\":\"ListItem\",\"position\":1,\"name\":\"Accueil\",\"item\":\"https:\/\/www.csj-emballages.com\/de\/universum-lebensmittelverpackungen\/\"},{\"@type\":\"ListItem\",\"position\":2,\"name\":\"Shop\",\"item\":\"https:\/\/www.csj-emballages.com\/shop\/\"},{\"@type\":\"ListItem\",\"position\":3,\"name\":\"Strohhalm aus Kraftpapier gerade 230 mm \u00d8 8 mm pro 100\"}]},{\"@type\":\"WebSite\",\"@id\":\"https:\/\/www.csj-emballages.com\/de\/#website\",\"url\":\"https:\/\/www.csj-emballages.com\/de\/\",\"name\":\"CSJ Emballages\",\"description\":\"\",\"publisher\":{\"@id\":\"https:\/\/www.csj-emballages.com\/de\/#organization\"},\"potentialAction\":[{\"@type\":\"SearchAction\",\"target\":{\"@type\":\"EntryPoint\",\"urlTemplate\":\"https:\/\/www.csj-emballages.com\/de\/?s={search_term_string}\"},\"query-input\":{\"@type\":\"PropertyValueSpecification\",\"valueRequired\":true,\"valueName\":\"search_term_string\"}}],\"inLanguage\":\"de\"},{\"@type\":\"Organization\",\"@id\":\"https:\/\/www.csj-emballages.com\/de\/#Organization\/\",\"name\":\"CSJ Emballages\",\"url\":\"https:\/\/www.csj-emballages.com\/de\/\",\"logo\":{\"@type\":\"ImageObject\",\"inLanguage\":\"de\",\"@id\":\"https:\/\/www.csj-emballages.com\/de\/#\/schema\/logo\/image\/\",\"url\":\"https:\/\/www.csj-emballages.com\/wp-content\/uploads\/2023\/10\/logo_csj.webp\",\"contentUrl\":\"https:\/\/www.csj-emballages.com\/wp-content\/uploads\/2023\/10\/logo_csj.webp\",\"width\":250,\"height\":95,\"caption\":\"CSJ Emballages\"},\"image\":{\"@id\":\"https:\/\/www.csj-emballages.com\/de\/#\/schema\/logo\/image\/\"},\"sameAs\":[\"https:\/\/www.facebook.com\/csjemballages\"],\"address\":{\"@type\":\"PostalAddress\",\"streetAddress\":\"ZI La Lechere\",\"addressLocality\":\"Patornay\",\"postalCode\":\"39130\",\"addressCountry\":\"FR\"},\"contactPoint\":[{\"@type\":\"ContactPoint\",\"contactType\":\"Service client\",\"telephone\":\"0384254272\",\"email\":\"contact@csj-emballages.com\"}]}]}<\/script>\n<!-- \/ Yoast SEO Premium plugin. -->","yoast_head_json":{"title":"Kraftpapierstrohhalm gerade - 230mm x \u00d88mm","description":"Entdecken Sie unseren geraden Papierstrohhalm 230mm aus Papier \u00d88mm. Entscheiden Sie sich f\u00fcr eine nachhaltige und umweltfreundliche Alternative!","robots":{"index":"index","follow":"follow","max-snippet":"max-snippet:-1","max-image-preview":"max-image-preview:large","max-video-preview":"max-video-preview:-1"},"canonical":"https:\/\/www.csj-emballages.com\/de\/produit\/100-gerade-strohhalme-230-mm-kraftpapier-o-8-mm\/","og_locale":"de_DE","og_type":"article","og_title":"Strohhalm aus Kraftpapier gerade 230 mm \u00d8 8 mm pro 100","og_description":"Entdecken Sie unseren geraden Papierstrohhalm 230mm aus Papier \u00d88mm. Entscheiden Sie sich f\u00fcr eine nachhaltige und umweltfreundliche Alternative!","og_url":"https:\/\/www.csj-emballages.com\/de\/produit\/100-gerade-strohhalme-230-mm-kraftpapier-o-8-mm\/","og_site_name":"CSJ Emballages","article_publisher":"https:\/\/www.facebook.com\/csjemballages","article_modified_time":"2026-04-30T00:14:30+00:00","og_image":[{"width":2560,"height":1707,"url":"https:\/\/www.csj-emballages.com\/wp-content\/uploads\/2024\/03\/001010490-1-scaled-e1721723388189.webp","type":"image\/jpeg"}],"twitter_card":"summary_large_image","twitter_misc":{"Gesch\u00e4tzte Lesezeit":"1\u00a0Minute"},"schema":{"@context":"https:\/\/schema.org","@graph":[{"@type":"WebPage","@id":"https:\/\/www.csj-emballages.com\/de\/produit\/100-gerade-strohhalme-230-mm-kraftpapier-o-8-mm\/","url":"https:\/\/www.csj-emballages.com\/de\/produit\/100-gerade-strohhalme-230-mm-kraftpapier-o-8-mm\/","name":"Kraftpapierstrohhalm gerade - 230mm x \u00d88mm","isPartOf":{"@id":"https:\/\/www.csj-emballages.com\/de\/#website"},"primaryImageOfPage":{"@id":"https:\/\/www.csj-emballages.com\/de\/produit\/100-gerade-strohhalme-230-mm-kraftpapier-o-8-mm\/#primaryimage"},"image":{"@id":"https:\/\/www.csj-emballages.com\/de\/produit\/100-gerade-strohhalme-230-mm-kraftpapier-o-8-mm\/#primaryimage"},"thumbnailUrl":"https:\/\/www.csj-emballages.com\/wp-content\/uploads\/2024\/03\/001010490-1-scaled-e1721723388189.webp","datePublished":"2024-03-20T11:12:50+00:00","dateModified":"2026-04-30T00:14:30+00:00","description":"Entdecken Sie unseren geraden Papierstrohhalm 230mm aus Papier \u00d88mm. Entscheiden Sie sich f\u00fcr eine nachhaltige und umweltfreundliche Alternative!","breadcrumb":{"@id":"https:\/\/www.csj-emballages.com\/de\/produit\/100-gerade-strohhalme-230-mm-kraftpapier-o-8-mm\/#breadcrumb"},"inLanguage":"de","potentialAction":[{"@type":"ReadAction","target":["https:\/\/www.csj-emballages.com\/de\/produit\/100-gerade-strohhalme-230-mm-kraftpapier-o-8-mm\/"]}]},{"@type":"ImageObject","inLanguage":"de","@id":"https:\/\/www.csj-emballages.com\/de\/produit\/100-gerade-strohhalme-230-mm-kraftpapier-o-8-mm\/#primaryimage","url":"https:\/\/www.csj-emballages.com\/wp-content\/uploads\/2024\/03\/001010490-1-scaled-e1721723388189.webp","contentUrl":"https:\/\/www.csj-emballages.com\/wp-content\/uploads\/2024\/03\/001010490-1-scaled-e1721723388189.webp","width":2560,"height":1707,"caption":"Pailles droites 230mm en papier \u00d88mm"},{"@type":"BreadcrumbList","@id":"https:\/\/www.csj-emballages.com\/de\/produit\/100-gerade-strohhalme-230-mm-kraftpapier-o-8-mm\/#breadcrumb","itemListElement":[{"@type":"ListItem","position":1,"name":"Accueil","item":"https:\/\/www.csj-emballages.com\/de\/universum-lebensmittelverpackungen\/"},{"@type":"ListItem","position":2,"name":"Shop","item":"https:\/\/www.csj-emballages.com\/shop\/"},{"@type":"ListItem","position":3,"name":"Strohhalm aus Kraftpapier gerade 230 mm \u00d8 8 mm pro 100"}]},{"@type":"WebSite","@id":"https:\/\/www.csj-emballages.com\/de\/#website","url":"https:\/\/www.csj-emballages.com\/de\/","name":"CSJ Emballages","description":"","publisher":{"@id":"https:\/\/www.csj-emballages.com\/de\/#organization"},"potentialAction":[{"@type":"SearchAction","target":{"@type":"EntryPoint","urlTemplate":"https:\/\/www.csj-emballages.com\/de\/?s={search_term_string}"},"query-input":{"@type":"PropertyValueSpecification","valueRequired":true,"valueName":"search_term_string"}}],"inLanguage":"de"},{"@type":"Organization","@id":"https:\/\/www.csj-emballages.com\/de\/#Organization\/","name":"CSJ Emballages","url":"https:\/\/www.csj-emballages.com\/de\/","logo":{"@type":"ImageObject","inLanguage":"de","@id":"https:\/\/www.csj-emballages.com\/de\/#\/schema\/logo\/image\/","url":"https:\/\/www.csj-emballages.com\/wp-content\/uploads\/2023\/10\/logo_csj.webp","contentUrl":"https:\/\/www.csj-emballages.com\/wp-content\/uploads\/2023\/10\/logo_csj.webp","width":250,"height":95,"caption":"CSJ Emballages"},"image":{"@id":"https:\/\/www.csj-emballages.com\/de\/#\/schema\/logo\/image\/"},"sameAs":["https:\/\/www.facebook.com\/csjemballages"],"address":{"@type":"PostalAddress","streetAddress":"ZI La Lechere","addressLocality":"Patornay","postalCode":"39130","addressCountry":"FR"},"contactPoint":[{"@type":"ContactPoint","contactType":"Service client","telephone":"0384254272","email":"contact@csj-emballages.com"}]}]}},"df_price":1.66,"df_sale_price":"","df_regular_price":1.66,"df_image_link":"https:\/\/www.csj-emballages.com\/wp-content\/uploads\/2024\/03\/001010490-1-300x200.webp","tiered_pricing_type":"fixed","tiered_pricing_fixed_rules":[],"tiered_pricing_percentage_rules":[],"tiered_pricing_minimum":1,"tiered_pricing_roles_data":[],"_links":{"self":[{"href":"https:\/\/www.csj-emballages.com\/de\/wp-json\/wp\/v2\/product\/17090","targetHints":{"allow":["GET"]}}],"collection":[{"href":"https:\/\/www.csj-emballages.com\/de\/wp-json\/wp\/v2\/product"}],"about":[{"href":"https:\/\/www.csj-emballages.com\/de\/wp-json\/wp\/v2\/types\/product"}],"wp:featuredmedia":[{"embeddable":true,"href":"https:\/\/www.csj-emballages.com\/de\/wp-json\/wp\/v2\/media\/32646"}],"wp:attachment":[{"href":"https:\/\/www.csj-emballages.com\/de\/wp-json\/wp\/v2\/media?parent=17090"}],"wp:term":[{"taxonomy":"product_brand","embeddable":true,"href":"https:\/\/www.csj-emballages.com\/de\/wp-json\/wp\/v2\/product_brand?post=17090"},{"taxonomy":"product_cat","embeddable":true,"href":"https:\/\/www.csj-emballages.com\/de\/wp-json\/wp\/v2\/product_cat?post=17090"},{"taxonomy":"product_tag","embeddable":true,"href":"https:\/\/www.csj-emballages.com\/de\/wp-json\/wp\/v2\/product_tag?post=17090"}],"curies":[{"name":"wp","href":"https:\/\/api.w.org\/{rel}","templated":true}]}}