{"id":17076,"date":"2024-03-01T17:00:21","date_gmt":"2024-03-01T16:00:21","guid":{"rendered":"https:\/\/u15jnbdpoq.preview.infomaniak.website\/produit\/wc-beckenblock-mit-meeresduft-40-gr\/"},"modified":"2026-04-10T02:10:16","modified_gmt":"2026-04-10T00:10:16","slug":"wc-beckenblock-mit-meeresduft-40-gr","status":"publish","type":"product","link":"https:\/\/www.csj-emballages.com\/de\/produit\/wc-beckenblock-mit-meeresduft-40-gr\/","title":{"rendered":"WC-Stein mit Meeresduft 40 gr"},"content":{"rendered":"<h2>Toilettensch\u00fcsselblock<\/h2>\n<hr>\n<h3>Beschreibung von unserem WC-Block Marineduft 40 gr<\/h3>\n<p><!--more--><\/p>\n<p data-start=\"224\" data-end=\"619\">Es gibt nichts Unangenehmeres als eine Toilettensch\u00fcssel, der es an Frische mangelt, vor allem an stark frequentierten Orten wie Restaurants, Hotels, Unternehmen oder auch zu Hause, wenn man seine sanit\u00e4ren Anlagen t\u00e4glich sauber halten m\u00f6chte. Mit diesem <strong data-start=\"454\" data-end=\"492\">WC-Stein mit Meeresduft 40 g<\/strong> haben Sie einen diskreten, aber \u00e4u\u00dferst wirksamen Verb\u00fcndeten, um Ihre Toiletten immer sauber und angenehm duftend zu halten. <\/p>\n<p data-start=\"621\" data-end=\"932\">Dieser Block wurde entwickelt, um Hygiene, Sauberkeit und Frische zu vereinen. Er verbreitet bei jeder Sp\u00fclung einen <strong data-start=\"712\" data-end=\"747\">frischen, belebenden Meeresduft<\/strong> und hinterl\u00e4sst einen Reinigungsschleier auf den W\u00e4nden des WC-Beckens. Dank seines kompakten Formats von 40 g passt er problemlos unter den Rand, ohne die Benutzung zu beeintr\u00e4chtigen oder die Kachel zu besch\u00e4digen. <\/p>\n<p data-start=\"934\" data-end=\"1237\">Er ist einfach zu installieren und beginnt bereits nach der ersten Sp\u00fclung zu wirken. Er ist ideal f\u00fcr den t\u00e4glichen Gebrauch, sowohl in privaten als auch in gemeinschaftlichen Sanit\u00e4ranlagen. Er duftet nicht nur, sondern hilft auch, <strong data-start=\"1134\" data-end=\"1180\">Kalkablagerungen und Schlieren zu reduzieren<\/strong>, so dass die Toilette l\u00e4nger sauber bleibt.  <\/p>\n<p data-start=\"1239\" data-end=\"1423\">Eine kleine, einfache Geste, die bei Ihren Toiletten einen gro\u00dfen Unterschied macht &#8211; sowohl in Bezug auf die Hygiene als auch auf das Image, vor allem, wenn Sie in der Gastronomie oder im Gastgewerbe t\u00e4tig sind.<\/p>\n<p data-start=\"1248\" data-end=\"1443\"><!--more--><\/p>\n<h4 data-start=\"1248\" data-end=\"1443\">Vorteile :<\/h4>\n<ul>\n<li>Verbreitet bei jeder Jagd einen frischen Meeresduft.<\/li>\n<li>Hilft, Kalkablagerungen und Schlieren zu verhindern.<\/li>\n<li>Kompaktes Format, das sich leicht anbringen l\u00e4sst.<\/li>\n<li>Geeignet f\u00fcr h\u00e4usliche oder gewerbliche Sanit\u00e4ranlagen.<\/li>\n<li>L\u00e4ngere Wirkungsdauer f\u00fcr einfache Pflege.<\/li>\n<\/ul>\n<p>&nbsp;<\/p>\n<p><!--more--><\/p>\n<h4>Weitere Informationen :<\/h4>\n<ul>\n<li><strong>Verpackung<\/strong>: Einzeln<\/li>\n<li><strong>Verwendung<\/strong>: Toilettenblock<\/li>\n<li><strong>Duftnote<\/strong>: Marine<\/li>\n<\/ul>\n<p>&nbsp;<\/p>\n<p><!--more--><\/p>\n<p>Entdecken Sie auch unser 750 ml Fl\u00fcssiggel WC&#8217;soft Entenschnabel : <span style=\"color: #d12727;\"><a style=\"color: #d12727;\" href=\"https:\/\/www.csj-emballages.com\/de\/produit\/fluessiges-gel-750-ml-wcsoft-entenschnabel\/\">1844750<\/a><\/span><\/p>\n<p>&nbsp;<\/p>\n<p><!--more--><\/p>\n<p>Finden Sie auch unser Lufterfrischer-Gel mit Ozeanduft: <span style=\"color: #d12727;\"><a style=\"color: #d12727;\" href=\"https:\/\/www.csj-emballages.com\/de\/produit\/ozean-deodorant-gel-150-gr\/\">00109<\/a><\/span><\/p>\n<p>&nbsp;<\/p>\n<p><!--more--><\/p>\n<p><a href=\"https:\/\/www.csj-emballages.com\/de\/categorie-produit\/hygiene-und-pflege\/pflegeprodukte\/sanitar\/\">Sehen Sie sich den Rest unseres Sortiments an Sanit\u00e4rreinigern an  <\/a><\/p>\n","protected":false},"excerpt":{"rendered":"<p>Toilettensch\u00fcsselblock Beschreibung von unserem WC-Block Marineduft 40 gr<\/p>\n","protected":false},"featured_media":239235,"template":"","meta":{"_acf_changed":false},"product_brand":[],"product_cat":[1218,1219,1294],"product_tag":[],"class_list":{"0":"post-17076","1":"product","2":"type-product","3":"status-publish","4":"has-post-thumbnail","6":"product_cat-hygiene-und-pflege","7":"product_cat-pflegeprodukte","8":"product_cat-sanitar","10":"first","11":"instock","12":"sale","13":"taxable","14":"shipping-taxable","15":"purchasable","16":"product-type-simple"},"acf":[],"yoast_head":"<!-- This site is optimized with the Yoast SEO Premium plugin v26.6 (Yoast SEO v26.6) - https:\/\/yoast.com\/wordpress\/plugins\/seo\/ -->\n<title>WC-Sch\u00fcsselblock Parfum Marine 40 gr<\/title>\n<meta name=\"description\" content=\"Entdecken Sie unseren WC-Block 40 g mit dem Duft des Meeres: Sauberkeit und Frische. Ideal f\u00fcr gewerbliche oder h\u00e4usliche Sanit\u00e4ranlagen.\" \/>\n<meta name=\"robots\" content=\"index, follow, max-snippet:-1, max-image-preview:large, max-video-preview:-1\" \/>\n<link rel=\"canonical\" href=\"https:\/\/www.csj-emballages.com\/de\/produit\/wc-beckenblock-mit-meeresduft-40-gr\/\" \/>\n<meta property=\"og:locale\" content=\"de_DE\" \/>\n<meta property=\"og:type\" content=\"article\" \/>\n<meta property=\"og:title\" content=\"WC-Stein mit Meeresduft 40 gr\" \/>\n<meta property=\"og:description\" content=\"Entdecken Sie unseren WC-Block 40 g mit dem Duft des Meeres: Sauberkeit und Frische. Ideal f\u00fcr gewerbliche oder h\u00e4usliche Sanit\u00e4ranlagen.\" \/>\n<meta property=\"og:url\" content=\"https:\/\/www.csj-emballages.com\/de\/produit\/wc-beckenblock-mit-meeresduft-40-gr\/\" \/>\n<meta property=\"og:site_name\" content=\"CSJ Emballages\" \/>\n<meta property=\"article:publisher\" content=\"https:\/\/www.facebook.com\/csjemballages\" \/>\n<meta property=\"article:modified_time\" content=\"2026-04-10T00:10:16+00:00\" \/>\n<meta property=\"og:image\" content=\"https:\/\/www.csj-emballages.com\/wp-content\/uploads\/2024\/03\/00107.webp\" \/>\n\t<meta property=\"og:image:width\" content=\"800\" \/>\n\t<meta property=\"og:image:height\" content=\"800\" \/>\n\t<meta property=\"og:image:type\" content=\"image\/webp\" \/>\n<meta name=\"twitter:card\" content=\"summary_large_image\" \/>\n<meta name=\"twitter:label1\" content=\"Gesch\u00e4tzte Lesezeit\" \/>\n\t<meta name=\"twitter:data1\" content=\"1\u00a0Minute\" \/>\n<script type=\"application\/ld+json\" class=\"yoast-schema-graph\">{\"@context\":\"https:\/\/schema.org\",\"@graph\":[{\"@type\":\"WebPage\",\"@id\":\"https:\/\/www.csj-emballages.com\/de\/produit\/wc-beckenblock-mit-meeresduft-40-gr\/\",\"url\":\"https:\/\/www.csj-emballages.com\/de\/produit\/wc-beckenblock-mit-meeresduft-40-gr\/\",\"name\":\"WC-Sch\u00fcsselblock Parfum Marine 40 gr\",\"isPartOf\":{\"@id\":\"https:\/\/www.csj-emballages.com\/de\/#website\"},\"primaryImageOfPage\":{\"@id\":\"https:\/\/www.csj-emballages.com\/de\/produit\/wc-beckenblock-mit-meeresduft-40-gr\/#primaryimage\"},\"image\":{\"@id\":\"https:\/\/www.csj-emballages.com\/de\/produit\/wc-beckenblock-mit-meeresduft-40-gr\/#primaryimage\"},\"thumbnailUrl\":\"https:\/\/www.csj-emballages.com\/wp-content\/uploads\/2024\/03\/00107.webp\",\"datePublished\":\"2024-03-01T16:00:21+00:00\",\"dateModified\":\"2026-04-10T00:10:16+00:00\",\"description\":\"Entdecken Sie unseren WC-Block 40 g mit dem Duft des Meeres: Sauberkeit und Frische. Ideal f\u00fcr gewerbliche oder h\u00e4usliche Sanit\u00e4ranlagen.\",\"breadcrumb\":{\"@id\":\"https:\/\/www.csj-emballages.com\/de\/produit\/wc-beckenblock-mit-meeresduft-40-gr\/#breadcrumb\"},\"inLanguage\":\"de\",\"potentialAction\":[{\"@type\":\"ReadAction\",\"target\":[\"https:\/\/www.csj-emballages.com\/de\/produit\/wc-beckenblock-mit-meeresduft-40-gr\/\"]}]},{\"@type\":\"ImageObject\",\"inLanguage\":\"de\",\"@id\":\"https:\/\/www.csj-emballages.com\/de\/produit\/wc-beckenblock-mit-meeresduft-40-gr\/#primaryimage\",\"url\":\"https:\/\/www.csj-emballages.com\/wp-content\/uploads\/2024\/03\/00107.webp\",\"contentUrl\":\"https:\/\/www.csj-emballages.com\/wp-content\/uploads\/2024\/03\/00107.webp\",\"width\":800,\"height\":800,\"caption\":\"Bloc cuvette WC\"},{\"@type\":\"BreadcrumbList\",\"@id\":\"https:\/\/www.csj-emballages.com\/de\/produit\/wc-beckenblock-mit-meeresduft-40-gr\/#breadcrumb\",\"itemListElement\":[{\"@type\":\"ListItem\",\"position\":1,\"name\":\"Accueil\",\"item\":\"https:\/\/www.csj-emballages.com\/de\/universum-lebensmittelverpackungen\/\"},{\"@type\":\"ListItem\",\"position\":2,\"name\":\"Shop\",\"item\":\"https:\/\/www.csj-emballages.com\/shop\/\"},{\"@type\":\"ListItem\",\"position\":3,\"name\":\"WC-Stein mit Meeresduft 40 gr\"}]},{\"@type\":\"WebSite\",\"@id\":\"https:\/\/www.csj-emballages.com\/de\/#website\",\"url\":\"https:\/\/www.csj-emballages.com\/de\/\",\"name\":\"CSJ Emballages\",\"description\":\"\",\"publisher\":{\"@id\":\"https:\/\/www.csj-emballages.com\/de\/#organization\"},\"potentialAction\":[{\"@type\":\"SearchAction\",\"target\":{\"@type\":\"EntryPoint\",\"urlTemplate\":\"https:\/\/www.csj-emballages.com\/de\/?s={search_term_string}\"},\"query-input\":{\"@type\":\"PropertyValueSpecification\",\"valueRequired\":true,\"valueName\":\"search_term_string\"}}],\"inLanguage\":\"de\"},{\"@type\":\"Organization\",\"@id\":\"https:\/\/www.csj-emballages.com\/de\/#Organization\/\",\"name\":\"CSJ Emballages\",\"url\":\"https:\/\/www.csj-emballages.com\/de\/\",\"logo\":{\"@type\":\"ImageObject\",\"inLanguage\":\"de\",\"@id\":\"https:\/\/www.csj-emballages.com\/de\/#\/schema\/logo\/image\/\",\"url\":\"https:\/\/www.csj-emballages.com\/wp-content\/uploads\/2023\/10\/logo_csj.webp\",\"contentUrl\":\"https:\/\/www.csj-emballages.com\/wp-content\/uploads\/2023\/10\/logo_csj.webp\",\"width\":250,\"height\":95,\"caption\":\"CSJ Emballages\"},\"image\":{\"@id\":\"https:\/\/www.csj-emballages.com\/de\/#\/schema\/logo\/image\/\"},\"sameAs\":[\"https:\/\/www.facebook.com\/csjemballages\"],\"address\":{\"@type\":\"PostalAddress\",\"streetAddress\":\"ZI La Lechere\",\"addressLocality\":\"Patornay\",\"postalCode\":\"39130\",\"addressCountry\":\"FR\"},\"contactPoint\":[{\"@type\":\"ContactPoint\",\"contactType\":\"Service client\",\"telephone\":\"0384254272\",\"email\":\"contact@csj-emballages.com\"}]}]}<\/script>\n<!-- \/ Yoast SEO Premium plugin. -->","yoast_head_json":{"title":"WC-Sch\u00fcsselblock Parfum Marine 40 gr","description":"Entdecken Sie unseren WC-Block 40 g mit dem Duft des Meeres: Sauberkeit und Frische. Ideal f\u00fcr gewerbliche oder h\u00e4usliche Sanit\u00e4ranlagen.","robots":{"index":"index","follow":"follow","max-snippet":"max-snippet:-1","max-image-preview":"max-image-preview:large","max-video-preview":"max-video-preview:-1"},"canonical":"https:\/\/www.csj-emballages.com\/de\/produit\/wc-beckenblock-mit-meeresduft-40-gr\/","og_locale":"de_DE","og_type":"article","og_title":"WC-Stein mit Meeresduft 40 gr","og_description":"Entdecken Sie unseren WC-Block 40 g mit dem Duft des Meeres: Sauberkeit und Frische. Ideal f\u00fcr gewerbliche oder h\u00e4usliche Sanit\u00e4ranlagen.","og_url":"https:\/\/www.csj-emballages.com\/de\/produit\/wc-beckenblock-mit-meeresduft-40-gr\/","og_site_name":"CSJ Emballages","article_publisher":"https:\/\/www.facebook.com\/csjemballages","article_modified_time":"2026-04-10T00:10:16+00:00","og_image":[{"width":800,"height":800,"url":"https:\/\/www.csj-emballages.com\/wp-content\/uploads\/2024\/03\/00107.webp","type":"image\/webp"}],"twitter_card":"summary_large_image","twitter_misc":{"Gesch\u00e4tzte Lesezeit":"1\u00a0Minute"},"schema":{"@context":"https:\/\/schema.org","@graph":[{"@type":"WebPage","@id":"https:\/\/www.csj-emballages.com\/de\/produit\/wc-beckenblock-mit-meeresduft-40-gr\/","url":"https:\/\/www.csj-emballages.com\/de\/produit\/wc-beckenblock-mit-meeresduft-40-gr\/","name":"WC-Sch\u00fcsselblock Parfum Marine 40 gr","isPartOf":{"@id":"https:\/\/www.csj-emballages.com\/de\/#website"},"primaryImageOfPage":{"@id":"https:\/\/www.csj-emballages.com\/de\/produit\/wc-beckenblock-mit-meeresduft-40-gr\/#primaryimage"},"image":{"@id":"https:\/\/www.csj-emballages.com\/de\/produit\/wc-beckenblock-mit-meeresduft-40-gr\/#primaryimage"},"thumbnailUrl":"https:\/\/www.csj-emballages.com\/wp-content\/uploads\/2024\/03\/00107.webp","datePublished":"2024-03-01T16:00:21+00:00","dateModified":"2026-04-10T00:10:16+00:00","description":"Entdecken Sie unseren WC-Block 40 g mit dem Duft des Meeres: Sauberkeit und Frische. Ideal f\u00fcr gewerbliche oder h\u00e4usliche Sanit\u00e4ranlagen.","breadcrumb":{"@id":"https:\/\/www.csj-emballages.com\/de\/produit\/wc-beckenblock-mit-meeresduft-40-gr\/#breadcrumb"},"inLanguage":"de","potentialAction":[{"@type":"ReadAction","target":["https:\/\/www.csj-emballages.com\/de\/produit\/wc-beckenblock-mit-meeresduft-40-gr\/"]}]},{"@type":"ImageObject","inLanguage":"de","@id":"https:\/\/www.csj-emballages.com\/de\/produit\/wc-beckenblock-mit-meeresduft-40-gr\/#primaryimage","url":"https:\/\/www.csj-emballages.com\/wp-content\/uploads\/2024\/03\/00107.webp","contentUrl":"https:\/\/www.csj-emballages.com\/wp-content\/uploads\/2024\/03\/00107.webp","width":800,"height":800,"caption":"Bloc cuvette WC"},{"@type":"BreadcrumbList","@id":"https:\/\/www.csj-emballages.com\/de\/produit\/wc-beckenblock-mit-meeresduft-40-gr\/#breadcrumb","itemListElement":[{"@type":"ListItem","position":1,"name":"Accueil","item":"https:\/\/www.csj-emballages.com\/de\/universum-lebensmittelverpackungen\/"},{"@type":"ListItem","position":2,"name":"Shop","item":"https:\/\/www.csj-emballages.com\/shop\/"},{"@type":"ListItem","position":3,"name":"WC-Stein mit Meeresduft 40 gr"}]},{"@type":"WebSite","@id":"https:\/\/www.csj-emballages.com\/de\/#website","url":"https:\/\/www.csj-emballages.com\/de\/","name":"CSJ Emballages","description":"","publisher":{"@id":"https:\/\/www.csj-emballages.com\/de\/#organization"},"potentialAction":[{"@type":"SearchAction","target":{"@type":"EntryPoint","urlTemplate":"https:\/\/www.csj-emballages.com\/de\/?s={search_term_string}"},"query-input":{"@type":"PropertyValueSpecification","valueRequired":true,"valueName":"search_term_string"}}],"inLanguage":"de"},{"@type":"Organization","@id":"https:\/\/www.csj-emballages.com\/de\/#Organization\/","name":"CSJ Emballages","url":"https:\/\/www.csj-emballages.com\/de\/","logo":{"@type":"ImageObject","inLanguage":"de","@id":"https:\/\/www.csj-emballages.com\/de\/#\/schema\/logo\/image\/","url":"https:\/\/www.csj-emballages.com\/wp-content\/uploads\/2023\/10\/logo_csj.webp","contentUrl":"https:\/\/www.csj-emballages.com\/wp-content\/uploads\/2023\/10\/logo_csj.webp","width":250,"height":95,"caption":"CSJ Emballages"},"image":{"@id":"https:\/\/www.csj-emballages.com\/de\/#\/schema\/logo\/image\/"},"sameAs":["https:\/\/www.facebook.com\/csjemballages"],"address":{"@type":"PostalAddress","streetAddress":"ZI La Lechere","addressLocality":"Patornay","postalCode":"39130","addressCountry":"FR"},"contactPoint":[{"@type":"ContactPoint","contactType":"Service client","telephone":"0384254272","email":"contact@csj-emballages.com"}]}]}},"df_price":1.26,"df_sale_price":1.26,"df_regular_price":1.4,"df_image_link":"https:\/\/www.csj-emballages.com\/wp-content\/uploads\/2024\/03\/00107-300x300.webp","tiered_pricing_type":"fixed","tiered_pricing_fixed_rules":[],"tiered_pricing_percentage_rules":[],"tiered_pricing_minimum":1,"tiered_pricing_roles_data":[],"_links":{"self":[{"href":"https:\/\/www.csj-emballages.com\/de\/wp-json\/wp\/v2\/product\/17076","targetHints":{"allow":["GET"]}}],"collection":[{"href":"https:\/\/www.csj-emballages.com\/de\/wp-json\/wp\/v2\/product"}],"about":[{"href":"https:\/\/www.csj-emballages.com\/de\/wp-json\/wp\/v2\/types\/product"}],"wp:featuredmedia":[{"embeddable":true,"href":"https:\/\/www.csj-emballages.com\/de\/wp-json\/wp\/v2\/media\/239235"}],"wp:attachment":[{"href":"https:\/\/www.csj-emballages.com\/de\/wp-json\/wp\/v2\/media?parent=17076"}],"wp:term":[{"taxonomy":"product_brand","embeddable":true,"href":"https:\/\/www.csj-emballages.com\/de\/wp-json\/wp\/v2\/product_brand?post=17076"},{"taxonomy":"product_cat","embeddable":true,"href":"https:\/\/www.csj-emballages.com\/de\/wp-json\/wp\/v2\/product_cat?post=17076"},{"taxonomy":"product_tag","embeddable":true,"href":"https:\/\/www.csj-emballages.com\/de\/wp-json\/wp\/v2\/product_tag?post=17076"}],"curies":[{"name":"wp","href":"https:\/\/api.w.org\/{rel}","templated":true}]}}