{"id":17067,"date":"2024-03-20T12:09:01","date_gmt":"2024-03-20T11:09:01","guid":{"rendered":"https:\/\/u15jnbdpoq.preview.infomaniak.website\/produit\/50-bunte-gebaeckkisten-mit-griffen-10-x-12-x-7-cm-a-croquer\/"},"modified":"2026-04-10T02:12:48","modified_gmt":"2026-04-10T00:12:48","slug":"50-bunte-gebaeckkisten-mit-griffen-10-x-12-x-7-cm-a-croquer","status":"publish","type":"product","link":"https:\/\/www.csj-emballages.com\/de\/produit\/50-bunte-gebaeckkisten-mit-griffen-10-x-12-x-7-cm-a-croquer\/","title":{"rendered":"50 bunte Geb\u00e4ckkisten mit Griffen 10 x 12 x 7 cm A Croquer"},"content":{"rendered":"<h2>Kistchen &#8222;Zum Anbei\u00dfen&#8220; mit Griffen 10x12x7 cm &#8211; 50 St\u00fcck<\/h2>\n<hr>\n<h3>Beschreibung des Produkts<\/h3>\n<p>Entdecken Sie unsere farbenfrohen Griffkisten, das ideale Accessoire, um Ihre Leckereien zu versch\u00f6nern. Jedes Detail z\u00e4hlt, w\u00e4hlen Sie daher unsere Kisten f\u00fcr eine perfekte Pr\u00e4sentation. Mit den praktischen Griffen k\u00f6nnen Sie Ihre Kreationen leicht transportieren. Au\u00dferdem verleihen die hellen Farben Ihren Desserts eine fr\u00f6hliche Note.<\/p>\n<p>Sie eignen sich f\u00fcr jeden Anlass und verleihen Ihren Empf\u00e4ngen eine festliche Note.<\/p>\n<p>Ob f\u00fcr Cupcakes, Muffins oder andere S\u00fc\u00dfigkeiten, unsere farbenfrohen Griffkisten sind unverzichtbar. Sie eignen sich auch f\u00fcr besondere Anl\u00e4sse wie Geburtstage und Hochzeiten. Sie sind einfach zu verwenden und vereinfachen die Zubereitung und Pr\u00e4sentation.<\/p>\n<p>F\u00fcr jede Gelegenheit sind unsere Kisten mit farbigen Griffen ein unverzichtbarer Begleiter.<\/p>\n<p><strong>Ihre Vorteile :<\/strong><\/p>\n<ul>\n<li><strong>Bequemer Transport<\/strong>: Dank der praktischen Griffe k\u00f6nnen Sie Ihre Kreationen leicht transportieren, ohne Gefahr zu laufen, etwas zu versch\u00fctten.<\/li>\n<li><strong>\u00c4sthetik und Fr\u00f6hlichkeit<\/strong>: Die hellen Farben verleihen Ihren Desserts einen Hauch von Fr\u00f6hlichkeit und machen sie attraktiver und festlicher.<\/li>\n<li><strong>Vielseitig<\/strong> verwendbar: Perfekt f\u00fcr Cupcakes, Muffins und andere S\u00fc\u00dfigkeiten, passend f\u00fcr alle Ihre Backkreationen.<\/li>\n<\/ul>\n<p>Erh\u00e4ltlich in verschiedenen Gr\u00f6\u00dfen : <span style=\"color: #d12727;\"><br \/>\n  <a style=\"color: #d12727;\" href=\"https:\/\/www.csj-emballages.com\/de\/produit\/50-gebaeckkisten-mit-griff-a-croquer-10-x-18-x-7-cm\/\">10 x 18 x 7 cm <\/a><br \/>\n<\/span>\/ <span style=\"color: #d12727;\"><br \/>\n  <a style=\"color: #d12727;\" href=\"https:\/\/www.csj-emballages.com\/produit\/50-caissettes-patissieres-a-poignee-colorees-20-x-18-x-7-cm-a-croquer\/\">20 x 18 x 7 cm<\/a><br \/>\n<\/span><\/p>\n<p><a href=\"https:\/\/www.csj-emballages.com\/de\/categorie-produit\/lebensmittelverpackungen\/backerei-und-konditorei\/schachteln-und-etuis\/gebackschachteln\/bunte-gebackschachteln\/bunte-gebackschachteln-a-croquer\/\">Hier finden Sie den Rest unseres Sortiments an Geb\u00e4ckdosen &#8222;Zum Anbei\u00dfen&#8220;.<\/a><\/p>\n<p><a href=\"https:\/\/www.csj-emballages.com\/de\/categorie-produit\/lebensmittelverpackungen\/backerei-und-konditorei\/kisten-de\/gebackkisten-mit-griffen\/farbige-gebackkisten\/\">Sehen Sie sich den Rest unseres Sortiments an farbigen Geb\u00e4ckkisten an.<\/a><\/p>\n","protected":false},"excerpt":{"rendered":"<p>Kistchen &#8222;Zum Anbei\u00dfen&#8220; mit Griffen 10x12x7 cm &#8211; 50 St\u00fcck Beschreibung des Produkts Entdecken Sie unsere farbenfrohen Griffkisten, das ideale Accessoire, um Ihre Leckereien zu versch\u00f6nern. Jedes Detail z\u00e4hlt, w\u00e4hlen Sie daher unsere Kisten f\u00fcr eine perfekte Pr\u00e4sentation. Mit den praktischen Griffen k\u00f6nnen Sie Ihre Kreationen leicht transportieren. Au\u00dferdem verleihen die hellen Farben Ihren Desserts [&hellip;]<\/p>\n","protected":false},"featured_media":14503,"template":"","meta":{"_acf_changed":false},"product_brand":[],"product_cat":[1137,1171,1243,1244,1265],"product_tag":[],"class_list":{"0":"post-17067","1":"product","2":"type-product","3":"status-publish","4":"has-post-thumbnail","6":"product_cat-lebensmittelverpackungen","7":"product_cat-backerei-und-konditorei","8":"product_cat-gebackkisten-mit-griffen","9":"product_cat-farbige-gebackkisten","10":"product_cat-lagerbestande-promotion","12":"first","13":"instock","14":"sale","15":"taxable","16":"shipping-taxable","17":"purchasable","18":"product-type-simple"},"acf":[],"yoast_head":"<!-- This site is optimized with the Yoast SEO Premium plugin v26.6 (Yoast SEO v26.6) - https:\/\/yoast.com\/wordpress\/plugins\/seo\/ -->\n<title>Kisten f\u00fcr Geb\u00e4ck mit farbigem Griff 10 x 12 x 7 cm<\/title>\n<meta name=\"description\" content=\"Farbige, griffige Geb\u00e4ckkisten aus Karton, Abmessung: 10 x 12 x 7 cm. Ideal zum Verpacken und Transportieren Ihrer h\u00fcbschen Kreationen!\" \/>\n<meta name=\"robots\" content=\"index, follow, max-snippet:-1, max-image-preview:large, max-video-preview:-1\" \/>\n<link rel=\"canonical\" href=\"https:\/\/www.csj-emballages.com\/de\/produit\/50-bunte-gebaeckkisten-mit-griffen-10-x-12-x-7-cm-a-croquer\/\" \/>\n<meta property=\"og:locale\" content=\"de_DE\" \/>\n<meta property=\"og:type\" content=\"article\" \/>\n<meta property=\"og:title\" content=\"50 bunte Geb\u00e4ckkisten mit Griffen 10 x 12 x 7 cm A Croquer\" \/>\n<meta property=\"og:description\" content=\"Farbige, griffige Geb\u00e4ckkisten aus Karton, Abmessung: 10 x 12 x 7 cm. Ideal zum Verpacken und Transportieren Ihrer h\u00fcbschen Kreationen!\" \/>\n<meta property=\"og:url\" content=\"https:\/\/www.csj-emballages.com\/de\/produit\/50-bunte-gebaeckkisten-mit-griffen-10-x-12-x-7-cm-a-croquer\/\" \/>\n<meta property=\"og:site_name\" content=\"CSJ Emballages\" \/>\n<meta property=\"article:publisher\" content=\"https:\/\/www.facebook.com\/csjemballages\" \/>\n<meta property=\"article:modified_time\" content=\"2026-04-10T00:12:48+00:00\" \/>\n<meta property=\"og:image\" content=\"https:\/\/www.csj-emballages.com\/wp-content\/uploads\/2024\/03\/Capture_d_ecran_2024-04-03_a_10.56.35_2-removebg-preview-2-e1712134767934.png\" \/>\n\t<meta property=\"og:image:width\" content=\"300\" \/>\n\t<meta property=\"og:image:height\" content=\"300\" \/>\n\t<meta property=\"og:image:type\" content=\"image\/png\" \/>\n<meta name=\"twitter:card\" content=\"summary_large_image\" \/>\n<meta name=\"twitter:label1\" content=\"Gesch\u00e4tzte Lesezeit\" \/>\n\t<meta name=\"twitter:data1\" content=\"1\u00a0Minute\" \/>\n<script type=\"application\/ld+json\" class=\"yoast-schema-graph\">{\"@context\":\"https:\/\/schema.org\",\"@graph\":[{\"@type\":\"WebPage\",\"@id\":\"https:\/\/www.csj-emballages.com\/de\/produit\/50-bunte-gebaeckkisten-mit-griffen-10-x-12-x-7-cm-a-croquer\/\",\"url\":\"https:\/\/www.csj-emballages.com\/de\/produit\/50-bunte-gebaeckkisten-mit-griffen-10-x-12-x-7-cm-a-croquer\/\",\"name\":\"Kisten f\u00fcr Geb\u00e4ck mit farbigem Griff 10 x 12 x 7 cm\",\"isPartOf\":{\"@id\":\"https:\/\/www.csj-emballages.com\/de\/#website\"},\"primaryImageOfPage\":{\"@id\":\"https:\/\/www.csj-emballages.com\/de\/produit\/50-bunte-gebaeckkisten-mit-griffen-10-x-12-x-7-cm-a-croquer\/#primaryimage\"},\"image\":{\"@id\":\"https:\/\/www.csj-emballages.com\/de\/produit\/50-bunte-gebaeckkisten-mit-griffen-10-x-12-x-7-cm-a-croquer\/#primaryimage\"},\"thumbnailUrl\":\"https:\/\/www.csj-emballages.com\/wp-content\/uploads\/2024\/03\/Capture_d_ecran_2024-04-03_a_10.56.35_2-removebg-preview-2-e1712134767934.png\",\"datePublished\":\"2024-03-20T11:09:01+00:00\",\"dateModified\":\"2026-04-10T00:12:48+00:00\",\"description\":\"Farbige, griffige Geb\u00e4ckkisten aus Karton, Abmessung: 10 x 12 x 7 cm. Ideal zum Verpacken und Transportieren Ihrer h\u00fcbschen Kreationen!\",\"breadcrumb\":{\"@id\":\"https:\/\/www.csj-emballages.com\/de\/produit\/50-bunte-gebaeckkisten-mit-griffen-10-x-12-x-7-cm-a-croquer\/#breadcrumb\"},\"inLanguage\":\"de\",\"potentialAction\":[{\"@type\":\"ReadAction\",\"target\":[\"https:\/\/www.csj-emballages.com\/de\/produit\/50-bunte-gebaeckkisten-mit-griffen-10-x-12-x-7-cm-a-croquer\/\"]}]},{\"@type\":\"ImageObject\",\"inLanguage\":\"de\",\"@id\":\"https:\/\/www.csj-emballages.com\/de\/produit\/50-bunte-gebaeckkisten-mit-griffen-10-x-12-x-7-cm-a-croquer\/#primaryimage\",\"url\":\"https:\/\/www.csj-emballages.com\/wp-content\/uploads\/2024\/03\/Capture_d_ecran_2024-04-03_a_10.56.35_2-removebg-preview-2-e1712134767934.png\",\"contentUrl\":\"https:\/\/www.csj-emballages.com\/wp-content\/uploads\/2024\/03\/Capture_d_ecran_2024-04-03_a_10.56.35_2-removebg-preview-2-e1712134767934.png\",\"width\":300,\"height\":300,\"caption\":\"caissettes p\u00e2tissi\u00e8res poign\u00e9e color\u00e9es\"},{\"@type\":\"BreadcrumbList\",\"@id\":\"https:\/\/www.csj-emballages.com\/de\/produit\/50-bunte-gebaeckkisten-mit-griffen-10-x-12-x-7-cm-a-croquer\/#breadcrumb\",\"itemListElement\":[{\"@type\":\"ListItem\",\"position\":1,\"name\":\"Accueil\",\"item\":\"https:\/\/www.csj-emballages.com\/de\/universum-lebensmittelverpackungen\/\"},{\"@type\":\"ListItem\",\"position\":2,\"name\":\"Shop\",\"item\":\"https:\/\/www.csj-emballages.com\/shop\/\"},{\"@type\":\"ListItem\",\"position\":3,\"name\":\"50 bunte Geb\u00e4ckkisten mit Griffen 10 x 12 x 7 cm A Croquer\"}]},{\"@type\":\"WebSite\",\"@id\":\"https:\/\/www.csj-emballages.com\/de\/#website\",\"url\":\"https:\/\/www.csj-emballages.com\/de\/\",\"name\":\"CSJ Emballages\",\"description\":\"\",\"publisher\":{\"@id\":\"https:\/\/www.csj-emballages.com\/de\/#organization\"},\"potentialAction\":[{\"@type\":\"SearchAction\",\"target\":{\"@type\":\"EntryPoint\",\"urlTemplate\":\"https:\/\/www.csj-emballages.com\/de\/?s={search_term_string}\"},\"query-input\":{\"@type\":\"PropertyValueSpecification\",\"valueRequired\":true,\"valueName\":\"search_term_string\"}}],\"inLanguage\":\"de\"},{\"@type\":\"Organization\",\"@id\":\"https:\/\/www.csj-emballages.com\/de\/#Organization\/\",\"name\":\"CSJ Emballages\",\"url\":\"https:\/\/www.csj-emballages.com\/de\/\",\"logo\":{\"@type\":\"ImageObject\",\"inLanguage\":\"de\",\"@id\":\"https:\/\/www.csj-emballages.com\/de\/#\/schema\/logo\/image\/\",\"url\":\"https:\/\/www.csj-emballages.com\/wp-content\/uploads\/2023\/10\/logo_csj.webp\",\"contentUrl\":\"https:\/\/www.csj-emballages.com\/wp-content\/uploads\/2023\/10\/logo_csj.webp\",\"width\":250,\"height\":95,\"caption\":\"CSJ Emballages\"},\"image\":{\"@id\":\"https:\/\/www.csj-emballages.com\/de\/#\/schema\/logo\/image\/\"},\"sameAs\":[\"https:\/\/www.facebook.com\/csjemballages\"],\"address\":{\"@type\":\"PostalAddress\",\"streetAddress\":\"ZI La Lechere\",\"addressLocality\":\"Patornay\",\"postalCode\":\"39130\",\"addressCountry\":\"FR\"},\"contactPoint\":[{\"@type\":\"ContactPoint\",\"contactType\":\"Service client\",\"telephone\":\"0384254272\",\"email\":\"contact@csj-emballages.com\"}]}]}<\/script>\n<!-- \/ Yoast SEO Premium plugin. -->","yoast_head_json":{"title":"Kisten f\u00fcr Geb\u00e4ck mit farbigem Griff 10 x 12 x 7 cm","description":"Farbige, griffige Geb\u00e4ckkisten aus Karton, Abmessung: 10 x 12 x 7 cm. Ideal zum Verpacken und Transportieren Ihrer h\u00fcbschen Kreationen!","robots":{"index":"index","follow":"follow","max-snippet":"max-snippet:-1","max-image-preview":"max-image-preview:large","max-video-preview":"max-video-preview:-1"},"canonical":"https:\/\/www.csj-emballages.com\/de\/produit\/50-bunte-gebaeckkisten-mit-griffen-10-x-12-x-7-cm-a-croquer\/","og_locale":"de_DE","og_type":"article","og_title":"50 bunte Geb\u00e4ckkisten mit Griffen 10 x 12 x 7 cm A Croquer","og_description":"Farbige, griffige Geb\u00e4ckkisten aus Karton, Abmessung: 10 x 12 x 7 cm. Ideal zum Verpacken und Transportieren Ihrer h\u00fcbschen Kreationen!","og_url":"https:\/\/www.csj-emballages.com\/de\/produit\/50-bunte-gebaeckkisten-mit-griffen-10-x-12-x-7-cm-a-croquer\/","og_site_name":"CSJ Emballages","article_publisher":"https:\/\/www.facebook.com\/csjemballages","article_modified_time":"2026-04-10T00:12:48+00:00","og_image":[{"width":300,"height":300,"url":"https:\/\/www.csj-emballages.com\/wp-content\/uploads\/2024\/03\/Capture_d_ecran_2024-04-03_a_10.56.35_2-removebg-preview-2-e1712134767934.png","type":"image\/png"}],"twitter_card":"summary_large_image","twitter_misc":{"Gesch\u00e4tzte Lesezeit":"1\u00a0Minute"},"schema":{"@context":"https:\/\/schema.org","@graph":[{"@type":"WebPage","@id":"https:\/\/www.csj-emballages.com\/de\/produit\/50-bunte-gebaeckkisten-mit-griffen-10-x-12-x-7-cm-a-croquer\/","url":"https:\/\/www.csj-emballages.com\/de\/produit\/50-bunte-gebaeckkisten-mit-griffen-10-x-12-x-7-cm-a-croquer\/","name":"Kisten f\u00fcr Geb\u00e4ck mit farbigem Griff 10 x 12 x 7 cm","isPartOf":{"@id":"https:\/\/www.csj-emballages.com\/de\/#website"},"primaryImageOfPage":{"@id":"https:\/\/www.csj-emballages.com\/de\/produit\/50-bunte-gebaeckkisten-mit-griffen-10-x-12-x-7-cm-a-croquer\/#primaryimage"},"image":{"@id":"https:\/\/www.csj-emballages.com\/de\/produit\/50-bunte-gebaeckkisten-mit-griffen-10-x-12-x-7-cm-a-croquer\/#primaryimage"},"thumbnailUrl":"https:\/\/www.csj-emballages.com\/wp-content\/uploads\/2024\/03\/Capture_d_ecran_2024-04-03_a_10.56.35_2-removebg-preview-2-e1712134767934.png","datePublished":"2024-03-20T11:09:01+00:00","dateModified":"2026-04-10T00:12:48+00:00","description":"Farbige, griffige Geb\u00e4ckkisten aus Karton, Abmessung: 10 x 12 x 7 cm. Ideal zum Verpacken und Transportieren Ihrer h\u00fcbschen Kreationen!","breadcrumb":{"@id":"https:\/\/www.csj-emballages.com\/de\/produit\/50-bunte-gebaeckkisten-mit-griffen-10-x-12-x-7-cm-a-croquer\/#breadcrumb"},"inLanguage":"de","potentialAction":[{"@type":"ReadAction","target":["https:\/\/www.csj-emballages.com\/de\/produit\/50-bunte-gebaeckkisten-mit-griffen-10-x-12-x-7-cm-a-croquer\/"]}]},{"@type":"ImageObject","inLanguage":"de","@id":"https:\/\/www.csj-emballages.com\/de\/produit\/50-bunte-gebaeckkisten-mit-griffen-10-x-12-x-7-cm-a-croquer\/#primaryimage","url":"https:\/\/www.csj-emballages.com\/wp-content\/uploads\/2024\/03\/Capture_d_ecran_2024-04-03_a_10.56.35_2-removebg-preview-2-e1712134767934.png","contentUrl":"https:\/\/www.csj-emballages.com\/wp-content\/uploads\/2024\/03\/Capture_d_ecran_2024-04-03_a_10.56.35_2-removebg-preview-2-e1712134767934.png","width":300,"height":300,"caption":"caissettes p\u00e2tissi\u00e8res poign\u00e9e color\u00e9es"},{"@type":"BreadcrumbList","@id":"https:\/\/www.csj-emballages.com\/de\/produit\/50-bunte-gebaeckkisten-mit-griffen-10-x-12-x-7-cm-a-croquer\/#breadcrumb","itemListElement":[{"@type":"ListItem","position":1,"name":"Accueil","item":"https:\/\/www.csj-emballages.com\/de\/universum-lebensmittelverpackungen\/"},{"@type":"ListItem","position":2,"name":"Shop","item":"https:\/\/www.csj-emballages.com\/shop\/"},{"@type":"ListItem","position":3,"name":"50 bunte Geb\u00e4ckkisten mit Griffen 10 x 12 x 7 cm A Croquer"}]},{"@type":"WebSite","@id":"https:\/\/www.csj-emballages.com\/de\/#website","url":"https:\/\/www.csj-emballages.com\/de\/","name":"CSJ Emballages","description":"","publisher":{"@id":"https:\/\/www.csj-emballages.com\/de\/#organization"},"potentialAction":[{"@type":"SearchAction","target":{"@type":"EntryPoint","urlTemplate":"https:\/\/www.csj-emballages.com\/de\/?s={search_term_string}"},"query-input":{"@type":"PropertyValueSpecification","valueRequired":true,"valueName":"search_term_string"}}],"inLanguage":"de"},{"@type":"Organization","@id":"https:\/\/www.csj-emballages.com\/de\/#Organization\/","name":"CSJ Emballages","url":"https:\/\/www.csj-emballages.com\/de\/","logo":{"@type":"ImageObject","inLanguage":"de","@id":"https:\/\/www.csj-emballages.com\/de\/#\/schema\/logo\/image\/","url":"https:\/\/www.csj-emballages.com\/wp-content\/uploads\/2023\/10\/logo_csj.webp","contentUrl":"https:\/\/www.csj-emballages.com\/wp-content\/uploads\/2023\/10\/logo_csj.webp","width":250,"height":95,"caption":"CSJ Emballages"},"image":{"@id":"https:\/\/www.csj-emballages.com\/de\/#\/schema\/logo\/image\/"},"sameAs":["https:\/\/www.facebook.com\/csjemballages"],"address":{"@type":"PostalAddress","streetAddress":"ZI La Lechere","addressLocality":"Patornay","postalCode":"39130","addressCountry":"FR"},"contactPoint":[{"@type":"ContactPoint","contactType":"Service client","telephone":"0384254272","email":"contact@csj-emballages.com"}]}]}},"df_price":9.66,"df_sale_price":9.66,"df_regular_price":16.1,"df_image_link":"https:\/\/www.csj-emballages.com\/wp-content\/uploads\/2024\/03\/Capture_d_ecran_2024-04-03_a_10.56.35_2-removebg-preview-2-300x300.png","tiered_pricing_type":"fixed","tiered_pricing_fixed_rules":[],"tiered_pricing_percentage_rules":[],"tiered_pricing_minimum":1,"tiered_pricing_roles_data":[],"_links":{"self":[{"href":"https:\/\/www.csj-emballages.com\/de\/wp-json\/wp\/v2\/product\/17067","targetHints":{"allow":["GET"]}}],"collection":[{"href":"https:\/\/www.csj-emballages.com\/de\/wp-json\/wp\/v2\/product"}],"about":[{"href":"https:\/\/www.csj-emballages.com\/de\/wp-json\/wp\/v2\/types\/product"}],"wp:featuredmedia":[{"embeddable":true,"href":"https:\/\/www.csj-emballages.com\/de\/wp-json\/wp\/v2\/media\/14503"}],"wp:attachment":[{"href":"https:\/\/www.csj-emballages.com\/de\/wp-json\/wp\/v2\/media?parent=17067"}],"wp:term":[{"taxonomy":"product_brand","embeddable":true,"href":"https:\/\/www.csj-emballages.com\/de\/wp-json\/wp\/v2\/product_brand?post=17067"},{"taxonomy":"product_cat","embeddable":true,"href":"https:\/\/www.csj-emballages.com\/de\/wp-json\/wp\/v2\/product_cat?post=17067"},{"taxonomy":"product_tag","embeddable":true,"href":"https:\/\/www.csj-emballages.com\/de\/wp-json\/wp\/v2\/product_tag?post=17067"}],"curies":[{"name":"wp","href":"https:\/\/api.w.org\/{rel}","templated":true}]}}