{"id":17065,"date":"2024-03-20T12:17:45","date_gmt":"2024-03-20T11:17:45","guid":{"rendered":"https:\/\/u15jnbdpoq.preview.infomaniak.website\/?post_type=product&#038;p=17065"},"modified":"2026-05-06T02:19:15","modified_gmt":"2026-05-06T00:19:15","slug":"50-quadratische-70-mm-biologisch-abbaubare-glasschalen","status":"publish","type":"product","link":"https:\/\/www.csj-emballages.com\/de\/produit\/50-quadratische-70-mm-biologisch-abbaubare-glasschalen\/","title":{"rendered":"Biologisch abbaubares quadratisches Glas 70 mm pro 50"},"content":{"rendered":"<h2>Quadratisches Glas<\/h2>\n<hr>\n<h3>Beschreibung von unserem biologisch abbaubaren quadratischen Glas 70 mm x 50<\/h3>\n<p><!--more--><\/p>\n<p data-start=\"328\" data-end=\"763\">Wenn Sie <strong data-start=\"354\" data-end=\"404\">\u00c4sthetik, Praktikabilit\u00e4t und \u00f6kologisches Engagement<\/strong> miteinander verbinden m\u00f6chten, ist dieses <strong>biologisch abbaubare quadratische Glas 70 mm x 50 mm<\/strong> genau das Richtige f\u00fcr Sie. Ihr gepflegtes und modernes Design macht sie zu einem echten Trumpf f\u00fcr alle Ihre Empf\u00e4nge, Buffets oder Firmenveranstaltungen. Da sie aus <strong>biologisch abbaubaren Materialien<\/strong> hergestellt wird, ist sie Teil eines umweltfreundlichen Konzepts, ohne jemals Stil oder Qualit\u00e4t zu beeintr\u00e4chtigen.  <\/p>\n<p data-start=\"765\" data-end=\"1027\">Die <strong>quadratische<\/strong> Form erm\u00f6glicht eine harmonische und elegante Pr\u00e4sentation und optimiert den Platz auf Ihren Tabletts. Ideal f\u00fcr Amuse-Bouches, salzige oder s\u00fc\u00dfe Verrinen, Mousses, Tapas oder auch individuelle Desserts, wird sie Ihre G\u00e4ste mit Sicherheit begeistern. <\/p>\n<p data-start=\"1029\" data-end=\"1285\">Diese <strong>biologisch abbaubare Vitrine<\/strong> wurde f\u00fcr <strong data-start=\"1045\" data-end=\"1101\">Caterer, Restaurantbesitzer, Eventveranstalter,<\/strong> aber auch f\u00fcr umweltbewusste Privatpersonen entwickelt und kann sowohl bei gehobenen Veranstaltungen als auch bei entspannteren Mahlzeiten verwendet werden.<\/p>\n<p data-start=\"1287\" data-end=\"1514\">Sie ist widerstandsf\u00e4hig und leicht, liegt gut in der Hand und h\u00e4lt selbst fl\u00fcssige oder cremige Zubereitungen sicher fest. Praktisch: Er ist im Handumdrehen einsatzbereit und kann nach Gebrauch gem\u00e4\u00df den geltenden Normen kompostiert werden. <\/p>\n<p data-start=\"1516\" data-end=\"1641\">Zusammenfassend l\u00e4sst sich sagen, dass Sie sich mit diesem <strong>biologisch abbaubaren, quadratischen Glas<\/strong> f\u00fcr <strong data-start=\"1566\" data-end=\"1638\">eine umweltbewusste L\u00f6sung<\/strong> entscheiden, <strong data-start=\"1566\" data-end=\"1638\">ohne auf die Pr\u00e4sentation verzichten zu m\u00fcssen<\/strong>.<\/p>\n<p>&nbsp;<\/p>\n<p><!--more--><\/p>\n<h4><strong>Vorteile :<\/strong><\/h4>\n<ul>\n<li>100 % biologisch abbaubar: umweltfreundlich.<\/li>\n<li>Modernes, elegantes quadratisches Design.<\/li>\n<li>Perfekt f\u00fcr herzhafte oder s\u00fc\u00dfe H\u00e4ppchen oder Desserts.<\/li>\n<li>Widerstandsf\u00e4hig und leicht, auch bei fl\u00fcssigen Zubereitungen.<\/li>\n<li>Einfache Anwendung und nach Gebrauch kompostierbar.<\/li>\n<\/ul>\n<p>&nbsp;<\/p>\n<p><!--more--><\/p>\n<h4>Weitere Informationen :<\/h4>\n<ul>\n<li><strong>Verpackung<\/strong>: Packung mit 50 St\u00fcck<\/li>\n<li><strong>Ma\u00dfe<\/strong>: 70 x 70 x 10 mm<\/li>\n<li><strong>Farbe<\/strong>: Wei\u00df<\/li>\n<li><strong>Material<\/strong>: Bagasse (Zuckerrohrpulpe)<\/li>\n<\/ul>\n<p>&nbsp;<\/p>\n<p><!--more--><\/p>\n<p>Hier finden Sie unser Sortiment an biologisch abbaubaren Gl\u00e4sern: <span style=\"color: #d12727;\"><a style=\"color: #d12727;\" href=\"https:\/\/www.csj-emballages.com\/de\/produit\/50-biologisch-abbaubare-chinesische-loeffel-fuer-den-mund\/\">Verrine L\u00f6ffel<\/a><\/span> \/ <span style=\"color: #d12727;\"><a style=\"color: #d12727;\" href=\"https:\/\/www.csj-emballages.com\/de\/produit\/50-biologisch-abbaubare-glasschalen-mit-blaettern-9-x-6-cm\/\">Verrine feuille<\/a><\/span><\/p>\n<p>&nbsp;<\/p>\n<p><!--more--><\/p>\n<p><a href=\"https:\/\/www.csj-emballages.com\/de\/categorie-produit\/lebensmittelverpackungen\/bio-sortiment\/bio-schalen-glaser-de\/\">Sehen Sie sich hier den Rest unseres Sortiments an biologischen Schalen \/ Gl\u00e4sern an<\/a><\/p>\n","protected":false},"excerpt":{"rendered":"<p>Quadratisches Glas Beschreibung von unserem biologisch abbaubaren quadratischen Glas 70 mm x 50<\/p>\n","protected":false},"featured_media":239964,"template":"","meta":{"_acf_changed":false},"product_brand":[],"product_cat":[1137,1170,1279,1281,1283,1146,7042],"product_tag":[],"class_list":{"0":"post-17065","1":"product","2":"type-product","3":"status-publish","4":"has-post-thumbnail","6":"product_cat-lebensmittelverpackungen","7":"product_cat-metzgerei-und-feinkostgeschaft","8":"product_cat-schalen-topfe-glaser","9":"product_cat-glaser","10":"product_cat-glaser-de","11":"product_cat-bio-sortiment","12":"product_cat-bio-schalen-glaser-de","14":"first","15":"instock","16":"taxable","17":"shipping-taxable","18":"purchasable","19":"product-type-simple"},"acf":[],"yoast_head":"<!-- This site is optimized with the Yoast SEO Premium plugin v26.6 (Yoast SEO v26.6) - https:\/\/yoast.com\/wordpress\/plugins\/seo\/ -->\n<title>Glas Viereckig Biologisch abbaubar 70 mm pro 50<\/title>\n<meta name=\"description\" content=\"Biologisch abbaubares, quadratisches Glas 70 x 50 mm - Elegant, praktisch und umweltbewusst. Ideal f\u00fcr Buffets, Catering und Veranstaltungen.\" \/>\n<meta name=\"robots\" content=\"index, follow, max-snippet:-1, max-image-preview:large, max-video-preview:-1\" \/>\n<link rel=\"canonical\" href=\"https:\/\/www.csj-emballages.com\/de\/produit\/50-quadratische-70-mm-biologisch-abbaubare-glasschalen\/\" \/>\n<meta property=\"og:locale\" content=\"de_DE\" \/>\n<meta property=\"og:type\" content=\"article\" \/>\n<meta property=\"og:title\" content=\"Biologisch abbaubares quadratisches Glas 70 mm pro 50\" \/>\n<meta property=\"og:description\" content=\"Biologisch abbaubares, quadratisches Glas 70 x 50 mm - Elegant, praktisch und umweltbewusst. Ideal f\u00fcr Buffets, Catering und Veranstaltungen.\" \/>\n<meta property=\"og:url\" content=\"https:\/\/www.csj-emballages.com\/de\/produit\/50-quadratische-70-mm-biologisch-abbaubare-glasschalen\/\" \/>\n<meta property=\"og:site_name\" content=\"CSJ Emballages\" \/>\n<meta property=\"article:publisher\" content=\"https:\/\/www.facebook.com\/csjemballages\" \/>\n<meta property=\"article:modified_time\" content=\"2026-05-06T00:19:15+00:00\" \/>\n<meta property=\"og:image\" content=\"https:\/\/www.csj-emballages.com\/wp-content\/uploads\/2024\/03\/VERCARBIO-1.webp\" \/>\n\t<meta property=\"og:image:width\" content=\"800\" \/>\n\t<meta property=\"og:image:height\" content=\"800\" \/>\n\t<meta property=\"og:image:type\" content=\"image\/webp\" \/>\n<meta name=\"twitter:card\" content=\"summary_large_image\" \/>\n<meta name=\"twitter:label1\" content=\"Gesch\u00e4tzte Lesezeit\" \/>\n\t<meta name=\"twitter:data1\" content=\"2 Minuten\" \/>\n<script type=\"application\/ld+json\" class=\"yoast-schema-graph\">{\"@context\":\"https:\/\/schema.org\",\"@graph\":[{\"@type\":\"WebPage\",\"@id\":\"https:\/\/www.csj-emballages.com\/de\/produit\/50-quadratische-70-mm-biologisch-abbaubare-glasschalen\/\",\"url\":\"https:\/\/www.csj-emballages.com\/de\/produit\/50-quadratische-70-mm-biologisch-abbaubare-glasschalen\/\",\"name\":\"Glas Viereckig Biologisch abbaubar 70 mm pro 50\",\"isPartOf\":{\"@id\":\"https:\/\/www.csj-emballages.com\/de\/#website\"},\"primaryImageOfPage\":{\"@id\":\"https:\/\/www.csj-emballages.com\/de\/produit\/50-quadratische-70-mm-biologisch-abbaubare-glasschalen\/#primaryimage\"},\"image\":{\"@id\":\"https:\/\/www.csj-emballages.com\/de\/produit\/50-quadratische-70-mm-biologisch-abbaubare-glasschalen\/#primaryimage\"},\"thumbnailUrl\":\"https:\/\/www.csj-emballages.com\/wp-content\/uploads\/2024\/03\/VERCARBIO-1.webp\",\"datePublished\":\"2024-03-20T11:17:45+00:00\",\"dateModified\":\"2026-05-06T00:19:15+00:00\",\"description\":\"Biologisch abbaubares, quadratisches Glas 70 x 50 mm - Elegant, praktisch und umweltbewusst. Ideal f\u00fcr Buffets, Catering und Veranstaltungen.\",\"breadcrumb\":{\"@id\":\"https:\/\/www.csj-emballages.com\/de\/produit\/50-quadratische-70-mm-biologisch-abbaubare-glasschalen\/#breadcrumb\"},\"inLanguage\":\"de\",\"potentialAction\":[{\"@type\":\"ReadAction\",\"target\":[\"https:\/\/www.csj-emballages.com\/de\/produit\/50-quadratische-70-mm-biologisch-abbaubare-glasschalen\/\"]}]},{\"@type\":\"ImageObject\",\"inLanguage\":\"de\",\"@id\":\"https:\/\/www.csj-emballages.com\/de\/produit\/50-quadratische-70-mm-biologisch-abbaubare-glasschalen\/#primaryimage\",\"url\":\"https:\/\/www.csj-emballages.com\/wp-content\/uploads\/2024\/03\/VERCARBIO-1.webp\",\"contentUrl\":\"https:\/\/www.csj-emballages.com\/wp-content\/uploads\/2024\/03\/VERCARBIO-1.webp\",\"width\":800,\"height\":800,\"caption\":\"Verrine carr\u00e9e\"},{\"@type\":\"BreadcrumbList\",\"@id\":\"https:\/\/www.csj-emballages.com\/de\/produit\/50-quadratische-70-mm-biologisch-abbaubare-glasschalen\/#breadcrumb\",\"itemListElement\":[{\"@type\":\"ListItem\",\"position\":1,\"name\":\"Accueil\",\"item\":\"https:\/\/www.csj-emballages.com\/de\/universum-lebensmittelverpackungen\/\"},{\"@type\":\"ListItem\",\"position\":2,\"name\":\"Shop\",\"item\":\"https:\/\/www.csj-emballages.com\/shop\/\"},{\"@type\":\"ListItem\",\"position\":3,\"name\":\"Biologisch abbaubares quadratisches Glas 70 mm pro 50\"}]},{\"@type\":\"WebSite\",\"@id\":\"https:\/\/www.csj-emballages.com\/de\/#website\",\"url\":\"https:\/\/www.csj-emballages.com\/de\/\",\"name\":\"CSJ Emballages\",\"description\":\"\",\"publisher\":{\"@id\":\"https:\/\/www.csj-emballages.com\/de\/#organization\"},\"potentialAction\":[{\"@type\":\"SearchAction\",\"target\":{\"@type\":\"EntryPoint\",\"urlTemplate\":\"https:\/\/www.csj-emballages.com\/de\/?s={search_term_string}\"},\"query-input\":{\"@type\":\"PropertyValueSpecification\",\"valueRequired\":true,\"valueName\":\"search_term_string\"}}],\"inLanguage\":\"de\"},{\"@type\":\"Organization\",\"@id\":\"https:\/\/www.csj-emballages.com\/de\/#Organization\/\",\"name\":\"CSJ Emballages\",\"url\":\"https:\/\/www.csj-emballages.com\/de\/\",\"logo\":{\"@type\":\"ImageObject\",\"inLanguage\":\"de\",\"@id\":\"https:\/\/www.csj-emballages.com\/de\/#\/schema\/logo\/image\/\",\"url\":\"https:\/\/www.csj-emballages.com\/wp-content\/uploads\/2023\/10\/logo_csj.webp\",\"contentUrl\":\"https:\/\/www.csj-emballages.com\/wp-content\/uploads\/2023\/10\/logo_csj.webp\",\"width\":250,\"height\":95,\"caption\":\"CSJ Emballages\"},\"image\":{\"@id\":\"https:\/\/www.csj-emballages.com\/de\/#\/schema\/logo\/image\/\"},\"sameAs\":[\"https:\/\/www.facebook.com\/csjemballages\"],\"address\":{\"@type\":\"PostalAddress\",\"streetAddress\":\"ZI La Lechere\",\"addressLocality\":\"Patornay\",\"postalCode\":\"39130\",\"addressCountry\":\"FR\"},\"contactPoint\":[{\"@type\":\"ContactPoint\",\"contactType\":\"Service client\",\"telephone\":\"0384254272\",\"email\":\"contact@csj-emballages.com\"}]}]}<\/script>\n<!-- \/ Yoast SEO Premium plugin. -->","yoast_head_json":{"title":"Glas Viereckig Biologisch abbaubar 70 mm pro 50","description":"Biologisch abbaubares, quadratisches Glas 70 x 50 mm - Elegant, praktisch und umweltbewusst. Ideal f\u00fcr Buffets, Catering und Veranstaltungen.","robots":{"index":"index","follow":"follow","max-snippet":"max-snippet:-1","max-image-preview":"max-image-preview:large","max-video-preview":"max-video-preview:-1"},"canonical":"https:\/\/www.csj-emballages.com\/de\/produit\/50-quadratische-70-mm-biologisch-abbaubare-glasschalen\/","og_locale":"de_DE","og_type":"article","og_title":"Biologisch abbaubares quadratisches Glas 70 mm pro 50","og_description":"Biologisch abbaubares, quadratisches Glas 70 x 50 mm - Elegant, praktisch und umweltbewusst. Ideal f\u00fcr Buffets, Catering und Veranstaltungen.","og_url":"https:\/\/www.csj-emballages.com\/de\/produit\/50-quadratische-70-mm-biologisch-abbaubare-glasschalen\/","og_site_name":"CSJ Emballages","article_publisher":"https:\/\/www.facebook.com\/csjemballages","article_modified_time":"2026-05-06T00:19:15+00:00","og_image":[{"width":800,"height":800,"url":"https:\/\/www.csj-emballages.com\/wp-content\/uploads\/2024\/03\/VERCARBIO-1.webp","type":"image\/webp"}],"twitter_card":"summary_large_image","twitter_misc":{"Gesch\u00e4tzte Lesezeit":"2 Minuten"},"schema":{"@context":"https:\/\/schema.org","@graph":[{"@type":"WebPage","@id":"https:\/\/www.csj-emballages.com\/de\/produit\/50-quadratische-70-mm-biologisch-abbaubare-glasschalen\/","url":"https:\/\/www.csj-emballages.com\/de\/produit\/50-quadratische-70-mm-biologisch-abbaubare-glasschalen\/","name":"Glas Viereckig Biologisch abbaubar 70 mm pro 50","isPartOf":{"@id":"https:\/\/www.csj-emballages.com\/de\/#website"},"primaryImageOfPage":{"@id":"https:\/\/www.csj-emballages.com\/de\/produit\/50-quadratische-70-mm-biologisch-abbaubare-glasschalen\/#primaryimage"},"image":{"@id":"https:\/\/www.csj-emballages.com\/de\/produit\/50-quadratische-70-mm-biologisch-abbaubare-glasschalen\/#primaryimage"},"thumbnailUrl":"https:\/\/www.csj-emballages.com\/wp-content\/uploads\/2024\/03\/VERCARBIO-1.webp","datePublished":"2024-03-20T11:17:45+00:00","dateModified":"2026-05-06T00:19:15+00:00","description":"Biologisch abbaubares, quadratisches Glas 70 x 50 mm - Elegant, praktisch und umweltbewusst. Ideal f\u00fcr Buffets, Catering und Veranstaltungen.","breadcrumb":{"@id":"https:\/\/www.csj-emballages.com\/de\/produit\/50-quadratische-70-mm-biologisch-abbaubare-glasschalen\/#breadcrumb"},"inLanguage":"de","potentialAction":[{"@type":"ReadAction","target":["https:\/\/www.csj-emballages.com\/de\/produit\/50-quadratische-70-mm-biologisch-abbaubare-glasschalen\/"]}]},{"@type":"ImageObject","inLanguage":"de","@id":"https:\/\/www.csj-emballages.com\/de\/produit\/50-quadratische-70-mm-biologisch-abbaubare-glasschalen\/#primaryimage","url":"https:\/\/www.csj-emballages.com\/wp-content\/uploads\/2024\/03\/VERCARBIO-1.webp","contentUrl":"https:\/\/www.csj-emballages.com\/wp-content\/uploads\/2024\/03\/VERCARBIO-1.webp","width":800,"height":800,"caption":"Verrine carr\u00e9e"},{"@type":"BreadcrumbList","@id":"https:\/\/www.csj-emballages.com\/de\/produit\/50-quadratische-70-mm-biologisch-abbaubare-glasschalen\/#breadcrumb","itemListElement":[{"@type":"ListItem","position":1,"name":"Accueil","item":"https:\/\/www.csj-emballages.com\/de\/universum-lebensmittelverpackungen\/"},{"@type":"ListItem","position":2,"name":"Shop","item":"https:\/\/www.csj-emballages.com\/shop\/"},{"@type":"ListItem","position":3,"name":"Biologisch abbaubares quadratisches Glas 70 mm pro 50"}]},{"@type":"WebSite","@id":"https:\/\/www.csj-emballages.com\/de\/#website","url":"https:\/\/www.csj-emballages.com\/de\/","name":"CSJ Emballages","description":"","publisher":{"@id":"https:\/\/www.csj-emballages.com\/de\/#organization"},"potentialAction":[{"@type":"SearchAction","target":{"@type":"EntryPoint","urlTemplate":"https:\/\/www.csj-emballages.com\/de\/?s={search_term_string}"},"query-input":{"@type":"PropertyValueSpecification","valueRequired":true,"valueName":"search_term_string"}}],"inLanguage":"de"},{"@type":"Organization","@id":"https:\/\/www.csj-emballages.com\/de\/#Organization\/","name":"CSJ Emballages","url":"https:\/\/www.csj-emballages.com\/de\/","logo":{"@type":"ImageObject","inLanguage":"de","@id":"https:\/\/www.csj-emballages.com\/de\/#\/schema\/logo\/image\/","url":"https:\/\/www.csj-emballages.com\/wp-content\/uploads\/2023\/10\/logo_csj.webp","contentUrl":"https:\/\/www.csj-emballages.com\/wp-content\/uploads\/2023\/10\/logo_csj.webp","width":250,"height":95,"caption":"CSJ Emballages"},"image":{"@id":"https:\/\/www.csj-emballages.com\/de\/#\/schema\/logo\/image\/"},"sameAs":["https:\/\/www.facebook.com\/csjemballages"],"address":{"@type":"PostalAddress","streetAddress":"ZI La Lechere","addressLocality":"Patornay","postalCode":"39130","addressCountry":"FR"},"contactPoint":[{"@type":"ContactPoint","contactType":"Service client","telephone":"0384254272","email":"contact@csj-emballages.com"}]}]}},"df_price":4.22,"df_sale_price":"","df_regular_price":4.22,"df_image_link":"https:\/\/www.csj-emballages.com\/wp-content\/uploads\/2024\/03\/VERCARBIO-1-300x300.webp","tiered_pricing_type":"fixed","tiered_pricing_fixed_rules":[],"tiered_pricing_percentage_rules":[],"tiered_pricing_minimum":1,"tiered_pricing_roles_data":[],"_links":{"self":[{"href":"https:\/\/www.csj-emballages.com\/de\/wp-json\/wp\/v2\/product\/17065","targetHints":{"allow":["GET"]}}],"collection":[{"href":"https:\/\/www.csj-emballages.com\/de\/wp-json\/wp\/v2\/product"}],"about":[{"href":"https:\/\/www.csj-emballages.com\/de\/wp-json\/wp\/v2\/types\/product"}],"wp:featuredmedia":[{"embeddable":true,"href":"https:\/\/www.csj-emballages.com\/de\/wp-json\/wp\/v2\/media\/239964"}],"wp:attachment":[{"href":"https:\/\/www.csj-emballages.com\/de\/wp-json\/wp\/v2\/media?parent=17065"}],"wp:term":[{"taxonomy":"product_brand","embeddable":true,"href":"https:\/\/www.csj-emballages.com\/de\/wp-json\/wp\/v2\/product_brand?post=17065"},{"taxonomy":"product_cat","embeddable":true,"href":"https:\/\/www.csj-emballages.com\/de\/wp-json\/wp\/v2\/product_cat?post=17065"},{"taxonomy":"product_tag","embeddable":true,"href":"https:\/\/www.csj-emballages.com\/de\/wp-json\/wp\/v2\/product_tag?post=17065"}],"curies":[{"name":"wp","href":"https:\/\/api.w.org\/{rel}","templated":true}]}}