{"id":17053,"date":"2024-08-20T12:07:49","date_gmt":"2024-08-20T10:07:49","guid":{"rendered":"https:\/\/u15jnbdpoq.preview.infomaniak.website\/produit\/50-pastaschachteln-aus-farbigem-karton-29-x-5-cm-gourmand\/"},"modified":"2026-04-27T08:01:04","modified_gmt":"2026-04-27T06:01:04","slug":"50-pastaschachteln-aus-farbigem-karton-29-x-5-cm-gourmand","status":"publish","type":"product","link":"https:\/\/www.csj-emballages.com\/de\/produit\/50-pastaschachteln-aus-farbigem-karton-29-x-5-cm-gourmand\/","title":{"rendered":"Konditoreidose aus farbigem Karton 29 x 5 cm &#8218;Gourmand&#8216; pro 50"},"content":{"rendered":"<h2 class=\"p1\">Konditoreischachtel<\/h2>\n<div style=\"font-family: Roboto, sans-serif;\">\n<div style=\"font-family: Roboto, sans-serif;\">\n<div style=\"font-family: Roboto, sans-serif;\">\n<div style=\"font-family: Roboto, sans-serif;\">\n<div style=\"font-family: Roboto, sans-serif;\">\n<div style=\"font-family: Roboto, sans-serif;\">\n<hr>\n<h3>Beschreibung unserer Konditoreischachtel aus farbigem Karton 29 x 5 cm &#8218;Gourmand&#8216; pro 50 St\u00fcck<\/h3>\n<p><!--more--><\/p>\n<p>Die <strong>bunte Konditoreidose aus Karton,<\/strong> Modell<strong>&#8222;Gourmand<\/strong>&#8222;, zieht mit ihrem eleganten Design alle Blicke auf sich. Mit einer idealen Gr\u00f6\u00dfe von <strong>29 x 5 cm<\/strong> sorgen sie f\u00fcr eine perfekte Pr\u00e4sentation all Ihrer Backkreationen. Zun\u00e4chst einmal verleiht ihre lebhafte und attraktive Farbe jedem Anlass eine festliche und raffinierte Note. Au\u00dferdem bieten diese <strong>Konditoreischachteln<\/strong> aus Karton einen optimalen Schutz f\u00fcr Ihr Geb\u00e4ck und sorgen daf\u00fcr, dass es frisch und sicher bleibt.   <\/p>\n<p>Das Modell &#8222;Gourmand&#8220; wurde entworfen, um die Anforderungen der anspruchsvollsten Konditoren zu erf\u00fcllen, indem es Praktikabilit\u00e4t und \u00c4sthetik kombiniert. Au\u00dferdem spart ihre schnelle und einfache Montage wertvolle Zeit in der K\u00fcche. In der Tat wurde jedes Detail dieser Boxen durchdacht, um das Aufstellen und den Transport Ihrer s\u00fc\u00dfen Leckereien zu erleichtern. Die sorgf\u00e4ltige Verarbeitung hebt Ihre Kreationen hervor und verleiht ihnen ein professionelles und appetitliches Aussehen.   <\/p>\n<p>Daher sind die farbenfrohen Gourmand-Pastetenboxen eine gute Wahl f\u00fcr Partys, Hochzeiten und andere besondere Anl\u00e4sse. Letztendlich k\u00f6nnen Sie damit Ihr Geb\u00e4ck veredeln und gleichzeitig eine makellose Pr\u00e4sentation gew\u00e4hrleisten. Dank ihres ausgekl\u00fcgelten Designs und ihrer Robustheit sorgen sie f\u00fcr einen reibungslosen Transport und ein unvergleichliches Geschmackserlebnis.  <\/p>\n<p>Alles in allem vereinen diese farbenfrohen Pappschachteln Funktionalit\u00e4t, Eleganz und Haltbarkeit und machen jede Verkostung zu einem besonderen Erlebnis.<\/p>\n<p><strong>Ihre Vorteile :<\/strong><\/p>\n<ul>\n<li><strong>Praktisch<\/strong>: Einfacher und schneller Aufbau, spart viel Zeit in der K\u00fcche.<\/li>\n<li><strong>\u00c4sthetik<\/strong>: Vereinen \u00c4sthetik, Zweckm\u00e4\u00dfigkeit und Schutz und verwandeln jede Backkreation in ein Meisterwerk.<\/li>\n<li><strong>Vielseitig<\/strong> verwendbar: geeignet f\u00fcr eine Vielzahl von Backwaren: Kuchen, Kekse, Torten, etc.<\/li>\n<\/ul>\n<p>&nbsp;<\/p>\n<p><!--more--><\/p>\n<\/div>\n<\/div>\n<\/div>\n<\/div>\n<\/div>\n<\/div>\n<p>Erh\u00e4ltlich auch in <span style=\"color: #d12727;\"><br \/>\n  <a style=\"color: #d12727;\" href=\"https:\/\/www.csj-emballages.com\/produit\/50-boites-patissieres-carton-colorees-gourmand-18-x-8-cm\/\">18 x 8 cm<\/a><br \/>\n<\/span><\/p>\n<p>&nbsp;<\/p>\n<p><!--more--><\/p>\n<p><a href=\"https:\/\/www.csj-emballages.com\/produit\/50-caissettes-patissieres-a-poignee-modele-gourmand-10-x-12-x-7-cm\/\">Hier finden Sie unsere Geb\u00e4ckkapseln der Serie \u201eGourmand\u201c<\/a><\/p>\n<p>&nbsp;<\/p>\n<p><!--more--><\/p>\n<p><a href=\"https:\/\/www.csj-emballages.com\/de\/categorie-produit\/lebensmittelverpackungen\/backerei-und-konditorei\/schachteln-und-etuis\/gebackschachteln\/bunte-gebackschachteln\/\">Entdecken Sie unser weiteres Sortiment an farbigen Tortenschachteln<\/a><\/p>\n<p>&nbsp;<\/p>\n","protected":false},"excerpt":{"rendered":"<p>Konditoreischachtel Beschreibung unserer Konditoreischachtel aus farbigem Karton 29 x 5 cm &#8218;Gourmand&#8216; pro 50 St\u00fcck<\/p>\n","protected":false},"featured_media":14491,"template":"","meta":{"_acf_changed":false},"product_brand":[],"product_cat":[1137,1171,3964,1256,1261,9271,1265],"product_tag":[],"class_list":{"0":"post-17053","1":"product","2":"type-product","3":"status-publish","4":"has-post-thumbnail","6":"product_cat-lebensmittelverpackungen","7":"product_cat-backerei-und-konditorei","8":"product_cat-schachteln-und-etuis","9":"product_cat-gebackschachteln","10":"product_cat-bunte-gebackschachteln","11":"product_cat-bunte-keksdosen-lektion","12":"product_cat-lagerbestande-promotion","14":"first","15":"instock","16":"sale","17":"taxable","18":"shipping-taxable","19":"purchasable","20":"product-type-simple"},"acf":[],"yoast_head":"<!-- This site is optimized with the Yoast SEO Premium plugin v26.6 (Yoast SEO v26.6) - https:\/\/yoast.com\/wordpress\/plugins\/seo\/ -->\n<title>Konditoreibox aus farbigem Karton 29 x 5 cm &#039;Gourmand&#039; pro 50<\/title>\n<meta name=\"description\" content=\"Konditoreischachtel aus farbigem Karton 29 x 5 cm &#039;Gourmand&#039; pro 50, 29 x 5 cm. Ideal zum Verpacken und Transportieren Ihrer h\u00fcbschen Backkreationen!\" \/>\n<meta name=\"robots\" content=\"index, follow, max-snippet:-1, max-image-preview:large, max-video-preview:-1\" \/>\n<link rel=\"canonical\" href=\"https:\/\/www.csj-emballages.com\/de\/produit\/50-pastaschachteln-aus-farbigem-karton-29-x-5-cm-gourmand\/\" \/>\n<meta property=\"og:locale\" content=\"de_DE\" \/>\n<meta property=\"og:type\" content=\"article\" \/>\n<meta property=\"og:title\" content=\"Konditoreidose aus farbigem Karton 29 x 5 cm &#039;Gourmand&#039; pro 50\" \/>\n<meta property=\"og:description\" content=\"Konditoreischachtel aus farbigem Karton 29 x 5 cm &#039;Gourmand&#039; pro 50, 29 x 5 cm. Ideal zum Verpacken und Transportieren Ihrer h\u00fcbschen Backkreationen!\" \/>\n<meta property=\"og:url\" content=\"https:\/\/www.csj-emballages.com\/de\/produit\/50-pastaschachteln-aus-farbigem-karton-29-x-5-cm-gourmand\/\" \/>\n<meta property=\"og:site_name\" content=\"CSJ Emballages\" \/>\n<meta property=\"article:publisher\" content=\"https:\/\/www.facebook.com\/csjemballages\" \/>\n<meta property=\"article:modified_time\" content=\"2026-04-27T06:01:04+00:00\" \/>\n<meta property=\"og:image\" content=\"https:\/\/www.csj-emballages.com\/wp-content\/uploads\/2024\/03\/Capture_d_ecran_2024-04-03_a_10.51.30-removebg-preview-e1712134335823.png\" \/>\n\t<meta property=\"og:image:width\" content=\"300\" \/>\n\t<meta property=\"og:image:height\" content=\"300\" \/>\n\t<meta property=\"og:image:type\" content=\"image\/png\" \/>\n<meta name=\"twitter:card\" content=\"summary_large_image\" \/>\n<meta name=\"twitter:label1\" content=\"Gesch\u00e4tzte Lesezeit\" \/>\n\t<meta name=\"twitter:data1\" content=\"2 Minuten\" \/>\n<script type=\"application\/ld+json\" class=\"yoast-schema-graph\">{\"@context\":\"https:\/\/schema.org\",\"@graph\":[{\"@type\":\"WebPage\",\"@id\":\"https:\/\/www.csj-emballages.com\/de\/produit\/50-pastaschachteln-aus-farbigem-karton-29-x-5-cm-gourmand\/\",\"url\":\"https:\/\/www.csj-emballages.com\/de\/produit\/50-pastaschachteln-aus-farbigem-karton-29-x-5-cm-gourmand\/\",\"name\":\"Konditoreibox aus farbigem Karton 29 x 5 cm 'Gourmand' pro 50\",\"isPartOf\":{\"@id\":\"https:\/\/www.csj-emballages.com\/de\/#website\"},\"primaryImageOfPage\":{\"@id\":\"https:\/\/www.csj-emballages.com\/de\/produit\/50-pastaschachteln-aus-farbigem-karton-29-x-5-cm-gourmand\/#primaryimage\"},\"image\":{\"@id\":\"https:\/\/www.csj-emballages.com\/de\/produit\/50-pastaschachteln-aus-farbigem-karton-29-x-5-cm-gourmand\/#primaryimage\"},\"thumbnailUrl\":\"https:\/\/www.csj-emballages.com\/wp-content\/uploads\/2024\/03\/Capture_d_ecran_2024-04-03_a_10.51.30-removebg-preview-e1712134335823.png\",\"datePublished\":\"2024-08-20T10:07:49+00:00\",\"dateModified\":\"2026-04-27T06:01:04+00:00\",\"description\":\"Konditoreischachtel aus farbigem Karton 29 x 5 cm 'Gourmand' pro 50, 29 x 5 cm. Ideal zum Verpacken und Transportieren Ihrer h\u00fcbschen Backkreationen!\",\"breadcrumb\":{\"@id\":\"https:\/\/www.csj-emballages.com\/de\/produit\/50-pastaschachteln-aus-farbigem-karton-29-x-5-cm-gourmand\/#breadcrumb\"},\"inLanguage\":\"de\",\"potentialAction\":[{\"@type\":\"ReadAction\",\"target\":[\"https:\/\/www.csj-emballages.com\/de\/produit\/50-pastaschachteln-aus-farbigem-karton-29-x-5-cm-gourmand\/\"]}]},{\"@type\":\"ImageObject\",\"inLanguage\":\"de\",\"@id\":\"https:\/\/www.csj-emballages.com\/de\/produit\/50-pastaschachteln-aus-farbigem-karton-29-x-5-cm-gourmand\/#primaryimage\",\"url\":\"https:\/\/www.csj-emballages.com\/wp-content\/uploads\/2024\/03\/Capture_d_ecran_2024-04-03_a_10.51.30-removebg-preview-e1712134335823.png\",\"contentUrl\":\"https:\/\/www.csj-emballages.com\/wp-content\/uploads\/2024\/03\/Capture_d_ecran_2024-04-03_a_10.51.30-removebg-preview-e1712134335823.png\",\"width\":300,\"height\":300,\"caption\":\"Boites p\u00e2tissi\u00e8res color\u00e9es Gourmand\"},{\"@type\":\"BreadcrumbList\",\"@id\":\"https:\/\/www.csj-emballages.com\/de\/produit\/50-pastaschachteln-aus-farbigem-karton-29-x-5-cm-gourmand\/#breadcrumb\",\"itemListElement\":[{\"@type\":\"ListItem\",\"position\":1,\"name\":\"Accueil\",\"item\":\"https:\/\/www.csj-emballages.com\/de\/universum-lebensmittelverpackungen\/\"},{\"@type\":\"ListItem\",\"position\":2,\"name\":\"Shop\",\"item\":\"https:\/\/www.csj-emballages.com\/shop\/\"},{\"@type\":\"ListItem\",\"position\":3,\"name\":\"Konditoreidose aus farbigem Karton 29 x 5 cm &lsquo;Gourmand&rsquo; pro 50\"}]},{\"@type\":\"WebSite\",\"@id\":\"https:\/\/www.csj-emballages.com\/de\/#website\",\"url\":\"https:\/\/www.csj-emballages.com\/de\/\",\"name\":\"CSJ Emballages\",\"description\":\"\",\"publisher\":{\"@id\":\"https:\/\/www.csj-emballages.com\/de\/#organization\"},\"potentialAction\":[{\"@type\":\"SearchAction\",\"target\":{\"@type\":\"EntryPoint\",\"urlTemplate\":\"https:\/\/www.csj-emballages.com\/de\/?s={search_term_string}\"},\"query-input\":{\"@type\":\"PropertyValueSpecification\",\"valueRequired\":true,\"valueName\":\"search_term_string\"}}],\"inLanguage\":\"de\"},{\"@type\":\"Organization\",\"@id\":\"https:\/\/www.csj-emballages.com\/de\/#Organization\/\",\"name\":\"CSJ Emballages\",\"url\":\"https:\/\/www.csj-emballages.com\/de\/\",\"logo\":{\"@type\":\"ImageObject\",\"inLanguage\":\"de\",\"@id\":\"https:\/\/www.csj-emballages.com\/de\/#\/schema\/logo\/image\/\",\"url\":\"https:\/\/www.csj-emballages.com\/wp-content\/uploads\/2023\/10\/logo_csj.webp\",\"contentUrl\":\"https:\/\/www.csj-emballages.com\/wp-content\/uploads\/2023\/10\/logo_csj.webp\",\"width\":250,\"height\":95,\"caption\":\"CSJ Emballages\"},\"image\":{\"@id\":\"https:\/\/www.csj-emballages.com\/de\/#\/schema\/logo\/image\/\"},\"sameAs\":[\"https:\/\/www.facebook.com\/csjemballages\"],\"address\":{\"@type\":\"PostalAddress\",\"streetAddress\":\"ZI La Lechere\",\"addressLocality\":\"Patornay\",\"postalCode\":\"39130\",\"addressCountry\":\"FR\"},\"contactPoint\":[{\"@type\":\"ContactPoint\",\"contactType\":\"Service client\",\"telephone\":\"0384254272\",\"email\":\"contact@csj-emballages.com\"}]}]}<\/script>\n<!-- \/ Yoast SEO Premium plugin. -->","yoast_head_json":{"title":"Konditoreibox aus farbigem Karton 29 x 5 cm 'Gourmand' pro 50","description":"Konditoreischachtel aus farbigem Karton 29 x 5 cm 'Gourmand' pro 50, 29 x 5 cm. Ideal zum Verpacken und Transportieren Ihrer h\u00fcbschen Backkreationen!","robots":{"index":"index","follow":"follow","max-snippet":"max-snippet:-1","max-image-preview":"max-image-preview:large","max-video-preview":"max-video-preview:-1"},"canonical":"https:\/\/www.csj-emballages.com\/de\/produit\/50-pastaschachteln-aus-farbigem-karton-29-x-5-cm-gourmand\/","og_locale":"de_DE","og_type":"article","og_title":"Konditoreidose aus farbigem Karton 29 x 5 cm 'Gourmand' pro 50","og_description":"Konditoreischachtel aus farbigem Karton 29 x 5 cm 'Gourmand' pro 50, 29 x 5 cm. Ideal zum Verpacken und Transportieren Ihrer h\u00fcbschen Backkreationen!","og_url":"https:\/\/www.csj-emballages.com\/de\/produit\/50-pastaschachteln-aus-farbigem-karton-29-x-5-cm-gourmand\/","og_site_name":"CSJ Emballages","article_publisher":"https:\/\/www.facebook.com\/csjemballages","article_modified_time":"2026-04-27T06:01:04+00:00","og_image":[{"width":300,"height":300,"url":"https:\/\/www.csj-emballages.com\/wp-content\/uploads\/2024\/03\/Capture_d_ecran_2024-04-03_a_10.51.30-removebg-preview-e1712134335823.png","type":"image\/png"}],"twitter_card":"summary_large_image","twitter_misc":{"Gesch\u00e4tzte Lesezeit":"2 Minuten"},"schema":{"@context":"https:\/\/schema.org","@graph":[{"@type":"WebPage","@id":"https:\/\/www.csj-emballages.com\/de\/produit\/50-pastaschachteln-aus-farbigem-karton-29-x-5-cm-gourmand\/","url":"https:\/\/www.csj-emballages.com\/de\/produit\/50-pastaschachteln-aus-farbigem-karton-29-x-5-cm-gourmand\/","name":"Konditoreibox aus farbigem Karton 29 x 5 cm 'Gourmand' pro 50","isPartOf":{"@id":"https:\/\/www.csj-emballages.com\/de\/#website"},"primaryImageOfPage":{"@id":"https:\/\/www.csj-emballages.com\/de\/produit\/50-pastaschachteln-aus-farbigem-karton-29-x-5-cm-gourmand\/#primaryimage"},"image":{"@id":"https:\/\/www.csj-emballages.com\/de\/produit\/50-pastaschachteln-aus-farbigem-karton-29-x-5-cm-gourmand\/#primaryimage"},"thumbnailUrl":"https:\/\/www.csj-emballages.com\/wp-content\/uploads\/2024\/03\/Capture_d_ecran_2024-04-03_a_10.51.30-removebg-preview-e1712134335823.png","datePublished":"2024-08-20T10:07:49+00:00","dateModified":"2026-04-27T06:01:04+00:00","description":"Konditoreischachtel aus farbigem Karton 29 x 5 cm 'Gourmand' pro 50, 29 x 5 cm. Ideal zum Verpacken und Transportieren Ihrer h\u00fcbschen Backkreationen!","breadcrumb":{"@id":"https:\/\/www.csj-emballages.com\/de\/produit\/50-pastaschachteln-aus-farbigem-karton-29-x-5-cm-gourmand\/#breadcrumb"},"inLanguage":"de","potentialAction":[{"@type":"ReadAction","target":["https:\/\/www.csj-emballages.com\/de\/produit\/50-pastaschachteln-aus-farbigem-karton-29-x-5-cm-gourmand\/"]}]},{"@type":"ImageObject","inLanguage":"de","@id":"https:\/\/www.csj-emballages.com\/de\/produit\/50-pastaschachteln-aus-farbigem-karton-29-x-5-cm-gourmand\/#primaryimage","url":"https:\/\/www.csj-emballages.com\/wp-content\/uploads\/2024\/03\/Capture_d_ecran_2024-04-03_a_10.51.30-removebg-preview-e1712134335823.png","contentUrl":"https:\/\/www.csj-emballages.com\/wp-content\/uploads\/2024\/03\/Capture_d_ecran_2024-04-03_a_10.51.30-removebg-preview-e1712134335823.png","width":300,"height":300,"caption":"Boites p\u00e2tissi\u00e8res color\u00e9es Gourmand"},{"@type":"BreadcrumbList","@id":"https:\/\/www.csj-emballages.com\/de\/produit\/50-pastaschachteln-aus-farbigem-karton-29-x-5-cm-gourmand\/#breadcrumb","itemListElement":[{"@type":"ListItem","position":1,"name":"Accueil","item":"https:\/\/www.csj-emballages.com\/de\/universum-lebensmittelverpackungen\/"},{"@type":"ListItem","position":2,"name":"Shop","item":"https:\/\/www.csj-emballages.com\/shop\/"},{"@type":"ListItem","position":3,"name":"Konditoreidose aus farbigem Karton 29 x 5 cm &lsquo;Gourmand&rsquo; pro 50"}]},{"@type":"WebSite","@id":"https:\/\/www.csj-emballages.com\/de\/#website","url":"https:\/\/www.csj-emballages.com\/de\/","name":"CSJ Emballages","description":"","publisher":{"@id":"https:\/\/www.csj-emballages.com\/de\/#organization"},"potentialAction":[{"@type":"SearchAction","target":{"@type":"EntryPoint","urlTemplate":"https:\/\/www.csj-emballages.com\/de\/?s={search_term_string}"},"query-input":{"@type":"PropertyValueSpecification","valueRequired":true,"valueName":"search_term_string"}}],"inLanguage":"de"},{"@type":"Organization","@id":"https:\/\/www.csj-emballages.com\/de\/#Organization\/","name":"CSJ Emballages","url":"https:\/\/www.csj-emballages.com\/de\/","logo":{"@type":"ImageObject","inLanguage":"de","@id":"https:\/\/www.csj-emballages.com\/de\/#\/schema\/logo\/image\/","url":"https:\/\/www.csj-emballages.com\/wp-content\/uploads\/2023\/10\/logo_csj.webp","contentUrl":"https:\/\/www.csj-emballages.com\/wp-content\/uploads\/2023\/10\/logo_csj.webp","width":250,"height":95,"caption":"CSJ Emballages"},"image":{"@id":"https:\/\/www.csj-emballages.com\/de\/#\/schema\/logo\/image\/"},"sameAs":["https:\/\/www.facebook.com\/csjemballages"],"address":{"@type":"PostalAddress","streetAddress":"ZI La Lechere","addressLocality":"Patornay","postalCode":"39130","addressCountry":"FR"},"contactPoint":[{"@type":"ContactPoint","contactType":"Service client","telephone":"0384254272","email":"contact@csj-emballages.com"}]}]}},"df_price":12,"df_sale_price":12,"df_regular_price":24,"df_image_link":"https:\/\/www.csj-emballages.com\/wp-content\/uploads\/2024\/03\/Capture_d_ecran_2024-04-03_a_10.51.30-removebg-preview-300x300.png","tiered_pricing_type":"fixed","tiered_pricing_fixed_rules":[],"tiered_pricing_percentage_rules":[],"tiered_pricing_minimum":1,"tiered_pricing_roles_data":[],"_links":{"self":[{"href":"https:\/\/www.csj-emballages.com\/de\/wp-json\/wp\/v2\/product\/17053","targetHints":{"allow":["GET"]}}],"collection":[{"href":"https:\/\/www.csj-emballages.com\/de\/wp-json\/wp\/v2\/product"}],"about":[{"href":"https:\/\/www.csj-emballages.com\/de\/wp-json\/wp\/v2\/types\/product"}],"wp:featuredmedia":[{"embeddable":true,"href":"https:\/\/www.csj-emballages.com\/de\/wp-json\/wp\/v2\/media\/14491"}],"wp:attachment":[{"href":"https:\/\/www.csj-emballages.com\/de\/wp-json\/wp\/v2\/media?parent=17053"}],"wp:term":[{"taxonomy":"product_brand","embeddable":true,"href":"https:\/\/www.csj-emballages.com\/de\/wp-json\/wp\/v2\/product_brand?post=17053"},{"taxonomy":"product_cat","embeddable":true,"href":"https:\/\/www.csj-emballages.com\/de\/wp-json\/wp\/v2\/product_cat?post=17053"},{"taxonomy":"product_tag","embeddable":true,"href":"https:\/\/www.csj-emballages.com\/de\/wp-json\/wp\/v2\/product_tag?post=17053"}],"curies":[{"name":"wp","href":"https:\/\/api.w.org\/{rel}","templated":true}]}}