{"id":17027,"date":"2024-05-16T08:54:47","date_gmt":"2024-05-16T06:54:47","guid":{"rendered":"https:\/\/u15jnbdpoq.preview.infomaniak.website\/produit\/schachtel-4-4-von-12-ganze-scheiben-ananas\/"},"modified":"2026-03-21T02:10:16","modified_gmt":"2026-03-21T01:10:16","slug":"schachtel-4-4-von-12-ganze-scheiben-ananas","status":"publish","type":"product","link":"https:\/\/www.csj-emballages.com\/de\/produit\/schachtel-4-4-von-12-ganze-scheiben-ananas\/","title":{"rendered":"Ganze Ananasscheiben, 4\/4-Dose"},"content":{"rendered":"<h2>Ananas in Scheiben<\/h2>\n<hr>\n<h3>Entdecken Sie unsere Ananas in ganzen Scheiben, in 4\/4-Dose konserviert.<\/h3>\n<p><!--more--><\/p>\n<p data-start=\"215\" data-end=\"553\">Wenn Sie Zeit sparen m\u00fcssen, ohne auf Geschmack zu verzichten, machen diese <strong data-start=\"279\" data-end=\"333\">ganzen Ananasscheiben, in 4\/4-Dose konserviert<\/strong>, einen klaren Unterschied. Schon beim \u00d6ffnen finden Sie <strong>sch\u00f6ne, gleichm\u00e4\u00dfige Scheiben<\/strong> mit leuchtender Farbe und angenehmer Textur. Sie sind bereits fertig, gut <strong>kalibriert<\/strong> und vor allem einfach im Alltag zu verwenden.  <\/p>\n<p data-start=\"555\" data-end=\"915\">Diese <strong>Ananas<\/strong> wurde sorgf\u00e4ltig ausgew\u00e4hlt und in ganze Scheiben geschnitten, bevor sie <strong>in einem leichten Sirup konserviert<\/strong> wurde. Das Ergebnis: Die Frucht beh\u00e4lt ihre nat\u00fcrliche S\u00fc\u00dfe, ihre Zartheit und ihren exotischen Duft, ohne aufdringlich zu wirken. Dies ist eine echte Zeitersparnis in der K\u00fcche, sei es f\u00fcr einen schnellen Service, die Zubereitung gro\u00dfer Mengen oder eine sorgf\u00e4ltige Anrichtung.  <\/p>\n<p data-start=\"917\" data-end=\"1280\">Dank des <strong data-start=\"933\" data-end=\"946\">4\/4-Dosenformats<\/strong> erhalten Sie eine ideale Menge f\u00fcr Gastronomieprofis, Gro\u00dfk\u00fcchen oder Zentralk\u00fcchen. Die <strong>Scheiben<\/strong> eignen sich sowohl f\u00fcr Desserts als auch f\u00fcr die herzhafte K\u00fcche. Sie passen perfekt zu einem <strong>Buffet, einem Obstsalat, einer Pizza Hawaii, einem s\u00fc\u00df-sauren Gericht<\/strong> oder sogar als Tellerdekoration.  <\/p>\n<p data-start=\"1282\" data-end=\"1506\">Ein weiterer nicht zu untersch\u00e4tzender Vorteil ist die Gleichm\u00e4\u00dfigkeit. Jede <strong>Scheibe ist homogen<\/strong>, was die Portionierung erleichtert und eine saubere, ordentliche Pr\u00e4sentation garantiert. Kein Verlust, kein zus\u00e4tzliches Schneiden \u2013 alles ist gebrauchsfertig.  <\/p>\n<p data-start=\"1508\" data-end=\"1709\">Zusammenfassend ist diese <strong>Ananas in ganzen Scheiben<\/strong> eine praktische, zuverl\u00e4ssige und schmackhafte L\u00f6sung f\u00fcr alle, die effizient arbeiten und gleichzeitig ein k\u00f6stliches und optisch ansprechendes Produkt anbieten m\u00f6chten.<\/p>\n<p data-start=\"1508\" data-end=\"1709\">\n<p><!--more--><\/p>\n<div style=\"font-family: Roboto, sans-serif;\">\n<div style=\"font-family: Roboto, sans-serif;\">\n<div style=\"font-family: Roboto, sans-serif;\">\n<div style=\"font-family: Roboto, sans-serif;\">\n<div style=\"font-family: Roboto, sans-serif;\">\n<div style=\"font-family: Roboto, sans-serif;\">\n<p style=\"text-align: left;\"><strong>Vorteile :<\/strong><\/p>\n<ul>\n<li data-start=\"1738\" data-end=\"1789\"><strong>Gleichm\u00e4\u00dfige ganze Scheiben<\/strong> und gebrauchsfertig.<\/li>\n<li data-start=\"1792\" data-end=\"1823\">Milder Geschmack und angenehme Textur.<\/li>\n<li data-start=\"1826\" data-end=\"1870\"><strong>4\/4-Format<\/strong>, f\u00fcr den professionellen Einsatz geeignet.<\/li>\n<li data-start=\"1873\" data-end=\"1902\">S\u00fc\u00df oder salzig verwendbar.<\/li>\n<li data-start=\"1905\" data-end=\"1939\">Zeitersparnis und null Verschwendung.<\/li>\n<\/ul>\n<\/div>\n<div style=\"font-family: Roboto, sans-serif;\"><\/div>\n<\/div>\n<\/div>\n<\/div>\n<\/div>\n<\/div>\n<p><!--more--><\/p>\n<div style=\"font-family: Roboto, sans-serif;\">\n<div style=\"font-family: Roboto, sans-serif;\">\n<div style=\"font-family: Roboto, sans-serif;\">\n<h4>Weitere Informationen :<\/h4>\n<ul>\n<li><strong>Verpackung<\/strong>: Schachtel 4\/4<\/li>\n<li><strong>Ma\u00dfe<\/strong>: 100 x 117 (\u00d8 x H in mm)<\/li>\n<li><strong>Fassungsverm\u00f6gen<\/strong>: 850 ml<\/li>\n<li><strong>Abtropfgewicht<\/strong>: 490 g<\/li>\n<li><strong>Typ<\/strong>: Ganze Scheibe bewahrt<\/li>\n<\/ul>\n<\/div>\n<\/div>\n<\/div>\n<p>&nbsp;<\/p>\n<p><!--more--><\/p>\n<p>Hier finden Sie die f\u00fcr dieses Produkt vorgeschlagene kleinere Gr\u00f6\u00dfe: <span style=\"color: #d12727;\"><a style=\"color: #d12727;\" href=\"https:\/\/www.csj-emballages.com\/de\/produit\/schachtel-3-4-ganze-scheiben-konservierte-ananas\/\">Schachtel 3\/4<\/a><\/span><\/p>\n<p>&nbsp;<\/p>\n<div style=\"font-family: Roboto, sans-serif;\">\n<div style=\"font-family: Roboto, sans-serif;\">\n<div style=\"font-family: Roboto, sans-serif;\">\n<p><!--more--><\/p>\n<p><a href=\"https:\/\/www.csj-emballages.com\/de\/categorie-produit\/lebensmittel\/lebensmittel-de\/trockenfruchte-sirup\/ananas-de\/\">Entdecken Sie unser weiteres Ananas-in-Sirup-Sortiment.<\/a><\/p>\n<\/div>\n<\/div>\n<\/div>\n","protected":false},"excerpt":{"rendered":"<p>Ananas in Scheiben Entdecken Sie unsere Ananas in ganzen Scheiben, in 4\/4-Dose konserviert.<\/p>\n","protected":false},"featured_media":260834,"template":"","meta":{"_acf_changed":false},"product_brand":[],"product_cat":[1144,1183,1194,5902],"product_tag":[],"class_list":{"0":"post-17027","1":"product","2":"type-product","3":"status-publish","4":"has-post-thumbnail","6":"product_cat-lebensmittel","7":"product_cat-lebensmittel-de","8":"product_cat-trockenfruchte-sirup","9":"product_cat-ananas-de","11":"first","12":"instock","13":"featured","14":"taxable","15":"shipping-taxable","16":"purchasable","17":"product-type-simple"},"acf":[],"yoast_head":"<!-- This site is optimized with the Yoast SEO Premium plugin v26.6 (Yoast SEO v26.6) - https:\/\/yoast.com\/wordpress\/plugins\/seo\/ -->\n<title>Ganze Ananasscheiben, 4\/4-Dose<\/title>\n<meta name=\"description\" content=\"Ananas in ganzen Scheiben, in 4\/4-Dose konserviert. Gebrauchsfertig, schmackhaft und gleichm\u00e4\u00dfig \u2013 ideal f\u00fcr Desserts, Buffets und s\u00fc\u00df-saure Rezepte.\" \/>\n<meta name=\"robots\" content=\"index, follow, max-snippet:-1, max-image-preview:large, max-video-preview:-1\" \/>\n<link rel=\"canonical\" href=\"https:\/\/www.csj-emballages.com\/de\/produit\/schachtel-4-4-von-12-ganze-scheiben-ananas\/\" \/>\n<meta property=\"og:locale\" content=\"de_DE\" \/>\n<meta property=\"og:type\" content=\"article\" \/>\n<meta property=\"og:title\" content=\"Ganze Ananasscheiben, 4\/4-Dose\" \/>\n<meta property=\"og:description\" content=\"Ananas in ganzen Scheiben, in 4\/4-Dose konserviert. Gebrauchsfertig, schmackhaft und gleichm\u00e4\u00dfig \u2013 ideal f\u00fcr Desserts, Buffets und s\u00fc\u00df-saure Rezepte.\" \/>\n<meta property=\"og:url\" content=\"https:\/\/www.csj-emballages.com\/de\/produit\/schachtel-4-4-von-12-ganze-scheiben-ananas\/\" \/>\n<meta property=\"og:site_name\" content=\"CSJ Emballages\" \/>\n<meta property=\"article:publisher\" content=\"https:\/\/www.facebook.com\/csjemballages\" \/>\n<meta property=\"article:modified_time\" content=\"2026-03-21T01:10:16+00:00\" \/>\n<meta property=\"og:image\" content=\"https:\/\/www.csj-emballages.com\/wp-content\/uploads\/2024\/05\/100097.webp\" \/>\n\t<meta property=\"og:image:width\" content=\"800\" \/>\n\t<meta property=\"og:image:height\" content=\"800\" \/>\n\t<meta property=\"og:image:type\" content=\"image\/webp\" \/>\n<meta name=\"twitter:card\" content=\"summary_large_image\" \/>\n<meta name=\"twitter:label1\" content=\"Gesch\u00e4tzte Lesezeit\" \/>\n\t<meta name=\"twitter:data1\" content=\"2 Minuten\" \/>\n<script type=\"application\/ld+json\" class=\"yoast-schema-graph\">{\"@context\":\"https:\/\/schema.org\",\"@graph\":[{\"@type\":\"WebPage\",\"@id\":\"https:\/\/www.csj-emballages.com\/de\/produit\/schachtel-4-4-von-12-ganze-scheiben-ananas\/\",\"url\":\"https:\/\/www.csj-emballages.com\/de\/produit\/schachtel-4-4-von-12-ganze-scheiben-ananas\/\",\"name\":\"Ganze Ananasscheiben, 4\/4-Dose\",\"isPartOf\":{\"@id\":\"https:\/\/www.csj-emballages.com\/de\/#website\"},\"primaryImageOfPage\":{\"@id\":\"https:\/\/www.csj-emballages.com\/de\/produit\/schachtel-4-4-von-12-ganze-scheiben-ananas\/#primaryimage\"},\"image\":{\"@id\":\"https:\/\/www.csj-emballages.com\/de\/produit\/schachtel-4-4-von-12-ganze-scheiben-ananas\/#primaryimage\"},\"thumbnailUrl\":\"https:\/\/www.csj-emballages.com\/wp-content\/uploads\/2024\/05\/100097.webp\",\"datePublished\":\"2024-05-16T06:54:47+00:00\",\"dateModified\":\"2026-03-21T01:10:16+00:00\",\"description\":\"Ananas in ganzen Scheiben, in 4\/4-Dose konserviert. Gebrauchsfertig, schmackhaft und gleichm\u00e4\u00dfig \u2013 ideal f\u00fcr Desserts, Buffets und s\u00fc\u00df-saure Rezepte.\",\"breadcrumb\":{\"@id\":\"https:\/\/www.csj-emballages.com\/de\/produit\/schachtel-4-4-von-12-ganze-scheiben-ananas\/#breadcrumb\"},\"inLanguage\":\"de\",\"potentialAction\":[{\"@type\":\"ReadAction\",\"target\":[\"https:\/\/www.csj-emballages.com\/de\/produit\/schachtel-4-4-von-12-ganze-scheiben-ananas\/\"]}]},{\"@type\":\"ImageObject\",\"inLanguage\":\"de\",\"@id\":\"https:\/\/www.csj-emballages.com\/de\/produit\/schachtel-4-4-von-12-ganze-scheiben-ananas\/#primaryimage\",\"url\":\"https:\/\/www.csj-emballages.com\/wp-content\/uploads\/2024\/05\/100097.webp\",\"contentUrl\":\"https:\/\/www.csj-emballages.com\/wp-content\/uploads\/2024\/05\/100097.webp\",\"width\":800,\"height\":800,\"caption\":\"Ananas en tranches\"},{\"@type\":\"BreadcrumbList\",\"@id\":\"https:\/\/www.csj-emballages.com\/de\/produit\/schachtel-4-4-von-12-ganze-scheiben-ananas\/#breadcrumb\",\"itemListElement\":[{\"@type\":\"ListItem\",\"position\":1,\"name\":\"Accueil\",\"item\":\"https:\/\/www.csj-emballages.com\/de\/universum-lebensmittelverpackungen\/\"},{\"@type\":\"ListItem\",\"position\":2,\"name\":\"Shop\",\"item\":\"https:\/\/www.csj-emballages.com\/shop\/\"},{\"@type\":\"ListItem\",\"position\":3,\"name\":\"Ganze Ananasscheiben, 4\/4-Dose\"}]},{\"@type\":\"WebSite\",\"@id\":\"https:\/\/www.csj-emballages.com\/de\/#website\",\"url\":\"https:\/\/www.csj-emballages.com\/de\/\",\"name\":\"CSJ Emballages\",\"description\":\"\",\"publisher\":{\"@id\":\"https:\/\/www.csj-emballages.com\/de\/#organization\"},\"potentialAction\":[{\"@type\":\"SearchAction\",\"target\":{\"@type\":\"EntryPoint\",\"urlTemplate\":\"https:\/\/www.csj-emballages.com\/de\/?s={search_term_string}\"},\"query-input\":{\"@type\":\"PropertyValueSpecification\",\"valueRequired\":true,\"valueName\":\"search_term_string\"}}],\"inLanguage\":\"de\"},{\"@type\":\"Organization\",\"@id\":\"https:\/\/www.csj-emballages.com\/de\/#Organization\/\",\"name\":\"CSJ Emballages\",\"url\":\"https:\/\/www.csj-emballages.com\/de\/\",\"logo\":{\"@type\":\"ImageObject\",\"inLanguage\":\"de\",\"@id\":\"https:\/\/www.csj-emballages.com\/de\/#\/schema\/logo\/image\/\",\"url\":\"https:\/\/www.csj-emballages.com\/wp-content\/uploads\/2023\/10\/logo_csj.webp\",\"contentUrl\":\"https:\/\/www.csj-emballages.com\/wp-content\/uploads\/2023\/10\/logo_csj.webp\",\"width\":250,\"height\":95,\"caption\":\"CSJ Emballages\"},\"image\":{\"@id\":\"https:\/\/www.csj-emballages.com\/de\/#\/schema\/logo\/image\/\"},\"sameAs\":[\"https:\/\/www.facebook.com\/csjemballages\"],\"address\":{\"@type\":\"PostalAddress\",\"streetAddress\":\"ZI La Lechere\",\"addressLocality\":\"Patornay\",\"postalCode\":\"39130\",\"addressCountry\":\"FR\"},\"contactPoint\":[{\"@type\":\"ContactPoint\",\"contactType\":\"Service client\",\"telephone\":\"0384254272\",\"email\":\"contact@csj-emballages.com\"}]}]}<\/script>\n<!-- \/ Yoast SEO Premium plugin. -->","yoast_head_json":{"title":"Ganze Ananasscheiben, 4\/4-Dose","description":"Ananas in ganzen Scheiben, in 4\/4-Dose konserviert. Gebrauchsfertig, schmackhaft und gleichm\u00e4\u00dfig \u2013 ideal f\u00fcr Desserts, Buffets und s\u00fc\u00df-saure Rezepte.","robots":{"index":"index","follow":"follow","max-snippet":"max-snippet:-1","max-image-preview":"max-image-preview:large","max-video-preview":"max-video-preview:-1"},"canonical":"https:\/\/www.csj-emballages.com\/de\/produit\/schachtel-4-4-von-12-ganze-scheiben-ananas\/","og_locale":"de_DE","og_type":"article","og_title":"Ganze Ananasscheiben, 4\/4-Dose","og_description":"Ananas in ganzen Scheiben, in 4\/4-Dose konserviert. Gebrauchsfertig, schmackhaft und gleichm\u00e4\u00dfig \u2013 ideal f\u00fcr Desserts, Buffets und s\u00fc\u00df-saure Rezepte.","og_url":"https:\/\/www.csj-emballages.com\/de\/produit\/schachtel-4-4-von-12-ganze-scheiben-ananas\/","og_site_name":"CSJ Emballages","article_publisher":"https:\/\/www.facebook.com\/csjemballages","article_modified_time":"2026-03-21T01:10:16+00:00","og_image":[{"width":800,"height":800,"url":"https:\/\/www.csj-emballages.com\/wp-content\/uploads\/2024\/05\/100097.webp","type":"image\/webp"}],"twitter_card":"summary_large_image","twitter_misc":{"Gesch\u00e4tzte Lesezeit":"2 Minuten"},"schema":{"@context":"https:\/\/schema.org","@graph":[{"@type":"WebPage","@id":"https:\/\/www.csj-emballages.com\/de\/produit\/schachtel-4-4-von-12-ganze-scheiben-ananas\/","url":"https:\/\/www.csj-emballages.com\/de\/produit\/schachtel-4-4-von-12-ganze-scheiben-ananas\/","name":"Ganze Ananasscheiben, 4\/4-Dose","isPartOf":{"@id":"https:\/\/www.csj-emballages.com\/de\/#website"},"primaryImageOfPage":{"@id":"https:\/\/www.csj-emballages.com\/de\/produit\/schachtel-4-4-von-12-ganze-scheiben-ananas\/#primaryimage"},"image":{"@id":"https:\/\/www.csj-emballages.com\/de\/produit\/schachtel-4-4-von-12-ganze-scheiben-ananas\/#primaryimage"},"thumbnailUrl":"https:\/\/www.csj-emballages.com\/wp-content\/uploads\/2024\/05\/100097.webp","datePublished":"2024-05-16T06:54:47+00:00","dateModified":"2026-03-21T01:10:16+00:00","description":"Ananas in ganzen Scheiben, in 4\/4-Dose konserviert. Gebrauchsfertig, schmackhaft und gleichm\u00e4\u00dfig \u2013 ideal f\u00fcr Desserts, Buffets und s\u00fc\u00df-saure Rezepte.","breadcrumb":{"@id":"https:\/\/www.csj-emballages.com\/de\/produit\/schachtel-4-4-von-12-ganze-scheiben-ananas\/#breadcrumb"},"inLanguage":"de","potentialAction":[{"@type":"ReadAction","target":["https:\/\/www.csj-emballages.com\/de\/produit\/schachtel-4-4-von-12-ganze-scheiben-ananas\/"]}]},{"@type":"ImageObject","inLanguage":"de","@id":"https:\/\/www.csj-emballages.com\/de\/produit\/schachtel-4-4-von-12-ganze-scheiben-ananas\/#primaryimage","url":"https:\/\/www.csj-emballages.com\/wp-content\/uploads\/2024\/05\/100097.webp","contentUrl":"https:\/\/www.csj-emballages.com\/wp-content\/uploads\/2024\/05\/100097.webp","width":800,"height":800,"caption":"Ananas en tranches"},{"@type":"BreadcrumbList","@id":"https:\/\/www.csj-emballages.com\/de\/produit\/schachtel-4-4-von-12-ganze-scheiben-ananas\/#breadcrumb","itemListElement":[{"@type":"ListItem","position":1,"name":"Accueil","item":"https:\/\/www.csj-emballages.com\/de\/universum-lebensmittelverpackungen\/"},{"@type":"ListItem","position":2,"name":"Shop","item":"https:\/\/www.csj-emballages.com\/shop\/"},{"@type":"ListItem","position":3,"name":"Ganze Ananasscheiben, 4\/4-Dose"}]},{"@type":"WebSite","@id":"https:\/\/www.csj-emballages.com\/de\/#website","url":"https:\/\/www.csj-emballages.com\/de\/","name":"CSJ Emballages","description":"","publisher":{"@id":"https:\/\/www.csj-emballages.com\/de\/#organization"},"potentialAction":[{"@type":"SearchAction","target":{"@type":"EntryPoint","urlTemplate":"https:\/\/www.csj-emballages.com\/de\/?s={search_term_string}"},"query-input":{"@type":"PropertyValueSpecification","valueRequired":true,"valueName":"search_term_string"}}],"inLanguage":"de"},{"@type":"Organization","@id":"https:\/\/www.csj-emballages.com\/de\/#Organization\/","name":"CSJ Emballages","url":"https:\/\/www.csj-emballages.com\/de\/","logo":{"@type":"ImageObject","inLanguage":"de","@id":"https:\/\/www.csj-emballages.com\/de\/#\/schema\/logo\/image\/","url":"https:\/\/www.csj-emballages.com\/wp-content\/uploads\/2023\/10\/logo_csj.webp","contentUrl":"https:\/\/www.csj-emballages.com\/wp-content\/uploads\/2023\/10\/logo_csj.webp","width":250,"height":95,"caption":"CSJ Emballages"},"image":{"@id":"https:\/\/www.csj-emballages.com\/de\/#\/schema\/logo\/image\/"},"sameAs":["https:\/\/www.facebook.com\/csjemballages"],"address":{"@type":"PostalAddress","streetAddress":"ZI La Lechere","addressLocality":"Patornay","postalCode":"39130","addressCountry":"FR"},"contactPoint":[{"@type":"ContactPoint","contactType":"Service client","telephone":"0384254272","email":"contact@csj-emballages.com"}]}]}},"df_price":3.25,"df_sale_price":"","df_regular_price":3.25,"df_image_link":"https:\/\/www.csj-emballages.com\/wp-content\/uploads\/2024\/05\/100097-300x300.webp","tiered_pricing_type":"fixed","tiered_pricing_fixed_rules":[],"tiered_pricing_percentage_rules":[],"tiered_pricing_minimum":1,"tiered_pricing_roles_data":[],"_links":{"self":[{"href":"https:\/\/www.csj-emballages.com\/de\/wp-json\/wp\/v2\/product\/17027","targetHints":{"allow":["GET"]}}],"collection":[{"href":"https:\/\/www.csj-emballages.com\/de\/wp-json\/wp\/v2\/product"}],"about":[{"href":"https:\/\/www.csj-emballages.com\/de\/wp-json\/wp\/v2\/types\/product"}],"wp:featuredmedia":[{"embeddable":true,"href":"https:\/\/www.csj-emballages.com\/de\/wp-json\/wp\/v2\/media\/260834"}],"wp:attachment":[{"href":"https:\/\/www.csj-emballages.com\/de\/wp-json\/wp\/v2\/media?parent=17027"}],"wp:term":[{"taxonomy":"product_brand","embeddable":true,"href":"https:\/\/www.csj-emballages.com\/de\/wp-json\/wp\/v2\/product_brand?post=17027"},{"taxonomy":"product_cat","embeddable":true,"href":"https:\/\/www.csj-emballages.com\/de\/wp-json\/wp\/v2\/product_cat?post=17027"},{"taxonomy":"product_tag","embeddable":true,"href":"https:\/\/www.csj-emballages.com\/de\/wp-json\/wp\/v2\/product_tag?post=17027"}],"curies":[{"name":"wp","href":"https:\/\/api.w.org\/{rel}","templated":true}]}}