{"id":16971,"date":"2024-04-18T16:15:53","date_gmt":"2024-04-18T14:15:53","guid":{"rendered":"https:\/\/u15jnbdpoq.preview.infomaniak.website\/?post_type=product&#038;p=16971"},"modified":"2026-03-27T02:17:51","modified_gmt":"2026-03-27T01:17:51","slug":"grauer-gummisaugnapf-15-cm","status":"publish","type":"product","link":"https:\/\/www.csj-emballages.com\/de\/produit\/grauer-gummisaugnapf-15-cm\/","title":{"rendered":"Grauer Gummisaugnapf 15 cm"},"content":{"rendered":"<h2>Saugnapf<\/h2>\n<hr>\n<h3>Beschreibung unseres grauen Gummisaugnapfes 15 cm<\/h3>\n<p><!--more--><\/p>\n<p data-start=\"288\" data-end=\"788\">Diese <strong>graue Gummisaugglocke mit einem<\/strong> Durchmesser von <strong>15 cm<\/strong> ist in allen Arbeitsumgebungen und im Haushalt unverzichtbar. Sie ist das richtige Werkzeug, um Verstopfungen in Waschbecken, Sp\u00fclbecken, Duschen oder Badewannen wirksam zu beseitigen. Er besteht aus einem weichen und robusten Gummikopf, der auf allen glatten Oberfl\u00e4chen einen <g id=\"gid_1\">ausgezeichneten Halt<\/g> bietet. Der stabile, ergonomisch geformte <strong data-start=\"650\" data-end=\"677\">Polypropylen-Griff<\/strong> liegt bequem in der Hand und erm\u00f6glicht ein pr\u00e4zises Dr\u00fccken, ohne dass die Gefahr des Abrutschens besteht.  <\/p>\n<p data-start=\"790\" data-end=\"1176\">Dieser <strong>Saugnapf<\/strong> wurde f\u00fcr eine lange Lebensdauer entwickelt und ist besonders beliebt in der Gastronomie, in \u00f6ffentlichen Einrichtungen, bei Reinigungs- und Hygienediensten, eignet sich aber auch hervorragend f\u00fcr den gelegentlichen Gebrauch im Haushalt. Egal, ob Sie ein professioneller Reiniger oder ein Privatmann sind, der ein zuverl\u00e4ssiges Werkzeug sucht, dieser <strong>Saugnapf<\/strong> ist <strong data-start=\"1137\" data-end=\"1175\">einfach, effizient und robust<\/strong>. <\/p>\n<p data-start=\"1178\" data-end=\"1394\">Dank seines kompakten Formats mit einem <strong>Durchmesser von 15 cm<\/strong> kann er auch in engen R\u00e4umen leicht eingesetzt werden. Gleichzeitig erzeugt er gen\u00fcgend Saugkraft, um <strong data-start=\"1337\" data-end=\"1393\">hartn\u00e4ckige Verstopfungen ohne Chemikalien zu l\u00f6sen<\/strong>.<\/p>\n<p data-start=\"1396\" data-end=\"1469\">Ein kleines Werkzeug, aber eine gro\u00dfe Zeitersparnis und Effizienz im Alltag.<\/p>\n<p><!--more--><\/p>\n<h4><strong>Seine Vorteile :<\/strong><\/h4>\n<ul>\n<li>Durchmesser von 15 cm ideal f\u00fcr Sp\u00fclbecken, Waschbecken und Badewannen.<\/li>\n<li>Hochwertiges, weiches Gummi f\u00fcr gute Griffigkeit.<\/li>\n<li>Bequemer Griff und einfache Handhabung.<\/li>\n<li>Geeignet f\u00fcr Berufst\u00e4tige und Privatpersonen.<\/li>\n<\/ul>\n<p>&nbsp;<\/p>\n<p><!--more--><\/p>\n<h4>Weitere Informationen :<\/h4>\n<ul>\n<li><strong>Verpackung<\/strong>: Einzeln<\/li>\n<li><strong>Durchmesser<\/strong>: 15 cm<\/li>\n<li><strong>H\u00f6he<\/strong>: 48 cm<\/li>\n<li><b>Material <\/b>: Polypropylen \/ Gummi<\/li>\n<li><strong>Farbe<\/strong>: Grau<\/li>\n<\/ul>\n<p>&nbsp;<\/p>\n<p><!--more--><\/p>\n<p><a href=\"https:\/\/www.csj-emballages.com\/de\/categorie-produit\/hygiene-und-pflege\/zubehor\/\">Sehen Sie sich den Rest unseres Sortiments an Hygieneartikeln an.<\/a><\/p>\n","protected":false},"excerpt":{"rendered":"<p>Saugnapf Beschreibung unseres grauen Gummisaugnapfes 15 cm<\/p>\n","protected":false},"featured_media":238652,"template":"","meta":{"_acf_changed":false},"product_brand":[],"product_cat":[1218,1736],"product_tag":[],"class_list":{"0":"post-16971","1":"product","2":"type-product","3":"status-publish","4":"has-post-thumbnail","6":"product_cat-hygiene-und-pflege","7":"product_cat-zubehor","9":"first","10":"instock","11":"taxable","12":"shipping-taxable","13":"purchasable","14":"product-type-simple"},"acf":[],"yoast_head":"<!-- This site is optimized with the Yoast SEO Premium plugin v26.6 (Yoast SEO v26.6) - https:\/\/yoast.com\/wordpress\/plugins\/seo\/ -->\n<title>Saugnapf Gummi Grau 15 cm<\/title>\n<meta name=\"description\" content=\"Graue Gummisaugglocke \u00d8 15 cm mit Polypropylenstiel. Ideal zum Beseitigen von Verstopfungen in Sp\u00fclbecken, Waschbecken oder Duschen ohne Chemikalien.\" \/>\n<meta name=\"robots\" content=\"index, follow, max-snippet:-1, max-image-preview:large, max-video-preview:-1\" \/>\n<link rel=\"canonical\" href=\"https:\/\/www.csj-emballages.com\/de\/produit\/grauer-gummisaugnapf-15-cm\/\" \/>\n<meta property=\"og:locale\" content=\"de_DE\" \/>\n<meta property=\"og:type\" content=\"article\" \/>\n<meta property=\"og:title\" content=\"Grauer Gummisaugnapf 15 cm\" \/>\n<meta property=\"og:description\" content=\"Graue Gummisaugglocke \u00d8 15 cm mit Polypropylenstiel. Ideal zum Beseitigen von Verstopfungen in Sp\u00fclbecken, Waschbecken oder Duschen ohne Chemikalien.\" \/>\n<meta property=\"og:url\" content=\"https:\/\/www.csj-emballages.com\/de\/produit\/grauer-gummisaugnapf-15-cm\/\" \/>\n<meta property=\"og:site_name\" content=\"CSJ Emballages\" \/>\n<meta property=\"article:publisher\" content=\"https:\/\/www.facebook.com\/csjemballages\" \/>\n<meta property=\"article:modified_time\" content=\"2026-03-27T01:17:51+00:00\" \/>\n<meta property=\"og:image\" content=\"https:\/\/www.csj-emballages.com\/wp-content\/uploads\/2024\/04\/VENT130.webp\" \/>\n\t<meta property=\"og:image:width\" content=\"800\" \/>\n\t<meta property=\"og:image:height\" content=\"800\" \/>\n\t<meta property=\"og:image:type\" content=\"image\/webp\" \/>\n<meta name=\"twitter:card\" content=\"summary_large_image\" \/>\n<meta name=\"twitter:label1\" content=\"Gesch\u00e4tzte Lesezeit\" \/>\n\t<meta name=\"twitter:data1\" content=\"1\u00a0Minute\" \/>\n<script type=\"application\/ld+json\" class=\"yoast-schema-graph\">{\"@context\":\"https:\/\/schema.org\",\"@graph\":[{\"@type\":\"WebPage\",\"@id\":\"https:\/\/www.csj-emballages.com\/de\/produit\/grauer-gummisaugnapf-15-cm\/\",\"url\":\"https:\/\/www.csj-emballages.com\/de\/produit\/grauer-gummisaugnapf-15-cm\/\",\"name\":\"Saugnapf Gummi Grau 15 cm\",\"isPartOf\":{\"@id\":\"https:\/\/www.csj-emballages.com\/de\/#website\"},\"primaryImageOfPage\":{\"@id\":\"https:\/\/www.csj-emballages.com\/de\/produit\/grauer-gummisaugnapf-15-cm\/#primaryimage\"},\"image\":{\"@id\":\"https:\/\/www.csj-emballages.com\/de\/produit\/grauer-gummisaugnapf-15-cm\/#primaryimage\"},\"thumbnailUrl\":\"https:\/\/www.csj-emballages.com\/wp-content\/uploads\/2024\/04\/VENT130.webp\",\"datePublished\":\"2024-04-18T14:15:53+00:00\",\"dateModified\":\"2026-03-27T01:17:51+00:00\",\"description\":\"Graue Gummisaugglocke \u00d8 15 cm mit Polypropylenstiel. Ideal zum Beseitigen von Verstopfungen in Sp\u00fclbecken, Waschbecken oder Duschen ohne Chemikalien.\",\"breadcrumb\":{\"@id\":\"https:\/\/www.csj-emballages.com\/de\/produit\/grauer-gummisaugnapf-15-cm\/#breadcrumb\"},\"inLanguage\":\"de\",\"potentialAction\":[{\"@type\":\"ReadAction\",\"target\":[\"https:\/\/www.csj-emballages.com\/de\/produit\/grauer-gummisaugnapf-15-cm\/\"]}]},{\"@type\":\"ImageObject\",\"inLanguage\":\"de\",\"@id\":\"https:\/\/www.csj-emballages.com\/de\/produit\/grauer-gummisaugnapf-15-cm\/#primaryimage\",\"url\":\"https:\/\/www.csj-emballages.com\/wp-content\/uploads\/2024\/04\/VENT130.webp\",\"contentUrl\":\"https:\/\/www.csj-emballages.com\/wp-content\/uploads\/2024\/04\/VENT130.webp\",\"width\":800,\"height\":800,\"caption\":\"Ventouse\"},{\"@type\":\"BreadcrumbList\",\"@id\":\"https:\/\/www.csj-emballages.com\/de\/produit\/grauer-gummisaugnapf-15-cm\/#breadcrumb\",\"itemListElement\":[{\"@type\":\"ListItem\",\"position\":1,\"name\":\"Accueil\",\"item\":\"https:\/\/www.csj-emballages.com\/de\/universum-lebensmittelverpackungen\/\"},{\"@type\":\"ListItem\",\"position\":2,\"name\":\"Shop\",\"item\":\"https:\/\/www.csj-emballages.com\/shop\/\"},{\"@type\":\"ListItem\",\"position\":3,\"name\":\"Grauer Gummisaugnapf 15 cm\"}]},{\"@type\":\"WebSite\",\"@id\":\"https:\/\/www.csj-emballages.com\/de\/#website\",\"url\":\"https:\/\/www.csj-emballages.com\/de\/\",\"name\":\"CSJ Emballages\",\"description\":\"\",\"publisher\":{\"@id\":\"https:\/\/www.csj-emballages.com\/de\/#organization\"},\"potentialAction\":[{\"@type\":\"SearchAction\",\"target\":{\"@type\":\"EntryPoint\",\"urlTemplate\":\"https:\/\/www.csj-emballages.com\/de\/?s={search_term_string}\"},\"query-input\":{\"@type\":\"PropertyValueSpecification\",\"valueRequired\":true,\"valueName\":\"search_term_string\"}}],\"inLanguage\":\"de\"},{\"@type\":\"Organization\",\"@id\":\"https:\/\/www.csj-emballages.com\/de\/#Organization\/\",\"name\":\"CSJ Emballages\",\"url\":\"https:\/\/www.csj-emballages.com\/de\/\",\"logo\":{\"@type\":\"ImageObject\",\"inLanguage\":\"de\",\"@id\":\"https:\/\/www.csj-emballages.com\/de\/#\/schema\/logo\/image\/\",\"url\":\"https:\/\/www.csj-emballages.com\/wp-content\/uploads\/2023\/10\/logo_csj.webp\",\"contentUrl\":\"https:\/\/www.csj-emballages.com\/wp-content\/uploads\/2023\/10\/logo_csj.webp\",\"width\":250,\"height\":95,\"caption\":\"CSJ Emballages\"},\"image\":{\"@id\":\"https:\/\/www.csj-emballages.com\/de\/#\/schema\/logo\/image\/\"},\"sameAs\":[\"https:\/\/www.facebook.com\/csjemballages\"],\"address\":{\"@type\":\"PostalAddress\",\"streetAddress\":\"ZI La Lechere\",\"addressLocality\":\"Patornay\",\"postalCode\":\"39130\",\"addressCountry\":\"FR\"},\"contactPoint\":[{\"@type\":\"ContactPoint\",\"contactType\":\"Service client\",\"telephone\":\"0384254272\",\"email\":\"contact@csj-emballages.com\"}]}]}<\/script>\n<!-- \/ Yoast SEO Premium plugin. -->","yoast_head_json":{"title":"Saugnapf Gummi Grau 15 cm","description":"Graue Gummisaugglocke \u00d8 15 cm mit Polypropylenstiel. Ideal zum Beseitigen von Verstopfungen in Sp\u00fclbecken, Waschbecken oder Duschen ohne Chemikalien.","robots":{"index":"index","follow":"follow","max-snippet":"max-snippet:-1","max-image-preview":"max-image-preview:large","max-video-preview":"max-video-preview:-1"},"canonical":"https:\/\/www.csj-emballages.com\/de\/produit\/grauer-gummisaugnapf-15-cm\/","og_locale":"de_DE","og_type":"article","og_title":"Grauer Gummisaugnapf 15 cm","og_description":"Graue Gummisaugglocke \u00d8 15 cm mit Polypropylenstiel. Ideal zum Beseitigen von Verstopfungen in Sp\u00fclbecken, Waschbecken oder Duschen ohne Chemikalien.","og_url":"https:\/\/www.csj-emballages.com\/de\/produit\/grauer-gummisaugnapf-15-cm\/","og_site_name":"CSJ Emballages","article_publisher":"https:\/\/www.facebook.com\/csjemballages","article_modified_time":"2026-03-27T01:17:51+00:00","og_image":[{"width":800,"height":800,"url":"https:\/\/www.csj-emballages.com\/wp-content\/uploads\/2024\/04\/VENT130.webp","type":"image\/webp"}],"twitter_card":"summary_large_image","twitter_misc":{"Gesch\u00e4tzte Lesezeit":"1\u00a0Minute"},"schema":{"@context":"https:\/\/schema.org","@graph":[{"@type":"WebPage","@id":"https:\/\/www.csj-emballages.com\/de\/produit\/grauer-gummisaugnapf-15-cm\/","url":"https:\/\/www.csj-emballages.com\/de\/produit\/grauer-gummisaugnapf-15-cm\/","name":"Saugnapf Gummi Grau 15 cm","isPartOf":{"@id":"https:\/\/www.csj-emballages.com\/de\/#website"},"primaryImageOfPage":{"@id":"https:\/\/www.csj-emballages.com\/de\/produit\/grauer-gummisaugnapf-15-cm\/#primaryimage"},"image":{"@id":"https:\/\/www.csj-emballages.com\/de\/produit\/grauer-gummisaugnapf-15-cm\/#primaryimage"},"thumbnailUrl":"https:\/\/www.csj-emballages.com\/wp-content\/uploads\/2024\/04\/VENT130.webp","datePublished":"2024-04-18T14:15:53+00:00","dateModified":"2026-03-27T01:17:51+00:00","description":"Graue Gummisaugglocke \u00d8 15 cm mit Polypropylenstiel. Ideal zum Beseitigen von Verstopfungen in Sp\u00fclbecken, Waschbecken oder Duschen ohne Chemikalien.","breadcrumb":{"@id":"https:\/\/www.csj-emballages.com\/de\/produit\/grauer-gummisaugnapf-15-cm\/#breadcrumb"},"inLanguage":"de","potentialAction":[{"@type":"ReadAction","target":["https:\/\/www.csj-emballages.com\/de\/produit\/grauer-gummisaugnapf-15-cm\/"]}]},{"@type":"ImageObject","inLanguage":"de","@id":"https:\/\/www.csj-emballages.com\/de\/produit\/grauer-gummisaugnapf-15-cm\/#primaryimage","url":"https:\/\/www.csj-emballages.com\/wp-content\/uploads\/2024\/04\/VENT130.webp","contentUrl":"https:\/\/www.csj-emballages.com\/wp-content\/uploads\/2024\/04\/VENT130.webp","width":800,"height":800,"caption":"Ventouse"},{"@type":"BreadcrumbList","@id":"https:\/\/www.csj-emballages.com\/de\/produit\/grauer-gummisaugnapf-15-cm\/#breadcrumb","itemListElement":[{"@type":"ListItem","position":1,"name":"Accueil","item":"https:\/\/www.csj-emballages.com\/de\/universum-lebensmittelverpackungen\/"},{"@type":"ListItem","position":2,"name":"Shop","item":"https:\/\/www.csj-emballages.com\/shop\/"},{"@type":"ListItem","position":3,"name":"Grauer Gummisaugnapf 15 cm"}]},{"@type":"WebSite","@id":"https:\/\/www.csj-emballages.com\/de\/#website","url":"https:\/\/www.csj-emballages.com\/de\/","name":"CSJ Emballages","description":"","publisher":{"@id":"https:\/\/www.csj-emballages.com\/de\/#organization"},"potentialAction":[{"@type":"SearchAction","target":{"@type":"EntryPoint","urlTemplate":"https:\/\/www.csj-emballages.com\/de\/?s={search_term_string}"},"query-input":{"@type":"PropertyValueSpecification","valueRequired":true,"valueName":"search_term_string"}}],"inLanguage":"de"},{"@type":"Organization","@id":"https:\/\/www.csj-emballages.com\/de\/#Organization\/","name":"CSJ Emballages","url":"https:\/\/www.csj-emballages.com\/de\/","logo":{"@type":"ImageObject","inLanguage":"de","@id":"https:\/\/www.csj-emballages.com\/de\/#\/schema\/logo\/image\/","url":"https:\/\/www.csj-emballages.com\/wp-content\/uploads\/2023\/10\/logo_csj.webp","contentUrl":"https:\/\/www.csj-emballages.com\/wp-content\/uploads\/2023\/10\/logo_csj.webp","width":250,"height":95,"caption":"CSJ Emballages"},"image":{"@id":"https:\/\/www.csj-emballages.com\/de\/#\/schema\/logo\/image\/"},"sameAs":["https:\/\/www.facebook.com\/csjemballages"],"address":{"@type":"PostalAddress","streetAddress":"ZI La Lechere","addressLocality":"Patornay","postalCode":"39130","addressCountry":"FR"},"contactPoint":[{"@type":"ContactPoint","contactType":"Service client","telephone":"0384254272","email":"contact@csj-emballages.com"}]}]}},"df_price":4.5,"df_sale_price":"","df_regular_price":4.5,"df_image_link":"https:\/\/www.csj-emballages.com\/wp-content\/uploads\/2024\/04\/VENT130-300x300.webp","tiered_pricing_type":"fixed","tiered_pricing_fixed_rules":[],"tiered_pricing_percentage_rules":[],"tiered_pricing_minimum":1,"tiered_pricing_roles_data":[],"_links":{"self":[{"href":"https:\/\/www.csj-emballages.com\/de\/wp-json\/wp\/v2\/product\/16971","targetHints":{"allow":["GET"]}}],"collection":[{"href":"https:\/\/www.csj-emballages.com\/de\/wp-json\/wp\/v2\/product"}],"about":[{"href":"https:\/\/www.csj-emballages.com\/de\/wp-json\/wp\/v2\/types\/product"}],"wp:featuredmedia":[{"embeddable":true,"href":"https:\/\/www.csj-emballages.com\/de\/wp-json\/wp\/v2\/media\/238652"}],"wp:attachment":[{"href":"https:\/\/www.csj-emballages.com\/de\/wp-json\/wp\/v2\/media?parent=16971"}],"wp:term":[{"taxonomy":"product_brand","embeddable":true,"href":"https:\/\/www.csj-emballages.com\/de\/wp-json\/wp\/v2\/product_brand?post=16971"},{"taxonomy":"product_cat","embeddable":true,"href":"https:\/\/www.csj-emballages.com\/de\/wp-json\/wp\/v2\/product_cat?post=16971"},{"taxonomy":"product_tag","embeddable":true,"href":"https:\/\/www.csj-emballages.com\/de\/wp-json\/wp\/v2\/product_tag?post=16971"}],"curies":[{"name":"wp","href":"https:\/\/api.w.org\/{rel}","templated":true}]}}