{"id":16910,"date":"2024-05-16T09:01:40","date_gmt":"2024-05-16T07:01:40","guid":{"rendered":"https:\/\/u15jnbdpoq.preview.infomaniak.website\/produit\/halal-schafsdaerme-24-26-60-meter-typ-ab-24-glaeser-mit-2-massen\/"},"modified":"2026-04-30T08:14:24","modified_gmt":"2026-04-30T06:14:24","slug":"halal-schafsdaerme-24-26-60-meter-typ-ab-24-glaeser-mit-2-massen","status":"publish","type":"product","link":"https:\/\/www.csj-emballages.com\/de\/produit\/halal-schafsdaerme-24-26-60-meter-typ-ab-24-glaeser-mit-2-massen\/","title":{"rendered":"Halal Schafsd\u00e4rme 24\/26 60 Meter Typ AB 24 Gl\u00e4ser mit 2 Massen"},"content":{"rendered":"<h2>Halal Schafsd\u00e4rme 24\/26, 60 m steife AB-Rohre in 24 Gl\u00e4sern mit 2 Massen &#8211; pro 2<\/h2>\n<hr>\n<h3>Beschreibung des Produkts<\/h3>\n<p><!--more--><\/p>\n<div class=\"flex-shrink-0 flex flex-col relative items-end\">\n<div class=\"pt-0.5 juice:pt-0\">\n<div class=\"gizmo-bot-avatar flex h-6 w-6 items-center justify-center overflow-hidden rounded-full juice:h-8 juice:w-8\">\n<div class=\"relative p-1 rounded-sm flex items-center justify-center bg-token-main-surface-primary text-token-text-primary h-8 w-8\">\n<div class=\"flex flex-grow flex-col max-w-full\">\n<div class=\"min-h-[20px] text-message flex flex-col items-start whitespace-pre-wrap break-words [.text-message+&amp;]:mt-5 juice:w-full juice:items-end overflow-x-auto gap-2\" dir=\"auto\" data-message-author-role=\"assistant\" data-message-id=\"2db2b7df-4d24-4f6a-bbad-0bb8f1658ab1\">\n<div class=\"flex w-full flex-col gap-1 juice:empty:hidden juice:first:pt-[3px]\">\n<div class=\"markdown prose w-full break-words dark:prose-invert light\">\n<p>Unsere Eimer mit Halal-Schafd\u00e4rmen sind ideal f\u00fcr die Zubereitung Ihrer Speisen. Sie haben einen Durchmesser von 24\/26 mm und jeder Eimer enth\u00e4lt 120 m Darm. Wir verpacken sie in steifen AB-Rohren und bieten sie in 24 Gl\u00e4sern an, die jeweils 2 Massen enthalten.<\/p>\n<p>Wir zertifizieren diese D\u00e4rme als Halal und garantieren damit die Einhaltung der Standards. Sie k\u00f6nnen sie zur Herstellung von W\u00fcrsten, Merguez und anderen feinen Wurstwaren verwenden.<\/p>\n<p>Diese D\u00e4rme werden in 24 Gl\u00e4sern mit je 2 Massen geliefert, die in 2 Kartons mit je 12 Gl\u00e4sern geliefert werden. Bewahren Sie sie an einem k\u00fchlen und trockenen Ort auf, um ihre Lebensdauer zu verl\u00e4ngern.<\/p>\n<p>W\u00e4hlen Sie unsere Eimer mit Schafd\u00e4rmen Halal f\u00fcr eine authentische und schmackhafte K\u00fcche.  <!--more--><\/p>\n<\/div>\n<\/div>\n<\/div>\n<\/div>\n<\/div>\n<\/div>\n<\/div>\n<\/div>\n<p><strong>Ihre Vorteile :<\/strong><\/p>\n<ul>\n<li><strong>Gro\u00dfz\u00fcgige L\u00e4nge<\/strong>: 60 Meter pro Masse, ideal f\u00fcr mittlere bis gro\u00dfe Produktionen.<\/li>\n<li><strong>Bequeme Aufbewahr<\/strong> ung: Verpackt in 24 Gl\u00e4sern mit 2 Massen, leicht zu lagern und zu transportieren.<\/li>\n<li><strong>Kulinarische Vielseitigkeit<\/strong>: Perfekt f\u00fcr die Herstellung von W\u00fcrsten, Chorizos und anderen Wurstspezialit\u00e4ten.<\/li>\n<li><strong>Optimale Haltbarkeit<\/strong>: Die sorgf\u00e4ltig versiegelte Verpackung gew\u00e4hrleistet Frische und Hygiene bis zur Verwendung.<\/li>\n<\/ul>\n<p><!--more--><\/p>\n<p>Auch erh\u00e4ltlich in Eimern mit 30 Massen. <span style=\"color: #d12727;\"><br \/>\n  <a style=\"color: #d12727;\" href=\"https:\/\/www.csj-emballages.com\/de\/produit\/2-eimer-schafdaerme-halal-22-24-60-meter-starre-rohre-ab-eimer-mit-30-massen\/\">Halal-D\u00e4rme mit einem Durchmesser von 22\/24 <\/a><br \/>\n<\/span>und in <span style=\"color: #d12727;\"><br \/>\n  <a style=\"color: #d12727;\" href=\"https:\/\/www.csj-emballages.com\/de\/produit\/2-eimer-schafdaerme-halal-24-26-60-meter-starre-rohre-ab-eimer-mit-30-massen\/\">Halal-D\u00e4rme mit einem Durchmesser von 24\/26<\/a><br \/>\n<\/span><\/p>\n<p><!--more--><\/p>\n<p>Erh\u00e4ltlich auch in <span style=\"color: #d12727;\"><br \/>\n  <a style=\"color: #d12727;\" href=\"https:\/\/www.csj-emballages.com\/produit\/boyau-mouton-halal-22-24-60-metres-ab-24-pots-de-2-masses\/\">Durchmesser 22\/24<\/a><br \/>\n<\/span><\/p>\n<p><!--more--><\/p>\n<p>&nbsp;<\/p>\n<p><a href=\"https:\/\/www.csj-emballages.com\/de\/categorie-produit\/lebensmittel\/darme\/\">Entdecken Sie unser weiteres Sortiment an Wursth\u00fcllen<\/a><\/p>\n","protected":false},"excerpt":{"rendered":"<p>Halal Schafsd\u00e4rme 24\/26, 60 m steife AB-Rohre in 24 Gl\u00e4sern mit 2 Massen &#8211; pro 2 Beschreibung des Produkts<\/p>\n","protected":false},"featured_media":16190,"template":"","meta":{"_acf_changed":false},"product_brand":[],"product_cat":[1144,1149,5811],"product_tag":[],"class_list":{"0":"post-16910","1":"product","2":"type-product","3":"status-publish","4":"has-post-thumbnail","6":"product_cat-lebensmittel","7":"product_cat-darme","8":"product_cat-o24-26-mm-de","10":"first","11":"onbackorder","12":"taxable","13":"shipping-taxable","14":"purchasable","15":"product-type-simple"},"acf":[],"yoast_head":"<!-- This site is optimized with the Yoast SEO Premium plugin v26.6 (Yoast SEO v26.6) - https:\/\/yoast.com\/wordpress\/plugins\/seo\/ -->\n<title>Eimer mit Halal-Schafd\u00e4rmen 24\/26 60m in steifen AB-Rohren<\/title>\n<meta name=\"description\" content=\"Eimer mit Halal-Schafd\u00e4rmen 24\/26 60m in steifen AB-Rohren, in Eimern mit 2 Massen! Wir bieten Ihnen 24 Eimer mit 2 Massen Darm an!\" \/>\n<meta name=\"robots\" content=\"index, follow, max-snippet:-1, max-image-preview:large, max-video-preview:-1\" \/>\n<link rel=\"canonical\" href=\"https:\/\/www.csj-emballages.com\/de\/produit\/halal-schafsdaerme-24-26-60-meter-typ-ab-24-glaeser-mit-2-massen\/\" \/>\n<meta property=\"og:locale\" content=\"de_DE\" \/>\n<meta property=\"og:type\" content=\"article\" \/>\n<meta property=\"og:title\" content=\"Halal Schafsd\u00e4rme 24\/26 60 Meter Typ AB 24 Gl\u00e4ser mit 2 Massen\" \/>\n<meta property=\"og:description\" content=\"Eimer mit Halal-Schafd\u00e4rmen 24\/26 60m in steifen AB-Rohren, in Eimern mit 2 Massen! Wir bieten Ihnen 24 Eimer mit 2 Massen Darm an!\" \/>\n<meta property=\"og:url\" content=\"https:\/\/www.csj-emballages.com\/de\/produit\/halal-schafsdaerme-24-26-60-meter-typ-ab-24-glaeser-mit-2-massen\/\" \/>\n<meta property=\"og:site_name\" content=\"CSJ Emballages\" \/>\n<meta property=\"article:publisher\" content=\"https:\/\/www.facebook.com\/csjemballages\" \/>\n<meta property=\"article:modified_time\" content=\"2026-04-30T06:14:24+00:00\" \/>\n<meta property=\"og:image\" content=\"https:\/\/www.csj-emballages.com\/wp-content\/uploads\/2024\/05\/Capture_d_ecran_2024-05-29_a_09.56.13-removebg-preview-e1716969413509.png\" \/>\n\t<meta property=\"og:image:width\" content=\"499\" \/>\n\t<meta property=\"og:image:height\" content=\"500\" \/>\n\t<meta property=\"og:image:type\" content=\"image\/png\" \/>\n<meta name=\"twitter:card\" content=\"summary_large_image\" \/>\n<meta name=\"twitter:label1\" content=\"Gesch\u00e4tzte Lesezeit\" \/>\n\t<meta name=\"twitter:data1\" content=\"1\u00a0Minute\" \/>\n<script type=\"application\/ld+json\" class=\"yoast-schema-graph\">{\"@context\":\"https:\/\/schema.org\",\"@graph\":[{\"@type\":\"WebPage\",\"@id\":\"https:\/\/www.csj-emballages.com\/de\/produit\/halal-schafsdaerme-24-26-60-meter-typ-ab-24-glaeser-mit-2-massen\/\",\"url\":\"https:\/\/www.csj-emballages.com\/de\/produit\/halal-schafsdaerme-24-26-60-meter-typ-ab-24-glaeser-mit-2-massen\/\",\"name\":\"Eimer mit Halal-Schafd\u00e4rmen 24\/26 60m in steifen AB-Rohren\",\"isPartOf\":{\"@id\":\"https:\/\/www.csj-emballages.com\/de\/#website\"},\"primaryImageOfPage\":{\"@id\":\"https:\/\/www.csj-emballages.com\/de\/produit\/halal-schafsdaerme-24-26-60-meter-typ-ab-24-glaeser-mit-2-massen\/#primaryimage\"},\"image\":{\"@id\":\"https:\/\/www.csj-emballages.com\/de\/produit\/halal-schafsdaerme-24-26-60-meter-typ-ab-24-glaeser-mit-2-massen\/#primaryimage\"},\"thumbnailUrl\":\"https:\/\/www.csj-emballages.com\/wp-content\/uploads\/2024\/05\/Capture_d_ecran_2024-05-29_a_09.56.13-removebg-preview-e1716969413509.png\",\"datePublished\":\"2024-05-16T07:01:40+00:00\",\"dateModified\":\"2026-04-30T06:14:24+00:00\",\"description\":\"Eimer mit Halal-Schafd\u00e4rmen 24\/26 60m in steifen AB-Rohren, in Eimern mit 2 Massen! Wir bieten Ihnen 24 Eimer mit 2 Massen Darm an!\",\"breadcrumb\":{\"@id\":\"https:\/\/www.csj-emballages.com\/de\/produit\/halal-schafsdaerme-24-26-60-meter-typ-ab-24-glaeser-mit-2-massen\/#breadcrumb\"},\"inLanguage\":\"de\",\"potentialAction\":[{\"@type\":\"ReadAction\",\"target\":[\"https:\/\/www.csj-emballages.com\/de\/produit\/halal-schafsdaerme-24-26-60-meter-typ-ab-24-glaeser-mit-2-massen\/\"]}]},{\"@type\":\"ImageObject\",\"inLanguage\":\"de\",\"@id\":\"https:\/\/www.csj-emballages.com\/de\/produit\/halal-schafsdaerme-24-26-60-meter-typ-ab-24-glaeser-mit-2-massen\/#primaryimage\",\"url\":\"https:\/\/www.csj-emballages.com\/wp-content\/uploads\/2024\/05\/Capture_d_ecran_2024-05-29_a_09.56.13-removebg-preview-e1716969413509.png\",\"contentUrl\":\"https:\/\/www.csj-emballages.com\/wp-content\/uploads\/2024\/05\/Capture_d_ecran_2024-05-29_a_09.56.13-removebg-preview-e1716969413509.png\",\"width\":499,\"height\":500,\"caption\":\"Boyaux mouton Halal 24\/26 60 m\u00e8tres type AB 2 masses\"},{\"@type\":\"BreadcrumbList\",\"@id\":\"https:\/\/www.csj-emballages.com\/de\/produit\/halal-schafsdaerme-24-26-60-meter-typ-ab-24-glaeser-mit-2-massen\/#breadcrumb\",\"itemListElement\":[{\"@type\":\"ListItem\",\"position\":1,\"name\":\"Accueil\",\"item\":\"https:\/\/www.csj-emballages.com\/de\/universum-lebensmittelverpackungen\/\"},{\"@type\":\"ListItem\",\"position\":2,\"name\":\"Shop\",\"item\":\"https:\/\/www.csj-emballages.com\/shop\/\"},{\"@type\":\"ListItem\",\"position\":3,\"name\":\"Halal Schafsd\u00e4rme 24\/26 60 Meter Typ AB 24 Gl\u00e4ser mit 2 Massen\"}]},{\"@type\":\"WebSite\",\"@id\":\"https:\/\/www.csj-emballages.com\/de\/#website\",\"url\":\"https:\/\/www.csj-emballages.com\/de\/\",\"name\":\"CSJ Emballages\",\"description\":\"\",\"publisher\":{\"@id\":\"https:\/\/www.csj-emballages.com\/de\/#organization\"},\"potentialAction\":[{\"@type\":\"SearchAction\",\"target\":{\"@type\":\"EntryPoint\",\"urlTemplate\":\"https:\/\/www.csj-emballages.com\/de\/?s={search_term_string}\"},\"query-input\":{\"@type\":\"PropertyValueSpecification\",\"valueRequired\":true,\"valueName\":\"search_term_string\"}}],\"inLanguage\":\"de\"},{\"@type\":\"Organization\",\"@id\":\"https:\/\/www.csj-emballages.com\/de\/#Organization\/\",\"name\":\"CSJ Emballages\",\"url\":\"https:\/\/www.csj-emballages.com\/de\/\",\"logo\":{\"@type\":\"ImageObject\",\"inLanguage\":\"de\",\"@id\":\"https:\/\/www.csj-emballages.com\/de\/#\/schema\/logo\/image\/\",\"url\":\"https:\/\/www.csj-emballages.com\/wp-content\/uploads\/2023\/10\/logo_csj.webp\",\"contentUrl\":\"https:\/\/www.csj-emballages.com\/wp-content\/uploads\/2023\/10\/logo_csj.webp\",\"width\":250,\"height\":95,\"caption\":\"CSJ Emballages\"},\"image\":{\"@id\":\"https:\/\/www.csj-emballages.com\/de\/#\/schema\/logo\/image\/\"},\"sameAs\":[\"https:\/\/www.facebook.com\/csjemballages\"],\"address\":{\"@type\":\"PostalAddress\",\"streetAddress\":\"ZI La Lechere\",\"addressLocality\":\"Patornay\",\"postalCode\":\"39130\",\"addressCountry\":\"FR\"},\"contactPoint\":[{\"@type\":\"ContactPoint\",\"contactType\":\"Service client\",\"telephone\":\"0384254272\",\"email\":\"contact@csj-emballages.com\"}]}]}<\/script>\n<!-- \/ Yoast SEO Premium plugin. -->","yoast_head_json":{"title":"Eimer mit Halal-Schafd\u00e4rmen 24\/26 60m in steifen AB-Rohren","description":"Eimer mit Halal-Schafd\u00e4rmen 24\/26 60m in steifen AB-Rohren, in Eimern mit 2 Massen! Wir bieten Ihnen 24 Eimer mit 2 Massen Darm an!","robots":{"index":"index","follow":"follow","max-snippet":"max-snippet:-1","max-image-preview":"max-image-preview:large","max-video-preview":"max-video-preview:-1"},"canonical":"https:\/\/www.csj-emballages.com\/de\/produit\/halal-schafsdaerme-24-26-60-meter-typ-ab-24-glaeser-mit-2-massen\/","og_locale":"de_DE","og_type":"article","og_title":"Halal Schafsd\u00e4rme 24\/26 60 Meter Typ AB 24 Gl\u00e4ser mit 2 Massen","og_description":"Eimer mit Halal-Schafd\u00e4rmen 24\/26 60m in steifen AB-Rohren, in Eimern mit 2 Massen! Wir bieten Ihnen 24 Eimer mit 2 Massen Darm an!","og_url":"https:\/\/www.csj-emballages.com\/de\/produit\/halal-schafsdaerme-24-26-60-meter-typ-ab-24-glaeser-mit-2-massen\/","og_site_name":"CSJ Emballages","article_publisher":"https:\/\/www.facebook.com\/csjemballages","article_modified_time":"2026-04-30T06:14:24+00:00","og_image":[{"width":499,"height":500,"url":"https:\/\/www.csj-emballages.com\/wp-content\/uploads\/2024\/05\/Capture_d_ecran_2024-05-29_a_09.56.13-removebg-preview-e1716969413509.png","type":"image\/png"}],"twitter_card":"summary_large_image","twitter_misc":{"Gesch\u00e4tzte Lesezeit":"1\u00a0Minute"},"schema":{"@context":"https:\/\/schema.org","@graph":[{"@type":"WebPage","@id":"https:\/\/www.csj-emballages.com\/de\/produit\/halal-schafsdaerme-24-26-60-meter-typ-ab-24-glaeser-mit-2-massen\/","url":"https:\/\/www.csj-emballages.com\/de\/produit\/halal-schafsdaerme-24-26-60-meter-typ-ab-24-glaeser-mit-2-massen\/","name":"Eimer mit Halal-Schafd\u00e4rmen 24\/26 60m in steifen AB-Rohren","isPartOf":{"@id":"https:\/\/www.csj-emballages.com\/de\/#website"},"primaryImageOfPage":{"@id":"https:\/\/www.csj-emballages.com\/de\/produit\/halal-schafsdaerme-24-26-60-meter-typ-ab-24-glaeser-mit-2-massen\/#primaryimage"},"image":{"@id":"https:\/\/www.csj-emballages.com\/de\/produit\/halal-schafsdaerme-24-26-60-meter-typ-ab-24-glaeser-mit-2-massen\/#primaryimage"},"thumbnailUrl":"https:\/\/www.csj-emballages.com\/wp-content\/uploads\/2024\/05\/Capture_d_ecran_2024-05-29_a_09.56.13-removebg-preview-e1716969413509.png","datePublished":"2024-05-16T07:01:40+00:00","dateModified":"2026-04-30T06:14:24+00:00","description":"Eimer mit Halal-Schafd\u00e4rmen 24\/26 60m in steifen AB-Rohren, in Eimern mit 2 Massen! Wir bieten Ihnen 24 Eimer mit 2 Massen Darm an!","breadcrumb":{"@id":"https:\/\/www.csj-emballages.com\/de\/produit\/halal-schafsdaerme-24-26-60-meter-typ-ab-24-glaeser-mit-2-massen\/#breadcrumb"},"inLanguage":"de","potentialAction":[{"@type":"ReadAction","target":["https:\/\/www.csj-emballages.com\/de\/produit\/halal-schafsdaerme-24-26-60-meter-typ-ab-24-glaeser-mit-2-massen\/"]}]},{"@type":"ImageObject","inLanguage":"de","@id":"https:\/\/www.csj-emballages.com\/de\/produit\/halal-schafsdaerme-24-26-60-meter-typ-ab-24-glaeser-mit-2-massen\/#primaryimage","url":"https:\/\/www.csj-emballages.com\/wp-content\/uploads\/2024\/05\/Capture_d_ecran_2024-05-29_a_09.56.13-removebg-preview-e1716969413509.png","contentUrl":"https:\/\/www.csj-emballages.com\/wp-content\/uploads\/2024\/05\/Capture_d_ecran_2024-05-29_a_09.56.13-removebg-preview-e1716969413509.png","width":499,"height":500,"caption":"Boyaux mouton Halal 24\/26 60 m\u00e8tres type AB 2 masses"},{"@type":"BreadcrumbList","@id":"https:\/\/www.csj-emballages.com\/de\/produit\/halal-schafsdaerme-24-26-60-meter-typ-ab-24-glaeser-mit-2-massen\/#breadcrumb","itemListElement":[{"@type":"ListItem","position":1,"name":"Accueil","item":"https:\/\/www.csj-emballages.com\/de\/universum-lebensmittelverpackungen\/"},{"@type":"ListItem","position":2,"name":"Shop","item":"https:\/\/www.csj-emballages.com\/shop\/"},{"@type":"ListItem","position":3,"name":"Halal Schafsd\u00e4rme 24\/26 60 Meter Typ AB 24 Gl\u00e4ser mit 2 Massen"}]},{"@type":"WebSite","@id":"https:\/\/www.csj-emballages.com\/de\/#website","url":"https:\/\/www.csj-emballages.com\/de\/","name":"CSJ Emballages","description":"","publisher":{"@id":"https:\/\/www.csj-emballages.com\/de\/#organization"},"potentialAction":[{"@type":"SearchAction","target":{"@type":"EntryPoint","urlTemplate":"https:\/\/www.csj-emballages.com\/de\/?s={search_term_string}"},"query-input":{"@type":"PropertyValueSpecification","valueRequired":true,"valueName":"search_term_string"}}],"inLanguage":"de"},{"@type":"Organization","@id":"https:\/\/www.csj-emballages.com\/de\/#Organization\/","name":"CSJ Emballages","url":"https:\/\/www.csj-emballages.com\/de\/","logo":{"@type":"ImageObject","inLanguage":"de","@id":"https:\/\/www.csj-emballages.com\/de\/#\/schema\/logo\/image\/","url":"https:\/\/www.csj-emballages.com\/wp-content\/uploads\/2023\/10\/logo_csj.webp","contentUrl":"https:\/\/www.csj-emballages.com\/wp-content\/uploads\/2023\/10\/logo_csj.webp","width":250,"height":95,"caption":"CSJ Emballages"},"image":{"@id":"https:\/\/www.csj-emballages.com\/de\/#\/schema\/logo\/image\/"},"sameAs":["https:\/\/www.facebook.com\/csjemballages"],"address":{"@type":"PostalAddress","streetAddress":"ZI La Lechere","addressLocality":"Patornay","postalCode":"39130","addressCountry":"FR"},"contactPoint":[{"@type":"ContactPoint","contactType":"Service client","telephone":"0384254272","email":"contact@csj-emballages.com"}]}]}},"df_price":1291.32,"df_sale_price":"","df_regular_price":1291.32,"df_image_link":"https:\/\/www.csj-emballages.com\/wp-content\/uploads\/2024\/05\/Capture_d_ecran_2024-05-29_a_09.56.13-removebg-preview-300x300.png","tiered_pricing_type":"fixed","tiered_pricing_fixed_rules":[],"tiered_pricing_percentage_rules":[],"tiered_pricing_minimum":1,"tiered_pricing_roles_data":[],"_links":{"self":[{"href":"https:\/\/www.csj-emballages.com\/de\/wp-json\/wp\/v2\/product\/16910","targetHints":{"allow":["GET"]}}],"collection":[{"href":"https:\/\/www.csj-emballages.com\/de\/wp-json\/wp\/v2\/product"}],"about":[{"href":"https:\/\/www.csj-emballages.com\/de\/wp-json\/wp\/v2\/types\/product"}],"wp:featuredmedia":[{"embeddable":true,"href":"https:\/\/www.csj-emballages.com\/de\/wp-json\/wp\/v2\/media\/16190"}],"wp:attachment":[{"href":"https:\/\/www.csj-emballages.com\/de\/wp-json\/wp\/v2\/media?parent=16910"}],"wp:term":[{"taxonomy":"product_brand","embeddable":true,"href":"https:\/\/www.csj-emballages.com\/de\/wp-json\/wp\/v2\/product_brand?post=16910"},{"taxonomy":"product_cat","embeddable":true,"href":"https:\/\/www.csj-emballages.com\/de\/wp-json\/wp\/v2\/product_cat?post=16910"},{"taxonomy":"product_tag","embeddable":true,"href":"https:\/\/www.csj-emballages.com\/de\/wp-json\/wp\/v2\/product_tag?post=16910"}],"curies":[{"name":"wp","href":"https:\/\/api.w.org\/{rel}","templated":true}]}}