{"id":16891,"date":"2024-05-16T09:01:36","date_gmt":"2024-05-16T07:01:36","guid":{"rendered":"https:\/\/u15jnbdpoq.preview.infomaniak.website\/produit\/schafsdarm-24-26-60-meter-ab-24-toepfe-mit-2-massen\/"},"modified":"2026-03-12T16:12:40","modified_gmt":"2026-03-12T15:12:40","slug":"schafsdarm-24-26-60-meter-ab-24-toepfe-mit-2-massen","status":"publish","type":"product","link":"https:\/\/www.csj-emballages.com\/de\/produit\/schafsdarm-24-26-60-meter-ab-24-toepfe-mit-2-massen\/","title":{"rendered":"Schafsdarm 24\/26 60 Meter AB 24 T\u00f6pfe mit 2 Massen"},"content":{"rendered":"<h2>Eimer mit Schafsd\u00e4rmen 24\/26, 60 m steife R\u00f6hren AB T\u00f6pfe mit 2 Massen &#8211; pro 24<\/h2>\n<hr>\n<h3>Beschreibung des Produkts<\/h3>\n<p><!--more--><\/p>\n<div class=\"flex-shrink-0 flex flex-col relative items-end\">\n<div class=\"pt-0.5 juice:pt-0\">\n<div class=\"gizmo-bot-avatar flex h-6 w-6 items-center justify-center overflow-hidden rounded-full juice:h-8 juice:w-8\">\n<div class=\"relative p-1 rounded-sm flex items-center justify-center bg-token-main-surface-primary text-token-text-primary h-8 w-8\">\n<p>Entdecken Sie unsere Eimer f\u00fcr Schafsdarm mit 2 Massen, die perfekt f\u00fcr Ihre speziellen kulinarischen Bed\u00fcrfnisse geeignet sind. Jeder Topf enth\u00e4lt 2 Massen vom Typ AB, die einen Durchmesser von 24\/26 haben und sich \u00fcber 60 Meter erstrecken. Diese D\u00e4rme sind ideal f\u00fcr professionelle Wurstwarenhersteller und Liebhaber der handwerklichen K\u00fcche. Sie bieten eine hohe Qualit\u00e4t und erf\u00fcllen die vorgeschriebenen Normen. Die einfache Handhabung und die Widerstandsf\u00e4higkeit gegen\u00fcber den Zubereitungsbedingungen machen sie zu einer zuverl\u00e4ssigen Wahl f\u00fcr die Herstellung von W\u00fcrsten, Chorizos und anderen Wurstwaren. Jeder Eimer wird sorgf\u00e4ltig verpackt, um Frische und Zweckm\u00e4\u00dfigkeit zu gew\u00e4hrleisten und eine optimale Haltbarkeit bis zur endg\u00fcltigen Verwendung sicherzustellen.<\/p>\n<p>Vertrauen Sie auf unser Produkt f\u00fcr gleichbleibende Ergebnisse und eine authentische Textur in Ihrer K\u00fcche. Diese Eimer sind ideal f\u00fcr gro\u00dfe Produktionen und erf\u00fcllen die strengen Anforderungen an Qualit\u00e4t und Lebensmittelsicherheit.<\/p>\n<p>Entscheiden Sie sich f\u00fcr Qualit\u00e4t und Zuverl\u00e4ssigkeit mit unseren Eimern im Schafsdarm mit 2 Massen f\u00fcr au\u00dfergew\u00f6hnliche kulinarische Kreationen.<\/p>\n<\/div>\n<\/div>\n<\/div>\n<\/div>\n<p><!--more--><\/p>\n<p><strong>Ihre Vorteile :<\/strong><\/p>\n<ul>\n<li><strong>Gro\u00dfz\u00fcgige L\u00e4nge<\/strong>: 60 Meter pro Masse, ideal f\u00fcr mittlere bis gro\u00dfe Produktionen.<\/li>\n<li><strong>Bequeme Lagerung<\/strong>: Verpackt in 24 Eimern mit 2 Massen, leicht zu lagern und zu transportieren.<\/li>\n<li><strong>Kulinarische Vielseitigkeit<\/strong>: Perfekt f\u00fcr die Herstellung von W\u00fcrsten, Chorizos und anderen Wurstspezialit\u00e4ten.<\/li>\n<li><strong>Optimale Haltbarkeit<\/strong>: Die sorgf\u00e4ltig versiegelte Verpackung gew\u00e4hrleistet Frische und Hygiene bis zur Verwendung.<\/li>\n<\/ul>\n<p><!--more--><\/p>\n<p>Erh\u00e4ltlich auch in <span style=\"color: #d12727;\"><br \/>\n  <a style=\"color: #d12727;\" href=\"https:\/\/www.csj-emballages.com\/produit\/boyau-mouton-22-24-60-metres-ab-24-pots-de-2-masses\/\">Darm mit einem Durchmesser von 22\/24<\/a><br \/>\n<\/span><\/p>\n<p><!--more--><\/p>\n<p>&nbsp;<\/p>\n<p><a href=\"https:\/\/www.csj-emballages.com\/de\/categorie-produit\/lebensmittel\/darme\/\">Sehen Sie sich den Rest unseres Darmsortiments an<\/a><\/p>\n","protected":false},"excerpt":{"rendered":"<p>Eimer mit Schafsd\u00e4rmen 24\/26, 60 m steife R\u00f6hren AB T\u00f6pfe mit 2 Massen &#8211; pro 24 Beschreibung des Produkts<\/p>\n","protected":false},"featured_media":16200,"template":"","meta":{"_acf_changed":false},"product_brand":[],"product_cat":[1144,1149,5811],"product_tag":[],"class_list":{"0":"post-16891","1":"product","2":"type-product","3":"status-publish","4":"has-post-thumbnail","6":"product_cat-lebensmittel","7":"product_cat-darme","8":"product_cat-o24-26-mm-de","10":"first","11":"onbackorder","12":"taxable","13":"shipping-taxable","14":"purchasable","15":"product-type-simple"},"acf":[],"yoast_head":"<!-- This site is optimized with the Yoast SEO Premium plugin v26.6 (Yoast SEO v26.6) - https:\/\/yoast.com\/wordpress\/plugins\/seo\/ -->\n<title>Eimer mit Schafsdarm 2 Massen 24\/26 60 Meter AB<\/title>\n<meta name=\"description\" content=\"Eimer mit Schafsdarm 2 Massen 24\/26 in 60 Metern Typ AB! Kaufen Sie jetzt 24 Gl\u00e4ser mit 2 Massen Schafsdarm!\" \/>\n<meta name=\"robots\" content=\"index, follow, max-snippet:-1, max-image-preview:large, max-video-preview:-1\" \/>\n<link rel=\"canonical\" href=\"https:\/\/www.csj-emballages.com\/de\/produit\/schafsdarm-24-26-60-meter-ab-24-toepfe-mit-2-massen\/\" \/>\n<meta property=\"og:locale\" content=\"de_DE\" \/>\n<meta property=\"og:type\" content=\"article\" \/>\n<meta property=\"og:title\" content=\"Schafsdarm 24\/26 60 Meter AB 24 T\u00f6pfe mit 2 Massen\" \/>\n<meta property=\"og:description\" content=\"Eimer mit Schafsdarm 2 Massen 24\/26 in 60 Metern Typ AB! Kaufen Sie jetzt 24 Gl\u00e4ser mit 2 Massen Schafsdarm!\" \/>\n<meta property=\"og:url\" content=\"https:\/\/www.csj-emballages.com\/de\/produit\/schafsdarm-24-26-60-meter-ab-24-toepfe-mit-2-massen\/\" \/>\n<meta property=\"og:site_name\" content=\"CSJ Emballages\" \/>\n<meta property=\"article:publisher\" content=\"https:\/\/www.facebook.com\/csjemballages\" \/>\n<meta property=\"article:modified_time\" content=\"2026-03-12T15:12:40+00:00\" \/>\n<meta property=\"og:image\" content=\"https:\/\/www.csj-emballages.com\/wp-content\/uploads\/2024\/05\/Capture_d_ecran_2024-05-29_a_09.59.37-removebg-preview.png\" \/>\n\t<meta property=\"og:image:width\" content=\"300\" \/>\n\t<meta property=\"og:image:height\" content=\"301\" \/>\n\t<meta property=\"og:image:type\" content=\"image\/png\" \/>\n<meta name=\"twitter:card\" content=\"summary_large_image\" \/>\n<meta name=\"twitter:label1\" content=\"Gesch\u00e4tzte Lesezeit\" \/>\n\t<meta name=\"twitter:data1\" content=\"1\u00a0Minute\" \/>\n<script type=\"application\/ld+json\" class=\"yoast-schema-graph\">{\"@context\":\"https:\/\/schema.org\",\"@graph\":[{\"@type\":\"WebPage\",\"@id\":\"https:\/\/www.csj-emballages.com\/de\/produit\/schafsdarm-24-26-60-meter-ab-24-toepfe-mit-2-massen\/\",\"url\":\"https:\/\/www.csj-emballages.com\/de\/produit\/schafsdarm-24-26-60-meter-ab-24-toepfe-mit-2-massen\/\",\"name\":\"Eimer mit Schafsdarm 2 Massen 24\/26 60 Meter AB\",\"isPartOf\":{\"@id\":\"https:\/\/www.csj-emballages.com\/de\/#website\"},\"primaryImageOfPage\":{\"@id\":\"https:\/\/www.csj-emballages.com\/de\/produit\/schafsdarm-24-26-60-meter-ab-24-toepfe-mit-2-massen\/#primaryimage\"},\"image\":{\"@id\":\"https:\/\/www.csj-emballages.com\/de\/produit\/schafsdarm-24-26-60-meter-ab-24-toepfe-mit-2-massen\/#primaryimage\"},\"thumbnailUrl\":\"https:\/\/www.csj-emballages.com\/wp-content\/uploads\/2024\/05\/Capture_d_ecran_2024-05-29_a_09.59.37-removebg-preview.png\",\"datePublished\":\"2024-05-16T07:01:36+00:00\",\"dateModified\":\"2026-03-12T15:12:40+00:00\",\"description\":\"Eimer mit Schafsdarm 2 Massen 24\/26 in 60 Metern Typ AB! Kaufen Sie jetzt 24 Gl\u00e4ser mit 2 Massen Schafsdarm!\",\"breadcrumb\":{\"@id\":\"https:\/\/www.csj-emballages.com\/de\/produit\/schafsdarm-24-26-60-meter-ab-24-toepfe-mit-2-massen\/#breadcrumb\"},\"inLanguage\":\"de\",\"potentialAction\":[{\"@type\":\"ReadAction\",\"target\":[\"https:\/\/www.csj-emballages.com\/de\/produit\/schafsdarm-24-26-60-meter-ab-24-toepfe-mit-2-massen\/\"]}]},{\"@type\":\"ImageObject\",\"inLanguage\":\"de\",\"@id\":\"https:\/\/www.csj-emballages.com\/de\/produit\/schafsdarm-24-26-60-meter-ab-24-toepfe-mit-2-massen\/#primaryimage\",\"url\":\"https:\/\/www.csj-emballages.com\/wp-content\/uploads\/2024\/05\/Capture_d_ecran_2024-05-29_a_09.59.37-removebg-preview.png\",\"contentUrl\":\"https:\/\/www.csj-emballages.com\/wp-content\/uploads\/2024\/05\/Capture_d_ecran_2024-05-29_a_09.59.37-removebg-preview.png\",\"width\":300,\"height\":301,\"caption\":\"Boyaux mouton 24\/26 AB 2 masses\"},{\"@type\":\"BreadcrumbList\",\"@id\":\"https:\/\/www.csj-emballages.com\/de\/produit\/schafsdarm-24-26-60-meter-ab-24-toepfe-mit-2-massen\/#breadcrumb\",\"itemListElement\":[{\"@type\":\"ListItem\",\"position\":1,\"name\":\"Accueil\",\"item\":\"https:\/\/www.csj-emballages.com\/de\/universum-lebensmittelverpackungen\/\"},{\"@type\":\"ListItem\",\"position\":2,\"name\":\"Shop\",\"item\":\"https:\/\/www.csj-emballages.com\/shop\/\"},{\"@type\":\"ListItem\",\"position\":3,\"name\":\"Schafsdarm 24\/26 60 Meter AB 24 T\u00f6pfe mit 2 Massen\"}]},{\"@type\":\"WebSite\",\"@id\":\"https:\/\/www.csj-emballages.com\/de\/#website\",\"url\":\"https:\/\/www.csj-emballages.com\/de\/\",\"name\":\"CSJ Emballages\",\"description\":\"\",\"publisher\":{\"@id\":\"https:\/\/www.csj-emballages.com\/de\/#organization\"},\"potentialAction\":[{\"@type\":\"SearchAction\",\"target\":{\"@type\":\"EntryPoint\",\"urlTemplate\":\"https:\/\/www.csj-emballages.com\/de\/?s={search_term_string}\"},\"query-input\":{\"@type\":\"PropertyValueSpecification\",\"valueRequired\":true,\"valueName\":\"search_term_string\"}}],\"inLanguage\":\"de\"},{\"@type\":\"Organization\",\"@id\":\"https:\/\/www.csj-emballages.com\/de\/#Organization\/\",\"name\":\"CSJ Emballages\",\"url\":\"https:\/\/www.csj-emballages.com\/de\/\",\"logo\":{\"@type\":\"ImageObject\",\"inLanguage\":\"de\",\"@id\":\"https:\/\/www.csj-emballages.com\/de\/#\/schema\/logo\/image\/\",\"url\":\"https:\/\/www.csj-emballages.com\/wp-content\/uploads\/2023\/10\/logo_csj.webp\",\"contentUrl\":\"https:\/\/www.csj-emballages.com\/wp-content\/uploads\/2023\/10\/logo_csj.webp\",\"width\":250,\"height\":95,\"caption\":\"CSJ Emballages\"},\"image\":{\"@id\":\"https:\/\/www.csj-emballages.com\/de\/#\/schema\/logo\/image\/\"},\"sameAs\":[\"https:\/\/www.facebook.com\/csjemballages\"],\"address\":{\"@type\":\"PostalAddress\",\"streetAddress\":\"ZI La Lechere\",\"addressLocality\":\"Patornay\",\"postalCode\":\"39130\",\"addressCountry\":\"FR\"},\"contactPoint\":[{\"@type\":\"ContactPoint\",\"contactType\":\"Service client\",\"telephone\":\"0384254272\",\"email\":\"contact@csj-emballages.com\"}]}]}<\/script>\n<!-- \/ Yoast SEO Premium plugin. -->","yoast_head_json":{"title":"Eimer mit Schafsdarm 2 Massen 24\/26 60 Meter AB","description":"Eimer mit Schafsdarm 2 Massen 24\/26 in 60 Metern Typ AB! Kaufen Sie jetzt 24 Gl\u00e4ser mit 2 Massen Schafsdarm!","robots":{"index":"index","follow":"follow","max-snippet":"max-snippet:-1","max-image-preview":"max-image-preview:large","max-video-preview":"max-video-preview:-1"},"canonical":"https:\/\/www.csj-emballages.com\/de\/produit\/schafsdarm-24-26-60-meter-ab-24-toepfe-mit-2-massen\/","og_locale":"de_DE","og_type":"article","og_title":"Schafsdarm 24\/26 60 Meter AB 24 T\u00f6pfe mit 2 Massen","og_description":"Eimer mit Schafsdarm 2 Massen 24\/26 in 60 Metern Typ AB! Kaufen Sie jetzt 24 Gl\u00e4ser mit 2 Massen Schafsdarm!","og_url":"https:\/\/www.csj-emballages.com\/de\/produit\/schafsdarm-24-26-60-meter-ab-24-toepfe-mit-2-massen\/","og_site_name":"CSJ Emballages","article_publisher":"https:\/\/www.facebook.com\/csjemballages","article_modified_time":"2026-03-12T15:12:40+00:00","og_image":[{"width":300,"height":301,"url":"https:\/\/www.csj-emballages.com\/wp-content\/uploads\/2024\/05\/Capture_d_ecran_2024-05-29_a_09.59.37-removebg-preview.png","type":"image\/png"}],"twitter_card":"summary_large_image","twitter_misc":{"Gesch\u00e4tzte Lesezeit":"1\u00a0Minute"},"schema":{"@context":"https:\/\/schema.org","@graph":[{"@type":"WebPage","@id":"https:\/\/www.csj-emballages.com\/de\/produit\/schafsdarm-24-26-60-meter-ab-24-toepfe-mit-2-massen\/","url":"https:\/\/www.csj-emballages.com\/de\/produit\/schafsdarm-24-26-60-meter-ab-24-toepfe-mit-2-massen\/","name":"Eimer mit Schafsdarm 2 Massen 24\/26 60 Meter AB","isPartOf":{"@id":"https:\/\/www.csj-emballages.com\/de\/#website"},"primaryImageOfPage":{"@id":"https:\/\/www.csj-emballages.com\/de\/produit\/schafsdarm-24-26-60-meter-ab-24-toepfe-mit-2-massen\/#primaryimage"},"image":{"@id":"https:\/\/www.csj-emballages.com\/de\/produit\/schafsdarm-24-26-60-meter-ab-24-toepfe-mit-2-massen\/#primaryimage"},"thumbnailUrl":"https:\/\/www.csj-emballages.com\/wp-content\/uploads\/2024\/05\/Capture_d_ecran_2024-05-29_a_09.59.37-removebg-preview.png","datePublished":"2024-05-16T07:01:36+00:00","dateModified":"2026-03-12T15:12:40+00:00","description":"Eimer mit Schafsdarm 2 Massen 24\/26 in 60 Metern Typ AB! Kaufen Sie jetzt 24 Gl\u00e4ser mit 2 Massen Schafsdarm!","breadcrumb":{"@id":"https:\/\/www.csj-emballages.com\/de\/produit\/schafsdarm-24-26-60-meter-ab-24-toepfe-mit-2-massen\/#breadcrumb"},"inLanguage":"de","potentialAction":[{"@type":"ReadAction","target":["https:\/\/www.csj-emballages.com\/de\/produit\/schafsdarm-24-26-60-meter-ab-24-toepfe-mit-2-massen\/"]}]},{"@type":"ImageObject","inLanguage":"de","@id":"https:\/\/www.csj-emballages.com\/de\/produit\/schafsdarm-24-26-60-meter-ab-24-toepfe-mit-2-massen\/#primaryimage","url":"https:\/\/www.csj-emballages.com\/wp-content\/uploads\/2024\/05\/Capture_d_ecran_2024-05-29_a_09.59.37-removebg-preview.png","contentUrl":"https:\/\/www.csj-emballages.com\/wp-content\/uploads\/2024\/05\/Capture_d_ecran_2024-05-29_a_09.59.37-removebg-preview.png","width":300,"height":301,"caption":"Boyaux mouton 24\/26 AB 2 masses"},{"@type":"BreadcrumbList","@id":"https:\/\/www.csj-emballages.com\/de\/produit\/schafsdarm-24-26-60-meter-ab-24-toepfe-mit-2-massen\/#breadcrumb","itemListElement":[{"@type":"ListItem","position":1,"name":"Accueil","item":"https:\/\/www.csj-emballages.com\/de\/universum-lebensmittelverpackungen\/"},{"@type":"ListItem","position":2,"name":"Shop","item":"https:\/\/www.csj-emballages.com\/shop\/"},{"@type":"ListItem","position":3,"name":"Schafsdarm 24\/26 60 Meter AB 24 T\u00f6pfe mit 2 Massen"}]},{"@type":"WebSite","@id":"https:\/\/www.csj-emballages.com\/de\/#website","url":"https:\/\/www.csj-emballages.com\/de\/","name":"CSJ Emballages","description":"","publisher":{"@id":"https:\/\/www.csj-emballages.com\/de\/#organization"},"potentialAction":[{"@type":"SearchAction","target":{"@type":"EntryPoint","urlTemplate":"https:\/\/www.csj-emballages.com\/de\/?s={search_term_string}"},"query-input":{"@type":"PropertyValueSpecification","valueRequired":true,"valueName":"search_term_string"}}],"inLanguage":"de"},{"@type":"Organization","@id":"https:\/\/www.csj-emballages.com\/de\/#Organization\/","name":"CSJ Emballages","url":"https:\/\/www.csj-emballages.com\/de\/","logo":{"@type":"ImageObject","inLanguage":"de","@id":"https:\/\/www.csj-emballages.com\/de\/#\/schema\/logo\/image\/","url":"https:\/\/www.csj-emballages.com\/wp-content\/uploads\/2023\/10\/logo_csj.webp","contentUrl":"https:\/\/www.csj-emballages.com\/wp-content\/uploads\/2023\/10\/logo_csj.webp","width":250,"height":95,"caption":"CSJ Emballages"},"image":{"@id":"https:\/\/www.csj-emballages.com\/de\/#\/schema\/logo\/image\/"},"sameAs":["https:\/\/www.facebook.com\/csjemballages"],"address":{"@type":"PostalAddress","streetAddress":"ZI La Lechere","addressLocality":"Patornay","postalCode":"39130","addressCountry":"FR"},"contactPoint":[{"@type":"ContactPoint","contactType":"Service client","telephone":"0384254272","email":"contact@csj-emballages.com"}]}]}},"df_price":1031.42,"df_sale_price":"","df_regular_price":1031.42,"df_image_link":"https:\/\/www.csj-emballages.com\/wp-content\/uploads\/2024\/05\/Capture_d_ecran_2024-05-29_a_09.59.37-removebg-preview.png","tiered_pricing_type":"fixed","tiered_pricing_fixed_rules":[],"tiered_pricing_percentage_rules":[],"tiered_pricing_minimum":1,"tiered_pricing_roles_data":[],"_links":{"self":[{"href":"https:\/\/www.csj-emballages.com\/de\/wp-json\/wp\/v2\/product\/16891","targetHints":{"allow":["GET"]}}],"collection":[{"href":"https:\/\/www.csj-emballages.com\/de\/wp-json\/wp\/v2\/product"}],"about":[{"href":"https:\/\/www.csj-emballages.com\/de\/wp-json\/wp\/v2\/types\/product"}],"wp:featuredmedia":[{"embeddable":true,"href":"https:\/\/www.csj-emballages.com\/de\/wp-json\/wp\/v2\/media\/16200"}],"wp:attachment":[{"href":"https:\/\/www.csj-emballages.com\/de\/wp-json\/wp\/v2\/media?parent=16891"}],"wp:term":[{"taxonomy":"product_brand","embeddable":true,"href":"https:\/\/www.csj-emballages.com\/de\/wp-json\/wp\/v2\/product_brand?post=16891"},{"taxonomy":"product_cat","embeddable":true,"href":"https:\/\/www.csj-emballages.com\/de\/wp-json\/wp\/v2\/product_cat?post=16891"},{"taxonomy":"product_tag","embeddable":true,"href":"https:\/\/www.csj-emballages.com\/de\/wp-json\/wp\/v2\/product_tag?post=16891"}],"curies":[{"name":"wp","href":"https:\/\/api.w.org\/{rel}","templated":true}]}}