{"id":16877,"date":"2024-05-22T11:11:59","date_gmt":"2024-05-22T09:11:59","guid":{"rendered":"https:\/\/u15jnbdpoq.preview.infomaniak.website\/produit\/schachtel-3-1-ungeschaelte-aprikose-fuer-backwaren\/"},"modified":"2026-04-18T02:10:17","modified_gmt":"2026-04-18T00:10:17","slug":"schachtel-3-1-ungeschaelte-aprikose-fuer-backwaren","status":"publish","type":"product","link":"https:\/\/www.csj-emballages.com\/de\/produit\/schachtel-3-1-ungeschaelte-aprikose-fuer-backwaren\/","title":{"rendered":"Gesch\u00e4lte Aprikosenh\u00e4lften, konserviert, Konditorei-Qualit\u00e4t, Dose 3\/1"},"content":{"rendered":"<h2>Gesch\u00e4lte Aprikosenh\u00e4lften<\/h2>\n<hr>\n<h3>Entdecken Sie unsere gesch\u00e4lten, konservierten Aprikosenh\u00e4lften in Konditorei-Qualit\u00e4t, Dose 3\/1<\/h3>\n<p><!--more--><\/p>\n<div class=\"flex flex-grow flex-col max-w-full\">\n<div class=\"min-h-[20px] text-message flex flex-col items-start whitespace-pre-wrap break-words [.text-message+&amp;]:mt-5 juice:w-full juice:items-end overflow-x-auto gap-2\" dir=\"auto\" data-message-author-role=\"assistant\" data-message-id=\"57798582-34e1-4470-b97b-0230ec037307\">\n<div class=\"flex w-full flex-col gap-1 juice:empty:hidden juice:first:pt-[3px]\">\n<div class=\"markdown prose w-full break-words dark:prose-invert light\">\n<p data-start=\"268\" data-end=\"643\">Diese <strong data-start=\"272\" data-end=\"302\">gesch\u00e4lten Aprikosenh\u00e4lften<\/strong> wurden entwickelt, um die K\u00fcchenarbeit zu vereinfachen und gleichzeitig ein k\u00f6stliches Ergebnis zu garantieren. Reif ausgew\u00e4hlt, bieten sie eine sch\u00f6ne orange Farbe, eine zartschmelzende Textur und einen ausgewogenen Geschmack, weder zu s\u00fc\u00df noch zu sauer. Nach dem \u00d6ffnen der Dose finden Sie eine gebrauchsfertige, sauber geschnittene und perfekt kalibrierte Frucht vor.  <\/p>\n<p data-start=\"645\" data-end=\"1057\">Dank ihrer <strong data-start=\"658\" data-end=\"680\">Konditorei-Qualit\u00e4t<\/strong> behalten diese <strong>Aprikosen<\/strong> beim Backen sehr gut ihre Form. Sie zerfallen nicht, behalten ihre Form und verleihen Ihren Zubereitungen eine echte visuelle Gleichm\u00e4\u00dfigkeit. Ob f\u00fcr eine <strong>Tarte, einen Kuchen, ein Clafoutis, eine Geb\u00e4ckf\u00fcllung oder ein Tellerdessert<\/strong>, sie lassen sich leicht und ohne unn\u00f6tige Nachbearbeitung integrieren. Sie sparen Zeit und erzielen gleichzeitig ein gepflegtes Finish.   <\/p>\n<p data-start=\"1059\" data-end=\"1409\">Ihr leichter Sirup respektiert den Fruchtgeschmack und erm\u00f6glicht eine vielseitige Verwendung. Sie k\u00f6nnen sie f\u00fcr trockene Rezepte abtropfen lassen oder etwas Saft f\u00fcr mehr Saftigkeit und Glanz aufbewahren. Die <strong data-start=\"1258\" data-end=\"1271\">3\/1 Dose<\/strong> ist ideal f\u00fcr Profis: Konditoren, Caterer, Gastronomen oder Gro\u00dfk\u00fcchen, die Best\u00e4ndigkeit und Effizienz suchen.  <\/p>\n<p data-start=\"1411\" data-end=\"1641\">Neben ihrer Praktikabilit\u00e4t bieten diese <strong>Aprikosenh\u00e4lften<\/strong> echte Sicherheit in der K\u00fcche. Kein Verlust, kein Sch\u00e4len, keine \u00dcberraschungen bei der Qualit\u00e4t. Jede Portion bleibt gleichm\u00e4\u00dfig, was die Mengenverwaltung und das Anrichten erleichtert.  <\/p>\n<p data-start=\"1643\" data-end=\"1769\">Zusammenfassend sind diese <strong>gesch\u00e4lten, konservierten Aprikosenh\u00e4lften<\/strong> eine zuverl\u00e4ssige L\u00f6sung, um schnell, gut und mit stets kontrolliertem Ergebnis zu arbeiten.<\/p>\n<p data-start=\"1643\" data-end=\"1769\">\n<\/div>\n<\/div>\n<\/div>\n<\/div>\n<p><!--more--><\/p>\n<h4>Vorteile :<\/h4>\n<ul>\n<li data-start=\"117\" data-end=\"179\"><strong>Gesch\u00e4lte H\u00e4lften<\/strong> gebrauchsfertig, ohne vorherige Zubereitung.<\/li>\n<li data-start=\"182\" data-end=\"228\">Zartschmelzende Textur, backstabil.<\/li>\n<li data-start=\"231\" data-end=\"264\">Ausgewogener, fruchtechter Geschmack.<\/li>\n<li data-start=\"267\" data-end=\"317\">Gleichm\u00e4\u00dfige Pr\u00e4sentation, ideal f\u00fcr die Konditorei.<\/li>\n<li data-start=\"320\" data-end=\"368\"><strong>Leichter Sirup<\/strong>, je nach Rezept leicht zu dosieren.<\/li>\n<li data-start=\"371\" data-end=\"416\"><strong>3\/1 Format<\/strong>, f\u00fcr den professionellen Einsatz geeignet.<\/li>\n<li data-start=\"419\" data-end=\"459\">Zeitersparnis und kein Verlust in der K\u00fcche.<\/li>\n<\/ul>\n<p>&nbsp;<\/p>\n<p><!--more--><\/p>\n<h4>Weitere Informationen:<\/h4>\n<ul>\n<li><strong>Verpackung<\/strong>: Schachtel 3\/1<\/li>\n<li><strong>Form<\/strong>: H\u00e4lften<\/li>\n<li><strong>Abtropfgewicht<\/strong>: 1.480 gr<\/li>\n<\/ul>\n<p>&nbsp;<\/p>\n<p><!--more--><\/p>\n<p><a href=\"https:\/\/www.csj-emballages.com\/de\/categorie-produit\/lebensmittel\/lebensmittel-de\/trockenfruchte-sirup\/aprikose\/\">Entdecken Sie unser weiteres Sortiment an Aprikosen in Sirup<\/a><\/p>\n<p>&nbsp;<\/p>\n","protected":false},"excerpt":{"rendered":"<p>Gesch\u00e4lte Aprikosenh\u00e4lften Entdecken Sie unsere gesch\u00e4lten, konservierten Aprikosenh\u00e4lften in Konditorei-Qualit\u00e4t, Dose 3\/1<\/p>\n","protected":false},"featured_media":260809,"template":"","meta":{"_acf_changed":false},"product_brand":[],"product_cat":[1144,1183,1194,5929],"product_tag":[],"class_list":{"0":"post-16877","1":"product","2":"type-product","3":"status-publish","4":"has-post-thumbnail","6":"product_cat-lebensmittel","7":"product_cat-lebensmittel-de","8":"product_cat-trockenfruchte-sirup","9":"product_cat-aprikose","11":"first","12":"instock","13":"featured","14":"taxable","15":"shipping-taxable","16":"purchasable","17":"product-type-simple"},"acf":[],"yoast_head":"<!-- This site is optimized with the Yoast SEO Premium plugin v26.6 (Yoast SEO v26.6) - https:\/\/yoast.com\/wordpress\/plugins\/seo\/ -->\n<title>Gesch\u00e4lte, Konservierte Aprikosenh\u00e4lften, Konditorei-Qualit\u00e4t, Dose 3\/1<\/title>\n<meta name=\"description\" content=\"Gesch\u00e4lte Aprikosenh\u00e4lften, Konditorei-Qualit\u00e4t, Dose 3\/1. Zartschmelzende Textur, gute Backstabilit\u00e4t, gebrauchsfertig f\u00fcr Profis.\" \/>\n<meta name=\"robots\" content=\"index, follow, max-snippet:-1, max-image-preview:large, max-video-preview:-1\" \/>\n<link rel=\"canonical\" href=\"https:\/\/www.csj-emballages.com\/de\/produit\/schachtel-3-1-ungeschaelte-aprikose-fuer-backwaren\/\" \/>\n<meta property=\"og:locale\" content=\"de_DE\" \/>\n<meta property=\"og:type\" content=\"article\" \/>\n<meta property=\"og:title\" content=\"Gesch\u00e4lte Aprikosenh\u00e4lften, konserviert, Konditorei-Qualit\u00e4t, Dose 3\/1\" \/>\n<meta property=\"og:description\" content=\"Gesch\u00e4lte Aprikosenh\u00e4lften, Konditorei-Qualit\u00e4t, Dose 3\/1. Zartschmelzende Textur, gute Backstabilit\u00e4t, gebrauchsfertig f\u00fcr Profis.\" \/>\n<meta property=\"og:url\" content=\"https:\/\/www.csj-emballages.com\/de\/produit\/schachtel-3-1-ungeschaelte-aprikose-fuer-backwaren\/\" \/>\n<meta property=\"og:site_name\" content=\"CSJ Emballages\" \/>\n<meta property=\"article:publisher\" content=\"https:\/\/www.facebook.com\/csjemballages\" \/>\n<meta property=\"article:modified_time\" content=\"2026-04-18T00:10:17+00:00\" \/>\n<meta property=\"og:image\" content=\"https:\/\/www.csj-emballages.com\/wp-content\/uploads\/2024\/05\/010106.webp\" \/>\n\t<meta property=\"og:image:width\" content=\"800\" \/>\n\t<meta property=\"og:image:height\" content=\"800\" \/>\n\t<meta property=\"og:image:type\" content=\"image\/webp\" \/>\n<meta name=\"twitter:card\" content=\"summary_large_image\" \/>\n<meta name=\"twitter:label1\" content=\"Gesch\u00e4tzte Lesezeit\" \/>\n\t<meta name=\"twitter:data1\" content=\"2 Minuten\" \/>\n<script type=\"application\/ld+json\" class=\"yoast-schema-graph\">{\"@context\":\"https:\/\/schema.org\",\"@graph\":[{\"@type\":\"WebPage\",\"@id\":\"https:\/\/www.csj-emballages.com\/de\/produit\/schachtel-3-1-ungeschaelte-aprikose-fuer-backwaren\/\",\"url\":\"https:\/\/www.csj-emballages.com\/de\/produit\/schachtel-3-1-ungeschaelte-aprikose-fuer-backwaren\/\",\"name\":\"Gesch\u00e4lte, Konservierte Aprikosenh\u00e4lften, Konditorei-Qualit\u00e4t, Dose 3\/1\",\"isPartOf\":{\"@id\":\"https:\/\/www.csj-emballages.com\/de\/#website\"},\"primaryImageOfPage\":{\"@id\":\"https:\/\/www.csj-emballages.com\/de\/produit\/schachtel-3-1-ungeschaelte-aprikose-fuer-backwaren\/#primaryimage\"},\"image\":{\"@id\":\"https:\/\/www.csj-emballages.com\/de\/produit\/schachtel-3-1-ungeschaelte-aprikose-fuer-backwaren\/#primaryimage\"},\"thumbnailUrl\":\"https:\/\/www.csj-emballages.com\/wp-content\/uploads\/2024\/05\/010106.webp\",\"datePublished\":\"2024-05-22T09:11:59+00:00\",\"dateModified\":\"2026-04-18T00:10:17+00:00\",\"description\":\"Gesch\u00e4lte Aprikosenh\u00e4lften, Konditorei-Qualit\u00e4t, Dose 3\/1. Zartschmelzende Textur, gute Backstabilit\u00e4t, gebrauchsfertig f\u00fcr Profis.\",\"breadcrumb\":{\"@id\":\"https:\/\/www.csj-emballages.com\/de\/produit\/schachtel-3-1-ungeschaelte-aprikose-fuer-backwaren\/#breadcrumb\"},\"inLanguage\":\"de\",\"potentialAction\":[{\"@type\":\"ReadAction\",\"target\":[\"https:\/\/www.csj-emballages.com\/de\/produit\/schachtel-3-1-ungeschaelte-aprikose-fuer-backwaren\/\"]}]},{\"@type\":\"ImageObject\",\"inLanguage\":\"de\",\"@id\":\"https:\/\/www.csj-emballages.com\/de\/produit\/schachtel-3-1-ungeschaelte-aprikose-fuer-backwaren\/#primaryimage\",\"url\":\"https:\/\/www.csj-emballages.com\/wp-content\/uploads\/2024\/05\/010106.webp\",\"contentUrl\":\"https:\/\/www.csj-emballages.com\/wp-content\/uploads\/2024\/05\/010106.webp\",\"width\":800,\"height\":800,\"caption\":\"Oreillons d'abricots pel\u00e9s\"},{\"@type\":\"BreadcrumbList\",\"@id\":\"https:\/\/www.csj-emballages.com\/de\/produit\/schachtel-3-1-ungeschaelte-aprikose-fuer-backwaren\/#breadcrumb\",\"itemListElement\":[{\"@type\":\"ListItem\",\"position\":1,\"name\":\"Accueil\",\"item\":\"https:\/\/www.csj-emballages.com\/de\/universum-lebensmittelverpackungen\/\"},{\"@type\":\"ListItem\",\"position\":2,\"name\":\"Shop\",\"item\":\"https:\/\/www.csj-emballages.com\/shop\/\"},{\"@type\":\"ListItem\",\"position\":3,\"name\":\"Gesch\u00e4lte Aprikosenh\u00e4lften, konserviert, Konditorei-Qualit\u00e4t, Dose 3\/1\"}]},{\"@type\":\"WebSite\",\"@id\":\"https:\/\/www.csj-emballages.com\/de\/#website\",\"url\":\"https:\/\/www.csj-emballages.com\/de\/\",\"name\":\"CSJ Emballages\",\"description\":\"\",\"publisher\":{\"@id\":\"https:\/\/www.csj-emballages.com\/de\/#organization\"},\"potentialAction\":[{\"@type\":\"SearchAction\",\"target\":{\"@type\":\"EntryPoint\",\"urlTemplate\":\"https:\/\/www.csj-emballages.com\/de\/?s={search_term_string}\"},\"query-input\":{\"@type\":\"PropertyValueSpecification\",\"valueRequired\":true,\"valueName\":\"search_term_string\"}}],\"inLanguage\":\"de\"},{\"@type\":\"Organization\",\"@id\":\"https:\/\/www.csj-emballages.com\/de\/#Organization\/\",\"name\":\"CSJ Emballages\",\"url\":\"https:\/\/www.csj-emballages.com\/de\/\",\"logo\":{\"@type\":\"ImageObject\",\"inLanguage\":\"de\",\"@id\":\"https:\/\/www.csj-emballages.com\/de\/#\/schema\/logo\/image\/\",\"url\":\"https:\/\/www.csj-emballages.com\/wp-content\/uploads\/2023\/10\/logo_csj.webp\",\"contentUrl\":\"https:\/\/www.csj-emballages.com\/wp-content\/uploads\/2023\/10\/logo_csj.webp\",\"width\":250,\"height\":95,\"caption\":\"CSJ Emballages\"},\"image\":{\"@id\":\"https:\/\/www.csj-emballages.com\/de\/#\/schema\/logo\/image\/\"},\"sameAs\":[\"https:\/\/www.facebook.com\/csjemballages\"],\"address\":{\"@type\":\"PostalAddress\",\"streetAddress\":\"ZI La Lechere\",\"addressLocality\":\"Patornay\",\"postalCode\":\"39130\",\"addressCountry\":\"FR\"},\"contactPoint\":[{\"@type\":\"ContactPoint\",\"contactType\":\"Service client\",\"telephone\":\"0384254272\",\"email\":\"contact@csj-emballages.com\"}]}]}<\/script>\n<!-- \/ Yoast SEO Premium plugin. -->","yoast_head_json":{"title":"Gesch\u00e4lte, Konservierte Aprikosenh\u00e4lften, Konditorei-Qualit\u00e4t, Dose 3\/1","description":"Gesch\u00e4lte Aprikosenh\u00e4lften, Konditorei-Qualit\u00e4t, Dose 3\/1. Zartschmelzende Textur, gute Backstabilit\u00e4t, gebrauchsfertig f\u00fcr Profis.","robots":{"index":"index","follow":"follow","max-snippet":"max-snippet:-1","max-image-preview":"max-image-preview:large","max-video-preview":"max-video-preview:-1"},"canonical":"https:\/\/www.csj-emballages.com\/de\/produit\/schachtel-3-1-ungeschaelte-aprikose-fuer-backwaren\/","og_locale":"de_DE","og_type":"article","og_title":"Gesch\u00e4lte Aprikosenh\u00e4lften, konserviert, Konditorei-Qualit\u00e4t, Dose 3\/1","og_description":"Gesch\u00e4lte Aprikosenh\u00e4lften, Konditorei-Qualit\u00e4t, Dose 3\/1. Zartschmelzende Textur, gute Backstabilit\u00e4t, gebrauchsfertig f\u00fcr Profis.","og_url":"https:\/\/www.csj-emballages.com\/de\/produit\/schachtel-3-1-ungeschaelte-aprikose-fuer-backwaren\/","og_site_name":"CSJ Emballages","article_publisher":"https:\/\/www.facebook.com\/csjemballages","article_modified_time":"2026-04-18T00:10:17+00:00","og_image":[{"width":800,"height":800,"url":"https:\/\/www.csj-emballages.com\/wp-content\/uploads\/2024\/05\/010106.webp","type":"image\/webp"}],"twitter_card":"summary_large_image","twitter_misc":{"Gesch\u00e4tzte Lesezeit":"2 Minuten"},"schema":{"@context":"https:\/\/schema.org","@graph":[{"@type":"WebPage","@id":"https:\/\/www.csj-emballages.com\/de\/produit\/schachtel-3-1-ungeschaelte-aprikose-fuer-backwaren\/","url":"https:\/\/www.csj-emballages.com\/de\/produit\/schachtel-3-1-ungeschaelte-aprikose-fuer-backwaren\/","name":"Gesch\u00e4lte, Konservierte Aprikosenh\u00e4lften, Konditorei-Qualit\u00e4t, Dose 3\/1","isPartOf":{"@id":"https:\/\/www.csj-emballages.com\/de\/#website"},"primaryImageOfPage":{"@id":"https:\/\/www.csj-emballages.com\/de\/produit\/schachtel-3-1-ungeschaelte-aprikose-fuer-backwaren\/#primaryimage"},"image":{"@id":"https:\/\/www.csj-emballages.com\/de\/produit\/schachtel-3-1-ungeschaelte-aprikose-fuer-backwaren\/#primaryimage"},"thumbnailUrl":"https:\/\/www.csj-emballages.com\/wp-content\/uploads\/2024\/05\/010106.webp","datePublished":"2024-05-22T09:11:59+00:00","dateModified":"2026-04-18T00:10:17+00:00","description":"Gesch\u00e4lte Aprikosenh\u00e4lften, Konditorei-Qualit\u00e4t, Dose 3\/1. Zartschmelzende Textur, gute Backstabilit\u00e4t, gebrauchsfertig f\u00fcr Profis.","breadcrumb":{"@id":"https:\/\/www.csj-emballages.com\/de\/produit\/schachtel-3-1-ungeschaelte-aprikose-fuer-backwaren\/#breadcrumb"},"inLanguage":"de","potentialAction":[{"@type":"ReadAction","target":["https:\/\/www.csj-emballages.com\/de\/produit\/schachtel-3-1-ungeschaelte-aprikose-fuer-backwaren\/"]}]},{"@type":"ImageObject","inLanguage":"de","@id":"https:\/\/www.csj-emballages.com\/de\/produit\/schachtel-3-1-ungeschaelte-aprikose-fuer-backwaren\/#primaryimage","url":"https:\/\/www.csj-emballages.com\/wp-content\/uploads\/2024\/05\/010106.webp","contentUrl":"https:\/\/www.csj-emballages.com\/wp-content\/uploads\/2024\/05\/010106.webp","width":800,"height":800,"caption":"Oreillons d'abricots pel\u00e9s"},{"@type":"BreadcrumbList","@id":"https:\/\/www.csj-emballages.com\/de\/produit\/schachtel-3-1-ungeschaelte-aprikose-fuer-backwaren\/#breadcrumb","itemListElement":[{"@type":"ListItem","position":1,"name":"Accueil","item":"https:\/\/www.csj-emballages.com\/de\/universum-lebensmittelverpackungen\/"},{"@type":"ListItem","position":2,"name":"Shop","item":"https:\/\/www.csj-emballages.com\/shop\/"},{"@type":"ListItem","position":3,"name":"Gesch\u00e4lte Aprikosenh\u00e4lften, konserviert, Konditorei-Qualit\u00e4t, Dose 3\/1"}]},{"@type":"WebSite","@id":"https:\/\/www.csj-emballages.com\/de\/#website","url":"https:\/\/www.csj-emballages.com\/de\/","name":"CSJ Emballages","description":"","publisher":{"@id":"https:\/\/www.csj-emballages.com\/de\/#organization"},"potentialAction":[{"@type":"SearchAction","target":{"@type":"EntryPoint","urlTemplate":"https:\/\/www.csj-emballages.com\/de\/?s={search_term_string}"},"query-input":{"@type":"PropertyValueSpecification","valueRequired":true,"valueName":"search_term_string"}}],"inLanguage":"de"},{"@type":"Organization","@id":"https:\/\/www.csj-emballages.com\/de\/#Organization\/","name":"CSJ Emballages","url":"https:\/\/www.csj-emballages.com\/de\/","logo":{"@type":"ImageObject","inLanguage":"de","@id":"https:\/\/www.csj-emballages.com\/de\/#\/schema\/logo\/image\/","url":"https:\/\/www.csj-emballages.com\/wp-content\/uploads\/2023\/10\/logo_csj.webp","contentUrl":"https:\/\/www.csj-emballages.com\/wp-content\/uploads\/2023\/10\/logo_csj.webp","width":250,"height":95,"caption":"CSJ Emballages"},"image":{"@id":"https:\/\/www.csj-emballages.com\/de\/#\/schema\/logo\/image\/"},"sameAs":["https:\/\/www.facebook.com\/csjemballages"],"address":{"@type":"PostalAddress","streetAddress":"ZI La Lechere","addressLocality":"Patornay","postalCode":"39130","addressCountry":"FR"},"contactPoint":[{"@type":"ContactPoint","contactType":"Service client","telephone":"0384254272","email":"contact@csj-emballages.com"}]}]}},"df_price":9,"df_sale_price":"","df_regular_price":9,"df_image_link":"https:\/\/www.csj-emballages.com\/wp-content\/uploads\/2024\/05\/010106-300x300.webp","tiered_pricing_type":"fixed","tiered_pricing_fixed_rules":[],"tiered_pricing_percentage_rules":[],"tiered_pricing_minimum":1,"tiered_pricing_roles_data":[],"_links":{"self":[{"href":"https:\/\/www.csj-emballages.com\/de\/wp-json\/wp\/v2\/product\/16877","targetHints":{"allow":["GET"]}}],"collection":[{"href":"https:\/\/www.csj-emballages.com\/de\/wp-json\/wp\/v2\/product"}],"about":[{"href":"https:\/\/www.csj-emballages.com\/de\/wp-json\/wp\/v2\/types\/product"}],"wp:featuredmedia":[{"embeddable":true,"href":"https:\/\/www.csj-emballages.com\/de\/wp-json\/wp\/v2\/media\/260809"}],"wp:attachment":[{"href":"https:\/\/www.csj-emballages.com\/de\/wp-json\/wp\/v2\/media?parent=16877"}],"wp:term":[{"taxonomy":"product_brand","embeddable":true,"href":"https:\/\/www.csj-emballages.com\/de\/wp-json\/wp\/v2\/product_brand?post=16877"},{"taxonomy":"product_cat","embeddable":true,"href":"https:\/\/www.csj-emballages.com\/de\/wp-json\/wp\/v2\/product_cat?post=16877"},{"taxonomy":"product_tag","embeddable":true,"href":"https:\/\/www.csj-emballages.com\/de\/wp-json\/wp\/v2\/product_tag?post=16877"}],"curies":[{"name":"wp","href":"https:\/\/api.w.org\/{rel}","templated":true}]}}