{"id":16876,"date":"2024-05-16T09:15:40","date_gmt":"2024-05-16T07:15:40","guid":{"rendered":"https:\/\/u15jnbdpoq.preview.infomaniak.website\/?post_type=product&#038;p=16876"},"modified":"2026-04-20T02:11:16","modified_gmt":"2026-04-20T00:11:16","slug":"250-medaillon-aspikformen-70-ml","status":"publish","type":"product","link":"https:\/\/www.csj-emballages.com\/de\/produit\/250-medaillon-aspikformen-70-ml\/","title":{"rendered":"Aspikform Medaillon 70 ml pro 250"},"content":{"rendered":"<h2>Aspikform<\/h2>\n<hr>\n<h3>Beschreibung unserer Aspikform Medaillon 70 ml pro 250 St\u00fcck<\/h3>\n<p><!--more--><\/p>\n<div class=\"flex-shrink-0 flex flex-col relative items-end\">\n<div>\n<div class=\"pt-0.5 juice:pt-0\">\n<div class=\"gizmo-bot-avatar flex h-6 w-6 items-center justify-center overflow-hidden rounded-full juice:h-8 juice:w-8\">\n<div class=\"relative p-1 rounded-sm flex items-center justify-center bg-token-main-surface-primary text-token-text-primary h-8 w-8\">Entdecken Sie die Kunst des Kochens mit unseren <strong>Medaillonformen f\u00fcr Aspik<\/strong>, ein wichtiges Werkzeug f\u00fcr Caterer, K\u00fcchenchefs oder Restaurantbesitzer. Diese transparente <strong>Form<\/strong> mit einem Durchmesser von <strong>7 cm<\/strong> und einer H\u00f6he von <strong>2,2 cm<\/strong> sorgt f\u00fcr eine unvergleichliche Pr\u00e4zision bei der Zubereitung Ihrer Speisen und garantiert makellose gastronomische Kreationen. Die <strong>runde<\/strong> Form verleiht Ihren Gerichten eine schlichte Eleganz und sorgt f\u00fcr eine beeindruckende Pr\u00e4sentation bei jedem Service.  Diese <strong>Formen<\/strong> sind leicht zu handhaben und lassen sich problemlos aus der <strong>Form<\/strong> l\u00f6sen, so dass sie auch die Erwartungen der anspruchsvollsten Fachleute erf\u00fcllen.<\/div>\n<\/div>\n<\/div>\n<\/div>\n<\/div>\n<div class=\"group\/conversation-turn relative flex w-full min-w-0 flex-col agent-turn\">\n<div class=\"flex-col gap-1 md:gap-3\">\n<div class=\"flex flex-grow flex-col max-w-full\">\n<div class=\"min-h-[20px] text-message flex flex-col items-start whitespace-pre-wrap break-words [.text-message+&amp;]:mt-5 juice:w-full juice:items-end overflow-x-auto gap-2\" dir=\"auto\" data-message-author-role=\"assistant\" data-message-id=\"e2318938-92ee-4821-a702-e1aae3a8306d\">\n<div class=\"flex w-full flex-col gap-1 juice:empty:hidden juice:first:pt-[3px]\">\n<div class=\"markdown prose w-full break-words dark:prose-invert light\">\n<p>Sie werden haupts\u00e4chlich von Caterern, K\u00fcchenchefs und Restaurantbesitzern verwendet.<\/p>\n<p>Zusammenfassend l\u00e4sst sich sagen, dass diese transparente <strong>Aspikform<\/strong> eine perfekte Sicht auf Ihre Kreationen w\u00e4hrend der Zubereitung erm\u00f6glicht.<\/p>\n<p>&nbsp;<\/p>\n<\/div>\n<\/div>\n<\/div>\n<\/div>\n<\/div>\n<\/div>\n<h4><\/h4>\n<p><!--more--><\/p>\n<h4>Vorteile :<\/h4>\n<ul>\n<li>Erm\u00f6glicht detaillierte und gleichm\u00e4\u00dfige Zubereitungen.<\/li>\n<li>Die gro\u00dfz\u00fcgige Menge von 250 Formen pro Packung erf\u00fcllt eine hohe Nachfrage.<\/li>\n<li>Die Verwendung von leichtem und transparentem Kunststoff erm\u00f6glicht eine einfache Handhabung und eine leichte visuelle \u00dcberpr\u00fcfung des Inhalts.<\/li>\n<li>Erleichtert die Serienproduktion und erm\u00f6glicht die schnelle und effiziente Zubereitung mehrerer Portionen.<\/li>\n<li>Leicht zu reinigen.<\/li>\n<\/ul>\n<p>&nbsp;<\/p>\n<p><!--more--><\/p>\n<h4>Weitere Informationen :<\/h4>\n<ul>\n<li><strong>Verpackung<\/strong>: Packung mit 150 St\u00fcck<\/li>\n<li><strong>Abmessungen<\/strong>: 7 x 2,2 (\u00d8 x H in cm)<\/li>\n<li><strong>Material<\/strong>: Polyethylen-Terephthalat (PET)<\/li>\n<li><strong>Nutzung<\/strong>: Kalt<\/li>\n<li><strong>Format<\/strong>: Rund \/ Glatt<\/li>\n<li><strong>Betriebstemperatur<\/strong>: -40\u00b0C\/+70\u00b0C<\/li>\n<\/ul>\n<p>&nbsp;<\/p>\n<p><!--more--><\/p>\n<p>Das Produkt ist in verschiedenen Formaten erh\u00e4ltlich: <span style=\"color: #d12727;\"><a style=\"color: #d12727;\" href=\"https:\/\/www.csj-emballages.com\/de\/produit\/150-ovale-aspikformen-70-ml\/\">Oval<\/a><\/span> \/ <span style=\"color: #d12727;\"><a style=\"color: #d12727;\" href=\"https:\/\/www.csj-emballages.com\/de\/produit\/100-gelee-nadelformen-aus-kunststoff\/\">Nadel<\/a><\/span> \/ <span style=\"color: #d12727;\"><a style=\"color: #d12727;\" href=\"https:\/\/www.csj-emballages.com\/produit\/250-moules-plastiques-cornet-a-jambon-en-gelee\/\">Cornet<\/a><\/span><\/p>\n<p>&nbsp;<\/p>\n<p><!--more--><\/p>\n<p>&nbsp;<\/p>\n<p><a href=\"https:\/\/www.csj-emballages.com\/de\/categorie-produit\/lebensmittelverpackungen\/metzgerei-und-feinkostgeschaft\/schalen-dosen-und-glaser\/schalen-dosen-glaser-fur-lebensmittel\/aspikformen\/\">Sehen Sie sich den Rest unseres Sortiments an Aspikformen an.<\/a><\/p>\n","protected":false},"excerpt":{"rendered":"<p>Aspikform Beschreibung unserer Aspikform Medaillon 70 ml pro 250 St\u00fcck<\/p>\n","protected":false},"featured_media":220970,"template":"","meta":{"_acf_changed":false},"product_brand":[],"product_cat":[1137,1170,2277,1513,2857],"product_tag":[],"class_list":{"0":"post-16876","1":"product","2":"type-product","3":"status-publish","4":"has-post-thumbnail","6":"product_cat-lebensmittelverpackungen","7":"product_cat-metzgerei-und-feinkostgeschaft","8":"product_cat-schalen-dosen-und-glaser","9":"product_cat-schalen-dosen-glaser-fur-lebensmittel","10":"product_cat-aspikformen","12":"first","13":"instock","14":"taxable","15":"shipping-taxable","16":"purchasable","17":"product-type-simple"},"acf":[],"yoast_head":"<!-- This site is optimized with the Yoast SEO Premium plugin v26.6 (Yoast SEO v26.6) - https:\/\/yoast.com\/wordpress\/plugins\/seo\/ -->\n<title>Aspikform Medaillon - 70 ml<\/title>\n<meta name=\"description\" content=\"Aspikform Medaillon aus Kunststoff im 150er-Pack \u2013 Ideal f\u00fcr Caterer und Privatpersonen. Gleichm\u00e4\u00dfige Portionen, leichtes Entformen, hygienisch und praktisch.\" \/>\n<meta name=\"robots\" content=\"index, follow, max-snippet:-1, max-image-preview:large, max-video-preview:-1\" \/>\n<link rel=\"canonical\" href=\"https:\/\/www.csj-emballages.com\/de\/produit\/250-medaillon-aspikformen-70-ml\/\" \/>\n<meta property=\"og:locale\" content=\"de_DE\" \/>\n<meta property=\"og:type\" content=\"article\" \/>\n<meta property=\"og:title\" content=\"Aspikform Medaillon 70 ml pro 250\" \/>\n<meta property=\"og:description\" content=\"Aspikform Medaillon aus Kunststoff im 150er-Pack \u2013 Ideal f\u00fcr Caterer und Privatpersonen. Gleichm\u00e4\u00dfige Portionen, leichtes Entformen, hygienisch und praktisch.\" \/>\n<meta property=\"og:url\" content=\"https:\/\/www.csj-emballages.com\/de\/produit\/250-medaillon-aspikformen-70-ml\/\" \/>\n<meta property=\"og:site_name\" content=\"CSJ Emballages\" \/>\n<meta property=\"article:publisher\" content=\"https:\/\/www.facebook.com\/csjemballages\" \/>\n<meta property=\"article:modified_time\" content=\"2026-04-20T00:11:16+00:00\" \/>\n<meta property=\"og:image\" content=\"https:\/\/www.csj-emballages.com\/wp-content\/uploads\/2024\/05\/Aspic-medaillon.webp\" \/>\n\t<meta property=\"og:image:width\" content=\"800\" \/>\n\t<meta property=\"og:image:height\" content=\"800\" \/>\n\t<meta property=\"og:image:type\" content=\"image\/webp\" \/>\n<meta name=\"twitter:card\" content=\"summary_large_image\" \/>\n<meta name=\"twitter:label1\" content=\"Gesch\u00e4tzte Lesezeit\" \/>\n\t<meta name=\"twitter:data1\" content=\"1\u00a0Minute\" \/>\n<script type=\"application\/ld+json\" class=\"yoast-schema-graph\">{\"@context\":\"https:\/\/schema.org\",\"@graph\":[{\"@type\":\"WebPage\",\"@id\":\"https:\/\/www.csj-emballages.com\/de\/produit\/250-medaillon-aspikformen-70-ml\/\",\"url\":\"https:\/\/www.csj-emballages.com\/de\/produit\/250-medaillon-aspikformen-70-ml\/\",\"name\":\"Aspikform Medaillon - 70 ml\",\"isPartOf\":{\"@id\":\"https:\/\/www.csj-emballages.com\/de\/#website\"},\"primaryImageOfPage\":{\"@id\":\"https:\/\/www.csj-emballages.com\/de\/produit\/250-medaillon-aspikformen-70-ml\/#primaryimage\"},\"image\":{\"@id\":\"https:\/\/www.csj-emballages.com\/de\/produit\/250-medaillon-aspikformen-70-ml\/#primaryimage\"},\"thumbnailUrl\":\"https:\/\/www.csj-emballages.com\/wp-content\/uploads\/2024\/05\/Aspic-medaillon.webp\",\"datePublished\":\"2024-05-16T07:15:40+00:00\",\"dateModified\":\"2026-04-20T00:11:16+00:00\",\"description\":\"Aspikform Medaillon aus Kunststoff im 150er-Pack \u2013 Ideal f\u00fcr Caterer und Privatpersonen. Gleichm\u00e4\u00dfige Portionen, leichtes Entformen, hygienisch und praktisch.\",\"breadcrumb\":{\"@id\":\"https:\/\/www.csj-emballages.com\/de\/produit\/250-medaillon-aspikformen-70-ml\/#breadcrumb\"},\"inLanguage\":\"de\",\"potentialAction\":[{\"@type\":\"ReadAction\",\"target\":[\"https:\/\/www.csj-emballages.com\/de\/produit\/250-medaillon-aspikformen-70-ml\/\"]}]},{\"@type\":\"ImageObject\",\"inLanguage\":\"de\",\"@id\":\"https:\/\/www.csj-emballages.com\/de\/produit\/250-medaillon-aspikformen-70-ml\/#primaryimage\",\"url\":\"https:\/\/www.csj-emballages.com\/wp-content\/uploads\/2024\/05\/Aspic-medaillon.webp\",\"contentUrl\":\"https:\/\/www.csj-emballages.com\/wp-content\/uploads\/2024\/05\/Aspic-medaillon.webp\",\"width\":800,\"height\":800,\"caption\":\"Moule \u00e0 aspic\"},{\"@type\":\"BreadcrumbList\",\"@id\":\"https:\/\/www.csj-emballages.com\/de\/produit\/250-medaillon-aspikformen-70-ml\/#breadcrumb\",\"itemListElement\":[{\"@type\":\"ListItem\",\"position\":1,\"name\":\"Accueil\",\"item\":\"https:\/\/www.csj-emballages.com\/de\/universum-lebensmittelverpackungen\/\"},{\"@type\":\"ListItem\",\"position\":2,\"name\":\"Shop\",\"item\":\"https:\/\/www.csj-emballages.com\/shop\/\"},{\"@type\":\"ListItem\",\"position\":3,\"name\":\"Aspikform Medaillon 70 ml pro 250\"}]},{\"@type\":\"WebSite\",\"@id\":\"https:\/\/www.csj-emballages.com\/de\/#website\",\"url\":\"https:\/\/www.csj-emballages.com\/de\/\",\"name\":\"CSJ Emballages\",\"description\":\"\",\"publisher\":{\"@id\":\"https:\/\/www.csj-emballages.com\/de\/#organization\"},\"potentialAction\":[{\"@type\":\"SearchAction\",\"target\":{\"@type\":\"EntryPoint\",\"urlTemplate\":\"https:\/\/www.csj-emballages.com\/de\/?s={search_term_string}\"},\"query-input\":{\"@type\":\"PropertyValueSpecification\",\"valueRequired\":true,\"valueName\":\"search_term_string\"}}],\"inLanguage\":\"de\"},{\"@type\":\"Organization\",\"@id\":\"https:\/\/www.csj-emballages.com\/de\/#Organization\/\",\"name\":\"CSJ Emballages\",\"url\":\"https:\/\/www.csj-emballages.com\/de\/\",\"logo\":{\"@type\":\"ImageObject\",\"inLanguage\":\"de\",\"@id\":\"https:\/\/www.csj-emballages.com\/de\/#\/schema\/logo\/image\/\",\"url\":\"https:\/\/www.csj-emballages.com\/wp-content\/uploads\/2023\/10\/logo_csj.webp\",\"contentUrl\":\"https:\/\/www.csj-emballages.com\/wp-content\/uploads\/2023\/10\/logo_csj.webp\",\"width\":250,\"height\":95,\"caption\":\"CSJ Emballages\"},\"image\":{\"@id\":\"https:\/\/www.csj-emballages.com\/de\/#\/schema\/logo\/image\/\"},\"sameAs\":[\"https:\/\/www.facebook.com\/csjemballages\"],\"address\":{\"@type\":\"PostalAddress\",\"streetAddress\":\"ZI La Lechere\",\"addressLocality\":\"Patornay\",\"postalCode\":\"39130\",\"addressCountry\":\"FR\"},\"contactPoint\":[{\"@type\":\"ContactPoint\",\"contactType\":\"Service client\",\"telephone\":\"0384254272\",\"email\":\"contact@csj-emballages.com\"}]}]}<\/script>\n<!-- \/ Yoast SEO Premium plugin. -->","yoast_head_json":{"title":"Aspikform Medaillon - 70 ml","description":"Aspikform Medaillon aus Kunststoff im 150er-Pack \u2013 Ideal f\u00fcr Caterer und Privatpersonen. Gleichm\u00e4\u00dfige Portionen, leichtes Entformen, hygienisch und praktisch.","robots":{"index":"index","follow":"follow","max-snippet":"max-snippet:-1","max-image-preview":"max-image-preview:large","max-video-preview":"max-video-preview:-1"},"canonical":"https:\/\/www.csj-emballages.com\/de\/produit\/250-medaillon-aspikformen-70-ml\/","og_locale":"de_DE","og_type":"article","og_title":"Aspikform Medaillon 70 ml pro 250","og_description":"Aspikform Medaillon aus Kunststoff im 150er-Pack \u2013 Ideal f\u00fcr Caterer und Privatpersonen. Gleichm\u00e4\u00dfige Portionen, leichtes Entformen, hygienisch und praktisch.","og_url":"https:\/\/www.csj-emballages.com\/de\/produit\/250-medaillon-aspikformen-70-ml\/","og_site_name":"CSJ Emballages","article_publisher":"https:\/\/www.facebook.com\/csjemballages","article_modified_time":"2026-04-20T00:11:16+00:00","og_image":[{"width":800,"height":800,"url":"https:\/\/www.csj-emballages.com\/wp-content\/uploads\/2024\/05\/Aspic-medaillon.webp","type":"image\/webp"}],"twitter_card":"summary_large_image","twitter_misc":{"Gesch\u00e4tzte Lesezeit":"1\u00a0Minute"},"schema":{"@context":"https:\/\/schema.org","@graph":[{"@type":"WebPage","@id":"https:\/\/www.csj-emballages.com\/de\/produit\/250-medaillon-aspikformen-70-ml\/","url":"https:\/\/www.csj-emballages.com\/de\/produit\/250-medaillon-aspikformen-70-ml\/","name":"Aspikform Medaillon - 70 ml","isPartOf":{"@id":"https:\/\/www.csj-emballages.com\/de\/#website"},"primaryImageOfPage":{"@id":"https:\/\/www.csj-emballages.com\/de\/produit\/250-medaillon-aspikformen-70-ml\/#primaryimage"},"image":{"@id":"https:\/\/www.csj-emballages.com\/de\/produit\/250-medaillon-aspikformen-70-ml\/#primaryimage"},"thumbnailUrl":"https:\/\/www.csj-emballages.com\/wp-content\/uploads\/2024\/05\/Aspic-medaillon.webp","datePublished":"2024-05-16T07:15:40+00:00","dateModified":"2026-04-20T00:11:16+00:00","description":"Aspikform Medaillon aus Kunststoff im 150er-Pack \u2013 Ideal f\u00fcr Caterer und Privatpersonen. Gleichm\u00e4\u00dfige Portionen, leichtes Entformen, hygienisch und praktisch.","breadcrumb":{"@id":"https:\/\/www.csj-emballages.com\/de\/produit\/250-medaillon-aspikformen-70-ml\/#breadcrumb"},"inLanguage":"de","potentialAction":[{"@type":"ReadAction","target":["https:\/\/www.csj-emballages.com\/de\/produit\/250-medaillon-aspikformen-70-ml\/"]}]},{"@type":"ImageObject","inLanguage":"de","@id":"https:\/\/www.csj-emballages.com\/de\/produit\/250-medaillon-aspikformen-70-ml\/#primaryimage","url":"https:\/\/www.csj-emballages.com\/wp-content\/uploads\/2024\/05\/Aspic-medaillon.webp","contentUrl":"https:\/\/www.csj-emballages.com\/wp-content\/uploads\/2024\/05\/Aspic-medaillon.webp","width":800,"height":800,"caption":"Moule \u00e0 aspic"},{"@type":"BreadcrumbList","@id":"https:\/\/www.csj-emballages.com\/de\/produit\/250-medaillon-aspikformen-70-ml\/#breadcrumb","itemListElement":[{"@type":"ListItem","position":1,"name":"Accueil","item":"https:\/\/www.csj-emballages.com\/de\/universum-lebensmittelverpackungen\/"},{"@type":"ListItem","position":2,"name":"Shop","item":"https:\/\/www.csj-emballages.com\/shop\/"},{"@type":"ListItem","position":3,"name":"Aspikform Medaillon 70 ml pro 250"}]},{"@type":"WebSite","@id":"https:\/\/www.csj-emballages.com\/de\/#website","url":"https:\/\/www.csj-emballages.com\/de\/","name":"CSJ Emballages","description":"","publisher":{"@id":"https:\/\/www.csj-emballages.com\/de\/#organization"},"potentialAction":[{"@type":"SearchAction","target":{"@type":"EntryPoint","urlTemplate":"https:\/\/www.csj-emballages.com\/de\/?s={search_term_string}"},"query-input":{"@type":"PropertyValueSpecification","valueRequired":true,"valueName":"search_term_string"}}],"inLanguage":"de"},{"@type":"Organization","@id":"https:\/\/www.csj-emballages.com\/de\/#Organization\/","name":"CSJ Emballages","url":"https:\/\/www.csj-emballages.com\/de\/","logo":{"@type":"ImageObject","inLanguage":"de","@id":"https:\/\/www.csj-emballages.com\/de\/#\/schema\/logo\/image\/","url":"https:\/\/www.csj-emballages.com\/wp-content\/uploads\/2023\/10\/logo_csj.webp","contentUrl":"https:\/\/www.csj-emballages.com\/wp-content\/uploads\/2023\/10\/logo_csj.webp","width":250,"height":95,"caption":"CSJ Emballages"},"image":{"@id":"https:\/\/www.csj-emballages.com\/de\/#\/schema\/logo\/image\/"},"sameAs":["https:\/\/www.facebook.com\/csjemballages"],"address":{"@type":"PostalAddress","streetAddress":"ZI La Lechere","addressLocality":"Patornay","postalCode":"39130","addressCountry":"FR"},"contactPoint":[{"@type":"ContactPoint","contactType":"Service client","telephone":"0384254272","email":"contact@csj-emballages.com"}]}]}},"df_price":16.98,"df_sale_price":"","df_regular_price":16.98,"df_image_link":"https:\/\/www.csj-emballages.com\/wp-content\/uploads\/2024\/05\/Aspic-medaillon-300x300.webp","tiered_pricing_type":"fixed","tiered_pricing_fixed_rules":[],"tiered_pricing_percentage_rules":[],"tiered_pricing_minimum":1,"tiered_pricing_roles_data":[],"_links":{"self":[{"href":"https:\/\/www.csj-emballages.com\/de\/wp-json\/wp\/v2\/product\/16876","targetHints":{"allow":["GET"]}}],"collection":[{"href":"https:\/\/www.csj-emballages.com\/de\/wp-json\/wp\/v2\/product"}],"about":[{"href":"https:\/\/www.csj-emballages.com\/de\/wp-json\/wp\/v2\/types\/product"}],"wp:featuredmedia":[{"embeddable":true,"href":"https:\/\/www.csj-emballages.com\/de\/wp-json\/wp\/v2\/media\/220970"}],"wp:attachment":[{"href":"https:\/\/www.csj-emballages.com\/de\/wp-json\/wp\/v2\/media?parent=16876"}],"wp:term":[{"taxonomy":"product_brand","embeddable":true,"href":"https:\/\/www.csj-emballages.com\/de\/wp-json\/wp\/v2\/product_brand?post=16876"},{"taxonomy":"product_cat","embeddable":true,"href":"https:\/\/www.csj-emballages.com\/de\/wp-json\/wp\/v2\/product_cat?post=16876"},{"taxonomy":"product_tag","embeddable":true,"href":"https:\/\/www.csj-emballages.com\/de\/wp-json\/wp\/v2\/product_tag?post=16876"}],"curies":[{"name":"wp","href":"https:\/\/api.w.org\/{rel}","templated":true}]}}