{"id":16870,"date":"2024-05-22T11:12:18","date_gmt":"2024-05-22T09:12:18","guid":{"rendered":"https:\/\/u15jnbdpoq.preview.infomaniak.website\/produit\/schachtel-3-1-von-williamsbirne-patisserie-1-2-frucht\/"},"modified":"2026-04-18T02:10:21","modified_gmt":"2026-04-18T00:10:21","slug":"schachtel-3-1-von-williamsbirne-patisserie-1-2-frucht","status":"publish","type":"product","link":"https:\/\/www.csj-emballages.com\/de\/produit\/schachtel-3-1-von-williamsbirne-patisserie-1-2-frucht\/","title":{"rendered":"Halbe Williamsbirnen, Konditorei-Qualit\u00e4t, in 3\/1-Dose"},"content":{"rendered":"<h2>Birnenh\u00e4lften<\/h2>\n<hr>\n<h3>Entdecken Sie unsere halben Williamsbirnen, Konditorei-Qualit\u00e4t, in 3\/1-Dose.<\/h3>\n<p><!--more--><\/p>\n<p data-start=\"247\" data-end=\"693\">Diese <strong data-start=\"251\" data-end=\"286\">halben Williamsbirnen<\/strong> sind eine echte Komfortl\u00f6sung f\u00fcr Profis, die schnell arbeiten m\u00f6chten, ohne Kompromisse bei Geschmack oder Optik einzugehen. Bereits <strong>geschnitten<\/strong> und <strong>gebrauchsfertig<\/strong>, sparen sie wertvolle Zeit und gew\u00e4hrleisten eine sch\u00f6ne Gleichm\u00e4\u00dfigkeit bei der Zubereitung. Jede <strong>halbe Birne<\/strong> hat eine klare Form, zartes Fruchtfleisch und eine helle Farbe, die auch nach dem Kochen oder Anrichten appetitlich bleibt.  <\/p>\n<p data-start=\"695\" data-end=\"1107\">Der <strong>leichte Sirup<\/strong>, in dem die <strong>Birnen<\/strong> konserviert sind, respektiert den nat\u00fcrlichen Geschmack der <strong>Williamsbirne<\/strong>. Das Ergebnis: ein milder, ausgewogener, niemals aufdringlicher Geschmack, der sowohl zu klassischen Desserts als auch zu moderneren Kreationen passt. <strong>Tarte Bourdaloue, Entremets, Verrines, Kuchen, Obstsalate oder als Beilage zu einem Tellerdessert<\/strong>\u2026 diese <strong>Birnen<\/strong> finden leicht ihren Platz in zahlreichen Rezepten. <\/p>\n<p data-start=\"1109\" data-end=\"1456\">Dank ihrer <strong data-start=\"1122\" data-end=\"1144\">Konditorei-Qualit\u00e4t<\/strong> behalten sie beim Schneiden und Backen perfekt ihre Form. Sie zerfallen nicht, br\u00e4unen nicht zu schnell und behalten eine angenehme Textur im Mund. Die <strong>Dose<\/strong> <strong data-start=\"1307\" data-end=\"1314\">3\/1<\/strong> ist ideal f\u00fcr Restaurants, Konditoreien, Caterer oder Gro\u00dfk\u00fcchen, da sie eine gute Ausbeute bietet und Verluste minimiert.  <\/p>\n<p data-start=\"1458\" data-end=\"1763\">Kurz gesagt, diese <strong>halben Williamsbirnen<\/strong> vereinfachen Ihren Alltag. Sie erm\u00f6glichen Ihnen, bei Desserts konstant zu bleiben, schneller zu arbeiten und ansprechende Teller zu pr\u00e4sentieren, ohne sich um Sch\u00e4len oder Schneiden k\u00fcmmern zu m\u00fcssen. Ein zuverl\u00e4ssiges, praktisches und vielseitiges Produkt, f\u00fcr Profis entwickelt.  <\/p>\n<p>&nbsp;<\/p>\n<p><!--more--><\/p>\n<h4>Vorteile :<\/h4>\n<ul>\n<li data-start=\"1791\" data-end=\"1834\"><strong>Halbe Fr\u00fcchte<\/strong>, gleichm\u00e4\u00dfig und gebrauchsfertig.<\/li>\n<li data-start=\"1837\" data-end=\"1879\">Schmelzende Textur, ideal f\u00fcr die Patisserie.<\/li>\n<li data-start=\"1882\" data-end=\"1904\">Milder und nat\u00fcrlicher Geschmack.<\/li>\n<li data-start=\"1907\" data-end=\"1948\">Gute Formstabilit\u00e4t beim Kochen und Anrichten.<\/li>\n<li data-start=\"1951\" data-end=\"1999\"><strong>3\/1-Format<\/strong>, wirtschaftlich f\u00fcr den professionellen Einsatz.<\/li>\n<\/ul>\n<p>&nbsp;<\/p>\n<p><!--more--><\/p>\n<h4>Weitere Informationen:<\/h4>\n<ul>\n<li><strong>Verpackung<\/strong>: Schachtel 3\/1<\/li>\n<li><strong>Abtropfgewicht<\/strong>: 1435 g<\/li>\n<\/ul>\n<p>&nbsp;<\/p>\n<p><!--more--><\/p>\n<p><a href=\"https:\/\/www.csj-emballages.com\/de\/\">Entdecken Sie den Rest unseres Birnen-in-Sirup-Sortiments<\/a><\/p>\n","protected":false},"excerpt":{"rendered":"<p>Birnenh\u00e4lften Entdecken Sie unsere halben Williamsbirnen, Konditorei-Qualit\u00e4t, in 3\/1-Dose.<\/p>\n","protected":false},"featured_media":260908,"template":"","meta":{"_acf_changed":false},"product_brand":[],"product_cat":[1144,1183,1194,5933],"product_tag":[],"class_list":{"0":"post-16870","1":"product","2":"type-product","3":"status-publish","4":"has-post-thumbnail","6":"product_cat-lebensmittel","7":"product_cat-lebensmittel-de","8":"product_cat-trockenfruchte-sirup","9":"product_cat-birne","11":"first","12":"instock","13":"featured","14":"taxable","15":"shipping-taxable","16":"purchasable","17":"product-type-simple"},"acf":[],"yoast_head":"<!-- This site is optimized with the Yoast SEO Premium plugin v26.6 (Yoast SEO v26.6) - https:\/\/yoast.com\/wordpress\/plugins\/seo\/ -->\n<title>Halbe Williamsbirnen, Konserviert, Konditorei-Qualit\u00e4t, in 3\/1 Dose<\/title>\n<meta name=\"description\" content=\"Halbe Williamsbirnen, Konditorei-Qualit\u00e4t, in 3\/1-Dose. Gebrauchsfertig, nat\u00fcrlicher Geschmack und hervorragende Stabilit\u00e4t f\u00fcr Desserts und Profi-Rezepte.\" \/>\n<meta name=\"robots\" content=\"index, follow, max-snippet:-1, max-image-preview:large, max-video-preview:-1\" \/>\n<link rel=\"canonical\" href=\"https:\/\/www.csj-emballages.com\/de\/produit\/schachtel-3-1-von-williamsbirne-patisserie-1-2-frucht\/\" \/>\n<meta property=\"og:locale\" content=\"de_DE\" \/>\n<meta property=\"og:type\" content=\"article\" \/>\n<meta property=\"og:title\" content=\"Halbe Williamsbirnen, Konditorei-Qualit\u00e4t, in 3\/1-Dose\" \/>\n<meta property=\"og:description\" content=\"Halbe Williamsbirnen, Konditorei-Qualit\u00e4t, in 3\/1-Dose. Gebrauchsfertig, nat\u00fcrlicher Geschmack und hervorragende Stabilit\u00e4t f\u00fcr Desserts und Profi-Rezepte.\" \/>\n<meta property=\"og:url\" content=\"https:\/\/www.csj-emballages.com\/de\/produit\/schachtel-3-1-von-williamsbirne-patisserie-1-2-frucht\/\" \/>\n<meta property=\"og:site_name\" content=\"CSJ Emballages\" \/>\n<meta property=\"article:publisher\" content=\"https:\/\/www.facebook.com\/csjemballages\" \/>\n<meta property=\"article:modified_time\" content=\"2026-04-18T00:10:21+00:00\" \/>\n<meta property=\"og:image\" content=\"https:\/\/www.csj-emballages.com\/wp-content\/uploads\/2024\/05\/020119.webp\" \/>\n\t<meta property=\"og:image:width\" content=\"800\" \/>\n\t<meta property=\"og:image:height\" content=\"800\" \/>\n\t<meta property=\"og:image:type\" content=\"image\/webp\" \/>\n<meta name=\"twitter:card\" content=\"summary_large_image\" \/>\n<meta name=\"twitter:label1\" content=\"Gesch\u00e4tzte Lesezeit\" \/>\n\t<meta name=\"twitter:data1\" content=\"1\u00a0Minute\" \/>\n<script type=\"application\/ld+json\" class=\"yoast-schema-graph\">{\"@context\":\"https:\/\/schema.org\",\"@graph\":[{\"@type\":\"WebPage\",\"@id\":\"https:\/\/www.csj-emballages.com\/de\/produit\/schachtel-3-1-von-williamsbirne-patisserie-1-2-frucht\/\",\"url\":\"https:\/\/www.csj-emballages.com\/de\/produit\/schachtel-3-1-von-williamsbirne-patisserie-1-2-frucht\/\",\"name\":\"Halbe Williamsbirnen, Konserviert, Konditorei-Qualit\u00e4t, in 3\/1 Dose\",\"isPartOf\":{\"@id\":\"https:\/\/www.csj-emballages.com\/de\/#website\"},\"primaryImageOfPage\":{\"@id\":\"https:\/\/www.csj-emballages.com\/de\/produit\/schachtel-3-1-von-williamsbirne-patisserie-1-2-frucht\/#primaryimage\"},\"image\":{\"@id\":\"https:\/\/www.csj-emballages.com\/de\/produit\/schachtel-3-1-von-williamsbirne-patisserie-1-2-frucht\/#primaryimage\"},\"thumbnailUrl\":\"https:\/\/www.csj-emballages.com\/wp-content\/uploads\/2024\/05\/020119.webp\",\"datePublished\":\"2024-05-22T09:12:18+00:00\",\"dateModified\":\"2026-04-18T00:10:21+00:00\",\"description\":\"Halbe Williamsbirnen, Konditorei-Qualit\u00e4t, in 3\/1-Dose. Gebrauchsfertig, nat\u00fcrlicher Geschmack und hervorragende Stabilit\u00e4t f\u00fcr Desserts und Profi-Rezepte.\",\"breadcrumb\":{\"@id\":\"https:\/\/www.csj-emballages.com\/de\/produit\/schachtel-3-1-von-williamsbirne-patisserie-1-2-frucht\/#breadcrumb\"},\"inLanguage\":\"de\",\"potentialAction\":[{\"@type\":\"ReadAction\",\"target\":[\"https:\/\/www.csj-emballages.com\/de\/produit\/schachtel-3-1-von-williamsbirne-patisserie-1-2-frucht\/\"]}]},{\"@type\":\"ImageObject\",\"inLanguage\":\"de\",\"@id\":\"https:\/\/www.csj-emballages.com\/de\/produit\/schachtel-3-1-von-williamsbirne-patisserie-1-2-frucht\/#primaryimage\",\"url\":\"https:\/\/www.csj-emballages.com\/wp-content\/uploads\/2024\/05\/020119.webp\",\"contentUrl\":\"https:\/\/www.csj-emballages.com\/wp-content\/uploads\/2024\/05\/020119.webp\",\"width\":800,\"height\":800,\"caption\":\"Demi-poires\"},{\"@type\":\"BreadcrumbList\",\"@id\":\"https:\/\/www.csj-emballages.com\/de\/produit\/schachtel-3-1-von-williamsbirne-patisserie-1-2-frucht\/#breadcrumb\",\"itemListElement\":[{\"@type\":\"ListItem\",\"position\":1,\"name\":\"Accueil\",\"item\":\"https:\/\/www.csj-emballages.com\/de\/universum-lebensmittelverpackungen\/\"},{\"@type\":\"ListItem\",\"position\":2,\"name\":\"Shop\",\"item\":\"https:\/\/www.csj-emballages.com\/shop\/\"},{\"@type\":\"ListItem\",\"position\":3,\"name\":\"Halbe Williamsbirnen, Konditorei-Qualit\u00e4t, in 3\/1-Dose\"}]},{\"@type\":\"WebSite\",\"@id\":\"https:\/\/www.csj-emballages.com\/de\/#website\",\"url\":\"https:\/\/www.csj-emballages.com\/de\/\",\"name\":\"CSJ Emballages\",\"description\":\"\",\"publisher\":{\"@id\":\"https:\/\/www.csj-emballages.com\/de\/#organization\"},\"potentialAction\":[{\"@type\":\"SearchAction\",\"target\":{\"@type\":\"EntryPoint\",\"urlTemplate\":\"https:\/\/www.csj-emballages.com\/de\/?s={search_term_string}\"},\"query-input\":{\"@type\":\"PropertyValueSpecification\",\"valueRequired\":true,\"valueName\":\"search_term_string\"}}],\"inLanguage\":\"de\"},{\"@type\":\"Organization\",\"@id\":\"https:\/\/www.csj-emballages.com\/de\/#Organization\/\",\"name\":\"CSJ Emballages\",\"url\":\"https:\/\/www.csj-emballages.com\/de\/\",\"logo\":{\"@type\":\"ImageObject\",\"inLanguage\":\"de\",\"@id\":\"https:\/\/www.csj-emballages.com\/de\/#\/schema\/logo\/image\/\",\"url\":\"https:\/\/www.csj-emballages.com\/wp-content\/uploads\/2023\/10\/logo_csj.webp\",\"contentUrl\":\"https:\/\/www.csj-emballages.com\/wp-content\/uploads\/2023\/10\/logo_csj.webp\",\"width\":250,\"height\":95,\"caption\":\"CSJ Emballages\"},\"image\":{\"@id\":\"https:\/\/www.csj-emballages.com\/de\/#\/schema\/logo\/image\/\"},\"sameAs\":[\"https:\/\/www.facebook.com\/csjemballages\"],\"address\":{\"@type\":\"PostalAddress\",\"streetAddress\":\"ZI La Lechere\",\"addressLocality\":\"Patornay\",\"postalCode\":\"39130\",\"addressCountry\":\"FR\"},\"contactPoint\":[{\"@type\":\"ContactPoint\",\"contactType\":\"Service client\",\"telephone\":\"0384254272\",\"email\":\"contact@csj-emballages.com\"}]}]}<\/script>\n<!-- \/ Yoast SEO Premium plugin. -->","yoast_head_json":{"title":"Halbe Williamsbirnen, Konserviert, Konditorei-Qualit\u00e4t, in 3\/1 Dose","description":"Halbe Williamsbirnen, Konditorei-Qualit\u00e4t, in 3\/1-Dose. Gebrauchsfertig, nat\u00fcrlicher Geschmack und hervorragende Stabilit\u00e4t f\u00fcr Desserts und Profi-Rezepte.","robots":{"index":"index","follow":"follow","max-snippet":"max-snippet:-1","max-image-preview":"max-image-preview:large","max-video-preview":"max-video-preview:-1"},"canonical":"https:\/\/www.csj-emballages.com\/de\/produit\/schachtel-3-1-von-williamsbirne-patisserie-1-2-frucht\/","og_locale":"de_DE","og_type":"article","og_title":"Halbe Williamsbirnen, Konditorei-Qualit\u00e4t, in 3\/1-Dose","og_description":"Halbe Williamsbirnen, Konditorei-Qualit\u00e4t, in 3\/1-Dose. Gebrauchsfertig, nat\u00fcrlicher Geschmack und hervorragende Stabilit\u00e4t f\u00fcr Desserts und Profi-Rezepte.","og_url":"https:\/\/www.csj-emballages.com\/de\/produit\/schachtel-3-1-von-williamsbirne-patisserie-1-2-frucht\/","og_site_name":"CSJ Emballages","article_publisher":"https:\/\/www.facebook.com\/csjemballages","article_modified_time":"2026-04-18T00:10:21+00:00","og_image":[{"width":800,"height":800,"url":"https:\/\/www.csj-emballages.com\/wp-content\/uploads\/2024\/05\/020119.webp","type":"image\/webp"}],"twitter_card":"summary_large_image","twitter_misc":{"Gesch\u00e4tzte Lesezeit":"1\u00a0Minute"},"schema":{"@context":"https:\/\/schema.org","@graph":[{"@type":"WebPage","@id":"https:\/\/www.csj-emballages.com\/de\/produit\/schachtel-3-1-von-williamsbirne-patisserie-1-2-frucht\/","url":"https:\/\/www.csj-emballages.com\/de\/produit\/schachtel-3-1-von-williamsbirne-patisserie-1-2-frucht\/","name":"Halbe Williamsbirnen, Konserviert, Konditorei-Qualit\u00e4t, in 3\/1 Dose","isPartOf":{"@id":"https:\/\/www.csj-emballages.com\/de\/#website"},"primaryImageOfPage":{"@id":"https:\/\/www.csj-emballages.com\/de\/produit\/schachtel-3-1-von-williamsbirne-patisserie-1-2-frucht\/#primaryimage"},"image":{"@id":"https:\/\/www.csj-emballages.com\/de\/produit\/schachtel-3-1-von-williamsbirne-patisserie-1-2-frucht\/#primaryimage"},"thumbnailUrl":"https:\/\/www.csj-emballages.com\/wp-content\/uploads\/2024\/05\/020119.webp","datePublished":"2024-05-22T09:12:18+00:00","dateModified":"2026-04-18T00:10:21+00:00","description":"Halbe Williamsbirnen, Konditorei-Qualit\u00e4t, in 3\/1-Dose. Gebrauchsfertig, nat\u00fcrlicher Geschmack und hervorragende Stabilit\u00e4t f\u00fcr Desserts und Profi-Rezepte.","breadcrumb":{"@id":"https:\/\/www.csj-emballages.com\/de\/produit\/schachtel-3-1-von-williamsbirne-patisserie-1-2-frucht\/#breadcrumb"},"inLanguage":"de","potentialAction":[{"@type":"ReadAction","target":["https:\/\/www.csj-emballages.com\/de\/produit\/schachtel-3-1-von-williamsbirne-patisserie-1-2-frucht\/"]}]},{"@type":"ImageObject","inLanguage":"de","@id":"https:\/\/www.csj-emballages.com\/de\/produit\/schachtel-3-1-von-williamsbirne-patisserie-1-2-frucht\/#primaryimage","url":"https:\/\/www.csj-emballages.com\/wp-content\/uploads\/2024\/05\/020119.webp","contentUrl":"https:\/\/www.csj-emballages.com\/wp-content\/uploads\/2024\/05\/020119.webp","width":800,"height":800,"caption":"Demi-poires"},{"@type":"BreadcrumbList","@id":"https:\/\/www.csj-emballages.com\/de\/produit\/schachtel-3-1-von-williamsbirne-patisserie-1-2-frucht\/#breadcrumb","itemListElement":[{"@type":"ListItem","position":1,"name":"Accueil","item":"https:\/\/www.csj-emballages.com\/de\/universum-lebensmittelverpackungen\/"},{"@type":"ListItem","position":2,"name":"Shop","item":"https:\/\/www.csj-emballages.com\/shop\/"},{"@type":"ListItem","position":3,"name":"Halbe Williamsbirnen, Konditorei-Qualit\u00e4t, in 3\/1-Dose"}]},{"@type":"WebSite","@id":"https:\/\/www.csj-emballages.com\/de\/#website","url":"https:\/\/www.csj-emballages.com\/de\/","name":"CSJ Emballages","description":"","publisher":{"@id":"https:\/\/www.csj-emballages.com\/de\/#organization"},"potentialAction":[{"@type":"SearchAction","target":{"@type":"EntryPoint","urlTemplate":"https:\/\/www.csj-emballages.com\/de\/?s={search_term_string}"},"query-input":{"@type":"PropertyValueSpecification","valueRequired":true,"valueName":"search_term_string"}}],"inLanguage":"de"},{"@type":"Organization","@id":"https:\/\/www.csj-emballages.com\/de\/#Organization\/","name":"CSJ Emballages","url":"https:\/\/www.csj-emballages.com\/de\/","logo":{"@type":"ImageObject","inLanguage":"de","@id":"https:\/\/www.csj-emballages.com\/de\/#\/schema\/logo\/image\/","url":"https:\/\/www.csj-emballages.com\/wp-content\/uploads\/2023\/10\/logo_csj.webp","contentUrl":"https:\/\/www.csj-emballages.com\/wp-content\/uploads\/2023\/10\/logo_csj.webp","width":250,"height":95,"caption":"CSJ Emballages"},"image":{"@id":"https:\/\/www.csj-emballages.com\/de\/#\/schema\/logo\/image\/"},"sameAs":["https:\/\/www.facebook.com\/csjemballages"],"address":{"@type":"PostalAddress","streetAddress":"ZI La Lechere","addressLocality":"Patornay","postalCode":"39130","addressCountry":"FR"},"contactPoint":[{"@type":"ContactPoint","contactType":"Service client","telephone":"0384254272","email":"contact@csj-emballages.com"}]}]}},"df_price":10.2,"df_sale_price":"","df_regular_price":10.2,"df_image_link":"https:\/\/www.csj-emballages.com\/wp-content\/uploads\/2024\/05\/020119-300x300.webp","tiered_pricing_type":"fixed","tiered_pricing_fixed_rules":[],"tiered_pricing_percentage_rules":[],"tiered_pricing_minimum":1,"tiered_pricing_roles_data":[],"_links":{"self":[{"href":"https:\/\/www.csj-emballages.com\/de\/wp-json\/wp\/v2\/product\/16870","targetHints":{"allow":["GET"]}}],"collection":[{"href":"https:\/\/www.csj-emballages.com\/de\/wp-json\/wp\/v2\/product"}],"about":[{"href":"https:\/\/www.csj-emballages.com\/de\/wp-json\/wp\/v2\/types\/product"}],"wp:featuredmedia":[{"embeddable":true,"href":"https:\/\/www.csj-emballages.com\/de\/wp-json\/wp\/v2\/media\/260908"}],"wp:attachment":[{"href":"https:\/\/www.csj-emballages.com\/de\/wp-json\/wp\/v2\/media?parent=16870"}],"wp:term":[{"taxonomy":"product_brand","embeddable":true,"href":"https:\/\/www.csj-emballages.com\/de\/wp-json\/wp\/v2\/product_brand?post=16870"},{"taxonomy":"product_cat","embeddable":true,"href":"https:\/\/www.csj-emballages.com\/de\/wp-json\/wp\/v2\/product_cat?post=16870"},{"taxonomy":"product_tag","embeddable":true,"href":"https:\/\/www.csj-emballages.com\/de\/wp-json\/wp\/v2\/product_tag?post=16870"}],"curies":[{"name":"wp","href":"https:\/\/api.w.org\/{rel}","templated":true}]}}