{"id":16864,"date":"2024-05-22T11:10:20","date_gmt":"2024-05-22T09:10:20","guid":{"rendered":"https:\/\/u15jnbdpoq.preview.infomaniak.website\/produit\/schachtel-3-1-premium-aprikose-ungeschaelt\/"},"modified":"2026-03-12T16:00:34","modified_gmt":"2026-03-12T15:00:34","slug":"schachtel-3-1-premium-aprikose-ungeschaelt","status":"publish","type":"product","link":"https:\/\/www.csj-emballages.com\/de\/produit\/schachtel-3-1-premium-aprikose-ungeschaelt\/","title":{"rendered":"Ungesch\u00e4lte Aprikosenh\u00e4lften, Konditorei-Qualit\u00e4t, Dose 3\/1"},"content":{"rendered":"<h2>Aprikosenh\u00e4lften<\/h2>\n<hr>\n<h3>Entdecken Sie unsere ungesch\u00e4lten Aprikosenh\u00e4lften in Konditorei-Qualit\u00e4t, Dose 3\/1<\/h3>\n<p><!--more--><\/p>\n<p data-start=\"277\" data-end=\"591\">Diese <strong data-start=\"281\" data-end=\"324\">Aprikosenh\u00e4lften in Konditorei-Qualit\u00e4t<\/strong> sind eine echte Bank f\u00fcr alle K\u00fcchen, die gerne mit zuverl\u00e4ssigen und k\u00f6stlichen Produkten arbeiten. Pr\u00e4sentiert in der <strong data-start=\"452\" data-end=\"465\">Dose 3\/1<\/strong>, bieten sie eine ideale Menge f\u00fcr Profis und gew\u00e4hrleisten gleichzeitig eine perfekte Gleichm\u00e4\u00dfigkeit von einem Service zum n\u00e4chsten. <\/p>\n<p data-start=\"593\" data-end=\"996\">Jede <strong>Aprikosenh\u00e4lfte<\/strong> wird sorgf\u00e4ltig nach ihrer Konsistenz und ihrem Geschmack ausgew\u00e4hlt. <strong>Ungesch\u00e4lt<\/strong> behalten sie ihr nat\u00fcrliches Aussehen sowie eine angenehme Textur nach dem Kochen oder der kalten Verwendung. Ihr Fruchtfleisch ist zartschmelzend, gut ausgewogen, weder zu fest noch zu zerbrechlich, was eine einfache Handhabung ohne Besch\u00e4digung erm\u00f6glicht. So sparen Sie Zeit bei der Zubereitung und erzielen gleichzeitig ein gepflegtes visuelles Ergebnis.  <\/p>\n<p data-start=\"998\" data-end=\"1372\">Ebenso integriert sich ihr milder und leicht s\u00e4uerlicher Geschmack sowohl in traditionelle Desserts als auch in modernere Kreationen. <strong>Torten, Entremets, Clafoutis, F\u00fcllungen, Verrines<\/strong> oder sogar s\u00fc\u00df-salzige Beilagen: Diese <strong>Aprikosenh\u00e4lften<\/strong> passen sich allen W\u00fcnschen an. Dank ihres homogenen Kalibers bleibt das Anrichten sauber und regelm\u00e4\u00dfig, selbst bei gro\u00dfen Produktionen. <\/p>\n<p data-start=\"1374\" data-end=\"1663\">Dar\u00fcber hinaus gew\u00e4hrleistet die Konservendose eine hervorragende Haltbarkeit und ganzj\u00e4hrige sofortige Verf\u00fcgbarkeit. Sie k\u00f6nnen daher beruhigt arbeiten, ohne von der Saisonalit\u00e4t frischer Fr\u00fcchte abh\u00e4ngig zu sein. Das ist ein echter Komfort in der K\u00fcche, besonders wenn die Mengen steigen.  <\/p>\n<p data-start=\"1665\" data-end=\"1885\">Zusammenfassend vereinen diese <strong>Aprikosenh\u00e4lften in Konditorei-Qualit\u00e4t<\/strong> Praktikabilit\u00e4t, Best\u00e4ndigkeit und Genuss. Eine einfache, effiziente und zuverl\u00e4ssige Zutat, entwickelt, um den Anforderungen von Profis in der Patisserie und Gastronomie gerecht zu werden. <\/p>\n<p data-start=\"1665\" data-end=\"1885\">\n<p data-start=\"1665\" data-end=\"1885\"><!--more--><\/p>\n<h4 data-start=\"1665\" data-end=\"1885\">Vorteile :<\/h4>\n<ul>\n<li data-start=\"1913\" data-end=\"1966\"><strong>Konditorei-Qualit\u00e4t<\/strong>, f\u00fcr den professionellen Einsatz geeignet.<\/li>\n<li data-start=\"1969\" data-end=\"2006\"><strong>Ungesch\u00e4lte Aprikosenh\u00e4lften<\/strong>, nat\u00fcrliches Aussehen.<\/li>\n<li data-start=\"2009\" data-end=\"2042\">Zartschmelzende Textur und gute Formstabilit\u00e4t.<\/li>\n<li data-start=\"2045\" data-end=\"2080\">Ausgewogener Geschmack, leicht zu kombinieren.<\/li>\n<li data-start=\"2083\" data-end=\"2129\"><strong>Dose 3\/1<\/strong>, ideal f\u00fcr gro\u00dfe Mengen.<\/li>\n<\/ul>\n<p>&nbsp;<\/p>\n<p><!--more--><\/p>\n<h4>Weitere Informationen:<\/h4>\n<ul>\n<li><strong>Verpackung<\/strong>: Schachtel 3\/1<\/li>\n<li><strong>Abtropfgewicht<\/strong>: 1.480 gr<\/li>\n<li><strong>Durchschnittsgewicht einer Aprikosenh\u00e4lfte<\/strong>: 17 bis 19 gr<\/li>\n<li><strong>Anzahl der Aprikosenh\u00e4lften<\/strong>: 73 bis 87<\/li>\n<li><strong>Durchschnittlicher Durchmesser<\/strong>: 39 bis 42 mm<\/li>\n<\/ul>\n<p>&nbsp;<\/p>\n<p><!--more--><\/p>\n<p><a href=\"https:\/\/www.csj-emballages.com\/de\/categorie-produit\/lebensmittel\/lebensmittel-de\/trockenfruchte-sirup\/aprikose\/\">Entdecken Sie unser weiteres Sortiment an Aprikosen in Sirup<\/a><\/p>\n","protected":false},"excerpt":{"rendered":"<p>Aprikosenh\u00e4lften Entdecken Sie unsere ungesch\u00e4lten Aprikosenh\u00e4lften in Konditorei-Qualit\u00e4t, Dose 3\/1<\/p>\n","protected":false},"featured_media":260819,"template":"","meta":{"_acf_changed":false},"product_brand":[],"product_cat":[1144,1183,1194,5929],"product_tag":[],"class_list":{"0":"post-16864","1":"product","2":"type-product","3":"status-publish","4":"has-post-thumbnail","6":"product_cat-lebensmittel","7":"product_cat-lebensmittel-de","8":"product_cat-trockenfruchte-sirup","9":"product_cat-aprikose","11":"first","12":"instock","13":"featured","14":"taxable","15":"shipping-taxable","16":"purchasable","17":"product-type-simple"},"acf":[],"yoast_head":"<!-- This site is optimized with the Yoast SEO Premium plugin v26.6 (Yoast SEO v26.6) - https:\/\/yoast.com\/wordpress\/plugins\/seo\/ -->\n<title>Aprikosenh\u00e4lften, Konditorei-Qualit\u00e4t, ungesch\u00e4lt, Dose 3\/1<\/title>\n<meta name=\"description\" content=\"Ungesch\u00e4lte Aprikosenh\u00e4lften in Konditorei-Qualit\u00e4t, Dose 3\/1. Zartschmelzende Textur, ausgewogener Geschmack und ideales Format f\u00fcr Profis.\" \/>\n<meta name=\"robots\" content=\"index, follow, max-snippet:-1, max-image-preview:large, max-video-preview:-1\" \/>\n<link rel=\"canonical\" href=\"https:\/\/www.csj-emballages.com\/de\/produit\/schachtel-3-1-premium-aprikose-ungeschaelt\/\" \/>\n<meta property=\"og:locale\" content=\"de_DE\" \/>\n<meta property=\"og:type\" content=\"article\" \/>\n<meta property=\"og:title\" content=\"Ungesch\u00e4lte Aprikosenh\u00e4lften, Konditorei-Qualit\u00e4t, Dose 3\/1\" \/>\n<meta property=\"og:description\" content=\"Ungesch\u00e4lte Aprikosenh\u00e4lften in Konditorei-Qualit\u00e4t, Dose 3\/1. Zartschmelzende Textur, ausgewogener Geschmack und ideales Format f\u00fcr Profis.\" \/>\n<meta property=\"og:url\" content=\"https:\/\/www.csj-emballages.com\/de\/produit\/schachtel-3-1-premium-aprikose-ungeschaelt\/\" \/>\n<meta property=\"og:site_name\" content=\"CSJ Emballages\" \/>\n<meta property=\"article:publisher\" content=\"https:\/\/www.facebook.com\/csjemballages\" \/>\n<meta property=\"article:modified_time\" content=\"2026-03-12T15:00:34+00:00\" \/>\n<meta property=\"og:image\" content=\"https:\/\/www.csj-emballages.com\/wp-content\/uploads\/2024\/05\/010125.webp\" \/>\n\t<meta property=\"og:image:width\" content=\"800\" \/>\n\t<meta property=\"og:image:height\" content=\"800\" \/>\n\t<meta property=\"og:image:type\" content=\"image\/webp\" \/>\n<meta name=\"twitter:card\" content=\"summary_large_image\" \/>\n<meta name=\"twitter:label1\" content=\"Gesch\u00e4tzte Lesezeit\" \/>\n\t<meta name=\"twitter:data1\" content=\"2 Minuten\" \/>\n<script type=\"application\/ld+json\" class=\"yoast-schema-graph\">{\"@context\":\"https:\/\/schema.org\",\"@graph\":[{\"@type\":\"WebPage\",\"@id\":\"https:\/\/www.csj-emballages.com\/de\/produit\/schachtel-3-1-premium-aprikose-ungeschaelt\/\",\"url\":\"https:\/\/www.csj-emballages.com\/de\/produit\/schachtel-3-1-premium-aprikose-ungeschaelt\/\",\"name\":\"Aprikosenh\u00e4lften, Konditorei-Qualit\u00e4t, ungesch\u00e4lt, Dose 3\/1\",\"isPartOf\":{\"@id\":\"https:\/\/www.csj-emballages.com\/de\/#website\"},\"primaryImageOfPage\":{\"@id\":\"https:\/\/www.csj-emballages.com\/de\/produit\/schachtel-3-1-premium-aprikose-ungeschaelt\/#primaryimage\"},\"image\":{\"@id\":\"https:\/\/www.csj-emballages.com\/de\/produit\/schachtel-3-1-premium-aprikose-ungeschaelt\/#primaryimage\"},\"thumbnailUrl\":\"https:\/\/www.csj-emballages.com\/wp-content\/uploads\/2024\/05\/010125.webp\",\"datePublished\":\"2024-05-22T09:10:20+00:00\",\"dateModified\":\"2026-03-12T15:00:34+00:00\",\"description\":\"Ungesch\u00e4lte Aprikosenh\u00e4lften in Konditorei-Qualit\u00e4t, Dose 3\/1. Zartschmelzende Textur, ausgewogener Geschmack und ideales Format f\u00fcr Profis.\",\"breadcrumb\":{\"@id\":\"https:\/\/www.csj-emballages.com\/de\/produit\/schachtel-3-1-premium-aprikose-ungeschaelt\/#breadcrumb\"},\"inLanguage\":\"de\",\"potentialAction\":[{\"@type\":\"ReadAction\",\"target\":[\"https:\/\/www.csj-emballages.com\/de\/produit\/schachtel-3-1-premium-aprikose-ungeschaelt\/\"]}]},{\"@type\":\"ImageObject\",\"inLanguage\":\"de\",\"@id\":\"https:\/\/www.csj-emballages.com\/de\/produit\/schachtel-3-1-premium-aprikose-ungeschaelt\/#primaryimage\",\"url\":\"https:\/\/www.csj-emballages.com\/wp-content\/uploads\/2024\/05\/010125.webp\",\"contentUrl\":\"https:\/\/www.csj-emballages.com\/wp-content\/uploads\/2024\/05\/010125.webp\",\"width\":800,\"height\":800,\"caption\":\"Oreillons d'abricots\"},{\"@type\":\"BreadcrumbList\",\"@id\":\"https:\/\/www.csj-emballages.com\/de\/produit\/schachtel-3-1-premium-aprikose-ungeschaelt\/#breadcrumb\",\"itemListElement\":[{\"@type\":\"ListItem\",\"position\":1,\"name\":\"Accueil\",\"item\":\"https:\/\/www.csj-emballages.com\/de\/universum-lebensmittelverpackungen\/\"},{\"@type\":\"ListItem\",\"position\":2,\"name\":\"Shop\",\"item\":\"https:\/\/www.csj-emballages.com\/shop\/\"},{\"@type\":\"ListItem\",\"position\":3,\"name\":\"Ungesch\u00e4lte Aprikosenh\u00e4lften, Konditorei-Qualit\u00e4t, Dose 3\/1\"}]},{\"@type\":\"WebSite\",\"@id\":\"https:\/\/www.csj-emballages.com\/de\/#website\",\"url\":\"https:\/\/www.csj-emballages.com\/de\/\",\"name\":\"CSJ Emballages\",\"description\":\"\",\"publisher\":{\"@id\":\"https:\/\/www.csj-emballages.com\/de\/#organization\"},\"potentialAction\":[{\"@type\":\"SearchAction\",\"target\":{\"@type\":\"EntryPoint\",\"urlTemplate\":\"https:\/\/www.csj-emballages.com\/de\/?s={search_term_string}\"},\"query-input\":{\"@type\":\"PropertyValueSpecification\",\"valueRequired\":true,\"valueName\":\"search_term_string\"}}],\"inLanguage\":\"de\"},{\"@type\":\"Organization\",\"@id\":\"https:\/\/www.csj-emballages.com\/de\/#Organization\/\",\"name\":\"CSJ Emballages\",\"url\":\"https:\/\/www.csj-emballages.com\/de\/\",\"logo\":{\"@type\":\"ImageObject\",\"inLanguage\":\"de\",\"@id\":\"https:\/\/www.csj-emballages.com\/de\/#\/schema\/logo\/image\/\",\"url\":\"https:\/\/www.csj-emballages.com\/wp-content\/uploads\/2023\/10\/logo_csj.webp\",\"contentUrl\":\"https:\/\/www.csj-emballages.com\/wp-content\/uploads\/2023\/10\/logo_csj.webp\",\"width\":250,\"height\":95,\"caption\":\"CSJ Emballages\"},\"image\":{\"@id\":\"https:\/\/www.csj-emballages.com\/de\/#\/schema\/logo\/image\/\"},\"sameAs\":[\"https:\/\/www.facebook.com\/csjemballages\"],\"address\":{\"@type\":\"PostalAddress\",\"streetAddress\":\"ZI La Lechere\",\"addressLocality\":\"Patornay\",\"postalCode\":\"39130\",\"addressCountry\":\"FR\"},\"contactPoint\":[{\"@type\":\"ContactPoint\",\"contactType\":\"Service client\",\"telephone\":\"0384254272\",\"email\":\"contact@csj-emballages.com\"}]}]}<\/script>\n<!-- \/ Yoast SEO Premium plugin. -->","yoast_head_json":{"title":"Aprikosenh\u00e4lften, Konditorei-Qualit\u00e4t, ungesch\u00e4lt, Dose 3\/1","description":"Ungesch\u00e4lte Aprikosenh\u00e4lften in Konditorei-Qualit\u00e4t, Dose 3\/1. Zartschmelzende Textur, ausgewogener Geschmack und ideales Format f\u00fcr Profis.","robots":{"index":"index","follow":"follow","max-snippet":"max-snippet:-1","max-image-preview":"max-image-preview:large","max-video-preview":"max-video-preview:-1"},"canonical":"https:\/\/www.csj-emballages.com\/de\/produit\/schachtel-3-1-premium-aprikose-ungeschaelt\/","og_locale":"de_DE","og_type":"article","og_title":"Ungesch\u00e4lte Aprikosenh\u00e4lften, Konditorei-Qualit\u00e4t, Dose 3\/1","og_description":"Ungesch\u00e4lte Aprikosenh\u00e4lften in Konditorei-Qualit\u00e4t, Dose 3\/1. Zartschmelzende Textur, ausgewogener Geschmack und ideales Format f\u00fcr Profis.","og_url":"https:\/\/www.csj-emballages.com\/de\/produit\/schachtel-3-1-premium-aprikose-ungeschaelt\/","og_site_name":"CSJ Emballages","article_publisher":"https:\/\/www.facebook.com\/csjemballages","article_modified_time":"2026-03-12T15:00:34+00:00","og_image":[{"width":800,"height":800,"url":"https:\/\/www.csj-emballages.com\/wp-content\/uploads\/2024\/05\/010125.webp","type":"image\/webp"}],"twitter_card":"summary_large_image","twitter_misc":{"Gesch\u00e4tzte Lesezeit":"2 Minuten"},"schema":{"@context":"https:\/\/schema.org","@graph":[{"@type":"WebPage","@id":"https:\/\/www.csj-emballages.com\/de\/produit\/schachtel-3-1-premium-aprikose-ungeschaelt\/","url":"https:\/\/www.csj-emballages.com\/de\/produit\/schachtel-3-1-premium-aprikose-ungeschaelt\/","name":"Aprikosenh\u00e4lften, Konditorei-Qualit\u00e4t, ungesch\u00e4lt, Dose 3\/1","isPartOf":{"@id":"https:\/\/www.csj-emballages.com\/de\/#website"},"primaryImageOfPage":{"@id":"https:\/\/www.csj-emballages.com\/de\/produit\/schachtel-3-1-premium-aprikose-ungeschaelt\/#primaryimage"},"image":{"@id":"https:\/\/www.csj-emballages.com\/de\/produit\/schachtel-3-1-premium-aprikose-ungeschaelt\/#primaryimage"},"thumbnailUrl":"https:\/\/www.csj-emballages.com\/wp-content\/uploads\/2024\/05\/010125.webp","datePublished":"2024-05-22T09:10:20+00:00","dateModified":"2026-03-12T15:00:34+00:00","description":"Ungesch\u00e4lte Aprikosenh\u00e4lften in Konditorei-Qualit\u00e4t, Dose 3\/1. Zartschmelzende Textur, ausgewogener Geschmack und ideales Format f\u00fcr Profis.","breadcrumb":{"@id":"https:\/\/www.csj-emballages.com\/de\/produit\/schachtel-3-1-premium-aprikose-ungeschaelt\/#breadcrumb"},"inLanguage":"de","potentialAction":[{"@type":"ReadAction","target":["https:\/\/www.csj-emballages.com\/de\/produit\/schachtel-3-1-premium-aprikose-ungeschaelt\/"]}]},{"@type":"ImageObject","inLanguage":"de","@id":"https:\/\/www.csj-emballages.com\/de\/produit\/schachtel-3-1-premium-aprikose-ungeschaelt\/#primaryimage","url":"https:\/\/www.csj-emballages.com\/wp-content\/uploads\/2024\/05\/010125.webp","contentUrl":"https:\/\/www.csj-emballages.com\/wp-content\/uploads\/2024\/05\/010125.webp","width":800,"height":800,"caption":"Oreillons d'abricots"},{"@type":"BreadcrumbList","@id":"https:\/\/www.csj-emballages.com\/de\/produit\/schachtel-3-1-premium-aprikose-ungeschaelt\/#breadcrumb","itemListElement":[{"@type":"ListItem","position":1,"name":"Accueil","item":"https:\/\/www.csj-emballages.com\/de\/universum-lebensmittelverpackungen\/"},{"@type":"ListItem","position":2,"name":"Shop","item":"https:\/\/www.csj-emballages.com\/shop\/"},{"@type":"ListItem","position":3,"name":"Ungesch\u00e4lte Aprikosenh\u00e4lften, Konditorei-Qualit\u00e4t, Dose 3\/1"}]},{"@type":"WebSite","@id":"https:\/\/www.csj-emballages.com\/de\/#website","url":"https:\/\/www.csj-emballages.com\/de\/","name":"CSJ Emballages","description":"","publisher":{"@id":"https:\/\/www.csj-emballages.com\/de\/#organization"},"potentialAction":[{"@type":"SearchAction","target":{"@type":"EntryPoint","urlTemplate":"https:\/\/www.csj-emballages.com\/de\/?s={search_term_string}"},"query-input":{"@type":"PropertyValueSpecification","valueRequired":true,"valueName":"search_term_string"}}],"inLanguage":"de"},{"@type":"Organization","@id":"https:\/\/www.csj-emballages.com\/de\/#Organization\/","name":"CSJ Emballages","url":"https:\/\/www.csj-emballages.com\/de\/","logo":{"@type":"ImageObject","inLanguage":"de","@id":"https:\/\/www.csj-emballages.com\/de\/#\/schema\/logo\/image\/","url":"https:\/\/www.csj-emballages.com\/wp-content\/uploads\/2023\/10\/logo_csj.webp","contentUrl":"https:\/\/www.csj-emballages.com\/wp-content\/uploads\/2023\/10\/logo_csj.webp","width":250,"height":95,"caption":"CSJ Emballages"},"image":{"@id":"https:\/\/www.csj-emballages.com\/de\/#\/schema\/logo\/image\/"},"sameAs":["https:\/\/www.facebook.com\/csjemballages"],"address":{"@type":"PostalAddress","streetAddress":"ZI La Lechere","addressLocality":"Patornay","postalCode":"39130","addressCountry":"FR"},"contactPoint":[{"@type":"ContactPoint","contactType":"Service client","telephone":"0384254272","email":"contact@csj-emballages.com"}]}]}},"df_price":10.72,"df_sale_price":"","df_regular_price":10.72,"df_image_link":"https:\/\/www.csj-emballages.com\/wp-content\/uploads\/2024\/05\/010125-300x300.webp","tiered_pricing_type":"fixed","tiered_pricing_fixed_rules":[],"tiered_pricing_percentage_rules":[],"tiered_pricing_minimum":1,"tiered_pricing_roles_data":[],"_links":{"self":[{"href":"https:\/\/www.csj-emballages.com\/de\/wp-json\/wp\/v2\/product\/16864","targetHints":{"allow":["GET"]}}],"collection":[{"href":"https:\/\/www.csj-emballages.com\/de\/wp-json\/wp\/v2\/product"}],"about":[{"href":"https:\/\/www.csj-emballages.com\/de\/wp-json\/wp\/v2\/types\/product"}],"wp:featuredmedia":[{"embeddable":true,"href":"https:\/\/www.csj-emballages.com\/de\/wp-json\/wp\/v2\/media\/260819"}],"wp:attachment":[{"href":"https:\/\/www.csj-emballages.com\/de\/wp-json\/wp\/v2\/media?parent=16864"}],"wp:term":[{"taxonomy":"product_brand","embeddable":true,"href":"https:\/\/www.csj-emballages.com\/de\/wp-json\/wp\/v2\/product_brand?post=16864"},{"taxonomy":"product_cat","embeddable":true,"href":"https:\/\/www.csj-emballages.com\/de\/wp-json\/wp\/v2\/product_cat?post=16864"},{"taxonomy":"product_tag","embeddable":true,"href":"https:\/\/www.csj-emballages.com\/de\/wp-json\/wp\/v2\/product_tag?post=16864"}],"curies":[{"name":"wp","href":"https:\/\/api.w.org\/{rel}","templated":true}]}}