{"id":16859,"date":"2024-05-22T11:12:15","date_gmt":"2024-05-22T09:12:15","guid":{"rendered":"https:\/\/u15jnbdpoq.preview.infomaniak.website\/produit\/schachtel-4-4-williamsbirne-patisserie-1-2-frucht\/"},"modified":"2026-04-14T02:10:22","modified_gmt":"2026-04-14T00:10:22","slug":"schachtel-4-4-williamsbirne-patisserie-1-2-frucht","status":"publish","type":"product","link":"https:\/\/www.csj-emballages.com\/de\/produit\/schachtel-4-4-williamsbirne-patisserie-1-2-frucht\/","title":{"rendered":"Williams-Birnenh\u00e4lften, konserviert in Dose 4\/4"},"content":{"rendered":"<h2>Birnenh\u00e4lften<\/h2>\n<hr>\n<h3>Entdecken Sie unsere Williams-Birnenh\u00e4lften, konserviert in Dose 4\/4<\/h3>\n<p><!--more--><\/p>\n<p data-start=\"219\" data-end=\"592\">Einfach, zartschmelzend und immer gebrauchsfertig, sind diese <strong data-start=\"273\" data-end=\"321\">Williams-Birnenh\u00e4lften, konserviert in Dose 4\/4<\/strong> ein wahrer Verb\u00fcndeter in der K\u00fcche. Tats\u00e4chlich findet man beim \u00d6ffnen <strong>gut geschnittene<\/strong>, gleichm\u00e4\u00dfige und sch\u00f6n pr\u00e4sentierte Fr\u00fcchte mit einer zarten Textur, die sich perfekt handhaben l\u00e4sst. Ihr milder und leicht aromatischer Geschmack erinnert an <strong>frische Birnen<\/strong>, ohne zu s\u00fc\u00df zu sein.  <\/p>\n<p data-start=\"594\" data-end=\"955\">Dank ihres gro\u00dfz\u00fcgigen Formats passen sie sich leicht vielen Anwendungen an. Ob zum Garnieren eines Desserts, als Beilage zu Geb\u00e4ck, zur Erg\u00e4nzung eines <strong>Obstsalats<\/strong> oder sogar, um einem herzhaften Gericht eine s\u00fc\u00dfe Note zu verleihen \u2013 sie finden immer ihren Platz. Und vor allem sparen sie Zeit: kein Sch\u00e4len, kein Schneiden, alles ist bereits fertig.  <\/p>\n<p data-start=\"957\" data-end=\"1325\">Ebenso ist die <strong>Sorte Williams<\/strong> f\u00fcr ihren zarten Duft und ihr zartschmelzendes Fruchtfleisch bekannt. Hier behalten die <strong>Birnenh\u00e4lften eine sch\u00f6ne Festigkeit<\/strong>, wodurch sie sich verarbeiten lassen, ohne zu zerdr\u00fccken. Sie eignen sich sowohl f\u00fcr Gastronomieprofis als auch f\u00fcr Gro\u00dfk\u00fcchen oder Haushalte, die im Alltag Best\u00e4ndigkeit und Einfachheit suchen.  <\/p>\n<p data-start=\"1327\" data-end=\"1532\">Dar\u00fcber hinaus ist die <strong>Dose 4\/4<\/strong> ideal, um Mengen ohne Verschwendung zu verwalten. Sie \u00f6ffnen, Sie verwenden, und Sie wissen jedes Mal genau, was Sie erwartet. Das ist beruhigend, praktisch und effizient.  <\/p>\n<p data-start=\"1534\" data-end=\"1724\">Zusammenfassend bieten diese <strong>Williams-Birnenh\u00e4lften<\/strong> eine zuverl\u00e4ssige L\u00f6sung, um hochwertige Fr\u00fcchte einfach in Ihre Zubereitungen zu integrieren, w\u00e4hrend Geschmack und Textur stets konstant bleiben.<\/p>\n<p>&nbsp;<\/p>\n<p><!--more--><\/p>\n<h4>Vorteile :<\/h4>\n<ul>\n<li data-start=\"1752\" data-end=\"1792\">Regelm\u00e4\u00dfige und gut geformte <strong>Birnenh\u00e4lften<\/strong>.<\/li>\n<li data-start=\"1795\" data-end=\"1830\">Zartes Fruchtfleisch mit guter Festigkeit.<\/li>\n<li data-start=\"1833\" data-end=\"1857\">Milder und ausgewogener Geschmack.<\/li>\n<li data-start=\"1860\" data-end=\"1886\">Zeitersparnis in der K\u00fcche.<\/li>\n<li data-start=\"1889\" data-end=\"1928\">Praktisches <strong>4\/4-Format<\/strong> f\u00fcr den professionellen Einsatz.<\/li>\n<\/ul>\n<p>&nbsp;<\/p>\n<p><!--more--><\/p>\n<h4>Weitere Informationen :<\/h4>\n<ul>\n<li><strong>Verpackung<\/strong>: Schachtel 4\/4<\/li>\n<li><strong>Form<\/strong>: Birnenh\u00e4lften<\/li>\n<li><strong>Abtropfgewicht<\/strong>: 460 g<\/li>\n<\/ul>\n<p>&nbsp;<\/p>\n<p><!--more--><\/p>\n<p><a href=\"https:\/\/www.csj-emballages.com\/de\/categorie-produit\/lebensmittel\/lebensmittel-de\/trockenfruchte-sirup\/birne\/\">Entdecken Sie den Rest unseres Birnen-in-Sirup-Sortiments<\/a><\/p>\n","protected":false},"excerpt":{"rendered":"<p>Birnenh\u00e4lften Entdecken Sie unsere Williams-Birnenh\u00e4lften, konserviert in Dose 4\/4<\/p>\n","protected":false},"featured_media":260897,"template":"","meta":{"_acf_changed":false},"product_brand":[],"product_cat":[1144,1183,1194,5933],"product_tag":[],"class_list":{"0":"post-16859","1":"product","2":"type-product","3":"status-publish","4":"has-post-thumbnail","6":"product_cat-lebensmittel","7":"product_cat-lebensmittel-de","8":"product_cat-trockenfruchte-sirup","9":"product_cat-birne","11":"first","12":"instock","13":"featured","14":"taxable","15":"shipping-taxable","16":"purchasable","17":"product-type-simple"},"acf":[],"yoast_head":"<!-- This site is optimized with the Yoast SEO Premium plugin v26.6 (Yoast SEO v26.6) - https:\/\/yoast.com\/wordpress\/plugins\/seo\/ -->\n<title>Williams-Birnenh\u00e4lften, Konserviert in Dose 4\/4<\/title>\n<meta name=\"description\" content=\"Williams-Birnenh\u00e4lften, konserviert in Dose 4\/4: zartschmelzende Fr\u00fcchte, gebrauchsfertig, ideal f\u00fcr Desserts, Geb\u00e4ck und professionelle K\u00fcchen.\" \/>\n<meta name=\"robots\" content=\"index, follow, max-snippet:-1, max-image-preview:large, max-video-preview:-1\" \/>\n<link rel=\"canonical\" href=\"https:\/\/www.csj-emballages.com\/de\/produit\/schachtel-4-4-williamsbirne-patisserie-1-2-frucht\/\" \/>\n<meta property=\"og:locale\" content=\"de_DE\" \/>\n<meta property=\"og:type\" content=\"article\" \/>\n<meta property=\"og:title\" content=\"Williams-Birnenh\u00e4lften, konserviert in Dose 4\/4\" \/>\n<meta property=\"og:description\" content=\"Williams-Birnenh\u00e4lften, konserviert in Dose 4\/4: zartschmelzende Fr\u00fcchte, gebrauchsfertig, ideal f\u00fcr Desserts, Geb\u00e4ck und professionelle K\u00fcchen.\" \/>\n<meta property=\"og:url\" content=\"https:\/\/www.csj-emballages.com\/de\/produit\/schachtel-4-4-williamsbirne-patisserie-1-2-frucht\/\" \/>\n<meta property=\"og:site_name\" content=\"CSJ Emballages\" \/>\n<meta property=\"article:publisher\" content=\"https:\/\/www.facebook.com\/csjemballages\" \/>\n<meta property=\"article:modified_time\" content=\"2026-04-14T00:10:22+00:00\" \/>\n<meta property=\"og:image\" content=\"https:\/\/www.csj-emballages.com\/wp-content\/uploads\/2024\/05\/020122.webp\" \/>\n\t<meta property=\"og:image:width\" content=\"800\" \/>\n\t<meta property=\"og:image:height\" content=\"800\" \/>\n\t<meta property=\"og:image:type\" content=\"image\/webp\" \/>\n<meta name=\"twitter:card\" content=\"summary_large_image\" \/>\n<meta name=\"twitter:label1\" content=\"Gesch\u00e4tzte Lesezeit\" \/>\n\t<meta name=\"twitter:data1\" content=\"1\u00a0Minute\" \/>\n<script type=\"application\/ld+json\" class=\"yoast-schema-graph\">{\"@context\":\"https:\/\/schema.org\",\"@graph\":[{\"@type\":\"WebPage\",\"@id\":\"https:\/\/www.csj-emballages.com\/de\/produit\/schachtel-4-4-williamsbirne-patisserie-1-2-frucht\/\",\"url\":\"https:\/\/www.csj-emballages.com\/de\/produit\/schachtel-4-4-williamsbirne-patisserie-1-2-frucht\/\",\"name\":\"Williams-Birnenh\u00e4lften, Konserviert in Dose 4\/4\",\"isPartOf\":{\"@id\":\"https:\/\/www.csj-emballages.com\/de\/#website\"},\"primaryImageOfPage\":{\"@id\":\"https:\/\/www.csj-emballages.com\/de\/produit\/schachtel-4-4-williamsbirne-patisserie-1-2-frucht\/#primaryimage\"},\"image\":{\"@id\":\"https:\/\/www.csj-emballages.com\/de\/produit\/schachtel-4-4-williamsbirne-patisserie-1-2-frucht\/#primaryimage\"},\"thumbnailUrl\":\"https:\/\/www.csj-emballages.com\/wp-content\/uploads\/2024\/05\/020122.webp\",\"datePublished\":\"2024-05-22T09:12:15+00:00\",\"dateModified\":\"2026-04-14T00:10:22+00:00\",\"description\":\"Williams-Birnenh\u00e4lften, konserviert in Dose 4\/4: zartschmelzende Fr\u00fcchte, gebrauchsfertig, ideal f\u00fcr Desserts, Geb\u00e4ck und professionelle K\u00fcchen.\",\"breadcrumb\":{\"@id\":\"https:\/\/www.csj-emballages.com\/de\/produit\/schachtel-4-4-williamsbirne-patisserie-1-2-frucht\/#breadcrumb\"},\"inLanguage\":\"de\",\"potentialAction\":[{\"@type\":\"ReadAction\",\"target\":[\"https:\/\/www.csj-emballages.com\/de\/produit\/schachtel-4-4-williamsbirne-patisserie-1-2-frucht\/\"]}]},{\"@type\":\"ImageObject\",\"inLanguage\":\"de\",\"@id\":\"https:\/\/www.csj-emballages.com\/de\/produit\/schachtel-4-4-williamsbirne-patisserie-1-2-frucht\/#primaryimage\",\"url\":\"https:\/\/www.csj-emballages.com\/wp-content\/uploads\/2024\/05\/020122.webp\",\"contentUrl\":\"https:\/\/www.csj-emballages.com\/wp-content\/uploads\/2024\/05\/020122.webp\",\"width\":800,\"height\":800,\"caption\":\"Demi-poires\"},{\"@type\":\"BreadcrumbList\",\"@id\":\"https:\/\/www.csj-emballages.com\/de\/produit\/schachtel-4-4-williamsbirne-patisserie-1-2-frucht\/#breadcrumb\",\"itemListElement\":[{\"@type\":\"ListItem\",\"position\":1,\"name\":\"Accueil\",\"item\":\"https:\/\/www.csj-emballages.com\/de\/universum-lebensmittelverpackungen\/\"},{\"@type\":\"ListItem\",\"position\":2,\"name\":\"Shop\",\"item\":\"https:\/\/www.csj-emballages.com\/shop\/\"},{\"@type\":\"ListItem\",\"position\":3,\"name\":\"Williams-Birnenh\u00e4lften, konserviert in Dose 4\/4\"}]},{\"@type\":\"WebSite\",\"@id\":\"https:\/\/www.csj-emballages.com\/de\/#website\",\"url\":\"https:\/\/www.csj-emballages.com\/de\/\",\"name\":\"CSJ Emballages\",\"description\":\"\",\"publisher\":{\"@id\":\"https:\/\/www.csj-emballages.com\/de\/#organization\"},\"potentialAction\":[{\"@type\":\"SearchAction\",\"target\":{\"@type\":\"EntryPoint\",\"urlTemplate\":\"https:\/\/www.csj-emballages.com\/de\/?s={search_term_string}\"},\"query-input\":{\"@type\":\"PropertyValueSpecification\",\"valueRequired\":true,\"valueName\":\"search_term_string\"}}],\"inLanguage\":\"de\"},{\"@type\":\"Organization\",\"@id\":\"https:\/\/www.csj-emballages.com\/de\/#Organization\/\",\"name\":\"CSJ Emballages\",\"url\":\"https:\/\/www.csj-emballages.com\/de\/\",\"logo\":{\"@type\":\"ImageObject\",\"inLanguage\":\"de\",\"@id\":\"https:\/\/www.csj-emballages.com\/de\/#\/schema\/logo\/image\/\",\"url\":\"https:\/\/www.csj-emballages.com\/wp-content\/uploads\/2023\/10\/logo_csj.webp\",\"contentUrl\":\"https:\/\/www.csj-emballages.com\/wp-content\/uploads\/2023\/10\/logo_csj.webp\",\"width\":250,\"height\":95,\"caption\":\"CSJ Emballages\"},\"image\":{\"@id\":\"https:\/\/www.csj-emballages.com\/de\/#\/schema\/logo\/image\/\"},\"sameAs\":[\"https:\/\/www.facebook.com\/csjemballages\"],\"address\":{\"@type\":\"PostalAddress\",\"streetAddress\":\"ZI La Lechere\",\"addressLocality\":\"Patornay\",\"postalCode\":\"39130\",\"addressCountry\":\"FR\"},\"contactPoint\":[{\"@type\":\"ContactPoint\",\"contactType\":\"Service client\",\"telephone\":\"0384254272\",\"email\":\"contact@csj-emballages.com\"}]}]}<\/script>\n<!-- \/ Yoast SEO Premium plugin. -->","yoast_head_json":{"title":"Williams-Birnenh\u00e4lften, Konserviert in Dose 4\/4","description":"Williams-Birnenh\u00e4lften, konserviert in Dose 4\/4: zartschmelzende Fr\u00fcchte, gebrauchsfertig, ideal f\u00fcr Desserts, Geb\u00e4ck und professionelle K\u00fcchen.","robots":{"index":"index","follow":"follow","max-snippet":"max-snippet:-1","max-image-preview":"max-image-preview:large","max-video-preview":"max-video-preview:-1"},"canonical":"https:\/\/www.csj-emballages.com\/de\/produit\/schachtel-4-4-williamsbirne-patisserie-1-2-frucht\/","og_locale":"de_DE","og_type":"article","og_title":"Williams-Birnenh\u00e4lften, konserviert in Dose 4\/4","og_description":"Williams-Birnenh\u00e4lften, konserviert in Dose 4\/4: zartschmelzende Fr\u00fcchte, gebrauchsfertig, ideal f\u00fcr Desserts, Geb\u00e4ck und professionelle K\u00fcchen.","og_url":"https:\/\/www.csj-emballages.com\/de\/produit\/schachtel-4-4-williamsbirne-patisserie-1-2-frucht\/","og_site_name":"CSJ Emballages","article_publisher":"https:\/\/www.facebook.com\/csjemballages","article_modified_time":"2026-04-14T00:10:22+00:00","og_image":[{"width":800,"height":800,"url":"https:\/\/www.csj-emballages.com\/wp-content\/uploads\/2024\/05\/020122.webp","type":"image\/webp"}],"twitter_card":"summary_large_image","twitter_misc":{"Gesch\u00e4tzte Lesezeit":"1\u00a0Minute"},"schema":{"@context":"https:\/\/schema.org","@graph":[{"@type":"WebPage","@id":"https:\/\/www.csj-emballages.com\/de\/produit\/schachtel-4-4-williamsbirne-patisserie-1-2-frucht\/","url":"https:\/\/www.csj-emballages.com\/de\/produit\/schachtel-4-4-williamsbirne-patisserie-1-2-frucht\/","name":"Williams-Birnenh\u00e4lften, Konserviert in Dose 4\/4","isPartOf":{"@id":"https:\/\/www.csj-emballages.com\/de\/#website"},"primaryImageOfPage":{"@id":"https:\/\/www.csj-emballages.com\/de\/produit\/schachtel-4-4-williamsbirne-patisserie-1-2-frucht\/#primaryimage"},"image":{"@id":"https:\/\/www.csj-emballages.com\/de\/produit\/schachtel-4-4-williamsbirne-patisserie-1-2-frucht\/#primaryimage"},"thumbnailUrl":"https:\/\/www.csj-emballages.com\/wp-content\/uploads\/2024\/05\/020122.webp","datePublished":"2024-05-22T09:12:15+00:00","dateModified":"2026-04-14T00:10:22+00:00","description":"Williams-Birnenh\u00e4lften, konserviert in Dose 4\/4: zartschmelzende Fr\u00fcchte, gebrauchsfertig, ideal f\u00fcr Desserts, Geb\u00e4ck und professionelle K\u00fcchen.","breadcrumb":{"@id":"https:\/\/www.csj-emballages.com\/de\/produit\/schachtel-4-4-williamsbirne-patisserie-1-2-frucht\/#breadcrumb"},"inLanguage":"de","potentialAction":[{"@type":"ReadAction","target":["https:\/\/www.csj-emballages.com\/de\/produit\/schachtel-4-4-williamsbirne-patisserie-1-2-frucht\/"]}]},{"@type":"ImageObject","inLanguage":"de","@id":"https:\/\/www.csj-emballages.com\/de\/produit\/schachtel-4-4-williamsbirne-patisserie-1-2-frucht\/#primaryimage","url":"https:\/\/www.csj-emballages.com\/wp-content\/uploads\/2024\/05\/020122.webp","contentUrl":"https:\/\/www.csj-emballages.com\/wp-content\/uploads\/2024\/05\/020122.webp","width":800,"height":800,"caption":"Demi-poires"},{"@type":"BreadcrumbList","@id":"https:\/\/www.csj-emballages.com\/de\/produit\/schachtel-4-4-williamsbirne-patisserie-1-2-frucht\/#breadcrumb","itemListElement":[{"@type":"ListItem","position":1,"name":"Accueil","item":"https:\/\/www.csj-emballages.com\/de\/universum-lebensmittelverpackungen\/"},{"@type":"ListItem","position":2,"name":"Shop","item":"https:\/\/www.csj-emballages.com\/shop\/"},{"@type":"ListItem","position":3,"name":"Williams-Birnenh\u00e4lften, konserviert in Dose 4\/4"}]},{"@type":"WebSite","@id":"https:\/\/www.csj-emballages.com\/de\/#website","url":"https:\/\/www.csj-emballages.com\/de\/","name":"CSJ Emballages","description":"","publisher":{"@id":"https:\/\/www.csj-emballages.com\/de\/#organization"},"potentialAction":[{"@type":"SearchAction","target":{"@type":"EntryPoint","urlTemplate":"https:\/\/www.csj-emballages.com\/de\/?s={search_term_string}"},"query-input":{"@type":"PropertyValueSpecification","valueRequired":true,"valueName":"search_term_string"}}],"inLanguage":"de"},{"@type":"Organization","@id":"https:\/\/www.csj-emballages.com\/de\/#Organization\/","name":"CSJ Emballages","url":"https:\/\/www.csj-emballages.com\/de\/","logo":{"@type":"ImageObject","inLanguage":"de","@id":"https:\/\/www.csj-emballages.com\/de\/#\/schema\/logo\/image\/","url":"https:\/\/www.csj-emballages.com\/wp-content\/uploads\/2023\/10\/logo_csj.webp","contentUrl":"https:\/\/www.csj-emballages.com\/wp-content\/uploads\/2023\/10\/logo_csj.webp","width":250,"height":95,"caption":"CSJ Emballages"},"image":{"@id":"https:\/\/www.csj-emballages.com\/de\/#\/schema\/logo\/image\/"},"sameAs":["https:\/\/www.facebook.com\/csjemballages"],"address":{"@type":"PostalAddress","streetAddress":"ZI La Lechere","addressLocality":"Patornay","postalCode":"39130","addressCountry":"FR"},"contactPoint":[{"@type":"ContactPoint","contactType":"Service client","telephone":"0384254272","email":"contact@csj-emballages.com"}]}]}},"df_price":3.34,"df_sale_price":"","df_regular_price":3.34,"df_image_link":"https:\/\/www.csj-emballages.com\/wp-content\/uploads\/2024\/05\/020122-300x300.webp","tiered_pricing_type":"fixed","tiered_pricing_fixed_rules":[],"tiered_pricing_percentage_rules":[],"tiered_pricing_minimum":1,"tiered_pricing_roles_data":[],"_links":{"self":[{"href":"https:\/\/www.csj-emballages.com\/de\/wp-json\/wp\/v2\/product\/16859","targetHints":{"allow":["GET"]}}],"collection":[{"href":"https:\/\/www.csj-emballages.com\/de\/wp-json\/wp\/v2\/product"}],"about":[{"href":"https:\/\/www.csj-emballages.com\/de\/wp-json\/wp\/v2\/types\/product"}],"wp:featuredmedia":[{"embeddable":true,"href":"https:\/\/www.csj-emballages.com\/de\/wp-json\/wp\/v2\/media\/260897"}],"wp:attachment":[{"href":"https:\/\/www.csj-emballages.com\/de\/wp-json\/wp\/v2\/media?parent=16859"}],"wp:term":[{"taxonomy":"product_brand","embeddable":true,"href":"https:\/\/www.csj-emballages.com\/de\/wp-json\/wp\/v2\/product_brand?post=16859"},{"taxonomy":"product_cat","embeddable":true,"href":"https:\/\/www.csj-emballages.com\/de\/wp-json\/wp\/v2\/product_cat?post=16859"},{"taxonomy":"product_tag","embeddable":true,"href":"https:\/\/www.csj-emballages.com\/de\/wp-json\/wp\/v2\/product_tag?post=16859"}],"curies":[{"name":"wp","href":"https:\/\/api.w.org\/{rel}","templated":true}]}}