{"id":16841,"date":"2024-05-22T11:12:04","date_gmt":"2024-05-22T09:12:04","guid":{"rendered":"https:\/\/u15jnbdpoq.preview.infomaniak.website\/produit\/schachtel-4-4-ungeschaelte-premium-aprikose\/"},"modified":"2026-03-12T16:00:32","modified_gmt":"2026-03-12T15:00:32","slug":"schachtel-4-4-ungeschaelte-premium-aprikose","status":"publish","type":"product","link":"https:\/\/www.csj-emballages.com\/de\/produit\/schachtel-4-4-ungeschaelte-premium-aprikose\/","title":{"rendered":"Ungesch\u00e4lte Aprikosenh\u00e4lften, konserviert in 4\/4-Dose"},"content":{"rendered":"<h2>Ungesch\u00e4lte Aprikosenh\u00e4lften<\/h2>\n<hr>\n<p><span style=\"font-size: 18.72px;\"><b>Entdecken Sie unsere ungesch\u00e4lten Aprikosenh\u00e4lften, konserviert in 4\/4-Dose<\/b><\/span><!--more--><\/p>\n<p data-start=\"243\" data-end=\"648\">Diese <strong data-start=\"247\" data-end=\"281\">ungesch\u00e4lten Aprikosenh\u00e4lften<\/strong> sind eine echte Zeitersparnis f\u00fcr Profis und Liebhaber von hausgemachten Desserts. Bei voller Reife ausgew\u00e4hlt, werden die <strong>Fr\u00fcchte sorgf\u00e4ltig geschnitten<\/strong> und anschlie\u00dfend <strong>konserviert<\/strong>, um ihre Farbe, Textur und vor allem ihren nat\u00fcrlich fruchtigen Geschmack zu bewahren. Das Belassen der Schale sorgt f\u00fcr ein authentischeres Aussehen und eine bessere Kochfestigkeit.  <\/p>\n<p data-start=\"650\" data-end=\"1020\">Beim \u00d6ffnen der <strong>4\/4-Dose<\/strong> entdecken Sie gut geformte, gleichm\u00e4\u00dfige und zartschmelzende H\u00e4lften, die sofort einsatzbereit sind. Sie lassen sich leicht verarbeiten und passen sowohl zu einfachen Zubereitungen als auch zu aufwendigeren Rezepten. <strong>Torten, Clafoutis, Entremets, Obstsalate<\/strong> oder s\u00fc\u00df-saure Beilagen: Diese <strong>Aprikosen<\/strong> passen zu jedem Wunsch. <\/p>\n<p data-start=\"1022\" data-end=\"1364\">Dank ihrer Gro\u00dfpackung eignen sie sich perfekt f\u00fcr Restaurants, Caterer, Konditoreien oder Gro\u00dfk\u00fcchen. Sie sparen Zeit in der K\u00fcche und gew\u00e4hrleisten gleichzeitig eine gleichbleibende Qualit\u00e4t von einem Service zum n\u00e4chsten. Zudem erm\u00f6glicht ihr ausgewogener Geschmack, den Zuckerzusatz in Rezepten zu begrenzen, was immer ein gro\u00dfer Vorteil ist.  <\/p>\n<p data-start=\"1366\" data-end=\"1612\">Ein weiterer nicht zu untersch\u00e4tzender Vorteil: Ihre lange Haltbarkeit erm\u00f6glicht es Ihnen, sie das ganze Jahr \u00fcber zu verwenden, auch au\u00dferhalb der Saison. So k\u00f6nnen Sie jederzeit Desserts mit sommerlichen Noten anbieten, ohne Versorgungsengp\u00e4sse bef\u00fcrchten zu m\u00fcssen. <\/p>\n<p data-start=\"1614\" data-end=\"1822\">Zusammenfassend sind diese <strong>Aprikosenh\u00e4lften<\/strong> praktisch, vielseitig und zuverl\u00e4ssig. Sie bieten eine ideale Arbeitsgrundlage f\u00fcr alle Zubereitungen, bei denen die Frucht sichtbar, k\u00f6stlich und angenehm im Mund bleiben soll. <\/p>\n<p data-start=\"1614\" data-end=\"1822\">\n<p data-start=\"1614\" data-end=\"1822\"><!--more--><\/p>\n<h4 data-start=\"1614\" data-end=\"1822\">Vorteile :<\/h4>\n<ul>\n<li data-start=\"1850\" data-end=\"1886\"><strong>Regelm\u00e4\u00dfige<\/strong> und gut geformte H\u00e4lften<\/li>\n<li data-start=\"1889\" data-end=\"1928\">Zartschmelzende Textur mit gutem Halt<\/li>\n<li data-start=\"1931\" data-end=\"1978\">Ungesch\u00e4lte Aprikosen f\u00fcr ein nat\u00fcrlicheres Ergebnis<\/li>\n<li data-start=\"1981\" data-end=\"2025\"><strong>Gro\u00dfformat 4\/4<\/strong>, geeignet f\u00fcr Profis<\/li>\n<li data-start=\"2028\" data-end=\"2068\">Schnelle und vorbereitungslose Verwendung.<\/li>\n<\/ul>\n<p>&nbsp;<\/p>\n<p><!--more--><\/p>\n<h4>Weitere Informationen :<\/h4>\n<ul>\n<li><strong>Verpackung<\/strong>: Schachtel 4\/4<\/li>\n<li><strong>Abtropfgewicht<\/strong>: 475 gr<\/li>\n<li><strong>Durchschnittsgewicht einer H\u00e4lfte<\/strong>: 11 bis 13 gr<\/li>\n<li><strong>Durchschnittlicher Durchmesser<\/strong>: 32 bis 37 mm<\/li>\n<li><strong>Anzahl der H\u00e4lften<\/strong>: 40 bis 45<\/li>\n<\/ul>\n<p>&nbsp;<\/p>\n<p><!--more--><\/p>\n<p><a href=\"https:\/\/www.csj-emballages.com\/de\/categorie-produit\/lebensmittel\/lebensmittel-de\/trockenfruchte-sirup\/aprikose\/\">Entdecken Sie unser weiteres Sortiment an Aprikosen in Sirup<\/a><\/p>\n","protected":false},"excerpt":{"rendered":"<p>Ungesch\u00e4lte Aprikosenh\u00e4lften Entdecken Sie unsere ungesch\u00e4lten Aprikosenh\u00e4lften, konserviert in 4\/4-Dose<\/p>\n","protected":false},"featured_media":260814,"template":"","meta":{"_acf_changed":false},"product_brand":[],"product_cat":[1144,1183,1194,5929],"product_tag":[],"class_list":{"0":"post-16841","1":"product","2":"type-product","3":"status-publish","4":"has-post-thumbnail","6":"product_cat-lebensmittel","7":"product_cat-lebensmittel-de","8":"product_cat-trockenfruchte-sirup","9":"product_cat-aprikose","11":"first","12":"instock","13":"featured","14":"taxable","15":"shipping-taxable","16":"purchasable","17":"product-type-simple"},"acf":[],"yoast_head":"<!-- This site is optimized with the Yoast SEO Premium plugin v26.6 (Yoast SEO v26.6) - https:\/\/yoast.com\/wordpress\/plugins\/seo\/ -->\n<title>Ungesch\u00e4lte Aprikosenh\u00e4lften, Konserviert in 4\/4-Dose<\/title>\n<meta name=\"description\" content=\"Ungesch\u00e4lte Aprikosenh\u00e4lften, konserviert in 4\/4-Dose. Professionelles Format, zartschmelzende Textur und fruchtiger Geschmack f\u00fcr all Ihre s\u00fc\u00dfen Rezepte.\" \/>\n<meta name=\"robots\" content=\"index, follow, max-snippet:-1, max-image-preview:large, max-video-preview:-1\" \/>\n<link rel=\"canonical\" href=\"https:\/\/www.csj-emballages.com\/de\/produit\/schachtel-4-4-ungeschaelte-premium-aprikose\/\" \/>\n<meta property=\"og:locale\" content=\"de_DE\" \/>\n<meta property=\"og:type\" content=\"article\" \/>\n<meta property=\"og:title\" content=\"Ungesch\u00e4lte Aprikosenh\u00e4lften, konserviert in 4\/4-Dose\" \/>\n<meta property=\"og:description\" content=\"Ungesch\u00e4lte Aprikosenh\u00e4lften, konserviert in 4\/4-Dose. Professionelles Format, zartschmelzende Textur und fruchtiger Geschmack f\u00fcr all Ihre s\u00fc\u00dfen Rezepte.\" \/>\n<meta property=\"og:url\" content=\"https:\/\/www.csj-emballages.com\/de\/produit\/schachtel-4-4-ungeschaelte-premium-aprikose\/\" \/>\n<meta property=\"og:site_name\" content=\"CSJ Emballages\" \/>\n<meta property=\"article:publisher\" content=\"https:\/\/www.facebook.com\/csjemballages\" \/>\n<meta property=\"article:modified_time\" content=\"2026-03-12T15:00:32+00:00\" \/>\n<meta property=\"og:image\" content=\"https:\/\/www.csj-emballages.com\/wp-content\/uploads\/2024\/05\/010124.webp\" \/>\n\t<meta property=\"og:image:width\" content=\"800\" \/>\n\t<meta property=\"og:image:height\" content=\"800\" \/>\n\t<meta property=\"og:image:type\" content=\"image\/webp\" \/>\n<meta name=\"twitter:card\" content=\"summary_large_image\" \/>\n<meta name=\"twitter:label1\" content=\"Gesch\u00e4tzte Lesezeit\" \/>\n\t<meta name=\"twitter:data1\" content=\"2 Minuten\" \/>\n<script type=\"application\/ld+json\" class=\"yoast-schema-graph\">{\"@context\":\"https:\/\/schema.org\",\"@graph\":[{\"@type\":\"WebPage\",\"@id\":\"https:\/\/www.csj-emballages.com\/de\/produit\/schachtel-4-4-ungeschaelte-premium-aprikose\/\",\"url\":\"https:\/\/www.csj-emballages.com\/de\/produit\/schachtel-4-4-ungeschaelte-premium-aprikose\/\",\"name\":\"Ungesch\u00e4lte Aprikosenh\u00e4lften, Konserviert in 4\/4-Dose\",\"isPartOf\":{\"@id\":\"https:\/\/www.csj-emballages.com\/de\/#website\"},\"primaryImageOfPage\":{\"@id\":\"https:\/\/www.csj-emballages.com\/de\/produit\/schachtel-4-4-ungeschaelte-premium-aprikose\/#primaryimage\"},\"image\":{\"@id\":\"https:\/\/www.csj-emballages.com\/de\/produit\/schachtel-4-4-ungeschaelte-premium-aprikose\/#primaryimage\"},\"thumbnailUrl\":\"https:\/\/www.csj-emballages.com\/wp-content\/uploads\/2024\/05\/010124.webp\",\"datePublished\":\"2024-05-22T09:12:04+00:00\",\"dateModified\":\"2026-03-12T15:00:32+00:00\",\"description\":\"Ungesch\u00e4lte Aprikosenh\u00e4lften, konserviert in 4\/4-Dose. Professionelles Format, zartschmelzende Textur und fruchtiger Geschmack f\u00fcr all Ihre s\u00fc\u00dfen Rezepte.\",\"breadcrumb\":{\"@id\":\"https:\/\/www.csj-emballages.com\/de\/produit\/schachtel-4-4-ungeschaelte-premium-aprikose\/#breadcrumb\"},\"inLanguage\":\"de\",\"potentialAction\":[{\"@type\":\"ReadAction\",\"target\":[\"https:\/\/www.csj-emballages.com\/de\/produit\/schachtel-4-4-ungeschaelte-premium-aprikose\/\"]}]},{\"@type\":\"ImageObject\",\"inLanguage\":\"de\",\"@id\":\"https:\/\/www.csj-emballages.com\/de\/produit\/schachtel-4-4-ungeschaelte-premium-aprikose\/#primaryimage\",\"url\":\"https:\/\/www.csj-emballages.com\/wp-content\/uploads\/2024\/05\/010124.webp\",\"contentUrl\":\"https:\/\/www.csj-emballages.com\/wp-content\/uploads\/2024\/05\/010124.webp\",\"width\":800,\"height\":800,\"caption\":\"Oreillons d'abricots\"},{\"@type\":\"BreadcrumbList\",\"@id\":\"https:\/\/www.csj-emballages.com\/de\/produit\/schachtel-4-4-ungeschaelte-premium-aprikose\/#breadcrumb\",\"itemListElement\":[{\"@type\":\"ListItem\",\"position\":1,\"name\":\"Accueil\",\"item\":\"https:\/\/www.csj-emballages.com\/de\/universum-lebensmittelverpackungen\/\"},{\"@type\":\"ListItem\",\"position\":2,\"name\":\"Shop\",\"item\":\"https:\/\/www.csj-emballages.com\/shop\/\"},{\"@type\":\"ListItem\",\"position\":3,\"name\":\"Ungesch\u00e4lte Aprikosenh\u00e4lften, konserviert in 4\/4-Dose\"}]},{\"@type\":\"WebSite\",\"@id\":\"https:\/\/www.csj-emballages.com\/de\/#website\",\"url\":\"https:\/\/www.csj-emballages.com\/de\/\",\"name\":\"CSJ Emballages\",\"description\":\"\",\"publisher\":{\"@id\":\"https:\/\/www.csj-emballages.com\/de\/#organization\"},\"potentialAction\":[{\"@type\":\"SearchAction\",\"target\":{\"@type\":\"EntryPoint\",\"urlTemplate\":\"https:\/\/www.csj-emballages.com\/de\/?s={search_term_string}\"},\"query-input\":{\"@type\":\"PropertyValueSpecification\",\"valueRequired\":true,\"valueName\":\"search_term_string\"}}],\"inLanguage\":\"de\"},{\"@type\":\"Organization\",\"@id\":\"https:\/\/www.csj-emballages.com\/de\/#Organization\/\",\"name\":\"CSJ Emballages\",\"url\":\"https:\/\/www.csj-emballages.com\/de\/\",\"logo\":{\"@type\":\"ImageObject\",\"inLanguage\":\"de\",\"@id\":\"https:\/\/www.csj-emballages.com\/de\/#\/schema\/logo\/image\/\",\"url\":\"https:\/\/www.csj-emballages.com\/wp-content\/uploads\/2023\/10\/logo_csj.webp\",\"contentUrl\":\"https:\/\/www.csj-emballages.com\/wp-content\/uploads\/2023\/10\/logo_csj.webp\",\"width\":250,\"height\":95,\"caption\":\"CSJ Emballages\"},\"image\":{\"@id\":\"https:\/\/www.csj-emballages.com\/de\/#\/schema\/logo\/image\/\"},\"sameAs\":[\"https:\/\/www.facebook.com\/csjemballages\"],\"address\":{\"@type\":\"PostalAddress\",\"streetAddress\":\"ZI La Lechere\",\"addressLocality\":\"Patornay\",\"postalCode\":\"39130\",\"addressCountry\":\"FR\"},\"contactPoint\":[{\"@type\":\"ContactPoint\",\"contactType\":\"Service client\",\"telephone\":\"0384254272\",\"email\":\"contact@csj-emballages.com\"}]}]}<\/script>\n<!-- \/ Yoast SEO Premium plugin. -->","yoast_head_json":{"title":"Ungesch\u00e4lte Aprikosenh\u00e4lften, Konserviert in 4\/4-Dose","description":"Ungesch\u00e4lte Aprikosenh\u00e4lften, konserviert in 4\/4-Dose. Professionelles Format, zartschmelzende Textur und fruchtiger Geschmack f\u00fcr all Ihre s\u00fc\u00dfen Rezepte.","robots":{"index":"index","follow":"follow","max-snippet":"max-snippet:-1","max-image-preview":"max-image-preview:large","max-video-preview":"max-video-preview:-1"},"canonical":"https:\/\/www.csj-emballages.com\/de\/produit\/schachtel-4-4-ungeschaelte-premium-aprikose\/","og_locale":"de_DE","og_type":"article","og_title":"Ungesch\u00e4lte Aprikosenh\u00e4lften, konserviert in 4\/4-Dose","og_description":"Ungesch\u00e4lte Aprikosenh\u00e4lften, konserviert in 4\/4-Dose. Professionelles Format, zartschmelzende Textur und fruchtiger Geschmack f\u00fcr all Ihre s\u00fc\u00dfen Rezepte.","og_url":"https:\/\/www.csj-emballages.com\/de\/produit\/schachtel-4-4-ungeschaelte-premium-aprikose\/","og_site_name":"CSJ Emballages","article_publisher":"https:\/\/www.facebook.com\/csjemballages","article_modified_time":"2026-03-12T15:00:32+00:00","og_image":[{"width":800,"height":800,"url":"https:\/\/www.csj-emballages.com\/wp-content\/uploads\/2024\/05\/010124.webp","type":"image\/webp"}],"twitter_card":"summary_large_image","twitter_misc":{"Gesch\u00e4tzte Lesezeit":"2 Minuten"},"schema":{"@context":"https:\/\/schema.org","@graph":[{"@type":"WebPage","@id":"https:\/\/www.csj-emballages.com\/de\/produit\/schachtel-4-4-ungeschaelte-premium-aprikose\/","url":"https:\/\/www.csj-emballages.com\/de\/produit\/schachtel-4-4-ungeschaelte-premium-aprikose\/","name":"Ungesch\u00e4lte Aprikosenh\u00e4lften, Konserviert in 4\/4-Dose","isPartOf":{"@id":"https:\/\/www.csj-emballages.com\/de\/#website"},"primaryImageOfPage":{"@id":"https:\/\/www.csj-emballages.com\/de\/produit\/schachtel-4-4-ungeschaelte-premium-aprikose\/#primaryimage"},"image":{"@id":"https:\/\/www.csj-emballages.com\/de\/produit\/schachtel-4-4-ungeschaelte-premium-aprikose\/#primaryimage"},"thumbnailUrl":"https:\/\/www.csj-emballages.com\/wp-content\/uploads\/2024\/05\/010124.webp","datePublished":"2024-05-22T09:12:04+00:00","dateModified":"2026-03-12T15:00:32+00:00","description":"Ungesch\u00e4lte Aprikosenh\u00e4lften, konserviert in 4\/4-Dose. Professionelles Format, zartschmelzende Textur und fruchtiger Geschmack f\u00fcr all Ihre s\u00fc\u00dfen Rezepte.","breadcrumb":{"@id":"https:\/\/www.csj-emballages.com\/de\/produit\/schachtel-4-4-ungeschaelte-premium-aprikose\/#breadcrumb"},"inLanguage":"de","potentialAction":[{"@type":"ReadAction","target":["https:\/\/www.csj-emballages.com\/de\/produit\/schachtel-4-4-ungeschaelte-premium-aprikose\/"]}]},{"@type":"ImageObject","inLanguage":"de","@id":"https:\/\/www.csj-emballages.com\/de\/produit\/schachtel-4-4-ungeschaelte-premium-aprikose\/#primaryimage","url":"https:\/\/www.csj-emballages.com\/wp-content\/uploads\/2024\/05\/010124.webp","contentUrl":"https:\/\/www.csj-emballages.com\/wp-content\/uploads\/2024\/05\/010124.webp","width":800,"height":800,"caption":"Oreillons d'abricots"},{"@type":"BreadcrumbList","@id":"https:\/\/www.csj-emballages.com\/de\/produit\/schachtel-4-4-ungeschaelte-premium-aprikose\/#breadcrumb","itemListElement":[{"@type":"ListItem","position":1,"name":"Accueil","item":"https:\/\/www.csj-emballages.com\/de\/universum-lebensmittelverpackungen\/"},{"@type":"ListItem","position":2,"name":"Shop","item":"https:\/\/www.csj-emballages.com\/shop\/"},{"@type":"ListItem","position":3,"name":"Ungesch\u00e4lte Aprikosenh\u00e4lften, konserviert in 4\/4-Dose"}]},{"@type":"WebSite","@id":"https:\/\/www.csj-emballages.com\/de\/#website","url":"https:\/\/www.csj-emballages.com\/de\/","name":"CSJ Emballages","description":"","publisher":{"@id":"https:\/\/www.csj-emballages.com\/de\/#organization"},"potentialAction":[{"@type":"SearchAction","target":{"@type":"EntryPoint","urlTemplate":"https:\/\/www.csj-emballages.com\/de\/?s={search_term_string}"},"query-input":{"@type":"PropertyValueSpecification","valueRequired":true,"valueName":"search_term_string"}}],"inLanguage":"de"},{"@type":"Organization","@id":"https:\/\/www.csj-emballages.com\/de\/#Organization\/","name":"CSJ Emballages","url":"https:\/\/www.csj-emballages.com\/de\/","logo":{"@type":"ImageObject","inLanguage":"de","@id":"https:\/\/www.csj-emballages.com\/de\/#\/schema\/logo\/image\/","url":"https:\/\/www.csj-emballages.com\/wp-content\/uploads\/2023\/10\/logo_csj.webp","contentUrl":"https:\/\/www.csj-emballages.com\/wp-content\/uploads\/2023\/10\/logo_csj.webp","width":250,"height":95,"caption":"CSJ Emballages"},"image":{"@id":"https:\/\/www.csj-emballages.com\/de\/#\/schema\/logo\/image\/"},"sameAs":["https:\/\/www.facebook.com\/csjemballages"],"address":{"@type":"PostalAddress","streetAddress":"ZI La Lechere","addressLocality":"Patornay","postalCode":"39130","addressCountry":"FR"},"contactPoint":[{"@type":"ContactPoint","contactType":"Service client","telephone":"0384254272","email":"contact@csj-emballages.com"}]}]}},"df_price":2.79,"df_sale_price":"","df_regular_price":2.79,"df_image_link":"https:\/\/www.csj-emballages.com\/wp-content\/uploads\/2024\/05\/010124-300x300.webp","tiered_pricing_type":"fixed","tiered_pricing_fixed_rules":[],"tiered_pricing_percentage_rules":[],"tiered_pricing_minimum":1,"tiered_pricing_roles_data":[],"_links":{"self":[{"href":"https:\/\/www.csj-emballages.com\/de\/wp-json\/wp\/v2\/product\/16841","targetHints":{"allow":["GET"]}}],"collection":[{"href":"https:\/\/www.csj-emballages.com\/de\/wp-json\/wp\/v2\/product"}],"about":[{"href":"https:\/\/www.csj-emballages.com\/de\/wp-json\/wp\/v2\/types\/product"}],"wp:featuredmedia":[{"embeddable":true,"href":"https:\/\/www.csj-emballages.com\/de\/wp-json\/wp\/v2\/media\/260814"}],"wp:attachment":[{"href":"https:\/\/www.csj-emballages.com\/de\/wp-json\/wp\/v2\/media?parent=16841"}],"wp:term":[{"taxonomy":"product_brand","embeddable":true,"href":"https:\/\/www.csj-emballages.com\/de\/wp-json\/wp\/v2\/product_brand?post=16841"},{"taxonomy":"product_cat","embeddable":true,"href":"https:\/\/www.csj-emballages.com\/de\/wp-json\/wp\/v2\/product_cat?post=16841"},{"taxonomy":"product_tag","embeddable":true,"href":"https:\/\/www.csj-emballages.com\/de\/wp-json\/wp\/v2\/product_tag?post=16841"}],"curies":[{"name":"wp","href":"https:\/\/api.w.org\/{rel}","templated":true}]}}