{"id":16835,"date":"2024-05-16T09:24:25","date_gmt":"2024-05-16T07:24:25","guid":{"rendered":"https:\/\/u15jnbdpoq.preview.infomaniak.website\/?post_type=product&#038;p=16835"},"modified":"2026-04-01T02:18:18","modified_gmt":"2026-04-01T00:18:18","slug":"100-beutel-mit-silbernem-karton-250-x-375-mm","status":"publish","type":"product","link":"https:\/\/www.csj-emballages.com\/de\/produit\/100-beutel-mit-silbernem-karton-250-x-375-mm\/","title":{"rendered":"Silberbeutel mit Kartonboden, 250 x 375 mm, 100 St\u00fcck"},"content":{"rendered":"<div class=\"flex flex-grow flex-col max-w-full\">\n<div class=\"min-h-[20px] text-message flex flex-col items-start whitespace-pre-wrap break-words [.text-message+&amp;]:mt-5 juice:w-full juice:items-end overflow-x-auto gap-2\" dir=\"auto\" data-message-author-role=\"assistant\" data-message-id=\"2034782e-88f9-44ef-b4dc-07dd7bf0115f\">\n<div class=\"flex w-full flex-col gap-1 juice:empty:hidden juice:first:pt-[3px]\">\n<div class=\"markdown prose w-full break-words dark:prose-invert light\">\n<div style=\"font-family: Roboto, sans-serif;\">\n<div style=\"font-family: Roboto, sans-serif;\">\n<div style=\"font-family: Roboto, sans-serif;\">\n<div style=\"font-family: Roboto, sans-serif;\">\n<div style=\"font-family: Roboto, sans-serif;\">\n<div style=\"font-family: Roboto, sans-serif;\">\n<h2>Kartonbodenbeutel<\/h2>\n<div style=\"font-family: Roboto, sans-serif;\">\n<div style=\"font-family: Roboto, sans-serif;\">\n<div style=\"font-family: Roboto, sans-serif;\">\n<div style=\"text-align: center;\">\n<div style=\"font-family: Roboto, sans-serif;\">\n<div style=\"font-family: Roboto, sans-serif;\">\n<div style=\"font-family: Roboto, sans-serif;\">\n<div style=\"font-family: Roboto, sans-serif;\">\n<div style=\"font-family: Roboto, sans-serif;\">\n<div style=\"font-family: Roboto, sans-serif; text-align: left;\">\n<hr>\n<h3 style=\"text-align: left;\">Beschreibung: Silberbeutel mit Kartonboden, 250 x 375 mm, 100 St\u00fcck<\/h3>\n<h3 style=\"text-align: left;\"><!--more--><\/h3>\n<div class=\"flex max-w-full flex-col flex-grow\">\n<div class=\"min-h-8 text-message flex w-full flex-col items-end gap-2 whitespace-normal break-words [.text-message+&amp;]:mt-5\" dir=\"auto\" data-message-author-role=\"assistant\" data-message-id=\"04612210-3050-4d56-a9ea-c0287ae476e9\" data-message-model-slug=\"gpt-4o\">\n<div class=\"flex w-full flex-col gap-1 empty:hidden first:pt-[3px]\">\n<div class=\"markdown prose w-full break-words dark:prose-invert light\">\n<div class=\"flex flex-grow flex-col max-w-full\">\n<div class=\"min-h-[20px] text-message flex flex-col items-start whitespace-pre-wrap break-words [.text-message+&amp;]:mt-5 juice:w-full juice:items-end overflow-x-auto gap-2\" dir=\"auto\" data-message-author-role=\"assistant\" data-message-id=\"2034782e-88f9-44ef-b4dc-07dd7bf0115f\">\n<div class=\"flex w-full flex-col gap-1 juice:empty:hidden juice:first:pt-[3px]\">\n<div class=\"markdown prose w-full break-words dark:prose-invert light\">\n<div style=\"font-family: Roboto, sans-serif;\">\n<div style=\"font-family: Roboto, sans-serif;\">\n<div style=\"font-family: Roboto, sans-serif;\">\n<div style=\"font-family: Roboto, sans-serif;\">\n<div style=\"font-family: Roboto, sans-serif;\">\n<div style=\"font-family: Roboto, sans-serif;\">\n<div style=\"font-family: Roboto, sans-serif;\">\n<div style=\"font-family: Roboto, sans-serif;\">\n<div style=\"font-family: Roboto, sans-serif;\">\n<div style=\"text-align: center;\">\n<div style=\"font-family: Roboto, sans-serif;\">\n<div style=\"font-family: Roboto, sans-serif;\">\n<div style=\"font-family: Roboto, sans-serif;\">\n<div style=\"font-family: Roboto, sans-serif;\">\n<div style=\"font-family: Roboto, sans-serif;\">\n<div style=\"font-family: Roboto, sans-serif; text-align: left;\">\n<div class=\"flex max-w-full flex-col flex-grow\">\n<div class=\"min-h-8 text-message flex w-full flex-col items-end gap-2 whitespace-normal break-words [.text-message+&amp;]:mt-5\" dir=\"auto\" data-message-author-role=\"assistant\" data-message-id=\"04612210-3050-4d56-a9ea-c0287ae476e9\" data-message-model-slug=\"gpt-4o\">\n<div class=\"flex w-full flex-col gap-1 empty:hidden first:pt-[3px]\">\n<div class=\"markdown prose w-full break-words dark:prose-invert light\">\n<p data-pm-slice=\"1 1 []\">Erkunden Sie unsere <strong>35-Mikron-Kartonbeutel<\/strong>, die perfekte L\u00f6sung f\u00fcr alle Ihre Verpackungsbed\u00fcrfnisse, ob f\u00fcr Ihr Unternehmen oder Ihren Haushalt. B\u00e4ckereien, Konditoreien, Schokoladenfabriken und andere Unternehmen verwenden diese <strong>Beutel<\/strong> haupts\u00e4chlich. Sie eignen sich ideal zum Verpacken von S\u00fc\u00dfigkeiten, kleinen Pralinen, Bonbons sowie Papilloten und vielem mehr. Angeboten wird auch ein preisg\u00fcnstiger <strong>Klarsichtbeutel mit den Ma\u00dfen 250 x 375 mm<\/strong>, der f\u00fcr kleinere Produkte geeignet ist. Diese <strong>Beutel<\/strong> sorgen mit ihrem <strong>Pappboden<\/strong> f\u00fcr Stabilit\u00e4t und bieten gleichzeitig eine bessere Sicht auf Ihre Produkte. Probieren Sie sie aus, um Ihren Lieben eine raffinierte Note zu verleihen und gleichzeitig daf\u00fcr zu sorgen, dass die Lebensmittel sicher aufbewahrt werden.<\/p>\n<p>Durch ihre Transparenz bieten sie einen visuellen Blick auf Ihre Produkte. Zusammenfassend l\u00e4sst sich sagen, dass diese <strong>S\u00fc\u00dfwarenbeutel<\/strong> eine einfache und leistungsf\u00e4hige L\u00f6sung f\u00fcr die Vermarktung und den Transport Ihrer K\u00f6stlichkeiten bieten.<\/p>\n<p>Ebenso macht ihre einfache Handhabung sie sowohl f\u00fcr S\u00fc\u00dfwarenexperten als auch f\u00fcr anspruchsvolle Menschen unverzichtbar. W\u00e4hlen Sie diese funktionalen <strong>Beutel<\/strong>, die f\u00fcr ein angenehmes Einkaufs- und Genusserlebnis sorgen.<\/p>\n<p>&nbsp;<\/p>\n<\/div>\n<\/div>\n<\/div>\n<\/div>\n<\/div>\n<\/div>\n<\/div>\n<\/div>\n<\/div>\n<\/div>\n<\/div>\n<\/div>\n<\/div>\n<\/div>\n<\/div>\n<\/div>\n<\/div>\n<\/div>\n<\/div>\n<\/div>\n<\/div>\n<\/div>\n<\/div>\n<\/div>\n<\/div>\n<\/div>\n<\/div>\n<\/div>\n<\/div>\n<\/div>\n<\/div>\n<\/div>\n<\/div>\n<\/div>\n<\/div>\n<\/div>\n<\/div>\n<\/div>\n<\/div>\n<\/div>\n<\/div>\n<\/div>\n<\/div>\n<\/div>\n<\/div>\n<\/div>\n<\/div>\n<\/div>\n<div class=\"flex flex-grow flex-col max-w-full\">\n<div class=\"min-h-[20px] text-message flex flex-col items-start whitespace-pre-wrap break-words [.text-message+&amp;]:mt-5 juice:w-full juice:items-end overflow-x-auto gap-2\" dir=\"auto\" data-message-author-role=\"assistant\" data-message-id=\"2034782e-88f9-44ef-b4dc-07dd7bf0115f\">\n<div class=\"flex w-full flex-col gap-1 juice:empty:hidden juice:first:pt-[3px]\">\n<div class=\"markdown prose w-full break-words dark:prose-invert light\">\n<div style=\"font-family: Roboto, sans-serif;\">\n<div style=\"font-family: Roboto, sans-serif;\">\n<div style=\"font-family: Roboto, sans-serif;\">\n<div style=\"font-family: Roboto, sans-serif;\">\n<div style=\"font-family: Roboto, sans-serif;\">\n<div style=\"font-family: Roboto, sans-serif;\">\n<p><!--more--><\/p>\n<h4 style=\"text-align: left;\"><strong>Die Vorteile von Klarsichtbeuteln mit Boden aus silbernem Karton 250 x 375 mm :<\/strong><\/h4>\n<ul style=\"text-align: left;\">\n<li><strong>Eleganz<\/strong>: Silberne Oberfl\u00e4che, ideal zur Aufwertung von hochwertigen Produkten.<\/li>\n<li><strong>Praktische Ma\u00dfe<\/strong>: Vielseitige Gr\u00f6\u00dfe, die sich f\u00fcr viele Produkte eignet.<\/li>\n<li><strong>Benutzerfreundlich<\/strong>: Schnelles Bef\u00fcllen, einfaches Zusammenfalten und Verstauen.<\/li>\n<li><strong>Externer Schutz<\/strong>: Barriere gegen Feuchtigkeit und Staub.<\/li>\n<\/ul>\n<\/div>\n<\/div>\n<\/div>\n<\/div>\n<\/div>\n<\/div>\n<\/div>\n<\/div>\n<\/div>\n<\/div>\n<p>&nbsp;<\/p>\n<p style=\"text-align: left;\"><!--more--><\/p>\n<p><a href=\"\/?product_cat=sachets-neutres-avec-fond\">Sehen Sie sich den Rest unseres Sortiments an neutralen Beuteln mit Boden an<\/a><\/p>\n","protected":false},"excerpt":{"rendered":"<p>Kartonbodenbeutel Beschreibung: Silberbeutel mit Kartonboden, 250 x 375 mm, 100 St\u00fcck<\/p>\n","protected":false},"featured_media":259031,"template":"","meta":{"_acf_changed":false},"product_brand":[],"product_cat":[1137,1171,3967,1678,3490],"product_tag":[],"class_list":{"0":"post-16835","1":"product","2":"type-product","3":"status-publish","4":"has-post-thumbnail","6":"product_cat-lebensmittelverpackungen","7":"product_cat-backerei-und-konditorei","8":"product_cat-sacke-beutel-und-papier","9":"product_cat-beutel-fur-suswaren","10":"product_cat-neutrale-beutel-mit-boden","12":"first","13":"instock","14":"taxable","15":"shipping-taxable","16":"purchasable","17":"product-type-simple"},"acf":[],"yoast_head":"<!-- This site is optimized with the Yoast SEO Premium plugin v26.6 (Yoast SEO v26.6) - https:\/\/yoast.com\/wordpress\/plugins\/seo\/ -->\n<title>Transparenter Beutel - mit S\u00fc\u00dfigkeiten 250 x 370 mm<\/title>\n<meta name=\"description\" content=\"Kaufen Sie Transparente T\u00fcte &quot;Neutral&quot; mit Kartonboden. Ideal zum Pr\u00e4sentieren und Verpacken Ihrer h\u00fcbschen Konfektzusammenstellungen!\" \/>\n<meta name=\"robots\" content=\"index, follow, max-snippet:-1, max-image-preview:large, max-video-preview:-1\" \/>\n<link rel=\"canonical\" href=\"https:\/\/www.csj-emballages.com\/de\/produit\/100-beutel-mit-silbernem-karton-250-x-375-mm\/\" \/>\n<meta property=\"og:locale\" content=\"de_DE\" \/>\n<meta property=\"og:type\" content=\"article\" \/>\n<meta property=\"og:title\" content=\"Silberbeutel mit Kartonboden, 250 x 375 mm, 100 St\u00fcck\" \/>\n<meta property=\"og:description\" content=\"Kaufen Sie Transparente T\u00fcte &quot;Neutral&quot; mit Kartonboden. Ideal zum Pr\u00e4sentieren und Verpacken Ihrer h\u00fcbschen Konfektzusammenstellungen!\" \/>\n<meta property=\"og:url\" content=\"https:\/\/www.csj-emballages.com\/de\/produit\/100-beutel-mit-silbernem-karton-250-x-375-mm\/\" \/>\n<meta property=\"og:site_name\" content=\"CSJ Emballages\" \/>\n<meta property=\"article:publisher\" content=\"https:\/\/www.facebook.com\/csjemballages\" \/>\n<meta property=\"article:modified_time\" content=\"2026-04-01T00:18:18+00:00\" \/>\n<meta property=\"og:image\" content=\"https:\/\/www.csj-emballages.com\/wp-content\/uploads\/2024\/03\/SFNEUTRET.webp\" \/>\n\t<meta property=\"og:image:width\" content=\"800\" \/>\n\t<meta property=\"og:image:height\" content=\"800\" \/>\n\t<meta property=\"og:image:type\" content=\"image\/webp\" \/>\n<meta name=\"twitter:card\" content=\"summary_large_image\" \/>\n<meta name=\"twitter:label1\" content=\"Gesch\u00e4tzte Lesezeit\" \/>\n\t<meta name=\"twitter:data1\" content=\"1\u00a0Minute\" \/>\n<script type=\"application\/ld+json\" class=\"yoast-schema-graph\">{\"@context\":\"https:\/\/schema.org\",\"@graph\":[{\"@type\":\"WebPage\",\"@id\":\"https:\/\/www.csj-emballages.com\/de\/produit\/100-beutel-mit-silbernem-karton-250-x-375-mm\/\",\"url\":\"https:\/\/www.csj-emballages.com\/de\/produit\/100-beutel-mit-silbernem-karton-250-x-375-mm\/\",\"name\":\"Transparenter Beutel - mit S\u00fc\u00dfigkeiten 250 x 370 mm\",\"isPartOf\":{\"@id\":\"https:\/\/www.csj-emballages.com\/de\/#website\"},\"primaryImageOfPage\":{\"@id\":\"https:\/\/www.csj-emballages.com\/de\/produit\/100-beutel-mit-silbernem-karton-250-x-375-mm\/#primaryimage\"},\"image\":{\"@id\":\"https:\/\/www.csj-emballages.com\/de\/produit\/100-beutel-mit-silbernem-karton-250-x-375-mm\/#primaryimage\"},\"thumbnailUrl\":\"https:\/\/www.csj-emballages.com\/wp-content\/uploads\/2024\/03\/SFNEUTRET.webp\",\"datePublished\":\"2024-05-16T07:24:25+00:00\",\"dateModified\":\"2026-04-01T00:18:18+00:00\",\"description\":\"Kaufen Sie Transparente T\u00fcte \\\"Neutral\\\" mit Kartonboden. Ideal zum Pr\u00e4sentieren und Verpacken Ihrer h\u00fcbschen Konfektzusammenstellungen!\",\"breadcrumb\":{\"@id\":\"https:\/\/www.csj-emballages.com\/de\/produit\/100-beutel-mit-silbernem-karton-250-x-375-mm\/#breadcrumb\"},\"inLanguage\":\"de\",\"potentialAction\":[{\"@type\":\"ReadAction\",\"target\":[\"https:\/\/www.csj-emballages.com\/de\/produit\/100-beutel-mit-silbernem-karton-250-x-375-mm\/\"]}]},{\"@type\":\"ImageObject\",\"inLanguage\":\"de\",\"@id\":\"https:\/\/www.csj-emballages.com\/de\/produit\/100-beutel-mit-silbernem-karton-250-x-375-mm\/#primaryimage\",\"url\":\"https:\/\/www.csj-emballages.com\/wp-content\/uploads\/2024\/03\/SFNEUTRET.webp\",\"contentUrl\":\"https:\/\/www.csj-emballages.com\/wp-content\/uploads\/2024\/03\/SFNEUTRET.webp\",\"width\":800,\"height\":800,\"caption\":\"Sachet fond carton\"},{\"@type\":\"BreadcrumbList\",\"@id\":\"https:\/\/www.csj-emballages.com\/de\/produit\/100-beutel-mit-silbernem-karton-250-x-375-mm\/#breadcrumb\",\"itemListElement\":[{\"@type\":\"ListItem\",\"position\":1,\"name\":\"Accueil\",\"item\":\"https:\/\/www.csj-emballages.com\/de\/universum-lebensmittelverpackungen\/\"},{\"@type\":\"ListItem\",\"position\":2,\"name\":\"Shop\",\"item\":\"https:\/\/www.csj-emballages.com\/shop\/\"},{\"@type\":\"ListItem\",\"position\":3,\"name\":\"Silberbeutel mit Kartonboden, 250 x 375 mm, 100 St\u00fcck\"}]},{\"@type\":\"WebSite\",\"@id\":\"https:\/\/www.csj-emballages.com\/de\/#website\",\"url\":\"https:\/\/www.csj-emballages.com\/de\/\",\"name\":\"CSJ Emballages\",\"description\":\"\",\"publisher\":{\"@id\":\"https:\/\/www.csj-emballages.com\/de\/#organization\"},\"potentialAction\":[{\"@type\":\"SearchAction\",\"target\":{\"@type\":\"EntryPoint\",\"urlTemplate\":\"https:\/\/www.csj-emballages.com\/de\/?s={search_term_string}\"},\"query-input\":{\"@type\":\"PropertyValueSpecification\",\"valueRequired\":true,\"valueName\":\"search_term_string\"}}],\"inLanguage\":\"de\"},{\"@type\":\"Organization\",\"@id\":\"https:\/\/www.csj-emballages.com\/de\/#Organization\/\",\"name\":\"CSJ Emballages\",\"url\":\"https:\/\/www.csj-emballages.com\/de\/\",\"logo\":{\"@type\":\"ImageObject\",\"inLanguage\":\"de\",\"@id\":\"https:\/\/www.csj-emballages.com\/de\/#\/schema\/logo\/image\/\",\"url\":\"https:\/\/www.csj-emballages.com\/wp-content\/uploads\/2023\/10\/logo_csj.webp\",\"contentUrl\":\"https:\/\/www.csj-emballages.com\/wp-content\/uploads\/2023\/10\/logo_csj.webp\",\"width\":250,\"height\":95,\"caption\":\"CSJ Emballages\"},\"image\":{\"@id\":\"https:\/\/www.csj-emballages.com\/de\/#\/schema\/logo\/image\/\"},\"sameAs\":[\"https:\/\/www.facebook.com\/csjemballages\"],\"address\":{\"@type\":\"PostalAddress\",\"streetAddress\":\"ZI La Lechere\",\"addressLocality\":\"Patornay\",\"postalCode\":\"39130\",\"addressCountry\":\"FR\"},\"contactPoint\":[{\"@type\":\"ContactPoint\",\"contactType\":\"Service client\",\"telephone\":\"0384254272\",\"email\":\"contact@csj-emballages.com\"}]}]}<\/script>\n<!-- \/ Yoast SEO Premium plugin. -->","yoast_head_json":{"title":"Transparenter Beutel - mit S\u00fc\u00dfigkeiten 250 x 370 mm","description":"Kaufen Sie Transparente T\u00fcte \"Neutral\" mit Kartonboden. Ideal zum Pr\u00e4sentieren und Verpacken Ihrer h\u00fcbschen Konfektzusammenstellungen!","robots":{"index":"index","follow":"follow","max-snippet":"max-snippet:-1","max-image-preview":"max-image-preview:large","max-video-preview":"max-video-preview:-1"},"canonical":"https:\/\/www.csj-emballages.com\/de\/produit\/100-beutel-mit-silbernem-karton-250-x-375-mm\/","og_locale":"de_DE","og_type":"article","og_title":"Silberbeutel mit Kartonboden, 250 x 375 mm, 100 St\u00fcck","og_description":"Kaufen Sie Transparente T\u00fcte \"Neutral\" mit Kartonboden. Ideal zum Pr\u00e4sentieren und Verpacken Ihrer h\u00fcbschen Konfektzusammenstellungen!","og_url":"https:\/\/www.csj-emballages.com\/de\/produit\/100-beutel-mit-silbernem-karton-250-x-375-mm\/","og_site_name":"CSJ Emballages","article_publisher":"https:\/\/www.facebook.com\/csjemballages","article_modified_time":"2026-04-01T00:18:18+00:00","og_image":[{"width":800,"height":800,"url":"https:\/\/www.csj-emballages.com\/wp-content\/uploads\/2024\/03\/SFNEUTRET.webp","type":"image\/webp"}],"twitter_card":"summary_large_image","twitter_misc":{"Gesch\u00e4tzte Lesezeit":"1\u00a0Minute"},"schema":{"@context":"https:\/\/schema.org","@graph":[{"@type":"WebPage","@id":"https:\/\/www.csj-emballages.com\/de\/produit\/100-beutel-mit-silbernem-karton-250-x-375-mm\/","url":"https:\/\/www.csj-emballages.com\/de\/produit\/100-beutel-mit-silbernem-karton-250-x-375-mm\/","name":"Transparenter Beutel - mit S\u00fc\u00dfigkeiten 250 x 370 mm","isPartOf":{"@id":"https:\/\/www.csj-emballages.com\/de\/#website"},"primaryImageOfPage":{"@id":"https:\/\/www.csj-emballages.com\/de\/produit\/100-beutel-mit-silbernem-karton-250-x-375-mm\/#primaryimage"},"image":{"@id":"https:\/\/www.csj-emballages.com\/de\/produit\/100-beutel-mit-silbernem-karton-250-x-375-mm\/#primaryimage"},"thumbnailUrl":"https:\/\/www.csj-emballages.com\/wp-content\/uploads\/2024\/03\/SFNEUTRET.webp","datePublished":"2024-05-16T07:24:25+00:00","dateModified":"2026-04-01T00:18:18+00:00","description":"Kaufen Sie Transparente T\u00fcte \"Neutral\" mit Kartonboden. Ideal zum Pr\u00e4sentieren und Verpacken Ihrer h\u00fcbschen Konfektzusammenstellungen!","breadcrumb":{"@id":"https:\/\/www.csj-emballages.com\/de\/produit\/100-beutel-mit-silbernem-karton-250-x-375-mm\/#breadcrumb"},"inLanguage":"de","potentialAction":[{"@type":"ReadAction","target":["https:\/\/www.csj-emballages.com\/de\/produit\/100-beutel-mit-silbernem-karton-250-x-375-mm\/"]}]},{"@type":"ImageObject","inLanguage":"de","@id":"https:\/\/www.csj-emballages.com\/de\/produit\/100-beutel-mit-silbernem-karton-250-x-375-mm\/#primaryimage","url":"https:\/\/www.csj-emballages.com\/wp-content\/uploads\/2024\/03\/SFNEUTRET.webp","contentUrl":"https:\/\/www.csj-emballages.com\/wp-content\/uploads\/2024\/03\/SFNEUTRET.webp","width":800,"height":800,"caption":"Sachet fond carton"},{"@type":"BreadcrumbList","@id":"https:\/\/www.csj-emballages.com\/de\/produit\/100-beutel-mit-silbernem-karton-250-x-375-mm\/#breadcrumb","itemListElement":[{"@type":"ListItem","position":1,"name":"Accueil","item":"https:\/\/www.csj-emballages.com\/de\/universum-lebensmittelverpackungen\/"},{"@type":"ListItem","position":2,"name":"Shop","item":"https:\/\/www.csj-emballages.com\/shop\/"},{"@type":"ListItem","position":3,"name":"Silberbeutel mit Kartonboden, 250 x 375 mm, 100 St\u00fcck"}]},{"@type":"WebSite","@id":"https:\/\/www.csj-emballages.com\/de\/#website","url":"https:\/\/www.csj-emballages.com\/de\/","name":"CSJ Emballages","description":"","publisher":{"@id":"https:\/\/www.csj-emballages.com\/de\/#organization"},"potentialAction":[{"@type":"SearchAction","target":{"@type":"EntryPoint","urlTemplate":"https:\/\/www.csj-emballages.com\/de\/?s={search_term_string}"},"query-input":{"@type":"PropertyValueSpecification","valueRequired":true,"valueName":"search_term_string"}}],"inLanguage":"de"},{"@type":"Organization","@id":"https:\/\/www.csj-emballages.com\/de\/#Organization\/","name":"CSJ Emballages","url":"https:\/\/www.csj-emballages.com\/de\/","logo":{"@type":"ImageObject","inLanguage":"de","@id":"https:\/\/www.csj-emballages.com\/de\/#\/schema\/logo\/image\/","url":"https:\/\/www.csj-emballages.com\/wp-content\/uploads\/2023\/10\/logo_csj.webp","contentUrl":"https:\/\/www.csj-emballages.com\/wp-content\/uploads\/2023\/10\/logo_csj.webp","width":250,"height":95,"caption":"CSJ Emballages"},"image":{"@id":"https:\/\/www.csj-emballages.com\/de\/#\/schema\/logo\/image\/"},"sameAs":["https:\/\/www.facebook.com\/csjemballages"],"address":{"@type":"PostalAddress","streetAddress":"ZI La Lechere","addressLocality":"Patornay","postalCode":"39130","addressCountry":"FR"},"contactPoint":[{"@type":"ContactPoint","contactType":"Service client","telephone":"0384254272","email":"contact@csj-emballages.com"}]}]}},"df_price":19.2,"df_sale_price":"","df_regular_price":19.2,"df_image_link":"https:\/\/www.csj-emballages.com\/wp-content\/uploads\/2024\/03\/SFNEUTRET-300x300.webp","tiered_pricing_type":"fixed","tiered_pricing_fixed_rules":[],"tiered_pricing_percentage_rules":[],"tiered_pricing_minimum":1,"tiered_pricing_roles_data":[],"_links":{"self":[{"href":"https:\/\/www.csj-emballages.com\/de\/wp-json\/wp\/v2\/product\/16835","targetHints":{"allow":["GET"]}}],"collection":[{"href":"https:\/\/www.csj-emballages.com\/de\/wp-json\/wp\/v2\/product"}],"about":[{"href":"https:\/\/www.csj-emballages.com\/de\/wp-json\/wp\/v2\/types\/product"}],"wp:featuredmedia":[{"embeddable":true,"href":"https:\/\/www.csj-emballages.com\/de\/wp-json\/wp\/v2\/media\/259031"}],"wp:attachment":[{"href":"https:\/\/www.csj-emballages.com\/de\/wp-json\/wp\/v2\/media?parent=16835"}],"wp:term":[{"taxonomy":"product_brand","embeddable":true,"href":"https:\/\/www.csj-emballages.com\/de\/wp-json\/wp\/v2\/product_brand?post=16835"},{"taxonomy":"product_cat","embeddable":true,"href":"https:\/\/www.csj-emballages.com\/de\/wp-json\/wp\/v2\/product_cat?post=16835"},{"taxonomy":"product_tag","embeddable":true,"href":"https:\/\/www.csj-emballages.com\/de\/wp-json\/wp\/v2\/product_tag?post=16835"}],"curies":[{"name":"wp","href":"https:\/\/api.w.org\/{rel}","templated":true}]}}