{"id":16829,"date":"2024-05-16T09:19:33","date_gmt":"2024-05-16T07:19:33","guid":{"rendered":"https:\/\/u15jnbdpoq.preview.infomaniak.website\/produit\/1000-lieferscheintaschen-225-x-155-mm-dokumente-umschlossen\/"},"modified":"2026-04-29T02:16:47","modified_gmt":"2026-04-29T00:16:47","slug":"1000-lieferscheintaschen-225-x-155-mm-dokumente-umschlossen","status":"publish","type":"product","link":"https:\/\/www.csj-emballages.com\/de\/produit\/1000-lieferscheintaschen-225-x-155-mm-dokumente-umschlossen\/","title":{"rendered":"Begleitpapiertasche 225 x 155 mm \u201eDocuments Enclosed\u201c im 1000er-Pack"},"content":{"rendered":"<h2>Begleitpapiertasche<\/h2>\n<hr>\n<h3>Entdecken Sie unsere Begleitpapiertasche 225 x 155 mm \u201eDocuments Enclosed\u201c im 1000er-Pack<\/h3>\n<p><!--more--><\/p>\n<div class=\"flex-shrink-0 flex flex-col relative items-end\">\n<div class=\"pt-0.5 juice:pt-0\">\n<div class=\"gizmo-bot-avatar flex h-6 w-6 items-center justify-center overflow-hidden rounded-full juice:h-8 juice:w-8\">\n<div class=\"relative p-1 rounded-sm flex items-center justify-center bg-token-main-surface-primary text-token-text-primary h-8 w-8\">\n<p data-start=\"248\" data-end=\"636\">Beim Versand kann ein vergessenes oder falsch platziertes Dokument schnell zu Komplikationen f\u00fchren. Mit dieser <strong data-start=\"341\" data-end=\"400\">Begleitpapiertasche \u201eDocuments Enclosed\u201c 225 x 155 mm<\/strong> ist sie <span dir=\"auto\">f\u00fcr <\/span><strong data-start=\"527\" data-end=\"593\">Lieferscheine, Rechnungen oder andere wichtige Dokumente geeignet.<\/strong>  <\/p>\n<p data-start=\"248\" data-end=\"636\">Ihr Format ist perfekt f\u00fcr gefaltete Dokumente geeignet und bleibt dabei diskret auf dem Paket. Einmal aufgeklebt, <strong>sch\u00fctzt die Tasche die Papiere effektiv<\/strong> vor Feuchtigkeit, Reibung und transportbedingter Handhabung. Die Informationen bleiben sichtbar, sauber und leicht zug\u00e4nglich, was die Arbeit sowohl f\u00fcr Spediteure als auch f\u00fcr den Empf\u00e4nger vereinfacht.  <\/p>\n<p data-start=\"1016\" data-end=\"1358\">Der gut lesbare Hinweis <strong data-start=\"1027\" data-end=\"1051\">\u201eDocuments Enclosed\u201c<\/strong> zieht sofort die Aufmerksamkeit auf sich. Er erm\u00f6glicht eine schnelle Identifizierung beiliegender Dokumente, wodurch Vergesslichkeit, Bearbeitungsfehler und Zeitverluste vermieden werden. Dies ist ein echter Vorteil, um den Versandablauf zu verbessern und die Professionalit\u00e4t jeder Sendung zu st\u00e4rken.  <\/p>\n<p data-start=\"1360\" data-end=\"1629\">Angeboten <strong data-start=\"1369\" data-end=\"1388\">im 1000er-Pack<\/strong>, ist diese <strong>Tasche<\/strong> ideal f\u00fcr Unternehmen, die regelm\u00e4\u00dfig versenden: E-<strong>Commerce, Logistikplattformen, B\u00fcros oder Verwaltungsdienste<\/strong>. Sie l\u00e4sst sich leicht in bestehende Versandprozesse integrieren, ohne Gewohnheiten zu \u00e4ndern. <\/p>\n<p data-start=\"1631\" data-end=\"1776\">Zusammenfassend l\u00e4sst sich sagen, ist diese <strong>Begleitpapiertasche<\/strong> ein kleines, einfaches, aber wesentliches Hilfsmittel f\u00fcr besser organisierte, klarere und effizientere Sendungen.<\/p>\n<p data-start=\"1631\" data-end=\"1776\">\n<\/div>\n<\/div>\n<\/div>\n<\/div>\n<p><!--more--><\/p>\n<p><strong>Vorteile :<\/strong><\/p>\n<ul>\n<li data-start=\"1804\" data-end=\"1852\">Erm\u00f6glicht das Beilegen von Rechnungen oder Lieferscheinen.<\/li>\n<li data-start=\"1855\" data-end=\"1886\"><span dir=\"auto\"><span dir=\"auto\">Format 225 x 155.<\/span><\/span><\/li>\n<li data-start=\"1977\" data-end=\"2010\">Erleichtert die logistische Arbeit.<\/li>\n<li data-start=\"2013\" data-end=\"2043\">Sparset von <strong>1000 St\u00fcck<\/strong>.<\/li>\n<\/ul>\n<p>&nbsp;<\/p>\n<p><!--more--><\/p>\n<h4>Weitere Informationen :<\/h4>\n<ul>\n<li><strong>Verpackung<\/strong>: Karton mit 1000 St\u00fcck<\/li>\n<li><strong>Abmessungen<\/strong>: 225 x 155 mm<\/li>\n<\/ul>\n<p>&nbsp;<\/p>\n<p><!--more--><\/p>\n<p><a href=\"https:\/\/www.csj-emballages.com\/de\/universum-industrieverpackungen\/\">Sehen Sie sich den Rest unserer Welt der Industrieverpackungen an<\/a><\/p>\n","protected":false},"excerpt":{"rendered":"<p>Begleitpapiertasche Entdecken Sie unsere Begleitpapiertasche 225 x 155 mm \u201eDocuments Enclosed\u201c im 1000er-Pack<\/p>\n","protected":false},"featured_media":263274,"template":"","meta":{"_acf_changed":false},"product_brand":[],"product_cat":[1137,1206,1207],"product_tag":[],"class_list":{"0":"post-16829","1":"product","2":"type-product","3":"status-publish","4":"has-post-thumbnail","6":"product_cat-lebensmittelverpackungen","7":"product_cat-industrielle-verpackungen","8":"product_cat-versandtaschen","10":"first","11":"instock","12":"taxable","13":"shipping-taxable","14":"purchasable","15":"product-type-simple"},"acf":[],"yoast_head":"<!-- This site is optimized with the Yoast SEO Premium plugin v26.6 (Yoast SEO v26.6) - https:\/\/yoast.com\/wordpress\/plugins\/seo\/ -->\n<title>Begleitpapiertasche 225 x 155 mm \u201eDocuments Enclosed\u201c im 1000er-Pack<\/title>\n<meta name=\"description\" content=\"Begleitpapiertasche 225 x 155 mm \u201eDocuments Enclosed\u201c im 1000er-Pack. Praktische L\u00f6sung, um Rechnungen oder Lieferscheine Ihren Paketen beizulegen.\" \/>\n<meta name=\"robots\" content=\"index, follow, max-snippet:-1, max-image-preview:large, max-video-preview:-1\" \/>\n<link rel=\"canonical\" href=\"https:\/\/www.csj-emballages.com\/de\/produit\/1000-lieferscheintaschen-225-x-155-mm-dokumente-umschlossen\/\" \/>\n<meta property=\"og:locale\" content=\"de_DE\" \/>\n<meta property=\"og:type\" content=\"article\" \/>\n<meta property=\"og:title\" content=\"Begleitpapiertasche 225 x 155 mm \u201eDocuments Enclosed\u201c im 1000er-Pack\" \/>\n<meta property=\"og:description\" content=\"Begleitpapiertasche 225 x 155 mm \u201eDocuments Enclosed\u201c im 1000er-Pack. Praktische L\u00f6sung, um Rechnungen oder Lieferscheine Ihren Paketen beizulegen.\" \/>\n<meta property=\"og:url\" content=\"https:\/\/www.csj-emballages.com\/de\/produit\/1000-lieferscheintaschen-225-x-155-mm-dokumente-umschlossen\/\" \/>\n<meta property=\"og:site_name\" content=\"CSJ Emballages\" \/>\n<meta property=\"article:publisher\" content=\"https:\/\/www.facebook.com\/csjemballages\" \/>\n<meta property=\"article:modified_time\" content=\"2026-04-29T00:16:47+00:00\" \/>\n<meta property=\"og:image\" content=\"https:\/\/www.csj-emballages.com\/wp-content\/uploads\/2024\/05\/Pochette-dexpedition.webp\" \/>\n\t<meta property=\"og:image:width\" content=\"800\" \/>\n\t<meta property=\"og:image:height\" content=\"800\" \/>\n\t<meta property=\"og:image:type\" content=\"image\/webp\" \/>\n<meta name=\"twitter:card\" content=\"summary_large_image\" \/>\n<meta name=\"twitter:label1\" content=\"Gesch\u00e4tzte Lesezeit\" \/>\n\t<meta name=\"twitter:data1\" content=\"1\u00a0Minute\" \/>\n<script type=\"application\/ld+json\" class=\"yoast-schema-graph\">{\"@context\":\"https:\/\/schema.org\",\"@graph\":[{\"@type\":\"WebPage\",\"@id\":\"https:\/\/www.csj-emballages.com\/de\/produit\/1000-lieferscheintaschen-225-x-155-mm-dokumente-umschlossen\/\",\"url\":\"https:\/\/www.csj-emballages.com\/de\/produit\/1000-lieferscheintaschen-225-x-155-mm-dokumente-umschlossen\/\",\"name\":\"Begleitpapiertasche 225 x 155 mm \u201eDocuments Enclosed\u201c im 1000er-Pack\",\"isPartOf\":{\"@id\":\"https:\/\/www.csj-emballages.com\/de\/#website\"},\"primaryImageOfPage\":{\"@id\":\"https:\/\/www.csj-emballages.com\/de\/produit\/1000-lieferscheintaschen-225-x-155-mm-dokumente-umschlossen\/#primaryimage\"},\"image\":{\"@id\":\"https:\/\/www.csj-emballages.com\/de\/produit\/1000-lieferscheintaschen-225-x-155-mm-dokumente-umschlossen\/#primaryimage\"},\"thumbnailUrl\":\"https:\/\/www.csj-emballages.com\/wp-content\/uploads\/2024\/05\/Pochette-dexpedition.webp\",\"datePublished\":\"2024-05-16T07:19:33+00:00\",\"dateModified\":\"2026-04-29T00:16:47+00:00\",\"description\":\"Begleitpapiertasche 225 x 155 mm \u201eDocuments Enclosed\u201c im 1000er-Pack. Praktische L\u00f6sung, um Rechnungen oder Lieferscheine Ihren Paketen beizulegen.\",\"breadcrumb\":{\"@id\":\"https:\/\/www.csj-emballages.com\/de\/produit\/1000-lieferscheintaschen-225-x-155-mm-dokumente-umschlossen\/#breadcrumb\"},\"inLanguage\":\"de\",\"potentialAction\":[{\"@type\":\"ReadAction\",\"target\":[\"https:\/\/www.csj-emballages.com\/de\/produit\/1000-lieferscheintaschen-225-x-155-mm-dokumente-umschlossen\/\"]}]},{\"@type\":\"ImageObject\",\"inLanguage\":\"de\",\"@id\":\"https:\/\/www.csj-emballages.com\/de\/produit\/1000-lieferscheintaschen-225-x-155-mm-dokumente-umschlossen\/#primaryimage\",\"url\":\"https:\/\/www.csj-emballages.com\/wp-content\/uploads\/2024\/05\/Pochette-dexpedition.webp\",\"contentUrl\":\"https:\/\/www.csj-emballages.com\/wp-content\/uploads\/2024\/05\/Pochette-dexpedition.webp\",\"width\":800,\"height\":800,\"caption\":\"Pochette d'exp\u00e9dition\"},{\"@type\":\"BreadcrumbList\",\"@id\":\"https:\/\/www.csj-emballages.com\/de\/produit\/1000-lieferscheintaschen-225-x-155-mm-dokumente-umschlossen\/#breadcrumb\",\"itemListElement\":[{\"@type\":\"ListItem\",\"position\":1,\"name\":\"Accueil\",\"item\":\"https:\/\/www.csj-emballages.com\/de\/universum-lebensmittelverpackungen\/\"},{\"@type\":\"ListItem\",\"position\":2,\"name\":\"Shop\",\"item\":\"https:\/\/www.csj-emballages.com\/shop\/\"},{\"@type\":\"ListItem\",\"position\":3,\"name\":\"Begleitpapiertasche 225 x 155 mm \u201eDocuments Enclosed\u201c im 1000er-Pack\"}]},{\"@type\":\"WebSite\",\"@id\":\"https:\/\/www.csj-emballages.com\/de\/#website\",\"url\":\"https:\/\/www.csj-emballages.com\/de\/\",\"name\":\"CSJ Emballages\",\"description\":\"\",\"publisher\":{\"@id\":\"https:\/\/www.csj-emballages.com\/de\/#organization\"},\"potentialAction\":[{\"@type\":\"SearchAction\",\"target\":{\"@type\":\"EntryPoint\",\"urlTemplate\":\"https:\/\/www.csj-emballages.com\/de\/?s={search_term_string}\"},\"query-input\":{\"@type\":\"PropertyValueSpecification\",\"valueRequired\":true,\"valueName\":\"search_term_string\"}}],\"inLanguage\":\"de\"},{\"@type\":\"Organization\",\"@id\":\"https:\/\/www.csj-emballages.com\/de\/#Organization\/\",\"name\":\"CSJ Emballages\",\"url\":\"https:\/\/www.csj-emballages.com\/de\/\",\"logo\":{\"@type\":\"ImageObject\",\"inLanguage\":\"de\",\"@id\":\"https:\/\/www.csj-emballages.com\/de\/#\/schema\/logo\/image\/\",\"url\":\"https:\/\/www.csj-emballages.com\/wp-content\/uploads\/2023\/10\/logo_csj.webp\",\"contentUrl\":\"https:\/\/www.csj-emballages.com\/wp-content\/uploads\/2023\/10\/logo_csj.webp\",\"width\":250,\"height\":95,\"caption\":\"CSJ Emballages\"},\"image\":{\"@id\":\"https:\/\/www.csj-emballages.com\/de\/#\/schema\/logo\/image\/\"},\"sameAs\":[\"https:\/\/www.facebook.com\/csjemballages\"],\"address\":{\"@type\":\"PostalAddress\",\"streetAddress\":\"ZI La Lechere\",\"addressLocality\":\"Patornay\",\"postalCode\":\"39130\",\"addressCountry\":\"FR\"},\"contactPoint\":[{\"@type\":\"ContactPoint\",\"contactType\":\"Service client\",\"telephone\":\"0384254272\",\"email\":\"contact@csj-emballages.com\"}]}]}<\/script>\n<!-- \/ Yoast SEO Premium plugin. -->","yoast_head_json":{"title":"Begleitpapiertasche 225 x 155 mm \u201eDocuments Enclosed\u201c im 1000er-Pack","description":"Begleitpapiertasche 225 x 155 mm \u201eDocuments Enclosed\u201c im 1000er-Pack. Praktische L\u00f6sung, um Rechnungen oder Lieferscheine Ihren Paketen beizulegen.","robots":{"index":"index","follow":"follow","max-snippet":"max-snippet:-1","max-image-preview":"max-image-preview:large","max-video-preview":"max-video-preview:-1"},"canonical":"https:\/\/www.csj-emballages.com\/de\/produit\/1000-lieferscheintaschen-225-x-155-mm-dokumente-umschlossen\/","og_locale":"de_DE","og_type":"article","og_title":"Begleitpapiertasche 225 x 155 mm \u201eDocuments Enclosed\u201c im 1000er-Pack","og_description":"Begleitpapiertasche 225 x 155 mm \u201eDocuments Enclosed\u201c im 1000er-Pack. Praktische L\u00f6sung, um Rechnungen oder Lieferscheine Ihren Paketen beizulegen.","og_url":"https:\/\/www.csj-emballages.com\/de\/produit\/1000-lieferscheintaschen-225-x-155-mm-dokumente-umschlossen\/","og_site_name":"CSJ Emballages","article_publisher":"https:\/\/www.facebook.com\/csjemballages","article_modified_time":"2026-04-29T00:16:47+00:00","og_image":[{"width":800,"height":800,"url":"https:\/\/www.csj-emballages.com\/wp-content\/uploads\/2024\/05\/Pochette-dexpedition.webp","type":"image\/webp"}],"twitter_card":"summary_large_image","twitter_misc":{"Gesch\u00e4tzte Lesezeit":"1\u00a0Minute"},"schema":{"@context":"https:\/\/schema.org","@graph":[{"@type":"WebPage","@id":"https:\/\/www.csj-emballages.com\/de\/produit\/1000-lieferscheintaschen-225-x-155-mm-dokumente-umschlossen\/","url":"https:\/\/www.csj-emballages.com\/de\/produit\/1000-lieferscheintaschen-225-x-155-mm-dokumente-umschlossen\/","name":"Begleitpapiertasche 225 x 155 mm \u201eDocuments Enclosed\u201c im 1000er-Pack","isPartOf":{"@id":"https:\/\/www.csj-emballages.com\/de\/#website"},"primaryImageOfPage":{"@id":"https:\/\/www.csj-emballages.com\/de\/produit\/1000-lieferscheintaschen-225-x-155-mm-dokumente-umschlossen\/#primaryimage"},"image":{"@id":"https:\/\/www.csj-emballages.com\/de\/produit\/1000-lieferscheintaschen-225-x-155-mm-dokumente-umschlossen\/#primaryimage"},"thumbnailUrl":"https:\/\/www.csj-emballages.com\/wp-content\/uploads\/2024\/05\/Pochette-dexpedition.webp","datePublished":"2024-05-16T07:19:33+00:00","dateModified":"2026-04-29T00:16:47+00:00","description":"Begleitpapiertasche 225 x 155 mm \u201eDocuments Enclosed\u201c im 1000er-Pack. Praktische L\u00f6sung, um Rechnungen oder Lieferscheine Ihren Paketen beizulegen.","breadcrumb":{"@id":"https:\/\/www.csj-emballages.com\/de\/produit\/1000-lieferscheintaschen-225-x-155-mm-dokumente-umschlossen\/#breadcrumb"},"inLanguage":"de","potentialAction":[{"@type":"ReadAction","target":["https:\/\/www.csj-emballages.com\/de\/produit\/1000-lieferscheintaschen-225-x-155-mm-dokumente-umschlossen\/"]}]},{"@type":"ImageObject","inLanguage":"de","@id":"https:\/\/www.csj-emballages.com\/de\/produit\/1000-lieferscheintaschen-225-x-155-mm-dokumente-umschlossen\/#primaryimage","url":"https:\/\/www.csj-emballages.com\/wp-content\/uploads\/2024\/05\/Pochette-dexpedition.webp","contentUrl":"https:\/\/www.csj-emballages.com\/wp-content\/uploads\/2024\/05\/Pochette-dexpedition.webp","width":800,"height":800,"caption":"Pochette d'exp\u00e9dition"},{"@type":"BreadcrumbList","@id":"https:\/\/www.csj-emballages.com\/de\/produit\/1000-lieferscheintaschen-225-x-155-mm-dokumente-umschlossen\/#breadcrumb","itemListElement":[{"@type":"ListItem","position":1,"name":"Accueil","item":"https:\/\/www.csj-emballages.com\/de\/universum-lebensmittelverpackungen\/"},{"@type":"ListItem","position":2,"name":"Shop","item":"https:\/\/www.csj-emballages.com\/shop\/"},{"@type":"ListItem","position":3,"name":"Begleitpapiertasche 225 x 155 mm \u201eDocuments Enclosed\u201c im 1000er-Pack"}]},{"@type":"WebSite","@id":"https:\/\/www.csj-emballages.com\/de\/#website","url":"https:\/\/www.csj-emballages.com\/de\/","name":"CSJ Emballages","description":"","publisher":{"@id":"https:\/\/www.csj-emballages.com\/de\/#organization"},"potentialAction":[{"@type":"SearchAction","target":{"@type":"EntryPoint","urlTemplate":"https:\/\/www.csj-emballages.com\/de\/?s={search_term_string}"},"query-input":{"@type":"PropertyValueSpecification","valueRequired":true,"valueName":"search_term_string"}}],"inLanguage":"de"},{"@type":"Organization","@id":"https:\/\/www.csj-emballages.com\/de\/#Organization\/","name":"CSJ Emballages","url":"https:\/\/www.csj-emballages.com\/de\/","logo":{"@type":"ImageObject","inLanguage":"de","@id":"https:\/\/www.csj-emballages.com\/de\/#\/schema\/logo\/image\/","url":"https:\/\/www.csj-emballages.com\/wp-content\/uploads\/2023\/10\/logo_csj.webp","contentUrl":"https:\/\/www.csj-emballages.com\/wp-content\/uploads\/2023\/10\/logo_csj.webp","width":250,"height":95,"caption":"CSJ Emballages"},"image":{"@id":"https:\/\/www.csj-emballages.com\/de\/#\/schema\/logo\/image\/"},"sameAs":["https:\/\/www.facebook.com\/csjemballages"],"address":{"@type":"PostalAddress","streetAddress":"ZI La Lechere","addressLocality":"Patornay","postalCode":"39130","addressCountry":"FR"},"contactPoint":[{"@type":"ContactPoint","contactType":"Service client","telephone":"0384254272","email":"contact@csj-emballages.com"}]}]}},"df_price":57.22,"df_sale_price":"","df_regular_price":57.22,"df_image_link":"https:\/\/www.csj-emballages.com\/wp-content\/uploads\/2024\/05\/Pochette-dexpedition-300x300.webp","tiered_pricing_type":"fixed","tiered_pricing_fixed_rules":[],"tiered_pricing_percentage_rules":[],"tiered_pricing_minimum":1,"tiered_pricing_roles_data":[],"_links":{"self":[{"href":"https:\/\/www.csj-emballages.com\/de\/wp-json\/wp\/v2\/product\/16829","targetHints":{"allow":["GET"]}}],"collection":[{"href":"https:\/\/www.csj-emballages.com\/de\/wp-json\/wp\/v2\/product"}],"about":[{"href":"https:\/\/www.csj-emballages.com\/de\/wp-json\/wp\/v2\/types\/product"}],"wp:featuredmedia":[{"embeddable":true,"href":"https:\/\/www.csj-emballages.com\/de\/wp-json\/wp\/v2\/media\/263274"}],"wp:attachment":[{"href":"https:\/\/www.csj-emballages.com\/de\/wp-json\/wp\/v2\/media?parent=16829"}],"wp:term":[{"taxonomy":"product_brand","embeddable":true,"href":"https:\/\/www.csj-emballages.com\/de\/wp-json\/wp\/v2\/product_brand?post=16829"},{"taxonomy":"product_cat","embeddable":true,"href":"https:\/\/www.csj-emballages.com\/de\/wp-json\/wp\/v2\/product_cat?post=16829"},{"taxonomy":"product_tag","embeddable":true,"href":"https:\/\/www.csj-emballages.com\/de\/wp-json\/wp\/v2\/product_tag?post=16829"}],"curies":[{"name":"wp","href":"https:\/\/api.w.org\/{rel}","templated":true}]}}