{"id":16826,"date":"2024-05-22T11:12:03","date_gmt":"2024-05-22T09:12:03","guid":{"rendered":"https:\/\/u15jnbdpoq.preview.infomaniak.website\/produit\/schachtel-5-1-ungeschaelte-aprikose-zum-backen\/"},"modified":"2026-04-15T02:10:13","modified_gmt":"2026-04-15T00:10:13","slug":"schachtel-5-1-ungeschaelte-aprikose-zum-backen","status":"publish","type":"product","link":"https:\/\/www.csj-emballages.com\/de\/produit\/schachtel-5-1-ungeschaelte-aprikose-zum-backen\/","title":{"rendered":"Gesch\u00e4lte, konservierte Aprikosenh\u00e4lften in 5\/1 Dose"},"content":{"rendered":"<h2>Aprikosenh\u00e4lften<\/h2>\n<hr>\n<h3>Entdecken Sie unsere gesch\u00e4lten, konservierten Aprikosenh\u00e4lften in 5\/1 Dosen<\/h3>\n<p><!--more--><\/p>\n<div class=\"flex flex-grow flex-col max-w-full\">\n<div class=\"min-h-[20px] text-message flex flex-col items-start whitespace-pre-wrap break-words [.text-message+&amp;]:mt-5 juice:w-full juice:items-end overflow-x-auto gap-2\" dir=\"auto\" data-message-author-role=\"assistant\" data-message-id=\"57798582-34e1-4470-b97b-0230ec037307\">\n<div class=\"flex w-full flex-col gap-1 juice:empty:hidden juice:first:pt-[3px]\">\n<div class=\"markdown prose w-full break-words dark:prose-invert light\">\n<p data-start=\"251\" data-end=\"626\">Diese <strong data-start=\"255\" data-end=\"308\">gesch\u00e4lten, konservierten Aprikosenh\u00e4lften in 5\/1 Dosen<\/strong> sind eine wirklich praktische L\u00f6sung, um das ganze Jahr \u00fcber schmackhaftes Obst zu verarbeiten, ohne saisonale Einschr\u00e4nkungen. Ausgew\u00e4hlt aufgrund ihrer <strong>sch\u00f6nen orangefarbenen Farbe<\/strong> und ihres <strong>zarten Fruchtfleisches<\/strong>, werden die <strong>Aprikosen<\/strong> in <strong>gleichm\u00e4\u00dfige H\u00e4lften<\/strong> geschnitten und anschlie\u00dfend sorgf\u00e4ltig gesch\u00e4lt, um eine angenehme Textur und ein sauberes Ergebnis auf dem Teller zu gew\u00e4hrleisten. <\/p>\n<p data-start=\"628\" data-end=\"993\">Schon beim \u00d6ffnen finden Sie eine zartschmelzende, gut geformte und einfach zu verwendende Frucht vor. Ob zum Belegen einer <strong>Tarte<\/strong>, zur Zubereitung eines <strong>Clafoutis<\/strong>, als Beilage zu einem <strong>Dessert<\/strong> oder zur Integration in ein <strong>s\u00fc\u00df-salziges Rezept<\/strong> \u2013 diese <strong>Aprikosenh\u00e4lften<\/strong> passen zu jedem Wunsch. Ihre Kochfestigkeit erm\u00f6glicht eine sch\u00f6ne Pr\u00e4sentation, selbst nach dem Backen oder bei warmen Zubereitungen.  <\/p>\n<p data-start=\"995\" data-end=\"1296\">Dank ihres <strong data-start=\"1007\" data-end=\"1021\">5\/1 Formats<\/strong> ist diese <strong>Dose<\/strong> perfekt f\u00fcr Gastronomieprofis, Gro\u00dfk\u00fcchen, Konditoren oder Caterer geeignet. Sie erm\u00f6glicht die Verarbeitung gro\u00dfer Mengen bei gleichbleibender Qualit\u00e4t. Sie sparen Zeit in der K\u00fcche und reduzieren gleichzeitig Verluste und Handhabung.  <\/p>\n<p data-start=\"1298\" data-end=\"1558\">Dar\u00fcber hinaus bieten diese <strong>konservierten Aprikosen<\/strong> einen ausgewogenen Geschmack, weder zu sauer noch zu s\u00fc\u00df, was ihre Verwendung in zahlreichen Rezepten erleichtert. Sie bilden eine zuverl\u00e4ssige Basis sowohl f\u00fcr klassische Desserts als auch f\u00fcr modernere Kreationen. <\/p>\n<p data-start=\"1560\" data-end=\"1743\">Zusammenfassend kombiniert dieses Produkt Praktikabilit\u00e4t, Gleichm\u00e4\u00dfigkeit und Genuss. Ein Muss f\u00fcr alle, die gepflegte Zubereitungen anbieten m\u00f6chten, ohne von der Frische des Marktes abh\u00e4ngig zu sein. <\/p>\n<p data-start=\"1560\" data-end=\"1743\">\n<\/div>\n<\/div>\n<\/div>\n<\/div>\n<p><!--more--><\/p>\n<h4>Vorteile :<\/h4>\n<ul>\n<li data-start=\"1771\" data-end=\"1805\"><strong>Gesch\u00e4lte H\u00e4lften<\/strong>, gebrauchsfertig.<\/li>\n<li data-start=\"1808\" data-end=\"1841\">Zartschmelzende Textur und gute Formstabilit\u00e4t.<\/li>\n<li data-start=\"1844\" data-end=\"1863\">Ausgewogener Geschmack.<\/li>\n<li data-start=\"1866\" data-end=\"1889\">Wirtschaftliches <strong>5\/1 Format<\/strong>.<\/li>\n<li data-start=\"1892\" data-end=\"1931\">Ideal f\u00fcr Gastronomie und Patisserie.<\/li>\n<\/ul>\n<p>&nbsp;<\/p>\n<p><!--more--><\/p>\n<h4>Weitere Informationen :<\/h4>\n<ul>\n<li><strong>Verpackung<\/strong>: 5\/1 Dose<\/li>\n<li><strong>Format<\/strong>: H\u00e4lften<\/li>\n<li><strong>Abtropfgewicht<\/strong>: 2400 gr<\/li>\n<\/ul>\n<p>&nbsp;<\/p>\n<p><!--more--><\/p>\n<p>Diese Aprikosenh\u00e4lften sind auch in verschiedenen Formaten erh\u00e4ltlich: <span style=\"color: #d12727;\"><a style=\"color: #d12727;\" href=\"https:\/\/www.csj-emballages.com\/de\/produit\/schachteln-4-4-aprikosen-murbeteig-geschalt-konserviert\/\">4\/4 Dose<\/a><\/span> \/ <span style=\"color: #d12727;\"><a style=\"color: #d12727;\" href=\"https:\/\/www.csj-emballages.com\/de\/produit\/schachtel-3-1-ungeschaelte-aprikose-fuer-backwaren\/\">3\/1 Dose<\/a><\/span><\/p>\n<p>&nbsp;<\/p>\n<p><!--more--><\/p>\n<p><a href=\"https:\/\/www.csj-emballages.com\/de\/categorie-produit\/lebensmittel\/lebensmittel-de\/trockenfruchte-sirup\/aprikose\/\">Sehen Sie sich den Rest unseres Aprikosensortiments an<\/a><\/p>\n","protected":false},"excerpt":{"rendered":"<p>Aprikosenh\u00e4lften Entdecken Sie unsere gesch\u00e4lten, konservierten Aprikosenh\u00e4lften in 5\/1 Dosen<\/p>\n","protected":false},"featured_media":260717,"template":"","meta":{"_acf_changed":false},"product_brand":[],"product_cat":[1144,1183,1194,5929],"product_tag":[],"class_list":{"0":"post-16826","1":"product","2":"type-product","3":"status-publish","4":"has-post-thumbnail","6":"product_cat-lebensmittel","7":"product_cat-lebensmittel-de","8":"product_cat-trockenfruchte-sirup","9":"product_cat-aprikose","11":"first","12":"onbackorder","13":"featured","14":"taxable","15":"shipping-taxable","16":"purchasable","17":"product-type-simple"},"acf":[],"yoast_head":"<!-- This site is optimized with the Yoast SEO Premium plugin v26.6 (Yoast SEO v26.6) - https:\/\/yoast.com\/wordpress\/plugins\/seo\/ -->\n<title>Aprikosenh\u00e4lften \u2013 Gesch\u00e4lt, konserviert in 5\/1 Dose<\/title>\n<meta name=\"description\" content=\"Gesch\u00e4lte, konservierte Aprikosenh\u00e4lften in 5\/1 Dose, perfekt f\u00fcr Patisserie und Gastronomie. Praktisch, zartschmelzend und gleichm\u00e4\u00dfig.\" \/>\n<meta name=\"robots\" content=\"index, follow, max-snippet:-1, max-image-preview:large, max-video-preview:-1\" \/>\n<link rel=\"canonical\" href=\"https:\/\/www.csj-emballages.com\/de\/produit\/schachtel-5-1-ungeschaelte-aprikose-zum-backen\/\" \/>\n<meta property=\"og:locale\" content=\"de_DE\" \/>\n<meta property=\"og:type\" content=\"article\" \/>\n<meta property=\"og:title\" content=\"Gesch\u00e4lte, konservierte Aprikosenh\u00e4lften in 5\/1 Dose\" \/>\n<meta property=\"og:description\" content=\"Gesch\u00e4lte, konservierte Aprikosenh\u00e4lften in 5\/1 Dose, perfekt f\u00fcr Patisserie und Gastronomie. Praktisch, zartschmelzend und gleichm\u00e4\u00dfig.\" \/>\n<meta property=\"og:url\" content=\"https:\/\/www.csj-emballages.com\/de\/produit\/schachtel-5-1-ungeschaelte-aprikose-zum-backen\/\" \/>\n<meta property=\"og:site_name\" content=\"CSJ Emballages\" \/>\n<meta property=\"article:publisher\" content=\"https:\/\/www.facebook.com\/csjemballages\" \/>\n<meta property=\"article:modified_time\" content=\"2026-04-15T00:10:13+00:00\" \/>\n<meta property=\"og:image\" content=\"https:\/\/www.csj-emballages.com\/wp-content\/uploads\/2024\/05\/010036-.webp\" \/>\n\t<meta property=\"og:image:width\" content=\"800\" \/>\n\t<meta property=\"og:image:height\" content=\"800\" \/>\n\t<meta property=\"og:image:type\" content=\"image\/webp\" \/>\n<meta name=\"twitter:card\" content=\"summary_large_image\" \/>\n<meta name=\"twitter:label1\" content=\"Gesch\u00e4tzte Lesezeit\" \/>\n\t<meta name=\"twitter:data1\" content=\"2 Minuten\" \/>\n<script type=\"application\/ld+json\" class=\"yoast-schema-graph\">{\"@context\":\"https:\/\/schema.org\",\"@graph\":[{\"@type\":\"WebPage\",\"@id\":\"https:\/\/www.csj-emballages.com\/de\/produit\/schachtel-5-1-ungeschaelte-aprikose-zum-backen\/\",\"url\":\"https:\/\/www.csj-emballages.com\/de\/produit\/schachtel-5-1-ungeschaelte-aprikose-zum-backen\/\",\"name\":\"Aprikosenh\u00e4lften \u2013 Gesch\u00e4lt, konserviert in 5\/1 Dose\",\"isPartOf\":{\"@id\":\"https:\/\/www.csj-emballages.com\/de\/#website\"},\"primaryImageOfPage\":{\"@id\":\"https:\/\/www.csj-emballages.com\/de\/produit\/schachtel-5-1-ungeschaelte-aprikose-zum-backen\/#primaryimage\"},\"image\":{\"@id\":\"https:\/\/www.csj-emballages.com\/de\/produit\/schachtel-5-1-ungeschaelte-aprikose-zum-backen\/#primaryimage\"},\"thumbnailUrl\":\"https:\/\/www.csj-emballages.com\/wp-content\/uploads\/2024\/05\/010036-.webp\",\"datePublished\":\"2024-05-22T09:12:03+00:00\",\"dateModified\":\"2026-04-15T00:10:13+00:00\",\"description\":\"Gesch\u00e4lte, konservierte Aprikosenh\u00e4lften in 5\/1 Dose, perfekt f\u00fcr Patisserie und Gastronomie. Praktisch, zartschmelzend und gleichm\u00e4\u00dfig.\",\"breadcrumb\":{\"@id\":\"https:\/\/www.csj-emballages.com\/de\/produit\/schachtel-5-1-ungeschaelte-aprikose-zum-backen\/#breadcrumb\"},\"inLanguage\":\"de\",\"potentialAction\":[{\"@type\":\"ReadAction\",\"target\":[\"https:\/\/www.csj-emballages.com\/de\/produit\/schachtel-5-1-ungeschaelte-aprikose-zum-backen\/\"]}]},{\"@type\":\"ImageObject\",\"inLanguage\":\"de\",\"@id\":\"https:\/\/www.csj-emballages.com\/de\/produit\/schachtel-5-1-ungeschaelte-aprikose-zum-backen\/#primaryimage\",\"url\":\"https:\/\/www.csj-emballages.com\/wp-content\/uploads\/2024\/05\/010036-.webp\",\"contentUrl\":\"https:\/\/www.csj-emballages.com\/wp-content\/uploads\/2024\/05\/010036-.webp\",\"width\":800,\"height\":800,\"caption\":\"Oreillons d'abricots\"},{\"@type\":\"BreadcrumbList\",\"@id\":\"https:\/\/www.csj-emballages.com\/de\/produit\/schachtel-5-1-ungeschaelte-aprikose-zum-backen\/#breadcrumb\",\"itemListElement\":[{\"@type\":\"ListItem\",\"position\":1,\"name\":\"Accueil\",\"item\":\"https:\/\/www.csj-emballages.com\/de\/universum-lebensmittelverpackungen\/\"},{\"@type\":\"ListItem\",\"position\":2,\"name\":\"Shop\",\"item\":\"https:\/\/www.csj-emballages.com\/shop\/\"},{\"@type\":\"ListItem\",\"position\":3,\"name\":\"Gesch\u00e4lte, konservierte Aprikosenh\u00e4lften in 5\/1 Dose\"}]},{\"@type\":\"WebSite\",\"@id\":\"https:\/\/www.csj-emballages.com\/de\/#website\",\"url\":\"https:\/\/www.csj-emballages.com\/de\/\",\"name\":\"CSJ Emballages\",\"description\":\"\",\"publisher\":{\"@id\":\"https:\/\/www.csj-emballages.com\/de\/#organization\"},\"potentialAction\":[{\"@type\":\"SearchAction\",\"target\":{\"@type\":\"EntryPoint\",\"urlTemplate\":\"https:\/\/www.csj-emballages.com\/de\/?s={search_term_string}\"},\"query-input\":{\"@type\":\"PropertyValueSpecification\",\"valueRequired\":true,\"valueName\":\"search_term_string\"}}],\"inLanguage\":\"de\"},{\"@type\":\"Organization\",\"@id\":\"https:\/\/www.csj-emballages.com\/de\/#Organization\/\",\"name\":\"CSJ Emballages\",\"url\":\"https:\/\/www.csj-emballages.com\/de\/\",\"logo\":{\"@type\":\"ImageObject\",\"inLanguage\":\"de\",\"@id\":\"https:\/\/www.csj-emballages.com\/de\/#\/schema\/logo\/image\/\",\"url\":\"https:\/\/www.csj-emballages.com\/wp-content\/uploads\/2023\/10\/logo_csj.webp\",\"contentUrl\":\"https:\/\/www.csj-emballages.com\/wp-content\/uploads\/2023\/10\/logo_csj.webp\",\"width\":250,\"height\":95,\"caption\":\"CSJ Emballages\"},\"image\":{\"@id\":\"https:\/\/www.csj-emballages.com\/de\/#\/schema\/logo\/image\/\"},\"sameAs\":[\"https:\/\/www.facebook.com\/csjemballages\"],\"address\":{\"@type\":\"PostalAddress\",\"streetAddress\":\"ZI La Lechere\",\"addressLocality\":\"Patornay\",\"postalCode\":\"39130\",\"addressCountry\":\"FR\"},\"contactPoint\":[{\"@type\":\"ContactPoint\",\"contactType\":\"Service client\",\"telephone\":\"0384254272\",\"email\":\"contact@csj-emballages.com\"}]}]}<\/script>\n<!-- \/ Yoast SEO Premium plugin. -->","yoast_head_json":{"title":"Aprikosenh\u00e4lften \u2013 Gesch\u00e4lt, konserviert in 5\/1 Dose","description":"Gesch\u00e4lte, konservierte Aprikosenh\u00e4lften in 5\/1 Dose, perfekt f\u00fcr Patisserie und Gastronomie. Praktisch, zartschmelzend und gleichm\u00e4\u00dfig.","robots":{"index":"index","follow":"follow","max-snippet":"max-snippet:-1","max-image-preview":"max-image-preview:large","max-video-preview":"max-video-preview:-1"},"canonical":"https:\/\/www.csj-emballages.com\/de\/produit\/schachtel-5-1-ungeschaelte-aprikose-zum-backen\/","og_locale":"de_DE","og_type":"article","og_title":"Gesch\u00e4lte, konservierte Aprikosenh\u00e4lften in 5\/1 Dose","og_description":"Gesch\u00e4lte, konservierte Aprikosenh\u00e4lften in 5\/1 Dose, perfekt f\u00fcr Patisserie und Gastronomie. Praktisch, zartschmelzend und gleichm\u00e4\u00dfig.","og_url":"https:\/\/www.csj-emballages.com\/de\/produit\/schachtel-5-1-ungeschaelte-aprikose-zum-backen\/","og_site_name":"CSJ Emballages","article_publisher":"https:\/\/www.facebook.com\/csjemballages","article_modified_time":"2026-04-15T00:10:13+00:00","og_image":[{"width":800,"height":800,"url":"https:\/\/www.csj-emballages.com\/wp-content\/uploads\/2024\/05\/010036-.webp","type":"image\/webp"}],"twitter_card":"summary_large_image","twitter_misc":{"Gesch\u00e4tzte Lesezeit":"2 Minuten"},"schema":{"@context":"https:\/\/schema.org","@graph":[{"@type":"WebPage","@id":"https:\/\/www.csj-emballages.com\/de\/produit\/schachtel-5-1-ungeschaelte-aprikose-zum-backen\/","url":"https:\/\/www.csj-emballages.com\/de\/produit\/schachtel-5-1-ungeschaelte-aprikose-zum-backen\/","name":"Aprikosenh\u00e4lften \u2013 Gesch\u00e4lt, konserviert in 5\/1 Dose","isPartOf":{"@id":"https:\/\/www.csj-emballages.com\/de\/#website"},"primaryImageOfPage":{"@id":"https:\/\/www.csj-emballages.com\/de\/produit\/schachtel-5-1-ungeschaelte-aprikose-zum-backen\/#primaryimage"},"image":{"@id":"https:\/\/www.csj-emballages.com\/de\/produit\/schachtel-5-1-ungeschaelte-aprikose-zum-backen\/#primaryimage"},"thumbnailUrl":"https:\/\/www.csj-emballages.com\/wp-content\/uploads\/2024\/05\/010036-.webp","datePublished":"2024-05-22T09:12:03+00:00","dateModified":"2026-04-15T00:10:13+00:00","description":"Gesch\u00e4lte, konservierte Aprikosenh\u00e4lften in 5\/1 Dose, perfekt f\u00fcr Patisserie und Gastronomie. Praktisch, zartschmelzend und gleichm\u00e4\u00dfig.","breadcrumb":{"@id":"https:\/\/www.csj-emballages.com\/de\/produit\/schachtel-5-1-ungeschaelte-aprikose-zum-backen\/#breadcrumb"},"inLanguage":"de","potentialAction":[{"@type":"ReadAction","target":["https:\/\/www.csj-emballages.com\/de\/produit\/schachtel-5-1-ungeschaelte-aprikose-zum-backen\/"]}]},{"@type":"ImageObject","inLanguage":"de","@id":"https:\/\/www.csj-emballages.com\/de\/produit\/schachtel-5-1-ungeschaelte-aprikose-zum-backen\/#primaryimage","url":"https:\/\/www.csj-emballages.com\/wp-content\/uploads\/2024\/05\/010036-.webp","contentUrl":"https:\/\/www.csj-emballages.com\/wp-content\/uploads\/2024\/05\/010036-.webp","width":800,"height":800,"caption":"Oreillons d'abricots"},{"@type":"BreadcrumbList","@id":"https:\/\/www.csj-emballages.com\/de\/produit\/schachtel-5-1-ungeschaelte-aprikose-zum-backen\/#breadcrumb","itemListElement":[{"@type":"ListItem","position":1,"name":"Accueil","item":"https:\/\/www.csj-emballages.com\/de\/universum-lebensmittelverpackungen\/"},{"@type":"ListItem","position":2,"name":"Shop","item":"https:\/\/www.csj-emballages.com\/shop\/"},{"@type":"ListItem","position":3,"name":"Gesch\u00e4lte, konservierte Aprikosenh\u00e4lften in 5\/1 Dose"}]},{"@type":"WebSite","@id":"https:\/\/www.csj-emballages.com\/de\/#website","url":"https:\/\/www.csj-emballages.com\/de\/","name":"CSJ Emballages","description":"","publisher":{"@id":"https:\/\/www.csj-emballages.com\/de\/#organization"},"potentialAction":[{"@type":"SearchAction","target":{"@type":"EntryPoint","urlTemplate":"https:\/\/www.csj-emballages.com\/de\/?s={search_term_string}"},"query-input":{"@type":"PropertyValueSpecification","valueRequired":true,"valueName":"search_term_string"}}],"inLanguage":"de"},{"@type":"Organization","@id":"https:\/\/www.csj-emballages.com\/de\/#Organization\/","name":"CSJ Emballages","url":"https:\/\/www.csj-emballages.com\/de\/","logo":{"@type":"ImageObject","inLanguage":"de","@id":"https:\/\/www.csj-emballages.com\/de\/#\/schema\/logo\/image\/","url":"https:\/\/www.csj-emballages.com\/wp-content\/uploads\/2023\/10\/logo_csj.webp","contentUrl":"https:\/\/www.csj-emballages.com\/wp-content\/uploads\/2023\/10\/logo_csj.webp","width":250,"height":95,"caption":"CSJ Emballages"},"image":{"@id":"https:\/\/www.csj-emballages.com\/de\/#\/schema\/logo\/image\/"},"sameAs":["https:\/\/www.facebook.com\/csjemballages"],"address":{"@type":"PostalAddress","streetAddress":"ZI La Lechere","addressLocality":"Patornay","postalCode":"39130","addressCountry":"FR"},"contactPoint":[{"@type":"ContactPoint","contactType":"Service client","telephone":"0384254272","email":"contact@csj-emballages.com"}]}]}},"df_price":14.99,"df_sale_price":"","df_regular_price":14.99,"df_image_link":"https:\/\/www.csj-emballages.com\/wp-content\/uploads\/2024\/05\/010036--300x300.webp","tiered_pricing_type":"fixed","tiered_pricing_fixed_rules":[],"tiered_pricing_percentage_rules":[],"tiered_pricing_minimum":1,"tiered_pricing_roles_data":[],"_links":{"self":[{"href":"https:\/\/www.csj-emballages.com\/de\/wp-json\/wp\/v2\/product\/16826","targetHints":{"allow":["GET"]}}],"collection":[{"href":"https:\/\/www.csj-emballages.com\/de\/wp-json\/wp\/v2\/product"}],"about":[{"href":"https:\/\/www.csj-emballages.com\/de\/wp-json\/wp\/v2\/types\/product"}],"wp:featuredmedia":[{"embeddable":true,"href":"https:\/\/www.csj-emballages.com\/de\/wp-json\/wp\/v2\/media\/260717"}],"wp:attachment":[{"href":"https:\/\/www.csj-emballages.com\/de\/wp-json\/wp\/v2\/media?parent=16826"}],"wp:term":[{"taxonomy":"product_brand","embeddable":true,"href":"https:\/\/www.csj-emballages.com\/de\/wp-json\/wp\/v2\/product_brand?post=16826"},{"taxonomy":"product_cat","embeddable":true,"href":"https:\/\/www.csj-emballages.com\/de\/wp-json\/wp\/v2\/product_cat?post=16826"},{"taxonomy":"product_tag","embeddable":true,"href":"https:\/\/www.csj-emballages.com\/de\/wp-json\/wp\/v2\/product_tag?post=16826"}],"curies":[{"name":"wp","href":"https:\/\/api.w.org\/{rel}","templated":true}]}}