{"id":16811,"date":"2024-05-22T11:12:56","date_gmt":"2024-05-22T09:12:56","guid":{"rendered":"https:\/\/u15jnbdpoq.preview.infomaniak.website\/produit\/schachtel-4-4-pfirsichdrosseln\/"},"modified":"2026-03-12T16:01:15","modified_gmt":"2026-03-12T15:01:15","slug":"schachtel-4-4-pfirsichdrosseln","status":"publish","type":"product","link":"https:\/\/www.csj-emballages.com\/de\/produit\/schachtel-4-4-pfirsichdrosseln\/","title":{"rendered":"Konservierte Pfirsichh\u00e4lften in 4\/4-Dose"},"content":{"rendered":"<h2>Pfirsichh\u00e4lften<\/h2>\n<hr>\n<h3>Entdecken Sie unsere konservierten Pfirsichh\u00e4lften in 4\/4-Dose<\/h3>\n<p><!--more--><\/p>\n<p data-start=\"282\" data-end=\"648\">Diese <strong data-start=\"286\" data-end=\"319\">konservierten Pfirsichh\u00e4lften<\/strong> sind eine wirklich sichere Wahl, wenn man Einfachheit und Genuss verbinden m\u00f6chte. Gleich nach dem \u00d6ffnen der <strong>4\/4-Dose<\/strong> entdeckt man wohlgeformte Pfirsichh\u00e4lften mit goldener Farbe und schmelzender Textur. Ihr Geschmack ist mild, ausgewogen, niemals aufdringlich, was sie sowohl f\u00fcr Desserts als auch f\u00fcr kulinarische Zubereitungen einfach verwendbar macht.  <\/p>\n<p data-start=\"650\" data-end=\"1004\">Dank ihres gro\u00dfz\u00fcgigen Formats eignen sich diese <strong>Pfirsichh\u00e4lften<\/strong> perfekt f\u00fcr Gastronomieprofis, Gro\u00dfk\u00fcchen oder Caterer. Sie sparen Zeit in der K\u00fcche und gew\u00e4hrleisten gleichzeitig eine sch\u00f6ne Gleichm\u00e4\u00dfigkeit auf den Tellern. Zudem behalten sie ihre Form gut bei: Sie zerfallen nicht und lassen sich auch nach dem \u00d6ffnen leicht handhaben.  <\/p>\n<p data-start=\"1006\" data-end=\"1394\">Diese <strong>Pfirsiche in Sirup<\/strong> finden nat\u00fcrlich ihren Platz in zahlreichen Rezepten. Sie passen hervorragend zu <strong>Quark, Eis, Geb\u00e4ck oder einem Obstsalat<\/strong>. Sie k\u00f6nnen aber auch kreativeren Gerichten eine s\u00fc\u00dfe Note verleihen, wie <strong>Verrines, Tartes oder Tellerdesserts<\/strong>. Ihre Vielseitigkeit erm\u00f6glicht es, Ideen zu variieren, ohne die Zutaten zu vervielfachen.   <\/p>\n<p data-start=\"1396\" data-end=\"1663\">Dar\u00fcber hinaus gew\u00e4hrleistet die <strong>4\/4-Dose<\/strong> eine lange Haltbarkeit, ideal, um den Bedarf zu antizipieren und Lagerbest\u00e4nde stressfrei zu verwalten. Einmal ge\u00f6ffnet, behalten die <strong>Pfirsichh\u00e4lften<\/strong> <strong>Pfirsiche<\/strong> ihren Geschmack und ihr Aussehen, was die Verschwendung begrenzt und die K\u00fcchenorganisation erleichtert. <\/p>\n<p data-start=\"1665\" data-end=\"1847\">Zusammenfassend sind diese <strong>konservierten Pfirsichh\u00e4lften<\/strong> eine praktische, genussvolle und zuverl\u00e4ssige L\u00f6sung, gedacht f\u00fcr alle, die das ganze Jahr \u00fcber angenehmes Obst anbieten m\u00f6chten, ohne Einschr\u00e4nkungen.<\/p>\n<p>&nbsp;<\/p>\n<p><!--more--><\/p>\n<h4>Vorteile :<\/h4>\n<ul>\n<li data-start=\"1875\" data-end=\"1913\"><strong>Regelm\u00e4\u00dfige<\/strong> und gut kalibrierte Pfirsichh\u00e4lften<\/li>\n<li data-start=\"1916\" data-end=\"1952\">Schmelzende Textur und ausgewogener Geschmack<\/li>\n<li data-start=\"1955\" data-end=\"2001\"><strong>4\/4-Format<\/strong> ideal f\u00fcr den professionellen Einsatz<\/li>\n<li data-start=\"2004\" data-end=\"2052\">Einfach in zahlreiche Rezepte zu integrieren<\/li>\n<li data-start=\"2055\" data-end=\"2111\">Lange Haltbarkeit und einfache Lagerverwaltung.<\/li>\n<\/ul>\n<p>&nbsp;<\/p>\n<p><!--more--><\/p>\n<h4>Weitere Informationen:<\/h4>\n<ul>\n<li><strong>Verpackung<\/strong>: Schachtel 4\/4<\/li>\n<li><strong>Form<\/strong>: H\u00e4lften<\/li>\n<li><strong>Abtropfgewicht<\/strong>: 480 gr<\/li>\n<\/ul>\n<p>&nbsp;<\/p>\n<p><!--more--><\/p>\n<p><a href=\"https:\/\/www.csj-emballages.com\/de\/categorie-produit\/lebensmittel\/lebensmittel-de\/trockenfruchte-sirup\/angeln\/\">Entdecken Sie unser weiteres Sortiment an Pfirsichen in Sirup<\/a><\/p>\n<p>&nbsp;<\/p>\n","protected":false},"excerpt":{"rendered":"<p>Pfirsichh\u00e4lften Entdecken Sie unsere konservierten Pfirsichh\u00e4lften in 4\/4-Dose<\/p>\n","protected":false},"featured_media":260877,"template":"","meta":{"_acf_changed":false},"product_brand":[],"product_cat":[1144,1183,1194,5942],"product_tag":[],"class_list":{"0":"post-16811","1":"product","2":"type-product","3":"status-publish","4":"has-post-thumbnail","6":"product_cat-lebensmittel","7":"product_cat-lebensmittel-de","8":"product_cat-trockenfruchte-sirup","9":"product_cat-angeln","11":"first","12":"instock","13":"featured","14":"taxable","15":"shipping-taxable","16":"purchasable","17":"product-type-simple"},"acf":[],"yoast_head":"<!-- This site is optimized with the Yoast SEO Premium plugin v26.6 (Yoast SEO v26.6) - https:\/\/yoast.com\/wordpress\/plugins\/seo\/ -->\n<title>Konservierte Pfirsichh\u00e4lften in 4\/4-Dose<\/title>\n<meta name=\"description\" content=\"Konservierte Pfirsichh\u00e4lften in 4\/4-Dose: schmelzende Textur, milder Geschmack und gro\u00dfz\u00fcgiges Format, perfekt f\u00fcr Desserts und professionelle Zubereitungen.\" \/>\n<meta name=\"robots\" content=\"index, follow, max-snippet:-1, max-image-preview:large, max-video-preview:-1\" \/>\n<link rel=\"canonical\" href=\"https:\/\/www.csj-emballages.com\/de\/produit\/schachtel-4-4-pfirsichdrosseln\/\" \/>\n<meta property=\"og:locale\" content=\"de_DE\" \/>\n<meta property=\"og:type\" content=\"article\" \/>\n<meta property=\"og:title\" content=\"Konservierte Pfirsichh\u00e4lften in 4\/4-Dose\" \/>\n<meta property=\"og:description\" content=\"Konservierte Pfirsichh\u00e4lften in 4\/4-Dose: schmelzende Textur, milder Geschmack und gro\u00dfz\u00fcgiges Format, perfekt f\u00fcr Desserts und professionelle Zubereitungen.\" \/>\n<meta property=\"og:url\" content=\"https:\/\/www.csj-emballages.com\/de\/produit\/schachtel-4-4-pfirsichdrosseln\/\" \/>\n<meta property=\"og:site_name\" content=\"CSJ Emballages\" \/>\n<meta property=\"article:publisher\" content=\"https:\/\/www.facebook.com\/csjemballages\" \/>\n<meta property=\"article:modified_time\" content=\"2026-03-12T15:01:15+00:00\" \/>\n<meta property=\"og:image\" content=\"https:\/\/www.csj-emballages.com\/wp-content\/uploads\/2024\/05\/040062.webp\" \/>\n\t<meta property=\"og:image:width\" content=\"800\" \/>\n\t<meta property=\"og:image:height\" content=\"800\" \/>\n\t<meta property=\"og:image:type\" content=\"image\/webp\" \/>\n<meta name=\"twitter:card\" content=\"summary_large_image\" \/>\n<meta name=\"twitter:label1\" content=\"Gesch\u00e4tzte Lesezeit\" \/>\n\t<meta name=\"twitter:data1\" content=\"2 Minuten\" \/>\n<script type=\"application\/ld+json\" class=\"yoast-schema-graph\">{\"@context\":\"https:\/\/schema.org\",\"@graph\":[{\"@type\":\"WebPage\",\"@id\":\"https:\/\/www.csj-emballages.com\/de\/produit\/schachtel-4-4-pfirsichdrosseln\/\",\"url\":\"https:\/\/www.csj-emballages.com\/de\/produit\/schachtel-4-4-pfirsichdrosseln\/\",\"name\":\"Konservierte Pfirsichh\u00e4lften in 4\/4-Dose\",\"isPartOf\":{\"@id\":\"https:\/\/www.csj-emballages.com\/de\/#website\"},\"primaryImageOfPage\":{\"@id\":\"https:\/\/www.csj-emballages.com\/de\/produit\/schachtel-4-4-pfirsichdrosseln\/#primaryimage\"},\"image\":{\"@id\":\"https:\/\/www.csj-emballages.com\/de\/produit\/schachtel-4-4-pfirsichdrosseln\/#primaryimage\"},\"thumbnailUrl\":\"https:\/\/www.csj-emballages.com\/wp-content\/uploads\/2024\/05\/040062.webp\",\"datePublished\":\"2024-05-22T09:12:56+00:00\",\"dateModified\":\"2026-03-12T15:01:15+00:00\",\"description\":\"Konservierte Pfirsichh\u00e4lften in 4\/4-Dose: schmelzende Textur, milder Geschmack und gro\u00dfz\u00fcgiges Format, perfekt f\u00fcr Desserts und professionelle Zubereitungen.\",\"breadcrumb\":{\"@id\":\"https:\/\/www.csj-emballages.com\/de\/produit\/schachtel-4-4-pfirsichdrosseln\/#breadcrumb\"},\"inLanguage\":\"de\",\"potentialAction\":[{\"@type\":\"ReadAction\",\"target\":[\"https:\/\/www.csj-emballages.com\/de\/produit\/schachtel-4-4-pfirsichdrosseln\/\"]}]},{\"@type\":\"ImageObject\",\"inLanguage\":\"de\",\"@id\":\"https:\/\/www.csj-emballages.com\/de\/produit\/schachtel-4-4-pfirsichdrosseln\/#primaryimage\",\"url\":\"https:\/\/www.csj-emballages.com\/wp-content\/uploads\/2024\/05\/040062.webp\",\"contentUrl\":\"https:\/\/www.csj-emballages.com\/wp-content\/uploads\/2024\/05\/040062.webp\",\"width\":800,\"height\":800,\"caption\":\"Oreillons de p\u00eaches\"},{\"@type\":\"BreadcrumbList\",\"@id\":\"https:\/\/www.csj-emballages.com\/de\/produit\/schachtel-4-4-pfirsichdrosseln\/#breadcrumb\",\"itemListElement\":[{\"@type\":\"ListItem\",\"position\":1,\"name\":\"Accueil\",\"item\":\"https:\/\/www.csj-emballages.com\/de\/universum-lebensmittelverpackungen\/\"},{\"@type\":\"ListItem\",\"position\":2,\"name\":\"Shop\",\"item\":\"https:\/\/www.csj-emballages.com\/shop\/\"},{\"@type\":\"ListItem\",\"position\":3,\"name\":\"Konservierte Pfirsichh\u00e4lften in 4\/4-Dose\"}]},{\"@type\":\"WebSite\",\"@id\":\"https:\/\/www.csj-emballages.com\/de\/#website\",\"url\":\"https:\/\/www.csj-emballages.com\/de\/\",\"name\":\"CSJ Emballages\",\"description\":\"\",\"publisher\":{\"@id\":\"https:\/\/www.csj-emballages.com\/de\/#organization\"},\"potentialAction\":[{\"@type\":\"SearchAction\",\"target\":{\"@type\":\"EntryPoint\",\"urlTemplate\":\"https:\/\/www.csj-emballages.com\/de\/?s={search_term_string}\"},\"query-input\":{\"@type\":\"PropertyValueSpecification\",\"valueRequired\":true,\"valueName\":\"search_term_string\"}}],\"inLanguage\":\"de\"},{\"@type\":\"Organization\",\"@id\":\"https:\/\/www.csj-emballages.com\/de\/#Organization\/\",\"name\":\"CSJ Emballages\",\"url\":\"https:\/\/www.csj-emballages.com\/de\/\",\"logo\":{\"@type\":\"ImageObject\",\"inLanguage\":\"de\",\"@id\":\"https:\/\/www.csj-emballages.com\/de\/#\/schema\/logo\/image\/\",\"url\":\"https:\/\/www.csj-emballages.com\/wp-content\/uploads\/2023\/10\/logo_csj.webp\",\"contentUrl\":\"https:\/\/www.csj-emballages.com\/wp-content\/uploads\/2023\/10\/logo_csj.webp\",\"width\":250,\"height\":95,\"caption\":\"CSJ Emballages\"},\"image\":{\"@id\":\"https:\/\/www.csj-emballages.com\/de\/#\/schema\/logo\/image\/\"},\"sameAs\":[\"https:\/\/www.facebook.com\/csjemballages\"],\"address\":{\"@type\":\"PostalAddress\",\"streetAddress\":\"ZI La Lechere\",\"addressLocality\":\"Patornay\",\"postalCode\":\"39130\",\"addressCountry\":\"FR\"},\"contactPoint\":[{\"@type\":\"ContactPoint\",\"contactType\":\"Service client\",\"telephone\":\"0384254272\",\"email\":\"contact@csj-emballages.com\"}]}]}<\/script>\n<!-- \/ Yoast SEO Premium plugin. -->","yoast_head_json":{"title":"Konservierte Pfirsichh\u00e4lften in 4\/4-Dose","description":"Konservierte Pfirsichh\u00e4lften in 4\/4-Dose: schmelzende Textur, milder Geschmack und gro\u00dfz\u00fcgiges Format, perfekt f\u00fcr Desserts und professionelle Zubereitungen.","robots":{"index":"index","follow":"follow","max-snippet":"max-snippet:-1","max-image-preview":"max-image-preview:large","max-video-preview":"max-video-preview:-1"},"canonical":"https:\/\/www.csj-emballages.com\/de\/produit\/schachtel-4-4-pfirsichdrosseln\/","og_locale":"de_DE","og_type":"article","og_title":"Konservierte Pfirsichh\u00e4lften in 4\/4-Dose","og_description":"Konservierte Pfirsichh\u00e4lften in 4\/4-Dose: schmelzende Textur, milder Geschmack und gro\u00dfz\u00fcgiges Format, perfekt f\u00fcr Desserts und professionelle Zubereitungen.","og_url":"https:\/\/www.csj-emballages.com\/de\/produit\/schachtel-4-4-pfirsichdrosseln\/","og_site_name":"CSJ Emballages","article_publisher":"https:\/\/www.facebook.com\/csjemballages","article_modified_time":"2026-03-12T15:01:15+00:00","og_image":[{"width":800,"height":800,"url":"https:\/\/www.csj-emballages.com\/wp-content\/uploads\/2024\/05\/040062.webp","type":"image\/webp"}],"twitter_card":"summary_large_image","twitter_misc":{"Gesch\u00e4tzte Lesezeit":"2 Minuten"},"schema":{"@context":"https:\/\/schema.org","@graph":[{"@type":"WebPage","@id":"https:\/\/www.csj-emballages.com\/de\/produit\/schachtel-4-4-pfirsichdrosseln\/","url":"https:\/\/www.csj-emballages.com\/de\/produit\/schachtel-4-4-pfirsichdrosseln\/","name":"Konservierte Pfirsichh\u00e4lften in 4\/4-Dose","isPartOf":{"@id":"https:\/\/www.csj-emballages.com\/de\/#website"},"primaryImageOfPage":{"@id":"https:\/\/www.csj-emballages.com\/de\/produit\/schachtel-4-4-pfirsichdrosseln\/#primaryimage"},"image":{"@id":"https:\/\/www.csj-emballages.com\/de\/produit\/schachtel-4-4-pfirsichdrosseln\/#primaryimage"},"thumbnailUrl":"https:\/\/www.csj-emballages.com\/wp-content\/uploads\/2024\/05\/040062.webp","datePublished":"2024-05-22T09:12:56+00:00","dateModified":"2026-03-12T15:01:15+00:00","description":"Konservierte Pfirsichh\u00e4lften in 4\/4-Dose: schmelzende Textur, milder Geschmack und gro\u00dfz\u00fcgiges Format, perfekt f\u00fcr Desserts und professionelle Zubereitungen.","breadcrumb":{"@id":"https:\/\/www.csj-emballages.com\/de\/produit\/schachtel-4-4-pfirsichdrosseln\/#breadcrumb"},"inLanguage":"de","potentialAction":[{"@type":"ReadAction","target":["https:\/\/www.csj-emballages.com\/de\/produit\/schachtel-4-4-pfirsichdrosseln\/"]}]},{"@type":"ImageObject","inLanguage":"de","@id":"https:\/\/www.csj-emballages.com\/de\/produit\/schachtel-4-4-pfirsichdrosseln\/#primaryimage","url":"https:\/\/www.csj-emballages.com\/wp-content\/uploads\/2024\/05\/040062.webp","contentUrl":"https:\/\/www.csj-emballages.com\/wp-content\/uploads\/2024\/05\/040062.webp","width":800,"height":800,"caption":"Oreillons de p\u00eaches"},{"@type":"BreadcrumbList","@id":"https:\/\/www.csj-emballages.com\/de\/produit\/schachtel-4-4-pfirsichdrosseln\/#breadcrumb","itemListElement":[{"@type":"ListItem","position":1,"name":"Accueil","item":"https:\/\/www.csj-emballages.com\/de\/universum-lebensmittelverpackungen\/"},{"@type":"ListItem","position":2,"name":"Shop","item":"https:\/\/www.csj-emballages.com\/shop\/"},{"@type":"ListItem","position":3,"name":"Konservierte Pfirsichh\u00e4lften in 4\/4-Dose"}]},{"@type":"WebSite","@id":"https:\/\/www.csj-emballages.com\/de\/#website","url":"https:\/\/www.csj-emballages.com\/de\/","name":"CSJ Emballages","description":"","publisher":{"@id":"https:\/\/www.csj-emballages.com\/de\/#organization"},"potentialAction":[{"@type":"SearchAction","target":{"@type":"EntryPoint","urlTemplate":"https:\/\/www.csj-emballages.com\/de\/?s={search_term_string}"},"query-input":{"@type":"PropertyValueSpecification","valueRequired":true,"valueName":"search_term_string"}}],"inLanguage":"de"},{"@type":"Organization","@id":"https:\/\/www.csj-emballages.com\/de\/#Organization\/","name":"CSJ Emballages","url":"https:\/\/www.csj-emballages.com\/de\/","logo":{"@type":"ImageObject","inLanguage":"de","@id":"https:\/\/www.csj-emballages.com\/de\/#\/schema\/logo\/image\/","url":"https:\/\/www.csj-emballages.com\/wp-content\/uploads\/2023\/10\/logo_csj.webp","contentUrl":"https:\/\/www.csj-emballages.com\/wp-content\/uploads\/2023\/10\/logo_csj.webp","width":250,"height":95,"caption":"CSJ Emballages"},"image":{"@id":"https:\/\/www.csj-emballages.com\/de\/#\/schema\/logo\/image\/"},"sameAs":["https:\/\/www.facebook.com\/csjemballages"],"address":{"@type":"PostalAddress","streetAddress":"ZI La Lechere","addressLocality":"Patornay","postalCode":"39130","addressCountry":"FR"},"contactPoint":[{"@type":"ContactPoint","contactType":"Service client","telephone":"0384254272","email":"contact@csj-emballages.com"}]}]}},"df_price":2.53,"df_sale_price":"","df_regular_price":2.53,"df_image_link":"https:\/\/www.csj-emballages.com\/wp-content\/uploads\/2024\/05\/040062-300x300.webp","tiered_pricing_type":"fixed","tiered_pricing_fixed_rules":[],"tiered_pricing_percentage_rules":[],"tiered_pricing_minimum":1,"tiered_pricing_roles_data":[],"_links":{"self":[{"href":"https:\/\/www.csj-emballages.com\/de\/wp-json\/wp\/v2\/product\/16811","targetHints":{"allow":["GET"]}}],"collection":[{"href":"https:\/\/www.csj-emballages.com\/de\/wp-json\/wp\/v2\/product"}],"about":[{"href":"https:\/\/www.csj-emballages.com\/de\/wp-json\/wp\/v2\/types\/product"}],"wp:featuredmedia":[{"embeddable":true,"href":"https:\/\/www.csj-emballages.com\/de\/wp-json\/wp\/v2\/media\/260877"}],"wp:attachment":[{"href":"https:\/\/www.csj-emballages.com\/de\/wp-json\/wp\/v2\/media?parent=16811"}],"wp:term":[{"taxonomy":"product_brand","embeddable":true,"href":"https:\/\/www.csj-emballages.com\/de\/wp-json\/wp\/v2\/product_brand?post=16811"},{"taxonomy":"product_cat","embeddable":true,"href":"https:\/\/www.csj-emballages.com\/de\/wp-json\/wp\/v2\/product_cat?post=16811"},{"taxonomy":"product_tag","embeddable":true,"href":"https:\/\/www.csj-emballages.com\/de\/wp-json\/wp\/v2\/product_tag?post=16811"}],"curies":[{"name":"wp","href":"https:\/\/api.w.org\/{rel}","templated":true}]}}