{"id":16801,"date":"2024-05-22T11:17:36","date_gmt":"2024-05-22T09:17:36","guid":{"rendered":"https:\/\/u15jnbdpoq.preview.infomaniak.website\/produit\/1kg-geschaelte-haselnuesse-13-15\/"},"modified":"2026-04-10T02:11:12","modified_gmt":"2026-04-10T00:11:12","slug":"1kg-geschaelte-haselnuesse-13-15","status":"publish","type":"product","link":"https:\/\/www.csj-emballages.com\/de\/produit\/1kg-geschaelte-haselnuesse-13-15\/","title":{"rendered":"Gesch\u00e4lte Haseln\u00fcsse 13\/15 in 1kg"},"content":{"rendered":"<h2>Gesch\u00e4lte Haseln\u00fcsse<\/h2>\n<hr>\n<h3>Beschreibung von Haseln\u00fcsse gesch\u00e4lt 13\/15 pro 1kg<!--more--><\/h3>\n<div class=\"flex flex-grow flex-col max-w-full\">\n<div class=\"min-h-[20px] text-message flex flex-col items-start whitespace-pre-wrap break-words [.text-message+&amp;]:mt-5 juice:w-full juice:items-end overflow-x-auto gap-2\" dir=\"auto\" data-message-author-role=\"assistant\" data-message-id=\"579bfb50-fb6c-479d-a152-27ab4b509f37\">\n<div class=\"flex w-full flex-col gap-1 juice:empty:hidden juice:first:pt-[3px]\">\n<div class=\"markdown prose w-full break-words dark:prose-invert light\">\n<p class=\"\" data-start=\"149\" data-end=\"547\">Entdecken Sie unsere <strong data-start=\"163\" data-end=\"203\">gesch\u00e4lten Haseln\u00fcsse der Gr\u00f6\u00dfe 13\/15<\/strong>, die sorgf\u00e4ltig aufgrund ihrer <strong data-start=\"163\" data-end=\"203\">geschmacklichen<\/strong> Qualit\u00e4t und ihrer Gleichm\u00e4\u00dfigkeit ausgew\u00e4hlt wurden. Sie werden in <strong>1-kg-Beuteln<\/strong> verkauft und sind sofort gebrauchsfertig f\u00fcr alle Ihre s\u00fc\u00dfen oder herzhaften Zubereitungen. Ob Sie nun B\u00e4cker, Konditor, Traiteur, Restaurantbesitzer oder sogar ein begeisterter Privatmann sind, diese <strong>Haseln\u00fcsse<\/strong> sind ein Muss, das Sie in Ihrem Schrank haben sollten. Die Gr\u00f6\u00dfe <strong>13\/15<\/strong> entspricht einer ausgewogenen Gr\u00f6\u00dfe, die ideal ist, um Knusprigkeit zu bieten und sich gleichzeitig leicht in Ihre Rezepte integrieren zu lassen. Sie eignen sich hervorragend f\u00fcr Pralinen, Kekse, M\u00fcsli, hausgemachte Brotaufstriche oder als Topping f\u00fcr Desserts, Salate oder Schmorgerichte. Da sie sorgf\u00e4ltig <strong>gesch\u00e4lt<\/strong> werden, behalten sie ihren nat\u00fcrlichen Geschmack ohne unn\u00f6tige Zus\u00e4tze oder Behandlungen. Ihr leicht s\u00fc\u00dflicher Geschmack und ihre knackige Textur machen sie auch zum Rohverzehr, als gesunden und energiereichen Snack k\u00f6stlich.     <\/p>\n<p class=\"\" data-start=\"1089\" data-end=\"1325\">Optimale Aufbewahrung an einem trockenen und k\u00fchlen Ort: Dank ihrer Gr\u00f6\u00dfe von<strong> 1 kg<\/strong> k\u00f6nnen Sie Ihre Vorr\u00e4te leicht verwalten, ohne Qualit\u00e4tsverluste zu riskieren. Sie sind der perfekte Kompromiss zwischen handwerklicher Qualit\u00e4t und professioneller Verpackung. <\/p>\n<p class=\"\" data-start=\"1327\" data-end=\"1532\">Eine gut ausgew\u00e4hlte <strong>Haselnuss<\/strong> ist die Garantie f\u00fcr ein gelungenes Endergebnis, sowohl in Bezug auf den Geschmack als auch auf die Textur. Und mit unserem <strong>Kaliber 13\/15<\/strong> profitieren Sie von einem ausgezeichneten Preis-Leistungs-Verh\u00e4ltnis. <\/p>\n<\/div>\n<\/div>\n<\/div>\n<\/div>\n<p>&nbsp;<\/p>\n<p><!--more--><\/p>\n<div class=\"flex flex-grow flex-col max-w-full\">\n<div class=\"min-h-[20px] text-message flex flex-col items-start whitespace-pre-wrap break-words [.text-message+&amp;]:mt-5 juice:w-full juice:items-end overflow-x-auto gap-2\" dir=\"auto\" data-message-author-role=\"assistant\" data-message-id=\"579bfb50-fb6c-479d-a152-27ab4b509f37\">\n<div class=\"flex w-full flex-col gap-1 juice:empty:hidden juice:first:pt-[3px]\">\n<div class=\"markdown prose w-full break-words dark:prose-invert light\">\n<h4><strong>Ihre Vorteile :<\/strong><\/h4>\n<ul>\n<li>Kaliber 13\/15: Ideale Gr\u00f6\u00dfe f\u00fcr den vielseitigen Einsatz.<\/li>\n<li>Gesch\u00e4lt: gebrauchsfertig, spart Zeit in der K\u00fcche.<\/li>\n<li>Bewahrter nat\u00fcrlicher Geschmack, ohne Zusatzstoffe.<\/li>\n<li>Praktische und kosteng\u00fcnstige 1-kg-Packung.<\/li>\n<li>Geeignet f\u00fcr Berufst\u00e4tige und Privatpersonen.<\/li>\n<\/ul>\n<\/div>\n<div class=\"markdown prose w-full break-words dark:prose-invert light\">\n<p>&nbsp;<\/p>\n<\/div>\n<\/div>\n<\/div>\n<\/div>\n<p><!--more--><\/p>\n<h4>Weitere Informationen :<\/h4>\n<ul>\n<li><strong>Verpackung<\/strong>: Packung mit 1kg<\/li>\n<li><strong>Typ<\/strong>: Gesch\u00e4lt<\/li>\n<\/ul>\n<p>&nbsp;<\/p>\n<p><!--more--><\/p>\n<p>Hier finden Sie unser rohes Haselnusspulver : <span style=\"color: #d12727\"><a style=\"color: #d12727\" href=\"https:\/\/www.csj-emballages.com\/produit\/poudre-de-noisette-brute-1kg\/\">480002<\/a><\/span><\/p>\n<p>&nbsp;<\/p>\n<p><!--more--><\/p>\n<p><a href=\"https:\/\/u15jnbdpoq.preview.infomaniak.website\/categorie-produit\/alimentation\/aliments\/fruits-secs-au-sirop\/fruits-secs\/\">Sehen Sie sich den Rest unseres Sortiments an Trockenfr\u00fcchten an.<\/a><\/p>\n","protected":false},"excerpt":{"rendered":"<p>Gesch\u00e4lte Haseln\u00fcsse Beschreibung von Haseln\u00fcsse gesch\u00e4lt 13\/15 pro 1kg<\/p>\n","protected":false},"featured_media":197293,"template":"","meta":{"_acf_changed":false},"product_brand":[],"product_cat":[1144,7623],"product_tag":[],"class_list":{"0":"post-16801","1":"product","2":"type-product","3":"status-publish","4":"has-post-thumbnail","6":"product_cat-lebensmittel","7":"product_cat-trockenfruechte","9":"first","10":"instock","11":"taxable","12":"shipping-taxable","13":"purchasable","14":"product-type-simple"},"acf":[],"yoast_head":"<!-- This site is optimized with the Yoast SEO Premium plugin v26.6 (Yoast SEO v26.6) - https:\/\/yoast.com\/wordpress\/plugins\/seo\/ -->\n<title>Gesch\u00e4lte Haseln\u00fcsse - 13\/15 mm<\/title>\n<meta name=\"description\" content=\"Entdecken Sie unsere gesch\u00e4lten Haseln\u00fcsse 13\/15, eine knackige und schmackhafte K\u00f6stlichkeit, die sich perfekt f\u00fcr Ihr Geb\u00e4ck, Ihre Salate und Snacks eignet.\" \/>\n<meta name=\"robots\" content=\"index, follow, max-snippet:-1, max-image-preview:large, max-video-preview:-1\" \/>\n<link rel=\"canonical\" href=\"https:\/\/www.csj-emballages.com\/de\/produit\/1kg-geschaelte-haselnuesse-13-15\/\" \/>\n<meta property=\"og:locale\" content=\"de_DE\" \/>\n<meta property=\"og:type\" content=\"article\" \/>\n<meta property=\"og:title\" content=\"Gesch\u00e4lte Haseln\u00fcsse 13\/15 in 1kg\" \/>\n<meta property=\"og:description\" content=\"Entdecken Sie unsere gesch\u00e4lten Haseln\u00fcsse 13\/15, eine knackige und schmackhafte K\u00f6stlichkeit, die sich perfekt f\u00fcr Ihr Geb\u00e4ck, Ihre Salate und Snacks eignet.\" \/>\n<meta property=\"og:url\" content=\"https:\/\/www.csj-emballages.com\/de\/produit\/1kg-geschaelte-haselnuesse-13-15\/\" \/>\n<meta property=\"og:site_name\" content=\"CSJ Emballages\" \/>\n<meta property=\"article:publisher\" content=\"https:\/\/www.facebook.com\/csjemballages\" \/>\n<meta property=\"article:modified_time\" content=\"2026-04-10T00:11:12+00:00\" \/>\n<meta property=\"og:image\" content=\"https:\/\/www.csj-emballages.com\/wp-content\/uploads\/2024\/05\/Noisette-decortiquee.webp\" \/>\n\t<meta property=\"og:image:width\" content=\"800\" \/>\n\t<meta property=\"og:image:height\" content=\"800\" \/>\n\t<meta property=\"og:image:type\" content=\"image\/webp\" \/>\n<meta name=\"twitter:card\" content=\"summary_large_image\" \/>\n<meta name=\"twitter:label1\" content=\"Gesch\u00e4tzte Lesezeit\" \/>\n\t<meta name=\"twitter:data1\" content=\"2 Minuten\" \/>\n<script type=\"application\/ld+json\" class=\"yoast-schema-graph\">{\"@context\":\"https:\/\/schema.org\",\"@graph\":[{\"@type\":\"WebPage\",\"@id\":\"https:\/\/www.csj-emballages.com\/de\/produit\/1kg-geschaelte-haselnuesse-13-15\/\",\"url\":\"https:\/\/www.csj-emballages.com\/de\/produit\/1kg-geschaelte-haselnuesse-13-15\/\",\"name\":\"Gesch\u00e4lte Haseln\u00fcsse - 13\/15 mm\",\"isPartOf\":{\"@id\":\"https:\/\/www.csj-emballages.com\/de\/#website\"},\"primaryImageOfPage\":{\"@id\":\"https:\/\/www.csj-emballages.com\/de\/produit\/1kg-geschaelte-haselnuesse-13-15\/#primaryimage\"},\"image\":{\"@id\":\"https:\/\/www.csj-emballages.com\/de\/produit\/1kg-geschaelte-haselnuesse-13-15\/#primaryimage\"},\"thumbnailUrl\":\"https:\/\/www.csj-emballages.com\/wp-content\/uploads\/2024\/05\/Noisette-decortiquee.webp\",\"datePublished\":\"2024-05-22T09:17:36+00:00\",\"dateModified\":\"2026-04-10T00:11:12+00:00\",\"description\":\"Entdecken Sie unsere gesch\u00e4lten Haseln\u00fcsse 13\/15, eine knackige und schmackhafte K\u00f6stlichkeit, die sich perfekt f\u00fcr Ihr Geb\u00e4ck, Ihre Salate und Snacks eignet.\",\"breadcrumb\":{\"@id\":\"https:\/\/www.csj-emballages.com\/de\/produit\/1kg-geschaelte-haselnuesse-13-15\/#breadcrumb\"},\"inLanguage\":\"de\",\"potentialAction\":[{\"@type\":\"ReadAction\",\"target\":[\"https:\/\/www.csj-emballages.com\/de\/produit\/1kg-geschaelte-haselnuesse-13-15\/\"]}]},{\"@type\":\"ImageObject\",\"inLanguage\":\"de\",\"@id\":\"https:\/\/www.csj-emballages.com\/de\/produit\/1kg-geschaelte-haselnuesse-13-15\/#primaryimage\",\"url\":\"https:\/\/www.csj-emballages.com\/wp-content\/uploads\/2024\/05\/Noisette-decortiquee.webp\",\"contentUrl\":\"https:\/\/www.csj-emballages.com\/wp-content\/uploads\/2024\/05\/Noisette-decortiquee.webp\",\"width\":800,\"height\":800,\"caption\":\"Noisette d\u00e9cortiqu\u00e9e\"},{\"@type\":\"BreadcrumbList\",\"@id\":\"https:\/\/www.csj-emballages.com\/de\/produit\/1kg-geschaelte-haselnuesse-13-15\/#breadcrumb\",\"itemListElement\":[{\"@type\":\"ListItem\",\"position\":1,\"name\":\"Accueil\",\"item\":\"https:\/\/www.csj-emballages.com\/de\/universum-lebensmittelverpackungen\/\"},{\"@type\":\"ListItem\",\"position\":2,\"name\":\"Shop\",\"item\":\"https:\/\/www.csj-emballages.com\/shop\/\"},{\"@type\":\"ListItem\",\"position\":3,\"name\":\"Gesch\u00e4lte Haseln\u00fcsse 13\/15 in 1kg\"}]},{\"@type\":\"WebSite\",\"@id\":\"https:\/\/www.csj-emballages.com\/de\/#website\",\"url\":\"https:\/\/www.csj-emballages.com\/de\/\",\"name\":\"CSJ Emballages\",\"description\":\"\",\"publisher\":{\"@id\":\"https:\/\/www.csj-emballages.com\/de\/#organization\"},\"potentialAction\":[{\"@type\":\"SearchAction\",\"target\":{\"@type\":\"EntryPoint\",\"urlTemplate\":\"https:\/\/www.csj-emballages.com\/de\/?s={search_term_string}\"},\"query-input\":{\"@type\":\"PropertyValueSpecification\",\"valueRequired\":true,\"valueName\":\"search_term_string\"}}],\"inLanguage\":\"de\"},{\"@type\":\"Organization\",\"@id\":\"https:\/\/www.csj-emballages.com\/de\/#Organization\/\",\"name\":\"CSJ Emballages\",\"url\":\"https:\/\/www.csj-emballages.com\/de\/\",\"logo\":{\"@type\":\"ImageObject\",\"inLanguage\":\"de\",\"@id\":\"https:\/\/www.csj-emballages.com\/de\/#\/schema\/logo\/image\/\",\"url\":\"https:\/\/www.csj-emballages.com\/wp-content\/uploads\/2023\/10\/logo_csj.webp\",\"contentUrl\":\"https:\/\/www.csj-emballages.com\/wp-content\/uploads\/2023\/10\/logo_csj.webp\",\"width\":250,\"height\":95,\"caption\":\"CSJ Emballages\"},\"image\":{\"@id\":\"https:\/\/www.csj-emballages.com\/de\/#\/schema\/logo\/image\/\"},\"sameAs\":[\"https:\/\/www.facebook.com\/csjemballages\"],\"address\":{\"@type\":\"PostalAddress\",\"streetAddress\":\"ZI La Lechere\",\"addressLocality\":\"Patornay\",\"postalCode\":\"39130\",\"addressCountry\":\"FR\"},\"contactPoint\":[{\"@type\":\"ContactPoint\",\"contactType\":\"Service client\",\"telephone\":\"0384254272\",\"email\":\"contact@csj-emballages.com\"}]}]}<\/script>\n<!-- \/ Yoast SEO Premium plugin. -->","yoast_head_json":{"title":"Gesch\u00e4lte Haseln\u00fcsse - 13\/15 mm","description":"Entdecken Sie unsere gesch\u00e4lten Haseln\u00fcsse 13\/15, eine knackige und schmackhafte K\u00f6stlichkeit, die sich perfekt f\u00fcr Ihr Geb\u00e4ck, Ihre Salate und Snacks eignet.","robots":{"index":"index","follow":"follow","max-snippet":"max-snippet:-1","max-image-preview":"max-image-preview:large","max-video-preview":"max-video-preview:-1"},"canonical":"https:\/\/www.csj-emballages.com\/de\/produit\/1kg-geschaelte-haselnuesse-13-15\/","og_locale":"de_DE","og_type":"article","og_title":"Gesch\u00e4lte Haseln\u00fcsse 13\/15 in 1kg","og_description":"Entdecken Sie unsere gesch\u00e4lten Haseln\u00fcsse 13\/15, eine knackige und schmackhafte K\u00f6stlichkeit, die sich perfekt f\u00fcr Ihr Geb\u00e4ck, Ihre Salate und Snacks eignet.","og_url":"https:\/\/www.csj-emballages.com\/de\/produit\/1kg-geschaelte-haselnuesse-13-15\/","og_site_name":"CSJ Emballages","article_publisher":"https:\/\/www.facebook.com\/csjemballages","article_modified_time":"2026-04-10T00:11:12+00:00","og_image":[{"width":800,"height":800,"url":"https:\/\/www.csj-emballages.com\/wp-content\/uploads\/2024\/05\/Noisette-decortiquee.webp","type":"image\/webp"}],"twitter_card":"summary_large_image","twitter_misc":{"Gesch\u00e4tzte Lesezeit":"2 Minuten"},"schema":{"@context":"https:\/\/schema.org","@graph":[{"@type":"WebPage","@id":"https:\/\/www.csj-emballages.com\/de\/produit\/1kg-geschaelte-haselnuesse-13-15\/","url":"https:\/\/www.csj-emballages.com\/de\/produit\/1kg-geschaelte-haselnuesse-13-15\/","name":"Gesch\u00e4lte Haseln\u00fcsse - 13\/15 mm","isPartOf":{"@id":"https:\/\/www.csj-emballages.com\/de\/#website"},"primaryImageOfPage":{"@id":"https:\/\/www.csj-emballages.com\/de\/produit\/1kg-geschaelte-haselnuesse-13-15\/#primaryimage"},"image":{"@id":"https:\/\/www.csj-emballages.com\/de\/produit\/1kg-geschaelte-haselnuesse-13-15\/#primaryimage"},"thumbnailUrl":"https:\/\/www.csj-emballages.com\/wp-content\/uploads\/2024\/05\/Noisette-decortiquee.webp","datePublished":"2024-05-22T09:17:36+00:00","dateModified":"2026-04-10T00:11:12+00:00","description":"Entdecken Sie unsere gesch\u00e4lten Haseln\u00fcsse 13\/15, eine knackige und schmackhafte K\u00f6stlichkeit, die sich perfekt f\u00fcr Ihr Geb\u00e4ck, Ihre Salate und Snacks eignet.","breadcrumb":{"@id":"https:\/\/www.csj-emballages.com\/de\/produit\/1kg-geschaelte-haselnuesse-13-15\/#breadcrumb"},"inLanguage":"de","potentialAction":[{"@type":"ReadAction","target":["https:\/\/www.csj-emballages.com\/de\/produit\/1kg-geschaelte-haselnuesse-13-15\/"]}]},{"@type":"ImageObject","inLanguage":"de","@id":"https:\/\/www.csj-emballages.com\/de\/produit\/1kg-geschaelte-haselnuesse-13-15\/#primaryimage","url":"https:\/\/www.csj-emballages.com\/wp-content\/uploads\/2024\/05\/Noisette-decortiquee.webp","contentUrl":"https:\/\/www.csj-emballages.com\/wp-content\/uploads\/2024\/05\/Noisette-decortiquee.webp","width":800,"height":800,"caption":"Noisette d\u00e9cortiqu\u00e9e"},{"@type":"BreadcrumbList","@id":"https:\/\/www.csj-emballages.com\/de\/produit\/1kg-geschaelte-haselnuesse-13-15\/#breadcrumb","itemListElement":[{"@type":"ListItem","position":1,"name":"Accueil","item":"https:\/\/www.csj-emballages.com\/de\/universum-lebensmittelverpackungen\/"},{"@type":"ListItem","position":2,"name":"Shop","item":"https:\/\/www.csj-emballages.com\/shop\/"},{"@type":"ListItem","position":3,"name":"Gesch\u00e4lte Haseln\u00fcsse 13\/15 in 1kg"}]},{"@type":"WebSite","@id":"https:\/\/www.csj-emballages.com\/de\/#website","url":"https:\/\/www.csj-emballages.com\/de\/","name":"CSJ Emballages","description":"","publisher":{"@id":"https:\/\/www.csj-emballages.com\/de\/#organization"},"potentialAction":[{"@type":"SearchAction","target":{"@type":"EntryPoint","urlTemplate":"https:\/\/www.csj-emballages.com\/de\/?s={search_term_string}"},"query-input":{"@type":"PropertyValueSpecification","valueRequired":true,"valueName":"search_term_string"}}],"inLanguage":"de"},{"@type":"Organization","@id":"https:\/\/www.csj-emballages.com\/de\/#Organization\/","name":"CSJ Emballages","url":"https:\/\/www.csj-emballages.com\/de\/","logo":{"@type":"ImageObject","inLanguage":"de","@id":"https:\/\/www.csj-emballages.com\/de\/#\/schema\/logo\/image\/","url":"https:\/\/www.csj-emballages.com\/wp-content\/uploads\/2023\/10\/logo_csj.webp","contentUrl":"https:\/\/www.csj-emballages.com\/wp-content\/uploads\/2023\/10\/logo_csj.webp","width":250,"height":95,"caption":"CSJ Emballages"},"image":{"@id":"https:\/\/www.csj-emballages.com\/de\/#\/schema\/logo\/image\/"},"sameAs":["https:\/\/www.facebook.com\/csjemballages"],"address":{"@type":"PostalAddress","streetAddress":"ZI La Lechere","addressLocality":"Patornay","postalCode":"39130","addressCountry":"FR"},"contactPoint":[{"@type":"ContactPoint","contactType":"Service client","telephone":"0384254272","email":"contact@csj-emballages.com"}]}]}},"df_price":26.34,"df_sale_price":"","df_regular_price":26.34,"df_image_link":"https:\/\/www.csj-emballages.com\/wp-content\/uploads\/2024\/05\/Noisette-decortiquee-300x300.webp","tiered_pricing_type":"fixed","tiered_pricing_fixed_rules":[],"tiered_pricing_percentage_rules":[],"tiered_pricing_minimum":1,"tiered_pricing_roles_data":[],"_links":{"self":[{"href":"https:\/\/www.csj-emballages.com\/de\/wp-json\/wp\/v2\/product\/16801","targetHints":{"allow":["GET"]}}],"collection":[{"href":"https:\/\/www.csj-emballages.com\/de\/wp-json\/wp\/v2\/product"}],"about":[{"href":"https:\/\/www.csj-emballages.com\/de\/wp-json\/wp\/v2\/types\/product"}],"wp:featuredmedia":[{"embeddable":true,"href":"https:\/\/www.csj-emballages.com\/de\/wp-json\/wp\/v2\/media\/197293"}],"wp:attachment":[{"href":"https:\/\/www.csj-emballages.com\/de\/wp-json\/wp\/v2\/media?parent=16801"}],"wp:term":[{"taxonomy":"product_brand","embeddable":true,"href":"https:\/\/www.csj-emballages.com\/de\/wp-json\/wp\/v2\/product_brand?post=16801"},{"taxonomy":"product_cat","embeddable":true,"href":"https:\/\/www.csj-emballages.com\/de\/wp-json\/wp\/v2\/product_cat?post=16801"},{"taxonomy":"product_tag","embeddable":true,"href":"https:\/\/www.csj-emballages.com\/de\/wp-json\/wp\/v2\/product_tag?post=16801"}],"curies":[{"name":"wp","href":"https:\/\/api.w.org\/{rel}","templated":true}]}}