{"id":16798,"date":"2024-05-22T11:17:28","date_gmt":"2024-05-22T09:17:28","guid":{"rendered":"https:\/\/u15jnbdpoq.preview.infomaniak.website\/produit\/1kg-mandelblaettchen\/"},"modified":"2026-05-07T02:11:04","modified_gmt":"2026-05-07T00:11:04","slug":"1kg-mandelblaettchen","status":"publish","type":"product","link":"https:\/\/www.csj-emballages.com\/de\/produit\/1kg-mandelblaettchen\/","title":{"rendered":"Mandelbl\u00e4ttchen 1kg"},"content":{"rendered":"<h2>Mandelbl\u00e4ttchen<\/h2>\n<hr>\n<h3>Beschreibung von unserem Mandelbl\u00e4ttchen 1 kg<!--more--><\/h3>\n<div class=\"flex flex-grow flex-col max-w-full\">\n<div class=\"min-h-[20px] text-message flex flex-col items-start whitespace-pre-wrap break-words [.text-message+&amp;]:mt-5 juice:w-full juice:items-end overflow-x-auto gap-2\" dir=\"auto\" data-message-author-role=\"assistant\" data-message-id=\"579bfb50-fb6c-479d-a152-27ab4b509f37\">\n<div class=\"flex w-full flex-col gap-1 juice:empty:hidden juice:first:pt-[3px]\">\n<div class=\"markdown prose w-full break-words dark:prose-invert light\">\n<div class=\"flex-1 overflow-hidden\">\n<div class=\"react-scroll-to-bottom--css-ygaxm-79elbk h-full\">\n<div class=\"react-scroll-to-bottom--css-ygaxm-1n7m0yu\">\n<div class=\"flex flex-col text-sm md:pb-9\">\n<div class=\"w-full text-token-text-primary\" dir=\"auto\" data-testid=\"conversation-turn-3\" data-scroll-anchor=\"true\">\n<div class=\"py-2 juice:py-[18px] px-3 text-base md:px-4 m-auto md:px-5 lg:px-1 xl:px-5\">\n<div class=\"mx-auto flex flex-1 gap-3 text-base juice:gap-4 juice:md:gap-5 juice:lg:gap-6 md:max-w-3xl lg:max-w-[40rem] xl:max-w-[48rem]\">\n<div class=\"group\/conversation-turn relative flex w-full min-w-0 flex-col agent-turn\">\n<div class=\"flex-col gap-1 md:gap-3\">\n<div class=\"flex flex-grow flex-col max-w-full\">\n<div class=\"min-h-[20px] text-message flex flex-col items-start whitespace-pre-wrap break-words [.text-message+&amp;]:mt-5 juice:w-full juice:items-end overflow-x-auto gap-2\" dir=\"auto\" data-message-author-role=\"assistant\" data-message-id=\"2fe0f070-0589-4d8f-991f-f185baabe147\">\n<div class=\"flex w-full flex-col gap-1 juice:empty:hidden juice:first:pt-[3px]\">\n<div class=\"markdown prose w-full break-words dark:prose-invert light\">\n<p data-start=\"49\" data-end=\"426\">Die <strong data-start=\"53\" data-end=\"73\">Mandelbl\u00e4ttchen<\/strong> 1 kg sind die ideale Zutat, um Ihren kulinarischen Zubereitungen eine knackige, leckere Note zu verleihen. Denn egal, ob Sie sie in s\u00fc\u00dfen oder herzhaften Rezepten verwenden, diese <strong>Mandeln<\/strong> sind eine vielseitige Wahl, die zu einer Vielzahl von Gerichten passt. Sie sind gebrauchsfertig, sodass Sie Zeit sparen k\u00f6nnen, ohne Kompromisse bei der Qualit\u00e4t eingehen zu m\u00fcssen. Diese <strong>Mandelbl\u00e4ttchen<\/strong> wurden sorgf\u00e4ltig ausgew\u00e4hlt, um eine optimale Textur und einen nat\u00fcrlichen Geschmack zu gew\u00e4hrleisten, der Ihre Geschmacksknospen verf\u00fchren wird. Ihre Feinheit und ihre spitz zulaufende Form erm\u00f6glichen ein gleichm\u00e4\u00dfiges Backen, wodurch sie sich perfekt zum Backen, f\u00fcr Granola, Kuchen oder sogar Salate und herzhafte Gerichte eignen. Sie k\u00f6nnen auch zum Verzieren von Desserts wie Torten, Financiers oder Muffins verwendet werden und verleihen ihnen ein \u00e4sthetisches und zugleich schmackhaftes Aussehen.     <\/p>\n<p data-start=\"904\" data-end=\"1218\"><strong>Mandelbl\u00e4ttchen<\/strong> sind nicht nur ein Genuss f\u00fcr den Gaumen, sondern auch reich an N\u00e4hrstoffen. Voller Vitamine, Mineralstoffe und guter Fette bieten sie gesundheitliche Vorteile, insbesondere f\u00fcr Herz und Haut. Sie sind eine ausgezeichnete Wahl f\u00fcr eine gesunde und ausgewogene Ern\u00e4hrung.  <\/p>\n<p data-start=\"1220\" data-end=\"1505\">Dieses Produkt wird in einem <strong data-start=\"1229\" data-end=\"1247\">1-kg-Beutel<\/strong> verkauft und eignet sich perfekt f\u00fcr professionelle K\u00f6che, B\u00e4cker und Konditoren oder f\u00fcr alle, die gerne zu Hause kochen. Verleihen Sie Ihren Zubereitungen mit diesen hochwertigen <strong data-start=\"1462\" data-end=\"1504\">Mandelbl\u00e4ttchen<\/strong> eine angenehme Textur und einen raffinierten Geschmack. <\/p>\n<\/div>\n<div class=\"markdown prose w-full break-words dark:prose-invert light\">\n<p data-start=\"1507\" data-end=\"1669\">\n<\/div>\n<\/div>\n<\/div>\n<\/div>\n<\/div>\n<\/div>\n<\/div>\n<\/div>\n<\/div>\n<\/div>\n<\/div>\n<\/div>\n<\/div>\n<\/div>\n<\/div>\n<\/div>\n<\/div>\n<p><!--more--><\/p>\n<p><strong><span style=\"color: #ff0000;\">Datum \u00fcberschritten (MHD) 02\/2026<\/span><\/strong><\/p>\n<p><!--more--><\/p>\n<div class=\"flex flex-grow flex-col max-w-full\">\n<div class=\"min-h-[20px] text-message flex flex-col items-start whitespace-pre-wrap break-words [.text-message+&amp;]:mt-5 juice:w-full juice:items-end overflow-x-auto gap-2\" dir=\"auto\" data-message-author-role=\"assistant\" data-message-id=\"579bfb50-fb6c-479d-a152-27ab4b509f37\">\n<div class=\"flex w-full flex-col gap-1 juice:empty:hidden juice:first:pt-[3px]\">\n<div class=\"markdown prose w-full break-words dark:prose-invert light\">\n<div class=\"flex-1 overflow-hidden\">\n<div class=\"react-scroll-to-bottom--css-ygaxm-79elbk h-full\">\n<div class=\"react-scroll-to-bottom--css-ygaxm-1n7m0yu\">\n<div class=\"flex flex-col text-sm md:pb-9\">\n<div class=\"w-full text-token-text-primary\" dir=\"auto\" data-testid=\"conversation-turn-3\" data-scroll-anchor=\"true\">\n<div class=\"py-2 juice:py-[18px] px-3 text-base md:px-4 m-auto md:px-5 lg:px-1 xl:px-5\">\n<div class=\"mx-auto flex flex-1 gap-3 text-base juice:gap-4 juice:md:gap-5 juice:lg:gap-6 md:max-w-3xl lg:max-w-[40rem] xl:max-w-[48rem]\">\n<div class=\"group\/conversation-turn relative flex w-full min-w-0 flex-col agent-turn\">\n<div class=\"flex-col gap-1 md:gap-3\">\n<div class=\"flex flex-grow flex-col max-w-full\">\n<div class=\"min-h-[20px] text-message flex flex-col items-start whitespace-pre-wrap break-words [.text-message+&amp;]:mt-5 juice:w-full juice:items-end overflow-x-auto gap-2\" dir=\"auto\" data-message-author-role=\"assistant\" data-message-id=\"2fe0f070-0589-4d8f-991f-f185baabe147\">\n<div class=\"flex w-full flex-col gap-1 juice:empty:hidden juice:first:pt-[3px]\">\n<div class=\"markdown prose w-full break-words dark:prose-invert light\">\n<h4>Seine Vorteile :<\/h4>\n<ul>\n<li>Gebrauchsfertig, um in der K\u00fcche Zeit zu sparen.<\/li>\n<li>Ideal zum Backen, f\u00fcr Salate und herzhafte Gerichte.<\/li>\n<li>Reich an Vitaminen, Mineralien und gesunden Fetten.<\/li>\n<li>Feine, knusprige Textur f\u00fcr gleichm\u00e4\u00dfiges Kochen.<\/li>\n<li>Praktischer 1-kg-Beutel, geeignet f\u00fcr Profis und Hobbyk\u00f6che.<\/li>\n<\/ul>\n<p>&nbsp;<\/p>\n<\/div>\n<\/div>\n<\/div>\n<\/div>\n<\/div>\n<\/div>\n<\/div>\n<\/div>\n<\/div>\n<\/div>\n<\/div>\n<\/div>\n<\/div>\n<\/div>\n<\/div>\n<\/div>\n<\/div>\n<p><!--more--><\/p>\n<div class=\"flex flex-grow flex-col max-w-full\">\n<div class=\"min-h-[20px] text-message flex flex-col items-start whitespace-pre-wrap break-words [.text-message+&amp;]:mt-5 juice:w-full juice:items-end overflow-x-auto gap-2\" dir=\"auto\" data-message-author-role=\"assistant\" data-message-id=\"579bfb50-fb6c-479d-a152-27ab4b509f37\">\n<div class=\"flex w-full flex-col gap-1 juice:empty:hidden juice:first:pt-[3px]\">\n<div class=\"markdown prose w-full break-words dark:prose-invert light\">\n<div class=\"flex-1 overflow-hidden\">\n<div class=\"react-scroll-to-bottom--css-ygaxm-79elbk h-full\">\n<div class=\"react-scroll-to-bottom--css-ygaxm-1n7m0yu\">\n<div class=\"flex flex-col text-sm md:pb-9\">\n<div class=\"w-full text-token-text-primary\" dir=\"auto\" data-testid=\"conversation-turn-3\" data-scroll-anchor=\"true\">\n<div class=\"py-2 juice:py-[18px] px-3 text-base md:px-4 m-auto md:px-5 lg:px-1 xl:px-5\">\n<div class=\"mx-auto flex flex-1 gap-3 text-base juice:gap-4 juice:md:gap-5 juice:lg:gap-6 md:max-w-3xl lg:max-w-[40rem] xl:max-w-[48rem]\">\n<div class=\"group\/conversation-turn relative flex w-full min-w-0 flex-col agent-turn\">\n<div class=\"flex-col gap-1 md:gap-3\">\n<div class=\"flex flex-grow flex-col max-w-full\">\n<div class=\"min-h-[20px] text-message flex flex-col items-start whitespace-pre-wrap break-words [.text-message+&amp;]:mt-5 juice:w-full juice:items-end overflow-x-auto gap-2\" dir=\"auto\" data-message-author-role=\"assistant\" data-message-id=\"2fe0f070-0589-4d8f-991f-f185baabe147\">\n<div class=\"flex w-full flex-col gap-1 juice:empty:hidden juice:first:pt-[3px]\">\n<div class=\"markdown prose w-full break-words dark:prose-invert light\">\n<h4>Weitere Informationen :<\/h4>\n<ul>\n<li><strong>Verpackung<\/strong>: Packung mit 1kg<\/li>\n<li><strong>Typ<\/strong>: Effiliert<\/li>\n<\/ul>\n<\/div>\n<\/div>\n<\/div>\n<\/div>\n<\/div>\n<\/div>\n<\/div>\n<\/div>\n<\/div>\n<\/div>\n<\/div>\n<\/div>\n<\/div>\n<p>&nbsp;<\/p>\n<\/div>\n<\/div>\n<\/div>\n<\/div>\n<p><!--more--><\/p>\n<h4><strong>In verschiedenen Ausf\u00fchrungen erh\u00e4ltlich:<\/strong><\/h4>\n<ul>\n<li>Gemahlene Mandeln, wei\u00df: <span style=\"color: #d12727;\"><a style=\"color: #d12727;\" href=\"https:\/\/www.csj-emballages.com\/produit\/poudre-damande-blanche-1-kg\/\">440014<\/a><\/span><\/li>\n<li>Gemahlene Mandeln, natur: <span style=\"color: #d12727;\"><a style=\"color: #d12727;\" href=\"https:\/\/www.csj-emballages.com\/produit\/poudre-damande-brute-1kg\/\">440018<\/a><\/span><\/li>\n<li>Mandeln, gesch\u00e4lt: <span style=\"color: #d12727;\"><a style=\"color: #d12727;\" href=\"https:\/\/www.csj-emballages.com\/es\/produit\/1-kg-de-almendras-estandar-sin-cascara\/\">440013<\/a><\/span><\/li>\n<\/ul>\n<p>&nbsp;<\/p>\n<p><!--more--><\/p>\n<p><a href=\"https:\/\/u15jnbdpoq.preview.infomaniak.website\/categorie-produit\/alimentation\/aliments\/fruits-secs-au-sirop\/fruits-secs\/\">Entdecken Sie unser restliches Sortiment an Trockenfr\u00fcchten<\/a><\/p>\n","protected":false},"excerpt":{"rendered":"<p>Mandelbl\u00e4ttchen Beschreibung von unserem Mandelbl\u00e4ttchen 1 kg<\/p>\n","protected":false},"featured_media":224378,"template":"","meta":{"_acf_changed":false},"product_brand":[],"product_cat":[1137,10243,1144,7623],"product_tag":[],"class_list":{"0":"post-16798","1":"product","2":"type-product","3":"status-publish","4":"has-post-thumbnail","6":"product_cat-lebensmittelverpackungen","7":"product_cat-anti-verschwendung","8":"product_cat-lebensmittel","9":"product_cat-trockenfruechte","11":"first","12":"instock","13":"sale","14":"taxable","15":"shipping-taxable","16":"purchasable","17":"product-type-simple"},"acf":[],"yoast_head":"<!-- This site is optimized with the Yoast SEO Premium plugin v26.6 (Yoast SEO v26.6) - https:\/\/yoast.com\/wordpress\/plugins\/seo\/ -->\n<title>Mandelbl\u00e4ttchen 1kg<\/title>\n<meta name=\"description\" content=\"Entdecken Sie unsere Mandelbl\u00e4ttchen, die sich hervorragend zum Verfeinern von Backwaren und Gerichten eignen. Sie sind reich an Proteinen und N\u00e4hrstoffen.\" \/>\n<meta name=\"robots\" content=\"index, follow, max-snippet:-1, max-image-preview:large, max-video-preview:-1\" \/>\n<link rel=\"canonical\" href=\"https:\/\/www.csj-emballages.com\/de\/produit\/1kg-mandelblaettchen\/\" \/>\n<meta property=\"og:locale\" content=\"de_DE\" \/>\n<meta property=\"og:type\" content=\"article\" \/>\n<meta property=\"og:title\" content=\"Mandelbl\u00e4ttchen 1kg\" \/>\n<meta property=\"og:description\" content=\"Entdecken Sie unsere Mandelbl\u00e4ttchen, die sich hervorragend zum Verfeinern von Backwaren und Gerichten eignen. Sie sind reich an Proteinen und N\u00e4hrstoffen.\" \/>\n<meta property=\"og:url\" content=\"https:\/\/www.csj-emballages.com\/de\/produit\/1kg-mandelblaettchen\/\" \/>\n<meta property=\"og:site_name\" content=\"CSJ Emballages\" \/>\n<meta property=\"article:publisher\" content=\"https:\/\/www.facebook.com\/csjemballages\" \/>\n<meta property=\"article:modified_time\" content=\"2026-05-07T00:11:04+00:00\" \/>\n<meta property=\"og:image\" content=\"https:\/\/www.csj-emballages.com\/wp-content\/uploads\/2024\/05\/Amande-effilee.webp\" \/>\n\t<meta property=\"og:image:width\" content=\"800\" \/>\n\t<meta property=\"og:image:height\" content=\"800\" \/>\n\t<meta property=\"og:image:type\" content=\"image\/webp\" \/>\n<meta name=\"twitter:card\" content=\"summary_large_image\" \/>\n<meta name=\"twitter:label1\" content=\"Gesch\u00e4tzte Lesezeit\" \/>\n\t<meta name=\"twitter:data1\" content=\"2 Minuten\" \/>\n<script type=\"application\/ld+json\" class=\"yoast-schema-graph\">{\"@context\":\"https:\/\/schema.org\",\"@graph\":[{\"@type\":\"WebPage\",\"@id\":\"https:\/\/www.csj-emballages.com\/de\/produit\/1kg-mandelblaettchen\/\",\"url\":\"https:\/\/www.csj-emballages.com\/de\/produit\/1kg-mandelblaettchen\/\",\"name\":\"Mandelbl\u00e4ttchen 1kg\",\"isPartOf\":{\"@id\":\"https:\/\/www.csj-emballages.com\/de\/#website\"},\"primaryImageOfPage\":{\"@id\":\"https:\/\/www.csj-emballages.com\/de\/produit\/1kg-mandelblaettchen\/#primaryimage\"},\"image\":{\"@id\":\"https:\/\/www.csj-emballages.com\/de\/produit\/1kg-mandelblaettchen\/#primaryimage\"},\"thumbnailUrl\":\"https:\/\/www.csj-emballages.com\/wp-content\/uploads\/2024\/05\/Amande-effilee.webp\",\"datePublished\":\"2024-05-22T09:17:28+00:00\",\"dateModified\":\"2026-05-07T00:11:04+00:00\",\"description\":\"Entdecken Sie unsere Mandelbl\u00e4ttchen, die sich hervorragend zum Verfeinern von Backwaren und Gerichten eignen. Sie sind reich an Proteinen und N\u00e4hrstoffen.\",\"breadcrumb\":{\"@id\":\"https:\/\/www.csj-emballages.com\/de\/produit\/1kg-mandelblaettchen\/#breadcrumb\"},\"inLanguage\":\"de\",\"potentialAction\":[{\"@type\":\"ReadAction\",\"target\":[\"https:\/\/www.csj-emballages.com\/de\/produit\/1kg-mandelblaettchen\/\"]}]},{\"@type\":\"ImageObject\",\"inLanguage\":\"de\",\"@id\":\"https:\/\/www.csj-emballages.com\/de\/produit\/1kg-mandelblaettchen\/#primaryimage\",\"url\":\"https:\/\/www.csj-emballages.com\/wp-content\/uploads\/2024\/05\/Amande-effilee.webp\",\"contentUrl\":\"https:\/\/www.csj-emballages.com\/wp-content\/uploads\/2024\/05\/Amande-effilee.webp\",\"width\":800,\"height\":800,\"caption\":\"Amande effil\u00e9e\"},{\"@type\":\"BreadcrumbList\",\"@id\":\"https:\/\/www.csj-emballages.com\/de\/produit\/1kg-mandelblaettchen\/#breadcrumb\",\"itemListElement\":[{\"@type\":\"ListItem\",\"position\":1,\"name\":\"Accueil\",\"item\":\"https:\/\/www.csj-emballages.com\/de\/universum-lebensmittelverpackungen\/\"},{\"@type\":\"ListItem\",\"position\":2,\"name\":\"Shop\",\"item\":\"https:\/\/www.csj-emballages.com\/shop\/\"},{\"@type\":\"ListItem\",\"position\":3,\"name\":\"Mandelbl\u00e4ttchen 1kg\"}]},{\"@type\":\"WebSite\",\"@id\":\"https:\/\/www.csj-emballages.com\/de\/#website\",\"url\":\"https:\/\/www.csj-emballages.com\/de\/\",\"name\":\"CSJ Emballages\",\"description\":\"\",\"publisher\":{\"@id\":\"https:\/\/www.csj-emballages.com\/de\/#organization\"},\"potentialAction\":[{\"@type\":\"SearchAction\",\"target\":{\"@type\":\"EntryPoint\",\"urlTemplate\":\"https:\/\/www.csj-emballages.com\/de\/?s={search_term_string}\"},\"query-input\":{\"@type\":\"PropertyValueSpecification\",\"valueRequired\":true,\"valueName\":\"search_term_string\"}}],\"inLanguage\":\"de\"},{\"@type\":\"Organization\",\"@id\":\"https:\/\/www.csj-emballages.com\/de\/#Organization\/\",\"name\":\"CSJ Emballages\",\"url\":\"https:\/\/www.csj-emballages.com\/de\/\",\"logo\":{\"@type\":\"ImageObject\",\"inLanguage\":\"de\",\"@id\":\"https:\/\/www.csj-emballages.com\/de\/#\/schema\/logo\/image\/\",\"url\":\"https:\/\/www.csj-emballages.com\/wp-content\/uploads\/2023\/10\/logo_csj.webp\",\"contentUrl\":\"https:\/\/www.csj-emballages.com\/wp-content\/uploads\/2023\/10\/logo_csj.webp\",\"width\":250,\"height\":95,\"caption\":\"CSJ Emballages\"},\"image\":{\"@id\":\"https:\/\/www.csj-emballages.com\/de\/#\/schema\/logo\/image\/\"},\"sameAs\":[\"https:\/\/www.facebook.com\/csjemballages\"],\"address\":{\"@type\":\"PostalAddress\",\"streetAddress\":\"ZI La Lechere\",\"addressLocality\":\"Patornay\",\"postalCode\":\"39130\",\"addressCountry\":\"FR\"},\"contactPoint\":[{\"@type\":\"ContactPoint\",\"contactType\":\"Service client\",\"telephone\":\"0384254272\",\"email\":\"contact@csj-emballages.com\"}]}]}<\/script>\n<!-- \/ Yoast SEO Premium plugin. -->","yoast_head_json":{"title":"Mandelbl\u00e4ttchen 1kg","description":"Entdecken Sie unsere Mandelbl\u00e4ttchen, die sich hervorragend zum Verfeinern von Backwaren und Gerichten eignen. Sie sind reich an Proteinen und N\u00e4hrstoffen.","robots":{"index":"index","follow":"follow","max-snippet":"max-snippet:-1","max-image-preview":"max-image-preview:large","max-video-preview":"max-video-preview:-1"},"canonical":"https:\/\/www.csj-emballages.com\/de\/produit\/1kg-mandelblaettchen\/","og_locale":"de_DE","og_type":"article","og_title":"Mandelbl\u00e4ttchen 1kg","og_description":"Entdecken Sie unsere Mandelbl\u00e4ttchen, die sich hervorragend zum Verfeinern von Backwaren und Gerichten eignen. Sie sind reich an Proteinen und N\u00e4hrstoffen.","og_url":"https:\/\/www.csj-emballages.com\/de\/produit\/1kg-mandelblaettchen\/","og_site_name":"CSJ Emballages","article_publisher":"https:\/\/www.facebook.com\/csjemballages","article_modified_time":"2026-05-07T00:11:04+00:00","og_image":[{"width":800,"height":800,"url":"https:\/\/www.csj-emballages.com\/wp-content\/uploads\/2024\/05\/Amande-effilee.webp","type":"image\/webp"}],"twitter_card":"summary_large_image","twitter_misc":{"Gesch\u00e4tzte Lesezeit":"2 Minuten"},"schema":{"@context":"https:\/\/schema.org","@graph":[{"@type":"WebPage","@id":"https:\/\/www.csj-emballages.com\/de\/produit\/1kg-mandelblaettchen\/","url":"https:\/\/www.csj-emballages.com\/de\/produit\/1kg-mandelblaettchen\/","name":"Mandelbl\u00e4ttchen 1kg","isPartOf":{"@id":"https:\/\/www.csj-emballages.com\/de\/#website"},"primaryImageOfPage":{"@id":"https:\/\/www.csj-emballages.com\/de\/produit\/1kg-mandelblaettchen\/#primaryimage"},"image":{"@id":"https:\/\/www.csj-emballages.com\/de\/produit\/1kg-mandelblaettchen\/#primaryimage"},"thumbnailUrl":"https:\/\/www.csj-emballages.com\/wp-content\/uploads\/2024\/05\/Amande-effilee.webp","datePublished":"2024-05-22T09:17:28+00:00","dateModified":"2026-05-07T00:11:04+00:00","description":"Entdecken Sie unsere Mandelbl\u00e4ttchen, die sich hervorragend zum Verfeinern von Backwaren und Gerichten eignen. Sie sind reich an Proteinen und N\u00e4hrstoffen.","breadcrumb":{"@id":"https:\/\/www.csj-emballages.com\/de\/produit\/1kg-mandelblaettchen\/#breadcrumb"},"inLanguage":"de","potentialAction":[{"@type":"ReadAction","target":["https:\/\/www.csj-emballages.com\/de\/produit\/1kg-mandelblaettchen\/"]}]},{"@type":"ImageObject","inLanguage":"de","@id":"https:\/\/www.csj-emballages.com\/de\/produit\/1kg-mandelblaettchen\/#primaryimage","url":"https:\/\/www.csj-emballages.com\/wp-content\/uploads\/2024\/05\/Amande-effilee.webp","contentUrl":"https:\/\/www.csj-emballages.com\/wp-content\/uploads\/2024\/05\/Amande-effilee.webp","width":800,"height":800,"caption":"Amande effil\u00e9e"},{"@type":"BreadcrumbList","@id":"https:\/\/www.csj-emballages.com\/de\/produit\/1kg-mandelblaettchen\/#breadcrumb","itemListElement":[{"@type":"ListItem","position":1,"name":"Accueil","item":"https:\/\/www.csj-emballages.com\/de\/universum-lebensmittelverpackungen\/"},{"@type":"ListItem","position":2,"name":"Shop","item":"https:\/\/www.csj-emballages.com\/shop\/"},{"@type":"ListItem","position":3,"name":"Mandelbl\u00e4ttchen 1kg"}]},{"@type":"WebSite","@id":"https:\/\/www.csj-emballages.com\/de\/#website","url":"https:\/\/www.csj-emballages.com\/de\/","name":"CSJ Emballages","description":"","publisher":{"@id":"https:\/\/www.csj-emballages.com\/de\/#organization"},"potentialAction":[{"@type":"SearchAction","target":{"@type":"EntryPoint","urlTemplate":"https:\/\/www.csj-emballages.com\/de\/?s={search_term_string}"},"query-input":{"@type":"PropertyValueSpecification","valueRequired":true,"valueName":"search_term_string"}}],"inLanguage":"de"},{"@type":"Organization","@id":"https:\/\/www.csj-emballages.com\/de\/#Organization\/","name":"CSJ Emballages","url":"https:\/\/www.csj-emballages.com\/de\/","logo":{"@type":"ImageObject","inLanguage":"de","@id":"https:\/\/www.csj-emballages.com\/de\/#\/schema\/logo\/image\/","url":"https:\/\/www.csj-emballages.com\/wp-content\/uploads\/2023\/10\/logo_csj.webp","contentUrl":"https:\/\/www.csj-emballages.com\/wp-content\/uploads\/2023\/10\/logo_csj.webp","width":250,"height":95,"caption":"CSJ Emballages"},"image":{"@id":"https:\/\/www.csj-emballages.com\/de\/#\/schema\/logo\/image\/"},"sameAs":["https:\/\/www.facebook.com\/csjemballages"],"address":{"@type":"PostalAddress","streetAddress":"ZI La Lechere","addressLocality":"Patornay","postalCode":"39130","addressCountry":"FR"},"contactPoint":[{"@type":"ContactPoint","contactType":"Service client","telephone":"0384254272","email":"contact@csj-emballages.com"}]}]}},"df_price":12.07,"df_sale_price":12.07,"df_regular_price":17.24,"df_image_link":"https:\/\/www.csj-emballages.com\/wp-content\/uploads\/2024\/05\/Amande-effilee-300x300.webp","tiered_pricing_type":"fixed","tiered_pricing_fixed_rules":[],"tiered_pricing_percentage_rules":[],"tiered_pricing_minimum":1,"tiered_pricing_roles_data":[],"_links":{"self":[{"href":"https:\/\/www.csj-emballages.com\/de\/wp-json\/wp\/v2\/product\/16798","targetHints":{"allow":["GET"]}}],"collection":[{"href":"https:\/\/www.csj-emballages.com\/de\/wp-json\/wp\/v2\/product"}],"about":[{"href":"https:\/\/www.csj-emballages.com\/de\/wp-json\/wp\/v2\/types\/product"}],"wp:featuredmedia":[{"embeddable":true,"href":"https:\/\/www.csj-emballages.com\/de\/wp-json\/wp\/v2\/media\/224378"}],"wp:attachment":[{"href":"https:\/\/www.csj-emballages.com\/de\/wp-json\/wp\/v2\/media?parent=16798"}],"wp:term":[{"taxonomy":"product_brand","embeddable":true,"href":"https:\/\/www.csj-emballages.com\/de\/wp-json\/wp\/v2\/product_brand?post=16798"},{"taxonomy":"product_cat","embeddable":true,"href":"https:\/\/www.csj-emballages.com\/de\/wp-json\/wp\/v2\/product_cat?post=16798"},{"taxonomy":"product_tag","embeddable":true,"href":"https:\/\/www.csj-emballages.com\/de\/wp-json\/wp\/v2\/product_tag?post=16798"}],"curies":[{"name":"wp","href":"https:\/\/api.w.org\/{rel}","templated":true}]}}