{"id":16785,"date":"2024-05-22T11:13:24","date_gmt":"2024-05-22T09:13:24","guid":{"rendered":"https:\/\/u15jnbdpoq.preview.infomaniak.website\/?post_type=product&#038;p=16785"},"modified":"2026-04-03T02:10:31","modified_gmt":"2026-04-03T00:10:31","slug":"schachtel-2-1-von-griotte","status":"publish","type":"product","link":"https:\/\/www.csj-emballages.com\/de\/produit\/schachtel-2-1-von-griotte\/","title":{"rendered":"Sauerkirschen entsteint konserviert Schachtel 2\/1"},"content":{"rendered":"<h2 class=\"p1\">Sauerkirschen<\/h2>\n<hr>\n<h3>Beschreibung unserer entsteinten, konservierten Sauerkirschen in 2\/1-Dose<\/h3>\n<p><!--more--><\/p>\n<div class=\"flex flex-grow flex-col max-w-full\">\n<div class=\"min-h-[20px] text-message flex flex-col items-start whitespace-pre-wrap break-words [.text-message+&amp;]:mt-5 juice:w-full juice:items-end overflow-x-auto gap-2\" dir=\"auto\" data-message-author-role=\"assistant\" data-message-id=\"579bfb50-fb6c-479d-a152-27ab4b509f37\">\n<div class=\"flex w-full flex-col gap-1 juice:empty:hidden juice:first:pt-[3px]\">\n<div class=\"markdown prose w-full break-words dark:prose-invert light\">\n<div class=\"flex-1 overflow-hidden\">\n<div class=\"react-scroll-to-bottom--css-ygaxm-79elbk h-full\">\n<div class=\"react-scroll-to-bottom--css-ygaxm-1n7m0yu\">\n<div class=\"flex flex-col text-sm\">\n<div class=\"w-full text-token-text-primary\" dir=\"auto\" data-testid=\"conversation-turn-3\" data-scroll-anchor=\"true\">\n<div class=\"py-2 juice:py-[18px] px-3 text-base md:px-4 m-auto md:px-5 lg:px-1 xl:px-5\">\n<div class=\"mx-auto flex flex-1 gap-3 text-base juice:gap-4 juice:md:gap-5 juice:lg:gap-6 md:max-w-3xl lg:max-w-[40rem] xl:max-w-[48rem]\">\n<div class=\"group\/conversation-turn relative flex w-full min-w-0 flex-col agent-turn\">\n<div class=\"flex-col gap-1 md:gap-3\">\n<div class=\"flex flex-grow flex-col max-w-full\">\n<div class=\"min-h-[20px] text-message flex flex-col items-start whitespace-pre-wrap break-words [.text-message+&amp;]:mt-5 juice:w-full juice:items-end overflow-x-auto gap-2\" dir=\"auto\" data-message-author-role=\"assistant\" data-message-id=\"cc8c8b89-e7cc-4334-9633-5926bce5a78c\">\n<div class=\"flex w-full flex-col gap-1 juice:empty:hidden juice:first:pt-[3px]\">\n<div class=\"markdown prose w-full break-words dark:prose-invert light\">\n<div class=\"flex flex-grow flex-col max-w-full\">\n<div class=\"min-h-[20px] text-message flex flex-col items-start whitespace-pre-wrap break-words [.text-message+&amp;]:mt-5 juice:w-full juice:items-end overflow-x-auto gap-2\" dir=\"auto\" data-message-author-role=\"assistant\" data-message-id=\"a5ad94cc-6796-4ad8-b325-83b721399f0a\">\n<div class=\"flex w-full flex-col gap-1 juice:empty:hidden juice:first:pt-[3px]\">\n<div class=\"markdown prose w-full break-words dark:prose-invert light\">\n<div class=\"flex flex-grow flex-col max-w-full\">\n<div class=\"min-h-[20px] text-message flex flex-col items-start whitespace-pre-wrap break-words [.text-message+&amp;]:mt-5 juice:w-full juice:items-end overflow-x-auto gap-2\" dir=\"auto\" data-message-author-role=\"assistant\" data-message-id=\"f22b6444-e23a-4e78-827a-fa8ff3877731\">\n<div class=\"flex w-full flex-col gap-1 juice:empty:hidden juice:first:pt-[3px]\">\n<div class=\"markdown prose w-full break-words dark:prose-invert light\">\n<div class=\"flex flex-grow flex-col max-w-full\">\n<div class=\"min-h-[20px] text-message flex flex-col items-start whitespace-pre-wrap break-words [.text-message+&amp;]:mt-5 juice:w-full juice:items-end overflow-x-auto gap-2\" dir=\"auto\" data-message-author-role=\"assistant\" data-message-id=\"ec402d76-ebcd-4cc4-a0c8-22820d3d0931\">\n<div class=\"flex w-full flex-col gap-1 juice:empty:hidden juice:first:pt-[3px]\">\n<div class=\"markdown prose w-full break-words dark:prose-invert light\">\n<div class=\"flex max-w-full flex-col flex-grow\">\n<div class=\"min-h-[20px] text-message flex w-full flex-col items-end gap-2 whitespace-pre-wrap break-words [.text-message+&amp;]:mt-5 overflow-x-auto\" dir=\"auto\" data-message-author-role=\"assistant\" data-message-id=\"af2e5938-0a81-4a5a-aa00-75811bcce1c3\">\n<div class=\"flex w-full flex-col gap-1 empty:hidden first:pt-[3px]\">\n<p data-start=\"237\" data-end=\"652\">Diese <strong>entsteinten, konservierten Sauerkirschen<\/strong> in der <strong data-start=\"276\" data-end=\"289\">2\/1-Dose<\/strong> sind eine sichere Wahl f\u00fcr alle, die Desserts, Geb\u00e4ck oder auch bestimmte herzhafte Rezepte zubereiten. Schon beim \u00d6ffnen entdeckt man <strong>tiefrote Fr\u00fcchte<\/strong>, ganz und gleichm\u00e4\u00dfig, mit einer angenehmen Textur, die sich perfekt verarbeiten l\u00e4sst. Ihr leicht s\u00e4uerlicher Geschmack sorgt f\u00fcr jene feine Balance, die in einer Zubereitung den Unterschied macht.  <\/p>\n<p data-start=\"654\" data-end=\"1067\">Dank des <strong>Entsteinens<\/strong> sparen Sie Zeit in der K\u00fcche. Kein Sortieren oder zus\u00e4tzliche Vorbereitung n\u00f6tig: Die <strong>Sauerkirschen<\/strong> sind sofort einsatzbereit. Sie k\u00f6nnen sie direkt in <strong>Schwarzw\u00e4lder Kirschtorten, Clafoutis, Kuchen, Entremets einarbeiten oder zur Dekoration<\/strong> von Tellern mit Desserts verwenden. Sie eignen sich auch hervorragend f\u00fcr Coulis, F\u00fcllungen oder kreativere Rezepte.   <\/p>\n<p data-start=\"1069\" data-end=\"1400\">Ebenso ist ihre <strong>Konservierung in der 2\/1-Dose<\/strong> perfekt f\u00fcr den professionellen Einsatz geeignet. Das Format ist gro\u00dfz\u00fcgig, praktisch und vermeidet Verschwendung bei Sto\u00dfzeiten. Ob Sie Konditor, Gastronom, Caterer oder Eishersteller sind, diese Verpackung erm\u00f6glicht Ihnen ein reibungsloses Arbeiten ohne Unterbrechungen w\u00e4hrend des Betriebs.  <\/p>\n<p data-start=\"1402\" data-end=\"1688\">Dar\u00fcber hinaus bleibt ihr Geschmack stabil und kontrolliert, was ein konstantes Ergebnis von einer Zubereitung zur n\u00e4chsten garantiert. So bewahren Sie das ganze Jahr \u00fcber die gleiche visuelle und geschmackliche Qualit\u00e4t. Das ist ein echter Vorteil, wenn Sie Ihren Kunden regelm\u00e4\u00dfig Desserts anbieten m\u00fcssen.  <\/p>\n<p data-start=\"1690\" data-end=\"1946\">Zusammenfassend sind diese <strong>entsteinten, konservierten Sauerkirschen<\/strong> eine einfache, zuverl\u00e4ssige und effektive L\u00f6sung, um Ihre Rezepte zeitsparend zu verfeinern. Sie vereinen Praktikabilit\u00e4t, Geschmack und Vielseitigkeit und passen sich perfekt den Anforderungen der professionellen Welt an. <\/p>\n<p data-start=\"1690\" data-end=\"1946\">\n<h4><!--more--><\/h4>\n<h4>Vorteile :<\/h4>\n<ul>\n<li data-start=\"1974\" data-end=\"2011\"><strong>Entsteinte Fr\u00fcchte<\/strong>, gebrauchsfertig.<\/li>\n<li data-start=\"2014\" data-end=\"2056\"><strong>S\u00e4uerlicher<\/strong> Geschmack, ideal f\u00fcr Desserts.<\/li>\n<li data-start=\"2059\" data-end=\"2087\">Feste und gleichm\u00e4\u00dfige Textur.<\/li>\n<li data-start=\"2090\" data-end=\"2128\"><strong>2\/1-Format<\/strong>, f\u00fcr Profis geeignet.<\/li>\n<li data-start=\"2131\" data-end=\"2186\">Vielseitige Verwendung in Patisserie und Gastronomie.<\/li>\n<\/ul>\n<p>&nbsp;<\/p>\n<div class=\"markdown prose w-full break-words dark:prose-invert light\">\n<p><!--more--><\/p>\n<div style=\"font-family: Roboto, sans-serif;\">\n<div style=\"font-family: Roboto, sans-serif;\">\n<div style=\"font-family: Roboto, sans-serif;\">\n<h4>Weitere Informationen :<\/h4>\n<ul>\n<li><strong>Verpackung<\/strong>: Schachtel 2\/1<\/li>\n<li><strong>Ma\u00dfe<\/strong>: 100 x 225 (\u00d8 x H in mm)<\/li>\n<li><strong>Fassungsverm\u00f6gen<\/strong>: 1700 ml<\/li>\n<li><strong>Abtropfgewicht<\/strong>: 935 g<\/li>\n<li><strong>Typ<\/strong>: Entsteint Konserviert<\/li>\n<\/ul>\n<\/div>\n<\/div>\n<\/div>\n<p>&nbsp;<\/p>\n<p><!--more--><\/p>\n<p data-start=\"935\" data-end=\"1162\"><a href=\"https:\/\/www.csj-emballages.com\/de\/categorie-produit\/lebensmittel\/lebensmittel-de\/trockenfruchte-sirup\/\">Sehen Sie sich den Rest unseres Sortiments an Fr\u00fcchten in Sirup an.<\/a><\/p>\n<\/div>\n<\/div>\n<\/div>\n<\/div>\n<\/div>\n<\/div>\n<\/div>\n<\/div>\n<\/div>\n<\/div>\n<\/div>\n<\/div>\n<\/div>\n<\/div>\n<\/div>\n<\/div>\n<\/div>\n<\/div>\n<\/div>\n<\/div>\n<\/div>\n<\/div>\n<\/div>\n<\/div>\n<\/div>\n<\/div>\n<\/div>\n<\/div>\n<\/div>\n<\/div>\n<\/div>\n<\/div>\n<\/div>\n","protected":false},"excerpt":{"rendered":"<p>Sauerkirschen Beschreibung unserer entsteinten, konservierten Sauerkirschen in 2\/1-Dose<\/p>\n","protected":false},"featured_media":230561,"template":"","meta":{"_acf_changed":false},"product_brand":[],"product_cat":[1144,1183,1194,7093],"product_tag":[],"class_list":{"0":"post-16785","1":"product","2":"type-product","3":"status-publish","4":"has-post-thumbnail","6":"product_cat-lebensmittel","7":"product_cat-lebensmittel-de","8":"product_cat-trockenfruchte-sirup","9":"product_cat-sauerkirsche","11":"first","12":"instock","13":"featured","14":"taxable","15":"shipping-taxable","16":"purchasable","17":"product-type-simple"},"acf":[],"yoast_head":"<!-- This site is optimized with the Yoast SEO Premium plugin v26.6 (Yoast SEO v26.6) - https:\/\/yoast.com\/wordpress\/plugins\/seo\/ -->\n<title>Sauerkirschen entsteint Konserviert Dose 2\/1<\/title>\n<meta name=\"description\" content=\"Entsteinte, konservierte Sauerkirschen in 2\/1-Dose, gebrauchsfertig. Ideal f\u00fcr Geb\u00e4ck, Desserts oder s\u00fc\u00df-saure Rezepte.\" \/>\n<meta name=\"robots\" content=\"index, follow, max-snippet:-1, max-image-preview:large, max-video-preview:-1\" \/>\n<link rel=\"canonical\" href=\"https:\/\/www.csj-emballages.com\/de\/produit\/schachtel-2-1-von-griotte\/\" \/>\n<meta property=\"og:locale\" content=\"de_DE\" \/>\n<meta property=\"og:type\" content=\"article\" \/>\n<meta property=\"og:title\" content=\"Sauerkirschen entsteint konserviert Schachtel 2\/1\" \/>\n<meta property=\"og:description\" content=\"Entsteinte, konservierte Sauerkirschen in 2\/1-Dose, gebrauchsfertig. Ideal f\u00fcr Geb\u00e4ck, Desserts oder s\u00fc\u00df-saure Rezepte.\" \/>\n<meta property=\"og:url\" content=\"https:\/\/www.csj-emballages.com\/de\/produit\/schachtel-2-1-von-griotte\/\" \/>\n<meta property=\"og:site_name\" content=\"CSJ Emballages\" \/>\n<meta property=\"article:publisher\" content=\"https:\/\/www.facebook.com\/csjemballages\" \/>\n<meta property=\"article:modified_time\" content=\"2026-04-03T00:10:31+00:00\" \/>\n<meta property=\"og:image\" content=\"https:\/\/www.csj-emballages.com\/wp-content\/uploads\/2024\/05\/Griottes.webp\" \/>\n\t<meta property=\"og:image:width\" content=\"800\" \/>\n\t<meta property=\"og:image:height\" content=\"800\" \/>\n\t<meta property=\"og:image:type\" content=\"image\/webp\" \/>\n<meta name=\"twitter:card\" content=\"summary_large_image\" \/>\n<meta name=\"twitter:label1\" content=\"Gesch\u00e4tzte Lesezeit\" \/>\n\t<meta name=\"twitter:data1\" content=\"2 Minuten\" \/>\n<script type=\"application\/ld+json\" class=\"yoast-schema-graph\">{\"@context\":\"https:\/\/schema.org\",\"@graph\":[{\"@type\":\"WebPage\",\"@id\":\"https:\/\/www.csj-emballages.com\/de\/produit\/schachtel-2-1-von-griotte\/\",\"url\":\"https:\/\/www.csj-emballages.com\/de\/produit\/schachtel-2-1-von-griotte\/\",\"name\":\"Sauerkirschen entsteint Konserviert Dose 2\/1\",\"isPartOf\":{\"@id\":\"https:\/\/www.csj-emballages.com\/de\/#website\"},\"primaryImageOfPage\":{\"@id\":\"https:\/\/www.csj-emballages.com\/de\/produit\/schachtel-2-1-von-griotte\/#primaryimage\"},\"image\":{\"@id\":\"https:\/\/www.csj-emballages.com\/de\/produit\/schachtel-2-1-von-griotte\/#primaryimage\"},\"thumbnailUrl\":\"https:\/\/www.csj-emballages.com\/wp-content\/uploads\/2024\/05\/Griottes.webp\",\"datePublished\":\"2024-05-22T09:13:24+00:00\",\"dateModified\":\"2026-04-03T00:10:31+00:00\",\"description\":\"Entsteinte, konservierte Sauerkirschen in 2\/1-Dose, gebrauchsfertig. Ideal f\u00fcr Geb\u00e4ck, Desserts oder s\u00fc\u00df-saure Rezepte.\",\"breadcrumb\":{\"@id\":\"https:\/\/www.csj-emballages.com\/de\/produit\/schachtel-2-1-von-griotte\/#breadcrumb\"},\"inLanguage\":\"de\",\"potentialAction\":[{\"@type\":\"ReadAction\",\"target\":[\"https:\/\/www.csj-emballages.com\/de\/produit\/schachtel-2-1-von-griotte\/\"]}]},{\"@type\":\"ImageObject\",\"inLanguage\":\"de\",\"@id\":\"https:\/\/www.csj-emballages.com\/de\/produit\/schachtel-2-1-von-griotte\/#primaryimage\",\"url\":\"https:\/\/www.csj-emballages.com\/wp-content\/uploads\/2024\/05\/Griottes.webp\",\"contentUrl\":\"https:\/\/www.csj-emballages.com\/wp-content\/uploads\/2024\/05\/Griottes.webp\",\"width\":800,\"height\":800,\"caption\":\"Griottes\u00a0\"},{\"@type\":\"BreadcrumbList\",\"@id\":\"https:\/\/www.csj-emballages.com\/de\/produit\/schachtel-2-1-von-griotte\/#breadcrumb\",\"itemListElement\":[{\"@type\":\"ListItem\",\"position\":1,\"name\":\"Accueil\",\"item\":\"https:\/\/www.csj-emballages.com\/de\/universum-lebensmittelverpackungen\/\"},{\"@type\":\"ListItem\",\"position\":2,\"name\":\"Shop\",\"item\":\"https:\/\/www.csj-emballages.com\/shop\/\"},{\"@type\":\"ListItem\",\"position\":3,\"name\":\"Sauerkirschen entsteint konserviert Schachtel 2\/1\"}]},{\"@type\":\"WebSite\",\"@id\":\"https:\/\/www.csj-emballages.com\/de\/#website\",\"url\":\"https:\/\/www.csj-emballages.com\/de\/\",\"name\":\"CSJ Emballages\",\"description\":\"\",\"publisher\":{\"@id\":\"https:\/\/www.csj-emballages.com\/de\/#organization\"},\"potentialAction\":[{\"@type\":\"SearchAction\",\"target\":{\"@type\":\"EntryPoint\",\"urlTemplate\":\"https:\/\/www.csj-emballages.com\/de\/?s={search_term_string}\"},\"query-input\":{\"@type\":\"PropertyValueSpecification\",\"valueRequired\":true,\"valueName\":\"search_term_string\"}}],\"inLanguage\":\"de\"},{\"@type\":\"Organization\",\"@id\":\"https:\/\/www.csj-emballages.com\/de\/#Organization\/\",\"name\":\"CSJ Emballages\",\"url\":\"https:\/\/www.csj-emballages.com\/de\/\",\"logo\":{\"@type\":\"ImageObject\",\"inLanguage\":\"de\",\"@id\":\"https:\/\/www.csj-emballages.com\/de\/#\/schema\/logo\/image\/\",\"url\":\"https:\/\/www.csj-emballages.com\/wp-content\/uploads\/2023\/10\/logo_csj.webp\",\"contentUrl\":\"https:\/\/www.csj-emballages.com\/wp-content\/uploads\/2023\/10\/logo_csj.webp\",\"width\":250,\"height\":95,\"caption\":\"CSJ Emballages\"},\"image\":{\"@id\":\"https:\/\/www.csj-emballages.com\/de\/#\/schema\/logo\/image\/\"},\"sameAs\":[\"https:\/\/www.facebook.com\/csjemballages\"],\"address\":{\"@type\":\"PostalAddress\",\"streetAddress\":\"ZI La Lechere\",\"addressLocality\":\"Patornay\",\"postalCode\":\"39130\",\"addressCountry\":\"FR\"},\"contactPoint\":[{\"@type\":\"ContactPoint\",\"contactType\":\"Service client\",\"telephone\":\"0384254272\",\"email\":\"contact@csj-emballages.com\"}]}]}<\/script>\n<!-- \/ Yoast SEO Premium plugin. -->","yoast_head_json":{"title":"Sauerkirschen entsteint Konserviert Dose 2\/1","description":"Entsteinte, konservierte Sauerkirschen in 2\/1-Dose, gebrauchsfertig. Ideal f\u00fcr Geb\u00e4ck, Desserts oder s\u00fc\u00df-saure Rezepte.","robots":{"index":"index","follow":"follow","max-snippet":"max-snippet:-1","max-image-preview":"max-image-preview:large","max-video-preview":"max-video-preview:-1"},"canonical":"https:\/\/www.csj-emballages.com\/de\/produit\/schachtel-2-1-von-griotte\/","og_locale":"de_DE","og_type":"article","og_title":"Sauerkirschen entsteint konserviert Schachtel 2\/1","og_description":"Entsteinte, konservierte Sauerkirschen in 2\/1-Dose, gebrauchsfertig. Ideal f\u00fcr Geb\u00e4ck, Desserts oder s\u00fc\u00df-saure Rezepte.","og_url":"https:\/\/www.csj-emballages.com\/de\/produit\/schachtel-2-1-von-griotte\/","og_site_name":"CSJ Emballages","article_publisher":"https:\/\/www.facebook.com\/csjemballages","article_modified_time":"2026-04-03T00:10:31+00:00","og_image":[{"width":800,"height":800,"url":"https:\/\/www.csj-emballages.com\/wp-content\/uploads\/2024\/05\/Griottes.webp","type":"image\/webp"}],"twitter_card":"summary_large_image","twitter_misc":{"Gesch\u00e4tzte Lesezeit":"2 Minuten"},"schema":{"@context":"https:\/\/schema.org","@graph":[{"@type":"WebPage","@id":"https:\/\/www.csj-emballages.com\/de\/produit\/schachtel-2-1-von-griotte\/","url":"https:\/\/www.csj-emballages.com\/de\/produit\/schachtel-2-1-von-griotte\/","name":"Sauerkirschen entsteint Konserviert Dose 2\/1","isPartOf":{"@id":"https:\/\/www.csj-emballages.com\/de\/#website"},"primaryImageOfPage":{"@id":"https:\/\/www.csj-emballages.com\/de\/produit\/schachtel-2-1-von-griotte\/#primaryimage"},"image":{"@id":"https:\/\/www.csj-emballages.com\/de\/produit\/schachtel-2-1-von-griotte\/#primaryimage"},"thumbnailUrl":"https:\/\/www.csj-emballages.com\/wp-content\/uploads\/2024\/05\/Griottes.webp","datePublished":"2024-05-22T09:13:24+00:00","dateModified":"2026-04-03T00:10:31+00:00","description":"Entsteinte, konservierte Sauerkirschen in 2\/1-Dose, gebrauchsfertig. Ideal f\u00fcr Geb\u00e4ck, Desserts oder s\u00fc\u00df-saure Rezepte.","breadcrumb":{"@id":"https:\/\/www.csj-emballages.com\/de\/produit\/schachtel-2-1-von-griotte\/#breadcrumb"},"inLanguage":"de","potentialAction":[{"@type":"ReadAction","target":["https:\/\/www.csj-emballages.com\/de\/produit\/schachtel-2-1-von-griotte\/"]}]},{"@type":"ImageObject","inLanguage":"de","@id":"https:\/\/www.csj-emballages.com\/de\/produit\/schachtel-2-1-von-griotte\/#primaryimage","url":"https:\/\/www.csj-emballages.com\/wp-content\/uploads\/2024\/05\/Griottes.webp","contentUrl":"https:\/\/www.csj-emballages.com\/wp-content\/uploads\/2024\/05\/Griottes.webp","width":800,"height":800,"caption":"Griottes\u00a0"},{"@type":"BreadcrumbList","@id":"https:\/\/www.csj-emballages.com\/de\/produit\/schachtel-2-1-von-griotte\/#breadcrumb","itemListElement":[{"@type":"ListItem","position":1,"name":"Accueil","item":"https:\/\/www.csj-emballages.com\/de\/universum-lebensmittelverpackungen\/"},{"@type":"ListItem","position":2,"name":"Shop","item":"https:\/\/www.csj-emballages.com\/shop\/"},{"@type":"ListItem","position":3,"name":"Sauerkirschen entsteint konserviert Schachtel 2\/1"}]},{"@type":"WebSite","@id":"https:\/\/www.csj-emballages.com\/de\/#website","url":"https:\/\/www.csj-emballages.com\/de\/","name":"CSJ Emballages","description":"","publisher":{"@id":"https:\/\/www.csj-emballages.com\/de\/#organization"},"potentialAction":[{"@type":"SearchAction","target":{"@type":"EntryPoint","urlTemplate":"https:\/\/www.csj-emballages.com\/de\/?s={search_term_string}"},"query-input":{"@type":"PropertyValueSpecification","valueRequired":true,"valueName":"search_term_string"}}],"inLanguage":"de"},{"@type":"Organization","@id":"https:\/\/www.csj-emballages.com\/de\/#Organization\/","name":"CSJ Emballages","url":"https:\/\/www.csj-emballages.com\/de\/","logo":{"@type":"ImageObject","inLanguage":"de","@id":"https:\/\/www.csj-emballages.com\/de\/#\/schema\/logo\/image\/","url":"https:\/\/www.csj-emballages.com\/wp-content\/uploads\/2023\/10\/logo_csj.webp","contentUrl":"https:\/\/www.csj-emballages.com\/wp-content\/uploads\/2023\/10\/logo_csj.webp","width":250,"height":95,"caption":"CSJ Emballages"},"image":{"@id":"https:\/\/www.csj-emballages.com\/de\/#\/schema\/logo\/image\/"},"sameAs":["https:\/\/www.facebook.com\/csjemballages"],"address":{"@type":"PostalAddress","streetAddress":"ZI La Lechere","addressLocality":"Patornay","postalCode":"39130","addressCountry":"FR"},"contactPoint":[{"@type":"ContactPoint","contactType":"Service client","telephone":"0384254272","email":"contact@csj-emballages.com"}]}]}},"df_price":11.72,"df_sale_price":"","df_regular_price":11.72,"df_image_link":"https:\/\/www.csj-emballages.com\/wp-content\/uploads\/2024\/05\/Griottes-300x300.webp","tiered_pricing_type":"fixed","tiered_pricing_fixed_rules":[],"tiered_pricing_percentage_rules":[],"tiered_pricing_minimum":1,"tiered_pricing_roles_data":[],"_links":{"self":[{"href":"https:\/\/www.csj-emballages.com\/de\/wp-json\/wp\/v2\/product\/16785","targetHints":{"allow":["GET"]}}],"collection":[{"href":"https:\/\/www.csj-emballages.com\/de\/wp-json\/wp\/v2\/product"}],"about":[{"href":"https:\/\/www.csj-emballages.com\/de\/wp-json\/wp\/v2\/types\/product"}],"wp:featuredmedia":[{"embeddable":true,"href":"https:\/\/www.csj-emballages.com\/de\/wp-json\/wp\/v2\/media\/230561"}],"wp:attachment":[{"href":"https:\/\/www.csj-emballages.com\/de\/wp-json\/wp\/v2\/media?parent=16785"}],"wp:term":[{"taxonomy":"product_brand","embeddable":true,"href":"https:\/\/www.csj-emballages.com\/de\/wp-json\/wp\/v2\/product_brand?post=16785"},{"taxonomy":"product_cat","embeddable":true,"href":"https:\/\/www.csj-emballages.com\/de\/wp-json\/wp\/v2\/product_cat?post=16785"},{"taxonomy":"product_tag","embeddable":true,"href":"https:\/\/www.csj-emballages.com\/de\/wp-json\/wp\/v2\/product_tag?post=16785"}],"curies":[{"name":"wp","href":"https:\/\/api.w.org\/{rel}","templated":true}]}}