{"id":16784,"date":"2024-05-22T11:13:18","date_gmt":"2024-05-22T09:13:18","guid":{"rendered":"https:\/\/u15jnbdpoq.preview.infomaniak.website\/produit\/schachtel-2-1-mirabelle-entsteint\/"},"modified":"2026-05-14T02:10:25","modified_gmt":"2026-05-14T00:10:25","slug":"schachtel-2-1-mirabelle-entsteint","status":"publish","type":"product","link":"https:\/\/www.csj-emballages.com\/de\/produit\/schachtel-2-1-mirabelle-entsteint\/","title":{"rendered":"Entsteinte Mirabellen, konserviert in Dose 2\/1"},"content":{"rendered":"<h2 class=\"p1\">Entsteinte Mirabellen<\/h2>\n<hr>\n<h3>Entdecken Sie unsere entsteinten Mirabellen, konserviert in Dose 2\/1.<\/h3>\n<p><!--more--><\/p>\n<div class=\"flex flex-grow flex-col max-w-full\">\n<div class=\"min-h-[20px] text-message flex flex-col items-start whitespace-pre-wrap break-words [.text-message+&amp;]:mt-5 juice:w-full juice:items-end overflow-x-auto gap-2\" dir=\"auto\" data-message-author-role=\"assistant\" data-message-id=\"579bfb50-fb6c-479d-a152-27ab4b509f37\">\n<div class=\"flex w-full flex-col gap-1 juice:empty:hidden juice:first:pt-[3px]\">\n<div class=\"markdown prose w-full break-words dark:prose-invert light\">\n<div class=\"flex-1 overflow-hidden\">\n<div class=\"react-scroll-to-bottom--css-ygaxm-79elbk h-full\">\n<div class=\"react-scroll-to-bottom--css-ygaxm-1n7m0yu\">\n<div class=\"flex flex-col text-sm\">\n<div class=\"w-full text-token-text-primary\" dir=\"auto\" data-testid=\"conversation-turn-3\" data-scroll-anchor=\"true\">\n<div class=\"py-2 juice:py-[18px] px-3 text-base md:px-4 m-auto md:px-5 lg:px-1 xl:px-5\">\n<div class=\"mx-auto flex flex-1 gap-3 text-base juice:gap-4 juice:md:gap-5 juice:lg:gap-6 md:max-w-3xl lg:max-w-[40rem] xl:max-w-[48rem]\">\n<div class=\"group\/conversation-turn relative flex w-full min-w-0 flex-col agent-turn\">\n<div class=\"flex-col gap-1 md:gap-3\">\n<div class=\"flex flex-grow flex-col max-w-full\">\n<div class=\"min-h-[20px] text-message flex flex-col items-start whitespace-pre-wrap break-words [.text-message+&amp;]:mt-5 juice:w-full juice:items-end overflow-x-auto gap-2\" dir=\"auto\" data-message-author-role=\"assistant\" data-message-id=\"cc8c8b89-e7cc-4334-9633-5926bce5a78c\">\n<div class=\"flex w-full flex-col gap-1 juice:empty:hidden juice:first:pt-[3px]\">\n<div class=\"markdown prose w-full break-words dark:prose-invert light\">\n<div class=\"flex flex-grow flex-col max-w-full\">\n<div class=\"min-h-[20px] text-message flex flex-col items-start whitespace-pre-wrap break-words [.text-message+&amp;]:mt-5 juice:w-full juice:items-end overflow-x-auto gap-2\" dir=\"auto\" data-message-author-role=\"assistant\" data-message-id=\"a5ad94cc-6796-4ad8-b325-83b721399f0a\">\n<div class=\"flex w-full flex-col gap-1 juice:empty:hidden juice:first:pt-[3px]\">\n<div class=\"markdown prose w-full break-words dark:prose-invert light\">\n<div class=\"flex flex-grow flex-col max-w-full\">\n<div class=\"min-h-[20px] text-message flex flex-col items-start whitespace-pre-wrap break-words [.text-message+&amp;]:mt-5 juice:w-full juice:items-end overflow-x-auto gap-2\" dir=\"auto\" data-message-author-role=\"assistant\" data-message-id=\"f22b6444-e23a-4e78-827a-fa8ff3877731\">\n<div class=\"flex w-full flex-col gap-1 juice:empty:hidden juice:first:pt-[3px]\">\n<div class=\"markdown prose w-full break-words dark:prose-invert light\">\n<div class=\"flex flex-grow flex-col max-w-full\">\n<div class=\"min-h-[20px] text-message flex flex-col items-start whitespace-pre-wrap break-words [.text-message+&amp;]:mt-5 juice:w-full juice:items-end overflow-x-auto gap-2\" dir=\"auto\" data-message-author-role=\"assistant\" data-message-id=\"ec402d76-ebcd-4cc4-a0c8-22820d3d0931\">\n<div class=\"flex w-full flex-col gap-1 juice:empty:hidden juice:first:pt-[3px]\">\n<div class=\"markdown prose w-full break-words dark:prose-invert light\">\n<div class=\"flex max-w-full flex-col flex-grow\">\n<div class=\"min-h-[20px] text-message flex w-full flex-col items-end gap-2 whitespace-pre-wrap break-words [.text-message+&amp;]:mt-5 overflow-x-auto\" dir=\"auto\" data-message-author-role=\"assistant\" data-message-id=\"af2e5938-0a81-4a5a-aa00-75811bcce1c3\">\n<div class=\"flex w-full flex-col gap-1 empty:hidden first:pt-[3px]\">\n<p data-start=\"254\" data-end=\"667\">Diese <strong data-start=\"258\" data-end=\"308\">entsteinten Mirabellen, konserviert in Dose 2\/1<\/strong>, sind eine einfache und effektive L\u00f6sung, um den Fruchtgeschmack das ganze Jahr \u00fcber zu genie\u00dfen. Bei voller Reife ausgew\u00e4hlt, bieten sie eine sch\u00f6ne goldene Farbe und eine zartschmelzende Textur, ideal f\u00fcr zahlreiche Zubereitungen. Die Tatsache, dass sie bereits entsteint sind, \u00e4ndert alles: Sie sparen Zeit in der K\u00fcche und k\u00f6nnen sich auf das Wesentliche konzentrieren \u2013 das Rezept.  <\/p>\n<p data-start=\"669\" data-end=\"1131\">Dank ihres gro\u00dfz\u00fcgigen Formats eignet sich diese <strong>2\/1 Dose<\/strong> perfekt f\u00fcr Gastronomieprofis, Konditoren, Caterer oder Gro\u00dfk\u00fcchen. Ob zum F\u00fcllen einer <strong>Tarte, zur Zubereitung eines hausgemachten Desserts, als Beilage zu einem s\u00fc\u00df-sauren Gericht oder zur Herstellung von Konfit\u00fcren<\/strong> \u2013 diese <strong>Mirabellen in Sirup<\/strong> lassen sich leicht in Ihren Alltag integrieren. Ihr Geschmack bleibt ausgewogen, weder zu s\u00fc\u00df noch zu fade, wodurch sie sowohl pur als auch weiterverarbeitet verwendet werden k\u00f6nnen.  <\/p>\n<p data-start=\"1133\" data-end=\"1428\">Dar\u00fcber hinaus gew\u00e4hrleistet ihre Konservierung in der <strong>Dose<\/strong> eine konstante Verf\u00fcgbarkeit, unabh\u00e4ngig von der Saison. Sie \u00f6ffnen, lassen bei Bedarf abtropfen, und schon ist es fertig. Kein Verlust, kein Sortieren, keine lange Vorbereitung. Das ist ein echter Komfort, besonders wenn die Mengen steigen oder die Zeit knapp wird.   <\/p>\n<p data-start=\"1430\" data-end=\"1682\">Zusammenfassend sind diese <strong>entsteinten Mirabellen in 2\/1 Dosen<\/strong> ein zuverl\u00e4ssiger Partner f\u00fcr all Ihre kulinarischen Kreationen. Sie bieten Best\u00e4ndigkeit, Praktikabilit\u00e4t und Geschmack und eignen sich sowohl f\u00fcr den professionellen Einsatz als auch f\u00fcr die Zubereitung gro\u00dfer Mengen. <\/p>\n<p data-start=\"1430\" data-end=\"1682\">\n<h4><!--more--><\/h4>\n<h4>Vorteile :<\/h4>\n<ul>\n<li data-start=\"1710\" data-end=\"1758\"><strong>Bereits entsteinte Mirabellen<\/strong>, gebrauchsfertig.<\/li>\n<li data-start=\"1761\" data-end=\"1806\"><strong>2\/1 Format<\/strong>, f\u00fcr den professionellen Einsatz geeignet.<\/li>\n<li data-start=\"1809\" data-end=\"1842\">Fruchtiger Geschmack und zartschmelzende Textur.<\/li>\n<li data-start=\"1845\" data-end=\"1893\">Vielseitige Verwendung in s\u00fc\u00dfen oder s\u00fc\u00df-sauren Gerichten.<\/li>\n<li data-start=\"1896\" data-end=\"1923\">Ganzj\u00e4hrig verf\u00fcgbar.<\/li>\n<\/ul>\n<div class=\"markdown prose w-full break-words dark:prose-invert light\">\n<p>&nbsp;<\/p>\n<p><!--more--><\/p>\n<div style=\"font-family: Roboto, sans-serif;\">\n<div style=\"font-family: Roboto, sans-serif;\">\n<div style=\"font-family: Roboto, sans-serif;\">\n<h4>Weitere Informationen :<\/h4>\n<ul>\n<li><strong>Verpackung<\/strong>: Schachtel 2\/1<\/li>\n<li><strong>Ma\u00dfe<\/strong>: 100 x 225 (\u00d8 x H in mm)<\/li>\n<li><strong>Fassungsverm\u00f6gen<\/strong>: 1700 ml<\/li>\n<li><strong>Abtropfgewicht<\/strong>: 935 g<\/li>\n<li><strong>Typ<\/strong>: Entsteint Konserviert<\/li>\n<\/ul>\n<\/div>\n<\/div>\n<\/div>\n<p>&nbsp;<\/p>\n<p><!--more--><\/p>\n<p data-start=\"935\" data-end=\"1162\"><a href=\"https:\/\/www.csj-emballages.com\/de\/categorie-produit\/lebensmittel\/lebensmittel-de\/trockenfruchte-sirup\/\">Sehen Sie sich den Rest unseres Sortiments an Fr\u00fcchten in Sirup an.<\/a><\/p>\n<\/div>\n<\/div>\n<\/div>\n<\/div>\n<\/div>\n<\/div>\n<\/div>\n<\/div>\n<\/div>\n<\/div>\n<\/div>\n<\/div>\n<\/div>\n<\/div>\n<\/div>\n<\/div>\n<\/div>\n<\/div>\n<\/div>\n<\/div>\n<\/div>\n<\/div>\n<\/div>\n<\/div>\n<\/div>\n<\/div>\n<\/div>\n<\/div>\n<\/div>\n<\/div>\n<\/div>\n<\/div>\n<\/div>\n","protected":false},"excerpt":{"rendered":"<p>Entsteinte Mirabellen Entdecken Sie unsere entsteinten Mirabellen, konserviert in Dose 2\/1.<\/p>\n","protected":false},"featured_media":260872,"template":"","meta":{"_acf_changed":false},"product_brand":[],"product_cat":[1144,1183,1194,5949],"product_tag":[],"class_list":{"0":"post-16784","1":"product","2":"type-product","3":"status-publish","4":"has-post-thumbnail","6":"product_cat-lebensmittel","7":"product_cat-lebensmittel-de","8":"product_cat-trockenfruchte-sirup","9":"product_cat-mirabelle-de","11":"first","12":"instock","13":"featured","14":"taxable","15":"shipping-taxable","16":"purchasable","17":"product-type-simple"},"acf":[],"yoast_head":"<!-- This site is optimized with the Yoast SEO Premium plugin v26.6 (Yoast SEO v26.6) - https:\/\/yoast.com\/wordpress\/plugins\/seo\/ -->\n<title>Entsteinte Mirabellen, konserviert in Dose 2\/1<\/title>\n<meta name=\"description\" content=\"Entsteinte Mirabellen, konserviert in Dose 2\/1, gebrauchsfertig. Professionelles Format, ideal f\u00fcr Patisserie, Gastronomie und hausgemachte Desserts.\" \/>\n<meta name=\"robots\" content=\"index, follow, max-snippet:-1, max-image-preview:large, max-video-preview:-1\" \/>\n<link rel=\"canonical\" href=\"https:\/\/www.csj-emballages.com\/de\/produit\/schachtel-2-1-mirabelle-entsteint\/\" \/>\n<meta property=\"og:locale\" content=\"de_DE\" \/>\n<meta property=\"og:type\" content=\"article\" \/>\n<meta property=\"og:title\" content=\"Entsteinte Mirabellen, konserviert in Dose 2\/1\" \/>\n<meta property=\"og:description\" content=\"Entsteinte Mirabellen, konserviert in Dose 2\/1, gebrauchsfertig. Professionelles Format, ideal f\u00fcr Patisserie, Gastronomie und hausgemachte Desserts.\" \/>\n<meta property=\"og:url\" content=\"https:\/\/www.csj-emballages.com\/de\/produit\/schachtel-2-1-mirabelle-entsteint\/\" \/>\n<meta property=\"og:site_name\" content=\"CSJ Emballages\" \/>\n<meta property=\"article:publisher\" content=\"https:\/\/www.facebook.com\/csjemballages\" \/>\n<meta property=\"article:modified_time\" content=\"2026-05-14T00:10:25+00:00\" \/>\n<meta property=\"og:image\" content=\"https:\/\/www.csj-emballages.com\/wp-content\/uploads\/2024\/05\/060012.webp\" \/>\n\t<meta property=\"og:image:width\" content=\"800\" \/>\n\t<meta property=\"og:image:height\" content=\"800\" \/>\n\t<meta property=\"og:image:type\" content=\"image\/webp\" \/>\n<meta name=\"twitter:card\" content=\"summary_large_image\" \/>\n<meta name=\"twitter:label1\" content=\"Gesch\u00e4tzte Lesezeit\" \/>\n\t<meta name=\"twitter:data1\" content=\"2 Minuten\" \/>\n<script type=\"application\/ld+json\" class=\"yoast-schema-graph\">{\"@context\":\"https:\/\/schema.org\",\"@graph\":[{\"@type\":\"WebPage\",\"@id\":\"https:\/\/www.csj-emballages.com\/de\/produit\/schachtel-2-1-mirabelle-entsteint\/\",\"url\":\"https:\/\/www.csj-emballages.com\/de\/produit\/schachtel-2-1-mirabelle-entsteint\/\",\"name\":\"Entsteinte Mirabellen, konserviert in Dose 2\/1\",\"isPartOf\":{\"@id\":\"https:\/\/www.csj-emballages.com\/de\/#website\"},\"primaryImageOfPage\":{\"@id\":\"https:\/\/www.csj-emballages.com\/de\/produit\/schachtel-2-1-mirabelle-entsteint\/#primaryimage\"},\"image\":{\"@id\":\"https:\/\/www.csj-emballages.com\/de\/produit\/schachtel-2-1-mirabelle-entsteint\/#primaryimage\"},\"thumbnailUrl\":\"https:\/\/www.csj-emballages.com\/wp-content\/uploads\/2024\/05\/060012.webp\",\"datePublished\":\"2024-05-22T09:13:18+00:00\",\"dateModified\":\"2026-05-14T00:10:25+00:00\",\"description\":\"Entsteinte Mirabellen, konserviert in Dose 2\/1, gebrauchsfertig. Professionelles Format, ideal f\u00fcr Patisserie, Gastronomie und hausgemachte Desserts.\",\"breadcrumb\":{\"@id\":\"https:\/\/www.csj-emballages.com\/de\/produit\/schachtel-2-1-mirabelle-entsteint\/#breadcrumb\"},\"inLanguage\":\"de\",\"potentialAction\":[{\"@type\":\"ReadAction\",\"target\":[\"https:\/\/www.csj-emballages.com\/de\/produit\/schachtel-2-1-mirabelle-entsteint\/\"]}]},{\"@type\":\"ImageObject\",\"inLanguage\":\"de\",\"@id\":\"https:\/\/www.csj-emballages.com\/de\/produit\/schachtel-2-1-mirabelle-entsteint\/#primaryimage\",\"url\":\"https:\/\/www.csj-emballages.com\/wp-content\/uploads\/2024\/05\/060012.webp\",\"contentUrl\":\"https:\/\/www.csj-emballages.com\/wp-content\/uploads\/2024\/05\/060012.webp\",\"width\":800,\"height\":800,\"caption\":\"Mirabelles d\u00e9noyaut\u00e9es\"},{\"@type\":\"BreadcrumbList\",\"@id\":\"https:\/\/www.csj-emballages.com\/de\/produit\/schachtel-2-1-mirabelle-entsteint\/#breadcrumb\",\"itemListElement\":[{\"@type\":\"ListItem\",\"position\":1,\"name\":\"Accueil\",\"item\":\"https:\/\/www.csj-emballages.com\/de\/universum-lebensmittelverpackungen\/\"},{\"@type\":\"ListItem\",\"position\":2,\"name\":\"Shop\",\"item\":\"https:\/\/www.csj-emballages.com\/shop\/\"},{\"@type\":\"ListItem\",\"position\":3,\"name\":\"Entsteinte Mirabellen, konserviert in Dose 2\/1\"}]},{\"@type\":\"WebSite\",\"@id\":\"https:\/\/www.csj-emballages.com\/de\/#website\",\"url\":\"https:\/\/www.csj-emballages.com\/de\/\",\"name\":\"CSJ Emballages\",\"description\":\"\",\"publisher\":{\"@id\":\"https:\/\/www.csj-emballages.com\/de\/#organization\"},\"potentialAction\":[{\"@type\":\"SearchAction\",\"target\":{\"@type\":\"EntryPoint\",\"urlTemplate\":\"https:\/\/www.csj-emballages.com\/de\/?s={search_term_string}\"},\"query-input\":{\"@type\":\"PropertyValueSpecification\",\"valueRequired\":true,\"valueName\":\"search_term_string\"}}],\"inLanguage\":\"de\"},{\"@type\":\"Organization\",\"@id\":\"https:\/\/www.csj-emballages.com\/de\/#Organization\/\",\"name\":\"CSJ Emballages\",\"url\":\"https:\/\/www.csj-emballages.com\/de\/\",\"logo\":{\"@type\":\"ImageObject\",\"inLanguage\":\"de\",\"@id\":\"https:\/\/www.csj-emballages.com\/de\/#\/schema\/logo\/image\/\",\"url\":\"https:\/\/www.csj-emballages.com\/wp-content\/uploads\/2023\/10\/logo_csj.webp\",\"contentUrl\":\"https:\/\/www.csj-emballages.com\/wp-content\/uploads\/2023\/10\/logo_csj.webp\",\"width\":250,\"height\":95,\"caption\":\"CSJ Emballages\"},\"image\":{\"@id\":\"https:\/\/www.csj-emballages.com\/de\/#\/schema\/logo\/image\/\"},\"sameAs\":[\"https:\/\/www.facebook.com\/csjemballages\"],\"address\":{\"@type\":\"PostalAddress\",\"streetAddress\":\"ZI La Lechere\",\"addressLocality\":\"Patornay\",\"postalCode\":\"39130\",\"addressCountry\":\"FR\"},\"contactPoint\":[{\"@type\":\"ContactPoint\",\"contactType\":\"Service client\",\"telephone\":\"0384254272\",\"email\":\"contact@csj-emballages.com\"}]}]}<\/script>\n<!-- \/ Yoast SEO Premium plugin. -->","yoast_head_json":{"title":"Entsteinte Mirabellen, konserviert in Dose 2\/1","description":"Entsteinte Mirabellen, konserviert in Dose 2\/1, gebrauchsfertig. Professionelles Format, ideal f\u00fcr Patisserie, Gastronomie und hausgemachte Desserts.","robots":{"index":"index","follow":"follow","max-snippet":"max-snippet:-1","max-image-preview":"max-image-preview:large","max-video-preview":"max-video-preview:-1"},"canonical":"https:\/\/www.csj-emballages.com\/de\/produit\/schachtel-2-1-mirabelle-entsteint\/","og_locale":"de_DE","og_type":"article","og_title":"Entsteinte Mirabellen, konserviert in Dose 2\/1","og_description":"Entsteinte Mirabellen, konserviert in Dose 2\/1, gebrauchsfertig. Professionelles Format, ideal f\u00fcr Patisserie, Gastronomie und hausgemachte Desserts.","og_url":"https:\/\/www.csj-emballages.com\/de\/produit\/schachtel-2-1-mirabelle-entsteint\/","og_site_name":"CSJ Emballages","article_publisher":"https:\/\/www.facebook.com\/csjemballages","article_modified_time":"2026-05-14T00:10:25+00:00","og_image":[{"width":800,"height":800,"url":"https:\/\/www.csj-emballages.com\/wp-content\/uploads\/2024\/05\/060012.webp","type":"image\/webp"}],"twitter_card":"summary_large_image","twitter_misc":{"Gesch\u00e4tzte Lesezeit":"2 Minuten"},"schema":{"@context":"https:\/\/schema.org","@graph":[{"@type":"WebPage","@id":"https:\/\/www.csj-emballages.com\/de\/produit\/schachtel-2-1-mirabelle-entsteint\/","url":"https:\/\/www.csj-emballages.com\/de\/produit\/schachtel-2-1-mirabelle-entsteint\/","name":"Entsteinte Mirabellen, konserviert in Dose 2\/1","isPartOf":{"@id":"https:\/\/www.csj-emballages.com\/de\/#website"},"primaryImageOfPage":{"@id":"https:\/\/www.csj-emballages.com\/de\/produit\/schachtel-2-1-mirabelle-entsteint\/#primaryimage"},"image":{"@id":"https:\/\/www.csj-emballages.com\/de\/produit\/schachtel-2-1-mirabelle-entsteint\/#primaryimage"},"thumbnailUrl":"https:\/\/www.csj-emballages.com\/wp-content\/uploads\/2024\/05\/060012.webp","datePublished":"2024-05-22T09:13:18+00:00","dateModified":"2026-05-14T00:10:25+00:00","description":"Entsteinte Mirabellen, konserviert in Dose 2\/1, gebrauchsfertig. Professionelles Format, ideal f\u00fcr Patisserie, Gastronomie und hausgemachte Desserts.","breadcrumb":{"@id":"https:\/\/www.csj-emballages.com\/de\/produit\/schachtel-2-1-mirabelle-entsteint\/#breadcrumb"},"inLanguage":"de","potentialAction":[{"@type":"ReadAction","target":["https:\/\/www.csj-emballages.com\/de\/produit\/schachtel-2-1-mirabelle-entsteint\/"]}]},{"@type":"ImageObject","inLanguage":"de","@id":"https:\/\/www.csj-emballages.com\/de\/produit\/schachtel-2-1-mirabelle-entsteint\/#primaryimage","url":"https:\/\/www.csj-emballages.com\/wp-content\/uploads\/2024\/05\/060012.webp","contentUrl":"https:\/\/www.csj-emballages.com\/wp-content\/uploads\/2024\/05\/060012.webp","width":800,"height":800,"caption":"Mirabelles d\u00e9noyaut\u00e9es"},{"@type":"BreadcrumbList","@id":"https:\/\/www.csj-emballages.com\/de\/produit\/schachtel-2-1-mirabelle-entsteint\/#breadcrumb","itemListElement":[{"@type":"ListItem","position":1,"name":"Accueil","item":"https:\/\/www.csj-emballages.com\/de\/universum-lebensmittelverpackungen\/"},{"@type":"ListItem","position":2,"name":"Shop","item":"https:\/\/www.csj-emballages.com\/shop\/"},{"@type":"ListItem","position":3,"name":"Entsteinte Mirabellen, konserviert in Dose 2\/1"}]},{"@type":"WebSite","@id":"https:\/\/www.csj-emballages.com\/de\/#website","url":"https:\/\/www.csj-emballages.com\/de\/","name":"CSJ Emballages","description":"","publisher":{"@id":"https:\/\/www.csj-emballages.com\/de\/#organization"},"potentialAction":[{"@type":"SearchAction","target":{"@type":"EntryPoint","urlTemplate":"https:\/\/www.csj-emballages.com\/de\/?s={search_term_string}"},"query-input":{"@type":"PropertyValueSpecification","valueRequired":true,"valueName":"search_term_string"}}],"inLanguage":"de"},{"@type":"Organization","@id":"https:\/\/www.csj-emballages.com\/de\/#Organization\/","name":"CSJ Emballages","url":"https:\/\/www.csj-emballages.com\/de\/","logo":{"@type":"ImageObject","inLanguage":"de","@id":"https:\/\/www.csj-emballages.com\/de\/#\/schema\/logo\/image\/","url":"https:\/\/www.csj-emballages.com\/wp-content\/uploads\/2023\/10\/logo_csj.webp","contentUrl":"https:\/\/www.csj-emballages.com\/wp-content\/uploads\/2023\/10\/logo_csj.webp","width":250,"height":95,"caption":"CSJ Emballages"},"image":{"@id":"https:\/\/www.csj-emballages.com\/de\/#\/schema\/logo\/image\/"},"sameAs":["https:\/\/www.facebook.com\/csjemballages"],"address":{"@type":"PostalAddress","streetAddress":"ZI La Lechere","addressLocality":"Patornay","postalCode":"39130","addressCountry":"FR"},"contactPoint":[{"@type":"ContactPoint","contactType":"Service client","telephone":"0384254272","email":"contact@csj-emballages.com"}]}]}},"df_price":7.21,"df_sale_price":"","df_regular_price":7.21,"df_image_link":"https:\/\/www.csj-emballages.com\/wp-content\/uploads\/2024\/05\/060012-300x300.webp","tiered_pricing_type":"fixed","tiered_pricing_fixed_rules":[],"tiered_pricing_percentage_rules":[],"tiered_pricing_minimum":1,"tiered_pricing_roles_data":[],"_links":{"self":[{"href":"https:\/\/www.csj-emballages.com\/de\/wp-json\/wp\/v2\/product\/16784","targetHints":{"allow":["GET"]}}],"collection":[{"href":"https:\/\/www.csj-emballages.com\/de\/wp-json\/wp\/v2\/product"}],"about":[{"href":"https:\/\/www.csj-emballages.com\/de\/wp-json\/wp\/v2\/types\/product"}],"wp:featuredmedia":[{"embeddable":true,"href":"https:\/\/www.csj-emballages.com\/de\/wp-json\/wp\/v2\/media\/260872"}],"wp:attachment":[{"href":"https:\/\/www.csj-emballages.com\/de\/wp-json\/wp\/v2\/media?parent=16784"}],"wp:term":[{"taxonomy":"product_brand","embeddable":true,"href":"https:\/\/www.csj-emballages.com\/de\/wp-json\/wp\/v2\/product_brand?post=16784"},{"taxonomy":"product_cat","embeddable":true,"href":"https:\/\/www.csj-emballages.com\/de\/wp-json\/wp\/v2\/product_cat?post=16784"},{"taxonomy":"product_tag","embeddable":true,"href":"https:\/\/www.csj-emballages.com\/de\/wp-json\/wp\/v2\/product_tag?post=16784"}],"curies":[{"name":"wp","href":"https:\/\/api.w.org\/{rel}","templated":true}]}}