{"id":16773,"date":"2024-05-22T11:17:37","date_gmt":"2024-05-22T09:17:37","guid":{"rendered":"https:\/\/u15jnbdpoq.preview.infomaniak.website\/produit\/1kg-walnusskerne-in-harlekin-invalide\/"},"modified":"2026-03-27T02:11:09","modified_gmt":"2026-03-27T01:11:09","slug":"1kg-walnusskerne-in-harlekin-invalide","status":"publish","type":"product","link":"https:\/\/www.csj-emballages.com\/de\/produit\/1kg-walnusskerne-in-harlekin-invalide\/","title":{"rendered":"Invalide Walnusskerne Harlekin 1kg"},"content":{"rendered":"<h2>Walnusskerne<\/h2>\n<hr>\n<h3>Beschreibung von Invalide Walnusskerne Harlekin 1kg<!--more--><\/h3>\n<p class=\"\" data-start=\"138\" data-end=\"725\">Diese <strong>Harlekin-Invaliden-Walnusskerne<\/strong> eignen sich sowohl f\u00fcr professionelle K\u00f6che als auch f\u00fcr leidenschaftliche B\u00e4cker und Selbstversorger. Sie stammen aus einer sorgf\u00e4ltigen Sortierung und werden als<strong>&#8222;Harlekin-Invalide<\/strong>&#8220; bezeichnet, weil sie nicht ganz, sondern in <strong>St\u00fccken<\/strong> vorliegen &#8211; was ihrem reichen und authentischen Geschmack keinen Abbruch tut, ganz im Gegenteil! Ihre <strong>dunkle<\/strong> Farbe zeugt von ihrer Frische und Qualit\u00e4t, und ihr <strong>gebrochenes<\/strong> Format macht sie ideal f\u00fcr die Zubereitung von Speisen: Nusskuchen, Salate, Brot, M\u00fcsli, Fertiggerichte oder sogar zum Knabbern.  <\/p>\n<p class=\"\" data-start=\"727\" data-end=\"1106\">In <strong>1-kg-Beuteln<\/strong> verpackt, sind sie gebrauchsfertig und praktisch aufzubewahren. Dieses g\u00fcnstige Format eignet sich besonders f\u00fcr B\u00e4cker, Caterer, Gastronomen oder Privatpersonen, die in gro\u00dfen Mengen kochen. Es ist eine clevere Alternative zu ganzen <strong>Kernen<\/strong>, vor allem, wenn die Optik nicht im Vordergrund steht, die Qualit\u00e4t aber sehr wichtig ist.  <\/p>\n<p class=\"\" data-start=\"1108\" data-end=\"1501\"><strong>Walnusskerne<\/strong> sind reich an unges\u00e4ttigten Fetts\u00e4uren und tragen zu einer ausgewogenen Ern\u00e4hrung bei. Au\u00dferdem verleihen sie all Ihren Kreationen Knackigkeit und K\u00f6stlichkeit. Ihr typischer Geschmack passt sowohl zu herzhaften als auch zu s\u00fc\u00dfen Gerichten. Dieses<strong>&#8222;ung\u00fcltige<\/strong>&#8220; Format erm\u00f6glicht es au\u00dferdem, die Verschwendung zu begrenzen und gleichzeitig die Kosten zu senken. Eine intelligente Option, um Sparsamkeit, Geschmack und Ern\u00e4hrung miteinander zu verbinden.    <\/p>\n<p><!--more--><\/p>\n<div class=\"flex flex-grow flex-col max-w-full\">\n<div class=\"min-h-[20px] text-message flex flex-col items-start whitespace-pre-wrap break-words [.text-message+&amp;]:mt-5 juice:w-full juice:items-end overflow-x-auto gap-2\" dir=\"auto\" data-message-author-role=\"assistant\" data-message-id=\"579bfb50-fb6c-479d-a152-27ab4b509f37\">\n<div class=\"flex w-full flex-col gap-1 juice:empty:hidden juice:first:pt-[3px]\">\n<div class=\"markdown prose w-full break-words dark:prose-invert light\">\n<h4><strong>Ihre Vorteile :<\/strong><\/h4>\n<ul>\n<li><strong>In St\u00fccken, gebrauchsfertig<\/strong>: spart Zeit in der K\u00fcche.<\/li>\n<li><strong>Sparsames 1-kg-Format<\/strong>: ideal f\u00fcr den professionellen oder h\u00e4uslichen Gebrauch.<\/li>\n<li>Perfekt zum Backen, f\u00fcr Salate, warme und kalte Speisen.<\/li>\n<\/ul>\n<\/div>\n<p>&nbsp;<\/p>\n<\/div>\n<\/div>\n<\/div>\n<div class=\"flex flex-grow flex-col max-w-full\">\n<div class=\"min-h-[20px] text-message flex flex-col items-start whitespace-pre-wrap break-words [.text-message+&amp;]:mt-5 juice:w-full juice:items-end overflow-x-auto gap-2\" dir=\"auto\" data-message-author-role=\"assistant\" data-message-id=\"579bfb50-fb6c-479d-a152-27ab4b509f37\">\n<div class=\"flex w-full flex-col gap-1 juice:empty:hidden juice:first:pt-[3px]\">\n<div class=\"markdown prose w-full break-words dark:prose-invert light\"><\/div>\n<\/div>\n<\/div>\n<\/div>\n<p><!--more--><\/p>\n<div class=\"flex flex-grow flex-col max-w-full\">\n<div class=\"min-h-[20px] text-message flex flex-col items-start whitespace-pre-wrap break-words [.text-message+&amp;]:mt-5 juice:w-full juice:items-end overflow-x-auto gap-2\" dir=\"auto\" data-message-author-role=\"assistant\" data-message-id=\"579bfb50-fb6c-479d-a152-27ab4b509f37\">\n<div class=\"flex w-full flex-col gap-1 juice:empty:hidden juice:first:pt-[3px]\">\n<div class=\"markdown prose w-full break-words dark:prose-invert light\">\n<h4>Weitere Informationen :<\/h4>\n<ul>\n<li><strong>Verpackung<\/strong>: Packung mit 1kg<\/li>\n<li><strong>Ung\u00fcltig:<\/strong> Teil einer enthornten H\u00e4lfte, der unterschiedlich gro\u00df sein kann.<\/li>\n<li><strong>Harlekin:<\/strong> dunkel strohfarbene bis hellbraune Walnusskerne<\/li>\n<\/ul>\n<\/div>\n<\/div>\n<\/div>\n<\/div>\n<div class=\"flex flex-grow flex-col max-w-full\">\n<div class=\"min-h-[20px] text-message flex flex-col items-start whitespace-pre-wrap break-words [.text-message+&amp;]:mt-5 juice:w-full juice:items-end overflow-x-auto gap-2\" dir=\"auto\" data-message-author-role=\"assistant\" data-message-id=\"579bfb50-fb6c-479d-a152-27ab4b509f37\">\n<div class=\"flex w-full flex-col gap-1 juice:empty:hidden juice:first:pt-[3px]\">\n<div class=\"markdown prose w-full break-words dark:prose-invert light\">\n<p>&nbsp;<\/p>\n<\/div>\n<\/div>\n<\/div>\n<\/div>\n<p><!--more--><\/p>\n<p>Hier finden Sie unsere Walnusskerne in heller Invalidit\u00e4t : <span style=\"color: #d12727\"><a style=\"color: #d12727\" href=\"https:\/\/www.csj-emballages.com\/es\/produit\/1kg-de-nueces-en-grano-light-invalid\/\">560010<\/a><\/span><\/p>\n<p>&nbsp;<\/p>\n<p><!--more--><\/p>\n<p>Hier finden Sie auch unsere gehackten Walnusskerne speziell f\u00fcr Brot: <span style=\"color: #d12727\"><a style=\"color: #d12727\" href=\"https:\/\/www.csj-emballages.com\/es\/produit\/1-kg-de-nueces-picadas-para-el-pan\/\">560002<\/a><\/span><\/p>\n<div class=\"flex flex-grow flex-col max-w-full\">\n<div class=\"min-h-[20px] text-message flex flex-col items-start whitespace-pre-wrap break-words [.text-message+&amp;]:mt-5 juice:w-full juice:items-end overflow-x-auto gap-2\" dir=\"auto\" data-message-author-role=\"assistant\" data-message-id=\"579bfb50-fb6c-479d-a152-27ab4b509f37\">\n<div class=\"flex w-full flex-col gap-1 juice:empty:hidden juice:first:pt-[3px]\">\n<div class=\"markdown prose w-full break-words dark:prose-invert light\">\n<p>&nbsp;<\/p>\n<\/div>\n<\/div>\n<\/div>\n<\/div>\n<p><!--more--><\/p>\n<p><a href=\"https:\/\/u15jnbdpoq.preview.infomaniak.website\/categorie-produit\/alimentation\/aliments\/fruits-secs-au-sirop\/fruits-secs\/\">Sehen Sie sich den Rest unseres Sortiments an Trockenfr\u00fcchten an.<\/a><\/p>\n","protected":false},"excerpt":{"rendered":"<p>Walnusskerne Beschreibung von Invalide Walnusskerne Harlekin 1kg<\/p>\n","protected":false},"featured_media":224357,"template":"","meta":{"_acf_changed":false},"product_brand":[],"product_cat":[1144,7623],"product_tag":[],"class_list":{"0":"post-16773","1":"product","2":"type-product","3":"status-publish","4":"has-post-thumbnail","6":"product_cat-lebensmittel","7":"product_cat-trockenfruechte","9":"first","10":"instock","11":"taxable","12":"shipping-taxable","13":"purchasable","14":"product-type-simple"},"acf":[],"yoast_head":"<!-- This site is optimized with the Yoast SEO Premium plugin v26.6 (Yoast SEO v26.6) - https:\/\/yoast.com\/wordpress\/plugins\/seo\/ -->\n<title>Walnusskerne in Invaliden Harlekin 1kg<\/title>\n<meta name=\"description\" content=\"Genie\u00dfen Sie unsere Walnusskerne in Harlekin-Invalidenform, ideal f\u00fcr Geb\u00e4ck, Salate oder gesunde Snacks. H\u00f6chste Qualit\u00e4t f\u00fcr einen Hauch von Gourmet.\" \/>\n<meta name=\"robots\" content=\"index, follow, max-snippet:-1, max-image-preview:large, max-video-preview:-1\" \/>\n<link rel=\"canonical\" href=\"https:\/\/www.csj-emballages.com\/de\/produit\/1kg-walnusskerne-in-harlekin-invalide\/\" \/>\n<meta property=\"og:locale\" content=\"de_DE\" \/>\n<meta property=\"og:type\" content=\"article\" \/>\n<meta property=\"og:title\" content=\"Invalide Walnusskerne Harlekin 1kg\" \/>\n<meta property=\"og:description\" content=\"Genie\u00dfen Sie unsere Walnusskerne in Harlekin-Invalidenform, ideal f\u00fcr Geb\u00e4ck, Salate oder gesunde Snacks. H\u00f6chste Qualit\u00e4t f\u00fcr einen Hauch von Gourmet.\" \/>\n<meta property=\"og:url\" content=\"https:\/\/www.csj-emballages.com\/de\/produit\/1kg-walnusskerne-in-harlekin-invalide\/\" \/>\n<meta property=\"og:site_name\" content=\"CSJ Emballages\" \/>\n<meta property=\"article:publisher\" content=\"https:\/\/www.facebook.com\/csjemballages\" \/>\n<meta property=\"article:modified_time\" content=\"2026-03-27T01:11:09+00:00\" \/>\n<meta property=\"og:image\" content=\"https:\/\/www.csj-emballages.com\/wp-content\/uploads\/2024\/05\/cerneaux-de-noix-invalide-arlequin.webp\" \/>\n\t<meta property=\"og:image:width\" content=\"800\" \/>\n\t<meta property=\"og:image:height\" content=\"800\" \/>\n\t<meta property=\"og:image:type\" content=\"image\/webp\" \/>\n<meta name=\"twitter:card\" content=\"summary_large_image\" \/>\n<meta name=\"twitter:label1\" content=\"Gesch\u00e4tzte Lesezeit\" \/>\n\t<meta name=\"twitter:data1\" content=\"2 Minuten\" \/>\n<script type=\"application\/ld+json\" class=\"yoast-schema-graph\">{\"@context\":\"https:\/\/schema.org\",\"@graph\":[{\"@type\":\"WebPage\",\"@id\":\"https:\/\/www.csj-emballages.com\/de\/produit\/1kg-walnusskerne-in-harlekin-invalide\/\",\"url\":\"https:\/\/www.csj-emballages.com\/de\/produit\/1kg-walnusskerne-in-harlekin-invalide\/\",\"name\":\"Walnusskerne in Invaliden Harlekin 1kg\",\"isPartOf\":{\"@id\":\"https:\/\/www.csj-emballages.com\/de\/#website\"},\"primaryImageOfPage\":{\"@id\":\"https:\/\/www.csj-emballages.com\/de\/produit\/1kg-walnusskerne-in-harlekin-invalide\/#primaryimage\"},\"image\":{\"@id\":\"https:\/\/www.csj-emballages.com\/de\/produit\/1kg-walnusskerne-in-harlekin-invalide\/#primaryimage\"},\"thumbnailUrl\":\"https:\/\/www.csj-emballages.com\/wp-content\/uploads\/2024\/05\/cerneaux-de-noix-invalide-arlequin.webp\",\"datePublished\":\"2024-05-22T09:17:37+00:00\",\"dateModified\":\"2026-03-27T01:11:09+00:00\",\"description\":\"Genie\u00dfen Sie unsere Walnusskerne in Harlekin-Invalidenform, ideal f\u00fcr Geb\u00e4ck, Salate oder gesunde Snacks. H\u00f6chste Qualit\u00e4t f\u00fcr einen Hauch von Gourmet.\",\"breadcrumb\":{\"@id\":\"https:\/\/www.csj-emballages.com\/de\/produit\/1kg-walnusskerne-in-harlekin-invalide\/#breadcrumb\"},\"inLanguage\":\"de\",\"potentialAction\":[{\"@type\":\"ReadAction\",\"target\":[\"https:\/\/www.csj-emballages.com\/de\/produit\/1kg-walnusskerne-in-harlekin-invalide\/\"]}]},{\"@type\":\"ImageObject\",\"inLanguage\":\"de\",\"@id\":\"https:\/\/www.csj-emballages.com\/de\/produit\/1kg-walnusskerne-in-harlekin-invalide\/#primaryimage\",\"url\":\"https:\/\/www.csj-emballages.com\/wp-content\/uploads\/2024\/05\/cerneaux-de-noix-invalide-arlequin.webp\",\"contentUrl\":\"https:\/\/www.csj-emballages.com\/wp-content\/uploads\/2024\/05\/cerneaux-de-noix-invalide-arlequin.webp\",\"width\":800,\"height\":800,\"caption\":\"Cerneaux de noix\"},{\"@type\":\"BreadcrumbList\",\"@id\":\"https:\/\/www.csj-emballages.com\/de\/produit\/1kg-walnusskerne-in-harlekin-invalide\/#breadcrumb\",\"itemListElement\":[{\"@type\":\"ListItem\",\"position\":1,\"name\":\"Accueil\",\"item\":\"https:\/\/www.csj-emballages.com\/de\/universum-lebensmittelverpackungen\/\"},{\"@type\":\"ListItem\",\"position\":2,\"name\":\"Shop\",\"item\":\"https:\/\/www.csj-emballages.com\/shop\/\"},{\"@type\":\"ListItem\",\"position\":3,\"name\":\"Invalide Walnusskerne Harlekin 1kg\"}]},{\"@type\":\"WebSite\",\"@id\":\"https:\/\/www.csj-emballages.com\/de\/#website\",\"url\":\"https:\/\/www.csj-emballages.com\/de\/\",\"name\":\"CSJ Emballages\",\"description\":\"\",\"publisher\":{\"@id\":\"https:\/\/www.csj-emballages.com\/de\/#organization\"},\"potentialAction\":[{\"@type\":\"SearchAction\",\"target\":{\"@type\":\"EntryPoint\",\"urlTemplate\":\"https:\/\/www.csj-emballages.com\/de\/?s={search_term_string}\"},\"query-input\":{\"@type\":\"PropertyValueSpecification\",\"valueRequired\":true,\"valueName\":\"search_term_string\"}}],\"inLanguage\":\"de\"},{\"@type\":\"Organization\",\"@id\":\"https:\/\/www.csj-emballages.com\/de\/#Organization\/\",\"name\":\"CSJ Emballages\",\"url\":\"https:\/\/www.csj-emballages.com\/de\/\",\"logo\":{\"@type\":\"ImageObject\",\"inLanguage\":\"de\",\"@id\":\"https:\/\/www.csj-emballages.com\/de\/#\/schema\/logo\/image\/\",\"url\":\"https:\/\/www.csj-emballages.com\/wp-content\/uploads\/2023\/10\/logo_csj.webp\",\"contentUrl\":\"https:\/\/www.csj-emballages.com\/wp-content\/uploads\/2023\/10\/logo_csj.webp\",\"width\":250,\"height\":95,\"caption\":\"CSJ Emballages\"},\"image\":{\"@id\":\"https:\/\/www.csj-emballages.com\/de\/#\/schema\/logo\/image\/\"},\"sameAs\":[\"https:\/\/www.facebook.com\/csjemballages\"],\"address\":{\"@type\":\"PostalAddress\",\"streetAddress\":\"ZI La Lechere\",\"addressLocality\":\"Patornay\",\"postalCode\":\"39130\",\"addressCountry\":\"FR\"},\"contactPoint\":[{\"@type\":\"ContactPoint\",\"contactType\":\"Service client\",\"telephone\":\"0384254272\",\"email\":\"contact@csj-emballages.com\"}]}]}<\/script>\n<!-- \/ Yoast SEO Premium plugin. -->","yoast_head_json":{"title":"Walnusskerne in Invaliden Harlekin 1kg","description":"Genie\u00dfen Sie unsere Walnusskerne in Harlekin-Invalidenform, ideal f\u00fcr Geb\u00e4ck, Salate oder gesunde Snacks. H\u00f6chste Qualit\u00e4t f\u00fcr einen Hauch von Gourmet.","robots":{"index":"index","follow":"follow","max-snippet":"max-snippet:-1","max-image-preview":"max-image-preview:large","max-video-preview":"max-video-preview:-1"},"canonical":"https:\/\/www.csj-emballages.com\/de\/produit\/1kg-walnusskerne-in-harlekin-invalide\/","og_locale":"de_DE","og_type":"article","og_title":"Invalide Walnusskerne Harlekin 1kg","og_description":"Genie\u00dfen Sie unsere Walnusskerne in Harlekin-Invalidenform, ideal f\u00fcr Geb\u00e4ck, Salate oder gesunde Snacks. H\u00f6chste Qualit\u00e4t f\u00fcr einen Hauch von Gourmet.","og_url":"https:\/\/www.csj-emballages.com\/de\/produit\/1kg-walnusskerne-in-harlekin-invalide\/","og_site_name":"CSJ Emballages","article_publisher":"https:\/\/www.facebook.com\/csjemballages","article_modified_time":"2026-03-27T01:11:09+00:00","og_image":[{"width":800,"height":800,"url":"https:\/\/www.csj-emballages.com\/wp-content\/uploads\/2024\/05\/cerneaux-de-noix-invalide-arlequin.webp","type":"image\/webp"}],"twitter_card":"summary_large_image","twitter_misc":{"Gesch\u00e4tzte Lesezeit":"2 Minuten"},"schema":{"@context":"https:\/\/schema.org","@graph":[{"@type":"WebPage","@id":"https:\/\/www.csj-emballages.com\/de\/produit\/1kg-walnusskerne-in-harlekin-invalide\/","url":"https:\/\/www.csj-emballages.com\/de\/produit\/1kg-walnusskerne-in-harlekin-invalide\/","name":"Walnusskerne in Invaliden Harlekin 1kg","isPartOf":{"@id":"https:\/\/www.csj-emballages.com\/de\/#website"},"primaryImageOfPage":{"@id":"https:\/\/www.csj-emballages.com\/de\/produit\/1kg-walnusskerne-in-harlekin-invalide\/#primaryimage"},"image":{"@id":"https:\/\/www.csj-emballages.com\/de\/produit\/1kg-walnusskerne-in-harlekin-invalide\/#primaryimage"},"thumbnailUrl":"https:\/\/www.csj-emballages.com\/wp-content\/uploads\/2024\/05\/cerneaux-de-noix-invalide-arlequin.webp","datePublished":"2024-05-22T09:17:37+00:00","dateModified":"2026-03-27T01:11:09+00:00","description":"Genie\u00dfen Sie unsere Walnusskerne in Harlekin-Invalidenform, ideal f\u00fcr Geb\u00e4ck, Salate oder gesunde Snacks. H\u00f6chste Qualit\u00e4t f\u00fcr einen Hauch von Gourmet.","breadcrumb":{"@id":"https:\/\/www.csj-emballages.com\/de\/produit\/1kg-walnusskerne-in-harlekin-invalide\/#breadcrumb"},"inLanguage":"de","potentialAction":[{"@type":"ReadAction","target":["https:\/\/www.csj-emballages.com\/de\/produit\/1kg-walnusskerne-in-harlekin-invalide\/"]}]},{"@type":"ImageObject","inLanguage":"de","@id":"https:\/\/www.csj-emballages.com\/de\/produit\/1kg-walnusskerne-in-harlekin-invalide\/#primaryimage","url":"https:\/\/www.csj-emballages.com\/wp-content\/uploads\/2024\/05\/cerneaux-de-noix-invalide-arlequin.webp","contentUrl":"https:\/\/www.csj-emballages.com\/wp-content\/uploads\/2024\/05\/cerneaux-de-noix-invalide-arlequin.webp","width":800,"height":800,"caption":"Cerneaux de noix"},{"@type":"BreadcrumbList","@id":"https:\/\/www.csj-emballages.com\/de\/produit\/1kg-walnusskerne-in-harlekin-invalide\/#breadcrumb","itemListElement":[{"@type":"ListItem","position":1,"name":"Accueil","item":"https:\/\/www.csj-emballages.com\/de\/universum-lebensmittelverpackungen\/"},{"@type":"ListItem","position":2,"name":"Shop","item":"https:\/\/www.csj-emballages.com\/shop\/"},{"@type":"ListItem","position":3,"name":"Invalide Walnusskerne Harlekin 1kg"}]},{"@type":"WebSite","@id":"https:\/\/www.csj-emballages.com\/de\/#website","url":"https:\/\/www.csj-emballages.com\/de\/","name":"CSJ Emballages","description":"","publisher":{"@id":"https:\/\/www.csj-emballages.com\/de\/#organization"},"potentialAction":[{"@type":"SearchAction","target":{"@type":"EntryPoint","urlTemplate":"https:\/\/www.csj-emballages.com\/de\/?s={search_term_string}"},"query-input":{"@type":"PropertyValueSpecification","valueRequired":true,"valueName":"search_term_string"}}],"inLanguage":"de"},{"@type":"Organization","@id":"https:\/\/www.csj-emballages.com\/de\/#Organization\/","name":"CSJ Emballages","url":"https:\/\/www.csj-emballages.com\/de\/","logo":{"@type":"ImageObject","inLanguage":"de","@id":"https:\/\/www.csj-emballages.com\/de\/#\/schema\/logo\/image\/","url":"https:\/\/www.csj-emballages.com\/wp-content\/uploads\/2023\/10\/logo_csj.webp","contentUrl":"https:\/\/www.csj-emballages.com\/wp-content\/uploads\/2023\/10\/logo_csj.webp","width":250,"height":95,"caption":"CSJ Emballages"},"image":{"@id":"https:\/\/www.csj-emballages.com\/de\/#\/schema\/logo\/image\/"},"sameAs":["https:\/\/www.facebook.com\/csjemballages"],"address":{"@type":"PostalAddress","streetAddress":"ZI La Lechere","addressLocality":"Patornay","postalCode":"39130","addressCountry":"FR"},"contactPoint":[{"@type":"ContactPoint","contactType":"Service client","telephone":"0384254272","email":"contact@csj-emballages.com"}]}]}},"df_price":10.05,"df_sale_price":"","df_regular_price":10.05,"df_image_link":"https:\/\/www.csj-emballages.com\/wp-content\/uploads\/2024\/05\/cerneaux-de-noix-invalide-arlequin-300x300.webp","tiered_pricing_type":"fixed","tiered_pricing_fixed_rules":[],"tiered_pricing_percentage_rules":[],"tiered_pricing_minimum":1,"tiered_pricing_roles_data":[],"_links":{"self":[{"href":"https:\/\/www.csj-emballages.com\/de\/wp-json\/wp\/v2\/product\/16773","targetHints":{"allow":["GET"]}}],"collection":[{"href":"https:\/\/www.csj-emballages.com\/de\/wp-json\/wp\/v2\/product"}],"about":[{"href":"https:\/\/www.csj-emballages.com\/de\/wp-json\/wp\/v2\/types\/product"}],"wp:featuredmedia":[{"embeddable":true,"href":"https:\/\/www.csj-emballages.com\/de\/wp-json\/wp\/v2\/media\/224357"}],"wp:attachment":[{"href":"https:\/\/www.csj-emballages.com\/de\/wp-json\/wp\/v2\/media?parent=16773"}],"wp:term":[{"taxonomy":"product_brand","embeddable":true,"href":"https:\/\/www.csj-emballages.com\/de\/wp-json\/wp\/v2\/product_brand?post=16773"},{"taxonomy":"product_cat","embeddable":true,"href":"https:\/\/www.csj-emballages.com\/de\/wp-json\/wp\/v2\/product_cat?post=16773"},{"taxonomy":"product_tag","embeddable":true,"href":"https:\/\/www.csj-emballages.com\/de\/wp-json\/wp\/v2\/product_tag?post=16773"}],"curies":[{"name":"wp","href":"https:\/\/api.w.org\/{rel}","templated":true}]}}