{"id":16771,"date":"2024-05-22T11:17:36","date_gmt":"2024-05-22T09:17:36","guid":{"rendered":"https:\/\/u15jnbdpoq.preview.infomaniak.website\/produit\/1kg-haselnusspulver-roh\/"},"modified":"2026-03-12T16:09:00","modified_gmt":"2026-03-12T15:09:00","slug":"1kg-haselnusspulver-roh","status":"publish","type":"product","link":"https:\/\/www.csj-emballages.com\/de\/produit\/1kg-haselnusspulver-roh\/","title":{"rendered":"Haselnusspulver, roh 1kg"},"content":{"rendered":"<h2>Haselnusspulver<\/h2>\n<hr>\n<h3>Beschreibung von unserem Haselnusspulver roh 1kg<\/h3>\n<p><!--more--><\/p>\n<div class=\"flex flex-grow flex-col max-w-full\">\n<div class=\"min-h-[20px] text-message flex flex-col items-start whitespace-pre-wrap break-words [.text-message+&amp;]:mt-5 juice:w-full juice:items-end overflow-x-auto gap-2\" dir=\"auto\" data-message-author-role=\"assistant\" data-message-id=\"579bfb50-fb6c-479d-a152-27ab4b509f37\">\n<div class=\"flex w-full flex-col gap-1 juice:empty:hidden juice:first:pt-[3px]\">\n<div class=\"markdown prose w-full break-words dark:prose-invert light\">\n<p class=\"\" data-start=\"166\" data-end=\"552\">Verleihen Sie Ihren Kreationen mit unserem <strong>rohen Haselnusspulver 1 kg<\/strong> ein authentisches Aroma und einen reichhaltigen Geschmack. Dieses <strong>Pulver<\/strong> wird aus sorgf\u00e4ltig ausgew\u00e4hlten <strong>Haseln\u00fcssen<\/strong> gewonnen, die ohne R\u00f6stung oder Zusatz gemahlen werden, um die volle Reinheit der Frucht zu bewahren. Keine Zusatzstoffe, keine \u00fcberfl\u00fcssige Behandlung: nur <strong>100 % nat\u00fcrliche Haseln\u00fcsse<\/strong> mit intensivem Duft und feiner Textur. Dieses Produkt ist besonders bei B\u00e4ckern, Konditoren, Feinkosth\u00e4ndlern und Geschmacksk\u00fcnstlern beliebt, eignet sich aber ebenso gut f\u00fcr Privatpersonen, die leidenschaftlich gerne selbst kochen. Ob f\u00fcr ein Finanzger\u00e4t, einen hausgemachten Brotaufstrich, eine Pralinenbasis oder ein knuspriges Topping, dieses <strong>Haselnusspulver<\/strong> verleiht all Ihren s\u00fc\u00dfen oder herzhaften Rezepten Cremigkeit, Aromenreichtum und Finesse.    <\/p>\n<p class=\"\" data-start=\"967\" data-end=\"1224\">Sein gro\u00dfz\u00fcgiges Format von <strong>1 kg<\/strong> ist ideal f\u00fcr den regelm\u00e4\u00dfigen Gebrauch, sowohl in der professionellen K\u00fcche als auch zu Hause. Es l\u00e4sst sich an einem trockenen, lichtgesch\u00fctzten Ort perfekt aufbewahren und beh\u00e4lt auch im Laufe der Zeit alle seine geschmacklichen Qualit\u00e4ten. <\/p>\n<p class=\"\" data-start=\"1226\" data-end=\"1432\">Mit diesem <strong>Rohpulver<\/strong> haben Sie die Freiheit, den Grad der R\u00f6stung oder des Zuckergehalts nach Belieben anzupassen. Es ist eine vielseitige, gesunde und schmackhafte Basis, die Ihre Kreationen auf nat\u00fcrliche Weise verfeinert. <\/p>\n<\/div>\n<\/div>\n<\/div>\n<\/div>\n<p>&nbsp;<\/p>\n<p><!--more--><\/p>\n<h4><strong>Seine Vorteile :<\/strong><\/h4>\n<ul>\n<li>100 % rohe Haselnuss, ohne Zusatz- und Konservierungsstoffe.<\/li>\n<li>Reiner und intensiver Haselnussgeschmack.<\/li>\n<li>Vielseitig einsetzbar: Geb\u00e4ck, So\u00dfen, F\u00fcllungen, Pralinen&#8230;<\/li>\n<li>Geeignet f\u00fcr Berufst\u00e4tige und Privatpersonen.<\/li>\n<li>Format von 1 kg<\/li>\n<\/ul>\n<p>&nbsp;<\/p>\n<p><!--more--><\/p>\n<h4>Weitere Informationen :<\/h4>\n<ul>\n<li><strong>Verpackung<\/strong>: Packung mit 1kg<\/li>\n<li><strong>Typ<\/strong>: Rohes Pulver<\/li>\n<\/ul>\n<p>&nbsp;<\/p>\n<p><!--more--><\/p>\n<p>Hier finden Sie unsere gesch\u00e4lten Haseln\u00fcsse : <span style=\"color: #d12727\"><a style=\"color: #d12727\" href=\"https:\/\/www.csj-emballages.com\/produit\/10x1kg-de-noisette-decortiquee-13-15-mm\/\">480005<\/a><\/span><\/p>\n<p>&nbsp;<\/p>\n<p><!--more--><\/p>\n<p><a href=\"https:\/\/u15jnbdpoq.preview.infomaniak.website\/categorie-produit\/alimentation\/aliments\/fruits-secs-au-sirop\/fruits-secs\/\">Sehen Sie sich den Rest unseres Sortiments an Trockenfr\u00fcchten an.<\/a><\/p>\n","protected":false},"excerpt":{"rendered":"<p>Haselnusspulver Beschreibung von unserem Haselnusspulver roh 1kg<\/p>\n","protected":false},"featured_media":224317,"template":"","meta":{"_acf_changed":false},"product_brand":[],"product_cat":[1144,7623],"product_tag":[],"class_list":{"0":"post-16771","1":"product","2":"type-product","3":"status-publish","4":"has-post-thumbnail","6":"product_cat-lebensmittel","7":"product_cat-trockenfruechte","9":"first","10":"instock","11":"taxable","12":"shipping-taxable","13":"purchasable","14":"product-type-simple"},"acf":[],"yoast_head":"<!-- This site is optimized with the Yoast SEO Premium plugin v26.6 (Yoast SEO v26.6) - https:\/\/yoast.com\/wordpress\/plugins\/seo\/ -->\n<title>Haselnusspulver Roh 1kg<\/title>\n<meta name=\"description\" content=\"Entdecken Sie unser Haselnusspulver Roh 1kg, perfekt f\u00fcr Makronen, Kuchen und raffinierte Rezepte. Feine Textur, 100 % rein und nat\u00fcrlich.\" \/>\n<meta name=\"robots\" content=\"index, follow, max-snippet:-1, max-image-preview:large, max-video-preview:-1\" \/>\n<link rel=\"canonical\" href=\"https:\/\/www.csj-emballages.com\/de\/produit\/1kg-haselnusspulver-roh\/\" \/>\n<meta property=\"og:locale\" content=\"de_DE\" \/>\n<meta property=\"og:type\" content=\"article\" \/>\n<meta property=\"og:title\" content=\"Haselnusspulver, roh 1kg\" \/>\n<meta property=\"og:description\" content=\"Entdecken Sie unser Haselnusspulver Roh 1kg, perfekt f\u00fcr Makronen, Kuchen und raffinierte Rezepte. Feine Textur, 100 % rein und nat\u00fcrlich.\" \/>\n<meta property=\"og:url\" content=\"https:\/\/www.csj-emballages.com\/de\/produit\/1kg-haselnusspulver-roh\/\" \/>\n<meta property=\"og:site_name\" content=\"CSJ Emballages\" \/>\n<meta property=\"article:publisher\" content=\"https:\/\/www.facebook.com\/csjemballages\" \/>\n<meta property=\"article:modified_time\" content=\"2026-03-12T15:09:00+00:00\" \/>\n<meta property=\"og:image\" content=\"https:\/\/www.csj-emballages.com\/wp-content\/uploads\/2024\/05\/noisette-poudre-brute.webp\" \/>\n\t<meta property=\"og:image:width\" content=\"801\" \/>\n\t<meta property=\"og:image:height\" content=\"801\" \/>\n\t<meta property=\"og:image:type\" content=\"image\/webp\" \/>\n<meta name=\"twitter:card\" content=\"summary_large_image\" \/>\n<meta name=\"twitter:label1\" content=\"Gesch\u00e4tzte Lesezeit\" \/>\n\t<meta name=\"twitter:data1\" content=\"1\u00a0Minute\" \/>\n<script type=\"application\/ld+json\" class=\"yoast-schema-graph\">{\"@context\":\"https:\/\/schema.org\",\"@graph\":[{\"@type\":\"WebPage\",\"@id\":\"https:\/\/www.csj-emballages.com\/de\/produit\/1kg-haselnusspulver-roh\/\",\"url\":\"https:\/\/www.csj-emballages.com\/de\/produit\/1kg-haselnusspulver-roh\/\",\"name\":\"Haselnusspulver Roh 1kg\",\"isPartOf\":{\"@id\":\"https:\/\/www.csj-emballages.com\/de\/#website\"},\"primaryImageOfPage\":{\"@id\":\"https:\/\/www.csj-emballages.com\/de\/produit\/1kg-haselnusspulver-roh\/#primaryimage\"},\"image\":{\"@id\":\"https:\/\/www.csj-emballages.com\/de\/produit\/1kg-haselnusspulver-roh\/#primaryimage\"},\"thumbnailUrl\":\"https:\/\/www.csj-emballages.com\/wp-content\/uploads\/2024\/05\/noisette-poudre-brute.webp\",\"datePublished\":\"2024-05-22T09:17:36+00:00\",\"dateModified\":\"2026-03-12T15:09:00+00:00\",\"description\":\"Entdecken Sie unser Haselnusspulver Roh 1kg, perfekt f\u00fcr Makronen, Kuchen und raffinierte Rezepte. Feine Textur, 100 % rein und nat\u00fcrlich.\",\"breadcrumb\":{\"@id\":\"https:\/\/www.csj-emballages.com\/de\/produit\/1kg-haselnusspulver-roh\/#breadcrumb\"},\"inLanguage\":\"de\",\"potentialAction\":[{\"@type\":\"ReadAction\",\"target\":[\"https:\/\/www.csj-emballages.com\/de\/produit\/1kg-haselnusspulver-roh\/\"]}]},{\"@type\":\"ImageObject\",\"inLanguage\":\"de\",\"@id\":\"https:\/\/www.csj-emballages.com\/de\/produit\/1kg-haselnusspulver-roh\/#primaryimage\",\"url\":\"https:\/\/www.csj-emballages.com\/wp-content\/uploads\/2024\/05\/noisette-poudre-brute.webp\",\"contentUrl\":\"https:\/\/www.csj-emballages.com\/wp-content\/uploads\/2024\/05\/noisette-poudre-brute.webp\",\"width\":801,\"height\":801,\"caption\":\"Poudre de noisette\"},{\"@type\":\"BreadcrumbList\",\"@id\":\"https:\/\/www.csj-emballages.com\/de\/produit\/1kg-haselnusspulver-roh\/#breadcrumb\",\"itemListElement\":[{\"@type\":\"ListItem\",\"position\":1,\"name\":\"Accueil\",\"item\":\"https:\/\/www.csj-emballages.com\/de\/universum-lebensmittelverpackungen\/\"},{\"@type\":\"ListItem\",\"position\":2,\"name\":\"Shop\",\"item\":\"https:\/\/www.csj-emballages.com\/shop\/\"},{\"@type\":\"ListItem\",\"position\":3,\"name\":\"Haselnusspulver, roh 1kg\"}]},{\"@type\":\"WebSite\",\"@id\":\"https:\/\/www.csj-emballages.com\/de\/#website\",\"url\":\"https:\/\/www.csj-emballages.com\/de\/\",\"name\":\"CSJ Emballages\",\"description\":\"\",\"publisher\":{\"@id\":\"https:\/\/www.csj-emballages.com\/de\/#organization\"},\"potentialAction\":[{\"@type\":\"SearchAction\",\"target\":{\"@type\":\"EntryPoint\",\"urlTemplate\":\"https:\/\/www.csj-emballages.com\/de\/?s={search_term_string}\"},\"query-input\":{\"@type\":\"PropertyValueSpecification\",\"valueRequired\":true,\"valueName\":\"search_term_string\"}}],\"inLanguage\":\"de\"},{\"@type\":\"Organization\",\"@id\":\"https:\/\/www.csj-emballages.com\/de\/#Organization\/\",\"name\":\"CSJ Emballages\",\"url\":\"https:\/\/www.csj-emballages.com\/de\/\",\"logo\":{\"@type\":\"ImageObject\",\"inLanguage\":\"de\",\"@id\":\"https:\/\/www.csj-emballages.com\/de\/#\/schema\/logo\/image\/\",\"url\":\"https:\/\/www.csj-emballages.com\/wp-content\/uploads\/2023\/10\/logo_csj.webp\",\"contentUrl\":\"https:\/\/www.csj-emballages.com\/wp-content\/uploads\/2023\/10\/logo_csj.webp\",\"width\":250,\"height\":95,\"caption\":\"CSJ Emballages\"},\"image\":{\"@id\":\"https:\/\/www.csj-emballages.com\/de\/#\/schema\/logo\/image\/\"},\"sameAs\":[\"https:\/\/www.facebook.com\/csjemballages\"],\"address\":{\"@type\":\"PostalAddress\",\"streetAddress\":\"ZI La Lechere\",\"addressLocality\":\"Patornay\",\"postalCode\":\"39130\",\"addressCountry\":\"FR\"},\"contactPoint\":[{\"@type\":\"ContactPoint\",\"contactType\":\"Service client\",\"telephone\":\"0384254272\",\"email\":\"contact@csj-emballages.com\"}]}]}<\/script>\n<!-- \/ Yoast SEO Premium plugin. -->","yoast_head_json":{"title":"Haselnusspulver Roh 1kg","description":"Entdecken Sie unser Haselnusspulver Roh 1kg, perfekt f\u00fcr Makronen, Kuchen und raffinierte Rezepte. Feine Textur, 100 % rein und nat\u00fcrlich.","robots":{"index":"index","follow":"follow","max-snippet":"max-snippet:-1","max-image-preview":"max-image-preview:large","max-video-preview":"max-video-preview:-1"},"canonical":"https:\/\/www.csj-emballages.com\/de\/produit\/1kg-haselnusspulver-roh\/","og_locale":"de_DE","og_type":"article","og_title":"Haselnusspulver, roh 1kg","og_description":"Entdecken Sie unser Haselnusspulver Roh 1kg, perfekt f\u00fcr Makronen, Kuchen und raffinierte Rezepte. Feine Textur, 100 % rein und nat\u00fcrlich.","og_url":"https:\/\/www.csj-emballages.com\/de\/produit\/1kg-haselnusspulver-roh\/","og_site_name":"CSJ Emballages","article_publisher":"https:\/\/www.facebook.com\/csjemballages","article_modified_time":"2026-03-12T15:09:00+00:00","og_image":[{"width":801,"height":801,"url":"https:\/\/www.csj-emballages.com\/wp-content\/uploads\/2024\/05\/noisette-poudre-brute.webp","type":"image\/webp"}],"twitter_card":"summary_large_image","twitter_misc":{"Gesch\u00e4tzte Lesezeit":"1\u00a0Minute"},"schema":{"@context":"https:\/\/schema.org","@graph":[{"@type":"WebPage","@id":"https:\/\/www.csj-emballages.com\/de\/produit\/1kg-haselnusspulver-roh\/","url":"https:\/\/www.csj-emballages.com\/de\/produit\/1kg-haselnusspulver-roh\/","name":"Haselnusspulver Roh 1kg","isPartOf":{"@id":"https:\/\/www.csj-emballages.com\/de\/#website"},"primaryImageOfPage":{"@id":"https:\/\/www.csj-emballages.com\/de\/produit\/1kg-haselnusspulver-roh\/#primaryimage"},"image":{"@id":"https:\/\/www.csj-emballages.com\/de\/produit\/1kg-haselnusspulver-roh\/#primaryimage"},"thumbnailUrl":"https:\/\/www.csj-emballages.com\/wp-content\/uploads\/2024\/05\/noisette-poudre-brute.webp","datePublished":"2024-05-22T09:17:36+00:00","dateModified":"2026-03-12T15:09:00+00:00","description":"Entdecken Sie unser Haselnusspulver Roh 1kg, perfekt f\u00fcr Makronen, Kuchen und raffinierte Rezepte. Feine Textur, 100 % rein und nat\u00fcrlich.","breadcrumb":{"@id":"https:\/\/www.csj-emballages.com\/de\/produit\/1kg-haselnusspulver-roh\/#breadcrumb"},"inLanguage":"de","potentialAction":[{"@type":"ReadAction","target":["https:\/\/www.csj-emballages.com\/de\/produit\/1kg-haselnusspulver-roh\/"]}]},{"@type":"ImageObject","inLanguage":"de","@id":"https:\/\/www.csj-emballages.com\/de\/produit\/1kg-haselnusspulver-roh\/#primaryimage","url":"https:\/\/www.csj-emballages.com\/wp-content\/uploads\/2024\/05\/noisette-poudre-brute.webp","contentUrl":"https:\/\/www.csj-emballages.com\/wp-content\/uploads\/2024\/05\/noisette-poudre-brute.webp","width":801,"height":801,"caption":"Poudre de noisette"},{"@type":"BreadcrumbList","@id":"https:\/\/www.csj-emballages.com\/de\/produit\/1kg-haselnusspulver-roh\/#breadcrumb","itemListElement":[{"@type":"ListItem","position":1,"name":"Accueil","item":"https:\/\/www.csj-emballages.com\/de\/universum-lebensmittelverpackungen\/"},{"@type":"ListItem","position":2,"name":"Shop","item":"https:\/\/www.csj-emballages.com\/shop\/"},{"@type":"ListItem","position":3,"name":"Haselnusspulver, roh 1kg"}]},{"@type":"WebSite","@id":"https:\/\/www.csj-emballages.com\/de\/#website","url":"https:\/\/www.csj-emballages.com\/de\/","name":"CSJ Emballages","description":"","publisher":{"@id":"https:\/\/www.csj-emballages.com\/de\/#organization"},"potentialAction":[{"@type":"SearchAction","target":{"@type":"EntryPoint","urlTemplate":"https:\/\/www.csj-emballages.com\/de\/?s={search_term_string}"},"query-input":{"@type":"PropertyValueSpecification","valueRequired":true,"valueName":"search_term_string"}}],"inLanguage":"de"},{"@type":"Organization","@id":"https:\/\/www.csj-emballages.com\/de\/#Organization\/","name":"CSJ Emballages","url":"https:\/\/www.csj-emballages.com\/de\/","logo":{"@type":"ImageObject","inLanguage":"de","@id":"https:\/\/www.csj-emballages.com\/de\/#\/schema\/logo\/image\/","url":"https:\/\/www.csj-emballages.com\/wp-content\/uploads\/2023\/10\/logo_csj.webp","contentUrl":"https:\/\/www.csj-emballages.com\/wp-content\/uploads\/2023\/10\/logo_csj.webp","width":250,"height":95,"caption":"CSJ Emballages"},"image":{"@id":"https:\/\/www.csj-emballages.com\/de\/#\/schema\/logo\/image\/"},"sameAs":["https:\/\/www.facebook.com\/csjemballages"],"address":{"@type":"PostalAddress","streetAddress":"ZI La Lechere","addressLocality":"Patornay","postalCode":"39130","addressCountry":"FR"},"contactPoint":[{"@type":"ContactPoint","contactType":"Service client","telephone":"0384254272","email":"contact@csj-emballages.com"}]}]}},"df_price":22.88,"df_sale_price":"","df_regular_price":22.88,"df_image_link":"https:\/\/www.csj-emballages.com\/wp-content\/uploads\/2024\/05\/noisette-poudre-brute-300x300.webp","tiered_pricing_type":"fixed","tiered_pricing_fixed_rules":[],"tiered_pricing_percentage_rules":[],"tiered_pricing_minimum":1,"tiered_pricing_roles_data":[],"_links":{"self":[{"href":"https:\/\/www.csj-emballages.com\/de\/wp-json\/wp\/v2\/product\/16771","targetHints":{"allow":["GET"]}}],"collection":[{"href":"https:\/\/www.csj-emballages.com\/de\/wp-json\/wp\/v2\/product"}],"about":[{"href":"https:\/\/www.csj-emballages.com\/de\/wp-json\/wp\/v2\/types\/product"}],"wp:featuredmedia":[{"embeddable":true,"href":"https:\/\/www.csj-emballages.com\/de\/wp-json\/wp\/v2\/media\/224317"}],"wp:attachment":[{"href":"https:\/\/www.csj-emballages.com\/de\/wp-json\/wp\/v2\/media?parent=16771"}],"wp:term":[{"taxonomy":"product_brand","embeddable":true,"href":"https:\/\/www.csj-emballages.com\/de\/wp-json\/wp\/v2\/product_brand?post=16771"},{"taxonomy":"product_cat","embeddable":true,"href":"https:\/\/www.csj-emballages.com\/de\/wp-json\/wp\/v2\/product_cat?post=16771"},{"taxonomy":"product_tag","embeddable":true,"href":"https:\/\/www.csj-emballages.com\/de\/wp-json\/wp\/v2\/product_tag?post=16771"}],"curies":[{"name":"wp","href":"https:\/\/api.w.org\/{rel}","templated":true}]}}