{"id":16730,"date":"2024-05-22T11:17:40","date_gmt":"2024-05-22T09:17:40","guid":{"rendered":"https:\/\/u15jnbdpoq.preview.infomaniak.website\/produit\/1kg-gehackte-walnusskerne-speziell-fuer-brot\/"},"modified":"2026-03-12T16:09:05","modified_gmt":"2026-03-12T15:09:05","slug":"1kg-gehackte-walnusskerne-speziell-fuer-brot","status":"publish","type":"product","link":"https:\/\/www.csj-emballages.com\/de\/produit\/1kg-gehackte-walnusskerne-speziell-fuer-brot\/","title":{"rendered":"Gehackte Walnusskerne Spezialbrot 1kg"},"content":{"rendered":"<h2>Walnusskerne<\/h2>\n<hr>\n<h3>Beschreibung von Walnusskerne gehackt Spezial Brot 1kg<\/h3>\n<h3><!--more--><\/h3>\n<p class=\"\" data-start=\"181\" data-end=\"483\">Diese <strong>gehackten Walnusskerne<\/strong> sind ideal f\u00fcr Ihre Backmischungen. Sie wurden sorgf\u00e4ltig nach ihrer Qualit\u00e4t und ihrem gleichm\u00e4\u00dfigen Schnitt ausgew\u00e4hlt. Sie sind gebrauchsfertig und lassen sich perfekt in den Teig einarbeiten, ohne dessen Textur zu ver\u00e4ndern, und verleihen ihm eine knackige und schmackhafte Note. Diese <strong>N\u00fcsse<\/strong> sind speziell f\u00fcr den professionellen Gebrauch vorbereitet: Sie sind weder zu fett noch zu fein, wodurch sie beim Backen besser halten und eine sch\u00f6ne Verteilung in der Krume erm\u00f6glichen. Ebenso garantiert Ihnen dieses Produkt ein konstantes Ergebnis mit dem richtigen Gleichgewicht zwischen Geschmack, Textur und Optik, egal ob Sie Handwerksb\u00e4cker, Gastronom oder einfach ein Liebhaber von selbstgebackenem Brot sind.   <\/p>\n<p class=\"\" data-start=\"898\" data-end=\"1325\">Perfekt geeignet f\u00fcr die Herstellung von <strong>Nussbroten<\/strong>, aber auch f\u00fcr andere Kreationen wie Spezialbrote, rustikales Geb\u00e4ck oder Brioches mit Trockenfr\u00fcchten. Diese <strong>gehackten Walnusskerne speziell f\u00fcr Brot<\/strong> verleihen Ihren Rezepten nicht nur Knusprigkeit, sondern auch einen echten Mehrwert. Ihre nat\u00fcrliche leichte R\u00f6stung entfaltet einen authentischen, holzigen Geschmack, der von Liebhabern handwerklicher Produkte sehr gesch\u00e4tzt wird.  <\/p>\n<p class=\"\" data-start=\"1327\" data-end=\"1498\">Bewahren Sie sie an einem trockenen Ort auf, um ihre Frische zu bewahren. Zusammenfassend l\u00e4sst sich sagen, dass sie als s\u00fc\u00dfe oder salzige Variante den Unterschied in Ihren anspruchsvollsten Zubereitungen ausmachen werden. <\/p>\n<p data-start=\"1327\" data-end=\"1498\">\n<p><!--more--><\/p>\n<div class=\"flex flex-grow flex-col max-w-full\">\n<div class=\"min-h-[20px] text-message flex flex-col items-start whitespace-pre-wrap break-words [.text-message+&amp;]:mt-5 juice:w-full juice:items-end overflow-x-auto gap-2\" dir=\"auto\" data-message-author-role=\"assistant\" data-message-id=\"579bfb50-fb6c-479d-a152-27ab4b509f37\">\n<div class=\"flex w-full flex-col gap-1 juice:empty:hidden juice:first:pt-[3px]\">\n<div class=\"markdown prose w-full break-words dark:prose-invert light\">\n<h4><strong>Ihre Vorteile :<\/strong><\/h4>\n<ul>\n<li>Profi-Qualit\u00e4t, speziell f\u00fcr den Einsatz in der B\u00e4ckerei kalibriert.<\/li>\n<li>Ausgezeichnete Backeigenschaften, ohne den Teig fettig zu machen.<\/li>\n<li>Intensiver nussiger Geschmack, ohne Bitterkeit.<\/li>\n<li>Unsere Walnusskerne sind ideal f\u00fcr Brot, Geb\u00e4ck und s\u00fc\u00df-saure Rezepte.<\/li>\n<li>Sparsames 1-kg-Format, das f\u00fcr den regelm\u00e4\u00dfigen Gebrauch geeignet ist.<\/li>\n<\/ul>\n<\/div>\n<\/div>\n<\/div>\n<\/div>\n<div class=\"flex flex-grow flex-col max-w-full\">\n<div class=\"min-h-[20px] text-message flex flex-col items-start whitespace-pre-wrap break-words [.text-message+&amp;]:mt-5 juice:w-full juice:items-end overflow-x-auto gap-2\" dir=\"auto\" data-message-author-role=\"assistant\" data-message-id=\"579bfb50-fb6c-479d-a152-27ab4b509f37\">\n<div class=\"flex w-full flex-col gap-1 juice:empty:hidden juice:first:pt-[3px]\">\n<div class=\"markdown prose w-full break-words dark:prose-invert light\"><\/div>\n<\/div>\n<\/div>\n<\/div>\n<p><!--more--><\/p>\n<div class=\"flex flex-grow flex-col max-w-full\">\n<div class=\"min-h-[20px] text-message flex flex-col items-start whitespace-pre-wrap break-words [.text-message+&amp;]:mt-5 juice:w-full juice:items-end overflow-x-auto gap-2\" dir=\"auto\" data-message-author-role=\"assistant\" data-message-id=\"579bfb50-fb6c-479d-a152-27ab4b509f37\">\n<div class=\"flex w-full flex-col gap-1 juice:empty:hidden juice:first:pt-[3px]\">\n<div class=\"markdown prose w-full break-words dark:prose-invert light\">\n<h4>Weitere Informationen :<\/h4>\n<ul>\n<li><strong>Verpackung<\/strong>: Packung mit 1kg<\/li>\n<\/ul>\n<\/div>\n<\/div>\n<\/div>\n<\/div>\n<div class=\"flex flex-grow flex-col max-w-full\">\n<div class=\"min-h-[20px] text-message flex flex-col items-start whitespace-pre-wrap break-words [.text-message+&amp;]:mt-5 juice:w-full juice:items-end overflow-x-auto gap-2\" dir=\"auto\" data-message-author-role=\"assistant\" data-message-id=\"579bfb50-fb6c-479d-a152-27ab4b509f37\">\n<div class=\"flex w-full flex-col gap-1 juice:empty:hidden juice:first:pt-[3px]\">\n<div class=\"markdown prose w-full break-words dark:prose-invert light\">\n<p>&nbsp;<\/p>\n<\/div>\n<\/div>\n<\/div>\n<\/div>\n<p><!--more--><\/p>\n<p>Hier finden Sie unsere verschiedenen Walnusskerne :<span style=\"color: #d12727;\"><span style=\"color: #d12727;\"> <a style=\"color: #d12727;\" href=\"https:\/\/www.csj-emballages.com\/es\/produit\/1kg-de-nueces-en-grano-light-invalid\/\">Invalide hell<\/a><\/span> <span style=\"color: #000000;\">\/<\/span> <span style=\"color: #d12727;\"><a style=\"color: #d12727;\" href=\"https:\/\/www.csj-emballages.com\/es\/produit\/1-kg-de-nueces-en-grano-harlequin\/\">Invalide Harlekin<\/a><\/span><\/span><\/p>\n<p>&nbsp;<\/p>\n<div class=\"flex flex-grow flex-col max-w-full\">\n<div class=\"min-h-[20px] text-message flex flex-col items-start whitespace-pre-wrap break-words [.text-message+&amp;]:mt-5 juice:w-full juice:items-end overflow-x-auto gap-2\" dir=\"auto\" data-message-author-role=\"assistant\" data-message-id=\"579bfb50-fb6c-479d-a152-27ab4b509f37\">\n<div class=\"flex w-full flex-col gap-1 juice:empty:hidden juice:first:pt-[3px]\">\n<div class=\"markdown prose w-full break-words dark:prose-invert light\">\n<p>&nbsp;<\/p>\n<\/div>\n<\/div>\n<\/div>\n<\/div>\n<p><!--more--><\/p>\n<p><a href=\"https:\/\/u15jnbdpoq.preview.infomaniak.website\/categorie-produit\/alimentation\/aliments\/fruits-secs-au-sirop\/fruits-secs\/\">Sehen Sie sich den Rest unseres Sortiments an Trockenfr\u00fcchten an.<\/a><\/p>\n","protected":false},"excerpt":{"rendered":"<p>Walnusskerne Beschreibung von Walnusskerne gehackt Spezial Brot 1kg<\/p>\n","protected":false},"featured_media":224350,"template":"","meta":{"_acf_changed":false},"product_brand":[],"product_cat":[1144,7623],"product_tag":[],"class_list":{"0":"post-16730","1":"product","2":"type-product","3":"status-publish","4":"has-post-thumbnail","6":"product_cat-lebensmittel","7":"product_cat-trockenfruechte","9":"first","10":"instock","11":"taxable","12":"shipping-taxable","13":"purchasable","14":"product-type-simple"},"acf":[],"yoast_head":"<!-- This site is optimized with the Yoast SEO Premium plugin v26.6 (Yoast SEO v26.6) - https:\/\/yoast.com\/wordpress\/plugins\/seo\/ -->\n<title>Gehackte Walnusskerne Spezialbrot 1kg<\/title>\n<meta name=\"description\" content=\"Verleihen Sie Ihrem Brot mit unseren gehackten Walnusskernen einen knusprigen Geschmack. Sie sind reich an Geschmack und N\u00e4hrstoffen und verfeinern Ihre Backrezepte.\" \/>\n<meta name=\"robots\" content=\"index, follow, max-snippet:-1, max-image-preview:large, max-video-preview:-1\" \/>\n<link rel=\"canonical\" href=\"https:\/\/www.csj-emballages.com\/de\/produit\/1kg-gehackte-walnusskerne-speziell-fuer-brot\/\" \/>\n<meta property=\"og:locale\" content=\"de_DE\" \/>\n<meta property=\"og:type\" content=\"article\" \/>\n<meta property=\"og:title\" content=\"Gehackte Walnusskerne Spezialbrot 1kg\" \/>\n<meta property=\"og:description\" content=\"Verleihen Sie Ihrem Brot mit unseren gehackten Walnusskernen einen knusprigen Geschmack. Sie sind reich an Geschmack und N\u00e4hrstoffen und verfeinern Ihre Backrezepte.\" \/>\n<meta property=\"og:url\" content=\"https:\/\/www.csj-emballages.com\/de\/produit\/1kg-gehackte-walnusskerne-speziell-fuer-brot\/\" \/>\n<meta property=\"og:site_name\" content=\"CSJ Emballages\" \/>\n<meta property=\"article:publisher\" content=\"https:\/\/www.facebook.com\/csjemballages\" \/>\n<meta property=\"article:modified_time\" content=\"2026-03-12T15:09:05+00:00\" \/>\n<meta property=\"og:image\" content=\"https:\/\/www.csj-emballages.com\/wp-content\/uploads\/2024\/05\/cerneaux-de-noix-hache.webp\" \/>\n\t<meta property=\"og:image:width\" content=\"800\" \/>\n\t<meta property=\"og:image:height\" content=\"800\" \/>\n\t<meta property=\"og:image:type\" content=\"image\/webp\" \/>\n<meta name=\"twitter:card\" content=\"summary_large_image\" \/>\n<meta name=\"twitter:label1\" content=\"Gesch\u00e4tzte Lesezeit\" \/>\n\t<meta name=\"twitter:data1\" content=\"2 Minuten\" \/>\n<script type=\"application\/ld+json\" class=\"yoast-schema-graph\">{\"@context\":\"https:\/\/schema.org\",\"@graph\":[{\"@type\":\"WebPage\",\"@id\":\"https:\/\/www.csj-emballages.com\/de\/produit\/1kg-gehackte-walnusskerne-speziell-fuer-brot\/\",\"url\":\"https:\/\/www.csj-emballages.com\/de\/produit\/1kg-gehackte-walnusskerne-speziell-fuer-brot\/\",\"name\":\"Gehackte Walnusskerne Spezialbrot 1kg\",\"isPartOf\":{\"@id\":\"https:\/\/www.csj-emballages.com\/de\/#website\"},\"primaryImageOfPage\":{\"@id\":\"https:\/\/www.csj-emballages.com\/de\/produit\/1kg-gehackte-walnusskerne-speziell-fuer-brot\/#primaryimage\"},\"image\":{\"@id\":\"https:\/\/www.csj-emballages.com\/de\/produit\/1kg-gehackte-walnusskerne-speziell-fuer-brot\/#primaryimage\"},\"thumbnailUrl\":\"https:\/\/www.csj-emballages.com\/wp-content\/uploads\/2024\/05\/cerneaux-de-noix-hache.webp\",\"datePublished\":\"2024-05-22T09:17:40+00:00\",\"dateModified\":\"2026-03-12T15:09:05+00:00\",\"description\":\"Verleihen Sie Ihrem Brot mit unseren gehackten Walnusskernen einen knusprigen Geschmack. Sie sind reich an Geschmack und N\u00e4hrstoffen und verfeinern Ihre Backrezepte.\",\"breadcrumb\":{\"@id\":\"https:\/\/www.csj-emballages.com\/de\/produit\/1kg-gehackte-walnusskerne-speziell-fuer-brot\/#breadcrumb\"},\"inLanguage\":\"de\",\"potentialAction\":[{\"@type\":\"ReadAction\",\"target\":[\"https:\/\/www.csj-emballages.com\/de\/produit\/1kg-gehackte-walnusskerne-speziell-fuer-brot\/\"]}]},{\"@type\":\"ImageObject\",\"inLanguage\":\"de\",\"@id\":\"https:\/\/www.csj-emballages.com\/de\/produit\/1kg-gehackte-walnusskerne-speziell-fuer-brot\/#primaryimage\",\"url\":\"https:\/\/www.csj-emballages.com\/wp-content\/uploads\/2024\/05\/cerneaux-de-noix-hache.webp\",\"contentUrl\":\"https:\/\/www.csj-emballages.com\/wp-content\/uploads\/2024\/05\/cerneaux-de-noix-hache.webp\",\"width\":800,\"height\":800,\"caption\":\"Cerneaux de noix hach\u00e9s\"},{\"@type\":\"BreadcrumbList\",\"@id\":\"https:\/\/www.csj-emballages.com\/de\/produit\/1kg-gehackte-walnusskerne-speziell-fuer-brot\/#breadcrumb\",\"itemListElement\":[{\"@type\":\"ListItem\",\"position\":1,\"name\":\"Accueil\",\"item\":\"https:\/\/www.csj-emballages.com\/de\/universum-lebensmittelverpackungen\/\"},{\"@type\":\"ListItem\",\"position\":2,\"name\":\"Shop\",\"item\":\"https:\/\/www.csj-emballages.com\/shop\/\"},{\"@type\":\"ListItem\",\"position\":3,\"name\":\"Gehackte Walnusskerne Spezialbrot 1kg\"}]},{\"@type\":\"WebSite\",\"@id\":\"https:\/\/www.csj-emballages.com\/de\/#website\",\"url\":\"https:\/\/www.csj-emballages.com\/de\/\",\"name\":\"CSJ Emballages\",\"description\":\"\",\"publisher\":{\"@id\":\"https:\/\/www.csj-emballages.com\/de\/#organization\"},\"potentialAction\":[{\"@type\":\"SearchAction\",\"target\":{\"@type\":\"EntryPoint\",\"urlTemplate\":\"https:\/\/www.csj-emballages.com\/de\/?s={search_term_string}\"},\"query-input\":{\"@type\":\"PropertyValueSpecification\",\"valueRequired\":true,\"valueName\":\"search_term_string\"}}],\"inLanguage\":\"de\"},{\"@type\":\"Organization\",\"@id\":\"https:\/\/www.csj-emballages.com\/de\/#Organization\/\",\"name\":\"CSJ Emballages\",\"url\":\"https:\/\/www.csj-emballages.com\/de\/\",\"logo\":{\"@type\":\"ImageObject\",\"inLanguage\":\"de\",\"@id\":\"https:\/\/www.csj-emballages.com\/de\/#\/schema\/logo\/image\/\",\"url\":\"https:\/\/www.csj-emballages.com\/wp-content\/uploads\/2023\/10\/logo_csj.webp\",\"contentUrl\":\"https:\/\/www.csj-emballages.com\/wp-content\/uploads\/2023\/10\/logo_csj.webp\",\"width\":250,\"height\":95,\"caption\":\"CSJ Emballages\"},\"image\":{\"@id\":\"https:\/\/www.csj-emballages.com\/de\/#\/schema\/logo\/image\/\"},\"sameAs\":[\"https:\/\/www.facebook.com\/csjemballages\"],\"address\":{\"@type\":\"PostalAddress\",\"streetAddress\":\"ZI La Lechere\",\"addressLocality\":\"Patornay\",\"postalCode\":\"39130\",\"addressCountry\":\"FR\"},\"contactPoint\":[{\"@type\":\"ContactPoint\",\"contactType\":\"Service client\",\"telephone\":\"0384254272\",\"email\":\"contact@csj-emballages.com\"}]}]}<\/script>\n<!-- \/ Yoast SEO Premium plugin. -->","yoast_head_json":{"title":"Gehackte Walnusskerne Spezialbrot 1kg","description":"Verleihen Sie Ihrem Brot mit unseren gehackten Walnusskernen einen knusprigen Geschmack. Sie sind reich an Geschmack und N\u00e4hrstoffen und verfeinern Ihre Backrezepte.","robots":{"index":"index","follow":"follow","max-snippet":"max-snippet:-1","max-image-preview":"max-image-preview:large","max-video-preview":"max-video-preview:-1"},"canonical":"https:\/\/www.csj-emballages.com\/de\/produit\/1kg-gehackte-walnusskerne-speziell-fuer-brot\/","og_locale":"de_DE","og_type":"article","og_title":"Gehackte Walnusskerne Spezialbrot 1kg","og_description":"Verleihen Sie Ihrem Brot mit unseren gehackten Walnusskernen einen knusprigen Geschmack. Sie sind reich an Geschmack und N\u00e4hrstoffen und verfeinern Ihre Backrezepte.","og_url":"https:\/\/www.csj-emballages.com\/de\/produit\/1kg-gehackte-walnusskerne-speziell-fuer-brot\/","og_site_name":"CSJ Emballages","article_publisher":"https:\/\/www.facebook.com\/csjemballages","article_modified_time":"2026-03-12T15:09:05+00:00","og_image":[{"width":800,"height":800,"url":"https:\/\/www.csj-emballages.com\/wp-content\/uploads\/2024\/05\/cerneaux-de-noix-hache.webp","type":"image\/webp"}],"twitter_card":"summary_large_image","twitter_misc":{"Gesch\u00e4tzte Lesezeit":"2 Minuten"},"schema":{"@context":"https:\/\/schema.org","@graph":[{"@type":"WebPage","@id":"https:\/\/www.csj-emballages.com\/de\/produit\/1kg-gehackte-walnusskerne-speziell-fuer-brot\/","url":"https:\/\/www.csj-emballages.com\/de\/produit\/1kg-gehackte-walnusskerne-speziell-fuer-brot\/","name":"Gehackte Walnusskerne Spezialbrot 1kg","isPartOf":{"@id":"https:\/\/www.csj-emballages.com\/de\/#website"},"primaryImageOfPage":{"@id":"https:\/\/www.csj-emballages.com\/de\/produit\/1kg-gehackte-walnusskerne-speziell-fuer-brot\/#primaryimage"},"image":{"@id":"https:\/\/www.csj-emballages.com\/de\/produit\/1kg-gehackte-walnusskerne-speziell-fuer-brot\/#primaryimage"},"thumbnailUrl":"https:\/\/www.csj-emballages.com\/wp-content\/uploads\/2024\/05\/cerneaux-de-noix-hache.webp","datePublished":"2024-05-22T09:17:40+00:00","dateModified":"2026-03-12T15:09:05+00:00","description":"Verleihen Sie Ihrem Brot mit unseren gehackten Walnusskernen einen knusprigen Geschmack. Sie sind reich an Geschmack und N\u00e4hrstoffen und verfeinern Ihre Backrezepte.","breadcrumb":{"@id":"https:\/\/www.csj-emballages.com\/de\/produit\/1kg-gehackte-walnusskerne-speziell-fuer-brot\/#breadcrumb"},"inLanguage":"de","potentialAction":[{"@type":"ReadAction","target":["https:\/\/www.csj-emballages.com\/de\/produit\/1kg-gehackte-walnusskerne-speziell-fuer-brot\/"]}]},{"@type":"ImageObject","inLanguage":"de","@id":"https:\/\/www.csj-emballages.com\/de\/produit\/1kg-gehackte-walnusskerne-speziell-fuer-brot\/#primaryimage","url":"https:\/\/www.csj-emballages.com\/wp-content\/uploads\/2024\/05\/cerneaux-de-noix-hache.webp","contentUrl":"https:\/\/www.csj-emballages.com\/wp-content\/uploads\/2024\/05\/cerneaux-de-noix-hache.webp","width":800,"height":800,"caption":"Cerneaux de noix hach\u00e9s"},{"@type":"BreadcrumbList","@id":"https:\/\/www.csj-emballages.com\/de\/produit\/1kg-gehackte-walnusskerne-speziell-fuer-brot\/#breadcrumb","itemListElement":[{"@type":"ListItem","position":1,"name":"Accueil","item":"https:\/\/www.csj-emballages.com\/de\/universum-lebensmittelverpackungen\/"},{"@type":"ListItem","position":2,"name":"Shop","item":"https:\/\/www.csj-emballages.com\/shop\/"},{"@type":"ListItem","position":3,"name":"Gehackte Walnusskerne Spezialbrot 1kg"}]},{"@type":"WebSite","@id":"https:\/\/www.csj-emballages.com\/de\/#website","url":"https:\/\/www.csj-emballages.com\/de\/","name":"CSJ Emballages","description":"","publisher":{"@id":"https:\/\/www.csj-emballages.com\/de\/#organization"},"potentialAction":[{"@type":"SearchAction","target":{"@type":"EntryPoint","urlTemplate":"https:\/\/www.csj-emballages.com\/de\/?s={search_term_string}"},"query-input":{"@type":"PropertyValueSpecification","valueRequired":true,"valueName":"search_term_string"}}],"inLanguage":"de"},{"@type":"Organization","@id":"https:\/\/www.csj-emballages.com\/de\/#Organization\/","name":"CSJ Emballages","url":"https:\/\/www.csj-emballages.com\/de\/","logo":{"@type":"ImageObject","inLanguage":"de","@id":"https:\/\/www.csj-emballages.com\/de\/#\/schema\/logo\/image\/","url":"https:\/\/www.csj-emballages.com\/wp-content\/uploads\/2023\/10\/logo_csj.webp","contentUrl":"https:\/\/www.csj-emballages.com\/wp-content\/uploads\/2023\/10\/logo_csj.webp","width":250,"height":95,"caption":"CSJ Emballages"},"image":{"@id":"https:\/\/www.csj-emballages.com\/de\/#\/schema\/logo\/image\/"},"sameAs":["https:\/\/www.facebook.com\/csjemballages"],"address":{"@type":"PostalAddress","streetAddress":"ZI La Lechere","addressLocality":"Patornay","postalCode":"39130","addressCountry":"FR"},"contactPoint":[{"@type":"ContactPoint","contactType":"Service client","telephone":"0384254272","email":"contact@csj-emballages.com"}]}]}},"df_price":8.16,"df_sale_price":"","df_regular_price":8.16,"df_image_link":"https:\/\/www.csj-emballages.com\/wp-content\/uploads\/2024\/05\/cerneaux-de-noix-hache-300x300.webp","tiered_pricing_type":"fixed","tiered_pricing_fixed_rules":[],"tiered_pricing_percentage_rules":[],"tiered_pricing_minimum":1,"tiered_pricing_roles_data":[],"_links":{"self":[{"href":"https:\/\/www.csj-emballages.com\/de\/wp-json\/wp\/v2\/product\/16730","targetHints":{"allow":["GET"]}}],"collection":[{"href":"https:\/\/www.csj-emballages.com\/de\/wp-json\/wp\/v2\/product"}],"about":[{"href":"https:\/\/www.csj-emballages.com\/de\/wp-json\/wp\/v2\/types\/product"}],"wp:featuredmedia":[{"embeddable":true,"href":"https:\/\/www.csj-emballages.com\/de\/wp-json\/wp\/v2\/media\/224350"}],"wp:attachment":[{"href":"https:\/\/www.csj-emballages.com\/de\/wp-json\/wp\/v2\/media?parent=16730"}],"wp:term":[{"taxonomy":"product_brand","embeddable":true,"href":"https:\/\/www.csj-emballages.com\/de\/wp-json\/wp\/v2\/product_brand?post=16730"},{"taxonomy":"product_cat","embeddable":true,"href":"https:\/\/www.csj-emballages.com\/de\/wp-json\/wp\/v2\/product_cat?post=16730"},{"taxonomy":"product_tag","embeddable":true,"href":"https:\/\/www.csj-emballages.com\/de\/wp-json\/wp\/v2\/product_tag?post=16730"}],"curies":[{"name":"wp","href":"https:\/\/api.w.org\/{rel}","templated":true}]}}