{"id":16724,"date":"2024-05-24T10:49:11","date_gmt":"2024-05-24T08:49:11","guid":{"rendered":"https:\/\/u15jnbdpoq.preview.infomaniak.website\/produit\/4-4-dose-600g-thunfisch-listao-in-stuecken-natuerlich\/"},"modified":"2026-04-28T02:11:21","modified_gmt":"2026-04-28T00:11:21","slug":"4-4-dose-600g-thunfisch-listao-in-stuecken-natuerlich","status":"publish","type":"product","link":"https:\/\/www.csj-emballages.com\/de\/produit\/4-4-dose-600g-thunfisch-listao-in-stuecken-natuerlich\/","title":{"rendered":"Listao-Thunfischst\u00fccke in eigenem Saft, 600g in 4\/4 Dose"},"content":{"rendered":"<h2>Listao-Thunfisch<\/h2>\n<hr>\n<h3>Entdecken Sie unseren Listao-Thunfisch in St\u00fccken in eigenem Saft, 600g in 4\/4 Dose<\/h3>\n<p><!--more--><\/p>\n<div class=\"flex flex-grow flex-col max-w-full\">\n<div class=\"min-h-[20px] text-message flex flex-col items-start whitespace-pre-wrap break-words [.text-message+&amp;]:mt-5 juice:w-full juice:items-end overflow-x-auto gap-2\" dir=\"auto\" data-message-author-role=\"assistant\" data-message-id=\"579bfb50-fb6c-479d-a152-27ab4b509f37\">\n<div class=\"flex w-full flex-col gap-1 juice:empty:hidden juice:first:pt-[3px]\">\n<div class=\"markdown prose w-full break-words dark:prose-invert light\">\n<div class=\"flex-1 overflow-hidden\">\n<div class=\"react-scroll-to-bottom--css-ygaxm-79elbk h-full\">\n<div class=\"react-scroll-to-bottom--css-ygaxm-1n7m0yu\">\n<div class=\"flex flex-col text-sm\">\n<div class=\"w-full text-token-text-primary\" dir=\"auto\" data-testid=\"conversation-turn-3\" data-scroll-anchor=\"true\">\n<div class=\"py-2 juice:py-[18px] px-3 text-base md:px-4 m-auto md:px-5 lg:px-1 xl:px-5\">\n<div class=\"mx-auto flex flex-1 gap-3 text-base juice:gap-4 juice:md:gap-5 juice:lg:gap-6 md:max-w-3xl lg:max-w-[40rem] xl:max-w-[48rem]\">\n<div class=\"group\/conversation-turn relative flex w-full min-w-0 flex-col agent-turn\">\n<div class=\"flex-col gap-1 md:gap-3\">\n<div class=\"flex flex-grow flex-col max-w-full\">\n<div class=\"min-h-[20px] text-message flex flex-col items-start whitespace-pre-wrap break-words [.text-message+&amp;]:mt-5 juice:w-full juice:items-end overflow-x-auto gap-2\" dir=\"auto\" data-message-author-role=\"assistant\" data-message-id=\"cc8c8b89-e7cc-4334-9633-5926bce5a78c\">\n<div class=\"flex w-full flex-col gap-1 juice:empty:hidden juice:first:pt-[3px]\">\n<div class=\"markdown prose w-full break-words dark:prose-invert light\">\n<div class=\"flex flex-grow flex-col max-w-full\">\n<div class=\"min-h-[20px] text-message flex flex-col items-start whitespace-pre-wrap break-words [.text-message+&amp;]:mt-5 juice:w-full juice:items-end overflow-x-auto gap-2\" dir=\"auto\" data-message-author-role=\"assistant\" data-message-id=\"a5ad94cc-6796-4ad8-b325-83b721399f0a\">\n<div class=\"flex w-full flex-col gap-1 juice:empty:hidden juice:first:pt-[3px]\">\n<div class=\"markdown prose w-full break-words dark:prose-invert light\">\n<div class=\"flex flex-grow flex-col max-w-full\">\n<div class=\"min-h-[20px] text-message flex flex-col items-start whitespace-pre-wrap break-words [.text-message+&amp;]:mt-5 juice:w-full juice:items-end overflow-x-auto gap-2\" dir=\"auto\" data-message-author-role=\"assistant\" data-message-id=\"f22b6444-e23a-4e78-827a-fa8ff3877731\">\n<div class=\"flex w-full flex-col gap-1 juice:empty:hidden juice:first:pt-[3px]\">\n<div class=\"markdown prose w-full break-words dark:prose-invert light\">\n<div class=\"flex flex-grow flex-col max-w-full\">\n<div class=\"min-h-[20px] text-message flex flex-col items-start whitespace-pre-wrap break-words [.text-message+&amp;]:mt-5 juice:w-full juice:items-end overflow-x-auto gap-2\" dir=\"auto\" data-message-author-role=\"assistant\" data-message-id=\"ec402d76-ebcd-4cc4-a0c8-22820d3d0931\">\n<div class=\"flex w-full flex-col gap-1 juice:empty:hidden juice:first:pt-[3px]\">\n<div class=\"markdown prose w-full break-words dark:prose-invert light\">\n<p data-start=\"272\" data-end=\"638\">Dieser <strong>Listao-Thunfisch in St\u00fccken in eigenem Saft<\/strong> ist eine sichere Wahl f\u00fcr K\u00fcchen, die Einfachheit, Geschmack und Konsistenz suchen. Pr\u00e4sentiert in einer <strong data-start=\"418\" data-end=\"440\">4\/4 Dose mit 600 g<\/strong>, bietet er eine gute Menge gut geformter St\u00fccke, die leicht zu verarbeiten und angenehm zu servieren sind. Schon beim \u00d6ffnen zeigt sich eine feste, aber zarte Textur, ideal f\u00fcr zahlreiche Zubereitungen.  <\/p>\n<p data-start=\"640\" data-end=\"1026\">In eigenem Saft konserviert, bewahrt dieser <strong>Thunfisch<\/strong> seinen vollen Geschmack, ohne von \u00fcberfl\u00fcssigen Zutaten \u00fcberdeckt zu werden. Dies erm\u00f6glicht die Verwendung sowohl pur als auch in aufwendigeren Rezepten. Er passt perfekt in <strong>gemischte Salate, Sandwiches, Wraps, kalte Gerichte<\/strong> oder auch warme Zubereitungen wie <strong>Quiches, Pasta oder Catering-Gerichte<\/strong>.  <\/p>\n<p data-start=\"1028\" data-end=\"1377\">Dank seines gro\u00dfz\u00fcgigen Formats eignet es sich hervorragend f\u00fcr <strong data-start=\"1086\" data-end=\"1123\">Gastronomieprofis<\/strong>, Gro\u00dfk\u00fcchen, Caterer oder Zentralk\u00fcchen. Sie sparen Zeit in der K\u00fcche und bewahren dabei eine gleichbleibende Qualit\u00e4t von einem Service zum n\u00e4chsten. Zudem l\u00f6sen sich die St\u00fccke leicht ab, was das Anrichten vereinfacht und Verluste minimiert.<\/p>\n<p data-start=\"1379\" data-end=\"1613\">Zusammenfassend ist dieser <strong>Listao-Thunfisch<\/strong> in eigenem Saft ein vielseitiges, praktisches und zuverl\u00e4ssiges Produkt, konzipiert f\u00fcr den t\u00e4glichen Gebrauch. Er passt sich allen Speisekarten und W\u00fcnschen an, wobei Sie die Freiheit haben, ihn nach Ihrem Stil zu w\u00fcrzen. <\/p>\n<\/div>\n<\/div>\n<\/div>\n<\/div>\n<\/div>\n<\/div>\n<\/div>\n<\/div>\n<\/div>\n<\/div>\n<\/div>\n<\/div>\n<\/div>\n<\/div>\n<\/div>\n<\/div>\n<\/div>\n<\/div>\n<\/div>\n<\/div>\n<\/div>\n<\/div>\n<\/div>\n<\/div>\n<\/div>\n<\/div>\n<\/div>\n<\/div>\n<\/div>\n<p>&nbsp;<\/p>\n<p><!--more--><\/p>\n<h4>Vorteile :<\/h4>\n<ul>\n<li data-start=\"1641\" data-end=\"1687\"><strong>St\u00fccke<\/strong> gut geformt und leicht zu verarbeiten.<\/li>\n<li data-start=\"1690\" data-end=\"1723\"><strong>Nat\u00fcrlicher Geschmack<\/strong>, ohne \u00fcbersch\u00fcssiges Salz.<\/li>\n<li data-start=\"1726\" data-end=\"1766\"><strong>Format 600 g<\/strong>, f\u00fcr Profis geeignet.<\/li>\n<li data-start=\"1769\" data-end=\"1799\">Warme oder kalte Verwendung.<\/li>\n<li data-start=\"1802\" data-end=\"1850\">Vielseitiges Produkt f\u00fcr zahlreiche Rezepte.<\/li>\n<\/ul>\n<p>&nbsp;<\/p>\n<p><!--more--><\/p>\n<h4>Weitere Informationen:<\/h4>\n<ul>\n<li><strong>Verpackung<\/strong>: Schachtel 4\/4<\/li>\n<li><strong>Abtropfgewicht<\/strong>: 600 g<\/li>\n<\/ul>\n<p>&nbsp;<\/p>\n<p><!--more--><\/p>\n<p><a href=\"https:\/\/u15jnbdpoq.preview.infomaniak.website\/categorie-produit\/alimentation\/aliments\/thon\/\">Sehen Sie sich den Rest unseres Thunfischsortiments an.<\/a><\/p>\n","protected":false},"excerpt":{"rendered":"<p>Listao-Thunfisch Entdecken Sie unseren Listao-Thunfisch in St\u00fccken in eigenem Saft, 600g in 4\/4 Dose<\/p>\n","protected":false},"featured_media":260678,"template":"","meta":{"_acf_changed":false},"product_brand":[],"product_cat":[1144,1183,1187],"product_tag":[],"class_list":{"0":"post-16724","1":"product","2":"type-product","3":"status-publish","4":"has-post-thumbnail","6":"product_cat-lebensmittel","7":"product_cat-lebensmittel-de","8":"product_cat-thunfisch","10":"first","11":"instock","12":"taxable","13":"shipping-taxable","14":"purchasable","15":"product-type-simple"},"acf":[],"yoast_head":"<!-- This site is optimized with the Yoast SEO Premium plugin v26.6 (Yoast SEO v26.6) - https:\/\/yoast.com\/wordpress\/plugins\/seo\/ -->\n<title>Thunfisch Listao in St\u00fccken auf nat\u00fcrliche Weise \/ CSJ Verpackungen<\/title>\n<meta name=\"description\" content=\"Listao-Thunfischst\u00fccke in eigenem Saft, 600 g in 4\/4 Dose. Feste Textur, nat\u00fcrlicher Geschmack und ideales Format f\u00fcr Gastronomie und Catering-Zubereitungen.\" \/>\n<meta name=\"robots\" content=\"index, follow, max-snippet:-1, max-image-preview:large, max-video-preview:-1\" \/>\n<link rel=\"canonical\" href=\"https:\/\/www.csj-emballages.com\/de\/produit\/4-4-dose-600g-thunfisch-listao-in-stuecken-natuerlich\/\" \/>\n<meta property=\"og:locale\" content=\"de_DE\" \/>\n<meta property=\"og:type\" content=\"article\" \/>\n<meta property=\"og:title\" content=\"Listao-Thunfischst\u00fccke in eigenem Saft, 600g in 4\/4 Dose\" \/>\n<meta property=\"og:description\" content=\"Listao-Thunfischst\u00fccke in eigenem Saft, 600 g in 4\/4 Dose. Feste Textur, nat\u00fcrlicher Geschmack und ideales Format f\u00fcr Gastronomie und Catering-Zubereitungen.\" \/>\n<meta property=\"og:url\" content=\"https:\/\/www.csj-emballages.com\/de\/produit\/4-4-dose-600g-thunfisch-listao-in-stuecken-natuerlich\/\" \/>\n<meta property=\"og:site_name\" content=\"CSJ Emballages\" \/>\n<meta property=\"article:publisher\" content=\"https:\/\/www.facebook.com\/csjemballages\" \/>\n<meta property=\"article:modified_time\" content=\"2026-04-28T00:11:21+00:00\" \/>\n<meta property=\"og:image\" content=\"https:\/\/www.csj-emballages.com\/wp-content\/uploads\/2024\/05\/220057.webp\" \/>\n\t<meta property=\"og:image:width\" content=\"800\" \/>\n\t<meta property=\"og:image:height\" content=\"800\" \/>\n\t<meta property=\"og:image:type\" content=\"image\/webp\" \/>\n<meta name=\"twitter:card\" content=\"summary_large_image\" \/>\n<meta name=\"twitter:label1\" content=\"Gesch\u00e4tzte Lesezeit\" \/>\n\t<meta name=\"twitter:data1\" content=\"1\u00a0Minute\" \/>\n<script type=\"application\/ld+json\" class=\"yoast-schema-graph\">{\"@context\":\"https:\/\/schema.org\",\"@graph\":[{\"@type\":\"WebPage\",\"@id\":\"https:\/\/www.csj-emballages.com\/de\/produit\/4-4-dose-600g-thunfisch-listao-in-stuecken-natuerlich\/\",\"url\":\"https:\/\/www.csj-emballages.com\/de\/produit\/4-4-dose-600g-thunfisch-listao-in-stuecken-natuerlich\/\",\"name\":\"Thunfisch Listao in St\u00fccken auf nat\u00fcrliche Weise \/ CSJ Verpackungen\",\"isPartOf\":{\"@id\":\"https:\/\/www.csj-emballages.com\/de\/#website\"},\"primaryImageOfPage\":{\"@id\":\"https:\/\/www.csj-emballages.com\/de\/produit\/4-4-dose-600g-thunfisch-listao-in-stuecken-natuerlich\/#primaryimage\"},\"image\":{\"@id\":\"https:\/\/www.csj-emballages.com\/de\/produit\/4-4-dose-600g-thunfisch-listao-in-stuecken-natuerlich\/#primaryimage\"},\"thumbnailUrl\":\"https:\/\/www.csj-emballages.com\/wp-content\/uploads\/2024\/05\/220057.webp\",\"datePublished\":\"2024-05-24T08:49:11+00:00\",\"dateModified\":\"2026-04-28T00:11:21+00:00\",\"description\":\"Listao-Thunfischst\u00fccke in eigenem Saft, 600 g in 4\/4 Dose. Feste Textur, nat\u00fcrlicher Geschmack und ideales Format f\u00fcr Gastronomie und Catering-Zubereitungen.\",\"breadcrumb\":{\"@id\":\"https:\/\/www.csj-emballages.com\/de\/produit\/4-4-dose-600g-thunfisch-listao-in-stuecken-natuerlich\/#breadcrumb\"},\"inLanguage\":\"de\",\"potentialAction\":[{\"@type\":\"ReadAction\",\"target\":[\"https:\/\/www.csj-emballages.com\/de\/produit\/4-4-dose-600g-thunfisch-listao-in-stuecken-natuerlich\/\"]}]},{\"@type\":\"ImageObject\",\"inLanguage\":\"de\",\"@id\":\"https:\/\/www.csj-emballages.com\/de\/produit\/4-4-dose-600g-thunfisch-listao-in-stuecken-natuerlich\/#primaryimage\",\"url\":\"https:\/\/www.csj-emballages.com\/wp-content\/uploads\/2024\/05\/220057.webp\",\"contentUrl\":\"https:\/\/www.csj-emballages.com\/wp-content\/uploads\/2024\/05\/220057.webp\",\"width\":800,\"height\":800,\"caption\":\"Thon Listao\"},{\"@type\":\"BreadcrumbList\",\"@id\":\"https:\/\/www.csj-emballages.com\/de\/produit\/4-4-dose-600g-thunfisch-listao-in-stuecken-natuerlich\/#breadcrumb\",\"itemListElement\":[{\"@type\":\"ListItem\",\"position\":1,\"name\":\"Accueil\",\"item\":\"https:\/\/www.csj-emballages.com\/de\/universum-lebensmittelverpackungen\/\"},{\"@type\":\"ListItem\",\"position\":2,\"name\":\"Shop\",\"item\":\"https:\/\/www.csj-emballages.com\/shop\/\"},{\"@type\":\"ListItem\",\"position\":3,\"name\":\"Listao-Thunfischst\u00fccke in eigenem Saft, 600g in 4\/4 Dose\"}]},{\"@type\":\"WebSite\",\"@id\":\"https:\/\/www.csj-emballages.com\/de\/#website\",\"url\":\"https:\/\/www.csj-emballages.com\/de\/\",\"name\":\"CSJ Emballages\",\"description\":\"\",\"publisher\":{\"@id\":\"https:\/\/www.csj-emballages.com\/de\/#organization\"},\"potentialAction\":[{\"@type\":\"SearchAction\",\"target\":{\"@type\":\"EntryPoint\",\"urlTemplate\":\"https:\/\/www.csj-emballages.com\/de\/?s={search_term_string}\"},\"query-input\":{\"@type\":\"PropertyValueSpecification\",\"valueRequired\":true,\"valueName\":\"search_term_string\"}}],\"inLanguage\":\"de\"},{\"@type\":\"Organization\",\"@id\":\"https:\/\/www.csj-emballages.com\/de\/#Organization\/\",\"name\":\"CSJ Emballages\",\"url\":\"https:\/\/www.csj-emballages.com\/de\/\",\"logo\":{\"@type\":\"ImageObject\",\"inLanguage\":\"de\",\"@id\":\"https:\/\/www.csj-emballages.com\/de\/#\/schema\/logo\/image\/\",\"url\":\"https:\/\/www.csj-emballages.com\/wp-content\/uploads\/2023\/10\/logo_csj.webp\",\"contentUrl\":\"https:\/\/www.csj-emballages.com\/wp-content\/uploads\/2023\/10\/logo_csj.webp\",\"width\":250,\"height\":95,\"caption\":\"CSJ Emballages\"},\"image\":{\"@id\":\"https:\/\/www.csj-emballages.com\/de\/#\/schema\/logo\/image\/\"},\"sameAs\":[\"https:\/\/www.facebook.com\/csjemballages\"],\"address\":{\"@type\":\"PostalAddress\",\"streetAddress\":\"ZI La Lechere\",\"addressLocality\":\"Patornay\",\"postalCode\":\"39130\",\"addressCountry\":\"FR\"},\"contactPoint\":[{\"@type\":\"ContactPoint\",\"contactType\":\"Service client\",\"telephone\":\"0384254272\",\"email\":\"contact@csj-emballages.com\"}]}]}<\/script>\n<!-- \/ Yoast SEO Premium plugin. -->","yoast_head_json":{"title":"Thunfisch Listao in St\u00fccken auf nat\u00fcrliche Weise \/ CSJ Verpackungen","description":"Listao-Thunfischst\u00fccke in eigenem Saft, 600 g in 4\/4 Dose. Feste Textur, nat\u00fcrlicher Geschmack und ideales Format f\u00fcr Gastronomie und Catering-Zubereitungen.","robots":{"index":"index","follow":"follow","max-snippet":"max-snippet:-1","max-image-preview":"max-image-preview:large","max-video-preview":"max-video-preview:-1"},"canonical":"https:\/\/www.csj-emballages.com\/de\/produit\/4-4-dose-600g-thunfisch-listao-in-stuecken-natuerlich\/","og_locale":"de_DE","og_type":"article","og_title":"Listao-Thunfischst\u00fccke in eigenem Saft, 600g in 4\/4 Dose","og_description":"Listao-Thunfischst\u00fccke in eigenem Saft, 600 g in 4\/4 Dose. Feste Textur, nat\u00fcrlicher Geschmack und ideales Format f\u00fcr Gastronomie und Catering-Zubereitungen.","og_url":"https:\/\/www.csj-emballages.com\/de\/produit\/4-4-dose-600g-thunfisch-listao-in-stuecken-natuerlich\/","og_site_name":"CSJ Emballages","article_publisher":"https:\/\/www.facebook.com\/csjemballages","article_modified_time":"2026-04-28T00:11:21+00:00","og_image":[{"width":800,"height":800,"url":"https:\/\/www.csj-emballages.com\/wp-content\/uploads\/2024\/05\/220057.webp","type":"image\/webp"}],"twitter_card":"summary_large_image","twitter_misc":{"Gesch\u00e4tzte Lesezeit":"1\u00a0Minute"},"schema":{"@context":"https:\/\/schema.org","@graph":[{"@type":"WebPage","@id":"https:\/\/www.csj-emballages.com\/de\/produit\/4-4-dose-600g-thunfisch-listao-in-stuecken-natuerlich\/","url":"https:\/\/www.csj-emballages.com\/de\/produit\/4-4-dose-600g-thunfisch-listao-in-stuecken-natuerlich\/","name":"Thunfisch Listao in St\u00fccken auf nat\u00fcrliche Weise \/ CSJ Verpackungen","isPartOf":{"@id":"https:\/\/www.csj-emballages.com\/de\/#website"},"primaryImageOfPage":{"@id":"https:\/\/www.csj-emballages.com\/de\/produit\/4-4-dose-600g-thunfisch-listao-in-stuecken-natuerlich\/#primaryimage"},"image":{"@id":"https:\/\/www.csj-emballages.com\/de\/produit\/4-4-dose-600g-thunfisch-listao-in-stuecken-natuerlich\/#primaryimage"},"thumbnailUrl":"https:\/\/www.csj-emballages.com\/wp-content\/uploads\/2024\/05\/220057.webp","datePublished":"2024-05-24T08:49:11+00:00","dateModified":"2026-04-28T00:11:21+00:00","description":"Listao-Thunfischst\u00fccke in eigenem Saft, 600 g in 4\/4 Dose. Feste Textur, nat\u00fcrlicher Geschmack und ideales Format f\u00fcr Gastronomie und Catering-Zubereitungen.","breadcrumb":{"@id":"https:\/\/www.csj-emballages.com\/de\/produit\/4-4-dose-600g-thunfisch-listao-in-stuecken-natuerlich\/#breadcrumb"},"inLanguage":"de","potentialAction":[{"@type":"ReadAction","target":["https:\/\/www.csj-emballages.com\/de\/produit\/4-4-dose-600g-thunfisch-listao-in-stuecken-natuerlich\/"]}]},{"@type":"ImageObject","inLanguage":"de","@id":"https:\/\/www.csj-emballages.com\/de\/produit\/4-4-dose-600g-thunfisch-listao-in-stuecken-natuerlich\/#primaryimage","url":"https:\/\/www.csj-emballages.com\/wp-content\/uploads\/2024\/05\/220057.webp","contentUrl":"https:\/\/www.csj-emballages.com\/wp-content\/uploads\/2024\/05\/220057.webp","width":800,"height":800,"caption":"Thon Listao"},{"@type":"BreadcrumbList","@id":"https:\/\/www.csj-emballages.com\/de\/produit\/4-4-dose-600g-thunfisch-listao-in-stuecken-natuerlich\/#breadcrumb","itemListElement":[{"@type":"ListItem","position":1,"name":"Accueil","item":"https:\/\/www.csj-emballages.com\/de\/universum-lebensmittelverpackungen\/"},{"@type":"ListItem","position":2,"name":"Shop","item":"https:\/\/www.csj-emballages.com\/shop\/"},{"@type":"ListItem","position":3,"name":"Listao-Thunfischst\u00fccke in eigenem Saft, 600g in 4\/4 Dose"}]},{"@type":"WebSite","@id":"https:\/\/www.csj-emballages.com\/de\/#website","url":"https:\/\/www.csj-emballages.com\/de\/","name":"CSJ Emballages","description":"","publisher":{"@id":"https:\/\/www.csj-emballages.com\/de\/#organization"},"potentialAction":[{"@type":"SearchAction","target":{"@type":"EntryPoint","urlTemplate":"https:\/\/www.csj-emballages.com\/de\/?s={search_term_string}"},"query-input":{"@type":"PropertyValueSpecification","valueRequired":true,"valueName":"search_term_string"}}],"inLanguage":"de"},{"@type":"Organization","@id":"https:\/\/www.csj-emballages.com\/de\/#Organization\/","name":"CSJ Emballages","url":"https:\/\/www.csj-emballages.com\/de\/","logo":{"@type":"ImageObject","inLanguage":"de","@id":"https:\/\/www.csj-emballages.com\/de\/#\/schema\/logo\/image\/","url":"https:\/\/www.csj-emballages.com\/wp-content\/uploads\/2023\/10\/logo_csj.webp","contentUrl":"https:\/\/www.csj-emballages.com\/wp-content\/uploads\/2023\/10\/logo_csj.webp","width":250,"height":95,"caption":"CSJ Emballages"},"image":{"@id":"https:\/\/www.csj-emballages.com\/de\/#\/schema\/logo\/image\/"},"sameAs":["https:\/\/www.facebook.com\/csjemballages"],"address":{"@type":"PostalAddress","streetAddress":"ZI La Lechere","addressLocality":"Patornay","postalCode":"39130","addressCountry":"FR"},"contactPoint":[{"@type":"ContactPoint","contactType":"Service client","telephone":"0384254272","email":"contact@csj-emballages.com"}]}]}},"df_price":6.3,"df_sale_price":"","df_regular_price":6.3,"df_image_link":"https:\/\/www.csj-emballages.com\/wp-content\/uploads\/2024\/05\/220057-300x300.webp","tiered_pricing_type":"fixed","tiered_pricing_fixed_rules":[],"tiered_pricing_percentage_rules":[],"tiered_pricing_minimum":1,"tiered_pricing_roles_data":[],"_links":{"self":[{"href":"https:\/\/www.csj-emballages.com\/de\/wp-json\/wp\/v2\/product\/16724","targetHints":{"allow":["GET"]}}],"collection":[{"href":"https:\/\/www.csj-emballages.com\/de\/wp-json\/wp\/v2\/product"}],"about":[{"href":"https:\/\/www.csj-emballages.com\/de\/wp-json\/wp\/v2\/types\/product"}],"wp:featuredmedia":[{"embeddable":true,"href":"https:\/\/www.csj-emballages.com\/de\/wp-json\/wp\/v2\/media\/260678"}],"wp:attachment":[{"href":"https:\/\/www.csj-emballages.com\/de\/wp-json\/wp\/v2\/media?parent=16724"}],"wp:term":[{"taxonomy":"product_brand","embeddable":true,"href":"https:\/\/www.csj-emballages.com\/de\/wp-json\/wp\/v2\/product_brand?post=16724"},{"taxonomy":"product_cat","embeddable":true,"href":"https:\/\/www.csj-emballages.com\/de\/wp-json\/wp\/v2\/product_cat?post=16724"},{"taxonomy":"product_tag","embeddable":true,"href":"https:\/\/www.csj-emballages.com\/de\/wp-json\/wp\/v2\/product_tag?post=16724"}],"curies":[{"name":"wp","href":"https:\/\/api.w.org\/{rel}","templated":true}]}}