{"id":16707,"date":"2024-05-24T10:50:17","date_gmt":"2024-05-24T08:50:17","guid":{"rendered":"https:\/\/u15jnbdpoq.preview.infomaniak.website\/produit\/4-4-dose-koernermais-vakuumverpackt\/"},"modified":"2026-03-12T16:09:07","modified_gmt":"2026-03-12T15:09:07","slug":"4-4-dose-koernermais-vakuumverpackt","status":"publish","type":"product","link":"https:\/\/www.csj-emballages.com\/de\/produit\/4-4-dose-koernermais-vakuumverpackt\/","title":{"rendered":"Zuckermais in K\u00f6rnern vakuumverpackt Box 4\/4"},"content":{"rendered":"<h2>Mais<\/h2>\n<hr>\n<h3>Beschreibung von unserem Zuckermais in K\u00f6rnern vakuumverpackt Box 4\/4<\/h3>\n<p><!--more--><\/p>\n<div class=\"flex flex-grow flex-col max-w-full\">\n<div class=\"min-h-[20px] text-message flex flex-col items-start whitespace-pre-wrap break-words [.text-message+&amp;]:mt-5 juice:w-full juice:items-end overflow-x-auto gap-2\" dir=\"auto\" data-message-author-role=\"assistant\" data-message-id=\"579bfb50-fb6c-479d-a152-27ab4b509f37\">\n<div class=\"flex w-full flex-col gap-1 juice:empty:hidden juice:first:pt-[3px]\">\n<div class=\"markdown prose w-full break-words dark:prose-invert light\">\n<div class=\"flex-1 overflow-hidden\">\n<div class=\"react-scroll-to-bottom--css-ygaxm-79elbk h-full\">\n<div class=\"react-scroll-to-bottom--css-ygaxm-1n7m0yu\">\n<div class=\"flex flex-col text-sm\">\n<div class=\"w-full text-token-text-primary\" dir=\"auto\" data-testid=\"conversation-turn-3\" data-scroll-anchor=\"true\">\n<div class=\"py-2 juice:py-[18px] px-3 text-base md:px-4 m-auto md:px-5 lg:px-1 xl:px-5\">\n<div class=\"mx-auto flex flex-1 gap-3 text-base juice:gap-4 juice:md:gap-5 juice:lg:gap-6 md:max-w-3xl lg:max-w-[40rem] xl:max-w-[48rem]\">\n<div class=\"group\/conversation-turn relative flex w-full min-w-0 flex-col agent-turn\">\n<div class=\"flex-col gap-1 md:gap-3\">\n<div class=\"flex flex-grow flex-col max-w-full\">\n<div class=\"min-h-[20px] text-message flex flex-col items-start whitespace-pre-wrap break-words [.text-message+&amp;]:mt-5 juice:w-full juice:items-end overflow-x-auto gap-2\" dir=\"auto\" data-message-author-role=\"assistant\" data-message-id=\"cc8c8b89-e7cc-4334-9633-5926bce5a78c\">\n<div class=\"flex w-full flex-col gap-1 juice:empty:hidden juice:first:pt-[3px]\">\n<div class=\"markdown prose w-full break-words dark:prose-invert light\">\n<div class=\"flex flex-grow flex-col max-w-full\">\n<div class=\"min-h-[20px] text-message flex flex-col items-start whitespace-pre-wrap break-words [.text-message+&amp;]:mt-5 juice:w-full juice:items-end overflow-x-auto gap-2\" dir=\"auto\" data-message-author-role=\"assistant\" data-message-id=\"a5ad94cc-6796-4ad8-b325-83b721399f0a\">\n<div class=\"flex w-full flex-col gap-1 juice:empty:hidden juice:first:pt-[3px]\">\n<div class=\"markdown prose w-full break-words dark:prose-invert light\">\n<p data-start=\"286\" data-end=\"600\">Wenn Sie eine einfache, effektive und stets beliebte Zutat suchen, geh\u00f6rt <strong data-start=\"359\" data-end=\"392\">vakuumverpackter S\u00fc\u00dfmais in K\u00f6rnern<\/strong> eindeutig zu den unverzichtbaren. Dank seiner <strong>zarten Textur<\/strong> und seines <strong>nat\u00fcrlich s\u00fc\u00dfen Geschmacks<\/strong> l\u00e4sst er sich leicht in eine Vielzahl von Rezepten integrieren, ohne anderen Zutaten die Show zu stehlen. <\/p>\n<p data-start=\"602\" data-end=\"968\">Dank der <strong>Vakuumverpackung<\/strong> behalten die <strong>Maisk\u00f6rner<\/strong> ihre volle Frische, goldene Farbe und ihren Geschmack. Keine unn\u00f6tigen Zus\u00e4tze: Der <strong>Mais<\/strong> bleibt authentisch, gebrauchsfertig und angenehm im Mund. <\/p>\n<p data-start=\"970\" data-end=\"1322\">Ebenso ist die <strong data-start=\"973\" data-end=\"986\">4\/4-Dose<\/strong> besonders f\u00fcr den professionellen Einsatz geeignet. Sie erm\u00f6glicht eine einfache Mengenverwaltung, sei es f\u00fcr einen <strong>gemischten Salat, ein Buffet, ein warmes Gericht, eine Beilage oder sogar ein kreativeres Rezept<\/strong>. In der Gemeinschaftsverpflegung, in Brauereien oder in der Schnellk\u00fcche bietet dieses Format echten Bedienkomfort im Alltag.  <\/p>\n<p data-start=\"1324\" data-end=\"1570\">Dar\u00fcber hinaus spricht <strong>S\u00fc\u00dfmais<\/strong> alle an: Kinder, Erwachsene, Liebhaber einfacher Gerichte sowie aufwendigerer Rezepte. Er verleiht eine Farbnote, einen leichten Biss und eine s\u00fc\u00dfe Note, die salzige Gerichte perfekt ausgleicht. <\/p>\n<p data-start=\"1572\" data-end=\"1768\">Zusammenfassend ist dieser <strong>S\u00fc\u00dfmais<\/strong> <strong>in K\u00f6rnern vakuumverpackt<\/strong> eine sichere Wahl: praktisch, vielseitig und zuverl\u00e4ssig. Ein Produkt, das Sie bedenkenlos \u00f6ffnen und ohne Einschr\u00e4nkungen, Service f\u00fcr Service, verwenden k\u00f6nnen. <\/p>\n<\/div>\n<\/div>\n<div class=\"flex w-full flex-col gap-1 juice:empty:hidden juice:first:pt-[3px]\">\n<div class=\"markdown prose w-full break-words dark:prose-invert light\">\n<p><!--more--><\/p>\n<h4>Vorteile :<\/h4>\n<ul>\n<li data-start=\"131\" data-end=\"181\"><strong>Zarte K\u00f6rner<\/strong> mit nat\u00fcrlich s\u00fc\u00dfem Geschmack.<\/li>\n<li data-start=\"184\" data-end=\"238\">Vakuumverpackung f\u00fcr bewahrte Frische.<\/li>\n<li data-start=\"241\" data-end=\"288\">Gebrauchsfertig, ohne komplizierte Zubereitung.<\/li>\n<li data-start=\"291\" data-end=\"338\"><strong>Dank seines 4\/4-Formats<\/strong> ist er f\u00fcr professionelle Anforderungen geeignet.<\/li>\n<li data-start=\"341\" data-end=\"399\"><strong>Vielseitig<\/strong>: Salate, warme Gerichte, Beilagen, Buffets.<\/li>\n<\/ul>\n<p>&nbsp;<\/p>\n<\/div>\n<\/div>\n<\/div>\n<\/div>\n<\/div>\n<\/div>\n<\/div>\n<\/div>\n<\/div>\n<\/div>\n<\/div>\n<\/div>\n<\/div>\n<\/div>\n<\/div>\n<\/div>\n<\/div>\n<\/div>\n<\/div>\n<\/div>\n<\/div>\n<p><!--more--><\/p>\n<h4>Weitere Informationen :<\/h4>\n<ul>\n<li><strong>Verpackung<\/strong>: Schachtel 4\/4<\/li>\n<li><strong>Abtropfgewicht<\/strong>: 570 g<\/li>\n<li>Ohne GVO<\/li>\n<\/ul>\n<p>&nbsp;<\/p>\n<p><!--more--><\/p>\n<p><a href=\"\/?product_cat=legumes\">Sehen Sie sich den Rest unseres Gem\u00fcsesortiments an.<\/a><\/p>\n","protected":false},"excerpt":{"rendered":"<p>Mais Beschreibung von unserem Zuckermais in K\u00f6rnern vakuumverpackt Box 4\/4<\/p>\n","protected":false},"featured_media":193787,"template":"","meta":{"_acf_changed":false},"product_brand":[],"product_cat":[1144,1188],"product_tag":[],"class_list":{"0":"post-16707","1":"product","2":"type-product","3":"status-publish","4":"has-post-thumbnail","6":"product_cat-lebensmittel","7":"product_cat-gemuse","9":"first","10":"instock","11":"taxable","12":"shipping-taxable","13":"purchasable","14":"product-type-simple"},"acf":[],"yoast_head":"<!-- This site is optimized with the Yoast SEO Premium plugin v26.6 (Yoast SEO v26.6) - https:\/\/yoast.com\/wordpress\/plugins\/seo\/ -->\n<title>S\u00fc\u00dfmais in K\u00f6rnern - Karton 4\/4<\/title>\n<meta name=\"description\" content=\"S\u00fc\u00dfmais in K\u00f6rnern, vakuumverpackt in 4\/4-Dose. Gebrauchsfertig, nat\u00fcrlich s\u00fc\u00dfer Geschmack, ideales Format f\u00fcr Gastronomie und Gro\u00dfk\u00fcchen.\" \/>\n<meta name=\"robots\" content=\"index, follow, max-snippet:-1, max-image-preview:large, max-video-preview:-1\" \/>\n<link rel=\"canonical\" href=\"https:\/\/www.csj-emballages.com\/de\/produit\/4-4-dose-koernermais-vakuumverpackt\/\" \/>\n<meta property=\"og:locale\" content=\"de_DE\" \/>\n<meta property=\"og:type\" content=\"article\" \/>\n<meta property=\"og:title\" content=\"Zuckermais in K\u00f6rnern vakuumverpackt Box 4\/4\" \/>\n<meta property=\"og:description\" content=\"S\u00fc\u00dfmais in K\u00f6rnern, vakuumverpackt in 4\/4-Dose. Gebrauchsfertig, nat\u00fcrlich s\u00fc\u00dfer Geschmack, ideales Format f\u00fcr Gastronomie und Gro\u00dfk\u00fcchen.\" \/>\n<meta property=\"og:url\" content=\"https:\/\/www.csj-emballages.com\/de\/produit\/4-4-dose-koernermais-vakuumverpackt\/\" \/>\n<meta property=\"og:site_name\" content=\"CSJ Emballages\" \/>\n<meta property=\"article:publisher\" content=\"https:\/\/www.facebook.com\/csjemballages\" \/>\n<meta property=\"article:modified_time\" content=\"2026-03-12T15:09:07+00:00\" \/>\n<meta property=\"og:image\" content=\"https:\/\/www.csj-emballages.com\/wp-content\/uploads\/2024\/05\/Mais-Doux-1.webp\" \/>\n\t<meta property=\"og:image:width\" content=\"800\" \/>\n\t<meta property=\"og:image:height\" content=\"800\" \/>\n\t<meta property=\"og:image:type\" content=\"image\/webp\" \/>\n<meta name=\"twitter:card\" content=\"summary_large_image\" \/>\n<meta name=\"twitter:label1\" content=\"Gesch\u00e4tzte Lesezeit\" \/>\n\t<meta name=\"twitter:data1\" content=\"1\u00a0Minute\" \/>\n<script type=\"application\/ld+json\" class=\"yoast-schema-graph\">{\"@context\":\"https:\/\/schema.org\",\"@graph\":[{\"@type\":\"WebPage\",\"@id\":\"https:\/\/www.csj-emballages.com\/de\/produit\/4-4-dose-koernermais-vakuumverpackt\/\",\"url\":\"https:\/\/www.csj-emballages.com\/de\/produit\/4-4-dose-koernermais-vakuumverpackt\/\",\"name\":\"S\u00fc\u00dfmais in K\u00f6rnern - Karton 4\/4\",\"isPartOf\":{\"@id\":\"https:\/\/www.csj-emballages.com\/de\/#website\"},\"primaryImageOfPage\":{\"@id\":\"https:\/\/www.csj-emballages.com\/de\/produit\/4-4-dose-koernermais-vakuumverpackt\/#primaryimage\"},\"image\":{\"@id\":\"https:\/\/www.csj-emballages.com\/de\/produit\/4-4-dose-koernermais-vakuumverpackt\/#primaryimage\"},\"thumbnailUrl\":\"https:\/\/www.csj-emballages.com\/wp-content\/uploads\/2024\/05\/Mais-Doux-1.webp\",\"datePublished\":\"2024-05-24T08:50:17+00:00\",\"dateModified\":\"2026-03-12T15:09:07+00:00\",\"description\":\"S\u00fc\u00dfmais in K\u00f6rnern, vakuumverpackt in 4\/4-Dose. Gebrauchsfertig, nat\u00fcrlich s\u00fc\u00dfer Geschmack, ideales Format f\u00fcr Gastronomie und Gro\u00dfk\u00fcchen.\",\"breadcrumb\":{\"@id\":\"https:\/\/www.csj-emballages.com\/de\/produit\/4-4-dose-koernermais-vakuumverpackt\/#breadcrumb\"},\"inLanguage\":\"de\",\"potentialAction\":[{\"@type\":\"ReadAction\",\"target\":[\"https:\/\/www.csj-emballages.com\/de\/produit\/4-4-dose-koernermais-vakuumverpackt\/\"]}]},{\"@type\":\"ImageObject\",\"inLanguage\":\"de\",\"@id\":\"https:\/\/www.csj-emballages.com\/de\/produit\/4-4-dose-koernermais-vakuumverpackt\/#primaryimage\",\"url\":\"https:\/\/www.csj-emballages.com\/wp-content\/uploads\/2024\/05\/Mais-Doux-1.webp\",\"contentUrl\":\"https:\/\/www.csj-emballages.com\/wp-content\/uploads\/2024\/05\/Mais-Doux-1.webp\",\"width\":800,\"height\":800,\"caption\":\"ma\u00efs\"},{\"@type\":\"BreadcrumbList\",\"@id\":\"https:\/\/www.csj-emballages.com\/de\/produit\/4-4-dose-koernermais-vakuumverpackt\/#breadcrumb\",\"itemListElement\":[{\"@type\":\"ListItem\",\"position\":1,\"name\":\"Accueil\",\"item\":\"https:\/\/www.csj-emballages.com\/de\/universum-lebensmittelverpackungen\/\"},{\"@type\":\"ListItem\",\"position\":2,\"name\":\"Shop\",\"item\":\"https:\/\/www.csj-emballages.com\/shop\/\"},{\"@type\":\"ListItem\",\"position\":3,\"name\":\"Zuckermais in K\u00f6rnern vakuumverpackt Box 4\/4\"}]},{\"@type\":\"WebSite\",\"@id\":\"https:\/\/www.csj-emballages.com\/de\/#website\",\"url\":\"https:\/\/www.csj-emballages.com\/de\/\",\"name\":\"CSJ Emballages\",\"description\":\"\",\"publisher\":{\"@id\":\"https:\/\/www.csj-emballages.com\/de\/#organization\"},\"potentialAction\":[{\"@type\":\"SearchAction\",\"target\":{\"@type\":\"EntryPoint\",\"urlTemplate\":\"https:\/\/www.csj-emballages.com\/de\/?s={search_term_string}\"},\"query-input\":{\"@type\":\"PropertyValueSpecification\",\"valueRequired\":true,\"valueName\":\"search_term_string\"}}],\"inLanguage\":\"de\"},{\"@type\":\"Organization\",\"@id\":\"https:\/\/www.csj-emballages.com\/de\/#Organization\/\",\"name\":\"CSJ Emballages\",\"url\":\"https:\/\/www.csj-emballages.com\/de\/\",\"logo\":{\"@type\":\"ImageObject\",\"inLanguage\":\"de\",\"@id\":\"https:\/\/www.csj-emballages.com\/de\/#\/schema\/logo\/image\/\",\"url\":\"https:\/\/www.csj-emballages.com\/wp-content\/uploads\/2023\/10\/logo_csj.webp\",\"contentUrl\":\"https:\/\/www.csj-emballages.com\/wp-content\/uploads\/2023\/10\/logo_csj.webp\",\"width\":250,\"height\":95,\"caption\":\"CSJ Emballages\"},\"image\":{\"@id\":\"https:\/\/www.csj-emballages.com\/de\/#\/schema\/logo\/image\/\"},\"sameAs\":[\"https:\/\/www.facebook.com\/csjemballages\"],\"address\":{\"@type\":\"PostalAddress\",\"streetAddress\":\"ZI La Lechere\",\"addressLocality\":\"Patornay\",\"postalCode\":\"39130\",\"addressCountry\":\"FR\"},\"contactPoint\":[{\"@type\":\"ContactPoint\",\"contactType\":\"Service client\",\"telephone\":\"0384254272\",\"email\":\"contact@csj-emballages.com\"}]}]}<\/script>\n<!-- \/ Yoast SEO Premium plugin. -->","yoast_head_json":{"title":"S\u00fc\u00dfmais in K\u00f6rnern - Karton 4\/4","description":"S\u00fc\u00dfmais in K\u00f6rnern, vakuumverpackt in 4\/4-Dose. Gebrauchsfertig, nat\u00fcrlich s\u00fc\u00dfer Geschmack, ideales Format f\u00fcr Gastronomie und Gro\u00dfk\u00fcchen.","robots":{"index":"index","follow":"follow","max-snippet":"max-snippet:-1","max-image-preview":"max-image-preview:large","max-video-preview":"max-video-preview:-1"},"canonical":"https:\/\/www.csj-emballages.com\/de\/produit\/4-4-dose-koernermais-vakuumverpackt\/","og_locale":"de_DE","og_type":"article","og_title":"Zuckermais in K\u00f6rnern vakuumverpackt Box 4\/4","og_description":"S\u00fc\u00dfmais in K\u00f6rnern, vakuumverpackt in 4\/4-Dose. Gebrauchsfertig, nat\u00fcrlich s\u00fc\u00dfer Geschmack, ideales Format f\u00fcr Gastronomie und Gro\u00dfk\u00fcchen.","og_url":"https:\/\/www.csj-emballages.com\/de\/produit\/4-4-dose-koernermais-vakuumverpackt\/","og_site_name":"CSJ Emballages","article_publisher":"https:\/\/www.facebook.com\/csjemballages","article_modified_time":"2026-03-12T15:09:07+00:00","og_image":[{"width":800,"height":800,"url":"https:\/\/www.csj-emballages.com\/wp-content\/uploads\/2024\/05\/Mais-Doux-1.webp","type":"image\/webp"}],"twitter_card":"summary_large_image","twitter_misc":{"Gesch\u00e4tzte Lesezeit":"1\u00a0Minute"},"schema":{"@context":"https:\/\/schema.org","@graph":[{"@type":"WebPage","@id":"https:\/\/www.csj-emballages.com\/de\/produit\/4-4-dose-koernermais-vakuumverpackt\/","url":"https:\/\/www.csj-emballages.com\/de\/produit\/4-4-dose-koernermais-vakuumverpackt\/","name":"S\u00fc\u00dfmais in K\u00f6rnern - Karton 4\/4","isPartOf":{"@id":"https:\/\/www.csj-emballages.com\/de\/#website"},"primaryImageOfPage":{"@id":"https:\/\/www.csj-emballages.com\/de\/produit\/4-4-dose-koernermais-vakuumverpackt\/#primaryimage"},"image":{"@id":"https:\/\/www.csj-emballages.com\/de\/produit\/4-4-dose-koernermais-vakuumverpackt\/#primaryimage"},"thumbnailUrl":"https:\/\/www.csj-emballages.com\/wp-content\/uploads\/2024\/05\/Mais-Doux-1.webp","datePublished":"2024-05-24T08:50:17+00:00","dateModified":"2026-03-12T15:09:07+00:00","description":"S\u00fc\u00dfmais in K\u00f6rnern, vakuumverpackt in 4\/4-Dose. Gebrauchsfertig, nat\u00fcrlich s\u00fc\u00dfer Geschmack, ideales Format f\u00fcr Gastronomie und Gro\u00dfk\u00fcchen.","breadcrumb":{"@id":"https:\/\/www.csj-emballages.com\/de\/produit\/4-4-dose-koernermais-vakuumverpackt\/#breadcrumb"},"inLanguage":"de","potentialAction":[{"@type":"ReadAction","target":["https:\/\/www.csj-emballages.com\/de\/produit\/4-4-dose-koernermais-vakuumverpackt\/"]}]},{"@type":"ImageObject","inLanguage":"de","@id":"https:\/\/www.csj-emballages.com\/de\/produit\/4-4-dose-koernermais-vakuumverpackt\/#primaryimage","url":"https:\/\/www.csj-emballages.com\/wp-content\/uploads\/2024\/05\/Mais-Doux-1.webp","contentUrl":"https:\/\/www.csj-emballages.com\/wp-content\/uploads\/2024\/05\/Mais-Doux-1.webp","width":800,"height":800,"caption":"ma\u00efs"},{"@type":"BreadcrumbList","@id":"https:\/\/www.csj-emballages.com\/de\/produit\/4-4-dose-koernermais-vakuumverpackt\/#breadcrumb","itemListElement":[{"@type":"ListItem","position":1,"name":"Accueil","item":"https:\/\/www.csj-emballages.com\/de\/universum-lebensmittelverpackungen\/"},{"@type":"ListItem","position":2,"name":"Shop","item":"https:\/\/www.csj-emballages.com\/shop\/"},{"@type":"ListItem","position":3,"name":"Zuckermais in K\u00f6rnern vakuumverpackt Box 4\/4"}]},{"@type":"WebSite","@id":"https:\/\/www.csj-emballages.com\/de\/#website","url":"https:\/\/www.csj-emballages.com\/de\/","name":"CSJ Emballages","description":"","publisher":{"@id":"https:\/\/www.csj-emballages.com\/de\/#organization"},"potentialAction":[{"@type":"SearchAction","target":{"@type":"EntryPoint","urlTemplate":"https:\/\/www.csj-emballages.com\/de\/?s={search_term_string}"},"query-input":{"@type":"PropertyValueSpecification","valueRequired":true,"valueName":"search_term_string"}}],"inLanguage":"de"},{"@type":"Organization","@id":"https:\/\/www.csj-emballages.com\/de\/#Organization\/","name":"CSJ Emballages","url":"https:\/\/www.csj-emballages.com\/de\/","logo":{"@type":"ImageObject","inLanguage":"de","@id":"https:\/\/www.csj-emballages.com\/de\/#\/schema\/logo\/image\/","url":"https:\/\/www.csj-emballages.com\/wp-content\/uploads\/2023\/10\/logo_csj.webp","contentUrl":"https:\/\/www.csj-emballages.com\/wp-content\/uploads\/2023\/10\/logo_csj.webp","width":250,"height":95,"caption":"CSJ Emballages"},"image":{"@id":"https:\/\/www.csj-emballages.com\/de\/#\/schema\/logo\/image\/"},"sameAs":["https:\/\/www.facebook.com\/csjemballages"],"address":{"@type":"PostalAddress","streetAddress":"ZI La Lechere","addressLocality":"Patornay","postalCode":"39130","addressCountry":"FR"},"contactPoint":[{"@type":"ContactPoint","contactType":"Service client","telephone":"0384254272","email":"contact@csj-emballages.com"}]}]}},"df_price":3.12,"df_sale_price":"","df_regular_price":3.12,"df_image_link":"https:\/\/www.csj-emballages.com\/wp-content\/uploads\/2024\/05\/Mais-Doux-1-300x300.webp","tiered_pricing_type":"fixed","tiered_pricing_fixed_rules":[],"tiered_pricing_percentage_rules":[],"tiered_pricing_minimum":1,"tiered_pricing_roles_data":[],"_links":{"self":[{"href":"https:\/\/www.csj-emballages.com\/de\/wp-json\/wp\/v2\/product\/16707","targetHints":{"allow":["GET"]}}],"collection":[{"href":"https:\/\/www.csj-emballages.com\/de\/wp-json\/wp\/v2\/product"}],"about":[{"href":"https:\/\/www.csj-emballages.com\/de\/wp-json\/wp\/v2\/types\/product"}],"wp:featuredmedia":[{"embeddable":true,"href":"https:\/\/www.csj-emballages.com\/de\/wp-json\/wp\/v2\/media\/193787"}],"wp:attachment":[{"href":"https:\/\/www.csj-emballages.com\/de\/wp-json\/wp\/v2\/media?parent=16707"}],"wp:term":[{"taxonomy":"product_brand","embeddable":true,"href":"https:\/\/www.csj-emballages.com\/de\/wp-json\/wp\/v2\/product_brand?post=16707"},{"taxonomy":"product_cat","embeddable":true,"href":"https:\/\/www.csj-emballages.com\/de\/wp-json\/wp\/v2\/product_cat?post=16707"},{"taxonomy":"product_tag","embeddable":true,"href":"https:\/\/www.csj-emballages.com\/de\/wp-json\/wp\/v2\/product_tag?post=16707"}],"curies":[{"name":"wp","href":"https:\/\/api.w.org\/{rel}","templated":true}]}}