{"id":16704,"date":"2024-05-24T10:48:37","date_gmt":"2024-05-24T08:48:37","guid":{"rendered":"https:\/\/u15jnbdpoq.preview.infomaniak.website\/produit\/schachtel-5-1-schwarze-entkernte-oliven\/"},"modified":"2026-03-12T16:06:58","modified_gmt":"2026-03-12T15:06:58","slug":"schachtel-5-1-schwarze-entkernte-oliven","status":"publish","type":"product","link":"https:\/\/www.csj-emballages.com\/de\/produit\/schachtel-5-1-schwarze-entkernte-oliven\/","title":{"rendered":"Entsteinte schwarze Oliven in 5\/1-Dose"},"content":{"rendered":"<h2>Schwarze Oliven<\/h2>\n<hr>\n<h3>Entdecken Sie unsere entsteinten schwarzen Oliven in 5\/1-Dose<\/h3>\n<p><!--more--><\/p>\n<p data-start=\"222\" data-end=\"555\">Diese <strong data-start=\"226\" data-end=\"268\">entsteinten schwarzen Oliven in 5\/1-Dose<\/strong> sind ein Produkt, das man in der K\u00fcche immer gerne griffbereit hat. Gebrauchsfertig sparen sie Zeit, ohne Kompromisse beim Geschmack einzugehen. Sofort nach dem \u00d6ffnen bieten sie eine intensive schwarze Farbe und eine geschmeidige Textur, ideal f\u00fcr den sofortigen Einsatz.  <\/p>\n<p data-start=\"557\" data-end=\"952\">Dank des <strong>Entsteinens<\/strong> entf\u00e4llt das Sortieren oder Nachbearbeiten des Produkts. Sie k\u00f6nnen sie direkt in Ihre Zubereitungen integrieren, sei es zum Belegen einer <strong>Pizza<\/strong>, zum Verfeinern eines Salats, als Beilage zu einem warmen Gericht oder zur Erg\u00e4nzung einer Sauce. Ihr ausgewogener, leicht salziger Geschmack erm\u00f6glicht eine einfache Anpassung an zahlreiche Rezepte, ohne andere Zutaten zu \u00fcberdecken.  <\/p>\n<p data-start=\"954\" data-end=\"1286\">Das <strong data-start=\"964\" data-end=\"971\">5\/1-Format<\/strong> ist besonders in der Gastronomie, bei Caterern oder in Gro\u00dfk\u00fcchen beliebt. Es erm\u00f6glicht das Arbeiten mit gro\u00dfen Mengen bei gleichbleibender Qualit\u00e4t der Zubereitungen. Ebenso gew\u00e4hrleistet die Konservierung in Salzlake eine gute Haltbarkeit und eine schrittweise Verwendung ohne Qualit\u00e4tsverlust.  <\/p>\n<p data-start=\"1288\" data-end=\"1523\">Dar\u00fcber hinaus verleihen diese <strong>schwarzen Oliven<\/strong> den allt\u00e4glichen Gerichten eine einfache und effektive mediterrane Note. Sie eignen sich sowohl f\u00fcr kalte Rezepte als auch f\u00fcr Fertiggerichte, und ihre Textur bleibt auch nach dem Kochen angenehm. <\/p>\n<p data-start=\"1525\" data-end=\"1733\">Zusammenfassend kombiniert dieses Produkt Praktikabilit\u00e4t, Ergiebigkeit und Vielseitigkeit. Es ist eine zuverl\u00e4ssige L\u00f6sung f\u00fcr Profis, die eine einfach zu verwendende, konstante und f\u00fcr intensive Eins\u00e4tze geeignete Zutat suchen. <\/p>\n<p><!--more--><\/p>\n<div style=\"font-family: Roboto, sans-serif;\">\n<div style=\"font-family: Roboto, sans-serif;\">\n<div style=\"font-family: Roboto, sans-serif;\">\n<div style=\"font-family: Roboto, sans-serif;\">\n<div style=\"font-family: Roboto, sans-serif;\">\n<div style=\"font-family: Roboto, sans-serif;\">\n<p style=\"text-align: left;\"><strong>Vorteile :<\/strong><\/p>\n<ul>\n<li data-start=\"1761\" data-end=\"1800\"><strong>Entsteinte Oliven<\/strong>, gebrauchsfertig<\/li>\n<li data-start=\"1803\" data-end=\"1845\"><strong>5\/1-Format<\/strong> ideal f\u00fcr Profis<\/li>\n<li data-start=\"1848\" data-end=\"1882\">Geschmeidige Textur und ausgewogener Geschmack<\/li>\n<li data-start=\"1885\" data-end=\"1927\">Vielseitige Verwendung: warm oder kalt<\/li>\n<li data-start=\"1930\" data-end=\"1961\">Gute Haltbarkeit in Salzlake.<\/li>\n<\/ul>\n<\/div>\n<div style=\"font-family: Roboto, sans-serif;\"><\/div>\n<\/div>\n<\/div>\n<\/div>\n<\/div>\n<\/div>\n<p><!--more--><\/p>\n<div style=\"font-family: Roboto, sans-serif;\">\n<div style=\"font-family: Roboto, sans-serif;\">\n<div style=\"font-family: Roboto, sans-serif;\">\n<h4>Weitere Informationen :<\/h4>\n<ul>\n<li><strong>Verpackung<\/strong>: Schachtel 5\/1<\/li>\n<li><strong>Ma\u00dfe<\/strong>: 155 x 240 (\u00d8 x H in mm)<\/li>\n<li><strong>Abtropfgewicht<\/strong>: 2000 g<\/li>\n<li><strong>Typ<\/strong>: Entsteint<\/li>\n<\/ul>\n<\/div>\n<\/div>\n<\/div>\n<p>&nbsp;<\/p>\n<p><!--more--><\/p>\n<p>Entdecken Sie hier unsere entkernten gr\u00fcnen Oliven: <span style=\"color: #d12727;\"><a style=\"color: #d12727;\" href=\"https:\/\/www.csj-emballages.com\/es\/produit\/4-4-latas-de-aceitunas-verdes-sin-hueso\/\">180053<\/a><\/span><\/p>\n<p>&nbsp;<\/p>\n<div style=\"font-family: Roboto, sans-serif;\">\n<div style=\"font-family: Roboto, sans-serif;\">\n<div style=\"font-family: Roboto, sans-serif;\">\n<p><!--more--><\/p>\n<p><a href=\"https:\/\/www.csj-emballages.com\/de\/categorie-produit\/lebensmittel\/lebensmittel-de\/gemuse\/\">Sehen Sie sich den Rest unseres Sortiments an Gem\u00fcsekonserven an<\/a><\/p>\n<\/div>\n<\/div>\n<\/div>\n","protected":false},"excerpt":{"rendered":"<p>Schwarze Oliven Entdecken Sie unsere entsteinten schwarzen Oliven in 5\/1-Dose<\/p>\n","protected":false},"featured_media":260946,"template":"","meta":{"_acf_changed":false},"product_brand":[],"product_cat":[1144,1188],"product_tag":[],"class_list":{"0":"post-16704","1":"product","2":"type-product","3":"status-publish","4":"has-post-thumbnail","6":"product_cat-lebensmittel","7":"product_cat-gemuse","9":"first","10":"instock","11":"taxable","12":"shipping-taxable","13":"purchasable","14":"product-type-simple"},"acf":[],"yoast_head":"<!-- This site is optimized with the Yoast SEO Premium plugin v26.6 (Yoast SEO v26.6) - https:\/\/yoast.com\/wordpress\/plugins\/seo\/ -->\n<title>Entsteinte Schwarze Oliven in 5\/1-Dose<\/title>\n<meta name=\"description\" content=\"Entsteinte schwarze Oliven in 5\/1-Dose, gebrauchsfertig. Professionelles Format, ausgewogener Geschmack, ideal f\u00fcr Pizzen, Salate und Fertiggerichte.\" \/>\n<meta name=\"robots\" content=\"index, follow, max-snippet:-1, max-image-preview:large, max-video-preview:-1\" \/>\n<link rel=\"canonical\" href=\"https:\/\/www.csj-emballages.com\/de\/produit\/schachtel-5-1-schwarze-entkernte-oliven\/\" \/>\n<meta property=\"og:locale\" content=\"de_DE\" \/>\n<meta property=\"og:type\" content=\"article\" \/>\n<meta property=\"og:title\" content=\"Entsteinte schwarze Oliven in 5\/1-Dose\" \/>\n<meta property=\"og:description\" content=\"Entsteinte schwarze Oliven in 5\/1-Dose, gebrauchsfertig. Professionelles Format, ausgewogener Geschmack, ideal f\u00fcr Pizzen, Salate und Fertiggerichte.\" \/>\n<meta property=\"og:url\" content=\"https:\/\/www.csj-emballages.com\/de\/produit\/schachtel-5-1-schwarze-entkernte-oliven\/\" \/>\n<meta property=\"og:site_name\" content=\"CSJ Emballages\" \/>\n<meta property=\"article:publisher\" content=\"https:\/\/www.facebook.com\/csjemballages\" \/>\n<meta property=\"article:modified_time\" content=\"2026-03-12T15:06:58+00:00\" \/>\n<meta property=\"og:image\" content=\"https:\/\/www.csj-emballages.com\/wp-content\/uploads\/2024\/05\/180061.webp\" \/>\n\t<meta property=\"og:image:width\" content=\"800\" \/>\n\t<meta property=\"og:image:height\" content=\"800\" \/>\n\t<meta property=\"og:image:type\" content=\"image\/webp\" \/>\n<meta name=\"twitter:card\" content=\"summary_large_image\" \/>\n<meta name=\"twitter:label1\" content=\"Gesch\u00e4tzte Lesezeit\" \/>\n\t<meta name=\"twitter:data1\" content=\"1\u00a0Minute\" \/>\n<script type=\"application\/ld+json\" class=\"yoast-schema-graph\">{\"@context\":\"https:\/\/schema.org\",\"@graph\":[{\"@type\":\"WebPage\",\"@id\":\"https:\/\/www.csj-emballages.com\/de\/produit\/schachtel-5-1-schwarze-entkernte-oliven\/\",\"url\":\"https:\/\/www.csj-emballages.com\/de\/produit\/schachtel-5-1-schwarze-entkernte-oliven\/\",\"name\":\"Entsteinte Schwarze Oliven in 5\/1-Dose\",\"isPartOf\":{\"@id\":\"https:\/\/www.csj-emballages.com\/de\/#website\"},\"primaryImageOfPage\":{\"@id\":\"https:\/\/www.csj-emballages.com\/de\/produit\/schachtel-5-1-schwarze-entkernte-oliven\/#primaryimage\"},\"image\":{\"@id\":\"https:\/\/www.csj-emballages.com\/de\/produit\/schachtel-5-1-schwarze-entkernte-oliven\/#primaryimage\"},\"thumbnailUrl\":\"https:\/\/www.csj-emballages.com\/wp-content\/uploads\/2024\/05\/180061.webp\",\"datePublished\":\"2024-05-24T08:48:37+00:00\",\"dateModified\":\"2026-03-12T15:06:58+00:00\",\"description\":\"Entsteinte schwarze Oliven in 5\/1-Dose, gebrauchsfertig. Professionelles Format, ausgewogener Geschmack, ideal f\u00fcr Pizzen, Salate und Fertiggerichte.\",\"breadcrumb\":{\"@id\":\"https:\/\/www.csj-emballages.com\/de\/produit\/schachtel-5-1-schwarze-entkernte-oliven\/#breadcrumb\"},\"inLanguage\":\"de\",\"potentialAction\":[{\"@type\":\"ReadAction\",\"target\":[\"https:\/\/www.csj-emballages.com\/de\/produit\/schachtel-5-1-schwarze-entkernte-oliven\/\"]}]},{\"@type\":\"ImageObject\",\"inLanguage\":\"de\",\"@id\":\"https:\/\/www.csj-emballages.com\/de\/produit\/schachtel-5-1-schwarze-entkernte-oliven\/#primaryimage\",\"url\":\"https:\/\/www.csj-emballages.com\/wp-content\/uploads\/2024\/05\/180061.webp\",\"contentUrl\":\"https:\/\/www.csj-emballages.com\/wp-content\/uploads\/2024\/05\/180061.webp\",\"width\":800,\"height\":800,\"caption\":\"Olives noires\"},{\"@type\":\"BreadcrumbList\",\"@id\":\"https:\/\/www.csj-emballages.com\/de\/produit\/schachtel-5-1-schwarze-entkernte-oliven\/#breadcrumb\",\"itemListElement\":[{\"@type\":\"ListItem\",\"position\":1,\"name\":\"Accueil\",\"item\":\"https:\/\/www.csj-emballages.com\/de\/universum-lebensmittelverpackungen\/\"},{\"@type\":\"ListItem\",\"position\":2,\"name\":\"Shop\",\"item\":\"https:\/\/www.csj-emballages.com\/shop\/\"},{\"@type\":\"ListItem\",\"position\":3,\"name\":\"Entsteinte schwarze Oliven in 5\/1-Dose\"}]},{\"@type\":\"WebSite\",\"@id\":\"https:\/\/www.csj-emballages.com\/de\/#website\",\"url\":\"https:\/\/www.csj-emballages.com\/de\/\",\"name\":\"CSJ Emballages\",\"description\":\"\",\"publisher\":{\"@id\":\"https:\/\/www.csj-emballages.com\/de\/#organization\"},\"potentialAction\":[{\"@type\":\"SearchAction\",\"target\":{\"@type\":\"EntryPoint\",\"urlTemplate\":\"https:\/\/www.csj-emballages.com\/de\/?s={search_term_string}\"},\"query-input\":{\"@type\":\"PropertyValueSpecification\",\"valueRequired\":true,\"valueName\":\"search_term_string\"}}],\"inLanguage\":\"de\"},{\"@type\":\"Organization\",\"@id\":\"https:\/\/www.csj-emballages.com\/de\/#Organization\/\",\"name\":\"CSJ Emballages\",\"url\":\"https:\/\/www.csj-emballages.com\/de\/\",\"logo\":{\"@type\":\"ImageObject\",\"inLanguage\":\"de\",\"@id\":\"https:\/\/www.csj-emballages.com\/de\/#\/schema\/logo\/image\/\",\"url\":\"https:\/\/www.csj-emballages.com\/wp-content\/uploads\/2023\/10\/logo_csj.webp\",\"contentUrl\":\"https:\/\/www.csj-emballages.com\/wp-content\/uploads\/2023\/10\/logo_csj.webp\",\"width\":250,\"height\":95,\"caption\":\"CSJ Emballages\"},\"image\":{\"@id\":\"https:\/\/www.csj-emballages.com\/de\/#\/schema\/logo\/image\/\"},\"sameAs\":[\"https:\/\/www.facebook.com\/csjemballages\"],\"address\":{\"@type\":\"PostalAddress\",\"streetAddress\":\"ZI La Lechere\",\"addressLocality\":\"Patornay\",\"postalCode\":\"39130\",\"addressCountry\":\"FR\"},\"contactPoint\":[{\"@type\":\"ContactPoint\",\"contactType\":\"Service client\",\"telephone\":\"0384254272\",\"email\":\"contact@csj-emballages.com\"}]}]}<\/script>\n<!-- \/ Yoast SEO Premium plugin. -->","yoast_head_json":{"title":"Entsteinte Schwarze Oliven in 5\/1-Dose","description":"Entsteinte schwarze Oliven in 5\/1-Dose, gebrauchsfertig. Professionelles Format, ausgewogener Geschmack, ideal f\u00fcr Pizzen, Salate und Fertiggerichte.","robots":{"index":"index","follow":"follow","max-snippet":"max-snippet:-1","max-image-preview":"max-image-preview:large","max-video-preview":"max-video-preview:-1"},"canonical":"https:\/\/www.csj-emballages.com\/de\/produit\/schachtel-5-1-schwarze-entkernte-oliven\/","og_locale":"de_DE","og_type":"article","og_title":"Entsteinte schwarze Oliven in 5\/1-Dose","og_description":"Entsteinte schwarze Oliven in 5\/1-Dose, gebrauchsfertig. Professionelles Format, ausgewogener Geschmack, ideal f\u00fcr Pizzen, Salate und Fertiggerichte.","og_url":"https:\/\/www.csj-emballages.com\/de\/produit\/schachtel-5-1-schwarze-entkernte-oliven\/","og_site_name":"CSJ Emballages","article_publisher":"https:\/\/www.facebook.com\/csjemballages","article_modified_time":"2026-03-12T15:06:58+00:00","og_image":[{"width":800,"height":800,"url":"https:\/\/www.csj-emballages.com\/wp-content\/uploads\/2024\/05\/180061.webp","type":"image\/webp"}],"twitter_card":"summary_large_image","twitter_misc":{"Gesch\u00e4tzte Lesezeit":"1\u00a0Minute"},"schema":{"@context":"https:\/\/schema.org","@graph":[{"@type":"WebPage","@id":"https:\/\/www.csj-emballages.com\/de\/produit\/schachtel-5-1-schwarze-entkernte-oliven\/","url":"https:\/\/www.csj-emballages.com\/de\/produit\/schachtel-5-1-schwarze-entkernte-oliven\/","name":"Entsteinte Schwarze Oliven in 5\/1-Dose","isPartOf":{"@id":"https:\/\/www.csj-emballages.com\/de\/#website"},"primaryImageOfPage":{"@id":"https:\/\/www.csj-emballages.com\/de\/produit\/schachtel-5-1-schwarze-entkernte-oliven\/#primaryimage"},"image":{"@id":"https:\/\/www.csj-emballages.com\/de\/produit\/schachtel-5-1-schwarze-entkernte-oliven\/#primaryimage"},"thumbnailUrl":"https:\/\/www.csj-emballages.com\/wp-content\/uploads\/2024\/05\/180061.webp","datePublished":"2024-05-24T08:48:37+00:00","dateModified":"2026-03-12T15:06:58+00:00","description":"Entsteinte schwarze Oliven in 5\/1-Dose, gebrauchsfertig. Professionelles Format, ausgewogener Geschmack, ideal f\u00fcr Pizzen, Salate und Fertiggerichte.","breadcrumb":{"@id":"https:\/\/www.csj-emballages.com\/de\/produit\/schachtel-5-1-schwarze-entkernte-oliven\/#breadcrumb"},"inLanguage":"de","potentialAction":[{"@type":"ReadAction","target":["https:\/\/www.csj-emballages.com\/de\/produit\/schachtel-5-1-schwarze-entkernte-oliven\/"]}]},{"@type":"ImageObject","inLanguage":"de","@id":"https:\/\/www.csj-emballages.com\/de\/produit\/schachtel-5-1-schwarze-entkernte-oliven\/#primaryimage","url":"https:\/\/www.csj-emballages.com\/wp-content\/uploads\/2024\/05\/180061.webp","contentUrl":"https:\/\/www.csj-emballages.com\/wp-content\/uploads\/2024\/05\/180061.webp","width":800,"height":800,"caption":"Olives noires"},{"@type":"BreadcrumbList","@id":"https:\/\/www.csj-emballages.com\/de\/produit\/schachtel-5-1-schwarze-entkernte-oliven\/#breadcrumb","itemListElement":[{"@type":"ListItem","position":1,"name":"Accueil","item":"https:\/\/www.csj-emballages.com\/de\/universum-lebensmittelverpackungen\/"},{"@type":"ListItem","position":2,"name":"Shop","item":"https:\/\/www.csj-emballages.com\/shop\/"},{"@type":"ListItem","position":3,"name":"Entsteinte schwarze Oliven in 5\/1-Dose"}]},{"@type":"WebSite","@id":"https:\/\/www.csj-emballages.com\/de\/#website","url":"https:\/\/www.csj-emballages.com\/de\/","name":"CSJ Emballages","description":"","publisher":{"@id":"https:\/\/www.csj-emballages.com\/de\/#organization"},"potentialAction":[{"@type":"SearchAction","target":{"@type":"EntryPoint","urlTemplate":"https:\/\/www.csj-emballages.com\/de\/?s={search_term_string}"},"query-input":{"@type":"PropertyValueSpecification","valueRequired":true,"valueName":"search_term_string"}}],"inLanguage":"de"},{"@type":"Organization","@id":"https:\/\/www.csj-emballages.com\/de\/#Organization\/","name":"CSJ Emballages","url":"https:\/\/www.csj-emballages.com\/de\/","logo":{"@type":"ImageObject","inLanguage":"de","@id":"https:\/\/www.csj-emballages.com\/de\/#\/schema\/logo\/image\/","url":"https:\/\/www.csj-emballages.com\/wp-content\/uploads\/2023\/10\/logo_csj.webp","contentUrl":"https:\/\/www.csj-emballages.com\/wp-content\/uploads\/2023\/10\/logo_csj.webp","width":250,"height":95,"caption":"CSJ Emballages"},"image":{"@id":"https:\/\/www.csj-emballages.com\/de\/#\/schema\/logo\/image\/"},"sameAs":["https:\/\/www.facebook.com\/csjemballages"],"address":{"@type":"PostalAddress","streetAddress":"ZI La Lechere","addressLocality":"Patornay","postalCode":"39130","addressCountry":"FR"},"contactPoint":[{"@type":"ContactPoint","contactType":"Service client","telephone":"0384254272","email":"contact@csj-emballages.com"}]}]}},"df_price":14.99,"df_sale_price":"","df_regular_price":14.99,"df_image_link":"https:\/\/www.csj-emballages.com\/wp-content\/uploads\/2024\/05\/180061-300x300.webp","tiered_pricing_type":"fixed","tiered_pricing_fixed_rules":[],"tiered_pricing_percentage_rules":[],"tiered_pricing_minimum":1,"tiered_pricing_roles_data":[],"_links":{"self":[{"href":"https:\/\/www.csj-emballages.com\/de\/wp-json\/wp\/v2\/product\/16704","targetHints":{"allow":["GET"]}}],"collection":[{"href":"https:\/\/www.csj-emballages.com\/de\/wp-json\/wp\/v2\/product"}],"about":[{"href":"https:\/\/www.csj-emballages.com\/de\/wp-json\/wp\/v2\/types\/product"}],"wp:featuredmedia":[{"embeddable":true,"href":"https:\/\/www.csj-emballages.com\/de\/wp-json\/wp\/v2\/media\/260946"}],"wp:attachment":[{"href":"https:\/\/www.csj-emballages.com\/de\/wp-json\/wp\/v2\/media?parent=16704"}],"wp:term":[{"taxonomy":"product_brand","embeddable":true,"href":"https:\/\/www.csj-emballages.com\/de\/wp-json\/wp\/v2\/product_brand?post=16704"},{"taxonomy":"product_cat","embeddable":true,"href":"https:\/\/www.csj-emballages.com\/de\/wp-json\/wp\/v2\/product_cat?post=16704"},{"taxonomy":"product_tag","embeddable":true,"href":"https:\/\/www.csj-emballages.com\/de\/wp-json\/wp\/v2\/product_tag?post=16704"}],"curies":[{"name":"wp","href":"https:\/\/api.w.org\/{rel}","templated":true}]}}