{"id":16702,"date":"2024-05-24T10:49:29","date_gmt":"2024-05-24T08:49:29","guid":{"rendered":"https:\/\/u15jnbdpoq.preview.infomaniak.website\/produit\/schachtel-5-1-pizzasauce\/"},"modified":"2026-04-21T02:10:48","modified_gmt":"2026-04-21T00:10:48","slug":"schachtel-5-1-pizzasauce","status":"publish","type":"product","link":"https:\/\/www.csj-emballages.com\/de\/produit\/schachtel-5-1-pizzasauce\/","title":{"rendered":"Pizzasauce, Dose 5\/1"},"content":{"rendered":"<h2>Pizzasauce<\/h2>\n<hr>\n<h3>Entdecken Sie unsere Pizzasauce in der 5\/1 Dose<\/h3>\n<p><!--more--><\/p>\n<div class=\"flex flex-grow flex-col max-w-full\">\n<div class=\"min-h-[20px] text-message flex flex-col items-start whitespace-pre-wrap break-words [.text-message+&amp;]:mt-5 juice:w-full juice:items-end overflow-x-auto gap-2\" dir=\"auto\" data-message-author-role=\"assistant\" data-message-id=\"579bfb50-fb6c-479d-a152-27ab4b509f37\">\n<div class=\"flex w-full flex-col gap-1 juice:empty:hidden juice:first:pt-[3px]\">\n<div class=\"markdown prose w-full break-words dark:prose-invert light\">\n<div class=\"flex-1 overflow-hidden\">\n<div class=\"react-scroll-to-bottom--css-ygaxm-79elbk h-full\">\n<div class=\"react-scroll-to-bottom--css-ygaxm-1n7m0yu\">\n<div class=\"flex flex-col text-sm\">\n<div class=\"w-full text-token-text-primary\" dir=\"auto\" data-testid=\"conversation-turn-3\" data-scroll-anchor=\"true\">\n<div class=\"py-2 juice:py-[18px] px-3 text-base md:px-4 m-auto md:px-5 lg:px-1 xl:px-5\">\n<div class=\"mx-auto flex flex-1 gap-3 text-base juice:gap-4 juice:md:gap-5 juice:lg:gap-6 md:max-w-3xl lg:max-w-[40rem] xl:max-w-[48rem]\">\n<div class=\"group\/conversation-turn relative flex w-full min-w-0 flex-col agent-turn\">\n<div class=\"flex-col gap-1 md:gap-3\">\n<div class=\"flex flex-grow flex-col max-w-full\">\n<div class=\"min-h-[20px] text-message flex flex-col items-start whitespace-pre-wrap break-words [.text-message+&amp;]:mt-5 juice:w-full juice:items-end overflow-x-auto gap-2\" dir=\"auto\" data-message-author-role=\"assistant\" data-message-id=\"cc8c8b89-e7cc-4334-9633-5926bce5a78c\">\n<div class=\"flex w-full flex-col gap-1 juice:empty:hidden juice:first:pt-[3px]\">\n<div class=\"markdown prose w-full break-words dark:prose-invert light\">\n<p data-start=\"225\" data-end=\"613\">Wenn der Betrieb hektisch wird, ben\u00f6tigen Sie eine Sauce, auf die Sie sich blind verlassen k\u00f6nnen. Diese <strong data-start=\"339\" data-end=\"367\">Pizzasauce in der 5\/1 Dose<\/strong> ist genau daf\u00fcr konzipiert, dem Tempo professioneller K\u00fcchen standzuhalten. Schon beim \u00d6ffnen offenbart sie eine <strong>gut verarbeitete Tomatenbasis<\/strong> mit einer <strong>glatten<\/strong> und <strong>homogenen Textur<\/strong>, die sich leicht auf dem Teig verteilen l\u00e4sst, ohne zu verlaufen oder die Pizza zu beschweren.  <\/p>\n<p data-start=\"615\" data-end=\"1022\">Ihr Geschmack bleibt ausgewogen: ausgepr\u00e4gt genug, um Charakter zu verleihen, aber neutral genug, um sich an alle Rezepte anzupassen. Ob Sie eine <strong>klassische Margherita<\/strong>, eine <strong>gut belegte Pizza<\/strong> oder ein kreativeres Rezept zubereiten, diese <strong>Sauce<\/strong> dient als zuverl\u00e4ssige und gleichm\u00e4\u00dfige Basis. Sie ist perfekt backstabil und beh\u00e4lt ihre intensive <strong>rote Farbe<\/strong> im Ofen, was beim Servieren f\u00fcr eine appetitliche Optik sorgt.  <\/p>\n<p data-start=\"1024\" data-end=\"1371\">Dank ihres gro\u00dfen <strong data-start=\"1049\" data-end=\"1056\">5\/1-Formats<\/strong> f\u00fcgt sie sich nahtlos in die Abl\u00e4ufe von <strong>Pizzerien, Restaurants, Imbissen oder Food-Trucks<\/strong> ein. Sie sparen Zeit, indem Sie mehrere kleine Verpackungen vermeiden, und behalten gleichzeitig Ihre Kosten im Griff. Zudem gew\u00e4hrleistet die Metalldose eine gute Haltbarkeit des Produkts und eine schrittweise Verwendung ohne Verluste.  <\/p>\n<p data-start=\"1373\" data-end=\"1695\">Im Alltag vereinfacht diese <strong>Sauce<\/strong> die Arbeit in der K\u00fcche. Sie l\u00e4sst sich leicht dosieren, gut mit Kr\u00e4utern oder Gew\u00fcrzen mischen, falls Sie sie personalisieren m\u00f6chten, und garantiert eine gleichbleibende Qualit\u00e4t von <strong>Pizza<\/strong> zu <strong>Pizza<\/strong>. Sie ist eine effiziente Basis, konzipiert f\u00fcr alle, die schnell arbeiten und dabei konstant hohe Qualit\u00e4t liefern m\u00f6chten.  <\/p>\n<p data-start=\"1697\" data-end=\"1836\">Kurz gesagt, diese <strong>Pizzasauce<\/strong> ist nicht dazu da, die Dinge zu verkomplizieren, sondern um Ihnen zu helfen, schnell, gut und ohne b\u00f6se \u00dcberraschungen zu produzieren.<\/p>\n<\/div>\n<div><!--more--><\/div>\n<h4 class=\"markdown prose w-full break-words dark:prose-invert light\">Vorteile :<\/h4>\n<\/div>\n<\/div>\n<\/div>\n<\/div>\n<\/div>\n<\/div>\n<\/div>\n<\/div>\n<\/div>\n<\/div>\n<\/div>\n<\/div>\n<ul>\n<li data-start=\"1864\" data-end=\"1908\">Ideale Textur f\u00fcr schnelles Auftragen.<\/li>\n<li data-start=\"1911\" data-end=\"1941\"><strong>Ausgewogener Geschmack<\/strong> und vielseitig.<\/li>\n<li data-start=\"1944\" data-end=\"1970\">Backstabil.<\/li>\n<li data-start=\"1973\" data-end=\"2008\"><strong>5\/1-Format<\/strong>, wirtschaftlich und praktisch.<\/li>\n<li data-start=\"2011\" data-end=\"2041\">F\u00fcr intensiven Gebrauch geeignet.<\/li>\n<\/ul>\n<\/div>\n<\/div>\n<p>&nbsp;<\/p>\n<div class=\"flex w-full flex-col gap-1 juice:empty:hidden juice:first:pt-[3px]\">\n<div class=\"markdown prose w-full break-words dark:prose-invert light\">\n<p><!--more--><\/p>\n<p><strong>Weitere Informationen :<\/strong><\/p>\n<ul>\n<li><strong>Verpackung<\/strong>: Schachtel 5\/1<\/li>\n<li><b>Brix-Wert <\/b>: 10-12 Brix<\/li>\n<li><strong>Kapazit\u00e4t<\/strong>: 4250 ml<\/li>\n<\/ul>\n<\/div>\n<\/div>\n<\/div>\n<\/div>\n<p>&nbsp;<\/p>\n<p><!--more--><\/p>\n<div class=\"flex flex-grow flex-col max-w-full\">\n<div class=\"min-h-[20px] text-message flex flex-col items-start whitespace-pre-wrap break-words [.text-message+&amp;]:mt-5 juice:w-full juice:items-end overflow-x-auto gap-2\" dir=\"auto\" data-message-author-role=\"assistant\" data-message-id=\"579bfb50-fb6c-479d-a152-27ab4b509f37\">\n<div class=\"flex w-full flex-col gap-1 juice:empty:hidden juice:first:pt-[3px]\">\n<div class=\"markdown prose w-full break-words dark:prose-invert light\">\n<p>Entdecken Sie hier unser <span style=\"color: #d12727;\"><br \/>\n  <a style=\"color: #d12727;\" href=\"https:\/\/www.csj-emballages.com\/produit\/boite-4-4-de-double-concentre-de-tomate-28-brix\/\">Doppeltes Tomatenkonzentrat<\/a><br \/>\n<\/span><\/p>\n<p>&nbsp;<\/p>\n<\/div>\n<\/div>\n<\/div>\n<\/div>\n<p><!--more--><\/p>\n<p><a href=\"https:\/\/u15jnbdpoq.preview.infomaniak.website\/categorie-produit\/alimentation\/aliments\/sauce-tomate\/\">Sehen Sie sich den Rest unseres Sortiments an Tomatenso\u00dfe an.<\/a><\/p>\n","protected":false},"excerpt":{"rendered":"<p>Pizzasauce Entdecken Sie unsere Pizzasauce in der 5\/1 Dose<\/p>\n","protected":false},"featured_media":260711,"template":"","meta":{"_acf_changed":false},"product_brand":[],"product_cat":[1144,3671],"product_tag":[],"class_list":{"0":"post-16702","1":"product","2":"type-product","3":"status-publish","4":"has-post-thumbnail","6":"product_cat-lebensmittel","7":"product_cat-tomatensose","9":"first","10":"instock","11":"taxable","12":"shipping-taxable","13":"purchasable","14":"product-type-simple"},"acf":[],"yoast_head":"<!-- This site is optimized with the Yoast SEO Premium plugin v26.6 (Yoast SEO v26.6) - https:\/\/yoast.com\/wordpress\/plugins\/seo\/ -->\n<title>Pizzasauce, Dose 5\/1<\/title>\n<meta name=\"description\" content=\"Pizzasauce, Dose 5\/1, glatte Textur und ausgewogener Geschmack. Ideal f\u00fcr Pizzerien und Gewerbek\u00fcchen, einfach zu dosieren und backstabil.\" \/>\n<meta name=\"robots\" content=\"index, follow, max-snippet:-1, max-image-preview:large, max-video-preview:-1\" \/>\n<link rel=\"canonical\" href=\"https:\/\/www.csj-emballages.com\/de\/produit\/schachtel-5-1-pizzasauce\/\" \/>\n<meta property=\"og:locale\" content=\"de_DE\" \/>\n<meta property=\"og:type\" content=\"article\" \/>\n<meta property=\"og:title\" content=\"Pizzasauce, Dose 5\/1\" \/>\n<meta property=\"og:description\" content=\"Pizzasauce, Dose 5\/1, glatte Textur und ausgewogener Geschmack. Ideal f\u00fcr Pizzerien und Gewerbek\u00fcchen, einfach zu dosieren und backstabil.\" \/>\n<meta property=\"og:url\" content=\"https:\/\/www.csj-emballages.com\/de\/produit\/schachtel-5-1-pizzasauce\/\" \/>\n<meta property=\"og:site_name\" content=\"CSJ Emballages\" \/>\n<meta property=\"article:publisher\" content=\"https:\/\/www.facebook.com\/csjemballages\" \/>\n<meta property=\"article:modified_time\" content=\"2026-04-21T00:10:48+00:00\" \/>\n<meta property=\"og:image\" content=\"https:\/\/www.csj-emballages.com\/wp-content\/uploads\/2024\/05\/270010.webp\" \/>\n\t<meta property=\"og:image:width\" content=\"800\" \/>\n\t<meta property=\"og:image:height\" content=\"800\" \/>\n\t<meta property=\"og:image:type\" content=\"image\/webp\" \/>\n<meta name=\"twitter:card\" content=\"summary_large_image\" \/>\n<meta name=\"twitter:label1\" content=\"Gesch\u00e4tzte Lesezeit\" \/>\n\t<meta name=\"twitter:data1\" content=\"2 Minuten\" \/>\n<script type=\"application\/ld+json\" class=\"yoast-schema-graph\">{\"@context\":\"https:\/\/schema.org\",\"@graph\":[{\"@type\":\"WebPage\",\"@id\":\"https:\/\/www.csj-emballages.com\/de\/produit\/schachtel-5-1-pizzasauce\/\",\"url\":\"https:\/\/www.csj-emballages.com\/de\/produit\/schachtel-5-1-pizzasauce\/\",\"name\":\"Pizzasauce, Dose 5\/1\",\"isPartOf\":{\"@id\":\"https:\/\/www.csj-emballages.com\/de\/#website\"},\"primaryImageOfPage\":{\"@id\":\"https:\/\/www.csj-emballages.com\/de\/produit\/schachtel-5-1-pizzasauce\/#primaryimage\"},\"image\":{\"@id\":\"https:\/\/www.csj-emballages.com\/de\/produit\/schachtel-5-1-pizzasauce\/#primaryimage\"},\"thumbnailUrl\":\"https:\/\/www.csj-emballages.com\/wp-content\/uploads\/2024\/05\/270010.webp\",\"datePublished\":\"2024-05-24T08:49:29+00:00\",\"dateModified\":\"2026-04-21T00:10:48+00:00\",\"description\":\"Pizzasauce, Dose 5\/1, glatte Textur und ausgewogener Geschmack. Ideal f\u00fcr Pizzerien und Gewerbek\u00fcchen, einfach zu dosieren und backstabil.\",\"breadcrumb\":{\"@id\":\"https:\/\/www.csj-emballages.com\/de\/produit\/schachtel-5-1-pizzasauce\/#breadcrumb\"},\"inLanguage\":\"de\",\"potentialAction\":[{\"@type\":\"ReadAction\",\"target\":[\"https:\/\/www.csj-emballages.com\/de\/produit\/schachtel-5-1-pizzasauce\/\"]}]},{\"@type\":\"ImageObject\",\"inLanguage\":\"de\",\"@id\":\"https:\/\/www.csj-emballages.com\/de\/produit\/schachtel-5-1-pizzasauce\/#primaryimage\",\"url\":\"https:\/\/www.csj-emballages.com\/wp-content\/uploads\/2024\/05\/270010.webp\",\"contentUrl\":\"https:\/\/www.csj-emballages.com\/wp-content\/uploads\/2024\/05\/270010.webp\",\"width\":800,\"height\":800,\"caption\":\"Sauce pizza\"},{\"@type\":\"BreadcrumbList\",\"@id\":\"https:\/\/www.csj-emballages.com\/de\/produit\/schachtel-5-1-pizzasauce\/#breadcrumb\",\"itemListElement\":[{\"@type\":\"ListItem\",\"position\":1,\"name\":\"Accueil\",\"item\":\"https:\/\/www.csj-emballages.com\/de\/universum-lebensmittelverpackungen\/\"},{\"@type\":\"ListItem\",\"position\":2,\"name\":\"Shop\",\"item\":\"https:\/\/www.csj-emballages.com\/shop\/\"},{\"@type\":\"ListItem\",\"position\":3,\"name\":\"Pizzasauce, Dose 5\/1\"}]},{\"@type\":\"WebSite\",\"@id\":\"https:\/\/www.csj-emballages.com\/de\/#website\",\"url\":\"https:\/\/www.csj-emballages.com\/de\/\",\"name\":\"CSJ Emballages\",\"description\":\"\",\"publisher\":{\"@id\":\"https:\/\/www.csj-emballages.com\/de\/#organization\"},\"potentialAction\":[{\"@type\":\"SearchAction\",\"target\":{\"@type\":\"EntryPoint\",\"urlTemplate\":\"https:\/\/www.csj-emballages.com\/de\/?s={search_term_string}\"},\"query-input\":{\"@type\":\"PropertyValueSpecification\",\"valueRequired\":true,\"valueName\":\"search_term_string\"}}],\"inLanguage\":\"de\"},{\"@type\":\"Organization\",\"@id\":\"https:\/\/www.csj-emballages.com\/de\/#Organization\/\",\"name\":\"CSJ Emballages\",\"url\":\"https:\/\/www.csj-emballages.com\/de\/\",\"logo\":{\"@type\":\"ImageObject\",\"inLanguage\":\"de\",\"@id\":\"https:\/\/www.csj-emballages.com\/de\/#\/schema\/logo\/image\/\",\"url\":\"https:\/\/www.csj-emballages.com\/wp-content\/uploads\/2023\/10\/logo_csj.webp\",\"contentUrl\":\"https:\/\/www.csj-emballages.com\/wp-content\/uploads\/2023\/10\/logo_csj.webp\",\"width\":250,\"height\":95,\"caption\":\"CSJ Emballages\"},\"image\":{\"@id\":\"https:\/\/www.csj-emballages.com\/de\/#\/schema\/logo\/image\/\"},\"sameAs\":[\"https:\/\/www.facebook.com\/csjemballages\"],\"address\":{\"@type\":\"PostalAddress\",\"streetAddress\":\"ZI La Lechere\",\"addressLocality\":\"Patornay\",\"postalCode\":\"39130\",\"addressCountry\":\"FR\"},\"contactPoint\":[{\"@type\":\"ContactPoint\",\"contactType\":\"Service client\",\"telephone\":\"0384254272\",\"email\":\"contact@csj-emballages.com\"}]}]}<\/script>\n<!-- \/ Yoast SEO Premium plugin. -->","yoast_head_json":{"title":"Pizzasauce, Dose 5\/1","description":"Pizzasauce, Dose 5\/1, glatte Textur und ausgewogener Geschmack. Ideal f\u00fcr Pizzerien und Gewerbek\u00fcchen, einfach zu dosieren und backstabil.","robots":{"index":"index","follow":"follow","max-snippet":"max-snippet:-1","max-image-preview":"max-image-preview:large","max-video-preview":"max-video-preview:-1"},"canonical":"https:\/\/www.csj-emballages.com\/de\/produit\/schachtel-5-1-pizzasauce\/","og_locale":"de_DE","og_type":"article","og_title":"Pizzasauce, Dose 5\/1","og_description":"Pizzasauce, Dose 5\/1, glatte Textur und ausgewogener Geschmack. Ideal f\u00fcr Pizzerien und Gewerbek\u00fcchen, einfach zu dosieren und backstabil.","og_url":"https:\/\/www.csj-emballages.com\/de\/produit\/schachtel-5-1-pizzasauce\/","og_site_name":"CSJ Emballages","article_publisher":"https:\/\/www.facebook.com\/csjemballages","article_modified_time":"2026-04-21T00:10:48+00:00","og_image":[{"width":800,"height":800,"url":"https:\/\/www.csj-emballages.com\/wp-content\/uploads\/2024\/05\/270010.webp","type":"image\/webp"}],"twitter_card":"summary_large_image","twitter_misc":{"Gesch\u00e4tzte Lesezeit":"2 Minuten"},"schema":{"@context":"https:\/\/schema.org","@graph":[{"@type":"WebPage","@id":"https:\/\/www.csj-emballages.com\/de\/produit\/schachtel-5-1-pizzasauce\/","url":"https:\/\/www.csj-emballages.com\/de\/produit\/schachtel-5-1-pizzasauce\/","name":"Pizzasauce, Dose 5\/1","isPartOf":{"@id":"https:\/\/www.csj-emballages.com\/de\/#website"},"primaryImageOfPage":{"@id":"https:\/\/www.csj-emballages.com\/de\/produit\/schachtel-5-1-pizzasauce\/#primaryimage"},"image":{"@id":"https:\/\/www.csj-emballages.com\/de\/produit\/schachtel-5-1-pizzasauce\/#primaryimage"},"thumbnailUrl":"https:\/\/www.csj-emballages.com\/wp-content\/uploads\/2024\/05\/270010.webp","datePublished":"2024-05-24T08:49:29+00:00","dateModified":"2026-04-21T00:10:48+00:00","description":"Pizzasauce, Dose 5\/1, glatte Textur und ausgewogener Geschmack. Ideal f\u00fcr Pizzerien und Gewerbek\u00fcchen, einfach zu dosieren und backstabil.","breadcrumb":{"@id":"https:\/\/www.csj-emballages.com\/de\/produit\/schachtel-5-1-pizzasauce\/#breadcrumb"},"inLanguage":"de","potentialAction":[{"@type":"ReadAction","target":["https:\/\/www.csj-emballages.com\/de\/produit\/schachtel-5-1-pizzasauce\/"]}]},{"@type":"ImageObject","inLanguage":"de","@id":"https:\/\/www.csj-emballages.com\/de\/produit\/schachtel-5-1-pizzasauce\/#primaryimage","url":"https:\/\/www.csj-emballages.com\/wp-content\/uploads\/2024\/05\/270010.webp","contentUrl":"https:\/\/www.csj-emballages.com\/wp-content\/uploads\/2024\/05\/270010.webp","width":800,"height":800,"caption":"Sauce pizza"},{"@type":"BreadcrumbList","@id":"https:\/\/www.csj-emballages.com\/de\/produit\/schachtel-5-1-pizzasauce\/#breadcrumb","itemListElement":[{"@type":"ListItem","position":1,"name":"Accueil","item":"https:\/\/www.csj-emballages.com\/de\/universum-lebensmittelverpackungen\/"},{"@type":"ListItem","position":2,"name":"Shop","item":"https:\/\/www.csj-emballages.com\/shop\/"},{"@type":"ListItem","position":3,"name":"Pizzasauce, Dose 5\/1"}]},{"@type":"WebSite","@id":"https:\/\/www.csj-emballages.com\/de\/#website","url":"https:\/\/www.csj-emballages.com\/de\/","name":"CSJ Emballages","description":"","publisher":{"@id":"https:\/\/www.csj-emballages.com\/de\/#organization"},"potentialAction":[{"@type":"SearchAction","target":{"@type":"EntryPoint","urlTemplate":"https:\/\/www.csj-emballages.com\/de\/?s={search_term_string}"},"query-input":{"@type":"PropertyValueSpecification","valueRequired":true,"valueName":"search_term_string"}}],"inLanguage":"de"},{"@type":"Organization","@id":"https:\/\/www.csj-emballages.com\/de\/#Organization\/","name":"CSJ Emballages","url":"https:\/\/www.csj-emballages.com\/de\/","logo":{"@type":"ImageObject","inLanguage":"de","@id":"https:\/\/www.csj-emballages.com\/de\/#\/schema\/logo\/image\/","url":"https:\/\/www.csj-emballages.com\/wp-content\/uploads\/2023\/10\/logo_csj.webp","contentUrl":"https:\/\/www.csj-emballages.com\/wp-content\/uploads\/2023\/10\/logo_csj.webp","width":250,"height":95,"caption":"CSJ Emballages"},"image":{"@id":"https:\/\/www.csj-emballages.com\/de\/#\/schema\/logo\/image\/"},"sameAs":["https:\/\/www.facebook.com\/csjemballages"],"address":{"@type":"PostalAddress","streetAddress":"ZI La Lechere","addressLocality":"Patornay","postalCode":"39130","addressCountry":"FR"},"contactPoint":[{"@type":"ContactPoint","contactType":"Service client","telephone":"0384254272","email":"contact@csj-emballages.com"}]}]}},"df_price":8.93,"df_sale_price":"","df_regular_price":8.93,"df_image_link":"https:\/\/www.csj-emballages.com\/wp-content\/uploads\/2024\/05\/270010-300x300.webp","tiered_pricing_type":"fixed","tiered_pricing_fixed_rules":[],"tiered_pricing_percentage_rules":[],"tiered_pricing_minimum":1,"tiered_pricing_roles_data":[],"_links":{"self":[{"href":"https:\/\/www.csj-emballages.com\/de\/wp-json\/wp\/v2\/product\/16702","targetHints":{"allow":["GET"]}}],"collection":[{"href":"https:\/\/www.csj-emballages.com\/de\/wp-json\/wp\/v2\/product"}],"about":[{"href":"https:\/\/www.csj-emballages.com\/de\/wp-json\/wp\/v2\/types\/product"}],"wp:featuredmedia":[{"embeddable":true,"href":"https:\/\/www.csj-emballages.com\/de\/wp-json\/wp\/v2\/media\/260711"}],"wp:attachment":[{"href":"https:\/\/www.csj-emballages.com\/de\/wp-json\/wp\/v2\/media?parent=16702"}],"wp:term":[{"taxonomy":"product_brand","embeddable":true,"href":"https:\/\/www.csj-emballages.com\/de\/wp-json\/wp\/v2\/product_brand?post=16702"},{"taxonomy":"product_cat","embeddable":true,"href":"https:\/\/www.csj-emballages.com\/de\/wp-json\/wp\/v2\/product_cat?post=16702"},{"taxonomy":"product_tag","embeddable":true,"href":"https:\/\/www.csj-emballages.com\/de\/wp-json\/wp\/v2\/product_tag?post=16702"}],"curies":[{"name":"wp","href":"https:\/\/api.w.org\/{rel}","templated":true}]}}