{"id":16692,"date":"2024-05-24T10:49:28","date_gmt":"2024-05-24T08:49:28","guid":{"rendered":"https:\/\/u15jnbdpoq.preview.infomaniak.website\/produit\/box-4-4-doppeltes-tomatenkonzentrat-28-brix\/"},"modified":"2026-03-12T16:08:01","modified_gmt":"2026-03-12T15:08:01","slug":"box-4-4-doppeltes-tomatenkonzentrat-28-brix","status":"publish","type":"product","link":"https:\/\/www.csj-emballages.com\/de\/produit\/box-4-4-doppeltes-tomatenkonzentrat-28-brix\/","title":{"rendered":"Tomatenmark doppelt konzentriert 28 Brix in 4\/4-Dose"},"content":{"rendered":"<h2>Tomatenmark doppelt konzentriert<\/h2>\n<hr>\n<h3>Entdecken Sie unser Tomatenmark doppelt konzentriert 28 Brix in 4\/4-Dose<\/h3>\n<p><!--more--><\/p>\n<div class=\"flex flex-grow flex-col max-w-full\">\n<div class=\"min-h-[20px] text-message flex flex-col items-start whitespace-pre-wrap break-words [.text-message+&amp;]:mt-5 juice:w-full juice:items-end overflow-x-auto gap-2\" dir=\"auto\" data-message-author-role=\"assistant\" data-message-id=\"579bfb50-fb6c-479d-a152-27ab4b509f37\">\n<div class=\"flex w-full flex-col gap-1 juice:empty:hidden juice:first:pt-[3px]\">\n<div class=\"markdown prose w-full break-words dark:prose-invert light\">\n<p data-start=\"301\" data-end=\"673\">Wenn man eine <strong>effektive, kr\u00e4ftige und zuverl\u00e4ssige Tomatenbasis<\/strong> sucht, erf\u00fcllt dieses <strong data-start=\"368\" data-end=\"407\">doppelt konzentrierte Tomatenmark 28 Brix<\/strong> eindeutig alle Anforderungen. Seine dichte Textur und intensive rote Farbe sprechen sofort f\u00fcr sich: Hier ist die <strong>Tomate<\/strong> deutlich pr\u00e4sent, mit Geschmack und Charakter. Eine kleine Menge gen\u00fcgt, um Ihren Zubereitungen Tiefe und Intensit\u00e4t zu verleihen.  <\/p>\n<p data-start=\"675\" data-end=\"1092\">Dank seines <strong>hohen Konzentrationsgrades<\/strong> erm\u00f6glicht dieses Konzentrat, Saucen, Fonds, Coulis oder Schmorgerichte m\u00fchelos zu verst\u00e4rken. Es l\u00f6st sich schnell auf, l\u00e4sst sich m\u00fchelos verarbeiten und f\u00fcgt sich perfekt in zahlreiche Rezepte ein, sei es in der traditionellen K\u00fcche, bei gro\u00dfen Mengen oder professionellen Zubereitungen. Sie sparen Zeit und bewahren gleichzeitig eine gleichbleibende Geschmacksqualit\u00e4t bei jedem Service.  <\/p>\n<p data-start=\"1094\" data-end=\"1387\">Verpackt in der <strong data-start=\"1109\" data-end=\"1122\">4\/4-Dose<\/strong>, ist dieses Format ideal f\u00fcr Restaurants, Caterer, Gro\u00dfk\u00fcchen oder Zentralk\u00fcchen. Es reduziert wiederholte Handgriffe und erm\u00f6glicht eine abfallfreie Mengenverwaltung. Zudem erleichtert seine lange Haltbarkeit die Lagerung und K\u00fcchenorganisation.  <\/p>\n<p data-start=\"1389\" data-end=\"1707\">Ob zum Verfeinern einer <strong>Tomatensauce<\/strong>, zum Anreichern einer <strong>Pizzabasis<\/strong>, um einem Schmorgericht mehr K\u00f6rper zu geben oder zum Anpassen eines Rezepts in letzter Minute, dieses <strong>doppelt konzentrierte Tomatenmark<\/strong> wird schnell zu einem unverzichtbaren Helfer. Es bietet eine einfache, effektive und konstante L\u00f6sung f\u00fcr alle K\u00fcchen, die im Rhythmus des Services arbeiten. <\/p>\n<p data-start=\"1709\" data-end=\"1861\">Zusammenfassend ist es ein praktisches, konzentriertes und vielseitiges Produkt, konzipiert f\u00fcr alle, die Geschmack, Best\u00e4ndigkeit und echte Effizienz in der K\u00fcche w\u00fcnschen.<\/p>\n<\/div>\n<\/div>\n<p data-start=\"1709\" data-end=\"1861\">\n<div class=\"flex w-full flex-col gap-1 juice:empty:hidden juice:first:pt-[3px]\">\n<div class=\"markdown prose w-full break-words dark:prose-invert light\">\n<p><!--more--><\/p>\n<h4><strong>Vorteile :  <\/strong><\/h4>\n<ul>\n<li data-start=\"121\" data-end=\"175\"><strong>Hohe Konzentration von 28 Brix<\/strong> f\u00fcr einen intensiven Geschmack.<\/li>\n<li data-start=\"178\" data-end=\"227\">S\u00e4mige Konsistenz, leicht zu dosieren und zu verarbeiten.<\/li>\n<li data-start=\"230\" data-end=\"293\">Ideal f\u00fcr <strong>Saucen, Pizzen, Schmorgerichte und kulinarische Basen<\/strong>.<\/li>\n<li data-start=\"296\" data-end=\"342\"><strong>4\/4-Format<\/strong>, f\u00fcr professionelle Anwendungen geeignet.<\/li>\n<li data-start=\"345\" data-end=\"400\">Lange Haltbarkeit, praktisch f\u00fcr die Lagerung.<\/li>\n<li data-start=\"403\" data-end=\"478\">Spart Zeit in der K\u00fcche bei gleichbleibender Qualit\u00e4t.<\/li>\n<\/ul>\n<\/div>\n<\/div>\n<\/div>\n<p>&nbsp;<\/p>\n<div class=\"min-h-[20px] text-message flex flex-col items-start whitespace-pre-wrap break-words [.text-message+&amp;]:mt-5 juice:w-full juice:items-end overflow-x-auto gap-2\" dir=\"auto\" data-message-author-role=\"assistant\" data-message-id=\"579bfb50-fb6c-479d-a152-27ab4b509f37\">\n<div class=\"flex w-full flex-col gap-1 juice:empty:hidden juice:first:pt-[3px]\">\n<div class=\"markdown prose w-full break-words dark:prose-invert light\">\n<p><!--more--><\/p>\n<h4><strong>Weitere Informationen :<\/strong><\/h4>\n<ul>\n<li><strong>Verpackung<\/strong>: Schachtel 4\/4<\/li>\n<li><b>Konzentrationsgrad <\/b>: 28 Brix<\/li>\n<li><strong>Fassungsverm\u00f6gen<\/strong>: 850 ml<\/li>\n<\/ul>\n<p>&nbsp;<\/p>\n<\/div>\n<\/div>\n<\/div>\n<\/div>\n<p><!--more--><\/p>\n<p>Entdecken Sie hier unsere <span style=\"color: #d12727;\"><br \/>\n  <a style=\"color: #d12727;\" href=\"https:\/\/www.csj-emballages.com\/produit\/boite-5-1-de-sauce-pizza\/\">Pizzasauce<\/a><br \/>\n<\/span><\/p>\n<p>&nbsp;<\/p>\n<p><!--more--><\/p>\n<p><a href=\"https:\/\/u15jnbdpoq.preview.infomaniak.website\/categorie-produit\/alimentation\/aliments\/sauce-tomate\/\">Sehen Sie sich den Rest unseres Sortiments an Tomatenso\u00dfe an.<\/a><\/p>\n","protected":false},"excerpt":{"rendered":"<p>Tomatenmark doppelt konzentriert Entdecken Sie unser Tomatenmark doppelt konzentriert 28 Brix in 4\/4-Dose<\/p>\n","protected":false},"featured_media":260690,"template":"","meta":{"_acf_changed":false},"product_brand":[],"product_cat":[1144,1183,3671],"product_tag":[],"class_list":{"0":"post-16692","1":"product","2":"type-product","3":"status-publish","4":"has-post-thumbnail","6":"product_cat-lebensmittel","7":"product_cat-lebensmittel-de","8":"product_cat-tomatensose","10":"first","11":"instock","12":"taxable","13":"shipping-taxable","14":"purchasable","15":"product-type-simple"},"acf":[],"yoast_head":"<!-- This site is optimized with the Yoast SEO Premium plugin v26.6 (Yoast SEO v26.6) - https:\/\/yoast.com\/wordpress\/plugins\/seo\/ -->\n<title>Tomatenmark doppelt konzentriert 28 Brix in 4\/4-Dose<\/title>\n<meta name=\"description\" content=\"Tomatenmark doppelt konzentriert 28 Brix in 4\/4-Dose. Intensiver Geschmack, s\u00e4mige Konsistenz und professionelles Format, ideal f\u00fcr Saucen, Pizzen und Schmorgerichte.\" \/>\n<meta name=\"robots\" content=\"index, follow, max-snippet:-1, max-image-preview:large, max-video-preview:-1\" \/>\n<link rel=\"canonical\" href=\"https:\/\/www.csj-emballages.com\/de\/produit\/box-4-4-doppeltes-tomatenkonzentrat-28-brix\/\" \/>\n<meta property=\"og:locale\" content=\"de_DE\" \/>\n<meta property=\"og:type\" content=\"article\" \/>\n<meta property=\"og:title\" content=\"Tomatenmark doppelt konzentriert 28 Brix in 4\/4-Dose\" \/>\n<meta property=\"og:description\" content=\"Tomatenmark doppelt konzentriert 28 Brix in 4\/4-Dose. Intensiver Geschmack, s\u00e4mige Konsistenz und professionelles Format, ideal f\u00fcr Saucen, Pizzen und Schmorgerichte.\" \/>\n<meta property=\"og:url\" content=\"https:\/\/www.csj-emballages.com\/de\/produit\/box-4-4-doppeltes-tomatenkonzentrat-28-brix\/\" \/>\n<meta property=\"og:site_name\" content=\"CSJ Emballages\" \/>\n<meta property=\"article:publisher\" content=\"https:\/\/www.facebook.com\/csjemballages\" \/>\n<meta property=\"article:modified_time\" content=\"2026-03-12T15:08:01+00:00\" \/>\n<meta property=\"og:image\" content=\"https:\/\/www.csj-emballages.com\/wp-content\/uploads\/2024\/05\/270008.webp\" \/>\n\t<meta property=\"og:image:width\" content=\"800\" \/>\n\t<meta property=\"og:image:height\" content=\"800\" \/>\n\t<meta property=\"og:image:type\" content=\"image\/webp\" \/>\n<meta name=\"twitter:card\" content=\"summary_large_image\" \/>\n<meta name=\"twitter:label1\" content=\"Gesch\u00e4tzte Lesezeit\" \/>\n\t<meta name=\"twitter:data1\" content=\"2 Minuten\" \/>\n<script type=\"application\/ld+json\" class=\"yoast-schema-graph\">{\"@context\":\"https:\/\/schema.org\",\"@graph\":[{\"@type\":\"WebPage\",\"@id\":\"https:\/\/www.csj-emballages.com\/de\/produit\/box-4-4-doppeltes-tomatenkonzentrat-28-brix\/\",\"url\":\"https:\/\/www.csj-emballages.com\/de\/produit\/box-4-4-doppeltes-tomatenkonzentrat-28-brix\/\",\"name\":\"Tomatenmark doppelt konzentriert 28 Brix in 4\/4-Dose\",\"isPartOf\":{\"@id\":\"https:\/\/www.csj-emballages.com\/de\/#website\"},\"primaryImageOfPage\":{\"@id\":\"https:\/\/www.csj-emballages.com\/de\/produit\/box-4-4-doppeltes-tomatenkonzentrat-28-brix\/#primaryimage\"},\"image\":{\"@id\":\"https:\/\/www.csj-emballages.com\/de\/produit\/box-4-4-doppeltes-tomatenkonzentrat-28-brix\/#primaryimage\"},\"thumbnailUrl\":\"https:\/\/www.csj-emballages.com\/wp-content\/uploads\/2024\/05\/270008.webp\",\"datePublished\":\"2024-05-24T08:49:28+00:00\",\"dateModified\":\"2026-03-12T15:08:01+00:00\",\"description\":\"Tomatenmark doppelt konzentriert 28 Brix in 4\/4-Dose. Intensiver Geschmack, s\u00e4mige Konsistenz und professionelles Format, ideal f\u00fcr Saucen, Pizzen und Schmorgerichte.\",\"breadcrumb\":{\"@id\":\"https:\/\/www.csj-emballages.com\/de\/produit\/box-4-4-doppeltes-tomatenkonzentrat-28-brix\/#breadcrumb\"},\"inLanguage\":\"de\",\"potentialAction\":[{\"@type\":\"ReadAction\",\"target\":[\"https:\/\/www.csj-emballages.com\/de\/produit\/box-4-4-doppeltes-tomatenkonzentrat-28-brix\/\"]}]},{\"@type\":\"ImageObject\",\"inLanguage\":\"de\",\"@id\":\"https:\/\/www.csj-emballages.com\/de\/produit\/box-4-4-doppeltes-tomatenkonzentrat-28-brix\/#primaryimage\",\"url\":\"https:\/\/www.csj-emballages.com\/wp-content\/uploads\/2024\/05\/270008.webp\",\"contentUrl\":\"https:\/\/www.csj-emballages.com\/wp-content\/uploads\/2024\/05\/270008.webp\",\"width\":800,\"height\":800,\"caption\":\"Double concentr\u00e9 de tomates\"},{\"@type\":\"BreadcrumbList\",\"@id\":\"https:\/\/www.csj-emballages.com\/de\/produit\/box-4-4-doppeltes-tomatenkonzentrat-28-brix\/#breadcrumb\",\"itemListElement\":[{\"@type\":\"ListItem\",\"position\":1,\"name\":\"Accueil\",\"item\":\"https:\/\/www.csj-emballages.com\/de\/universum-lebensmittelverpackungen\/\"},{\"@type\":\"ListItem\",\"position\":2,\"name\":\"Shop\",\"item\":\"https:\/\/www.csj-emballages.com\/shop\/\"},{\"@type\":\"ListItem\",\"position\":3,\"name\":\"Tomatenmark doppelt konzentriert 28 Brix in 4\/4-Dose\"}]},{\"@type\":\"WebSite\",\"@id\":\"https:\/\/www.csj-emballages.com\/de\/#website\",\"url\":\"https:\/\/www.csj-emballages.com\/de\/\",\"name\":\"CSJ Emballages\",\"description\":\"\",\"publisher\":{\"@id\":\"https:\/\/www.csj-emballages.com\/de\/#organization\"},\"potentialAction\":[{\"@type\":\"SearchAction\",\"target\":{\"@type\":\"EntryPoint\",\"urlTemplate\":\"https:\/\/www.csj-emballages.com\/de\/?s={search_term_string}\"},\"query-input\":{\"@type\":\"PropertyValueSpecification\",\"valueRequired\":true,\"valueName\":\"search_term_string\"}}],\"inLanguage\":\"de\"},{\"@type\":\"Organization\",\"@id\":\"https:\/\/www.csj-emballages.com\/de\/#Organization\/\",\"name\":\"CSJ Emballages\",\"url\":\"https:\/\/www.csj-emballages.com\/de\/\",\"logo\":{\"@type\":\"ImageObject\",\"inLanguage\":\"de\",\"@id\":\"https:\/\/www.csj-emballages.com\/de\/#\/schema\/logo\/image\/\",\"url\":\"https:\/\/www.csj-emballages.com\/wp-content\/uploads\/2023\/10\/logo_csj.webp\",\"contentUrl\":\"https:\/\/www.csj-emballages.com\/wp-content\/uploads\/2023\/10\/logo_csj.webp\",\"width\":250,\"height\":95,\"caption\":\"CSJ Emballages\"},\"image\":{\"@id\":\"https:\/\/www.csj-emballages.com\/de\/#\/schema\/logo\/image\/\"},\"sameAs\":[\"https:\/\/www.facebook.com\/csjemballages\"],\"address\":{\"@type\":\"PostalAddress\",\"streetAddress\":\"ZI La Lechere\",\"addressLocality\":\"Patornay\",\"postalCode\":\"39130\",\"addressCountry\":\"FR\"},\"contactPoint\":[{\"@type\":\"ContactPoint\",\"contactType\":\"Service client\",\"telephone\":\"0384254272\",\"email\":\"contact@csj-emballages.com\"}]}]}<\/script>\n<!-- \/ Yoast SEO Premium plugin. -->","yoast_head_json":{"title":"Tomatenmark doppelt konzentriert 28 Brix in 4\/4-Dose","description":"Tomatenmark doppelt konzentriert 28 Brix in 4\/4-Dose. Intensiver Geschmack, s\u00e4mige Konsistenz und professionelles Format, ideal f\u00fcr Saucen, Pizzen und Schmorgerichte.","robots":{"index":"index","follow":"follow","max-snippet":"max-snippet:-1","max-image-preview":"max-image-preview:large","max-video-preview":"max-video-preview:-1"},"canonical":"https:\/\/www.csj-emballages.com\/de\/produit\/box-4-4-doppeltes-tomatenkonzentrat-28-brix\/","og_locale":"de_DE","og_type":"article","og_title":"Tomatenmark doppelt konzentriert 28 Brix in 4\/4-Dose","og_description":"Tomatenmark doppelt konzentriert 28 Brix in 4\/4-Dose. Intensiver Geschmack, s\u00e4mige Konsistenz und professionelles Format, ideal f\u00fcr Saucen, Pizzen und Schmorgerichte.","og_url":"https:\/\/www.csj-emballages.com\/de\/produit\/box-4-4-doppeltes-tomatenkonzentrat-28-brix\/","og_site_name":"CSJ Emballages","article_publisher":"https:\/\/www.facebook.com\/csjemballages","article_modified_time":"2026-03-12T15:08:01+00:00","og_image":[{"width":800,"height":800,"url":"https:\/\/www.csj-emballages.com\/wp-content\/uploads\/2024\/05\/270008.webp","type":"image\/webp"}],"twitter_card":"summary_large_image","twitter_misc":{"Gesch\u00e4tzte Lesezeit":"2 Minuten"},"schema":{"@context":"https:\/\/schema.org","@graph":[{"@type":"WebPage","@id":"https:\/\/www.csj-emballages.com\/de\/produit\/box-4-4-doppeltes-tomatenkonzentrat-28-brix\/","url":"https:\/\/www.csj-emballages.com\/de\/produit\/box-4-4-doppeltes-tomatenkonzentrat-28-brix\/","name":"Tomatenmark doppelt konzentriert 28 Brix in 4\/4-Dose","isPartOf":{"@id":"https:\/\/www.csj-emballages.com\/de\/#website"},"primaryImageOfPage":{"@id":"https:\/\/www.csj-emballages.com\/de\/produit\/box-4-4-doppeltes-tomatenkonzentrat-28-brix\/#primaryimage"},"image":{"@id":"https:\/\/www.csj-emballages.com\/de\/produit\/box-4-4-doppeltes-tomatenkonzentrat-28-brix\/#primaryimage"},"thumbnailUrl":"https:\/\/www.csj-emballages.com\/wp-content\/uploads\/2024\/05\/270008.webp","datePublished":"2024-05-24T08:49:28+00:00","dateModified":"2026-03-12T15:08:01+00:00","description":"Tomatenmark doppelt konzentriert 28 Brix in 4\/4-Dose. Intensiver Geschmack, s\u00e4mige Konsistenz und professionelles Format, ideal f\u00fcr Saucen, Pizzen und Schmorgerichte.","breadcrumb":{"@id":"https:\/\/www.csj-emballages.com\/de\/produit\/box-4-4-doppeltes-tomatenkonzentrat-28-brix\/#breadcrumb"},"inLanguage":"de","potentialAction":[{"@type":"ReadAction","target":["https:\/\/www.csj-emballages.com\/de\/produit\/box-4-4-doppeltes-tomatenkonzentrat-28-brix\/"]}]},{"@type":"ImageObject","inLanguage":"de","@id":"https:\/\/www.csj-emballages.com\/de\/produit\/box-4-4-doppeltes-tomatenkonzentrat-28-brix\/#primaryimage","url":"https:\/\/www.csj-emballages.com\/wp-content\/uploads\/2024\/05\/270008.webp","contentUrl":"https:\/\/www.csj-emballages.com\/wp-content\/uploads\/2024\/05\/270008.webp","width":800,"height":800,"caption":"Double concentr\u00e9 de tomates"},{"@type":"BreadcrumbList","@id":"https:\/\/www.csj-emballages.com\/de\/produit\/box-4-4-doppeltes-tomatenkonzentrat-28-brix\/#breadcrumb","itemListElement":[{"@type":"ListItem","position":1,"name":"Accueil","item":"https:\/\/www.csj-emballages.com\/de\/universum-lebensmittelverpackungen\/"},{"@type":"ListItem","position":2,"name":"Shop","item":"https:\/\/www.csj-emballages.com\/shop\/"},{"@type":"ListItem","position":3,"name":"Tomatenmark doppelt konzentriert 28 Brix in 4\/4-Dose"}]},{"@type":"WebSite","@id":"https:\/\/www.csj-emballages.com\/de\/#website","url":"https:\/\/www.csj-emballages.com\/de\/","name":"CSJ Emballages","description":"","publisher":{"@id":"https:\/\/www.csj-emballages.com\/de\/#organization"},"potentialAction":[{"@type":"SearchAction","target":{"@type":"EntryPoint","urlTemplate":"https:\/\/www.csj-emballages.com\/de\/?s={search_term_string}"},"query-input":{"@type":"PropertyValueSpecification","valueRequired":true,"valueName":"search_term_string"}}],"inLanguage":"de"},{"@type":"Organization","@id":"https:\/\/www.csj-emballages.com\/de\/#Organization\/","name":"CSJ Emballages","url":"https:\/\/www.csj-emballages.com\/de\/","logo":{"@type":"ImageObject","inLanguage":"de","@id":"https:\/\/www.csj-emballages.com\/de\/#\/schema\/logo\/image\/","url":"https:\/\/www.csj-emballages.com\/wp-content\/uploads\/2023\/10\/logo_csj.webp","contentUrl":"https:\/\/www.csj-emballages.com\/wp-content\/uploads\/2023\/10\/logo_csj.webp","width":250,"height":95,"caption":"CSJ Emballages"},"image":{"@id":"https:\/\/www.csj-emballages.com\/de\/#\/schema\/logo\/image\/"},"sameAs":["https:\/\/www.facebook.com\/csjemballages"],"address":{"@type":"PostalAddress","streetAddress":"ZI La Lechere","addressLocality":"Patornay","postalCode":"39130","addressCountry":"FR"},"contactPoint":[{"@type":"ContactPoint","contactType":"Service client","telephone":"0384254272","email":"contact@csj-emballages.com"}]}]}},"df_price":3.22,"df_sale_price":"","df_regular_price":3.22,"df_image_link":"https:\/\/www.csj-emballages.com\/wp-content\/uploads\/2024\/05\/270008-300x300.webp","tiered_pricing_type":"fixed","tiered_pricing_fixed_rules":[],"tiered_pricing_percentage_rules":[],"tiered_pricing_minimum":1,"tiered_pricing_roles_data":[],"_links":{"self":[{"href":"https:\/\/www.csj-emballages.com\/de\/wp-json\/wp\/v2\/product\/16692","targetHints":{"allow":["GET"]}}],"collection":[{"href":"https:\/\/www.csj-emballages.com\/de\/wp-json\/wp\/v2\/product"}],"about":[{"href":"https:\/\/www.csj-emballages.com\/de\/wp-json\/wp\/v2\/types\/product"}],"wp:featuredmedia":[{"embeddable":true,"href":"https:\/\/www.csj-emballages.com\/de\/wp-json\/wp\/v2\/media\/260690"}],"wp:attachment":[{"href":"https:\/\/www.csj-emballages.com\/de\/wp-json\/wp\/v2\/media?parent=16692"}],"wp:term":[{"taxonomy":"product_brand","embeddable":true,"href":"https:\/\/www.csj-emballages.com\/de\/wp-json\/wp\/v2\/product_brand?post=16692"},{"taxonomy":"product_cat","embeddable":true,"href":"https:\/\/www.csj-emballages.com\/de\/wp-json\/wp\/v2\/product_cat?post=16692"},{"taxonomy":"product_tag","embeddable":true,"href":"https:\/\/www.csj-emballages.com\/de\/wp-json\/wp\/v2\/product_tag?post=16692"}],"curies":[{"name":"wp","href":"https:\/\/api.w.org\/{rel}","templated":true}]}}