{"id":16683,"date":"2024-05-24T10:49:11","date_gmt":"2024-05-24T08:49:11","guid":{"rendered":"https:\/\/u15jnbdpoq.preview.infomaniak.website\/produit\/600g-beutel-mit-thunfisch-vom-echten-bonito-in-stuecken-naturbelassen\/"},"modified":"2026-05-05T02:11:08","modified_gmt":"2026-05-05T00:11:08","slug":"600g-beutel-mit-thunfisch-vom-echten-bonito-in-stuecken-naturbelassen","status":"publish","type":"product","link":"https:\/\/www.csj-emballages.com\/de\/produit\/600g-beutel-mit-thunfisch-vom-echten-bonito-in-stuecken-naturbelassen\/","title":{"rendered":"Thunfisch Listao in nat\u00fcrlichen St\u00fccken pro Beutel 600g"},"content":{"rendered":"<h2>Thunfisch<\/h2>\n<hr>\n<h3>Beschreibung von unserem Thunfisch am St\u00fcck im Beutel mit 600g.<\/h3>\n<p><!--more--><\/p>\n<div class=\"flex flex-grow flex-col max-w-full\">\n<div class=\"min-h-[20px] text-message flex flex-col items-start whitespace-pre-wrap break-words [.text-message+&amp;]:mt-5 juice:w-full juice:items-end overflow-x-auto gap-2\" dir=\"auto\" data-message-author-role=\"assistant\" data-message-id=\"579bfb50-fb6c-479d-a152-27ab4b509f37\">\n<div class=\"flex w-full flex-col gap-1 juice:empty:hidden juice:first:pt-[3px]\">\n<div class=\"markdown prose w-full break-words dark:prose-invert light\">\n<div class=\"flex-1 overflow-hidden\">\n<div class=\"react-scroll-to-bottom--css-ygaxm-79elbk h-full\">\n<div class=\"react-scroll-to-bottom--css-ygaxm-1n7m0yu\">\n<div class=\"flex flex-col text-sm\">\n<div class=\"w-full text-token-text-primary\" dir=\"auto\" data-testid=\"conversation-turn-3\" data-scroll-anchor=\"true\">\n<div class=\"py-2 juice:py-[18px] px-3 text-base md:px-4 m-auto md:px-5 lg:px-1 xl:px-5\">\n<div class=\"mx-auto flex flex-1 gap-3 text-base juice:gap-4 juice:md:gap-5 juice:lg:gap-6 md:max-w-3xl lg:max-w-[40rem] xl:max-w-[48rem]\">\n<div class=\"group\/conversation-turn relative flex w-full min-w-0 flex-col agent-turn\">\n<div class=\"flex-col gap-1 md:gap-3\">\n<div class=\"flex flex-grow flex-col max-w-full\">\n<div class=\"min-h-[20px] text-message flex flex-col items-start whitespace-pre-wrap break-words [.text-message+&amp;]:mt-5 juice:w-full juice:items-end overflow-x-auto gap-2\" dir=\"auto\" data-message-author-role=\"assistant\" data-message-id=\"cc8c8b89-e7cc-4334-9633-5926bce5a78c\">\n<div class=\"flex w-full flex-col gap-1 juice:empty:hidden juice:first:pt-[3px]\">\n<div class=\"markdown prose w-full break-words dark:prose-invert light\">\n<div class=\"flex flex-grow flex-col max-w-full\">\n<div class=\"min-h-[20px] text-message flex flex-col items-start whitespace-pre-wrap break-words [.text-message+&amp;]:mt-5 juice:w-full juice:items-end overflow-x-auto gap-2\" dir=\"auto\" data-message-author-role=\"assistant\" data-message-id=\"a5ad94cc-6796-4ad8-b325-83b721399f0a\">\n<div class=\"flex w-full flex-col gap-1 juice:empty:hidden juice:first:pt-[3px]\">\n<div class=\"markdown prose w-full break-words dark:prose-invert light\">\n<div class=\"flex flex-grow flex-col max-w-full\">\n<div class=\"min-h-[20px] text-message flex flex-col items-start whitespace-pre-wrap break-words [.text-message+&amp;]:mt-5 juice:w-full juice:items-end overflow-x-auto gap-2\" dir=\"auto\" data-message-author-role=\"assistant\" data-message-id=\"f22b6444-e23a-4e78-827a-fa8ff3877731\">\n<div class=\"flex w-full flex-col gap-1 juice:empty:hidden juice:first:pt-[3px]\">\n<div class=\"markdown prose w-full break-words dark:prose-invert light\">\n<div class=\"flex flex-grow flex-col max-w-full\">\n<div class=\"min-h-[20px] text-message flex flex-col items-start whitespace-pre-wrap break-words [.text-message+&amp;]:mt-5 juice:w-full juice:items-end overflow-x-auto gap-2\" dir=\"auto\" data-message-author-role=\"assistant\" data-message-id=\"ec402d76-ebcd-4cc4-a0c8-22820d3d0931\">\n<div class=\"flex w-full flex-col gap-1 juice:empty:hidden juice:first:pt-[3px]\">\n<div class=\"markdown prose w-full break-words dark:prose-invert light\">\n<p>Entdecken Sie die <strong>Skipjack-Thunfischst\u00fccke<\/strong>, ein ideales Produkt f\u00fcr schmackhafte und ausgewogene Mahlzeiten. Verpackt in einem <strong>600g-Beutel<\/strong>, ist er gebrauchsfertig, um Ihren K\u00fcchenalltag zu erleichtern. Mit seinen zarten St\u00fccken und seinem authentischen Geschmack ist dieser <strong>Thunfisch im Beutel<\/strong> eine sichere Wahl f\u00fcr gelungene Zubereitungen. Der <strong>Thunfisch in St\u00fccken<\/strong> wird sorgf\u00e4ltig ausgew\u00e4hlt, um Frische und einwandfreie Qualit\u00e4t zu gew\u00e4hrleisten. Jeder <strong>Thunfischbeutel<\/strong> enth\u00e4lt nat\u00fcrliche St\u00fccke, ohne Zusatz von Konservierungsstoffen, um den vollen Geschmack des Meeres zu bewahren. Dieses Format ist praktisch und sowohl f\u00fcr Profis als auch f\u00fcr Privatpersonen perfekt geeignet.     <\/p>\n<p>&nbsp;<\/p>\n<\/div>\n<p><!--more--><\/p>\n<div class=\"markdown prose w-full break-words dark:prose-invert light\">\n<h3>Unvergleichliche Vorteile<\/h3>\n<p>Mit diesem <strong>Thunfisch im Beutel<\/strong> k\u00f6nnen Sie m\u00fchelos verschiedene Gerichte zubereiten. Dank der luftdichten Verpackung beh\u00e4lt er alle seine N\u00e4hr- und Geschmackseigenschaften. Dieser <strong>Thunfisch<\/strong> ist reich an Proteinen und fettarm, was ihn zu einem gesunden und ausgewogenen Nahrungsmittel macht. Sein gro\u00dfz\u00fcgiges Format von <strong>600 g<\/strong> erf\u00fcllt alle Ihre kulinarischen Bed\u00fcrfnisse, sei es f\u00fcr einen Salat, ein Gratin oder eine kalte Zubereitung. Es l\u00e4sst sich leicht in alle Ihre Rezepte integrieren. F\u00fcgen Sie es Ihren gemischten Salaten hinzu, um eine leichte und schmackhafte Mahlzeit zu erhalten. Vermischen Sie ihn mit Quiches oder herzhaften Kuchen f\u00fcr ein saftiges und leckeres Ergebnis. Sein authentischer Geschmack verfeinert sowohl warme als auch kalte Gerichte. Der Echte Bonito <strong>Thunfisch<\/strong> ist ein unverzichtbarer Verb\u00fcndeter in der K\u00fcche.        <\/p>\n<p>&nbsp;<\/p>\n<\/div>\n<\/div>\n<\/div>\n<\/div>\n<\/div>\n<\/div>\n<\/div>\n<\/div>\n<\/div>\n<\/div>\n<\/div>\n<\/div>\n<\/div>\n<\/div>\n<\/div>\n<\/div>\n<\/div>\n<\/div>\n<\/div>\n<\/div>\n<\/div>\n<\/div>\n<\/div>\n<\/div>\n<\/div>\n<\/div>\n<\/div>\n<\/div>\n<\/div>\n<p><!--more--><\/p>\n<h4>Vorteile :<\/h4>\n<ul>\n<li><strong>Praktische Verpackung<\/strong>: Der 600 g <strong>Thunfischbeutel<\/strong> ist einfach zu verwenden und ideal f\u00fcr alle Rezepte.<\/li>\n<li><strong>Naturprodukt<\/strong>: Ohne Zusatz von Konservierungsstoffen beh\u00e4lt dieser <strong>Thunfisch in der Tasche<\/strong> alle seine ern\u00e4hrungsphysiologischen und geschmacklichen Qualit\u00e4ten.<\/li>\n<li><strong>Vielseitigkeit in der K\u00fcche<\/strong>: Passt sowohl zu kalten Gerichten wie Salaten als auch zu warmen Gerichten.<\/li>\n<li><strong>N\u00e4hrstoffreich<\/strong>: Dieses Produkt ist reich an Proteinen und fettarm, ideal f\u00fcr eine ausgewogene Ern\u00e4hrung.<\/li>\n<\/ul>\n<p>&nbsp;<\/p>\n<p><!--more--><\/p>\n<h4>Weitere Informationen :<\/h4>\n<ul>\n<li><strong>Verpackung<\/strong>: Beutel mit 600 g<\/li>\n<li><b>Nettogewicht: <\/b>650 g<\/li>\n<li><strong>Abtropfgewicht<\/strong>: 600 g<\/li>\n<li><strong>Zutaten<\/strong>: Thunfisch Listao, Wasser, Salz<\/li>\n<li>\n<\/li>\n<\/ul>\n<p><!--more--><\/p>\n<p><a href=\"https:\/\/u15jnbdpoq.preview.infomaniak.website\/categorie-produit\/alimentation\/aliments\/thon\/\">Sehen Sie sich den Rest unseres Thunfischsortiments an.<\/a><\/p>\n","protected":false},"excerpt":{"rendered":"<p>Thunfisch Beschreibung von unserem Thunfisch am St\u00fcck im Beutel mit 600g.<\/p>\n","protected":false},"featured_media":197682,"template":"","meta":{"_acf_changed":false},"product_brand":[],"product_cat":[1144,1183,1187],"product_tag":[],"class_list":{"0":"post-16683","1":"product","2":"type-product","3":"status-publish","4":"has-post-thumbnail","6":"product_cat-lebensmittel","7":"product_cat-lebensmittel-de","8":"product_cat-thunfisch","10":"first","11":"instock","12":"taxable","13":"shipping-taxable","14":"purchasable","15":"product-type-simple"},"acf":[],"yoast_head":"<!-- This site is optimized with the Yoast SEO Premium plugin v26.6 (Yoast SEO v26.6) - https:\/\/yoast.com\/wordpress\/plugins\/seo\/ -->\n<title>Thunfisch Listao in St\u00fccken - 600g Beutel<\/title>\n<meta name=\"description\" content=\"Entdecken Sie die Skipjack-Thunfischst\u00fccke natur 600g, gebrauchsfertig und geschmacksintensiv. Ideal f\u00fcr gesunde und leckere Rezepte!\" \/>\n<meta name=\"robots\" content=\"index, follow, max-snippet:-1, max-image-preview:large, max-video-preview:-1\" \/>\n<link rel=\"canonical\" href=\"https:\/\/www.csj-emballages.com\/de\/produit\/600g-beutel-mit-thunfisch-vom-echten-bonito-in-stuecken-naturbelassen\/\" \/>\n<meta property=\"og:locale\" content=\"de_DE\" \/>\n<meta property=\"og:type\" content=\"article\" \/>\n<meta property=\"og:title\" content=\"Thunfisch Listao in nat\u00fcrlichen St\u00fccken pro Beutel 600g\" \/>\n<meta property=\"og:description\" content=\"Entdecken Sie die Skipjack-Thunfischst\u00fccke natur 600g, gebrauchsfertig und geschmacksintensiv. Ideal f\u00fcr gesunde und leckere Rezepte!\" \/>\n<meta property=\"og:url\" content=\"https:\/\/www.csj-emballages.com\/de\/produit\/600g-beutel-mit-thunfisch-vom-echten-bonito-in-stuecken-naturbelassen\/\" \/>\n<meta property=\"og:site_name\" content=\"CSJ Emballages\" \/>\n<meta property=\"article:publisher\" content=\"https:\/\/www.facebook.com\/csjemballages\" \/>\n<meta property=\"article:modified_time\" content=\"2026-05-05T00:11:08+00:00\" \/>\n<meta property=\"og:image\" content=\"https:\/\/www.csj-emballages.com\/wp-content\/uploads\/2024\/05\/Poche-de-thon-1.webp\" \/>\n\t<meta property=\"og:image:width\" content=\"800\" \/>\n\t<meta property=\"og:image:height\" content=\"800\" \/>\n\t<meta property=\"og:image:type\" content=\"image\/webp\" \/>\n<meta name=\"twitter:card\" content=\"summary_large_image\" \/>\n<meta name=\"twitter:label1\" content=\"Gesch\u00e4tzte Lesezeit\" \/>\n\t<meta name=\"twitter:data1\" content=\"2 Minuten\" \/>\n<script type=\"application\/ld+json\" class=\"yoast-schema-graph\">{\"@context\":\"https:\/\/schema.org\",\"@graph\":[{\"@type\":\"WebPage\",\"@id\":\"https:\/\/www.csj-emballages.com\/de\/produit\/600g-beutel-mit-thunfisch-vom-echten-bonito-in-stuecken-naturbelassen\/\",\"url\":\"https:\/\/www.csj-emballages.com\/de\/produit\/600g-beutel-mit-thunfisch-vom-echten-bonito-in-stuecken-naturbelassen\/\",\"name\":\"Thunfisch Listao in St\u00fccken - 600g Beutel\",\"isPartOf\":{\"@id\":\"https:\/\/www.csj-emballages.com\/de\/#website\"},\"primaryImageOfPage\":{\"@id\":\"https:\/\/www.csj-emballages.com\/de\/produit\/600g-beutel-mit-thunfisch-vom-echten-bonito-in-stuecken-naturbelassen\/#primaryimage\"},\"image\":{\"@id\":\"https:\/\/www.csj-emballages.com\/de\/produit\/600g-beutel-mit-thunfisch-vom-echten-bonito-in-stuecken-naturbelassen\/#primaryimage\"},\"thumbnailUrl\":\"https:\/\/www.csj-emballages.com\/wp-content\/uploads\/2024\/05\/Poche-de-thon-1.webp\",\"datePublished\":\"2024-05-24T08:49:11+00:00\",\"dateModified\":\"2026-05-05T00:11:08+00:00\",\"description\":\"Entdecken Sie die Skipjack-Thunfischst\u00fccke natur 600g, gebrauchsfertig und geschmacksintensiv. Ideal f\u00fcr gesunde und leckere Rezepte!\",\"breadcrumb\":{\"@id\":\"https:\/\/www.csj-emballages.com\/de\/produit\/600g-beutel-mit-thunfisch-vom-echten-bonito-in-stuecken-naturbelassen\/#breadcrumb\"},\"inLanguage\":\"de\",\"potentialAction\":[{\"@type\":\"ReadAction\",\"target\":[\"https:\/\/www.csj-emballages.com\/de\/produit\/600g-beutel-mit-thunfisch-vom-echten-bonito-in-stuecken-naturbelassen\/\"]}]},{\"@type\":\"ImageObject\",\"inLanguage\":\"de\",\"@id\":\"https:\/\/www.csj-emballages.com\/de\/produit\/600g-beutel-mit-thunfisch-vom-echten-bonito-in-stuecken-naturbelassen\/#primaryimage\",\"url\":\"https:\/\/www.csj-emballages.com\/wp-content\/uploads\/2024\/05\/Poche-de-thon-1.webp\",\"contentUrl\":\"https:\/\/www.csj-emballages.com\/wp-content\/uploads\/2024\/05\/Poche-de-thon-1.webp\",\"width\":800,\"height\":800,\"caption\":\"thon\"},{\"@type\":\"BreadcrumbList\",\"@id\":\"https:\/\/www.csj-emballages.com\/de\/produit\/600g-beutel-mit-thunfisch-vom-echten-bonito-in-stuecken-naturbelassen\/#breadcrumb\",\"itemListElement\":[{\"@type\":\"ListItem\",\"position\":1,\"name\":\"Accueil\",\"item\":\"https:\/\/www.csj-emballages.com\/de\/universum-lebensmittelverpackungen\/\"},{\"@type\":\"ListItem\",\"position\":2,\"name\":\"Shop\",\"item\":\"https:\/\/www.csj-emballages.com\/shop\/\"},{\"@type\":\"ListItem\",\"position\":3,\"name\":\"Thunfisch Listao in nat\u00fcrlichen St\u00fccken pro Beutel 600g\"}]},{\"@type\":\"WebSite\",\"@id\":\"https:\/\/www.csj-emballages.com\/de\/#website\",\"url\":\"https:\/\/www.csj-emballages.com\/de\/\",\"name\":\"CSJ Emballages\",\"description\":\"\",\"publisher\":{\"@id\":\"https:\/\/www.csj-emballages.com\/de\/#organization\"},\"potentialAction\":[{\"@type\":\"SearchAction\",\"target\":{\"@type\":\"EntryPoint\",\"urlTemplate\":\"https:\/\/www.csj-emballages.com\/de\/?s={search_term_string}\"},\"query-input\":{\"@type\":\"PropertyValueSpecification\",\"valueRequired\":true,\"valueName\":\"search_term_string\"}}],\"inLanguage\":\"de\"},{\"@type\":\"Organization\",\"@id\":\"https:\/\/www.csj-emballages.com\/de\/#Organization\/\",\"name\":\"CSJ Emballages\",\"url\":\"https:\/\/www.csj-emballages.com\/de\/\",\"logo\":{\"@type\":\"ImageObject\",\"inLanguage\":\"de\",\"@id\":\"https:\/\/www.csj-emballages.com\/de\/#\/schema\/logo\/image\/\",\"url\":\"https:\/\/www.csj-emballages.com\/wp-content\/uploads\/2023\/10\/logo_csj.webp\",\"contentUrl\":\"https:\/\/www.csj-emballages.com\/wp-content\/uploads\/2023\/10\/logo_csj.webp\",\"width\":250,\"height\":95,\"caption\":\"CSJ Emballages\"},\"image\":{\"@id\":\"https:\/\/www.csj-emballages.com\/de\/#\/schema\/logo\/image\/\"},\"sameAs\":[\"https:\/\/www.facebook.com\/csjemballages\"],\"address\":{\"@type\":\"PostalAddress\",\"streetAddress\":\"ZI La Lechere\",\"addressLocality\":\"Patornay\",\"postalCode\":\"39130\",\"addressCountry\":\"FR\"},\"contactPoint\":[{\"@type\":\"ContactPoint\",\"contactType\":\"Service client\",\"telephone\":\"0384254272\",\"email\":\"contact@csj-emballages.com\"}]}]}<\/script>\n<!-- \/ Yoast SEO Premium plugin. -->","yoast_head_json":{"title":"Thunfisch Listao in St\u00fccken - 600g Beutel","description":"Entdecken Sie die Skipjack-Thunfischst\u00fccke natur 600g, gebrauchsfertig und geschmacksintensiv. Ideal f\u00fcr gesunde und leckere Rezepte!","robots":{"index":"index","follow":"follow","max-snippet":"max-snippet:-1","max-image-preview":"max-image-preview:large","max-video-preview":"max-video-preview:-1"},"canonical":"https:\/\/www.csj-emballages.com\/de\/produit\/600g-beutel-mit-thunfisch-vom-echten-bonito-in-stuecken-naturbelassen\/","og_locale":"de_DE","og_type":"article","og_title":"Thunfisch Listao in nat\u00fcrlichen St\u00fccken pro Beutel 600g","og_description":"Entdecken Sie die Skipjack-Thunfischst\u00fccke natur 600g, gebrauchsfertig und geschmacksintensiv. Ideal f\u00fcr gesunde und leckere Rezepte!","og_url":"https:\/\/www.csj-emballages.com\/de\/produit\/600g-beutel-mit-thunfisch-vom-echten-bonito-in-stuecken-naturbelassen\/","og_site_name":"CSJ Emballages","article_publisher":"https:\/\/www.facebook.com\/csjemballages","article_modified_time":"2026-05-05T00:11:08+00:00","og_image":[{"width":800,"height":800,"url":"https:\/\/www.csj-emballages.com\/wp-content\/uploads\/2024\/05\/Poche-de-thon-1.webp","type":"image\/webp"}],"twitter_card":"summary_large_image","twitter_misc":{"Gesch\u00e4tzte Lesezeit":"2 Minuten"},"schema":{"@context":"https:\/\/schema.org","@graph":[{"@type":"WebPage","@id":"https:\/\/www.csj-emballages.com\/de\/produit\/600g-beutel-mit-thunfisch-vom-echten-bonito-in-stuecken-naturbelassen\/","url":"https:\/\/www.csj-emballages.com\/de\/produit\/600g-beutel-mit-thunfisch-vom-echten-bonito-in-stuecken-naturbelassen\/","name":"Thunfisch Listao in St\u00fccken - 600g Beutel","isPartOf":{"@id":"https:\/\/www.csj-emballages.com\/de\/#website"},"primaryImageOfPage":{"@id":"https:\/\/www.csj-emballages.com\/de\/produit\/600g-beutel-mit-thunfisch-vom-echten-bonito-in-stuecken-naturbelassen\/#primaryimage"},"image":{"@id":"https:\/\/www.csj-emballages.com\/de\/produit\/600g-beutel-mit-thunfisch-vom-echten-bonito-in-stuecken-naturbelassen\/#primaryimage"},"thumbnailUrl":"https:\/\/www.csj-emballages.com\/wp-content\/uploads\/2024\/05\/Poche-de-thon-1.webp","datePublished":"2024-05-24T08:49:11+00:00","dateModified":"2026-05-05T00:11:08+00:00","description":"Entdecken Sie die Skipjack-Thunfischst\u00fccke natur 600g, gebrauchsfertig und geschmacksintensiv. Ideal f\u00fcr gesunde und leckere Rezepte!","breadcrumb":{"@id":"https:\/\/www.csj-emballages.com\/de\/produit\/600g-beutel-mit-thunfisch-vom-echten-bonito-in-stuecken-naturbelassen\/#breadcrumb"},"inLanguage":"de","potentialAction":[{"@type":"ReadAction","target":["https:\/\/www.csj-emballages.com\/de\/produit\/600g-beutel-mit-thunfisch-vom-echten-bonito-in-stuecken-naturbelassen\/"]}]},{"@type":"ImageObject","inLanguage":"de","@id":"https:\/\/www.csj-emballages.com\/de\/produit\/600g-beutel-mit-thunfisch-vom-echten-bonito-in-stuecken-naturbelassen\/#primaryimage","url":"https:\/\/www.csj-emballages.com\/wp-content\/uploads\/2024\/05\/Poche-de-thon-1.webp","contentUrl":"https:\/\/www.csj-emballages.com\/wp-content\/uploads\/2024\/05\/Poche-de-thon-1.webp","width":800,"height":800,"caption":"thon"},{"@type":"BreadcrumbList","@id":"https:\/\/www.csj-emballages.com\/de\/produit\/600g-beutel-mit-thunfisch-vom-echten-bonito-in-stuecken-naturbelassen\/#breadcrumb","itemListElement":[{"@type":"ListItem","position":1,"name":"Accueil","item":"https:\/\/www.csj-emballages.com\/de\/universum-lebensmittelverpackungen\/"},{"@type":"ListItem","position":2,"name":"Shop","item":"https:\/\/www.csj-emballages.com\/shop\/"},{"@type":"ListItem","position":3,"name":"Thunfisch Listao in nat\u00fcrlichen St\u00fccken pro Beutel 600g"}]},{"@type":"WebSite","@id":"https:\/\/www.csj-emballages.com\/de\/#website","url":"https:\/\/www.csj-emballages.com\/de\/","name":"CSJ Emballages","description":"","publisher":{"@id":"https:\/\/www.csj-emballages.com\/de\/#organization"},"potentialAction":[{"@type":"SearchAction","target":{"@type":"EntryPoint","urlTemplate":"https:\/\/www.csj-emballages.com\/de\/?s={search_term_string}"},"query-input":{"@type":"PropertyValueSpecification","valueRequired":true,"valueName":"search_term_string"}}],"inLanguage":"de"},{"@type":"Organization","@id":"https:\/\/www.csj-emballages.com\/de\/#Organization\/","name":"CSJ Emballages","url":"https:\/\/www.csj-emballages.com\/de\/","logo":{"@type":"ImageObject","inLanguage":"de","@id":"https:\/\/www.csj-emballages.com\/de\/#\/schema\/logo\/image\/","url":"https:\/\/www.csj-emballages.com\/wp-content\/uploads\/2023\/10\/logo_csj.webp","contentUrl":"https:\/\/www.csj-emballages.com\/wp-content\/uploads\/2023\/10\/logo_csj.webp","width":250,"height":95,"caption":"CSJ Emballages"},"image":{"@id":"https:\/\/www.csj-emballages.com\/de\/#\/schema\/logo\/image\/"},"sameAs":["https:\/\/www.facebook.com\/csjemballages"],"address":{"@type":"PostalAddress","streetAddress":"ZI La Lechere","addressLocality":"Patornay","postalCode":"39130","addressCountry":"FR"},"contactPoint":[{"@type":"ContactPoint","contactType":"Service client","telephone":"0384254272","email":"contact@csj-emballages.com"}]}]}},"df_price":5.06,"df_sale_price":"","df_regular_price":5.06,"df_image_link":"https:\/\/www.csj-emballages.com\/wp-content\/uploads\/2024\/05\/Poche-de-thon-1-300x300.webp","tiered_pricing_type":"fixed","tiered_pricing_fixed_rules":[],"tiered_pricing_percentage_rules":[],"tiered_pricing_minimum":1,"tiered_pricing_roles_data":[],"_links":{"self":[{"href":"https:\/\/www.csj-emballages.com\/de\/wp-json\/wp\/v2\/product\/16683","targetHints":{"allow":["GET"]}}],"collection":[{"href":"https:\/\/www.csj-emballages.com\/de\/wp-json\/wp\/v2\/product"}],"about":[{"href":"https:\/\/www.csj-emballages.com\/de\/wp-json\/wp\/v2\/types\/product"}],"wp:featuredmedia":[{"embeddable":true,"href":"https:\/\/www.csj-emballages.com\/de\/wp-json\/wp\/v2\/media\/197682"}],"wp:attachment":[{"href":"https:\/\/www.csj-emballages.com\/de\/wp-json\/wp\/v2\/media?parent=16683"}],"wp:term":[{"taxonomy":"product_brand","embeddable":true,"href":"https:\/\/www.csj-emballages.com\/de\/wp-json\/wp\/v2\/product_brand?post=16683"},{"taxonomy":"product_cat","embeddable":true,"href":"https:\/\/www.csj-emballages.com\/de\/wp-json\/wp\/v2\/product_cat?post=16683"},{"taxonomy":"product_tag","embeddable":true,"href":"https:\/\/www.csj-emballages.com\/de\/wp-json\/wp\/v2\/product_tag?post=16683"}],"curies":[{"name":"wp","href":"https:\/\/api.w.org\/{rel}","templated":true}]}}