{"id":16617,"date":"2024-04-18T15:59:35","date_gmt":"2024-04-18T13:59:35","guid":{"rendered":"https:\/\/u15jnbdpoq.preview.infomaniak.website\/?post_type=product&#038;p=16617"},"modified":"2026-04-30T02:11:36","modified_gmt":"2026-04-30T00:11:36","slug":"20-feinkostdosen-modell-chef-43-x-30-x-12-cm-2","status":"publish","type":"product","link":"https:\/\/www.csj-emballages.com\/de\/produit\/20-feinkostdosen-modell-chef-43-x-30-x-12-cm-2\/","title":{"rendered":"Box f\u00fcr Feinkost Chef 43 x 30 x 12 cm pro 20 St\u00fcck"},"content":{"rendered":"<h2><strong>Boxen f\u00fcr Feinschmecker Modell &#8222;Chef&#8220; 43 x 30 x 12 cm &#8211; pro 20<\/strong><\/h2>\n<hr>\n<h3>Beschreibung des Produkts<\/h3>\n<p><!--more--><\/p>\n<div class=\"flex flex-grow flex-col max-w-full\">\n<div class=\"min-h-[20px] text-message flex flex-col items-start whitespace-pre-wrap break-words [.text-message+&amp;]:mt-5 juice:w-full juice:items-end overflow-x-auto gap-2\" dir=\"auto\" data-message-author-role=\"assistant\" data-message-id=\"566eb11b-adda-44a9-b6d7-345f4b668d29\">\n<div class=\"flex w-full flex-col gap-1 juice:empty:hidden juice:first:pt-[3px]\">\n<div class=\"markdown prose w-full break-words dark:prose-invert light\">\n<p>Die Feinkostdosen Modell &#8222;Chef&#8220; sind ideal f\u00fcr die Pr\u00e4sentation und den Transport Ihrer Desserts und Mignardises mit Raffinesse und Effizienz. Diese Schachteln sorgen f\u00fcr eine elegante und professionelle Pr\u00e4sentation Ihrer Backkreationen. Ihr ausgekl\u00fcgeltes und ergonomisches Design erm\u00f6glicht eine einfache Handhabung und bietet gleichzeitig einen optimalen Schutz f\u00fcr Ihre S\u00fc\u00dfigkeiten.<\/p>\n<p>Mit ihrer makellosen Verarbeitung und der F\u00e4higkeit, die Frische der Produkte zu bewahren, sind die Feinkostdosen Modell &#8222;Chef&#8220; die perfekte Wahl f\u00fcr Caterer und Konditoren, die ihren Kunden ein erstklassiges kulinarisches Erlebnis bieten m\u00f6chten.<\/p>\n<p>Die Dosen des Modells &#8222;Chef&#8220; sind in verschiedenen Gr\u00f6\u00dfen erh\u00e4ltlich, um Ihren kulinarischen Bed\u00fcrfnissen gerecht zu werden.<\/p>\n<\/div>\n<\/div>\n<\/div>\n<\/div>\n<h4>Ihre Vorteile :<\/h4>\n<ul>\n<li><strong>Zweckm\u00e4\u00dfigkeit<\/strong>: Einfach zu handhaben und zu transportieren dank des ergonomischen Designs.<\/li>\n<li><strong>Eleganz<\/strong>: Eine raffinierte Pr\u00e4sentation, die Ihre Gerichte aufwertet und Ihre Kunden beeindruckt.<\/li>\n<li><strong>Vielseitigkeit<\/strong>: Erh\u00e4ltlich in verschiedenen Gr\u00f6\u00dfen, um sich an alle Arten von Mahlzeiten anzupassen.<\/li>\n<li><strong>Zuverl\u00e4ssigkeit<\/strong>: Halten die Speisen w\u00e4hrend des Transports frisch, auch \u00fcber lange Strecken.<\/li>\n<li><strong>Sichtbarkeit<\/strong>: Diese Schachteln sind mit einem integrierten Fenster versehen, um Ihre Kreationen hervorzuheben.<\/li>\n<\/ul>\n<p>&nbsp;<\/p>\n<p><!--more--><\/p>\n<div class=\"flex flex-grow flex-col max-w-full\">\n<div class=\"min-h-[20px] text-message flex flex-col items-start whitespace-pre-wrap break-words [.text-message+&amp;]:mt-5 juice:w-full juice:items-end overflow-x-auto gap-2\" dir=\"auto\" data-message-author-role=\"assistant\" data-message-id=\"19144bb2-ab30-4ed9-ba69-5b6cdd5089a8\">\n<div class=\"flex w-full flex-col gap-1 juice:empty:hidden juice:first:pt-[3px]\">\n<div class=\"markdown prose w-full break-words dark:prose-invert light\">\n<p>Erh\u00e4ltlich auch in <span style=\"color: #d12727;\"><br \/>\n  <a style=\"color: #d12727;\" href=\"https:\/\/www.csj-emballages.com\/de\/produit\/10-feinkostdosen-modell-chef-63-x-42-x-12-cm\/\">63 x 42 x 12 cm<\/a><br \/>\n<\/span><\/p>\n<p>&nbsp;<\/p>\n<\/div>\n<\/div>\n<\/div>\n<\/div>\n<p><!--more--><\/p>\n<p><a href=\"https:\/\/www.csj-emballages.com\/de\/categorie-produit\/lebensmittelverpackungen\/metzgerei-und-feinkostgeschaft\/schalen-dosen-und-glaser\/catering-lunchboxen\/\">Sehen Sie sich den Rest unseres Sortiments an Feinkost-\/Lunchboxen an.<\/a><\/p>\n","protected":false},"excerpt":{"rendered":"<p>Boxen f\u00fcr Feinschmecker Modell &#8222;Chef&#8220; 43 x 30 x 12 cm &#8211; pro 20 Beschreibung des Produkts<\/p>\n","protected":false},"featured_media":221562,"template":"","meta":{"_acf_changed":false},"product_brand":[],"product_cat":[1137,1170,2277,1169,1171,3964,1172,1256,3119],"product_tag":[],"class_list":{"0":"post-16617","1":"product","2":"type-product","3":"status-publish","4":"has-post-thumbnail","6":"product_cat-lebensmittelverpackungen","7":"product_cat-metzgerei-und-feinkostgeschaft","8":"product_cat-schalen-dosen-und-glaser","9":"product_cat-catering-lunchboxen","10":"product_cat-backerei-und-konditorei","11":"product_cat-schachteln-und-etuis","12":"product_cat-fensterkasten","13":"product_cat-gebackschachteln","14":"product_cat-gebackschachteln-de","16":"first","17":"instock","18":"taxable","19":"shipping-taxable","20":"purchasable","21":"product-type-simple"},"acf":[],"yoast_head":"<!-- This site is optimized with the Yoast SEO Premium plugin v26.6 (Yoast SEO v26.6) - https:\/\/yoast.com\/wordpress\/plugins\/seo\/ -->\n<title>Boxen f\u00fcr Feinschmecker Modell &quot;Chef&quot; \/ Verkauft im Set von 20 St\u00fcck<\/title>\n<meta name=\"description\" content=\"Feinkostdosen Modell &quot;Chef&quot;, Abmessung: 430 x 300 x 120 mm \/ Entscheiden Sie sich jetzt f\u00fcr eine Packung mit 20 Feinkostdosen, erh\u00e4ltlich bei CSJ Emballages\" \/>\n<meta name=\"robots\" content=\"index, follow, max-snippet:-1, max-image-preview:large, max-video-preview:-1\" \/>\n<link rel=\"canonical\" href=\"https:\/\/www.csj-emballages.com\/de\/produit\/20-feinkostdosen-modell-chef-43-x-30-x-12-cm-2\/\" \/>\n<meta property=\"og:locale\" content=\"de_DE\" \/>\n<meta property=\"og:type\" content=\"article\" \/>\n<meta property=\"og:title\" content=\"Box f\u00fcr Feinkost Chef 43 x 30 x 12 cm pro 20 St\u00fcck\" \/>\n<meta property=\"og:description\" content=\"Feinkostdosen Modell &quot;Chef&quot;, Abmessung: 430 x 300 x 120 mm \/ Entscheiden Sie sich jetzt f\u00fcr eine Packung mit 20 Feinkostdosen, erh\u00e4ltlich bei CSJ Emballages\" \/>\n<meta property=\"og:url\" content=\"https:\/\/www.csj-emballages.com\/de\/produit\/20-feinkostdosen-modell-chef-43-x-30-x-12-cm-2\/\" \/>\n<meta property=\"og:site_name\" content=\"CSJ Emballages\" \/>\n<meta property=\"article:publisher\" content=\"https:\/\/www.facebook.com\/csjemballages\" \/>\n<meta property=\"article:modified_time\" content=\"2026-04-30T00:11:36+00:00\" \/>\n<meta property=\"og:image\" content=\"https:\/\/www.csj-emballages.com\/wp-content\/uploads\/2024\/04\/Boite-chef.webp\" \/>\n\t<meta property=\"og:image:width\" content=\"800\" \/>\n\t<meta property=\"og:image:height\" content=\"800\" \/>\n\t<meta property=\"og:image:type\" content=\"image\/webp\" \/>\n<meta name=\"twitter:card\" content=\"summary_large_image\" \/>\n<meta name=\"twitter:label1\" content=\"Gesch\u00e4tzte Lesezeit\" \/>\n\t<meta name=\"twitter:data1\" content=\"1\u00a0Minute\" \/>\n<script type=\"application\/ld+json\" class=\"yoast-schema-graph\">{\"@context\":\"https:\/\/schema.org\",\"@graph\":[{\"@type\":\"WebPage\",\"@id\":\"https:\/\/www.csj-emballages.com\/de\/produit\/20-feinkostdosen-modell-chef-43-x-30-x-12-cm-2\/\",\"url\":\"https:\/\/www.csj-emballages.com\/de\/produit\/20-feinkostdosen-modell-chef-43-x-30-x-12-cm-2\/\",\"name\":\"Boxen f\u00fcr Feinschmecker Modell \\\"Chef\\\" \/ Verkauft im Set von 20 St\u00fcck\",\"isPartOf\":{\"@id\":\"https:\/\/www.csj-emballages.com\/de\/#website\"},\"primaryImageOfPage\":{\"@id\":\"https:\/\/www.csj-emballages.com\/de\/produit\/20-feinkostdosen-modell-chef-43-x-30-x-12-cm-2\/#primaryimage\"},\"image\":{\"@id\":\"https:\/\/www.csj-emballages.com\/de\/produit\/20-feinkostdosen-modell-chef-43-x-30-x-12-cm-2\/#primaryimage\"},\"thumbnailUrl\":\"https:\/\/www.csj-emballages.com\/wp-content\/uploads\/2024\/04\/Boite-chef.webp\",\"datePublished\":\"2024-04-18T13:59:35+00:00\",\"dateModified\":\"2026-04-30T00:11:36+00:00\",\"description\":\"Feinkostdosen Modell \\\"Chef\\\", Abmessung: 430 x 300 x 120 mm \/ Entscheiden Sie sich jetzt f\u00fcr eine Packung mit 20 Feinkostdosen, erh\u00e4ltlich bei CSJ Emballages\",\"breadcrumb\":{\"@id\":\"https:\/\/www.csj-emballages.com\/de\/produit\/20-feinkostdosen-modell-chef-43-x-30-x-12-cm-2\/#breadcrumb\"},\"inLanguage\":\"de\",\"potentialAction\":[{\"@type\":\"ReadAction\",\"target\":[\"https:\/\/www.csj-emballages.com\/de\/produit\/20-feinkostdosen-modell-chef-43-x-30-x-12-cm-2\/\"]}]},{\"@type\":\"ImageObject\",\"inLanguage\":\"de\",\"@id\":\"https:\/\/www.csj-emballages.com\/de\/produit\/20-feinkostdosen-modell-chef-43-x-30-x-12-cm-2\/#primaryimage\",\"url\":\"https:\/\/www.csj-emballages.com\/wp-content\/uploads\/2024\/04\/Boite-chef.webp\",\"contentUrl\":\"https:\/\/www.csj-emballages.com\/wp-content\/uploads\/2024\/04\/Boite-chef.webp\",\"width\":800,\"height\":800,\"caption\":\"Boite traiteur\"},{\"@type\":\"BreadcrumbList\",\"@id\":\"https:\/\/www.csj-emballages.com\/de\/produit\/20-feinkostdosen-modell-chef-43-x-30-x-12-cm-2\/#breadcrumb\",\"itemListElement\":[{\"@type\":\"ListItem\",\"position\":1,\"name\":\"Accueil\",\"item\":\"https:\/\/www.csj-emballages.com\/de\/universum-lebensmittelverpackungen\/\"},{\"@type\":\"ListItem\",\"position\":2,\"name\":\"Shop\",\"item\":\"https:\/\/www.csj-emballages.com\/shop\/\"},{\"@type\":\"ListItem\",\"position\":3,\"name\":\"Box f\u00fcr Feinkost Chef 43 x 30 x 12 cm pro 20 St\u00fcck\"}]},{\"@type\":\"WebSite\",\"@id\":\"https:\/\/www.csj-emballages.com\/de\/#website\",\"url\":\"https:\/\/www.csj-emballages.com\/de\/\",\"name\":\"CSJ Emballages\",\"description\":\"\",\"publisher\":{\"@id\":\"https:\/\/www.csj-emballages.com\/de\/#organization\"},\"potentialAction\":[{\"@type\":\"SearchAction\",\"target\":{\"@type\":\"EntryPoint\",\"urlTemplate\":\"https:\/\/www.csj-emballages.com\/de\/?s={search_term_string}\"},\"query-input\":{\"@type\":\"PropertyValueSpecification\",\"valueRequired\":true,\"valueName\":\"search_term_string\"}}],\"inLanguage\":\"de\"},{\"@type\":\"Organization\",\"@id\":\"https:\/\/www.csj-emballages.com\/de\/#Organization\/\",\"name\":\"CSJ Emballages\",\"url\":\"https:\/\/www.csj-emballages.com\/de\/\",\"logo\":{\"@type\":\"ImageObject\",\"inLanguage\":\"de\",\"@id\":\"https:\/\/www.csj-emballages.com\/de\/#\/schema\/logo\/image\/\",\"url\":\"https:\/\/www.csj-emballages.com\/wp-content\/uploads\/2023\/10\/logo_csj.webp\",\"contentUrl\":\"https:\/\/www.csj-emballages.com\/wp-content\/uploads\/2023\/10\/logo_csj.webp\",\"width\":250,\"height\":95,\"caption\":\"CSJ Emballages\"},\"image\":{\"@id\":\"https:\/\/www.csj-emballages.com\/de\/#\/schema\/logo\/image\/\"},\"sameAs\":[\"https:\/\/www.facebook.com\/csjemballages\"],\"address\":{\"@type\":\"PostalAddress\",\"streetAddress\":\"ZI La Lechere\",\"addressLocality\":\"Patornay\",\"postalCode\":\"39130\",\"addressCountry\":\"FR\"},\"contactPoint\":[{\"@type\":\"ContactPoint\",\"contactType\":\"Service client\",\"telephone\":\"0384254272\",\"email\":\"contact@csj-emballages.com\"}]}]}<\/script>\n<!-- \/ Yoast SEO Premium plugin. -->","yoast_head_json":{"title":"Boxen f\u00fcr Feinschmecker Modell \"Chef\" \/ Verkauft im Set von 20 St\u00fcck","description":"Feinkostdosen Modell \"Chef\", Abmessung: 430 x 300 x 120 mm \/ Entscheiden Sie sich jetzt f\u00fcr eine Packung mit 20 Feinkostdosen, erh\u00e4ltlich bei CSJ Emballages","robots":{"index":"index","follow":"follow","max-snippet":"max-snippet:-1","max-image-preview":"max-image-preview:large","max-video-preview":"max-video-preview:-1"},"canonical":"https:\/\/www.csj-emballages.com\/de\/produit\/20-feinkostdosen-modell-chef-43-x-30-x-12-cm-2\/","og_locale":"de_DE","og_type":"article","og_title":"Box f\u00fcr Feinkost Chef 43 x 30 x 12 cm pro 20 St\u00fcck","og_description":"Feinkostdosen Modell \"Chef\", Abmessung: 430 x 300 x 120 mm \/ Entscheiden Sie sich jetzt f\u00fcr eine Packung mit 20 Feinkostdosen, erh\u00e4ltlich bei CSJ Emballages","og_url":"https:\/\/www.csj-emballages.com\/de\/produit\/20-feinkostdosen-modell-chef-43-x-30-x-12-cm-2\/","og_site_name":"CSJ Emballages","article_publisher":"https:\/\/www.facebook.com\/csjemballages","article_modified_time":"2026-04-30T00:11:36+00:00","og_image":[{"width":800,"height":800,"url":"https:\/\/www.csj-emballages.com\/wp-content\/uploads\/2024\/04\/Boite-chef.webp","type":"image\/webp"}],"twitter_card":"summary_large_image","twitter_misc":{"Gesch\u00e4tzte Lesezeit":"1\u00a0Minute"},"schema":{"@context":"https:\/\/schema.org","@graph":[{"@type":"WebPage","@id":"https:\/\/www.csj-emballages.com\/de\/produit\/20-feinkostdosen-modell-chef-43-x-30-x-12-cm-2\/","url":"https:\/\/www.csj-emballages.com\/de\/produit\/20-feinkostdosen-modell-chef-43-x-30-x-12-cm-2\/","name":"Boxen f\u00fcr Feinschmecker Modell \"Chef\" \/ Verkauft im Set von 20 St\u00fcck","isPartOf":{"@id":"https:\/\/www.csj-emballages.com\/de\/#website"},"primaryImageOfPage":{"@id":"https:\/\/www.csj-emballages.com\/de\/produit\/20-feinkostdosen-modell-chef-43-x-30-x-12-cm-2\/#primaryimage"},"image":{"@id":"https:\/\/www.csj-emballages.com\/de\/produit\/20-feinkostdosen-modell-chef-43-x-30-x-12-cm-2\/#primaryimage"},"thumbnailUrl":"https:\/\/www.csj-emballages.com\/wp-content\/uploads\/2024\/04\/Boite-chef.webp","datePublished":"2024-04-18T13:59:35+00:00","dateModified":"2026-04-30T00:11:36+00:00","description":"Feinkostdosen Modell \"Chef\", Abmessung: 430 x 300 x 120 mm \/ Entscheiden Sie sich jetzt f\u00fcr eine Packung mit 20 Feinkostdosen, erh\u00e4ltlich bei CSJ Emballages","breadcrumb":{"@id":"https:\/\/www.csj-emballages.com\/de\/produit\/20-feinkostdosen-modell-chef-43-x-30-x-12-cm-2\/#breadcrumb"},"inLanguage":"de","potentialAction":[{"@type":"ReadAction","target":["https:\/\/www.csj-emballages.com\/de\/produit\/20-feinkostdosen-modell-chef-43-x-30-x-12-cm-2\/"]}]},{"@type":"ImageObject","inLanguage":"de","@id":"https:\/\/www.csj-emballages.com\/de\/produit\/20-feinkostdosen-modell-chef-43-x-30-x-12-cm-2\/#primaryimage","url":"https:\/\/www.csj-emballages.com\/wp-content\/uploads\/2024\/04\/Boite-chef.webp","contentUrl":"https:\/\/www.csj-emballages.com\/wp-content\/uploads\/2024\/04\/Boite-chef.webp","width":800,"height":800,"caption":"Boite traiteur"},{"@type":"BreadcrumbList","@id":"https:\/\/www.csj-emballages.com\/de\/produit\/20-feinkostdosen-modell-chef-43-x-30-x-12-cm-2\/#breadcrumb","itemListElement":[{"@type":"ListItem","position":1,"name":"Accueil","item":"https:\/\/www.csj-emballages.com\/de\/universum-lebensmittelverpackungen\/"},{"@type":"ListItem","position":2,"name":"Shop","item":"https:\/\/www.csj-emballages.com\/shop\/"},{"@type":"ListItem","position":3,"name":"Box f\u00fcr Feinkost Chef 43 x 30 x 12 cm pro 20 St\u00fcck"}]},{"@type":"WebSite","@id":"https:\/\/www.csj-emballages.com\/de\/#website","url":"https:\/\/www.csj-emballages.com\/de\/","name":"CSJ Emballages","description":"","publisher":{"@id":"https:\/\/www.csj-emballages.com\/de\/#organization"},"potentialAction":[{"@type":"SearchAction","target":{"@type":"EntryPoint","urlTemplate":"https:\/\/www.csj-emballages.com\/de\/?s={search_term_string}"},"query-input":{"@type":"PropertyValueSpecification","valueRequired":true,"valueName":"search_term_string"}}],"inLanguage":"de"},{"@type":"Organization","@id":"https:\/\/www.csj-emballages.com\/de\/#Organization\/","name":"CSJ Emballages","url":"https:\/\/www.csj-emballages.com\/de\/","logo":{"@type":"ImageObject","inLanguage":"de","@id":"https:\/\/www.csj-emballages.com\/de\/#\/schema\/logo\/image\/","url":"https:\/\/www.csj-emballages.com\/wp-content\/uploads\/2023\/10\/logo_csj.webp","contentUrl":"https:\/\/www.csj-emballages.com\/wp-content\/uploads\/2023\/10\/logo_csj.webp","width":250,"height":95,"caption":"CSJ Emballages"},"image":{"@id":"https:\/\/www.csj-emballages.com\/de\/#\/schema\/logo\/image\/"},"sameAs":["https:\/\/www.facebook.com\/csjemballages"],"address":{"@type":"PostalAddress","streetAddress":"ZI La Lechere","addressLocality":"Patornay","postalCode":"39130","addressCountry":"FR"},"contactPoint":[{"@type":"ContactPoint","contactType":"Service client","telephone":"0384254272","email":"contact@csj-emballages.com"}]}]}},"df_price":40.94,"df_sale_price":"","df_regular_price":40.94,"df_image_link":"https:\/\/www.csj-emballages.com\/wp-content\/uploads\/2024\/04\/Boite-chef-300x300.webp","tiered_pricing_type":"fixed","tiered_pricing_fixed_rules":[],"tiered_pricing_percentage_rules":[],"tiered_pricing_minimum":1,"tiered_pricing_roles_data":[],"_links":{"self":[{"href":"https:\/\/www.csj-emballages.com\/de\/wp-json\/wp\/v2\/product\/16617","targetHints":{"allow":["GET"]}}],"collection":[{"href":"https:\/\/www.csj-emballages.com\/de\/wp-json\/wp\/v2\/product"}],"about":[{"href":"https:\/\/www.csj-emballages.com\/de\/wp-json\/wp\/v2\/types\/product"}],"wp:featuredmedia":[{"embeddable":true,"href":"https:\/\/www.csj-emballages.com\/de\/wp-json\/wp\/v2\/media\/221562"}],"wp:attachment":[{"href":"https:\/\/www.csj-emballages.com\/de\/wp-json\/wp\/v2\/media?parent=16617"}],"wp:term":[{"taxonomy":"product_brand","embeddable":true,"href":"https:\/\/www.csj-emballages.com\/de\/wp-json\/wp\/v2\/product_brand?post=16617"},{"taxonomy":"product_cat","embeddable":true,"href":"https:\/\/www.csj-emballages.com\/de\/wp-json\/wp\/v2\/product_cat?post=16617"},{"taxonomy":"product_tag","embeddable":true,"href":"https:\/\/www.csj-emballages.com\/de\/wp-json\/wp\/v2\/product_tag?post=16617"}],"curies":[{"name":"wp","href":"https:\/\/api.w.org\/{rel}","templated":true}]}}