{"id":16601,"date":"2024-04-18T15:57:54","date_gmt":"2024-04-18T13:57:54","guid":{"rendered":"https:\/\/u15jnbdpoq.preview.infomaniak.website\/produit\/2-eimer-schafsdaerme-22-24-60-meter-starre-roehren-aa-eimer-mit-30-massen\/"},"modified":"2026-04-30T08:16:24","modified_gmt":"2026-04-30T06:16:24","slug":"2-eimer-schafsdaerme-22-24-60-meter-starre-roehren-aa-eimer-mit-30-massen","status":"publish","type":"product","link":"https:\/\/www.csj-emballages.com\/de\/produit\/2-eimer-schafsdaerme-22-24-60-meter-starre-roehren-aa-eimer-mit-30-massen\/","title":{"rendered":"Schafsd\u00e4rme 22\/24 in 2 Eimern \u00e0 30 Str\u00e4nge"},"content":{"rendered":"<h2 class=\"p1\">Schafsd\u00e4rme<\/h2>\n<hr>\n<h3>Entdecken Sie unsere Schafsaitlinge 22\/24 in 2 Eimern \u00e0 30 Massen<\/h3>\n<p><!--more--><\/p>\n<p data-start=\"273\" data-end=\"604\">Die <strong>Schafsd\u00e4rme 22\/24<\/strong> werden speziell f\u00fcr die Herstellung von <strong>Feinw\u00fcrsten und handwerklichen Wurstwaren<\/strong> ausgew\u00e4hlt. Angeboten als <strong>Set von 2 Eimern<\/strong>, die jeweils <strong>30 Str\u00e4nge<\/strong> von <strong>60 Metern<\/strong> L\u00e4nge enthalten, erf\u00fcllen sie perfekt die Anforderungen von Metzgern, Fleischern und Gastronomieprofis. <\/p>\n<p data-start=\"606\" data-end=\"925\">Mit einem <strong>Kaliber von 22\/24<\/strong> sind diese <strong>D\u00e4rme<\/strong> ideal f\u00fcr die Herstellung von <strong>Chipolatas, Merguez und Feinw\u00fcrsten<\/strong>, wobei sie einen gleichm\u00e4\u00dfigen Durchmesser und eine homogene Pr\u00e4sentation gew\u00e4hrleisten. Ihre <strong>AA-Qualit\u00e4t<\/strong> sorgt f\u00fcr ausgezeichnete F\u00fcllfestigkeit, w\u00e4hrend die nat\u00fcrliche Geschmeidigkeit f\u00fcr pr\u00e4zises und komfortables Arbeiten erhalten bleibt. <\/p>\n<p data-start=\"927\" data-end=\"1256\">Auf <strong>starren Rohren<\/strong> verpackt, erleichtern diese <strong>D\u00e4rme<\/strong> die Handhabung und das Anbringen an der F\u00fcllmaschine. Diese Verpackung spart wertvolle Produktionszeit und reduziert Verluste durch die Vorbereitung. Nach dem Entsalzen und Einweichen sofort einsatzbereit, bieten sie eine optimale Ausbeute und konstante Regelm\u00e4\u00dfigkeit.  <\/p>\n<p data-start=\"1258\" data-end=\"1500\">Nat\u00fcrlich und essbar, gew\u00e4hrleisten die <strong>Schafsd\u00e4rme 22\/24<\/strong> eine hervorragende Kochfestigkeit und eine ansprechende Pr\u00e4sentation in der Auslage. Ihre Feinheit sorgt f\u00fcr eine angenehme Textur im Mund und ein traditionelles Aussehen, das von Verbrauchern sehr gesch\u00e4tzt wird. <\/p>\n<p data-start=\"1502\" data-end=\"1648\">Entwickelt f\u00fcr den intensiven professionellen Einsatz, stellen diese <strong>Schafsd\u00e4rme<\/strong> eine zuverl\u00e4ssige, praktische und hochwertige L\u00f6sung f\u00fcr Produktionsbetriebe dar.<\/p>\n<p><!--more--><\/p>\n<p><strong>Vorteile :<\/strong><\/p>\n<ul>\n<li data-start=\"1686\" data-end=\"1728\"><strong>Kaliber 22\/24<\/strong> ideal f\u00fcr Feinw\u00fcrste.<\/li>\n<li data-start=\"1731\" data-end=\"1772\"><strong>AA-Qualit\u00e4t<\/strong> f\u00fcr optimale Festigkeit.<\/li>\n<li data-start=\"1822\" data-end=\"1866\">Praktische Verpackung auf starren Rohren.<\/li>\n<li data-start=\"1869\" data-end=\"1913\">Einfaches Anbringen an der F\u00fcllmaschine.<\/li>\n<li data-start=\"1916\" data-end=\"1956\"><strong>Nat\u00fcrliche D\u00e4rme<\/strong>, geschmeidig und widerstandsf\u00e4hig.<\/li>\n<li data-start=\"1959\" data-end=\"1985\">Backstabil.<\/li>\n<li data-start=\"1988\" data-end=\"2031\">Regelm\u00e4\u00dfige und professionelle Pr\u00e4sentation.<\/li>\n<\/ul>\n<p>&nbsp;<\/p>\n<p><!--more--><\/p>\n<h4>Weitere Informationen :<\/h4>\n<ul>\n<li><strong>Verpackung<\/strong>: 2 Eimer \u00e0 30 Str\u00e4nge<\/li>\n<li><strong>Durchmesser<\/strong>: 22\/24 mm<\/li>\n<li><strong>Qualit\u00e4t<\/strong>: AA<\/li>\n<li><strong>L\u00e4nge pro Strang<\/strong>: 60 Meter<\/li>\n<\/ul>\n<p>&nbsp;<\/p>\n<p><!--more--><\/p>\n<p>Erh\u00e4ltlich auch in <span style=\"color: #d12727;\"><br \/>\n  <a style=\"color: #d12727;\" href=\"https:\/\/www.csj-emballages.com\/es\/produit\/2-cubos-de-24-26-tripas-de-oveja-60-metros-de-tubos-rigidos-aa-cubo-de-30-masas\/\">Darm mit einem Durchmesser von 24\/26<\/a><br \/>\n<\/span><\/p>\n<p>&nbsp;<\/p>\n<p><!--more--><\/p>\n<p><a href=\"https:\/\/www.csj-emballages.com\/de\/categorie-produit\/lebensmittel\/darme\/schafsdaerme\/o22-24-mm-de\/\">Sehen Sie sich den Rest unseres Sortiments an Schafsd\u00e4rmen 22\/24 an<\/a><\/p>\n","protected":false},"excerpt":{"rendered":"<p>Schafsd\u00e4rme Entdecken Sie unsere Schafsaitlinge 22\/24 in 2 Eimern \u00e0 30 Massen<\/p>\n","protected":false},"featured_media":264200,"template":"","meta":{"_acf_changed":false},"product_brand":[],"product_cat":[1144,1149,5829],"product_tag":[],"class_list":{"0":"post-16601","1":"product","2":"type-product","3":"status-publish","4":"has-post-thumbnail","6":"product_cat-lebensmittel","7":"product_cat-darme","8":"product_cat-o22-24-mm-de","10":"first","11":"onbackorder","12":"taxable","13":"shipping-taxable","14":"purchasable","15":"product-type-simple"},"acf":[],"yoast_head":"<!-- This site is optimized with the Yoast SEO Premium plugin v26.6 (Yoast SEO v26.6) - https:\/\/yoast.com\/wordpress\/plugins\/seo\/ -->\n<title>Eimer mit Schafsd\u00e4rmen - 22\/24 60 Meter starre R\u00f6hren AA<\/title>\n<meta name=\"description\" content=\"Eimer mit Halal-Schafd\u00e4rmen, Durchmesser 22\/24 in 60 Meter starren AA-Rohren! Entscheiden Sie sich jetzt f\u00fcr Eimer mit 30 Massen Schafsdarm!\" \/>\n<meta name=\"robots\" content=\"index, follow, max-snippet:-1, max-image-preview:large, max-video-preview:-1\" \/>\n<link rel=\"canonical\" href=\"https:\/\/www.csj-emballages.com\/de\/produit\/2-eimer-schafsdaerme-22-24-60-meter-starre-roehren-aa-eimer-mit-30-massen\/\" \/>\n<meta property=\"og:locale\" content=\"de_DE\" \/>\n<meta property=\"og:type\" content=\"article\" \/>\n<meta property=\"og:title\" content=\"Schafsd\u00e4rme 22\/24 in 2 Eimern \u00e0 30 Str\u00e4nge\" \/>\n<meta property=\"og:description\" content=\"Eimer mit Halal-Schafd\u00e4rmen, Durchmesser 22\/24 in 60 Meter starren AA-Rohren! Entscheiden Sie sich jetzt f\u00fcr Eimer mit 30 Massen Schafsdarm!\" \/>\n<meta property=\"og:url\" content=\"https:\/\/www.csj-emballages.com\/de\/produit\/2-eimer-schafsdaerme-22-24-60-meter-starre-roehren-aa-eimer-mit-30-massen\/\" \/>\n<meta property=\"og:site_name\" content=\"CSJ Emballages\" \/>\n<meta property=\"article:publisher\" content=\"https:\/\/www.facebook.com\/csjemballages\" \/>\n<meta property=\"article:modified_time\" content=\"2026-04-30T06:16:24+00:00\" \/>\n<meta property=\"og:image\" content=\"https:\/\/www.csj-emballages.com\/wp-content\/uploads\/2024\/04\/BM222430AA.webp\" \/>\n\t<meta property=\"og:image:width\" content=\"800\" \/>\n\t<meta property=\"og:image:height\" content=\"800\" \/>\n\t<meta property=\"og:image:type\" content=\"image\/webp\" \/>\n<meta name=\"twitter:card\" content=\"summary_large_image\" \/>\n<meta name=\"twitter:label1\" content=\"Gesch\u00e4tzte Lesezeit\" \/>\n\t<meta name=\"twitter:data1\" content=\"1\u00a0Minute\" \/>\n<script type=\"application\/ld+json\" class=\"yoast-schema-graph\">{\"@context\":\"https:\/\/schema.org\",\"@graph\":[{\"@type\":\"WebPage\",\"@id\":\"https:\/\/www.csj-emballages.com\/de\/produit\/2-eimer-schafsdaerme-22-24-60-meter-starre-roehren-aa-eimer-mit-30-massen\/\",\"url\":\"https:\/\/www.csj-emballages.com\/de\/produit\/2-eimer-schafsdaerme-22-24-60-meter-starre-roehren-aa-eimer-mit-30-massen\/\",\"name\":\"Eimer mit Schafsd\u00e4rmen - 22\/24 60 Meter starre R\u00f6hren AA\",\"isPartOf\":{\"@id\":\"https:\/\/www.csj-emballages.com\/de\/#website\"},\"primaryImageOfPage\":{\"@id\":\"https:\/\/www.csj-emballages.com\/de\/produit\/2-eimer-schafsdaerme-22-24-60-meter-starre-roehren-aa-eimer-mit-30-massen\/#primaryimage\"},\"image\":{\"@id\":\"https:\/\/www.csj-emballages.com\/de\/produit\/2-eimer-schafsdaerme-22-24-60-meter-starre-roehren-aa-eimer-mit-30-massen\/#primaryimage\"},\"thumbnailUrl\":\"https:\/\/www.csj-emballages.com\/wp-content\/uploads\/2024\/04\/BM222430AA.webp\",\"datePublished\":\"2024-04-18T13:57:54+00:00\",\"dateModified\":\"2026-04-30T06:16:24+00:00\",\"description\":\"Eimer mit Halal-Schafd\u00e4rmen, Durchmesser 22\/24 in 60 Meter starren AA-Rohren! Entscheiden Sie sich jetzt f\u00fcr Eimer mit 30 Massen Schafsdarm!\",\"breadcrumb\":{\"@id\":\"https:\/\/www.csj-emballages.com\/de\/produit\/2-eimer-schafsdaerme-22-24-60-meter-starre-roehren-aa-eimer-mit-30-massen\/#breadcrumb\"},\"inLanguage\":\"de\",\"potentialAction\":[{\"@type\":\"ReadAction\",\"target\":[\"https:\/\/www.csj-emballages.com\/de\/produit\/2-eimer-schafsdaerme-22-24-60-meter-starre-roehren-aa-eimer-mit-30-massen\/\"]}]},{\"@type\":\"ImageObject\",\"inLanguage\":\"de\",\"@id\":\"https:\/\/www.csj-emballages.com\/de\/produit\/2-eimer-schafsdaerme-22-24-60-meter-starre-roehren-aa-eimer-mit-30-massen\/#primaryimage\",\"url\":\"https:\/\/www.csj-emballages.com\/wp-content\/uploads\/2024\/04\/BM222430AA.webp\",\"contentUrl\":\"https:\/\/www.csj-emballages.com\/wp-content\/uploads\/2024\/04\/BM222430AA.webp\",\"width\":800,\"height\":800,\"caption\":\"Boyaux de mouton\"},{\"@type\":\"BreadcrumbList\",\"@id\":\"https:\/\/www.csj-emballages.com\/de\/produit\/2-eimer-schafsdaerme-22-24-60-meter-starre-roehren-aa-eimer-mit-30-massen\/#breadcrumb\",\"itemListElement\":[{\"@type\":\"ListItem\",\"position\":1,\"name\":\"Accueil\",\"item\":\"https:\/\/www.csj-emballages.com\/de\/universum-lebensmittelverpackungen\/\"},{\"@type\":\"ListItem\",\"position\":2,\"name\":\"Shop\",\"item\":\"https:\/\/www.csj-emballages.com\/shop\/\"},{\"@type\":\"ListItem\",\"position\":3,\"name\":\"Schafsd\u00e4rme 22\/24 in 2 Eimern \u00e0 30 Str\u00e4nge\"}]},{\"@type\":\"WebSite\",\"@id\":\"https:\/\/www.csj-emballages.com\/de\/#website\",\"url\":\"https:\/\/www.csj-emballages.com\/de\/\",\"name\":\"CSJ Emballages\",\"description\":\"\",\"publisher\":{\"@id\":\"https:\/\/www.csj-emballages.com\/de\/#organization\"},\"potentialAction\":[{\"@type\":\"SearchAction\",\"target\":{\"@type\":\"EntryPoint\",\"urlTemplate\":\"https:\/\/www.csj-emballages.com\/de\/?s={search_term_string}\"},\"query-input\":{\"@type\":\"PropertyValueSpecification\",\"valueRequired\":true,\"valueName\":\"search_term_string\"}}],\"inLanguage\":\"de\"},{\"@type\":\"Organization\",\"@id\":\"https:\/\/www.csj-emballages.com\/de\/#Organization\/\",\"name\":\"CSJ Emballages\",\"url\":\"https:\/\/www.csj-emballages.com\/de\/\",\"logo\":{\"@type\":\"ImageObject\",\"inLanguage\":\"de\",\"@id\":\"https:\/\/www.csj-emballages.com\/de\/#\/schema\/logo\/image\/\",\"url\":\"https:\/\/www.csj-emballages.com\/wp-content\/uploads\/2023\/10\/logo_csj.webp\",\"contentUrl\":\"https:\/\/www.csj-emballages.com\/wp-content\/uploads\/2023\/10\/logo_csj.webp\",\"width\":250,\"height\":95,\"caption\":\"CSJ Emballages\"},\"image\":{\"@id\":\"https:\/\/www.csj-emballages.com\/de\/#\/schema\/logo\/image\/\"},\"sameAs\":[\"https:\/\/www.facebook.com\/csjemballages\"],\"address\":{\"@type\":\"PostalAddress\",\"streetAddress\":\"ZI La Lechere\",\"addressLocality\":\"Patornay\",\"postalCode\":\"39130\",\"addressCountry\":\"FR\"},\"contactPoint\":[{\"@type\":\"ContactPoint\",\"contactType\":\"Service client\",\"telephone\":\"0384254272\",\"email\":\"contact@csj-emballages.com\"}]}]}<\/script>\n<!-- \/ Yoast SEO Premium plugin. -->","yoast_head_json":{"title":"Eimer mit Schafsd\u00e4rmen - 22\/24 60 Meter starre R\u00f6hren AA","description":"Eimer mit Halal-Schafd\u00e4rmen, Durchmesser 22\/24 in 60 Meter starren AA-Rohren! Entscheiden Sie sich jetzt f\u00fcr Eimer mit 30 Massen Schafsdarm!","robots":{"index":"index","follow":"follow","max-snippet":"max-snippet:-1","max-image-preview":"max-image-preview:large","max-video-preview":"max-video-preview:-1"},"canonical":"https:\/\/www.csj-emballages.com\/de\/produit\/2-eimer-schafsdaerme-22-24-60-meter-starre-roehren-aa-eimer-mit-30-massen\/","og_locale":"de_DE","og_type":"article","og_title":"Schafsd\u00e4rme 22\/24 in 2 Eimern \u00e0 30 Str\u00e4nge","og_description":"Eimer mit Halal-Schafd\u00e4rmen, Durchmesser 22\/24 in 60 Meter starren AA-Rohren! Entscheiden Sie sich jetzt f\u00fcr Eimer mit 30 Massen Schafsdarm!","og_url":"https:\/\/www.csj-emballages.com\/de\/produit\/2-eimer-schafsdaerme-22-24-60-meter-starre-roehren-aa-eimer-mit-30-massen\/","og_site_name":"CSJ Emballages","article_publisher":"https:\/\/www.facebook.com\/csjemballages","article_modified_time":"2026-04-30T06:16:24+00:00","og_image":[{"width":800,"height":800,"url":"https:\/\/www.csj-emballages.com\/wp-content\/uploads\/2024\/04\/BM222430AA.webp","type":"image\/webp"}],"twitter_card":"summary_large_image","twitter_misc":{"Gesch\u00e4tzte Lesezeit":"1\u00a0Minute"},"schema":{"@context":"https:\/\/schema.org","@graph":[{"@type":"WebPage","@id":"https:\/\/www.csj-emballages.com\/de\/produit\/2-eimer-schafsdaerme-22-24-60-meter-starre-roehren-aa-eimer-mit-30-massen\/","url":"https:\/\/www.csj-emballages.com\/de\/produit\/2-eimer-schafsdaerme-22-24-60-meter-starre-roehren-aa-eimer-mit-30-massen\/","name":"Eimer mit Schafsd\u00e4rmen - 22\/24 60 Meter starre R\u00f6hren AA","isPartOf":{"@id":"https:\/\/www.csj-emballages.com\/de\/#website"},"primaryImageOfPage":{"@id":"https:\/\/www.csj-emballages.com\/de\/produit\/2-eimer-schafsdaerme-22-24-60-meter-starre-roehren-aa-eimer-mit-30-massen\/#primaryimage"},"image":{"@id":"https:\/\/www.csj-emballages.com\/de\/produit\/2-eimer-schafsdaerme-22-24-60-meter-starre-roehren-aa-eimer-mit-30-massen\/#primaryimage"},"thumbnailUrl":"https:\/\/www.csj-emballages.com\/wp-content\/uploads\/2024\/04\/BM222430AA.webp","datePublished":"2024-04-18T13:57:54+00:00","dateModified":"2026-04-30T06:16:24+00:00","description":"Eimer mit Halal-Schafd\u00e4rmen, Durchmesser 22\/24 in 60 Meter starren AA-Rohren! Entscheiden Sie sich jetzt f\u00fcr Eimer mit 30 Massen Schafsdarm!","breadcrumb":{"@id":"https:\/\/www.csj-emballages.com\/de\/produit\/2-eimer-schafsdaerme-22-24-60-meter-starre-roehren-aa-eimer-mit-30-massen\/#breadcrumb"},"inLanguage":"de","potentialAction":[{"@type":"ReadAction","target":["https:\/\/www.csj-emballages.com\/de\/produit\/2-eimer-schafsdaerme-22-24-60-meter-starre-roehren-aa-eimer-mit-30-massen\/"]}]},{"@type":"ImageObject","inLanguage":"de","@id":"https:\/\/www.csj-emballages.com\/de\/produit\/2-eimer-schafsdaerme-22-24-60-meter-starre-roehren-aa-eimer-mit-30-massen\/#primaryimage","url":"https:\/\/www.csj-emballages.com\/wp-content\/uploads\/2024\/04\/BM222430AA.webp","contentUrl":"https:\/\/www.csj-emballages.com\/wp-content\/uploads\/2024\/04\/BM222430AA.webp","width":800,"height":800,"caption":"Boyaux de mouton"},{"@type":"BreadcrumbList","@id":"https:\/\/www.csj-emballages.com\/de\/produit\/2-eimer-schafsdaerme-22-24-60-meter-starre-roehren-aa-eimer-mit-30-massen\/#breadcrumb","itemListElement":[{"@type":"ListItem","position":1,"name":"Accueil","item":"https:\/\/www.csj-emballages.com\/de\/universum-lebensmittelverpackungen\/"},{"@type":"ListItem","position":2,"name":"Shop","item":"https:\/\/www.csj-emballages.com\/shop\/"},{"@type":"ListItem","position":3,"name":"Schafsd\u00e4rme 22\/24 in 2 Eimern \u00e0 30 Str\u00e4nge"}]},{"@type":"WebSite","@id":"https:\/\/www.csj-emballages.com\/de\/#website","url":"https:\/\/www.csj-emballages.com\/de\/","name":"CSJ Emballages","description":"","publisher":{"@id":"https:\/\/www.csj-emballages.com\/de\/#organization"},"potentialAction":[{"@type":"SearchAction","target":{"@type":"EntryPoint","urlTemplate":"https:\/\/www.csj-emballages.com\/de\/?s={search_term_string}"},"query-input":{"@type":"PropertyValueSpecification","valueRequired":true,"valueName":"search_term_string"}}],"inLanguage":"de"},{"@type":"Organization","@id":"https:\/\/www.csj-emballages.com\/de\/#Organization\/","name":"CSJ Emballages","url":"https:\/\/www.csj-emballages.com\/de\/","logo":{"@type":"ImageObject","inLanguage":"de","@id":"https:\/\/www.csj-emballages.com\/de\/#\/schema\/logo\/image\/","url":"https:\/\/www.csj-emballages.com\/wp-content\/uploads\/2023\/10\/logo_csj.webp","contentUrl":"https:\/\/www.csj-emballages.com\/wp-content\/uploads\/2023\/10\/logo_csj.webp","width":250,"height":95,"caption":"CSJ Emballages"},"image":{"@id":"https:\/\/www.csj-emballages.com\/de\/#\/schema\/logo\/image\/"},"sameAs":["https:\/\/www.facebook.com\/csjemballages"],"address":{"@type":"PostalAddress","streetAddress":"ZI La Lechere","addressLocality":"Patornay","postalCode":"39130","addressCountry":"FR"},"contactPoint":[{"@type":"ContactPoint","contactType":"Service client","telephone":"0384254272","email":"contact@csj-emballages.com"}]}]}},"df_price":1310.31,"df_sale_price":"","df_regular_price":1310.31,"df_image_link":"https:\/\/www.csj-emballages.com\/wp-content\/uploads\/2024\/04\/BM222430AA-300x300.webp","tiered_pricing_type":"fixed","tiered_pricing_fixed_rules":[],"tiered_pricing_percentage_rules":[],"tiered_pricing_minimum":1,"tiered_pricing_roles_data":[],"_links":{"self":[{"href":"https:\/\/www.csj-emballages.com\/de\/wp-json\/wp\/v2\/product\/16601","targetHints":{"allow":["GET"]}}],"collection":[{"href":"https:\/\/www.csj-emballages.com\/de\/wp-json\/wp\/v2\/product"}],"about":[{"href":"https:\/\/www.csj-emballages.com\/de\/wp-json\/wp\/v2\/types\/product"}],"wp:featuredmedia":[{"embeddable":true,"href":"https:\/\/www.csj-emballages.com\/de\/wp-json\/wp\/v2\/media\/264200"}],"wp:attachment":[{"href":"https:\/\/www.csj-emballages.com\/de\/wp-json\/wp\/v2\/media?parent=16601"}],"wp:term":[{"taxonomy":"product_brand","embeddable":true,"href":"https:\/\/www.csj-emballages.com\/de\/wp-json\/wp\/v2\/product_brand?post=16601"},{"taxonomy":"product_cat","embeddable":true,"href":"https:\/\/www.csj-emballages.com\/de\/wp-json\/wp\/v2\/product_cat?post=16601"},{"taxonomy":"product_tag","embeddable":true,"href":"https:\/\/www.csj-emballages.com\/de\/wp-json\/wp\/v2\/product_tag?post=16601"}],"curies":[{"name":"wp","href":"https:\/\/api.w.org\/{rel}","templated":true}]}}