{"id":16550,"date":"2024-04-12T15:57:59","date_gmt":"2024-04-12T13:57:59","guid":{"rendered":"https:\/\/u15jnbdpoq.preview.infomaniak.website\/produit\/2-eimer-schafdaerme-24-26-60-meter-starre-roehren-aa-eimer-mit-30-massen\/"},"modified":"2026-04-16T02:11:13","modified_gmt":"2026-04-16T00:11:13","slug":"2-eimer-schafdaerme-24-26-60-meter-starre-roehren-aa-eimer-mit-30-massen","status":"publish","type":"product","link":"https:\/\/www.csj-emballages.com\/de\/produit\/2-eimer-schafdaerme-24-26-60-meter-starre-roehren-aa-eimer-mit-30-massen\/","title":{"rendered":"Schafsd\u00e4rme 24\/26 in 2 Eimern \u00e0 30 Bunde"},"content":{"rendered":"<h2>Schafsd\u00e4rme<\/h2>\n<hr>\n<h3>Entdecken Sie unsere Schafsd\u00e4rme 24\/26 in 2 Eimern \u00e0 30 Bunde<\/h3>\n<p><!--more--><\/p>\n<div class=\"flex-shrink-0 flex flex-col relative items-end\">\n<div class=\"pt-0.5 juice:pt-0\">\n<div class=\"gizmo-bot-avatar flex h-6 w-6 items-center justify-center overflow-hidden rounded-full juice:h-8 juice:w-8\">\n<div class=\"relative p-1 rounded-sm flex items-center justify-center bg-token-main-surface-primary text-token-text-primary h-8 w-8\">\n<p data-start=\"263\" data-end=\"568\">Die <strong>Schafsd\u00e4rme 24\/26 AA<\/strong> werden speziell ausgew\u00e4hlt, um den Anforderungen von Handwerks- und Industriebetrieben der Wurstherstellung gerecht zu werden. Bekannt f\u00fcr ihre Feinheit und Elastizit\u00e4t, eignen sie sich besonders f\u00fcr die Herstellung feiner W\u00fcrste und hochwertiger Produkte. <\/p>\n<p data-start=\"570\" data-end=\"935\">Zun\u00e4chst sind diese <strong>D\u00e4rme<\/strong> <strong>kalibriert in 24\/26<\/strong> und bieten einen gleichm\u00e4\u00dfigen Durchmesser, der eine hervorragende Homogenit\u00e4t beim F\u00fcllen gew\u00e4hrleistet. Ihre <strong>AA-Qualit\u00e4t<\/strong> zeugt von einer strengen Auswahl, die eine konstante Qualit\u00e4t, gute Rei\u00dffestigkeit und ein gepflegtes Aussehen des Endprodukts sichert. Sie erm\u00f6glichen einen ausgezeichneten Halt beim Kochen, w\u00e4hrend sie eine angenehme Textur im Mund bewahren.  <\/p>\n<p data-start=\"937\" data-end=\"1247\">Ebenso werden diese <strong>D\u00e4rme<\/strong> in <strong>2 Eimern \u00e0 30 Bunde<\/strong>, mit jeweils <strong>60 Metern<\/strong>, auf <strong>starren Rohren<\/strong> pr\u00e4sentiert, um die Handhabung zu erleichtern und Zeit bei der Verarbeitung zu sparen. Diese professionelle Verpackung optimiert die Lagerung, reduziert Verluste und sorgt f\u00fcr eine reibungslose Vorbereitung in der Werkstatt. <\/p>\n<p data-start=\"1249\" data-end=\"1531\">Die <strong>Schafsd\u00e4rme 24\/26 AA<\/strong> eignen sich perfekt f\u00fcr die Herstellung von feinen Merguez, Cocktailw\u00fcrstchen und anderen Spezialit\u00e4ten, die ein pr\u00e4zises Kaliber erfordern. Zusammenfassend garantiert ihre nat\u00fcrliche Qualit\u00e4t eine sch\u00f6ne Pr\u00e4sentation des Endprodukts. <\/p>\n<p data-start=\"1249\" data-end=\"1531\">\n<\/div>\n<\/div>\n<\/div>\n<\/div>\n<p><!--more--><\/p>\n<p><strong>Vorteile :<\/strong><\/p>\n<ul>\n<li data-start=\"1569\" data-end=\"1605\"><strong>Kaliber 24\/26<\/strong> f\u00fcr feine W\u00fcrste.<\/li>\n<li data-start=\"1658\" data-end=\"1704\">Gute Elastizit\u00e4t und Rei\u00dffestigkeit beim F\u00fcllen.<\/li>\n<li data-start=\"1741\" data-end=\"1804\">Pr\u00e4sentation auf starren Rohren f\u00fcr einfache Handhabung.<\/li>\n<li data-start=\"1807\" data-end=\"1861\">Professionelle Verpackung in <strong>2 Eimern \u00e0 30 Bunde<\/strong>.<\/li>\n<li data-start=\"1896\" data-end=\"1947\">Ideal f\u00fcr professionelle Metzger und Wursthersteller.<\/li>\n<\/ul>\n<p>&nbsp;<\/p>\n<p><!--more--><\/p>\n<h4>Weitere Informationen :<\/h4>\n<ul>\n<li><strong>Verpackung<\/strong>: 2 Eimer \u00e0 30 Str\u00e4nge<\/li>\n<li><strong>Durchmesser<\/strong>: 24\/26 mm<\/li>\n<li><strong>Qualit\u00e4t<\/strong>: AA<\/li>\n<li><strong>L\u00e4nge pro Strang<\/strong>: 60 Meter<\/li>\n<\/ul>\n<p>&nbsp;<\/p>\n<p><!--more--><\/p>\n<p>Erh\u00e4ltlich auch in <span style=\"color: #d12727\"><br \/>\n  <a style=\"color: #d12727\" href=\"https:\/\/www.csj-emballages.com\/produit\/boyau-mouton-22-24-60-metres-tubes-rigides-aa-seaux-de-30-masses\/\">Darm mit einem Durchmesser von 22\/24<\/a><br \/>\n<\/span><\/p>\n<p><!--more--><\/p>\n<p>&nbsp;<\/p>\n<p><a href=\"https:\/\/www.csj-emballages.com\/categorie-produit\/alimentation\/boyaux\/\">Entdecken Sie unser weiteres Sortiment an Wursth\u00fcllen<\/a><\/p>\n","protected":false},"excerpt":{"rendered":"<p>Schafsd\u00e4rme Entdecken Sie unsere Schafsd\u00e4rme 24\/26 in 2 Eimern \u00e0 30 Bunde<\/p>\n","protected":false},"featured_media":264205,"template":"","meta":{"_acf_changed":false},"product_brand":[],"product_cat":[1144,1149,5811],"product_tag":[],"class_list":{"0":"post-16550","1":"product","2":"type-product","3":"status-publish","4":"has-post-thumbnail","6":"product_cat-lebensmittel","7":"product_cat-darme","8":"product_cat-o24-26-mm-de","10":"first","11":"onbackorder","12":"taxable","13":"shipping-taxable","14":"purchasable","15":"product-type-simple"},"acf":[],"yoast_head":"<!-- This site is optimized with the Yoast SEO Premium plugin v26.6 (Yoast SEO v26.6) - https:\/\/yoast.com\/wordpress\/plugins\/seo\/ -->\n<title>Schafsd\u00e4rme 24\/26 in 2 Eimern \u00e0 30 Bunde<\/title>\n<meta name=\"description\" content=\"Schafsd\u00e4rme 24\/26 AA in 2 Eimern \u00e0 30 Bunde (60 m). Profi-Qualit\u00e4t, ideal f\u00fcr feine W\u00fcrste und Wurstwaren.\" \/>\n<meta name=\"robots\" content=\"index, follow, max-snippet:-1, max-image-preview:large, max-video-preview:-1\" \/>\n<link rel=\"canonical\" href=\"https:\/\/www.csj-emballages.com\/de\/produit\/2-eimer-schafdaerme-24-26-60-meter-starre-roehren-aa-eimer-mit-30-massen\/\" \/>\n<meta property=\"og:locale\" content=\"de_DE\" \/>\n<meta property=\"og:type\" content=\"article\" \/>\n<meta property=\"og:title\" content=\"Schafsd\u00e4rme 24\/26 in 2 Eimern \u00e0 30 Bunde\" \/>\n<meta property=\"og:description\" content=\"Schafsd\u00e4rme 24\/26 AA in 2 Eimern \u00e0 30 Bunde (60 m). Profi-Qualit\u00e4t, ideal f\u00fcr feine W\u00fcrste und Wurstwaren.\" \/>\n<meta property=\"og:url\" content=\"https:\/\/www.csj-emballages.com\/de\/produit\/2-eimer-schafdaerme-24-26-60-meter-starre-roehren-aa-eimer-mit-30-massen\/\" \/>\n<meta property=\"og:site_name\" content=\"CSJ Emballages\" \/>\n<meta property=\"article:publisher\" content=\"https:\/\/www.facebook.com\/csjemballages\" \/>\n<meta property=\"article:modified_time\" content=\"2026-04-16T00:11:13+00:00\" \/>\n<meta property=\"og:image\" content=\"https:\/\/www.csj-emballages.com\/wp-content\/uploads\/2024\/04\/BM242630AA.webp\" \/>\n\t<meta property=\"og:image:width\" content=\"800\" \/>\n\t<meta property=\"og:image:height\" content=\"800\" \/>\n\t<meta property=\"og:image:type\" content=\"image\/png\" \/>\n<meta name=\"twitter:card\" content=\"summary_large_image\" \/>\n<meta name=\"twitter:label1\" content=\"Gesch\u00e4tzte Lesezeit\" \/>\n\t<meta name=\"twitter:data1\" content=\"1\u00a0Minute\" \/>\n<script type=\"application\/ld+json\" class=\"yoast-schema-graph\">{\"@context\":\"https:\/\/schema.org\",\"@graph\":[{\"@type\":\"WebPage\",\"@id\":\"https:\/\/www.csj-emballages.com\/de\/produit\/2-eimer-schafdaerme-24-26-60-meter-starre-roehren-aa-eimer-mit-30-massen\/\",\"url\":\"https:\/\/www.csj-emballages.com\/de\/produit\/2-eimer-schafdaerme-24-26-60-meter-starre-roehren-aa-eimer-mit-30-massen\/\",\"name\":\"Schafsd\u00e4rme 24\/26 in 2 Eimern \u00e0 30 Bunde\",\"isPartOf\":{\"@id\":\"https:\/\/www.csj-emballages.com\/de\/#website\"},\"primaryImageOfPage\":{\"@id\":\"https:\/\/www.csj-emballages.com\/de\/produit\/2-eimer-schafdaerme-24-26-60-meter-starre-roehren-aa-eimer-mit-30-massen\/#primaryimage\"},\"image\":{\"@id\":\"https:\/\/www.csj-emballages.com\/de\/produit\/2-eimer-schafdaerme-24-26-60-meter-starre-roehren-aa-eimer-mit-30-massen\/#primaryimage\"},\"thumbnailUrl\":\"https:\/\/www.csj-emballages.com\/wp-content\/uploads\/2024\/04\/BM242630AA.webp\",\"datePublished\":\"2024-04-12T13:57:59+00:00\",\"dateModified\":\"2026-04-16T00:11:13+00:00\",\"description\":\"Schafsd\u00e4rme 24\/26 AA in 2 Eimern \u00e0 30 Bunde (60 m). Profi-Qualit\u00e4t, ideal f\u00fcr feine W\u00fcrste und Wurstwaren.\",\"breadcrumb\":{\"@id\":\"https:\/\/www.csj-emballages.com\/de\/produit\/2-eimer-schafdaerme-24-26-60-meter-starre-roehren-aa-eimer-mit-30-massen\/#breadcrumb\"},\"inLanguage\":\"de\",\"potentialAction\":[{\"@type\":\"ReadAction\",\"target\":[\"https:\/\/www.csj-emballages.com\/de\/produit\/2-eimer-schafdaerme-24-26-60-meter-starre-roehren-aa-eimer-mit-30-massen\/\"]}]},{\"@type\":\"ImageObject\",\"inLanguage\":\"de\",\"@id\":\"https:\/\/www.csj-emballages.com\/de\/produit\/2-eimer-schafdaerme-24-26-60-meter-starre-roehren-aa-eimer-mit-30-massen\/#primaryimage\",\"url\":\"https:\/\/www.csj-emballages.com\/wp-content\/uploads\/2024\/04\/BM242630AA.webp\",\"contentUrl\":\"https:\/\/www.csj-emballages.com\/wp-content\/uploads\/2024\/04\/BM242630AA.webp\",\"width\":800,\"height\":800,\"caption\":\"Boyaux de mouton\"},{\"@type\":\"BreadcrumbList\",\"@id\":\"https:\/\/www.csj-emballages.com\/de\/produit\/2-eimer-schafdaerme-24-26-60-meter-starre-roehren-aa-eimer-mit-30-massen\/#breadcrumb\",\"itemListElement\":[{\"@type\":\"ListItem\",\"position\":1,\"name\":\"Accueil\",\"item\":\"https:\/\/www.csj-emballages.com\/de\/universum-lebensmittelverpackungen\/\"},{\"@type\":\"ListItem\",\"position\":2,\"name\":\"Shop\",\"item\":\"https:\/\/www.csj-emballages.com\/shop\/\"},{\"@type\":\"ListItem\",\"position\":3,\"name\":\"Schafsd\u00e4rme 24\/26 in 2 Eimern \u00e0 30 Bunde\"}]},{\"@type\":\"WebSite\",\"@id\":\"https:\/\/www.csj-emballages.com\/de\/#website\",\"url\":\"https:\/\/www.csj-emballages.com\/de\/\",\"name\":\"CSJ Emballages\",\"description\":\"\",\"publisher\":{\"@id\":\"https:\/\/www.csj-emballages.com\/de\/#organization\"},\"potentialAction\":[{\"@type\":\"SearchAction\",\"target\":{\"@type\":\"EntryPoint\",\"urlTemplate\":\"https:\/\/www.csj-emballages.com\/de\/?s={search_term_string}\"},\"query-input\":{\"@type\":\"PropertyValueSpecification\",\"valueRequired\":true,\"valueName\":\"search_term_string\"}}],\"inLanguage\":\"de\"},{\"@type\":\"Organization\",\"@id\":\"https:\/\/www.csj-emballages.com\/de\/#Organization\/\",\"name\":\"CSJ Emballages\",\"url\":\"https:\/\/www.csj-emballages.com\/de\/\",\"logo\":{\"@type\":\"ImageObject\",\"inLanguage\":\"de\",\"@id\":\"https:\/\/www.csj-emballages.com\/de\/#\/schema\/logo\/image\/\",\"url\":\"https:\/\/www.csj-emballages.com\/wp-content\/uploads\/2023\/10\/logo_csj.webp\",\"contentUrl\":\"https:\/\/www.csj-emballages.com\/wp-content\/uploads\/2023\/10\/logo_csj.webp\",\"width\":250,\"height\":95,\"caption\":\"CSJ Emballages\"},\"image\":{\"@id\":\"https:\/\/www.csj-emballages.com\/de\/#\/schema\/logo\/image\/\"},\"sameAs\":[\"https:\/\/www.facebook.com\/csjemballages\"],\"address\":{\"@type\":\"PostalAddress\",\"streetAddress\":\"ZI La Lechere\",\"addressLocality\":\"Patornay\",\"postalCode\":\"39130\",\"addressCountry\":\"FR\"},\"contactPoint\":[{\"@type\":\"ContactPoint\",\"contactType\":\"Service client\",\"telephone\":\"0384254272\",\"email\":\"contact@csj-emballages.com\"}]}]}<\/script>\n<!-- \/ Yoast SEO Premium plugin. -->","yoast_head_json":{"title":"Schafsd\u00e4rme 24\/26 in 2 Eimern \u00e0 30 Bunde","description":"Schafsd\u00e4rme 24\/26 AA in 2 Eimern \u00e0 30 Bunde (60 m). Profi-Qualit\u00e4t, ideal f\u00fcr feine W\u00fcrste und Wurstwaren.","robots":{"index":"index","follow":"follow","max-snippet":"max-snippet:-1","max-image-preview":"max-image-preview:large","max-video-preview":"max-video-preview:-1"},"canonical":"https:\/\/www.csj-emballages.com\/de\/produit\/2-eimer-schafdaerme-24-26-60-meter-starre-roehren-aa-eimer-mit-30-massen\/","og_locale":"de_DE","og_type":"article","og_title":"Schafsd\u00e4rme 24\/26 in 2 Eimern \u00e0 30 Bunde","og_description":"Schafsd\u00e4rme 24\/26 AA in 2 Eimern \u00e0 30 Bunde (60 m). Profi-Qualit\u00e4t, ideal f\u00fcr feine W\u00fcrste und Wurstwaren.","og_url":"https:\/\/www.csj-emballages.com\/de\/produit\/2-eimer-schafdaerme-24-26-60-meter-starre-roehren-aa-eimer-mit-30-massen\/","og_site_name":"CSJ Emballages","article_publisher":"https:\/\/www.facebook.com\/csjemballages","article_modified_time":"2026-04-16T00:11:13+00:00","og_image":[{"width":800,"height":800,"url":"https:\/\/www.csj-emballages.com\/wp-content\/uploads\/2024\/04\/BM242630AA.webp","type":"image\/png"}],"twitter_card":"summary_large_image","twitter_misc":{"Gesch\u00e4tzte Lesezeit":"1\u00a0Minute"},"schema":{"@context":"https:\/\/schema.org","@graph":[{"@type":"WebPage","@id":"https:\/\/www.csj-emballages.com\/de\/produit\/2-eimer-schafdaerme-24-26-60-meter-starre-roehren-aa-eimer-mit-30-massen\/","url":"https:\/\/www.csj-emballages.com\/de\/produit\/2-eimer-schafdaerme-24-26-60-meter-starre-roehren-aa-eimer-mit-30-massen\/","name":"Schafsd\u00e4rme 24\/26 in 2 Eimern \u00e0 30 Bunde","isPartOf":{"@id":"https:\/\/www.csj-emballages.com\/de\/#website"},"primaryImageOfPage":{"@id":"https:\/\/www.csj-emballages.com\/de\/produit\/2-eimer-schafdaerme-24-26-60-meter-starre-roehren-aa-eimer-mit-30-massen\/#primaryimage"},"image":{"@id":"https:\/\/www.csj-emballages.com\/de\/produit\/2-eimer-schafdaerme-24-26-60-meter-starre-roehren-aa-eimer-mit-30-massen\/#primaryimage"},"thumbnailUrl":"https:\/\/www.csj-emballages.com\/wp-content\/uploads\/2024\/04\/BM242630AA.webp","datePublished":"2024-04-12T13:57:59+00:00","dateModified":"2026-04-16T00:11:13+00:00","description":"Schafsd\u00e4rme 24\/26 AA in 2 Eimern \u00e0 30 Bunde (60 m). Profi-Qualit\u00e4t, ideal f\u00fcr feine W\u00fcrste und Wurstwaren.","breadcrumb":{"@id":"https:\/\/www.csj-emballages.com\/de\/produit\/2-eimer-schafdaerme-24-26-60-meter-starre-roehren-aa-eimer-mit-30-massen\/#breadcrumb"},"inLanguage":"de","potentialAction":[{"@type":"ReadAction","target":["https:\/\/www.csj-emballages.com\/de\/produit\/2-eimer-schafdaerme-24-26-60-meter-starre-roehren-aa-eimer-mit-30-massen\/"]}]},{"@type":"ImageObject","inLanguage":"de","@id":"https:\/\/www.csj-emballages.com\/de\/produit\/2-eimer-schafdaerme-24-26-60-meter-starre-roehren-aa-eimer-mit-30-massen\/#primaryimage","url":"https:\/\/www.csj-emballages.com\/wp-content\/uploads\/2024\/04\/BM242630AA.webp","contentUrl":"https:\/\/www.csj-emballages.com\/wp-content\/uploads\/2024\/04\/BM242630AA.webp","width":800,"height":800,"caption":"Boyaux de mouton"},{"@type":"BreadcrumbList","@id":"https:\/\/www.csj-emballages.com\/de\/produit\/2-eimer-schafdaerme-24-26-60-meter-starre-roehren-aa-eimer-mit-30-massen\/#breadcrumb","itemListElement":[{"@type":"ListItem","position":1,"name":"Accueil","item":"https:\/\/www.csj-emballages.com\/de\/universum-lebensmittelverpackungen\/"},{"@type":"ListItem","position":2,"name":"Shop","item":"https:\/\/www.csj-emballages.com\/shop\/"},{"@type":"ListItem","position":3,"name":"Schafsd\u00e4rme 24\/26 in 2 Eimern \u00e0 30 Bunde"}]},{"@type":"WebSite","@id":"https:\/\/www.csj-emballages.com\/de\/#website","url":"https:\/\/www.csj-emballages.com\/de\/","name":"CSJ Emballages","description":"","publisher":{"@id":"https:\/\/www.csj-emballages.com\/de\/#organization"},"potentialAction":[{"@type":"SearchAction","target":{"@type":"EntryPoint","urlTemplate":"https:\/\/www.csj-emballages.com\/de\/?s={search_term_string}"},"query-input":{"@type":"PropertyValueSpecification","valueRequired":true,"valueName":"search_term_string"}}],"inLanguage":"de"},{"@type":"Organization","@id":"https:\/\/www.csj-emballages.com\/de\/#Organization\/","name":"CSJ Emballages","url":"https:\/\/www.csj-emballages.com\/de\/","logo":{"@type":"ImageObject","inLanguage":"de","@id":"https:\/\/www.csj-emballages.com\/de\/#\/schema\/logo\/image\/","url":"https:\/\/www.csj-emballages.com\/wp-content\/uploads\/2023\/10\/logo_csj.webp","contentUrl":"https:\/\/www.csj-emballages.com\/wp-content\/uploads\/2023\/10\/logo_csj.webp","width":250,"height":95,"caption":"CSJ Emballages"},"image":{"@id":"https:\/\/www.csj-emballages.com\/de\/#\/schema\/logo\/image\/"},"sameAs":["https:\/\/www.facebook.com\/csjemballages"],"address":{"@type":"PostalAddress","streetAddress":"ZI La Lechere","addressLocality":"Patornay","postalCode":"39130","addressCountry":"FR"},"contactPoint":[{"@type":"ContactPoint","contactType":"Service client","telephone":"0384254272","email":"contact@csj-emballages.com"}]}]}},"df_price":1405.26,"df_sale_price":"","df_regular_price":1405.26,"df_image_link":"https:\/\/www.csj-emballages.com\/wp-content\/uploads\/2024\/04\/BM242630AA-300x300.webp","tiered_pricing_type":"fixed","tiered_pricing_fixed_rules":[],"tiered_pricing_percentage_rules":[],"tiered_pricing_minimum":1,"tiered_pricing_roles_data":[],"_links":{"self":[{"href":"https:\/\/www.csj-emballages.com\/de\/wp-json\/wp\/v2\/product\/16550","targetHints":{"allow":["GET"]}}],"collection":[{"href":"https:\/\/www.csj-emballages.com\/de\/wp-json\/wp\/v2\/product"}],"about":[{"href":"https:\/\/www.csj-emballages.com\/de\/wp-json\/wp\/v2\/types\/product"}],"wp:featuredmedia":[{"embeddable":true,"href":"https:\/\/www.csj-emballages.com\/de\/wp-json\/wp\/v2\/media\/264205"}],"wp:attachment":[{"href":"https:\/\/www.csj-emballages.com\/de\/wp-json\/wp\/v2\/media?parent=16550"}],"wp:term":[{"taxonomy":"product_brand","embeddable":true,"href":"https:\/\/www.csj-emballages.com\/de\/wp-json\/wp\/v2\/product_brand?post=16550"},{"taxonomy":"product_cat","embeddable":true,"href":"https:\/\/www.csj-emballages.com\/de\/wp-json\/wp\/v2\/product_cat?post=16550"},{"taxonomy":"product_tag","embeddable":true,"href":"https:\/\/www.csj-emballages.com\/de\/wp-json\/wp\/v2\/product_tag?post=16550"}],"curies":[{"name":"wp","href":"https:\/\/api.w.org\/{rel}","templated":true}]}}