{"id":16542,"date":"2024-05-29T08:42:10","date_gmt":"2024-05-29T06:42:10","guid":{"rendered":"https:\/\/u15jnbdpoq.preview.infomaniak.website\/produit\/1-tischlaeufer-0-30-x-10-m-weiss\/"},"modified":"2026-04-03T02:14:42","modified_gmt":"2026-04-03T00:14:42","slug":"1-tischlaeufer-0-30-x-10-m-weiss","status":"publish","type":"product","link":"https:\/\/www.csj-emballages.com\/de\/produit\/1-tischlaeufer-0-30-x-10-m-weiss\/","title":{"rendered":"Tischl\u00e4ufer wei\u00df 0.30 x 10 m"},"content":{"rendered":"<h2>Tischl\u00e4ufer<\/h2>\n<hr>\n<h3>Beschreibung unseres Tischl\u00e4ufers wei\u00df 0.30 x 10 m<\/h3>\n<p><!--more--><\/p>\n<p>Um Ihre Tische ganz einfach zu versch\u00f6nern, entscheiden Sie sich f\u00fcr einen <strong>wei\u00dfen Tischl\u00e4ufer<\/strong>. Dieses schlichte und raffinierte Accessoire verleiht all Ihren Anl\u00e4ssen einen Hauch von Eleganz. Ob f\u00fcr ein Abendessen mit der Familie oder ein besonderes Ereignis, er passt sich problemlos an verschiedene Einrichtungsstile an.  <\/p>\n<p>Mit einer Breite von <strong>30 cm<\/strong> und einer <strong>L\u00e4nge <\/strong>von<strong> 10 m<\/strong> ist dieser <strong>L\u00e4ufer<\/strong> ideal, um einen langen Tisch zu decken oder nach Bedarf zuzuschneiden. Das praktische Format erm\u00f6glicht es Ihnen, harmonische Dekorationen zu schaffen und gleichzeitig Ihr Budget zu optimieren.  Au\u00dferdem passt sein dezenter, aber leuchtender <strong>Wei\u00dfton<\/strong> perfekt zu neutralen oder kr\u00e4ftigeren Farbt\u00f6nen.<\/p>\n<p>Der <strong>silberne Tischl\u00e4ufer<\/strong> wurde entworfen, um m\u00fchelos ein gepflegtes Finish zu erzielen. Er bietet eine einfache L\u00f6sung zur Verbesserung der Pr\u00e4sentation Ihrer Mahlzeiten, ob formell oder informell. Seine Qualit\u00e4t erm\u00f6glicht es Ihnen, ihn einmal oder mehrmals zu verwenden, je nach Ihren W\u00fcnschen.  <\/p>\n<h3><\/h3>\n<p><!--more--><\/p>\n<h3>Eine praktische und erschwingliche Dekoration<\/h3>\n<p>Einer der Hauptvorteile dieses <strong>wei\u00dfen Tischl\u00e4ufers<\/strong> ist seine Vielseitigkeit. Er ist leicht zu verlegen und passt zu allen Arten von Geschirr und Tischdecken. Sie k\u00f6nnen ihn mit dekorativen Elementen wie Kerzen oder Blumen kombinieren, um einen noch w\u00e4rmeren Eindruck zu hinterlassen. Seine gro\u00dfz\u00fcgige L\u00e4nge garantiert, dass er auch f\u00fcr gro\u00dfe Tische geeignet ist. Bei Bedarf k\u00f6nnen Sie die Rolle auch zuschneiden, um sie an kleinere Tische oder Tischaufs\u00e4tze anzupassen. Dank dieser Flexibilit\u00e4t wird der <strong>Tischl\u00e4ufer<\/strong> zu einem unverzichtbaren Verb\u00fcndeten bei Ihren Vorbereitungen.     <\/p>\n<p>Sie werden sein geringes Gewicht und seine einfache Handhabung im Alltag zu sch\u00e4tzen wissen. Er ist eine kosteng\u00fcnstige Option f\u00fcr diejenigen, die ein elegantes Dekor suchen, ohne ihr Budget zu \u00fcbersteigen. <\/p>\n<p>&nbsp;<\/p>\n<p><!--more--><\/p>\n<p>Wenn Sie sich f\u00fcr diesen <strong>wei\u00dfen Tischl\u00e4ufer<\/strong> entscheiden, verbinden Sie \u00c4sthetik mit Schlichtheit. Dieses diskrete Accessoire wird Ihre Tische zu jeder Gelegenheit versch\u00f6nern und dabei praktisch und erschwinglich bleiben. F\u00fcr Ihre Mahlzeiten oder Feiern bleibt er eine sichere und effektive Wahl.  <\/p>\n<p>&nbsp;<\/p>\n<p><!--more--><\/p>\n<p><strong>Seine Vorteile :<\/strong><\/p>\n<ul>\n<li><strong>Praktische Ma\u00dfe<\/strong>: 30 cm breit und 10 m lang, ideal f\u00fcr alle Tischgr\u00f6\u00dfen.<\/li>\n<li><strong>Vielseitigkeit<\/strong>: Kann an verschiedene Anl\u00e4sse angepasst werden, von t\u00e4glichen Mahlzeiten bis hin zu besonderen Feierlichkeiten.<\/li>\n<li><strong>Benutzerfreundlichkeit<\/strong>: Leicht, einfach zu verlegen, zu schneiden und zu verstauen.<\/li>\n<li><strong>Diskrete Eleganz<\/strong>: Seine wei\u00dfe Farbe f\u00fcgt sich problemlos in jeden Einrichtungsstil ein.<\/li>\n<\/ul>\n<p>&nbsp;<\/p>\n<p><!--more--><\/p>\n<p>Dieser Tischl\u00e4ufer ist in verschiedenen Farben erh\u00e4ltlich : <span style=\"color: #d12727;\"><a style=\"color: #d12727;\" href=\"https:\/\/www.csj-emballages.com\/pt-pt\/produit\/1-passadeira-de-mesa-030-x-10-m-prateada\/\">Silber<\/a><\/span> \/ <span style=\"color: #d12727;\"><a style=\"color: #d12727;\" href=\"https:\/\/www.csj-emballages.com\/pt-pt\/produit\/1-passadeira-de-mesa-030-x-10-m-lila\/\">Lila<\/a><\/span> \/ <span style=\"color: #d12727;\"><a style=\"color: #d12727;\" href=\"https:\/\/www.csj-emballages.com\/pt-pt\/produit\/1-passadeira-de-mesa-030-x-10-m-dourada\/\">Gold<\/a><\/span> \/ <span style=\"color: #d12727;\"><a style=\"color: #d12727;\" href=\"https:\/\/www.csj-emballages.com\/pt-pt\/produit\/1-passadeira-de-mesa-030-x-10-m-tangerina\/\">Orange<\/a><\/span><\/p>\n<p>&nbsp;<\/p>\n<p><!--more--><\/p>\n<p><a href=\"\/?product_cat=chemin-de-table\">Sehen Sie sich den Rest unseres Sortiments an Tischl\u00e4ufern an.<\/a><\/p>\n","protected":false},"excerpt":{"rendered":"<p>Tischl\u00e4ufer Beschreibung unseres Tischl\u00e4ufers wei\u00df 0.30 x 10 m<\/p>\n","protected":false},"featured_media":200355,"template":"","meta":{"_acf_changed":false},"product_brand":[],"product_cat":[1137,1134,1135,1136],"product_tag":[],"class_list":{"0":"post-16542","1":"product","2":"type-product","3":"status-publish","4":"has-post-thumbnail","6":"product_cat-lebensmittelverpackungen","7":"product_cat-restauration-de","8":"product_cat-servietten-tischsets-tischdecken","9":"product_cat-tischlaufer","11":"first","12":"instock","13":"taxable","14":"shipping-taxable","15":"purchasable","16":"product-type-simple"},"acf":[],"yoast_head":"<!-- This site is optimized with the Yoast SEO Premium plugin v26.6 (Yoast SEO v26.6) - https:\/\/yoast.com\/wordpress\/plugins\/seo\/ -->\n<title>Tischl\u00e4ufer Wei\u00df - 0.30 x 10 m<\/title>\n<meta name=\"description\" content=\"Tischl\u00e4ufer wei\u00df 0.30 x 10 m! Wir bieten Ihnen einen eleganten Tischl\u00e4ufer, der perfekt f\u00fcr Ihre Veranstaltungen mit Familie oder Freunden ist!\" \/>\n<meta name=\"robots\" content=\"index, follow, max-snippet:-1, max-image-preview:large, max-video-preview:-1\" \/>\n<link rel=\"canonical\" href=\"https:\/\/www.csj-emballages.com\/de\/produit\/1-tischlaeufer-0-30-x-10-m-weiss\/\" \/>\n<meta property=\"og:locale\" content=\"de_DE\" \/>\n<meta property=\"og:type\" content=\"article\" \/>\n<meta property=\"og:title\" content=\"Tischl\u00e4ufer wei\u00df 0.30 x 10 m\" \/>\n<meta property=\"og:description\" content=\"Tischl\u00e4ufer wei\u00df 0.30 x 10 m! Wir bieten Ihnen einen eleganten Tischl\u00e4ufer, der perfekt f\u00fcr Ihre Veranstaltungen mit Familie oder Freunden ist!\" \/>\n<meta property=\"og:url\" content=\"https:\/\/www.csj-emballages.com\/de\/produit\/1-tischlaeufer-0-30-x-10-m-weiss\/\" \/>\n<meta property=\"og:site_name\" content=\"CSJ Emballages\" \/>\n<meta property=\"article:publisher\" content=\"https:\/\/www.facebook.com\/csjemballages\" \/>\n<meta property=\"article:modified_time\" content=\"2026-04-03T00:14:42+00:00\" \/>\n<meta property=\"og:image\" content=\"https:\/\/www.csj-emballages.com\/wp-content\/uploads\/2024\/05\/CHEPBLANC.webp\" \/>\n\t<meta property=\"og:image:width\" content=\"800\" \/>\n\t<meta property=\"og:image:height\" content=\"800\" \/>\n\t<meta property=\"og:image:type\" content=\"image\/webp\" \/>\n<meta name=\"twitter:card\" content=\"summary_large_image\" \/>\n<script type=\"application\/ld+json\" class=\"yoast-schema-graph\">{\"@context\":\"https:\/\/schema.org\",\"@graph\":[{\"@type\":\"WebPage\",\"@id\":\"https:\/\/www.csj-emballages.com\/de\/produit\/1-tischlaeufer-0-30-x-10-m-weiss\/\",\"url\":\"https:\/\/www.csj-emballages.com\/de\/produit\/1-tischlaeufer-0-30-x-10-m-weiss\/\",\"name\":\"Tischl\u00e4ufer Wei\u00df - 0.30 x 10 m\",\"isPartOf\":{\"@id\":\"https:\/\/www.csj-emballages.com\/de\/#website\"},\"primaryImageOfPage\":{\"@id\":\"https:\/\/www.csj-emballages.com\/de\/produit\/1-tischlaeufer-0-30-x-10-m-weiss\/#primaryimage\"},\"image\":{\"@id\":\"https:\/\/www.csj-emballages.com\/de\/produit\/1-tischlaeufer-0-30-x-10-m-weiss\/#primaryimage\"},\"thumbnailUrl\":\"https:\/\/www.csj-emballages.com\/wp-content\/uploads\/2024\/05\/CHEPBLANC.webp\",\"datePublished\":\"2024-05-29T06:42:10+00:00\",\"dateModified\":\"2026-04-03T00:14:42+00:00\",\"description\":\"Tischl\u00e4ufer wei\u00df 0.30 x 10 m! Wir bieten Ihnen einen eleganten Tischl\u00e4ufer, der perfekt f\u00fcr Ihre Veranstaltungen mit Familie oder Freunden ist!\",\"breadcrumb\":{\"@id\":\"https:\/\/www.csj-emballages.com\/de\/produit\/1-tischlaeufer-0-30-x-10-m-weiss\/#breadcrumb\"},\"inLanguage\":\"de\",\"potentialAction\":[{\"@type\":\"ReadAction\",\"target\":[\"https:\/\/www.csj-emballages.com\/de\/produit\/1-tischlaeufer-0-30-x-10-m-weiss\/\"]}]},{\"@type\":\"ImageObject\",\"inLanguage\":\"de\",\"@id\":\"https:\/\/www.csj-emballages.com\/de\/produit\/1-tischlaeufer-0-30-x-10-m-weiss\/#primaryimage\",\"url\":\"https:\/\/www.csj-emballages.com\/wp-content\/uploads\/2024\/05\/CHEPBLANC.webp\",\"contentUrl\":\"https:\/\/www.csj-emballages.com\/wp-content\/uploads\/2024\/05\/CHEPBLANC.webp\",\"width\":800,\"height\":800,\"caption\":\"chemin de table\"},{\"@type\":\"BreadcrumbList\",\"@id\":\"https:\/\/www.csj-emballages.com\/de\/produit\/1-tischlaeufer-0-30-x-10-m-weiss\/#breadcrumb\",\"itemListElement\":[{\"@type\":\"ListItem\",\"position\":1,\"name\":\"Accueil\",\"item\":\"https:\/\/www.csj-emballages.com\/de\/universum-lebensmittelverpackungen\/\"},{\"@type\":\"ListItem\",\"position\":2,\"name\":\"Shop\",\"item\":\"https:\/\/www.csj-emballages.com\/shop\/\"},{\"@type\":\"ListItem\",\"position\":3,\"name\":\"Tischl\u00e4ufer wei\u00df 0.30 x 10 m\"}]},{\"@type\":\"WebSite\",\"@id\":\"https:\/\/www.csj-emballages.com\/de\/#website\",\"url\":\"https:\/\/www.csj-emballages.com\/de\/\",\"name\":\"CSJ Emballages\",\"description\":\"\",\"publisher\":{\"@id\":\"https:\/\/www.csj-emballages.com\/de\/#organization\"},\"potentialAction\":[{\"@type\":\"SearchAction\",\"target\":{\"@type\":\"EntryPoint\",\"urlTemplate\":\"https:\/\/www.csj-emballages.com\/de\/?s={search_term_string}\"},\"query-input\":{\"@type\":\"PropertyValueSpecification\",\"valueRequired\":true,\"valueName\":\"search_term_string\"}}],\"inLanguage\":\"de\"},{\"@type\":\"Organization\",\"@id\":\"https:\/\/www.csj-emballages.com\/de\/#Organization\/\",\"name\":\"CSJ Emballages\",\"url\":\"https:\/\/www.csj-emballages.com\/de\/\",\"logo\":{\"@type\":\"ImageObject\",\"inLanguage\":\"de\",\"@id\":\"https:\/\/www.csj-emballages.com\/de\/#\/schema\/logo\/image\/\",\"url\":\"https:\/\/www.csj-emballages.com\/wp-content\/uploads\/2023\/10\/logo_csj.webp\",\"contentUrl\":\"https:\/\/www.csj-emballages.com\/wp-content\/uploads\/2023\/10\/logo_csj.webp\",\"width\":250,\"height\":95,\"caption\":\"CSJ Emballages\"},\"image\":{\"@id\":\"https:\/\/www.csj-emballages.com\/de\/#\/schema\/logo\/image\/\"},\"sameAs\":[\"https:\/\/www.facebook.com\/csjemballages\"],\"address\":{\"@type\":\"PostalAddress\",\"streetAddress\":\"ZI La Lechere\",\"addressLocality\":\"Patornay\",\"postalCode\":\"39130\",\"addressCountry\":\"FR\"},\"contactPoint\":[{\"@type\":\"ContactPoint\",\"contactType\":\"Service client\",\"telephone\":\"0384254272\",\"email\":\"contact@csj-emballages.com\"}]}]}<\/script>\n<!-- \/ Yoast SEO Premium plugin. -->","yoast_head_json":{"title":"Tischl\u00e4ufer Wei\u00df - 0.30 x 10 m","description":"Tischl\u00e4ufer wei\u00df 0.30 x 10 m! Wir bieten Ihnen einen eleganten Tischl\u00e4ufer, der perfekt f\u00fcr Ihre Veranstaltungen mit Familie oder Freunden ist!","robots":{"index":"index","follow":"follow","max-snippet":"max-snippet:-1","max-image-preview":"max-image-preview:large","max-video-preview":"max-video-preview:-1"},"canonical":"https:\/\/www.csj-emballages.com\/de\/produit\/1-tischlaeufer-0-30-x-10-m-weiss\/","og_locale":"de_DE","og_type":"article","og_title":"Tischl\u00e4ufer wei\u00df 0.30 x 10 m","og_description":"Tischl\u00e4ufer wei\u00df 0.30 x 10 m! Wir bieten Ihnen einen eleganten Tischl\u00e4ufer, der perfekt f\u00fcr Ihre Veranstaltungen mit Familie oder Freunden ist!","og_url":"https:\/\/www.csj-emballages.com\/de\/produit\/1-tischlaeufer-0-30-x-10-m-weiss\/","og_site_name":"CSJ Emballages","article_publisher":"https:\/\/www.facebook.com\/csjemballages","article_modified_time":"2026-04-03T00:14:42+00:00","og_image":[{"width":800,"height":800,"url":"https:\/\/www.csj-emballages.com\/wp-content\/uploads\/2024\/05\/CHEPBLANC.webp","type":"image\/webp"}],"twitter_card":"summary_large_image","schema":{"@context":"https:\/\/schema.org","@graph":[{"@type":"WebPage","@id":"https:\/\/www.csj-emballages.com\/de\/produit\/1-tischlaeufer-0-30-x-10-m-weiss\/","url":"https:\/\/www.csj-emballages.com\/de\/produit\/1-tischlaeufer-0-30-x-10-m-weiss\/","name":"Tischl\u00e4ufer Wei\u00df - 0.30 x 10 m","isPartOf":{"@id":"https:\/\/www.csj-emballages.com\/de\/#website"},"primaryImageOfPage":{"@id":"https:\/\/www.csj-emballages.com\/de\/produit\/1-tischlaeufer-0-30-x-10-m-weiss\/#primaryimage"},"image":{"@id":"https:\/\/www.csj-emballages.com\/de\/produit\/1-tischlaeufer-0-30-x-10-m-weiss\/#primaryimage"},"thumbnailUrl":"https:\/\/www.csj-emballages.com\/wp-content\/uploads\/2024\/05\/CHEPBLANC.webp","datePublished":"2024-05-29T06:42:10+00:00","dateModified":"2026-04-03T00:14:42+00:00","description":"Tischl\u00e4ufer wei\u00df 0.30 x 10 m! Wir bieten Ihnen einen eleganten Tischl\u00e4ufer, der perfekt f\u00fcr Ihre Veranstaltungen mit Familie oder Freunden ist!","breadcrumb":{"@id":"https:\/\/www.csj-emballages.com\/de\/produit\/1-tischlaeufer-0-30-x-10-m-weiss\/#breadcrumb"},"inLanguage":"de","potentialAction":[{"@type":"ReadAction","target":["https:\/\/www.csj-emballages.com\/de\/produit\/1-tischlaeufer-0-30-x-10-m-weiss\/"]}]},{"@type":"ImageObject","inLanguage":"de","@id":"https:\/\/www.csj-emballages.com\/de\/produit\/1-tischlaeufer-0-30-x-10-m-weiss\/#primaryimage","url":"https:\/\/www.csj-emballages.com\/wp-content\/uploads\/2024\/05\/CHEPBLANC.webp","contentUrl":"https:\/\/www.csj-emballages.com\/wp-content\/uploads\/2024\/05\/CHEPBLANC.webp","width":800,"height":800,"caption":"chemin de table"},{"@type":"BreadcrumbList","@id":"https:\/\/www.csj-emballages.com\/de\/produit\/1-tischlaeufer-0-30-x-10-m-weiss\/#breadcrumb","itemListElement":[{"@type":"ListItem","position":1,"name":"Accueil","item":"https:\/\/www.csj-emballages.com\/de\/universum-lebensmittelverpackungen\/"},{"@type":"ListItem","position":2,"name":"Shop","item":"https:\/\/www.csj-emballages.com\/shop\/"},{"@type":"ListItem","position":3,"name":"Tischl\u00e4ufer wei\u00df 0.30 x 10 m"}]},{"@type":"WebSite","@id":"https:\/\/www.csj-emballages.com\/de\/#website","url":"https:\/\/www.csj-emballages.com\/de\/","name":"CSJ Emballages","description":"","publisher":{"@id":"https:\/\/www.csj-emballages.com\/de\/#organization"},"potentialAction":[{"@type":"SearchAction","target":{"@type":"EntryPoint","urlTemplate":"https:\/\/www.csj-emballages.com\/de\/?s={search_term_string}"},"query-input":{"@type":"PropertyValueSpecification","valueRequired":true,"valueName":"search_term_string"}}],"inLanguage":"de"},{"@type":"Organization","@id":"https:\/\/www.csj-emballages.com\/de\/#Organization\/","name":"CSJ Emballages","url":"https:\/\/www.csj-emballages.com\/de\/","logo":{"@type":"ImageObject","inLanguage":"de","@id":"https:\/\/www.csj-emballages.com\/de\/#\/schema\/logo\/image\/","url":"https:\/\/www.csj-emballages.com\/wp-content\/uploads\/2023\/10\/logo_csj.webp","contentUrl":"https:\/\/www.csj-emballages.com\/wp-content\/uploads\/2023\/10\/logo_csj.webp","width":250,"height":95,"caption":"CSJ Emballages"},"image":{"@id":"https:\/\/www.csj-emballages.com\/de\/#\/schema\/logo\/image\/"},"sameAs":["https:\/\/www.facebook.com\/csjemballages"],"address":{"@type":"PostalAddress","streetAddress":"ZI La Lechere","addressLocality":"Patornay","postalCode":"39130","addressCountry":"FR"},"contactPoint":[{"@type":"ContactPoint","contactType":"Service client","telephone":"0384254272","email":"contact@csj-emballages.com"}]}]}},"df_price":4.7,"df_sale_price":"","df_regular_price":4.7,"df_image_link":"https:\/\/www.csj-emballages.com\/wp-content\/uploads\/2024\/05\/CHEPBLANC-300x300.webp","tiered_pricing_type":"fixed","tiered_pricing_fixed_rules":[],"tiered_pricing_percentage_rules":[],"tiered_pricing_minimum":1,"tiered_pricing_roles_data":[],"_links":{"self":[{"href":"https:\/\/www.csj-emballages.com\/de\/wp-json\/wp\/v2\/product\/16542","targetHints":{"allow":["GET"]}}],"collection":[{"href":"https:\/\/www.csj-emballages.com\/de\/wp-json\/wp\/v2\/product"}],"about":[{"href":"https:\/\/www.csj-emballages.com\/de\/wp-json\/wp\/v2\/types\/product"}],"wp:featuredmedia":[{"embeddable":true,"href":"https:\/\/www.csj-emballages.com\/de\/wp-json\/wp\/v2\/media\/200355"}],"wp:attachment":[{"href":"https:\/\/www.csj-emballages.com\/de\/wp-json\/wp\/v2\/media?parent=16542"}],"wp:term":[{"taxonomy":"product_brand","embeddable":true,"href":"https:\/\/www.csj-emballages.com\/de\/wp-json\/wp\/v2\/product_brand?post=16542"},{"taxonomy":"product_cat","embeddable":true,"href":"https:\/\/www.csj-emballages.com\/de\/wp-json\/wp\/v2\/product_cat?post=16542"},{"taxonomy":"product_tag","embeddable":true,"href":"https:\/\/www.csj-emballages.com\/de\/wp-json\/wp\/v2\/product_tag?post=16542"}],"curies":[{"name":"wp","href":"https:\/\/api.w.org\/{rel}","templated":true}]}}