{"id":159613,"date":"2024-11-06T02:18:34","date_gmt":"2024-11-06T01:18:34","guid":{"rendered":"https:\/\/www.csj-emballages.com\/?post_type=product&#038;p=159613"},"modified":"2026-04-21T08:00:42","modified_gmt":"2026-04-21T06:00:42","slug":"5-mikrofasertucher-schwarz-40-x-40-cm","status":"publish","type":"product","link":"https:\/\/www.csj-emballages.com\/de\/produit\/5-mikrofasertucher-schwarz-40-x-40-cm\/","title":{"rendered":"Mikrofasertuch schwarz 38 x 38 cm pro 5 St\u00fcck"},"content":{"rendered":"<div style=\"font-family: Roboto, sans-serif;\">\n<div style=\"font-family: Roboto, sans-serif;\">\n<div style=\"font-family: Roboto, sans-serif;\">\n<div style=\"font-family: Roboto, sans-serif;\">\n<div style=\"font-family: Roboto, sans-serif;\">\n<div style=\"font-family: Roboto, sans-serif;\">\n<div style=\"font-family: Roboto, sans-serif;\">\n<div style=\"font-family: Roboto, sans-serif;\">\n<div style=\"font-family: Roboto, sans-serif;\">\n<div style=\"font-family: Roboto, sans-serif;\">\n<div style=\"font-family: Roboto, sans-serif;\">\n<div style=\"font-family: Roboto, sans-serif;\">\n<div style=\"font-family: Roboto, sans-serif;\">\n<div class=\"flex flex-grow flex-col max-w-full\">\n<div class=\"min-h-[20px] text-message flex flex-col items-start whitespace-pre-wrap break-words [.text-message+&amp;]:mt-5 juice:w-full juice:items-end overflow-x-auto gap-2\" dir=\"auto\" data-message-author-role=\"assistant\" data-message-id=\"2034782e-88f9-44ef-b4dc-07dd7bf0115f\">\n<div class=\"flex w-full flex-col gap-1 juice:empty:hidden juice:first:pt-[3px]\">\n<div class=\"markdown prose w-full break-words dark:prose-invert light\">\n<div style=\"font-family: Roboto, sans-serif;\">\n<div style=\"font-family: Roboto, sans-serif;\">\n<div style=\"font-family: Roboto, sans-serif;\">\n<div style=\"font-family: Roboto, sans-serif;\">\n<div style=\"font-family: Roboto, sans-serif;\">\n<div style=\"font-family: Roboto, sans-serif;\">\n<h2>Mikrofasertuch<\/h2>\n<div style=\"font-family: Roboto, sans-serif;\">\n<div style=\"font-family: Roboto, sans-serif;\">\n<div style=\"font-family: Roboto, sans-serif;\">\n<div style=\"text-align: center;\">\n<div style=\"font-family: Roboto, sans-serif;\">\n<div style=\"font-family: Roboto, sans-serif;\">\n<div style=\"font-family: Roboto, sans-serif;\">\n<div style=\"font-family: Roboto, sans-serif;\">\n<div style=\"font-family: Roboto, sans-serif;\">\n<hr>\n<h3 style=\"font-family: Roboto, sans-serif; text-align: left;\">Beschreibung unseres schwarzen Mikrofasertuchs 38 x 38 cm im 5er-Pack<!--more--><\/h3>\n<\/div>\n<\/div>\n<\/div>\n<\/div>\n<\/div>\n<\/div>\n<\/div>\n<\/div>\n<\/div>\n<\/div>\n<\/div>\n<\/div>\n<\/div>\n<\/div>\n<\/div>\n<\/div>\n<\/div>\n<\/div>\n<\/div>\n<\/div>\n<\/div>\n<\/div>\n<\/div>\n<\/div>\n<\/div>\n<\/div>\n<\/div>\n<\/div>\n<\/div>\n<\/div>\n<\/div>\n<\/div>\n<p data-start=\"276\" data-end=\"630\">Einfach, effektiv und immer einsatzbereit ist dieses <strong>schwarze Mikrofasertuch<\/strong> <strong data-start=\"354\" data-end=\"368\">38 x 38 cm<\/strong> ein echtes Basic, auf das Sie sich verlassen k\u00f6nnen. Schon bei der ersten Anwendung erledigt es seine Aufgabe: Es nimmt <strong>Staub auf, absorbiert Feuchtigkeit und reinigt streifenfrei<\/strong>. Ob zum Abwischen, Entstauben oder Polieren \u2013 es passt sich m\u00fchelos an.  <\/p>\n<p data-start=\"632\" data-end=\"932\">Sein <strong>quadratisches Format<\/strong> ist ideal. Weder zu klein noch zu gro\u00df, liegt es gut in der Hand und erm\u00f6glicht schnelles Arbeiten, selbst auf gro\u00dfen Fl\u00e4chen. Zudem nimmt die Mikrofaser Schmutz auf, ohne dass viel Reinigungsmittel ben\u00f6tigt wird. Das Ergebnis: eine einfachere, schnellere und wirtschaftlichere Reinigung.   <\/p>\n<p data-start=\"934\" data-end=\"1304\">Die <strong>schwarze Farbe<\/strong> ist nicht zuf\u00e4llig gew\u00e4hlt. Sie kaschiert Spuren besser und beh\u00e4lt l\u00e4nger ein sauberes Aussehen, was besonders praktisch in professionellen Umgebungen wie der <strong>Gastronomie, K\u00fcchen, Werkst\u00e4tten oder stark frequentierten Arbeitsbereichen<\/strong> ist. Sie k\u00f6nnen es je nach Bedarf sowohl trocken als auch leicht feucht verwenden.  <\/p>\n<p data-start=\"1306\" data-end=\"1636\">Ein weiterer Pluspunkt: seine Widerstandsf\u00e4higkeit. Dieses <strong>Tuch<\/strong> h\u00e4lt wiederholten W\u00e4schen stand, ohne an Wirksamkeit oder Textur zu verlieren. Es bleibt geschmeidig, angenehm in der Anwendung und Tag f\u00fcr Tag zuverl\u00e4ssig. Und mit einem <strong data-start=\"1509\" data-end=\"1521\">5er-Pack<\/strong> haben Sie immer ein Tuch zur Hand, sei es zur Verteilung der Anwendungen oder um eine saubere Rotation zu gew\u00e4hrleisten.   <\/p>\n<p data-start=\"1638\" data-end=\"1828\">Zusammenfassend ist dieses <strong>schwarze Mikrofasertuch<\/strong> eine einfache, langlebige und vielseitige L\u00f6sung. Es erleichtert die t\u00e4gliche Pflege und spart Ihnen Zeit, ohne Komplikationen oder \u00dcberfl\u00fcssiges. <\/p>\n<p>&nbsp;<\/p>\n<div style=\"font-family: Roboto, sans-serif;\">\n<div style=\"font-family: Roboto, sans-serif;\">\n<div style=\"font-family: Roboto, sans-serif;\">\n<div style=\"font-family: Roboto, sans-serif;\">\n<div style=\"font-family: Roboto, sans-serif;\">\n<div style=\"font-family: Roboto, sans-serif;\">\n<div style=\"font-family: Roboto, sans-serif;\">\n<div style=\"font-family: Roboto, sans-serif;\">\n<div style=\"font-family: Roboto, sans-serif;\">\n<div style=\"font-family: Roboto, sans-serif;\">\n<div style=\"font-family: Roboto, sans-serif;\">\n<div style=\"font-family: Roboto, sans-serif;\">\n<div style=\"font-family: Roboto, sans-serif;\">\n<div class=\"flex flex-grow flex-col max-w-full\">\n<div class=\"min-h-[20px] text-message flex flex-col items-start whitespace-pre-wrap break-words [.text-message+&amp;]:mt-5 juice:w-full juice:items-end overflow-x-auto gap-2\" dir=\"auto\" data-message-author-role=\"assistant\" data-message-id=\"2034782e-88f9-44ef-b4dc-07dd7bf0115f\">\n<div class=\"flex w-full flex-col gap-1 juice:empty:hidden juice:first:pt-[3px]\">\n<div class=\"markdown prose w-full break-words dark:prose-invert light\">\n<div style=\"font-family: Roboto, sans-serif;\">\n<div style=\"font-family: Roboto, sans-serif;\">\n<div style=\"font-family: Roboto, sans-serif;\">\n<div style=\"font-family: Roboto, sans-serif;\">\n<div style=\"font-family: Roboto, sans-serif;\">\n<div style=\"font-family: Roboto, sans-serif;\">\n<p><!--more--><\/p>\n<h4 style=\"text-align: left;\"><strong>Vorteile :<\/strong><\/h4>\n<\/div>\n<\/div>\n<\/div>\n<\/div>\n<\/div>\n<\/div>\n<\/div>\n<\/div>\n<\/div>\n<\/div>\n<\/div>\n<\/div>\n<ul>\n<li data-start=\"1856\" data-end=\"1908\">Effektive <strong>Mikrofaser<\/strong>, die Staub und Schmutz aufnimmt.<\/li>\n<li data-start=\"1911\" data-end=\"1939\">Praktisches Format <strong>38 x 38 cm<\/strong>.<\/li>\n<li data-start=\"1942\" data-end=\"1977\">Diskrete und langlebige schwarze Farbe.<\/li>\n<li data-start=\"1980\" data-end=\"2008\">Trocken oder feucht verwendbar.<\/li>\n<li data-start=\"2011\" data-end=\"2038\">Gute Haltbarkeit.<\/li>\n<li data-start=\"2041\" data-end=\"2070\">Praktischer <strong>5er-Pack T\u00fccher<\/strong>.<\/li>\n<\/ul>\n<p>&nbsp;<\/p>\n<\/div>\n<\/div>\n<\/div>\n<\/div>\n<\/div>\n<\/div>\n<\/div>\n<\/div>\n<\/div>\n<\/div>\n<\/div>\n<p><!--more--><\/p>\n<h4>Weitere Informationen :<\/h4>\n<ul style=\"font-family: Roboto, sans-serif;\">\n<li><strong>Verpackung<\/strong>: Packung mit 5 St\u00fcck<\/li>\n<li><strong>Sparsam: <\/strong>\u00dcber 300 Mal in der Maschine waschbar bei 60\u00b0C<\/li>\n<li><span style=\"font-weight: bold;\">Ma\u00dfe<\/span>: 38 x 38 cm<\/li>\n<li><strong>Gewicht<\/strong>: 320 gr\/m\u00b2.<\/li>\n<li><span style=\"font-weight: bold;\">Material<\/span>: 80% Polyester \/ 20% Polyamid<\/li>\n<li><strong>Solide<\/strong>: Doppelte Overlock<\/li>\n<\/ul>\n<p>&nbsp;<\/p>\n<p><!--more--><\/p>\n<p>Dieses Produkt ist in verschiedenen Farben erh\u00e4ltlich : <span style=\"color: #d12727;\"><a style=\"color: #d12727;\" href=\"https:\/\/www.csj-emballages.com\/produit\/5-lavettes-microfibre-bleues-40-x-40-cm\/\">Blau<\/a><\/span> \/ <span style=\"color: #d12727;\"><a style=\"color: #d12727;\" href=\"https:\/\/www.csj-emballages.com\/produit\/5-lavettes-microfibre-vertes-40-x-40-cm\/\">Gr\u00fcn<\/a> <\/span>\/ <span style=\"color: #d12727;\"><a style=\"color: #d12727;\" href=\"https:\/\/www.csj-emballages.com\/pt-pt\/produit\/5-panos-de-microfibra-amarelos-40-x-40-cm\/\">Gelb<\/a><\/span> \/ <span style=\"color: #d12727;\"><a style=\"color: #d12727;\" href=\"https:\/\/www.csj-emballages.com\/pt-pt\/produit\/5-panos-de-microfibra-cor-de-rosa-40-x-40-cm\/\">Rosa<\/a><\/span><\/p>\n<p>&nbsp;<\/p>\n<p style=\"text-align: left;\"><!--more--><\/p>\n<p><a href=\"https:\/\/www.csj-emballages.com\/de\/categorie-produit\/hygiene-und-pflege\/wischtucher\/lavetten\/\">Sehen Sie sich den Rest unseres Sortiments an Wischt\u00fcchern an<\/a><\/p>\n","protected":false},"excerpt":{"rendered":"<p>Mikrofasertuch Beschreibung unseres schwarzen Mikrofasertuchs 38 x 38 cm im 5er-Pack<\/p>\n","protected":false},"featured_media":178367,"template":"","meta":{"_acf_changed":false},"product_brand":[],"product_cat":[1218,1423,1431,1377,1434],"product_tag":[],"class_list":{"0":"post-159613","1":"product","2":"type-product","3":"status-publish","4":"has-post-thumbnail","6":"product_cat-hygiene-und-pflege","7":"product_cat-schwamme-spultucher-kuchentucher","8":"product_cat-lavetten-gazen","9":"product_cat-wischtucher","10":"product_cat-lavetten","12":"first","13":"instock","14":"taxable","15":"shipping-taxable","16":"purchasable","17":"product-type-simple"},"acf":[],"yoast_head":"<!-- This site is optimized with the Yoast SEO Premium plugin v26.6 (Yoast SEO v26.6) - https:\/\/yoast.com\/wordpress\/plugins\/seo\/ -->\n<title>Schwarzes Mikrofasertuch 38 x 38 cm im 5er-Pack<\/title>\n<meta name=\"description\" content=\"Entdecken Sie das schwarze Mikrofasertuch 38 x 38 cm im 5er-Pack: effizient, langlebig und vielseitig, f\u00fcr eine makellose Reinigung auf allen Oberfl\u00e4chen!\" \/>\n<meta name=\"robots\" content=\"index, follow, max-snippet:-1, max-image-preview:large, max-video-preview:-1\" \/>\n<link rel=\"canonical\" href=\"https:\/\/www.csj-emballages.com\/de\/produit\/5-mikrofasertucher-schwarz-40-x-40-cm\/\" \/>\n<meta property=\"og:locale\" content=\"de_DE\" \/>\n<meta property=\"og:type\" content=\"article\" \/>\n<meta property=\"og:title\" content=\"Mikrofasertuch schwarz 38 x 38 cm pro 5 St\u00fcck\" \/>\n<meta property=\"og:description\" content=\"Entdecken Sie das schwarze Mikrofasertuch 38 x 38 cm im 5er-Pack: effizient, langlebig und vielseitig, f\u00fcr eine makellose Reinigung auf allen Oberfl\u00e4chen!\" \/>\n<meta property=\"og:url\" content=\"https:\/\/www.csj-emballages.com\/de\/produit\/5-mikrofasertucher-schwarz-40-x-40-cm\/\" \/>\n<meta property=\"og:site_name\" content=\"CSJ Emballages\" \/>\n<meta property=\"article:publisher\" content=\"https:\/\/www.facebook.com\/csjemballages\" \/>\n<meta property=\"article:modified_time\" content=\"2026-04-21T06:00:42+00:00\" \/>\n<meta property=\"og:image\" content=\"https:\/\/www.csj-emballages.com\/wp-content\/uploads\/2024\/11\/LMFN002-Pliee-022022.webp\" \/>\n\t<meta property=\"og:image:width\" content=\"803\" \/>\n\t<meta property=\"og:image:height\" content=\"803\" \/>\n\t<meta property=\"og:image:type\" content=\"image\/webp\" \/>\n<meta name=\"twitter:card\" content=\"summary_large_image\" \/>\n<meta name=\"twitter:label1\" content=\"Gesch\u00e4tzte Lesezeit\" \/>\n\t<meta name=\"twitter:data1\" content=\"2 Minuten\" \/>\n<script type=\"application\/ld+json\" class=\"yoast-schema-graph\">{\"@context\":\"https:\/\/schema.org\",\"@graph\":[{\"@type\":\"WebPage\",\"@id\":\"https:\/\/www.csj-emballages.com\/de\/produit\/5-mikrofasertucher-schwarz-40-x-40-cm\/\",\"url\":\"https:\/\/www.csj-emballages.com\/de\/produit\/5-mikrofasertucher-schwarz-40-x-40-cm\/\",\"name\":\"Schwarzes Mikrofasertuch 38 x 38 cm im 5er-Pack\",\"isPartOf\":{\"@id\":\"https:\/\/www.csj-emballages.com\/de\/#website\"},\"primaryImageOfPage\":{\"@id\":\"https:\/\/www.csj-emballages.com\/de\/produit\/5-mikrofasertucher-schwarz-40-x-40-cm\/#primaryimage\"},\"image\":{\"@id\":\"https:\/\/www.csj-emballages.com\/de\/produit\/5-mikrofasertucher-schwarz-40-x-40-cm\/#primaryimage\"},\"thumbnailUrl\":\"https:\/\/www.csj-emballages.com\/wp-content\/uploads\/2024\/11\/LMFN002-Pliee-022022.webp\",\"datePublished\":\"2024-11-06T01:18:34+00:00\",\"dateModified\":\"2026-04-21T06:00:42+00:00\",\"description\":\"Entdecken Sie das schwarze Mikrofasertuch 38 x 38 cm im 5er-Pack: effizient, langlebig und vielseitig, f\u00fcr eine makellose Reinigung auf allen Oberfl\u00e4chen!\",\"breadcrumb\":{\"@id\":\"https:\/\/www.csj-emballages.com\/de\/produit\/5-mikrofasertucher-schwarz-40-x-40-cm\/#breadcrumb\"},\"inLanguage\":\"de\",\"potentialAction\":[{\"@type\":\"ReadAction\",\"target\":[\"https:\/\/www.csj-emballages.com\/de\/produit\/5-mikrofasertucher-schwarz-40-x-40-cm\/\"]}]},{\"@type\":\"ImageObject\",\"inLanguage\":\"de\",\"@id\":\"https:\/\/www.csj-emballages.com\/de\/produit\/5-mikrofasertucher-schwarz-40-x-40-cm\/#primaryimage\",\"url\":\"https:\/\/www.csj-emballages.com\/wp-content\/uploads\/2024\/11\/LMFN002-Pliee-022022.webp\",\"contentUrl\":\"https:\/\/www.csj-emballages.com\/wp-content\/uploads\/2024\/11\/LMFN002-Pliee-022022.webp\",\"width\":803,\"height\":803,\"caption\":\"lavette microfibre\"},{\"@type\":\"BreadcrumbList\",\"@id\":\"https:\/\/www.csj-emballages.com\/de\/produit\/5-mikrofasertucher-schwarz-40-x-40-cm\/#breadcrumb\",\"itemListElement\":[{\"@type\":\"ListItem\",\"position\":1,\"name\":\"Accueil\",\"item\":\"https:\/\/www.csj-emballages.com\/de\/universum-lebensmittelverpackungen\/\"},{\"@type\":\"ListItem\",\"position\":2,\"name\":\"Shop\",\"item\":\"https:\/\/www.csj-emballages.com\/shop\/\"},{\"@type\":\"ListItem\",\"position\":3,\"name\":\"Mikrofasertuch schwarz 38 x 38 cm pro 5 St\u00fcck\"}]},{\"@type\":\"WebSite\",\"@id\":\"https:\/\/www.csj-emballages.com\/de\/#website\",\"url\":\"https:\/\/www.csj-emballages.com\/de\/\",\"name\":\"CSJ Emballages\",\"description\":\"\",\"publisher\":{\"@id\":\"https:\/\/www.csj-emballages.com\/de\/#organization\"},\"potentialAction\":[{\"@type\":\"SearchAction\",\"target\":{\"@type\":\"EntryPoint\",\"urlTemplate\":\"https:\/\/www.csj-emballages.com\/de\/?s={search_term_string}\"},\"query-input\":{\"@type\":\"PropertyValueSpecification\",\"valueRequired\":true,\"valueName\":\"search_term_string\"}}],\"inLanguage\":\"de\"},{\"@type\":\"Organization\",\"@id\":\"https:\/\/www.csj-emballages.com\/de\/#Organization\/\",\"name\":\"CSJ Emballages\",\"url\":\"https:\/\/www.csj-emballages.com\/de\/\",\"logo\":{\"@type\":\"ImageObject\",\"inLanguage\":\"de\",\"@id\":\"https:\/\/www.csj-emballages.com\/de\/#\/schema\/logo\/image\/\",\"url\":\"https:\/\/www.csj-emballages.com\/wp-content\/uploads\/2023\/10\/logo_csj.webp\",\"contentUrl\":\"https:\/\/www.csj-emballages.com\/wp-content\/uploads\/2023\/10\/logo_csj.webp\",\"width\":250,\"height\":95,\"caption\":\"CSJ Emballages\"},\"image\":{\"@id\":\"https:\/\/www.csj-emballages.com\/de\/#\/schema\/logo\/image\/\"},\"sameAs\":[\"https:\/\/www.facebook.com\/csjemballages\"],\"address\":{\"@type\":\"PostalAddress\",\"streetAddress\":\"ZI La Lechere\",\"addressLocality\":\"Patornay\",\"postalCode\":\"39130\",\"addressCountry\":\"FR\"},\"contactPoint\":[{\"@type\":\"ContactPoint\",\"contactType\":\"Service client\",\"telephone\":\"0384254272\",\"email\":\"contact@csj-emballages.com\"}]}]}<\/script>\n<!-- \/ Yoast SEO Premium plugin. -->","yoast_head_json":{"title":"Schwarzes Mikrofasertuch 38 x 38 cm im 5er-Pack","description":"Entdecken Sie das schwarze Mikrofasertuch 38 x 38 cm im 5er-Pack: effizient, langlebig und vielseitig, f\u00fcr eine makellose Reinigung auf allen Oberfl\u00e4chen!","robots":{"index":"index","follow":"follow","max-snippet":"max-snippet:-1","max-image-preview":"max-image-preview:large","max-video-preview":"max-video-preview:-1"},"canonical":"https:\/\/www.csj-emballages.com\/de\/produit\/5-mikrofasertucher-schwarz-40-x-40-cm\/","og_locale":"de_DE","og_type":"article","og_title":"Mikrofasertuch schwarz 38 x 38 cm pro 5 St\u00fcck","og_description":"Entdecken Sie das schwarze Mikrofasertuch 38 x 38 cm im 5er-Pack: effizient, langlebig und vielseitig, f\u00fcr eine makellose Reinigung auf allen Oberfl\u00e4chen!","og_url":"https:\/\/www.csj-emballages.com\/de\/produit\/5-mikrofasertucher-schwarz-40-x-40-cm\/","og_site_name":"CSJ Emballages","article_publisher":"https:\/\/www.facebook.com\/csjemballages","article_modified_time":"2026-04-21T06:00:42+00:00","og_image":[{"width":803,"height":803,"url":"https:\/\/www.csj-emballages.com\/wp-content\/uploads\/2024\/11\/LMFN002-Pliee-022022.webp","type":"image\/webp"}],"twitter_card":"summary_large_image","twitter_misc":{"Gesch\u00e4tzte Lesezeit":"2 Minuten"},"schema":{"@context":"https:\/\/schema.org","@graph":[{"@type":"WebPage","@id":"https:\/\/www.csj-emballages.com\/de\/produit\/5-mikrofasertucher-schwarz-40-x-40-cm\/","url":"https:\/\/www.csj-emballages.com\/de\/produit\/5-mikrofasertucher-schwarz-40-x-40-cm\/","name":"Schwarzes Mikrofasertuch 38 x 38 cm im 5er-Pack","isPartOf":{"@id":"https:\/\/www.csj-emballages.com\/de\/#website"},"primaryImageOfPage":{"@id":"https:\/\/www.csj-emballages.com\/de\/produit\/5-mikrofasertucher-schwarz-40-x-40-cm\/#primaryimage"},"image":{"@id":"https:\/\/www.csj-emballages.com\/de\/produit\/5-mikrofasertucher-schwarz-40-x-40-cm\/#primaryimage"},"thumbnailUrl":"https:\/\/www.csj-emballages.com\/wp-content\/uploads\/2024\/11\/LMFN002-Pliee-022022.webp","datePublished":"2024-11-06T01:18:34+00:00","dateModified":"2026-04-21T06:00:42+00:00","description":"Entdecken Sie das schwarze Mikrofasertuch 38 x 38 cm im 5er-Pack: effizient, langlebig und vielseitig, f\u00fcr eine makellose Reinigung auf allen Oberfl\u00e4chen!","breadcrumb":{"@id":"https:\/\/www.csj-emballages.com\/de\/produit\/5-mikrofasertucher-schwarz-40-x-40-cm\/#breadcrumb"},"inLanguage":"de","potentialAction":[{"@type":"ReadAction","target":["https:\/\/www.csj-emballages.com\/de\/produit\/5-mikrofasertucher-schwarz-40-x-40-cm\/"]}]},{"@type":"ImageObject","inLanguage":"de","@id":"https:\/\/www.csj-emballages.com\/de\/produit\/5-mikrofasertucher-schwarz-40-x-40-cm\/#primaryimage","url":"https:\/\/www.csj-emballages.com\/wp-content\/uploads\/2024\/11\/LMFN002-Pliee-022022.webp","contentUrl":"https:\/\/www.csj-emballages.com\/wp-content\/uploads\/2024\/11\/LMFN002-Pliee-022022.webp","width":803,"height":803,"caption":"lavette microfibre"},{"@type":"BreadcrumbList","@id":"https:\/\/www.csj-emballages.com\/de\/produit\/5-mikrofasertucher-schwarz-40-x-40-cm\/#breadcrumb","itemListElement":[{"@type":"ListItem","position":1,"name":"Accueil","item":"https:\/\/www.csj-emballages.com\/de\/universum-lebensmittelverpackungen\/"},{"@type":"ListItem","position":2,"name":"Shop","item":"https:\/\/www.csj-emballages.com\/shop\/"},{"@type":"ListItem","position":3,"name":"Mikrofasertuch schwarz 38 x 38 cm pro 5 St\u00fcck"}]},{"@type":"WebSite","@id":"https:\/\/www.csj-emballages.com\/de\/#website","url":"https:\/\/www.csj-emballages.com\/de\/","name":"CSJ Emballages","description":"","publisher":{"@id":"https:\/\/www.csj-emballages.com\/de\/#organization"},"potentialAction":[{"@type":"SearchAction","target":{"@type":"EntryPoint","urlTemplate":"https:\/\/www.csj-emballages.com\/de\/?s={search_term_string}"},"query-input":{"@type":"PropertyValueSpecification","valueRequired":true,"valueName":"search_term_string"}}],"inLanguage":"de"},{"@type":"Organization","@id":"https:\/\/www.csj-emballages.com\/de\/#Organization\/","name":"CSJ Emballages","url":"https:\/\/www.csj-emballages.com\/de\/","logo":{"@type":"ImageObject","inLanguage":"de","@id":"https:\/\/www.csj-emballages.com\/de\/#\/schema\/logo\/image\/","url":"https:\/\/www.csj-emballages.com\/wp-content\/uploads\/2023\/10\/logo_csj.webp","contentUrl":"https:\/\/www.csj-emballages.com\/wp-content\/uploads\/2023\/10\/logo_csj.webp","width":250,"height":95,"caption":"CSJ Emballages"},"image":{"@id":"https:\/\/www.csj-emballages.com\/de\/#\/schema\/logo\/image\/"},"sameAs":["https:\/\/www.facebook.com\/csjemballages"],"address":{"@type":"PostalAddress","streetAddress":"ZI La Lechere","addressLocality":"Patornay","postalCode":"39130","addressCountry":"FR"},"contactPoint":[{"@type":"ContactPoint","contactType":"Service client","telephone":"0384254272","email":"contact@csj-emballages.com"}]}]}},"df_price":3.97,"df_sale_price":"","df_regular_price":3.97,"df_image_link":"https:\/\/www.csj-emballages.com\/wp-content\/uploads\/2024\/11\/LMFN002-Pliee-022022-300x300.webp","tiered_pricing_type":"fixed","tiered_pricing_fixed_rules":[],"tiered_pricing_percentage_rules":[],"tiered_pricing_minimum":1,"tiered_pricing_roles_data":[],"_links":{"self":[{"href":"https:\/\/www.csj-emballages.com\/de\/wp-json\/wp\/v2\/product\/159613","targetHints":{"allow":["GET"]}}],"collection":[{"href":"https:\/\/www.csj-emballages.com\/de\/wp-json\/wp\/v2\/product"}],"about":[{"href":"https:\/\/www.csj-emballages.com\/de\/wp-json\/wp\/v2\/types\/product"}],"wp:featuredmedia":[{"embeddable":true,"href":"https:\/\/www.csj-emballages.com\/de\/wp-json\/wp\/v2\/media\/178367"}],"wp:attachment":[{"href":"https:\/\/www.csj-emballages.com\/de\/wp-json\/wp\/v2\/media?parent=159613"}],"wp:term":[{"taxonomy":"product_brand","embeddable":true,"href":"https:\/\/www.csj-emballages.com\/de\/wp-json\/wp\/v2\/product_brand?post=159613"},{"taxonomy":"product_cat","embeddable":true,"href":"https:\/\/www.csj-emballages.com\/de\/wp-json\/wp\/v2\/product_cat?post=159613"},{"taxonomy":"product_tag","embeddable":true,"href":"https:\/\/www.csj-emballages.com\/de\/wp-json\/wp\/v2\/product_tag?post=159613"}],"curies":[{"name":"wp","href":"https:\/\/api.w.org\/{rel}","templated":true}]}}