{"id":159609,"date":"2024-11-06T02:18:31","date_gmt":"2024-11-06T01:18:31","guid":{"rendered":"https:\/\/www.csj-emballages.com\/?post_type=product&#038;p=159609"},"modified":"2026-04-03T02:12:33","modified_gmt":"2026-04-03T00:12:33","slug":"1kg-standard-pistazienkerne","status":"publish","type":"product","link":"https:\/\/www.csj-emballages.com\/de\/produit\/1kg-standard-pistazienkerne\/","title":{"rendered":"Pistazien gesch\u00e4lt Standard in 1kg"},"content":{"rendered":"<h2>Pistazie<\/h2>\n<hr>\n<h3><span style=\"font-weight: bold\">Entdecken Sie unsere Pistazie gesch\u00e4lt pro 1kg<\/span><\/h3>\n<p>Entdecken Sie unsere <strong>gesch\u00e4lte Standard-Pistazie<\/strong> in Spitzenqualit\u00e4t, die ideal ist, um Ihre Zubereitungen zu verfeinern. Dieses praktische<strong>1-kg-Format<\/strong> eignet sich sowohl f\u00fcr den privaten als auch f\u00fcr den professionellen Gebrauch. Diese sorgf\u00e4ltig gez\u00fcchteten, <strong>gesch\u00e4lten Standard-Pistazien<\/strong> verleihen Ihren Gerichten Geschmack und Textur. Jede <strong>Pistazie<\/strong> wird sorgf\u00e4ltig ausgew\u00e4hlt, um eine unvergleichliche Frische zu gew\u00e4hrleisten. Beim Sch\u00e4len wird die d\u00fcnne Haut entfernt, wodurch der ganze Reichtum der Samen zum Vorschein kommt. Dieser Schritt verbessert die Textur und f\u00f6rdert eine einfache Einarbeitung in Ihre Rezepte.     <\/p>\n<p>Die <strong>gesch\u00e4lten Standardpistazien<\/strong> sind von Natur aus reich an Ballaststoffen, Proteinen und wichtigen Vitaminen. Wenn sie in Ihre t\u00e4gliche Ern\u00e4hrung integriert werden, liefern sie Energie und unterst\u00fctzen eine ausgewogene Ern\u00e4hrung. Dar\u00fcber hinaus macht ihr subtiler, knackiger Geschmack sie zu einer unverzichtbaren Zutat f\u00fcr Ihre s\u00fc\u00dfen und herzhaften Kreationen.  <\/p>\n<p>&nbsp;<\/p>\n<p><!--more--><\/p>\n<h3>Perfekt f\u00fcr all Ihre Feinschmeckerideen<\/h3>\n<p>Die <strong>gesch\u00e4lten Standardpistazien<\/strong> eignen sich f\u00fcr eine Vielzahl von Zubereitungsarten. Denn egal, ob Sie Geb\u00e4ck, herzhafte Gerichte oder Snacks herstellen, sie f\u00fcgen sich harmonisch ein. Ihr s\u00fc\u00dfer Geschmack passt wunderbar zu Desserts wie Makronen oder Eis. In herzhaften Gerichten veredeln sie Salate, Risottos und So\u00dfen und verleihen ihnen einen Hauch von Originalit\u00e4t.   <\/p>\n<p>Um die Frische Ihrer <strong>gesch\u00e4lten Standardpistazien<\/strong> zu erhalten, sollten Sie sie an einem trockenen und k\u00fchlen Ort aufbewahren. Verschlie\u00dfen Sie den Beutel nach dem \u00d6ffnen wieder gut oder f\u00fcllen Sie ihn in eine luftdichte Dose. So bleiben das Aroma und die knackige Textur erhalten.  <\/p>\n<p>&nbsp;<\/p>\n<p><!--more--><\/p>\n<p>Nutzen Sie jetzt das gro\u00dfz\u00fcgige Format von einem Kilo, um all Ihre Gourmetw\u00fcnsche zu erkunden.<\/p>\n<p>&nbsp;<\/p>\n<p><!--more--><\/p>\n<h4>Die Vorteile :<\/h4>\n<ul>\n<li><strong>Gebrauchsfertig<\/strong>: Ohne Haut k\u00f6nnen die <strong>Standard-Pistazienkerne<\/strong> direkt in all Ihren Rezepten verwendet werden.<\/li>\n<li><strong>Kulinarische Vielseitigkeit<\/strong>: Diese <strong>gesch\u00e4lten Pistazien<\/strong> passen perfekt in s\u00fc\u00dfe und herzhafte Gerichte oder als einfacher Snack.<\/li>\n<li><strong>Ern\u00e4hrungsvorteile<\/strong>: Als nat\u00fcrliche Quellen von Ballaststoffen, Vitaminen und Proteinen unterst\u00fctzen sie eine gesunde Ern\u00e4hrung.<\/li>\n<li><strong>Sparsames Format<\/strong>: Die 1-kg-Verpackung entspricht den Bed\u00fcrfnissen von Profis.<\/li>\n<\/ul>\n<p>&nbsp;<\/p>\n<p><!--more--><\/p>\n<h4>Weitere Informationen :<\/h4>\n<ul>\n<li><strong>Verpackung<\/strong>: 1kg<\/li>\n<\/ul>\n<p>&nbsp;<\/p>\n<p><!--more--><\/p>\n<h4>Zusammensetzung :<\/h4>\n<ul>\n<li><strong>Fett<\/strong>: 45,4 g \/ <strong>Energie<\/strong>: 592 kcal pro 100 g \/ <strong>ges\u00e4ttigte Fetts\u00e4uren<\/strong>: 5,6 g \/ <strong>Kohlenhydrate<\/strong>: 27,5 g \/ <strong>Zucker<\/strong>: 5,7 g \/ <strong>Eiwei\u00df<\/strong>: 20,3 g \/.<\/li>\n<\/ul>\n<p>&nbsp;<\/p>\n<p><!--more--><\/p>\n<p><a href=\"https:\/\/www.csj-emballages.com\/de\/categorie-produit\/lebensmittel\/trockenfruechte\/\">Sehen Sie sich hier den Rest unseres Sortiments an Trockenfr\u00fcchten an.<\/a><\/p>\n","protected":false},"excerpt":{"rendered":"<p>Pistazie Entdecken Sie unsere Pistazie gesch\u00e4lt pro 1kg Entdecken Sie unsere gesch\u00e4lte Standard-Pistazie in Spitzenqualit\u00e4t, die ideal ist, um Ihre Zubereitungen zu verfeinern. Dieses praktische1-kg-Format eignet sich sowohl f\u00fcr den privaten als auch f\u00fcr den professionellen Gebrauch. Diese sorgf\u00e4ltig gez\u00fcchteten, gesch\u00e4lten Standard-Pistazien verleihen Ihren Gerichten Geschmack und Textur. Jede Pistazie wird sorgf\u00e4ltig ausgew\u00e4hlt, um eine [&hellip;]<\/p>\n","protected":false},"featured_media":191118,"template":"","meta":{"_acf_changed":false},"product_brand":[],"product_cat":[1144,7623],"product_tag":[],"class_list":{"0":"post-159609","1":"product","2":"type-product","3":"status-publish","4":"has-post-thumbnail","6":"product_cat-lebensmittel","7":"product_cat-trockenfruechte","9":"first","10":"instock","11":"taxable","12":"shipping-taxable","13":"purchasable","14":"product-type-simple"},"acf":[],"yoast_head":"<!-- This site is optimized with the Yoast SEO Premium plugin v26.6 (Yoast SEO v26.6) - https:\/\/yoast.com\/wordpress\/plugins\/seo\/ -->\n<title>Pistazie Standard gesch\u00e4lt - 1kg<\/title>\n<meta name=\"description\" content=\"Entdecken Sie unsere Standard 1kg Pistazie gesch\u00e4lt: authentischer Geschmack, praktisch und reich an Vorteilen f\u00fcr alle Ihre Rezepte.\" \/>\n<meta name=\"robots\" content=\"index, follow, max-snippet:-1, max-image-preview:large, max-video-preview:-1\" \/>\n<link rel=\"canonical\" href=\"https:\/\/www.csj-emballages.com\/de\/produit\/1kg-standard-pistazienkerne\/\" \/>\n<meta property=\"og:locale\" content=\"de_DE\" \/>\n<meta property=\"og:type\" content=\"article\" \/>\n<meta property=\"og:title\" content=\"Pistazien gesch\u00e4lt Standard in 1kg\" \/>\n<meta property=\"og:description\" content=\"Entdecken Sie unsere Standard 1kg Pistazie gesch\u00e4lt: authentischer Geschmack, praktisch und reich an Vorteilen f\u00fcr alle Ihre Rezepte.\" \/>\n<meta property=\"og:url\" content=\"https:\/\/www.csj-emballages.com\/de\/produit\/1kg-standard-pistazienkerne\/\" \/>\n<meta property=\"og:site_name\" content=\"CSJ Emballages\" \/>\n<meta property=\"article:publisher\" content=\"https:\/\/www.facebook.com\/csjemballages\" \/>\n<meta property=\"article:modified_time\" content=\"2026-04-03T00:12:33+00:00\" \/>\n<meta property=\"og:image\" content=\"https:\/\/www.csj-emballages.com\/wp-content\/uploads\/2024\/11\/pistachemondeS.webp\" \/>\n\t<meta property=\"og:image:width\" content=\"799\" \/>\n\t<meta property=\"og:image:height\" content=\"799\" \/>\n\t<meta property=\"og:image:type\" content=\"image\/webp\" \/>\n<meta name=\"twitter:card\" content=\"summary_large_image\" \/>\n<meta name=\"twitter:label1\" content=\"Gesch\u00e4tzte Lesezeit\" \/>\n\t<meta name=\"twitter:data1\" content=\"2 Minuten\" \/>\n<script type=\"application\/ld+json\" class=\"yoast-schema-graph\">{\"@context\":\"https:\/\/schema.org\",\"@graph\":[{\"@type\":\"WebPage\",\"@id\":\"https:\/\/www.csj-emballages.com\/de\/produit\/1kg-standard-pistazienkerne\/\",\"url\":\"https:\/\/www.csj-emballages.com\/de\/produit\/1kg-standard-pistazienkerne\/\",\"name\":\"Pistazie Standard gesch\u00e4lt - 1kg\",\"isPartOf\":{\"@id\":\"https:\/\/www.csj-emballages.com\/de\/#website\"},\"primaryImageOfPage\":{\"@id\":\"https:\/\/www.csj-emballages.com\/de\/produit\/1kg-standard-pistazienkerne\/#primaryimage\"},\"image\":{\"@id\":\"https:\/\/www.csj-emballages.com\/de\/produit\/1kg-standard-pistazienkerne\/#primaryimage\"},\"thumbnailUrl\":\"https:\/\/www.csj-emballages.com\/wp-content\/uploads\/2024\/11\/pistachemondeS.webp\",\"datePublished\":\"2024-11-06T01:18:31+00:00\",\"dateModified\":\"2026-04-03T00:12:33+00:00\",\"description\":\"Entdecken Sie unsere Standard 1kg Pistazie gesch\u00e4lt: authentischer Geschmack, praktisch und reich an Vorteilen f\u00fcr alle Ihre Rezepte.\",\"breadcrumb\":{\"@id\":\"https:\/\/www.csj-emballages.com\/de\/produit\/1kg-standard-pistazienkerne\/#breadcrumb\"},\"inLanguage\":\"de\",\"potentialAction\":[{\"@type\":\"ReadAction\",\"target\":[\"https:\/\/www.csj-emballages.com\/de\/produit\/1kg-standard-pistazienkerne\/\"]}]},{\"@type\":\"ImageObject\",\"inLanguage\":\"de\",\"@id\":\"https:\/\/www.csj-emballages.com\/de\/produit\/1kg-standard-pistazienkerne\/#primaryimage\",\"url\":\"https:\/\/www.csj-emballages.com\/wp-content\/uploads\/2024\/11\/pistachemondeS.webp\",\"contentUrl\":\"https:\/\/www.csj-emballages.com\/wp-content\/uploads\/2024\/11\/pistachemondeS.webp\",\"width\":799,\"height\":799,\"caption\":\"pistache\"},{\"@type\":\"BreadcrumbList\",\"@id\":\"https:\/\/www.csj-emballages.com\/de\/produit\/1kg-standard-pistazienkerne\/#breadcrumb\",\"itemListElement\":[{\"@type\":\"ListItem\",\"position\":1,\"name\":\"Accueil\",\"item\":\"https:\/\/www.csj-emballages.com\/de\/universum-lebensmittelverpackungen\/\"},{\"@type\":\"ListItem\",\"position\":2,\"name\":\"Shop\",\"item\":\"https:\/\/www.csj-emballages.com\/shop\/\"},{\"@type\":\"ListItem\",\"position\":3,\"name\":\"Pistazien gesch\u00e4lt Standard in 1kg\"}]},{\"@type\":\"WebSite\",\"@id\":\"https:\/\/www.csj-emballages.com\/de\/#website\",\"url\":\"https:\/\/www.csj-emballages.com\/de\/\",\"name\":\"CSJ Emballages\",\"description\":\"\",\"publisher\":{\"@id\":\"https:\/\/www.csj-emballages.com\/de\/#organization\"},\"potentialAction\":[{\"@type\":\"SearchAction\",\"target\":{\"@type\":\"EntryPoint\",\"urlTemplate\":\"https:\/\/www.csj-emballages.com\/de\/?s={search_term_string}\"},\"query-input\":{\"@type\":\"PropertyValueSpecification\",\"valueRequired\":true,\"valueName\":\"search_term_string\"}}],\"inLanguage\":\"de\"},{\"@type\":\"Organization\",\"@id\":\"https:\/\/www.csj-emballages.com\/de\/#Organization\/\",\"name\":\"CSJ Emballages\",\"url\":\"https:\/\/www.csj-emballages.com\/de\/\",\"logo\":{\"@type\":\"ImageObject\",\"inLanguage\":\"de\",\"@id\":\"https:\/\/www.csj-emballages.com\/de\/#\/schema\/logo\/image\/\",\"url\":\"https:\/\/www.csj-emballages.com\/wp-content\/uploads\/2023\/10\/logo_csj.webp\",\"contentUrl\":\"https:\/\/www.csj-emballages.com\/wp-content\/uploads\/2023\/10\/logo_csj.webp\",\"width\":250,\"height\":95,\"caption\":\"CSJ Emballages\"},\"image\":{\"@id\":\"https:\/\/www.csj-emballages.com\/de\/#\/schema\/logo\/image\/\"},\"sameAs\":[\"https:\/\/www.facebook.com\/csjemballages\"],\"address\":{\"@type\":\"PostalAddress\",\"streetAddress\":\"ZI La Lechere\",\"addressLocality\":\"Patornay\",\"postalCode\":\"39130\",\"addressCountry\":\"FR\"},\"contactPoint\":[{\"@type\":\"ContactPoint\",\"contactType\":\"Service client\",\"telephone\":\"0384254272\",\"email\":\"contact@csj-emballages.com\"}]}]}<\/script>\n<!-- \/ Yoast SEO Premium plugin. -->","yoast_head_json":{"title":"Pistazie Standard gesch\u00e4lt - 1kg","description":"Entdecken Sie unsere Standard 1kg Pistazie gesch\u00e4lt: authentischer Geschmack, praktisch und reich an Vorteilen f\u00fcr alle Ihre Rezepte.","robots":{"index":"index","follow":"follow","max-snippet":"max-snippet:-1","max-image-preview":"max-image-preview:large","max-video-preview":"max-video-preview:-1"},"canonical":"https:\/\/www.csj-emballages.com\/de\/produit\/1kg-standard-pistazienkerne\/","og_locale":"de_DE","og_type":"article","og_title":"Pistazien gesch\u00e4lt Standard in 1kg","og_description":"Entdecken Sie unsere Standard 1kg Pistazie gesch\u00e4lt: authentischer Geschmack, praktisch und reich an Vorteilen f\u00fcr alle Ihre Rezepte.","og_url":"https:\/\/www.csj-emballages.com\/de\/produit\/1kg-standard-pistazienkerne\/","og_site_name":"CSJ Emballages","article_publisher":"https:\/\/www.facebook.com\/csjemballages","article_modified_time":"2026-04-03T00:12:33+00:00","og_image":[{"width":799,"height":799,"url":"https:\/\/www.csj-emballages.com\/wp-content\/uploads\/2024\/11\/pistachemondeS.webp","type":"image\/webp"}],"twitter_card":"summary_large_image","twitter_misc":{"Gesch\u00e4tzte Lesezeit":"2 Minuten"},"schema":{"@context":"https:\/\/schema.org","@graph":[{"@type":"WebPage","@id":"https:\/\/www.csj-emballages.com\/de\/produit\/1kg-standard-pistazienkerne\/","url":"https:\/\/www.csj-emballages.com\/de\/produit\/1kg-standard-pistazienkerne\/","name":"Pistazie Standard gesch\u00e4lt - 1kg","isPartOf":{"@id":"https:\/\/www.csj-emballages.com\/de\/#website"},"primaryImageOfPage":{"@id":"https:\/\/www.csj-emballages.com\/de\/produit\/1kg-standard-pistazienkerne\/#primaryimage"},"image":{"@id":"https:\/\/www.csj-emballages.com\/de\/produit\/1kg-standard-pistazienkerne\/#primaryimage"},"thumbnailUrl":"https:\/\/www.csj-emballages.com\/wp-content\/uploads\/2024\/11\/pistachemondeS.webp","datePublished":"2024-11-06T01:18:31+00:00","dateModified":"2026-04-03T00:12:33+00:00","description":"Entdecken Sie unsere Standard 1kg Pistazie gesch\u00e4lt: authentischer Geschmack, praktisch und reich an Vorteilen f\u00fcr alle Ihre Rezepte.","breadcrumb":{"@id":"https:\/\/www.csj-emballages.com\/de\/produit\/1kg-standard-pistazienkerne\/#breadcrumb"},"inLanguage":"de","potentialAction":[{"@type":"ReadAction","target":["https:\/\/www.csj-emballages.com\/de\/produit\/1kg-standard-pistazienkerne\/"]}]},{"@type":"ImageObject","inLanguage":"de","@id":"https:\/\/www.csj-emballages.com\/de\/produit\/1kg-standard-pistazienkerne\/#primaryimage","url":"https:\/\/www.csj-emballages.com\/wp-content\/uploads\/2024\/11\/pistachemondeS.webp","contentUrl":"https:\/\/www.csj-emballages.com\/wp-content\/uploads\/2024\/11\/pistachemondeS.webp","width":799,"height":799,"caption":"pistache"},{"@type":"BreadcrumbList","@id":"https:\/\/www.csj-emballages.com\/de\/produit\/1kg-standard-pistazienkerne\/#breadcrumb","itemListElement":[{"@type":"ListItem","position":1,"name":"Accueil","item":"https:\/\/www.csj-emballages.com\/de\/universum-lebensmittelverpackungen\/"},{"@type":"ListItem","position":2,"name":"Shop","item":"https:\/\/www.csj-emballages.com\/shop\/"},{"@type":"ListItem","position":3,"name":"Pistazien gesch\u00e4lt Standard in 1kg"}]},{"@type":"WebSite","@id":"https:\/\/www.csj-emballages.com\/de\/#website","url":"https:\/\/www.csj-emballages.com\/de\/","name":"CSJ Emballages","description":"","publisher":{"@id":"https:\/\/www.csj-emballages.com\/de\/#organization"},"potentialAction":[{"@type":"SearchAction","target":{"@type":"EntryPoint","urlTemplate":"https:\/\/www.csj-emballages.com\/de\/?s={search_term_string}"},"query-input":{"@type":"PropertyValueSpecification","valueRequired":true,"valueName":"search_term_string"}}],"inLanguage":"de"},{"@type":"Organization","@id":"https:\/\/www.csj-emballages.com\/de\/#Organization\/","name":"CSJ Emballages","url":"https:\/\/www.csj-emballages.com\/de\/","logo":{"@type":"ImageObject","inLanguage":"de","@id":"https:\/\/www.csj-emballages.com\/de\/#\/schema\/logo\/image\/","url":"https:\/\/www.csj-emballages.com\/wp-content\/uploads\/2023\/10\/logo_csj.webp","contentUrl":"https:\/\/www.csj-emballages.com\/wp-content\/uploads\/2023\/10\/logo_csj.webp","width":250,"height":95,"caption":"CSJ Emballages"},"image":{"@id":"https:\/\/www.csj-emballages.com\/de\/#\/schema\/logo\/image\/"},"sameAs":["https:\/\/www.facebook.com\/csjemballages"],"address":{"@type":"PostalAddress","streetAddress":"ZI La Lechere","addressLocality":"Patornay","postalCode":"39130","addressCountry":"FR"},"contactPoint":[{"@type":"ContactPoint","contactType":"Service client","telephone":"0384254272","email":"contact@csj-emballages.com"}]}]}},"df_price":50.61,"df_sale_price":"","df_regular_price":50.61,"df_image_link":"https:\/\/www.csj-emballages.com\/wp-content\/uploads\/2024\/11\/pistachemondeS-300x300.webp","tiered_pricing_type":"fixed","tiered_pricing_fixed_rules":[],"tiered_pricing_percentage_rules":[],"tiered_pricing_minimum":1,"tiered_pricing_roles_data":[],"_links":{"self":[{"href":"https:\/\/www.csj-emballages.com\/de\/wp-json\/wp\/v2\/product\/159609","targetHints":{"allow":["GET"]}}],"collection":[{"href":"https:\/\/www.csj-emballages.com\/de\/wp-json\/wp\/v2\/product"}],"about":[{"href":"https:\/\/www.csj-emballages.com\/de\/wp-json\/wp\/v2\/types\/product"}],"wp:featuredmedia":[{"embeddable":true,"href":"https:\/\/www.csj-emballages.com\/de\/wp-json\/wp\/v2\/media\/191118"}],"wp:attachment":[{"href":"https:\/\/www.csj-emballages.com\/de\/wp-json\/wp\/v2\/media?parent=159609"}],"wp:term":[{"taxonomy":"product_brand","embeddable":true,"href":"https:\/\/www.csj-emballages.com\/de\/wp-json\/wp\/v2\/product_brand?post=159609"},{"taxonomy":"product_cat","embeddable":true,"href":"https:\/\/www.csj-emballages.com\/de\/wp-json\/wp\/v2\/product_cat?post=159609"},{"taxonomy":"product_tag","embeddable":true,"href":"https:\/\/www.csj-emballages.com\/de\/wp-json\/wp\/v2\/product_tag?post=159609"}],"curies":[{"name":"wp","href":"https:\/\/api.w.org\/{rel}","templated":true}]}}