{"id":159603,"date":"2024-11-06T02:18:25","date_gmt":"2024-11-06T01:18:25","guid":{"rendered":"https:\/\/www.csj-emballages.com\/?post_type=product&#038;p=159603"},"modified":"2026-03-12T16:07:05","modified_gmt":"2026-03-12T15:07:05","slug":"schachtel-5-1-essiggurken-pasteurisiert-grose-120-149","status":"publish","type":"product","link":"https:\/\/www.csj-emballages.com\/de\/produit\/schachtel-5-1-essiggurken-pasteurisiert-grose-120-149\/","title":{"rendered":"Pasteurisierte Essiggurken Kaliber 120\/149 in 5\/1-Dose"},"content":{"rendered":"<h2>Pasteurisierte Essiggurken<\/h2>\n<hr>\n<h3><span style=\"font-weight: bold\">Entdecken Sie unsere pasteurisierten Essiggurken im Essig, Kaliber 120\/149, in Dose 5\/1<\/span><\/h3>\n<p><!--more--><\/p>\n<p data-start=\"257\" data-end=\"611\">Diese <strong>pasteurisierten Essiggurken im Essig<\/strong> sind ein echter Klassiker\u2026 aber ein gut gemachter Klassiker. Ausgew\u00e4hlt im <strong data-start=\"365\" data-end=\"383\">Kaliber 120\/149<\/strong> bieten sie eine <strong>gleichm\u00e4\u00dfige Gr\u00f6\u00dfe<\/strong>, ideal f\u00fcr den t\u00e4glichen professionellen Einsatz. Weder zu gro\u00df noch zu klein, behalten sie beim Schneiden und Servieren perfekt ihre Form, was die Arbeit in der K\u00fcche erleichtert.  <\/p>\n<p data-start=\"613\" data-end=\"1029\">Schon beim \u00d6ffnen der <strong>5\/1 Dose<\/strong> finden Sie knackige, sch\u00f6n gr\u00fcne <strong>Essiggurken<\/strong>, eingelegt in einem <strong>ausgewogenen Essig<\/strong>. Der Geschmack ist klar, leicht s\u00e4uerlich, ohne aggressiv zu sein. Das Ergebnis: Sie beleben Gerichte, ohne andere Aromen zu \u00fcberdecken. Ob als Beilage zu <strong>Wurstwaren<\/strong>, zur Verfeinerung eines Sandwiches, als Burger-Belag oder zur Erg\u00e4nzung eines Caterings \u2013 sie erf\u00fcllen ihren Zweck, einfach und effektiv.   <\/p>\n<p data-start=\"1031\" data-end=\"1387\">Dank der <strong>Pasteurisierung<\/strong> ist die Haltbarkeit gesichert und die Qualit\u00e4t bleibt \u00fcber die Zeit konstant. Dies erm\u00f6glicht ein entspanntes Arbeiten, selbst bei gro\u00dfen Mengen. Das <strong data-start=\"1209\" data-end=\"1216\">5\/1 Format<\/strong> ist zudem perfekt geeignet f\u00fcr Restaurants, Imbisse, Brauereien oder Caterer, die ein zuverl\u00e4ssiges, gebrauchsfertiges und stets verf\u00fcgbares Produkt ben\u00f6tigen.  <\/p>\n<p data-start=\"1389\" data-end=\"1570\">Ein weiterer Pluspunkt: Ihre Textur bleibt auch nach dem \u00d6ffnen fest, was weiche oder zu stark durchtr\u00e4nkte Essiggurken verhindert. So gewinnen Sie an Gleichm\u00e4\u00dfigkeit und Servicekomfort. <\/p>\n<p data-start=\"1572\" data-end=\"1741\">Zusammenfassend sind diese <strong>pasteurisierten Essiggurken<\/strong> eine sichere Wahl f\u00fcr Profis, die ein einfaches, effektives und leicht in alle Arten von Zubereitungen integrierbares Produkt suchen.<\/p>\n<p>&nbsp;<\/p>\n<p><!--more--><\/p>\n<div class=\"flex flex-grow flex-col max-w-full\">\n<div class=\"min-h-[20px] text-message flex flex-col items-start whitespace-pre-wrap break-words [.text-message+&amp;]:mt-5 juice:w-full juice:items-end overflow-x-auto gap-2\" dir=\"auto\" data-message-author-role=\"assistant\" data-message-id=\"579bfb50-fb6c-479d-a152-27ab4b509f37\">\n<div class=\"flex w-full flex-col gap-1 juice:empty:hidden juice:first:pt-[3px]\">\n<div class=\"markdown prose w-full break-words dark:prose-invert light\">\n<div class=\"flex-1 overflow-hidden\">\n<div class=\"react-scroll-to-bottom--css-ygaxm-79elbk h-full\">\n<div class=\"react-scroll-to-bottom--css-ygaxm-1n7m0yu\">\n<div class=\"flex flex-col text-sm\">\n<div class=\"w-full text-token-text-primary\" dir=\"auto\" data-testid=\"conversation-turn-3\" data-scroll-anchor=\"true\">\n<div class=\"py-2 juice:py-[18px] px-3 text-base md:px-4 m-auto md:px-5 lg:px-1 xl:px-5\">\n<div class=\"mx-auto flex flex-1 gap-3 text-base juice:gap-4 juice:md:gap-5 juice:lg:gap-6 md:max-w-3xl lg:max-w-[40rem] xl:max-w-[48rem]\">\n<div class=\"group\/conversation-turn relative flex w-full min-w-0 flex-col agent-turn\">\n<div class=\"flex-col gap-1 md:gap-3\">\n<div class=\"flex flex-grow flex-col max-w-full\">\n<div class=\"min-h-[20px] text-message flex flex-col items-start whitespace-pre-wrap break-words [.text-message+&amp;]:mt-5 juice:w-full juice:items-end overflow-x-auto gap-2\" dir=\"auto\" data-message-author-role=\"assistant\" data-message-id=\"cc8c8b89-e7cc-4334-9633-5926bce5a78c\">\n<div class=\"flex w-full flex-col gap-1 juice:empty:hidden juice:first:pt-[3px]\">\n<div class=\"markdown prose w-full break-words dark:prose-invert light\">\n<div class=\"flex flex-grow flex-col max-w-full\">\n<div class=\"min-h-[20px] text-message flex flex-col items-start whitespace-pre-wrap break-words [.text-message+&amp;]:mt-5 juice:w-full juice:items-end overflow-x-auto gap-2\" dir=\"auto\" data-message-author-role=\"assistant\" data-message-id=\"a5ad94cc-6796-4ad8-b325-83b721399f0a\">\n<div class=\"flex w-full flex-col gap-1 juice:empty:hidden juice:first:pt-[3px]\">\n<div class=\"markdown prose w-full break-words dark:prose-invert light\">\n<div class=\"flex flex-grow flex-col max-w-full\">\n<div class=\"min-h-[20px] text-message flex flex-col items-start whitespace-pre-wrap break-words [.text-message+&amp;]:mt-5 juice:w-full juice:items-end overflow-x-auto gap-2\" dir=\"auto\" data-message-author-role=\"assistant\" data-message-id=\"f22b6444-e23a-4e78-827a-fa8ff3877731\">\n<div class=\"flex w-full flex-col gap-1 juice:empty:hidden juice:first:pt-[3px]\">\n<div class=\"markdown prose w-full break-words dark:prose-invert light\">\n<div class=\"flex flex-grow flex-col max-w-full\">\n<h4 data-start=\"1515\" data-end=\"1796\">Vorteile :<\/h4>\n<ul>\n<li data-start=\"1769\" data-end=\"1806\"><strong>Kaliber 120\/149<\/strong>, regelm\u00e4\u00dfig und praktisch.<\/li>\n<li data-start=\"1809\" data-end=\"1846\">Knackige Textur und ausgewogener Geschmack.<\/li>\n<li data-start=\"1849\" data-end=\"1888\">Gro\u00dfe <strong>5\/1 Dose<\/strong> f\u00fcr den professionellen Gebrauch.<\/li>\n<li data-start=\"1891\" data-end=\"1920\">Gute Formstabilit\u00e4t nach dem \u00d6ffnen.<\/li>\n<li data-start=\"1923\" data-end=\"1961\">Vielseitig in K\u00fcche und Service.<\/li>\n<\/ul>\n<div class=\"min-h-[20px] text-message flex flex-col items-start whitespace-pre-wrap break-words [.text-message+&amp;]:mt-5 juice:w-full juice:items-end overflow-x-auto gap-2\" dir=\"auto\" data-message-author-role=\"assistant\" data-message-id=\"ec402d76-ebcd-4cc4-a0c8-22820d3d0931\">\n<div class=\"flex w-full flex-col gap-1 juice:empty:hidden juice:first:pt-[3px]\">\n<div class=\"markdown prose w-full break-words dark:prose-invert light\">\n<p data-start=\"1515\" data-end=\"1796\">\n<\/div>\n<\/div>\n<\/div>\n<\/div>\n<\/div>\n<\/div>\n<\/div>\n<\/div>\n<\/div>\n<\/div>\n<\/div>\n<\/div>\n<\/div>\n<\/div>\n<\/div>\n<\/div>\n<\/div>\n<\/div>\n<\/div>\n<\/div>\n<\/div>\n<\/div>\n<\/div>\n<\/div>\n<\/div>\n<\/div>\n<\/div>\n<\/div>\n<\/div>\n<p><!--more--><\/p>\n<h4>Weitere Informationen :<\/h4>\n<ul>\n<li><strong>Verpackung<\/strong>: Schachtel 5\/1<\/li>\n<li><strong>Kaliber<\/strong>: 120\/149<\/li>\n<\/ul>\n<p>&nbsp;<\/p>\n<p><!--more--><\/p>\n<p>Entdecken Sie auch unsere Essiggurken des Kalibers 80\/119: <span style=\"color: #d12727\"><a style=\"color: #d12727\" href=\"https:\/\/www.csj-emballages.com\/pt-pt\/produit\/5-1-caixa-de-pepinos-em-conserva-80-119\/\">190017<\/a><\/span><\/p>\n<p>&nbsp;<\/p>\n<p><!--more--><\/p>\n<p><a href=\"https:\/\/www.csj-emballages.com\/de\/categorie-produit\/lebensmittel\/lebensmittel-de\/gemuse\/\">Sehen Sie sich den Rest unseres Sortiments an Gem\u00fcsekonserven an.<\/a><\/p>\n","protected":false},"excerpt":{"rendered":"<p>Pasteurisierte Essiggurken Entdecken Sie unsere pasteurisierten Essiggurken im Essig, Kaliber 120\/149, in Dose 5\/1<\/p>\n","protected":false},"featured_media":260932,"template":"","meta":{"_acf_changed":false},"product_brand":[],"product_cat":[1144,1183,1188],"product_tag":[],"class_list":{"0":"post-159603","1":"product","2":"type-product","3":"status-publish","4":"has-post-thumbnail","6":"product_cat-lebensmittel","7":"product_cat-lebensmittel-de","8":"product_cat-gemuse","10":"first","11":"instock","12":"taxable","13":"shipping-taxable","14":"purchasable","15":"product-type-simple"},"acf":[],"yoast_head":"<!-- This site is optimized with the Yoast SEO Premium plugin v26.6 (Yoast SEO v26.6) - https:\/\/yoast.com\/wordpress\/plugins\/seo\/ -->\n<title>Pasteurisierte Essiggurken im Essig, Kaliber 120\/149, Dose 5\/1<\/title>\n<meta name=\"description\" content=\"Pasteurisierte Essiggurken im Essig, Kaliber 120\/149, in Dose 5\/1. Knackig, gleichm\u00e4\u00dfig und ideal f\u00fcr Restaurants, Imbisse und Caterer.\" \/>\n<meta name=\"robots\" content=\"index, follow, max-snippet:-1, max-image-preview:large, max-video-preview:-1\" \/>\n<link rel=\"canonical\" href=\"https:\/\/www.csj-emballages.com\/de\/produit\/schachtel-5-1-essiggurken-pasteurisiert-grose-120-149\/\" \/>\n<meta property=\"og:locale\" content=\"de_DE\" \/>\n<meta property=\"og:type\" content=\"article\" \/>\n<meta property=\"og:title\" content=\"Essiggurke Pasteurisiert - Dose 5\/1\" \/>\n<meta property=\"og:description\" content=\"Entdecken Sie unsere Schachtel 5\/1 mit pasteurisierten Essiggurken. Diese Essiggurken haben ein Kaliber von 120\/149 mm. Ab sofort auf unserer Website erh\u00e4ltlich!\" \/>\n<meta property=\"og:url\" content=\"https:\/\/www.csj-emballages.com\/de\/produit\/schachtel-5-1-essiggurken-pasteurisiert-grose-120-149\/\" \/>\n<meta property=\"og:site_name\" content=\"CSJ Emballages\" \/>\n<meta property=\"article:publisher\" content=\"https:\/\/www.facebook.com\/csjemballages\" \/>\n<meta property=\"article:modified_time\" content=\"2026-03-12T15:07:05+00:00\" \/>\n<meta property=\"og:image\" content=\"https:\/\/www.csj-emballages.com\/wp-content\/uploads\/2024\/11\/190018.webp\" \/>\n\t<meta property=\"og:image:width\" content=\"800\" \/>\n\t<meta property=\"og:image:height\" content=\"800\" \/>\n\t<meta property=\"og:image:type\" content=\"image\/webp\" \/>\n<meta name=\"twitter:card\" content=\"summary_large_image\" \/>\n<meta name=\"twitter:title\" content=\"Essiggurke Pasteurisiert - Dose 5\/1\" \/>\n<meta name=\"twitter:description\" content=\"Entdecken Sie unsere Schachtel 5\/1 mit pasteurisierten Essiggurken. Diese Essiggurken haben ein Kaliber von 120\/149 mm. Ab sofort auf unserer Website erh\u00e4ltlich!\" \/>\n<meta name=\"twitter:label1\" content=\"Gesch\u00e4tzte Lesezeit\" \/>\n\t<meta name=\"twitter:data1\" content=\"1\u00a0Minute\" \/>\n<script type=\"application\/ld+json\" class=\"yoast-schema-graph\">{\"@context\":\"https:\/\/schema.org\",\"@graph\":[{\"@type\":\"WebPage\",\"@id\":\"https:\/\/www.csj-emballages.com\/de\/produit\/schachtel-5-1-essiggurken-pasteurisiert-grose-120-149\/\",\"url\":\"https:\/\/www.csj-emballages.com\/de\/produit\/schachtel-5-1-essiggurken-pasteurisiert-grose-120-149\/\",\"name\":\"Pasteurisierte Essiggurken im Essig, Kaliber 120\/149, Dose 5\/1\",\"isPartOf\":{\"@id\":\"https:\/\/www.csj-emballages.com\/de\/#website\"},\"primaryImageOfPage\":{\"@id\":\"https:\/\/www.csj-emballages.com\/de\/produit\/schachtel-5-1-essiggurken-pasteurisiert-grose-120-149\/#primaryimage\"},\"image\":{\"@id\":\"https:\/\/www.csj-emballages.com\/de\/produit\/schachtel-5-1-essiggurken-pasteurisiert-grose-120-149\/#primaryimage\"},\"thumbnailUrl\":\"https:\/\/www.csj-emballages.com\/wp-content\/uploads\/2024\/11\/190018.webp\",\"datePublished\":\"2024-11-06T01:18:25+00:00\",\"dateModified\":\"2026-03-12T15:07:05+00:00\",\"description\":\"Pasteurisierte Essiggurken im Essig, Kaliber 120\/149, in Dose 5\/1. Knackig, gleichm\u00e4\u00dfig und ideal f\u00fcr Restaurants, Imbisse und Caterer.\",\"breadcrumb\":{\"@id\":\"https:\/\/www.csj-emballages.com\/de\/produit\/schachtel-5-1-essiggurken-pasteurisiert-grose-120-149\/#breadcrumb\"},\"inLanguage\":\"de\",\"potentialAction\":[{\"@type\":\"ReadAction\",\"target\":[\"https:\/\/www.csj-emballages.com\/de\/produit\/schachtel-5-1-essiggurken-pasteurisiert-grose-120-149\/\"]}]},{\"@type\":\"ImageObject\",\"inLanguage\":\"de\",\"@id\":\"https:\/\/www.csj-emballages.com\/de\/produit\/schachtel-5-1-essiggurken-pasteurisiert-grose-120-149\/#primaryimage\",\"url\":\"https:\/\/www.csj-emballages.com\/wp-content\/uploads\/2024\/11\/190018.webp\",\"contentUrl\":\"https:\/\/www.csj-emballages.com\/wp-content\/uploads\/2024\/11\/190018.webp\",\"width\":800,\"height\":800,\"caption\":\"Cornichons pasteuris\u00e9s\"},{\"@type\":\"BreadcrumbList\",\"@id\":\"https:\/\/www.csj-emballages.com\/de\/produit\/schachtel-5-1-essiggurken-pasteurisiert-grose-120-149\/#breadcrumb\",\"itemListElement\":[{\"@type\":\"ListItem\",\"position\":1,\"name\":\"Accueil\",\"item\":\"https:\/\/www.csj-emballages.com\/de\/universum-lebensmittelverpackungen\/\"},{\"@type\":\"ListItem\",\"position\":2,\"name\":\"Shop\",\"item\":\"https:\/\/www.csj-emballages.com\/shop\/\"},{\"@type\":\"ListItem\",\"position\":3,\"name\":\"Pasteurisierte Essiggurken Kaliber 120\/149 in 5\/1-Dose\"}]},{\"@type\":\"WebSite\",\"@id\":\"https:\/\/www.csj-emballages.com\/de\/#website\",\"url\":\"https:\/\/www.csj-emballages.com\/de\/\",\"name\":\"CSJ Emballages\",\"description\":\"\",\"publisher\":{\"@id\":\"https:\/\/www.csj-emballages.com\/de\/#organization\"},\"potentialAction\":[{\"@type\":\"SearchAction\",\"target\":{\"@type\":\"EntryPoint\",\"urlTemplate\":\"https:\/\/www.csj-emballages.com\/de\/?s={search_term_string}\"},\"query-input\":{\"@type\":\"PropertyValueSpecification\",\"valueRequired\":true,\"valueName\":\"search_term_string\"}}],\"inLanguage\":\"de\"},{\"@type\":\"Organization\",\"@id\":\"https:\/\/www.csj-emballages.com\/de\/#Organization\/\",\"name\":\"CSJ Emballages\",\"url\":\"https:\/\/www.csj-emballages.com\/de\/\",\"logo\":{\"@type\":\"ImageObject\",\"inLanguage\":\"de\",\"@id\":\"https:\/\/www.csj-emballages.com\/de\/#\/schema\/logo\/image\/\",\"url\":\"https:\/\/www.csj-emballages.com\/wp-content\/uploads\/2023\/10\/logo_csj.webp\",\"contentUrl\":\"https:\/\/www.csj-emballages.com\/wp-content\/uploads\/2023\/10\/logo_csj.webp\",\"width\":250,\"height\":95,\"caption\":\"CSJ Emballages\"},\"image\":{\"@id\":\"https:\/\/www.csj-emballages.com\/de\/#\/schema\/logo\/image\/\"},\"sameAs\":[\"https:\/\/www.facebook.com\/csjemballages\"],\"address\":{\"@type\":\"PostalAddress\",\"streetAddress\":\"ZI La Lechere\",\"addressLocality\":\"Patornay\",\"postalCode\":\"39130\",\"addressCountry\":\"FR\"},\"contactPoint\":[{\"@type\":\"ContactPoint\",\"contactType\":\"Service client\",\"telephone\":\"0384254272\",\"email\":\"contact@csj-emballages.com\"}]}]}<\/script>\n<!-- \/ Yoast SEO Premium plugin. -->","yoast_head_json":{"title":"Pasteurisierte Essiggurken im Essig, Kaliber 120\/149, Dose 5\/1","description":"Pasteurisierte Essiggurken im Essig, Kaliber 120\/149, in Dose 5\/1. Knackig, gleichm\u00e4\u00dfig und ideal f\u00fcr Restaurants, Imbisse und Caterer.","robots":{"index":"index","follow":"follow","max-snippet":"max-snippet:-1","max-image-preview":"max-image-preview:large","max-video-preview":"max-video-preview:-1"},"canonical":"https:\/\/www.csj-emballages.com\/de\/produit\/schachtel-5-1-essiggurken-pasteurisiert-grose-120-149\/","og_locale":"de_DE","og_type":"article","og_title":"Essiggurke Pasteurisiert - Dose 5\/1","og_description":"Entdecken Sie unsere Schachtel 5\/1 mit pasteurisierten Essiggurken. Diese Essiggurken haben ein Kaliber von 120\/149 mm. Ab sofort auf unserer Website erh\u00e4ltlich!","og_url":"https:\/\/www.csj-emballages.com\/de\/produit\/schachtel-5-1-essiggurken-pasteurisiert-grose-120-149\/","og_site_name":"CSJ Emballages","article_publisher":"https:\/\/www.facebook.com\/csjemballages","article_modified_time":"2026-03-12T15:07:05+00:00","og_image":[{"width":800,"height":800,"url":"https:\/\/www.csj-emballages.com\/wp-content\/uploads\/2024\/11\/190018.webp","type":"image\/webp"}],"twitter_card":"summary_large_image","twitter_title":"Essiggurke Pasteurisiert - Dose 5\/1","twitter_description":"Entdecken Sie unsere Schachtel 5\/1 mit pasteurisierten Essiggurken. Diese Essiggurken haben ein Kaliber von 120\/149 mm. Ab sofort auf unserer Website erh\u00e4ltlich!","twitter_misc":{"Gesch\u00e4tzte Lesezeit":"1\u00a0Minute"},"schema":{"@context":"https:\/\/schema.org","@graph":[{"@type":"WebPage","@id":"https:\/\/www.csj-emballages.com\/de\/produit\/schachtel-5-1-essiggurken-pasteurisiert-grose-120-149\/","url":"https:\/\/www.csj-emballages.com\/de\/produit\/schachtel-5-1-essiggurken-pasteurisiert-grose-120-149\/","name":"Pasteurisierte Essiggurken im Essig, Kaliber 120\/149, Dose 5\/1","isPartOf":{"@id":"https:\/\/www.csj-emballages.com\/de\/#website"},"primaryImageOfPage":{"@id":"https:\/\/www.csj-emballages.com\/de\/produit\/schachtel-5-1-essiggurken-pasteurisiert-grose-120-149\/#primaryimage"},"image":{"@id":"https:\/\/www.csj-emballages.com\/de\/produit\/schachtel-5-1-essiggurken-pasteurisiert-grose-120-149\/#primaryimage"},"thumbnailUrl":"https:\/\/www.csj-emballages.com\/wp-content\/uploads\/2024\/11\/190018.webp","datePublished":"2024-11-06T01:18:25+00:00","dateModified":"2026-03-12T15:07:05+00:00","description":"Pasteurisierte Essiggurken im Essig, Kaliber 120\/149, in Dose 5\/1. Knackig, gleichm\u00e4\u00dfig und ideal f\u00fcr Restaurants, Imbisse und Caterer.","breadcrumb":{"@id":"https:\/\/www.csj-emballages.com\/de\/produit\/schachtel-5-1-essiggurken-pasteurisiert-grose-120-149\/#breadcrumb"},"inLanguage":"de","potentialAction":[{"@type":"ReadAction","target":["https:\/\/www.csj-emballages.com\/de\/produit\/schachtel-5-1-essiggurken-pasteurisiert-grose-120-149\/"]}]},{"@type":"ImageObject","inLanguage":"de","@id":"https:\/\/www.csj-emballages.com\/de\/produit\/schachtel-5-1-essiggurken-pasteurisiert-grose-120-149\/#primaryimage","url":"https:\/\/www.csj-emballages.com\/wp-content\/uploads\/2024\/11\/190018.webp","contentUrl":"https:\/\/www.csj-emballages.com\/wp-content\/uploads\/2024\/11\/190018.webp","width":800,"height":800,"caption":"Cornichons pasteuris\u00e9s"},{"@type":"BreadcrumbList","@id":"https:\/\/www.csj-emballages.com\/de\/produit\/schachtel-5-1-essiggurken-pasteurisiert-grose-120-149\/#breadcrumb","itemListElement":[{"@type":"ListItem","position":1,"name":"Accueil","item":"https:\/\/www.csj-emballages.com\/de\/universum-lebensmittelverpackungen\/"},{"@type":"ListItem","position":2,"name":"Shop","item":"https:\/\/www.csj-emballages.com\/shop\/"},{"@type":"ListItem","position":3,"name":"Pasteurisierte Essiggurken Kaliber 120\/149 in 5\/1-Dose"}]},{"@type":"WebSite","@id":"https:\/\/www.csj-emballages.com\/de\/#website","url":"https:\/\/www.csj-emballages.com\/de\/","name":"CSJ Emballages","description":"","publisher":{"@id":"https:\/\/www.csj-emballages.com\/de\/#organization"},"potentialAction":[{"@type":"SearchAction","target":{"@type":"EntryPoint","urlTemplate":"https:\/\/www.csj-emballages.com\/de\/?s={search_term_string}"},"query-input":{"@type":"PropertyValueSpecification","valueRequired":true,"valueName":"search_term_string"}}],"inLanguage":"de"},{"@type":"Organization","@id":"https:\/\/www.csj-emballages.com\/de\/#Organization\/","name":"CSJ Emballages","url":"https:\/\/www.csj-emballages.com\/de\/","logo":{"@type":"ImageObject","inLanguage":"de","@id":"https:\/\/www.csj-emballages.com\/de\/#\/schema\/logo\/image\/","url":"https:\/\/www.csj-emballages.com\/wp-content\/uploads\/2023\/10\/logo_csj.webp","contentUrl":"https:\/\/www.csj-emballages.com\/wp-content\/uploads\/2023\/10\/logo_csj.webp","width":250,"height":95,"caption":"CSJ Emballages"},"image":{"@id":"https:\/\/www.csj-emballages.com\/de\/#\/schema\/logo\/image\/"},"sameAs":["https:\/\/www.facebook.com\/csjemballages"],"address":{"@type":"PostalAddress","streetAddress":"ZI La Lechere","addressLocality":"Patornay","postalCode":"39130","addressCountry":"FR"},"contactPoint":[{"@type":"ContactPoint","contactType":"Service client","telephone":"0384254272","email":"contact@csj-emballages.com"}]}]}},"df_price":11.78,"df_sale_price":"","df_regular_price":11.78,"df_image_link":"https:\/\/www.csj-emballages.com\/wp-content\/uploads\/2024\/11\/190018-300x300.webp","tiered_pricing_type":"fixed","tiered_pricing_fixed_rules":[],"tiered_pricing_percentage_rules":[],"tiered_pricing_minimum":1,"tiered_pricing_roles_data":[],"_links":{"self":[{"href":"https:\/\/www.csj-emballages.com\/de\/wp-json\/wp\/v2\/product\/159603","targetHints":{"allow":["GET"]}}],"collection":[{"href":"https:\/\/www.csj-emballages.com\/de\/wp-json\/wp\/v2\/product"}],"about":[{"href":"https:\/\/www.csj-emballages.com\/de\/wp-json\/wp\/v2\/types\/product"}],"wp:featuredmedia":[{"embeddable":true,"href":"https:\/\/www.csj-emballages.com\/de\/wp-json\/wp\/v2\/media\/260932"}],"wp:attachment":[{"href":"https:\/\/www.csj-emballages.com\/de\/wp-json\/wp\/v2\/media?parent=159603"}],"wp:term":[{"taxonomy":"product_brand","embeddable":true,"href":"https:\/\/www.csj-emballages.com\/de\/wp-json\/wp\/v2\/product_brand?post=159603"},{"taxonomy":"product_cat","embeddable":true,"href":"https:\/\/www.csj-emballages.com\/de\/wp-json\/wp\/v2\/product_cat?post=159603"},{"taxonomy":"product_tag","embeddable":true,"href":"https:\/\/www.csj-emballages.com\/de\/wp-json\/wp\/v2\/product_tag?post=159603"}],"curies":[{"name":"wp","href":"https:\/\/api.w.org\/{rel}","templated":true}]}}