{"id":159600,"date":"2024-11-06T02:18:28","date_gmt":"2024-11-06T01:18:28","guid":{"rendered":"https:\/\/www.csj-emballages.com\/?post_type=product&#038;p=159600"},"modified":"2026-03-12T16:08:59","modified_gmt":"2026-03-12T15:08:59","slug":"1-kg-fein-geriebene-kokosnuss","status":"publish","type":"product","link":"https:\/\/www.csj-emballages.com\/de\/produit\/1-kg-fein-geriebene-kokosnuss\/","title":{"rendered":"Kokosnuss fein gerieben in 1kg"},"content":{"rendered":"<h2>Kokosnussraspeln<\/h2>\n<hr>\n<h3><span style=\"font-weight: bold\">Entdecken Sie unsere feinen Kokosnussraspeln pro 1kg<\/span><\/h3>\n<p><!--more--><\/p>\n<p><strong>Feine Kokosraspeln<\/strong> sind ein Muss in der K\u00fcche. Sie wird in zahlreichen s\u00fc\u00dfen und herzhaften Rezepten verwendet. Sie sind in einem <strong>1-kg-Beutel<\/strong> erh\u00e4ltlich und eignen sich hervorragend f\u00fcr den privaten und professionellen Gebrauch. Mit ihrer leichten Textur und ihrem subtilen Geschmack werden diese <strong>Kokosraspeln<\/strong> Ihre Kreationen verfeinern. Dieses Produkt wird aus sorgf\u00e4ltig ausgew\u00e4hlten <strong>Kokosn\u00fcssen<\/strong> hergestellt. Durch die schonende Verarbeitung behalten sie alle ihre nat\u00fcrlichen Aromen. Dank ihres feinen Schnitts lassen sich die <strong>Kokosraspeln<\/strong> leicht in Ihre Zubereitungen integrieren. Ob f\u00fcr Geb\u00e4ck, exotische Gerichte oder Beilagen, sie ist ideal.       <\/p>\n<p>Sie k\u00f6nnen es zum Beispiel in Ihre Kuchen oder Muffins einarbeiten. Sie verleiht Ihren Desserts einen einzigartigen Geschmack. Au\u00dferdem kann sie zum \u00dcberziehen von Schokoladentr\u00fcffeln oder Energiekugeln verwendet werden. Ihre Vielseitigkeit macht sie zu einer beliebten Zutat f\u00fcr alle Hobbyk\u00f6che.   <\/p>\n<p>&nbsp;<\/p>\n<p><!--more--><\/p>\n<h3>Interessante Ern\u00e4hrungsvorteile<\/h3>\n<p><strong>Kokosnussraspeln<\/strong> sind reich an Ballaststoffen, Mineralstoffen und gesunden Fetten. Diese Elemente sind f\u00fcr eine ausgewogene Ern\u00e4hrung unerl\u00e4sslich. Wenn Sie dieses Produkt verzehren, profitieren Sie von einer nat\u00fcrlichen und nachhaltigen Energiezufuhr. Es ist eine hervorragende Option f\u00fcr gesunde und leckere Snacks.   <\/p>\n<p>Au\u00dferdem ist diese <strong>Kokosnuss<\/strong> frei von Zusatz- und Konservierungsstoffen. Sie ist zu 100 % nat\u00fcrlich, sodass Sie sie mit gutem Gewissen verzehren k\u00f6nnen. So k\u00f6nnen Sie Ihre Gerichte zubereiten, ohne Kompromisse bei der Qualit\u00e4t eingehen zu m\u00fcssen.  <\/p>\n<p>&nbsp;<\/p>\n<p><!--more--><\/p>\n<h3>Tipps f\u00fcr eine optimale Aufbewahrung<\/h3>\n<p>Um die Frische Ihrer <strong>Kokosnuss<\/strong> zu erhalten, sollten Sie sie an einem trockenen Ort aufbewahren. Sobald Sie die T\u00fcte ge\u00f6ffnet haben, sollten Sie sie in einen luftdichten Beh\u00e4lter umf\u00fcllen. So vermeiden Sie, dass die Kokosnuss Feuchtigkeit und Ger\u00fcchen von au\u00dfen ausgesetzt wird. Dieser Trick garantiert eine l\u00e4ngere Haltbarkeit und einen unverf\u00e4lschten Geschmack. So k\u00f6nnen Sie Ihre Kokosnuss w\u00e4hrend der gesamten Dauer Ihrer Rezepte genie\u00dfen.    <\/p>\n<p>Das <strong>1-kg-Format<\/strong> ist perfekt f\u00fcr den h\u00e4ufigen Gebrauch. Es eignet sich sowohl f\u00fcr Amateure als auch f\u00fcr Profis. Au\u00dferdem ist es aufgrund seines hervorragenden Preis-Leistungs-Verh\u00e4ltnisses eine clevere Wahl. Mit diesen <strong>Kokosraspeln<\/strong> ist Ihr Bedarf in der K\u00fcche mehr als gedeckt.   <\/p>\n<p>&nbsp;<\/p>\n<p><!--more--><\/p>\n<h4>Die Vorteile :<\/h4>\n<ul>\n<li><strong>Kulinarische Vielseitigkeit:<\/strong> Feine <strong>Kokosraspeln<\/strong> eignen sich f\u00fcr viele s\u00fc\u00dfe und herzhafte Rezepte.<\/li>\n<li><strong>Premium-Qualit\u00e4t:<\/strong> Hergestellt aus sorgf\u00e4ltig ausgew\u00e4hlten Kokosn\u00fcssen f\u00fcr einen nat\u00fcrlichen und authentischen Geschmack.<\/li>\n<li><strong>Praktisches Format:<\/strong> Der 1-kg-Beutel ist ideal f\u00fcr den regelm\u00e4\u00dfigen oder professionellen Gebrauch.<\/li>\n<li><strong>Einfache Verwendung:<\/strong> Die feine Textur l\u00e4sst sich leicht in alle Zubereitungen einarbeiten.<\/li>\n<\/ul>\n<p>&nbsp;<\/p>\n<p><!--more--><\/p>\n<h4>Weitere Informationen :<\/h4>\n<ul>\n<li><strong>Verpackung<\/strong>: 1kg<\/li>\n<li><b>Herkunft: <\/b>Indonesien<\/li>\n<\/ul>\n<p>&nbsp;<\/p>\n<p><!--more--><\/p>\n<h4>Zusammensetzung :<\/h4>\n<ul>\n<li><strong>Fett<\/strong>: 64,5 g \/ <strong>Energie<\/strong>: 660 kcal pro 100 g \/ <strong>ges\u00e4ttigte Fetts\u00e4uren<\/strong>: 57,2 g \/ <strong>Kohlenhydrate<\/strong>: 23,7 g \/ <strong>Eiwei\u00df<\/strong>: 6,9 g \/ <strong>Salz<\/strong>: 0,9 g \/ <strong>Zucker<\/strong>: 7,4 g<\/li>\n<\/ul>\n<div style=\"font-family: Roboto, sans-serif\"><\/div>\n<p><!--more--><\/p>\n<p><a href=\"https:\/\/www.csj-emballages.com\/de\/categorie-produit\/lebensmittel\/trockenfruechte\/\">Sehen Sie sich hier den Rest unseres Sortiments an Trockenfr\u00fcchten an.<\/a><\/p>\n","protected":false},"excerpt":{"rendered":"<p>Kokosnussraspeln Entdecken Sie unsere feinen Kokosnussraspeln pro 1kg<\/p>\n","protected":false},"featured_media":197242,"template":"","meta":{"_acf_changed":false},"product_brand":[],"product_cat":[1144,7623],"product_tag":[],"class_list":{"0":"post-159600","1":"product","2":"type-product","3":"status-publish","4":"has-post-thumbnail","6":"product_cat-lebensmittel","7":"product_cat-trockenfruechte","9":"first","10":"instock","11":"taxable","12":"shipping-taxable","13":"purchasable","14":"product-type-simple"},"acf":[],"yoast_head":"<!-- This site is optimized with the Yoast SEO Premium plugin v26.6 (Yoast SEO v26.6) - https:\/\/yoast.com\/wordpress\/plugins\/seo\/ -->\n<title>Fein geriebene Kokosnuss - 1kg<\/title>\n<meta name=\"description\" content=\"Entdecken Sie die feinen Kokosraspeln 1 kg, 100 % nat\u00fcrlich, ideal f\u00fcr Ihre s\u00fc\u00dfen und herzhaften Rezepte. Exotischer Geschmack, reich an Ballaststoffen und ohne Zusatzstoffe.\" \/>\n<meta name=\"robots\" content=\"index, follow, max-snippet:-1, max-image-preview:large, max-video-preview:-1\" \/>\n<link rel=\"canonical\" href=\"https:\/\/www.csj-emballages.com\/de\/produit\/1-kg-fein-geriebene-kokosnuss\/\" \/>\n<meta property=\"og:locale\" content=\"de_DE\" \/>\n<meta property=\"og:type\" content=\"article\" \/>\n<meta property=\"og:title\" content=\"Kokosnuss fein gerieben in 1kg\" \/>\n<meta property=\"og:description\" content=\"Entdecken Sie die feinen Kokosraspeln 1 kg, 100 % nat\u00fcrlich, ideal f\u00fcr Ihre s\u00fc\u00dfen und herzhaften Rezepte. Exotischer Geschmack, reich an Ballaststoffen und ohne Zusatzstoffe.\" \/>\n<meta property=\"og:url\" content=\"https:\/\/www.csj-emballages.com\/de\/produit\/1-kg-fein-geriebene-kokosnuss\/\" \/>\n<meta property=\"og:site_name\" content=\"CSJ Emballages\" \/>\n<meta property=\"article:publisher\" content=\"https:\/\/www.facebook.com\/csjemballages\" \/>\n<meta property=\"article:modified_time\" content=\"2026-03-12T15:08:59+00:00\" \/>\n<meta property=\"og:image\" content=\"https:\/\/www.csj-emballages.com\/wp-content\/uploads\/2024\/11\/Noix-de-coco.webp\" \/>\n\t<meta property=\"og:image:width\" content=\"800\" \/>\n\t<meta property=\"og:image:height\" content=\"800\" \/>\n\t<meta property=\"og:image:type\" content=\"image\/webp\" \/>\n<meta name=\"twitter:card\" content=\"summary_large_image\" \/>\n<meta name=\"twitter:label1\" content=\"Gesch\u00e4tzte Lesezeit\" \/>\n\t<meta name=\"twitter:data1\" content=\"2 Minuten\" \/>\n<script type=\"application\/ld+json\" class=\"yoast-schema-graph\">{\"@context\":\"https:\/\/schema.org\",\"@graph\":[{\"@type\":\"WebPage\",\"@id\":\"https:\/\/www.csj-emballages.com\/de\/produit\/1-kg-fein-geriebene-kokosnuss\/\",\"url\":\"https:\/\/www.csj-emballages.com\/de\/produit\/1-kg-fein-geriebene-kokosnuss\/\",\"name\":\"Fein geriebene Kokosnuss - 1kg\",\"isPartOf\":{\"@id\":\"https:\/\/www.csj-emballages.com\/de\/#website\"},\"primaryImageOfPage\":{\"@id\":\"https:\/\/www.csj-emballages.com\/de\/produit\/1-kg-fein-geriebene-kokosnuss\/#primaryimage\"},\"image\":{\"@id\":\"https:\/\/www.csj-emballages.com\/de\/produit\/1-kg-fein-geriebene-kokosnuss\/#primaryimage\"},\"thumbnailUrl\":\"https:\/\/www.csj-emballages.com\/wp-content\/uploads\/2024\/11\/Noix-de-coco.webp\",\"datePublished\":\"2024-11-06T01:18:28+00:00\",\"dateModified\":\"2026-03-12T15:08:59+00:00\",\"description\":\"Entdecken Sie die feinen Kokosraspeln 1 kg, 100 % nat\u00fcrlich, ideal f\u00fcr Ihre s\u00fc\u00dfen und herzhaften Rezepte. Exotischer Geschmack, reich an Ballaststoffen und ohne Zusatzstoffe.\",\"breadcrumb\":{\"@id\":\"https:\/\/www.csj-emballages.com\/de\/produit\/1-kg-fein-geriebene-kokosnuss\/#breadcrumb\"},\"inLanguage\":\"de\",\"potentialAction\":[{\"@type\":\"ReadAction\",\"target\":[\"https:\/\/www.csj-emballages.com\/de\/produit\/1-kg-fein-geriebene-kokosnuss\/\"]}]},{\"@type\":\"ImageObject\",\"inLanguage\":\"de\",\"@id\":\"https:\/\/www.csj-emballages.com\/de\/produit\/1-kg-fein-geriebene-kokosnuss\/#primaryimage\",\"url\":\"https:\/\/www.csj-emballages.com\/wp-content\/uploads\/2024\/11\/Noix-de-coco.webp\",\"contentUrl\":\"https:\/\/www.csj-emballages.com\/wp-content\/uploads\/2024\/11\/Noix-de-coco.webp\",\"width\":800,\"height\":800,\"caption\":\"noix de coco\"},{\"@type\":\"BreadcrumbList\",\"@id\":\"https:\/\/www.csj-emballages.com\/de\/produit\/1-kg-fein-geriebene-kokosnuss\/#breadcrumb\",\"itemListElement\":[{\"@type\":\"ListItem\",\"position\":1,\"name\":\"Accueil\",\"item\":\"https:\/\/www.csj-emballages.com\/de\/universum-lebensmittelverpackungen\/\"},{\"@type\":\"ListItem\",\"position\":2,\"name\":\"Shop\",\"item\":\"https:\/\/www.csj-emballages.com\/shop\/\"},{\"@type\":\"ListItem\",\"position\":3,\"name\":\"Kokosnuss fein gerieben in 1kg\"}]},{\"@type\":\"WebSite\",\"@id\":\"https:\/\/www.csj-emballages.com\/de\/#website\",\"url\":\"https:\/\/www.csj-emballages.com\/de\/\",\"name\":\"CSJ Emballages\",\"description\":\"\",\"publisher\":{\"@id\":\"https:\/\/www.csj-emballages.com\/de\/#organization\"},\"potentialAction\":[{\"@type\":\"SearchAction\",\"target\":{\"@type\":\"EntryPoint\",\"urlTemplate\":\"https:\/\/www.csj-emballages.com\/de\/?s={search_term_string}\"},\"query-input\":{\"@type\":\"PropertyValueSpecification\",\"valueRequired\":true,\"valueName\":\"search_term_string\"}}],\"inLanguage\":\"de\"},{\"@type\":\"Organization\",\"@id\":\"https:\/\/www.csj-emballages.com\/de\/#Organization\/\",\"name\":\"CSJ Emballages\",\"url\":\"https:\/\/www.csj-emballages.com\/de\/\",\"logo\":{\"@type\":\"ImageObject\",\"inLanguage\":\"de\",\"@id\":\"https:\/\/www.csj-emballages.com\/de\/#\/schema\/logo\/image\/\",\"url\":\"https:\/\/www.csj-emballages.com\/wp-content\/uploads\/2023\/10\/logo_csj.webp\",\"contentUrl\":\"https:\/\/www.csj-emballages.com\/wp-content\/uploads\/2023\/10\/logo_csj.webp\",\"width\":250,\"height\":95,\"caption\":\"CSJ Emballages\"},\"image\":{\"@id\":\"https:\/\/www.csj-emballages.com\/de\/#\/schema\/logo\/image\/\"},\"sameAs\":[\"https:\/\/www.facebook.com\/csjemballages\"],\"address\":{\"@type\":\"PostalAddress\",\"streetAddress\":\"ZI La Lechere\",\"addressLocality\":\"Patornay\",\"postalCode\":\"39130\",\"addressCountry\":\"FR\"},\"contactPoint\":[{\"@type\":\"ContactPoint\",\"contactType\":\"Service client\",\"telephone\":\"0384254272\",\"email\":\"contact@csj-emballages.com\"}]}]}<\/script>\n<!-- \/ Yoast SEO Premium plugin. -->","yoast_head_json":{"title":"Fein geriebene Kokosnuss - 1kg","description":"Entdecken Sie die feinen Kokosraspeln 1 kg, 100 % nat\u00fcrlich, ideal f\u00fcr Ihre s\u00fc\u00dfen und herzhaften Rezepte. Exotischer Geschmack, reich an Ballaststoffen und ohne Zusatzstoffe.","robots":{"index":"index","follow":"follow","max-snippet":"max-snippet:-1","max-image-preview":"max-image-preview:large","max-video-preview":"max-video-preview:-1"},"canonical":"https:\/\/www.csj-emballages.com\/de\/produit\/1-kg-fein-geriebene-kokosnuss\/","og_locale":"de_DE","og_type":"article","og_title":"Kokosnuss fein gerieben in 1kg","og_description":"Entdecken Sie die feinen Kokosraspeln 1 kg, 100 % nat\u00fcrlich, ideal f\u00fcr Ihre s\u00fc\u00dfen und herzhaften Rezepte. Exotischer Geschmack, reich an Ballaststoffen und ohne Zusatzstoffe.","og_url":"https:\/\/www.csj-emballages.com\/de\/produit\/1-kg-fein-geriebene-kokosnuss\/","og_site_name":"CSJ Emballages","article_publisher":"https:\/\/www.facebook.com\/csjemballages","article_modified_time":"2026-03-12T15:08:59+00:00","og_image":[{"width":800,"height":800,"url":"https:\/\/www.csj-emballages.com\/wp-content\/uploads\/2024\/11\/Noix-de-coco.webp","type":"image\/webp"}],"twitter_card":"summary_large_image","twitter_misc":{"Gesch\u00e4tzte Lesezeit":"2 Minuten"},"schema":{"@context":"https:\/\/schema.org","@graph":[{"@type":"WebPage","@id":"https:\/\/www.csj-emballages.com\/de\/produit\/1-kg-fein-geriebene-kokosnuss\/","url":"https:\/\/www.csj-emballages.com\/de\/produit\/1-kg-fein-geriebene-kokosnuss\/","name":"Fein geriebene Kokosnuss - 1kg","isPartOf":{"@id":"https:\/\/www.csj-emballages.com\/de\/#website"},"primaryImageOfPage":{"@id":"https:\/\/www.csj-emballages.com\/de\/produit\/1-kg-fein-geriebene-kokosnuss\/#primaryimage"},"image":{"@id":"https:\/\/www.csj-emballages.com\/de\/produit\/1-kg-fein-geriebene-kokosnuss\/#primaryimage"},"thumbnailUrl":"https:\/\/www.csj-emballages.com\/wp-content\/uploads\/2024\/11\/Noix-de-coco.webp","datePublished":"2024-11-06T01:18:28+00:00","dateModified":"2026-03-12T15:08:59+00:00","description":"Entdecken Sie die feinen Kokosraspeln 1 kg, 100 % nat\u00fcrlich, ideal f\u00fcr Ihre s\u00fc\u00dfen und herzhaften Rezepte. Exotischer Geschmack, reich an Ballaststoffen und ohne Zusatzstoffe.","breadcrumb":{"@id":"https:\/\/www.csj-emballages.com\/de\/produit\/1-kg-fein-geriebene-kokosnuss\/#breadcrumb"},"inLanguage":"de","potentialAction":[{"@type":"ReadAction","target":["https:\/\/www.csj-emballages.com\/de\/produit\/1-kg-fein-geriebene-kokosnuss\/"]}]},{"@type":"ImageObject","inLanguage":"de","@id":"https:\/\/www.csj-emballages.com\/de\/produit\/1-kg-fein-geriebene-kokosnuss\/#primaryimage","url":"https:\/\/www.csj-emballages.com\/wp-content\/uploads\/2024\/11\/Noix-de-coco.webp","contentUrl":"https:\/\/www.csj-emballages.com\/wp-content\/uploads\/2024\/11\/Noix-de-coco.webp","width":800,"height":800,"caption":"noix de coco"},{"@type":"BreadcrumbList","@id":"https:\/\/www.csj-emballages.com\/de\/produit\/1-kg-fein-geriebene-kokosnuss\/#breadcrumb","itemListElement":[{"@type":"ListItem","position":1,"name":"Accueil","item":"https:\/\/www.csj-emballages.com\/de\/universum-lebensmittelverpackungen\/"},{"@type":"ListItem","position":2,"name":"Shop","item":"https:\/\/www.csj-emballages.com\/shop\/"},{"@type":"ListItem","position":3,"name":"Kokosnuss fein gerieben in 1kg"}]},{"@type":"WebSite","@id":"https:\/\/www.csj-emballages.com\/de\/#website","url":"https:\/\/www.csj-emballages.com\/de\/","name":"CSJ Emballages","description":"","publisher":{"@id":"https:\/\/www.csj-emballages.com\/de\/#organization"},"potentialAction":[{"@type":"SearchAction","target":{"@type":"EntryPoint","urlTemplate":"https:\/\/www.csj-emballages.com\/de\/?s={search_term_string}"},"query-input":{"@type":"PropertyValueSpecification","valueRequired":true,"valueName":"search_term_string"}}],"inLanguage":"de"},{"@type":"Organization","@id":"https:\/\/www.csj-emballages.com\/de\/#Organization\/","name":"CSJ Emballages","url":"https:\/\/www.csj-emballages.com\/de\/","logo":{"@type":"ImageObject","inLanguage":"de","@id":"https:\/\/www.csj-emballages.com\/de\/#\/schema\/logo\/image\/","url":"https:\/\/www.csj-emballages.com\/wp-content\/uploads\/2023\/10\/logo_csj.webp","contentUrl":"https:\/\/www.csj-emballages.com\/wp-content\/uploads\/2023\/10\/logo_csj.webp","width":250,"height":95,"caption":"CSJ Emballages"},"image":{"@id":"https:\/\/www.csj-emballages.com\/de\/#\/schema\/logo\/image\/"},"sameAs":["https:\/\/www.facebook.com\/csjemballages"],"address":{"@type":"PostalAddress","streetAddress":"ZI La Lechere","addressLocality":"Patornay","postalCode":"39130","addressCountry":"FR"},"contactPoint":[{"@type":"ContactPoint","contactType":"Service client","telephone":"0384254272","email":"contact@csj-emballages.com"}]}]}},"df_price":6.42,"df_sale_price":"","df_regular_price":6.42,"df_image_link":"https:\/\/www.csj-emballages.com\/wp-content\/uploads\/2024\/11\/Noix-de-coco-300x300.webp","tiered_pricing_type":"fixed","tiered_pricing_fixed_rules":[],"tiered_pricing_percentage_rules":[],"tiered_pricing_minimum":1,"tiered_pricing_roles_data":[],"_links":{"self":[{"href":"https:\/\/www.csj-emballages.com\/de\/wp-json\/wp\/v2\/product\/159600","targetHints":{"allow":["GET"]}}],"collection":[{"href":"https:\/\/www.csj-emballages.com\/de\/wp-json\/wp\/v2\/product"}],"about":[{"href":"https:\/\/www.csj-emballages.com\/de\/wp-json\/wp\/v2\/types\/product"}],"wp:featuredmedia":[{"embeddable":true,"href":"https:\/\/www.csj-emballages.com\/de\/wp-json\/wp\/v2\/media\/197242"}],"wp:attachment":[{"href":"https:\/\/www.csj-emballages.com\/de\/wp-json\/wp\/v2\/media?parent=159600"}],"wp:term":[{"taxonomy":"product_brand","embeddable":true,"href":"https:\/\/www.csj-emballages.com\/de\/wp-json\/wp\/v2\/product_brand?post=159600"},{"taxonomy":"product_cat","embeddable":true,"href":"https:\/\/www.csj-emballages.com\/de\/wp-json\/wp\/v2\/product_cat?post=159600"},{"taxonomy":"product_tag","embeddable":true,"href":"https:\/\/www.csj-emballages.com\/de\/wp-json\/wp\/v2\/product_tag?post=159600"}],"curies":[{"name":"wp","href":"https:\/\/api.w.org\/{rel}","templated":true}]}}